{"id":1476,"date":"2025-03-27T15:59:57","date_gmt":"2025-03-27T07:59:57","guid":{"rendered":"https:\/\/www.cosmepak.com\/?post_type=product&#038;p=1476"},"modified":"2026-01-30T16:19:39","modified_gmt":"2026-01-30T08:19:39","slug":"perfume-bottle-15ml-small-capcity-perfume-bottle-jaunce","status":"publish","type":"product","link":"https:\/\/www.cosmepak.com\/tr\/product\/perfume-bottle-15ml-small-capcity-perfume-bottle-jaunce\/","title":{"rendered":"Parf\u00fcm \u015ei\u015fesi -15ml K\u00fc\u00e7\u00fck Kapkite Parf\u00fcm \u015ei\u015fesi\/ Jaunce"},"content":{"rendered":"<table style=\"border-collapse: collapse; width: 100%; height: 216px;\">\n<tbody>\n<tr style=\"height: 24px;\">\n<td style=\"width: 44.5017%; height: 24px; text-align: center;\">Kapasite<\/td>\n<td style=\"width: 55.4983%; height: 24px; text-align: center;\">\u00a015ml<\/td>\n<\/tr>\n<tr style=\"height: 24px;\">\n<td style=\"width: 44.5017%; height: 24px; text-align: center;\">Model<\/td>\n<td style=\"width: 55.4983%; height: 24px; text-align: center;\">JH-15<\/td>\n<\/tr>\n<tr style=\"height: 24px;\">\n<td style=\"width: 44.5017%; height: 24px; text-align: center;\">\u015ei\u015fe malzemesi<\/td>\n<td style=\"width: 55.4983%; height: 24px; text-align: center;\">Bardak<\/td>\n<\/tr>\n<tr style=\"height: 24px;\">\n<td style=\"width: 44.5017%; height: 24px; text-align: center;\">Kapak<\/td>\n<td style=\"width: 55.4983%; height: 24px; text-align: center;\">Alt\u0131n \/ Siyah \/ G\u00fcm\u00fc\u015f renk<\/td>\n<\/tr>\n<tr style=\"height: 24px;\">\n<td style=\"width: 44.5017%; height: 24px; text-align: center;\">Boyut<\/td>\n<td style=\"width: 55.4983%; height: 24px; text-align: center;\">23*126mm<\/td>\n<\/tr>\n<tr style=\"height: 24px;\">\n<td style=\"width: 44.5017%; height: 24px; text-align: center;\">A\u011f\u0131rl\u0131k<\/td>\n<td style=\"width: 55.4983%; height: 24px; text-align: center;\">60g<\/td>\n<\/tr>\n<tr style=\"height: 24px;\">\n<td style=\"width: 44.5017%; height: 24px; text-align: center;\">\u00d6zelle\u015ftirme<\/td>\n<td style=\"width: 55.4983%; height: 24px; text-align: center;\">Kabul etmek<\/td>\n<\/tr>\n<tr style=\"height: 24px;\">\n<td style=\"width: 44.5017%; height: 24px; text-align: center;\">Renk<\/td>\n<td style=\"width: 55.4983%; height: 24px; text-align: center;\">\u00d6zelle\u015ftirilmi\u015f<\/td>\n<\/tr>\n<tr style=\"height: 24px;\">\n<td style=\"width: 44.5017%; height: 24px; text-align: center;\">OEM ve ODM<\/td>\n<td style=\"width: 55.4983%; height: 24px; text-align: center;\">Kabul etmek<\/td>\n<\/tr>\n<\/tbody>\n<\/table>\n<p>Minimalizmin kas\u0131tl\u0131 l\u00fcksle kar\u015f\u0131la\u015ft\u0131\u011f\u0131 bir \u00e7a\u011fda, bu ta\u015f\u0131nabilir parf\u00fcm \u015fi\u015feleri d\u00fc\u015f\u00fcn\u00fclm\u00fc\u015f tasar\u0131m ve g\u00fcnl\u00fck incelemenin k\u00fc\u00e7\u00fck kan\u0131tlar\u0131 olarak duruyor.<\/p>\n<p>Bu, 23mm \u00e7ap\u0131 ve 126mm y\u00fcksekli\u011fi olan 15ml k\u00fc\u00e7\u00fck boyutlu ince bir parf\u00fcm \u015fi\u015fesidir. Herhangi bir \u00e7antaya yerle\u015ftirilebilir ve ta\u015f\u0131nmas\u0131 kolayd\u0131r. Bu \u015fi\u015fe iki stilde gelir: silindirik ve dikd\u00f6rtgen. Kal\u0131nla\u015fm\u0131\u015f alt tasar\u0131m\u0131 \u015fi\u015feyi daha dokulu g\u00f6r\u00fcnt\u00fclemeye neden olur. Di\u015fli \u015fi\u015fe a\u00e7\u0131l\u0131\u015f\u0131 doldurmak i\u00e7in uygundur ve yeniden kullan\u0131labilir.<\/p>\n<p>\u015eeffaf cam \u015fi\u015fe g\u00f6vdesi, kullan\u0131m durumunu a\u00e7\u0131k\u00e7a g\u00f6rmenizi sa\u011flar. Di\u015fli sprey enjeksiyon kal\u0131plama rengi ve elektro-al\u00fcminyum kaplama se\u00e7eneklerine sahiptir. Ayn\u0131 renkte bir d\u0131\u015f kapakla e\u015fle\u015ftirildi\u011finde, genel g\u00f6r\u00fcn\u00fcm uyumlu ve koordine edilir.<\/p>\n<p>Do\u011fal ah\u015fap \u015fi\u015fe kapaklar\u0131, se\u00e7meniz i\u00e7in s\u0131cak a\u00e7\u0131k me\u015fe renklerinde ve zengin ceviz renklerinde gelir. Her renk kendi benzersiz doku desenine sahiptir ve do\u011fal g\u00fczellik bir dokunu\u015fu ekler. Metal kapl\u0131 k\u00fc\u00e7\u00fck \u015fi\u015fe minimalist ve modern bir l\u00fcks deneyim sunar. E\u011fri ve p\u00fcr\u00fczs\u00fcz cam g\u00f6vdesi elinde son derece hafif hissederken, y\u00fcksek kaliteli metal kapaklar &#8211; mat siyah, cilal\u0131 g\u00fcm\u00fc\u015f ve s\u0131cak alt\u0131n &#8211; tatmin edici bir a\u011f\u0131rl\u0131k ekleyin, \u00fcr\u00fcn\u00fcn y\u00fcksek kalitesini vurgulay\u0131n.<\/p>\n<p class=\"ai-center-markdown-p\">Parf\u00fcm \u015fi\u015femizi neden se\u00e7melisiniz?<\/p>\n<p>1.S\u0131zd\u0131rmaz, karma\u015f\u0131ks\u0131z seyahat i\u00e7in hava ge\u00e7irmez m\u00fch\u00fcrler<\/p>\n<p>2. Tekrar kullan\u0131labilir &amp; At\u0131klar\u0131 azaltmak i\u00e7in yeniden doldurulabilir<\/p>\n<p>Ki\u015fisel tarz\u0131n\u0131za uymak i\u00e7in 3.Dual tasar\u0131m se\u00e7enekleri<\/p>\n<p>4. Kompakt 10ml boyutu - el bagaj\u0131 i\u00e7in onaylanm\u0131\u015ft\u0131r<\/p>\n<p>Ayr\u0131ca tek durakl\u0131 kozmetik ambalaj \u00e7\u00f6z\u00fcmlerini de destekliyoruz. renk \u00f6zel sa\u011flayabilece\u011fimiz \u015fi\u015feler i\u00e7in (herhangi bir pantone ren\u011fine g\u00f6re \u00fcretebiliriz), sanat-desgin \u00e7iziminize veya etiketleme hizmetinize g\u00f6re serigrafi. ayr\u0131ca paket kutusu vb. herhangi bir gereksinim sa\u011flaman\u0131za yard\u0131mc\u0131 olabilirse l\u00fctfen bize e-posta g\u00f6nderin, sizin i\u00e7in bir referans verebiliriz.<\/p>\n<p>Minimalist tasar\u0131m\u0131n g\u00fcnl\u00fck l\u00fcksle kar\u015f\u0131la\u015ft\u0131\u011f\u0131, en sevdi\u011finiz kokuyu toplant\u0131 odas\u0131ndan bruncha kadar ta\u015f\u0131mak i\u00e7in m\u00fckemmel olan ta\u015f\u0131nabilir parf\u00fcm \u015fi\u015feleri koleksiyonumuzla koku rutininizi y\u00fckseltin.<\/p>\n<p>&nbsp;<\/p>\n<p><img fetchpriority=\"high\" decoding=\"async\" class=\"alignnone wp-image-1483\" src=\"https:\/\/www.cosmepak.com\/wp-content\/uploads\/2025\/03\/O1CN01bOJLYM25jRr6vrORN_2778787562-0-cib.jpg\" alt=\"\" width=\"1378\" height=\"1378\" srcset=\"https:\/\/www.cosmepak.com\/wp-content\/uploads\/2025\/03\/O1CN01bOJLYM25jRr6vrORN_2778787562-0-cib.jpg 1000w, https:\/\/www.cosmepak.com\/wp-content\/uploads\/2025\/03\/O1CN01bOJLYM25jRr6vrORN_2778787562-0-cib-300x300.jpg 300w, https:\/\/www.cosmepak.com\/wp-content\/uploads\/2025\/03\/O1CN01bOJLYM25jRr6vrORN_2778787562-0-cib-150x150.jpg 150w, https:\/\/www.cosmepak.com\/wp-content\/uploads\/2025\/03\/O1CN01bOJLYM25jRr6vrORN_2778787562-0-cib-768x768.jpg 768w, https:\/\/www.cosmepak.com\/wp-content\/uploads\/2025\/03\/O1CN01bOJLYM25jRr6vrORN_2778787562-0-cib-600x600.jpg 600w, https:\/\/www.cosmepak.com\/wp-content\/uploads\/2025\/03\/O1CN01bOJLYM25jRr6vrORN_2778787562-0-cib-100x100.jpg 100w\" sizes=\"(max-width: 1378px) 100vw, 1378px\" \/><\/p>\n<table style=\"border-collapse: collapse; width: 100%;\">\n<tbody>\n<tr>\n<td style=\"width: 33.3333%;\"><img decoding=\"async\" class=\"alignnone size-full wp-image-3954\" src=\"https:\/\/www.cosmepak.com\/wp-content\/uploads\/2025\/03\/31-1.jpg\" alt=\"\" width=\"1000\" height=\"1000\" srcset=\"https:\/\/www.cosmepak.com\/wp-content\/uploads\/2025\/03\/31-1.jpg 1000w, https:\/\/www.cosmepak.com\/wp-content\/uploads\/2025\/03\/31-1-300x300.jpg 300w, https:\/\/www.cosmepak.com\/wp-content\/uploads\/2025\/03\/31-1-150x150.jpg 150w, https:\/\/www.cosmepak.com\/wp-content\/uploads\/2025\/03\/31-1-768x768.jpg 768w, https:\/\/www.cosmepak.com\/wp-content\/uploads\/2025\/03\/31-1-12x12.jpg 12w, https:\/\/www.cosmepak.com\/wp-content\/uploads\/2025\/03\/31-1-600x600.jpg 600w, https:\/\/www.cosmepak.com\/wp-content\/uploads\/2025\/03\/31-1-100x100.jpg 100w\" sizes=\"(max-width: 1000px) 100vw, 1000px\" \/><\/td>\n<td style=\"width: 33.3333%;\"><img decoding=\"async\" class=\"alignnone size-full wp-image-3953\" src=\"https:\/\/www.cosmepak.com\/wp-content\/uploads\/2025\/03\/21-1.jpg\" alt=\"\" width=\"1000\" height=\"1000\" srcset=\"https:\/\/www.cosmepak.com\/wp-content\/uploads\/2025\/03\/21-1.jpg 1000w, https:\/\/www.cosmepak.com\/wp-content\/uploads\/2025\/03\/21-1-300x300.jpg 300w, https:\/\/www.cosmepak.com\/wp-content\/uploads\/2025\/03\/21-1-150x150.jpg 150w, https:\/\/www.cosmepak.com\/wp-content\/uploads\/2025\/03\/21-1-768x768.jpg 768w, https:\/\/www.cosmepak.com\/wp-content\/uploads\/2025\/03\/21-1-12x12.jpg 12w, https:\/\/www.cosmepak.com\/wp-content\/uploads\/2025\/03\/21-1-600x600.jpg 600w, https:\/\/www.cosmepak.com\/wp-content\/uploads\/2025\/03\/21-1-100x100.jpg 100w\" sizes=\"(max-width: 1000px) 100vw, 1000px\" \/><\/td>\n<td style=\"width: 33.3333%;\"><img loading=\"lazy\" decoding=\"async\" class=\"alignnone size-full wp-image-3955\" src=\"https:\/\/www.cosmepak.com\/wp-content\/uploads\/2025\/03\/41-1.jpg\" alt=\"\" width=\"1000\" height=\"1000\" srcset=\"https:\/\/www.cosmepak.com\/wp-content\/uploads\/2025\/03\/41-1.jpg 1000w, https:\/\/www.cosmepak.com\/wp-content\/uploads\/2025\/03\/41-1-300x300.jpg 300w, https:\/\/www.cosmepak.com\/wp-content\/uploads\/2025\/03\/41-1-150x150.jpg 150w, https:\/\/www.cosmepak.com\/wp-content\/uploads\/2025\/03\/41-1-768x768.jpg 768w, https:\/\/www.cosmepak.com\/wp-content\/uploads\/2025\/03\/41-1-12x12.jpg 12w, https:\/\/www.cosmepak.com\/wp-content\/uploads\/2025\/03\/41-1-600x600.jpg 600w, https:\/\/www.cosmepak.com\/wp-content\/uploads\/2025\/03\/41-1-100x100.jpg 100w\" sizes=\"(max-width: 1000px) 100vw, 1000px\" \/><\/td>\n<\/tr>\n<\/tbody>\n<\/table>\n<p class=\"ai-center-markdown-p\">Daha fazla bilgi veya sat\u0131n almak i\u00e7in l\u00fctfen web sitemizi ziyaret edin veya m\u00fc\u015fteri hizmetleri ekibimizle ileti\u015fime ge\u00e7in.<\/p>\n<p>&nbsp;<\/p>\n<p class=\"ai-center-markdown-p\">","protected":false},"excerpt":{"rendered":"<p>\u015ei\u015fe Malzemesi: Cam<\/p>\n<p>Capcity: 15 ml<\/p>\n<p>Boyut: Uzunluk: OD: 23.1mm;<\/p>\n<p>Tek A\u011f\u0131rl\u0131k: 60g<\/p>\n<p>Renk: \u00d6zelle\u015ftirilmi\u015f<\/p>\n<p>Y\u00fczey Kaplama: Serip bask\u0131, buzlanma, s\u0131cak damgalama, sprey gradyan\u0131, mat kaplama vb.<\/p>\n<p>MOQ: 5000pcs;<\/p>\n<p>&nbsp;<\/p>","protected":false},"featured_media":1482,"comment_status":"closed","ping_status":"closed","template":"","meta":{"_acf_changed":false},"product_brand":[],"product_cat":[17],"product_tag":[],"class_list":{"0":"post-1476","1":"product","2":"type-product","3":"status-publish","4":"has-post-thumbnail","6":"product_cat-perfume-bottle","8":"first","9":"outofstock","10":"shipping-taxable","11":"product-type-simple"},"acf":[],"_links":{"self":[{"href":"https:\/\/www.cosmepak.com\/tr\/wp-json\/wp\/v2\/product\/1476","targetHints":{"allow":["GET"]}}],"collection":[{"href":"https:\/\/www.cosmepak.com\/tr\/wp-json\/wp\/v2\/product"}],"about":[{"href":"https:\/\/www.cosmepak.com\/tr\/wp-json\/wp\/v2\/types\/product"}],"replies":[{"embeddable":true,"href":"https:\/\/www.cosmepak.com\/tr\/wp-json\/wp\/v2\/comments?post=1476"}],"wp:featuredmedia":[{"embeddable":true,"href":"https:\/\/www.cosmepak.com\/tr\/wp-json\/wp\/v2\/media\/1482"}],"wp:attachment":[{"href":"https:\/\/www.cosmepak.com\/tr\/wp-json\/wp\/v2\/media?parent=1476"}],"wp:term":[{"taxonomy":"product_brand","embeddable":true,"href":"https:\/\/www.cosmepak.com\/tr\/wp-json\/wp\/v2\/product_brand?post=1476"},{"taxonomy":"product_cat","embeddable":true,"href":"https:\/\/www.cosmepak.com\/tr\/wp-json\/wp\/v2\/product_cat?post=1476"},{"taxonomy":"product_tag","embeddable":true,"href":"https:\/\/www.cosmepak.com\/tr\/wp-json\/wp\/v2\/product_tag?post=1476"}],"curies":[{"name":"wp","href":"https:\/\/api.w.org\/{rel}","templated":true}]}}