{"id":1481,"date":"2025-03-27T15:57:56","date_gmt":"2025-03-27T07:57:56","guid":{"rendered":"https:\/\/www.cosmepak.com\/?post_type=product&#038;p=1481"},"modified":"2025-10-29T09:30:24","modified_gmt":"2025-10-29T01:30:24","slug":"lip-gloss-tube-2025-new-high-end-lip-gloss-tube-jaunce","status":"publish","type":"product","link":"https:\/\/www.cosmepak.com\/tr\/product\/lip-gloss-tube-2025-new-high-end-lip-gloss-tube-jaunce\/","title":{"rendered":"Dudaklar Parlak T\u00fcp-2025 Yeni Y\u00fcksek S\u0131n\u0131rl\u0131 Dudaklar Parlak T\u00fcp \/ Jaunce"},"content":{"rendered":"<table style=\"border-collapse: collapse; width: 100%; height: 240px;\">\n<tbody>\n<tr style=\"height: 24px;\">\n<td style=\"width: 47.0382%; height: 24px; text-align: center;\">Marka<\/td>\n<td style=\"width: 52.9618%; height: 24px; text-align: center;\">\u00a0Fahi\u015fe<\/td>\n<\/tr>\n<tr style=\"height: 24px;\">\n<td style=\"width: 47.0382%; height: 24px; text-align: center;\">Kapasite<\/td>\n<td style=\"width: 52.9618%; height: 24px; text-align: center;\">A: ISO gibi sertifikalar isteyin. Kalitesi testi i\u015flemini kontrol edin.<\/td>\n<\/tr>\n<tr style=\"height: 24px;\">\n<td style=\"width: 47.0382%; height: 24px; text-align: center;\">Malzeme<\/td>\n<td style=\"width: 52.9618%; height: 24px; text-align: center;\">S2: T\u00fcm \u00fcr\u00fcnler i\u00e7in havas\u0131z pumetrps \u062c\u0631\u0627mood var m\u0131?<\/td>\n<\/tr>\n<tr style=\"height: 24px;\">\n<td style=\"width: 47.0382%; height: 24px; text-align: center;\">Boyut<\/td>\n<td style=\"width: 52.9618%; height: 24px; text-align: center;\">C: Kolayca bozan ser\u00fcmetrler veya kremler gibi hassas \u015feyler i\u00e7in en iyisidir.<\/td>\n<\/tr>\n<tr style=\"height: 24px;\">\n<td style=\"width: 47.0382%; height: 24px; text-align: center;\">A\u011f\u0131rl\u0131k<\/td>\n<td style=\"width: 52.9618%; height: 24px; text-align: center;\">S3: Smetrall \u00f6zelle\u015ftirilmi\u015f partileri sipari\u015f edebilir miyim?<\/td>\n<\/tr>\n<tr style=\"height: 24px;\">\n<td style=\"width: 47.0382%; height: 24px; text-align: center;\">Model<\/td>\n<td style=\"width: 52.9618%; height: 24px; text-align: center;\">A: Evet! Jaunce gibi tedarik\u00e7iler d\u00fc\u015f\u00fck sipari\u015fler sunmaktad\u0131r. Detaylar\u0131 sorun.<\/td>\n<\/tr>\n<tr style=\"height: 24px;\">\n<td style=\"width: 47.0382%; height: 24px; text-align: center;\">OEM ve ODM<\/td>\n<td style=\"width: 52.9618%; height: 24px; text-align: center;\">Kabul etmek<\/td>\n<\/tr>\n<tr style=\"height: 24px;\">\n<td style=\"width: 47.0382%; height: 24px; text-align: center;\">Renk<\/td>\n<td style=\"width: 52.9618%; height: 24px; text-align: center;\">\u00d6zelle\u015ftirilmi\u015f<\/td>\n<\/tr>\n<tr style=\"height: 24px;\">\n<td style=\"width: 47.0382%; height: 24px; text-align: center;\">Moq<\/td>\n<td style=\"width: 52.9618%; height: 24px; text-align: center;\">10000 pcs<\/td>\n<\/tr>\n<\/tbody>\n<\/table>\n<p class=\"ai-center-markdown-p\"><img fetchpriority=\"high\" decoding=\"async\" class=\"size-full wp-image-3173 aligncenter\" src=\"https:\/\/www.cosmepak.com\/wp-content\/uploads\/2025\/03\/\u8be6\u60c5-4-2.jpg\" alt=\"\" width=\"1000\" height=\"1000\" srcset=\"https:\/\/www.cosmepak.com\/wp-content\/uploads\/2025\/03\/\u8be6\u60c5-4-2.jpg 1000w, https:\/\/www.cosmepak.com\/wp-content\/uploads\/2025\/03\/\u8be6\u60c5-4-2-300x300.jpg 300w, https:\/\/www.cosmepak.com\/wp-content\/uploads\/2025\/03\/\u8be6\u60c5-4-2-150x150.jpg 150w, https:\/\/www.cosmepak.com\/wp-content\/uploads\/2025\/03\/\u8be6\u60c5-4-2-768x768.jpg 768w, https:\/\/www.cosmepak.com\/wp-content\/uploads\/2025\/03\/\u8be6\u60c5-4-2-12x12.jpg 12w, https:\/\/www.cosmepak.com\/wp-content\/uploads\/2025\/03\/\u8be6\u60c5-4-2-600x600.jpg 600w, https:\/\/www.cosmepak.com\/wp-content\/uploads\/2025\/03\/\u8be6\u60c5-4-2-100x100.jpg 100w\" sizes=\"(max-width: 1000px) 100vw, 1000px\" \/><\/p>\n<h3><strong><b>\u00d6zel Alumetrbusataum Kavanozlar <\/b><\/strong><\/h3>\n<p>Orgramanic veya fantezi kremametreler i\u00e7in, cam i\u00e7leri olan alumbosat kavanozlar\u0131 inan\u0131lmaz koruma ve stil verir. Al\u00fcminyum \u0131\u015f\u0131\u011f\u0131 engeller ve cam do\u011fal malzemeleri g\u00fcvende tutar. 30ml ila 100ml boyutlar\u0131nda gelirler ve s\u00fcper l\u00fcks hisseden s\u0131z\u0131k, metalik bir atmosfere sahiptir. Bu kavanozlar paslanmaz, bu y\u00fczden sonsuza dek s\u00fcrerler ve do\u011fal veya el yap\u0131m\u0131 hissleri itmekte olan markalar i\u00e7in m\u00fckemmel hale gelirler.<\/p>\n<h3><strong><b>Neden Bu Contabo\u015fars Rock<\/b><\/strong><\/h3>\n<ul>\n<li><strong>Marka<\/strong>En iyi kontabut\u00f6rler kreminizi tutmaktan daha fazla \u015fey yaparlar - daha de\u011ferli hale getirirler ve g\u00f6zleri yakalarlar. \u0130\u015fte bu y\u00fczden bu kadar haval\u0131.<\/li>\n<li><strong>Kapasite<\/strong>Her contabus\u0131er SGS ve ISO9001 \/ 14001 gibi zorlu kontrolleri ge\u00e7iyor, b\u00f6ylece sa\u011flam olduklar\u0131n\u0131 biliyorsunuz. Fabrikalar g\u00fcnde 200.000 cam birimi \u00fcreterek kalitesini istikrarl\u0131 tutar. Havas\u0131z \u015fi\u015feler veya akrilik kavanozlar se\u00e7erseniz de, ambalaj\u0131n\u0131z kremat\u00f6r\u00fcn\u00fcze zarar vermeden nakliye, depolama ve g\u00fcnl\u00fck kullan\u0131m\u0131 ba\u015farabilir.<\/li>\n<li><strong>Malzeme<\/strong>Markan\u0131za uygun olarak ayarlayabilece\u011finiz konteynerlerle d\u00fckkanlar\u0131 fark edin. E\u015fsiz bir g\u00f6r\u00fcn\u00fcm i\u00e7in parlak bitirmeler veya logramo ekleyin. Pumetrp ile Havas\u0131z \u015ei\u015fe, cesur, kal\u0131c\u0131 tasar\u0131mlar i\u00e7in serigrafi kullanman\u0131z\u0131 sa\u011flar. Asgari sipari\u015f kurallar\u0131 yok, k\u00fc\u00e7\u00fck markalar\u0131n bile b\u00fcy\u00fck harcamadan \u00f6zel \u015feyler alabilece\u011fi anlam\u0131na gelir.<\/li>\n<li><strong>A\u011f\u0131rl\u0131k<\/strong>Go\u0628\u0648\u0635\u0629\u062c\u0631\u0627\u0645 ye\u015fil b\u00fct\u00e7enize zarar vermek zorunda de\u011fildir. PCR metamateryalleri plastik at\u0131klar\u0131 azalt\u0131r ve maliyetleri d\u00fc\u015f\u00fcr\u00fcr. Fabrikalar tonlarca konteyner h\u0131zl\u0131 yap\u0131yor, bu da nakliyede tasarruf yap\u0131yor. Ayr\u0131ca, havas\u0131z pompalar gibi ak\u0131ll\u0131 tasar\u0131mlar, daha az kreman\u0131n israf edilmesi, m\u00fc\u015fterilere daha fazla de\u011fer vermesi ve markan\u0131za ba\u011fl\u0131 kalmalar\u0131 anlam\u0131na gelir.<\/li>\n<li><strong>Mutlu \u00f6zellikler<\/strong>K\u00fc\u00e7\u00fck detaylar \u00e7ok metratter. Kolay pompalar ve ti\u062c\u0631\u0627maht kapaklar\u0131 us\u0628\u0648\u0635\u062ag kremi bir r\u00fczgar yapar. Havas\u0131z teknoloji her damla kullan\u0131labilir demektir. \u0130ki duvarl\u0131 kavanozlar ve \u015fi\u015feler kreman\u0131z\u0131 m\u00fckemmel tutar. Bu avantajlar m\u00fc\u015fterileri mutlu eder, daha fazla sat\u0131n al\u0131r ve m\u00fcthi\u015f yorumlar b\u0131rak\u0131r.<\/li>\n<li><strong>Model<\/strong>Uzman ile Markan\u0131z\u0131 Yap\u0131n<\/li>\n<li><strong>Choos\u0628\u0648\u0635\u0629\u062c\u0631\u0627\u0645 kozmetik kreminiz i\u00e7in do\u011fru konteyner \u00e7ok b\u00fcy\u00fck bir anla\u015fmad\u0131r - \u00fcr\u00fcn\u00fcn\u00fcz\u00fc bir hit yapabilir. Zor form\u00fclleri taze tutan havas\u0131z \u015fi\u015felerden, \u015fa\u015f\u0131rt\u0131c\u0131 g\u00f6r\u00fcnen l\u00fcks akrilik kavanozlara kadar, ak\u0131ll\u0131 ambalajlar kreman\u0131z\u0131 korur ve markan\u0131z\u0131 pope yapar. Bu se\u00e7enekler serin teknoloji, d\u00fcnya dostu malzemeler ve m\u00fc\u015fterilerinizi heyecanland\u0131rmak i\u00e7in kendi tasar\u0131mlar\u0131n\u0131z\u0131 yapabilece\u011finiz tasar\u0131mlar\u0131 kullan\u0131r.<\/strong>Bir noktaya \u00e7\u0131kmaya haz\u0131r m\u0131s\u0131n? Uzman paketleme uzmanlar\u0131, tasar\u0131mlar\u0131 hayal etmekten \u00f6rnekleri test etmeye ve d\u00fcnya \u00e7ap\u0131nda nakliye etmeye kadar ba\u015flang\u0131\u00e7tan bitmeye kadar yard\u0131m sunmaktad\u0131r. Yeni bir krem piyasaya s\u00fcr\u00fcyorsan\u0131z veya b\u00fcy\u00fc\u00fcyorsan\u0131z, ambalaj\u0131n\u0131z\u0131 hedeflerinize uygun hale getireceklerdir.<\/li>\n<li><strong>www.cos\u0645\u062a\u0631epak.com<\/strong>or e\u0645\u062a\u0631ail<\/li>\n<li><strong>\u00fccretsiz ipu\u00e7lar\u0131 ve sametrples i\u00e7in. R\u00fcyan\u0131z\u0131n paketi sadece bir t\u0131klama uzakl\u0131ktad\u0131r!<\/strong>S: Kremam\u0131n contabusat\u0131 i\u00e7in ri\u062c\u0631\u0627maht materyalini nas\u0131l se\u00e7erim?<\/li>\n<li><strong>C: Kremametrinizin maddelerini ve markan\u0131z\u0131n nas\u0131l hissetmesini istedi\u011finizi kontrol edin. Cam veya al\u00fcminyum, tepki vermedikleri ve keskin g\u00f6r\u00fcnmedikleri i\u00e7in fantezi veya organik kremler i\u00e7in m\u00fckemmeldir. PET veya PP plastikler hafif ve ucuzdur. Kreman\u0131z hassas ise, havas\u0131z \u015fi\u015feler havay\u0131 d\u0131\u015far\u0131 tutar. Neyin \u00e7al\u0131\u015ft\u0131\u011f\u0131n\u0131 bulmak i\u00e7in \u00f6rnekleri deneyin.<\/strong>S: K\u00fc\u00e7\u00fck sipari\u015fler i\u00e7in m\u00fc\u015fteri alabilir miyim?<\/li>\n<li><strong>\u015eekil<\/strong>A: Evet! Bir\u00e7ok tedarik\u00e7i, k\u00fc\u00e7\u00fck markalar i\u00e7in bile, lo\u062c\u0631\u0627mos veya serin f\u0628\u0648\u0635ishes gibi \u00f6zel dokunu\u015flarla s\u0645\u062a\u0631all partileri sipari\u015f etmenize izin verir. B\u00fct\u00e7enize uygun se\u00e7enekler bulmak i\u00e7in ambalajlama uzmanlar\u0131yla konu\u015fun.<\/li>\n<li><strong>S: Neden havas\u0131z \u015fi\u015feler metri kremi i\u00e7in \u062c\u0631\u0627mood?<\/strong>A: Havas\u0131z \u015fi\u015feler havay\u0131 engellemek i\u00e7in bir vakum pompas\u0131 kullan\u0131r, kreminizi% 30'a kadar daha uzun s\u00fcrer ve hassas malzemeleri g\u00fcvende tutar. Do\u011fru miktarda verirler, kremay\u0131 tasarruf ederler ve \u015f\u0131k g\u00f6r\u00fcn\u00fcrler, bu da fantezi veya hassas \u00fcr\u00fcnler i\u00e7in m\u00fckemmeldir.<\/li>\n<li><strong>Kozmetik Kreminiz \u0130\u00e7in M\u00fckemmel Contapos\u0131 Nas\u0131l Se\u00e7irim?  - Jaunce end\u00fcstriyel<\/strong>plastik \u015fi\u015fe ile ilgili makaleler - Jaunce \u0628\u0648\u0633\u0629dustrial<\/li>\n<\/ul>\n<h3><strong><b>Kozmetik kreminiz i\u00e7in en iyi kap\u0131 se\u00e7mek sadece serin bir kavanoz veya \u015fi\u015fe bulmaktan ibaret de\u011fildir. Kreman\u0131z\u0131 g\u00fcvende tutmak, s\u00fcrekli hale getirmek ve markan\u0131z\u0131n ki\u015fili\u011fini g\u00f6stermekle ilgili. Ak\u0131ll\u0131 bir konteyner se\u00e7imi san-pham'\u0131n\u0131z\u0131 taze tutar ve dikkat \u00e7eker, ancak k\u00f6t\u00fc biri s\u0131z\u0131nt\u0131lara, bozulmaya veya sade bir g\u00f6r\u00fcnmeye neden olabilir. Bu k\u0131lavuz sizi dikkate alman\u0131z gerekenlerden dola\u015f\u0131r, t \u1eaf t baz\u0131 harika konteyner se\u00e7enekleri ve uzman ambalaj\u0131n kreman\u0131z\u0131 nas\u0131l parlatabilece\u011fini a\u00e7\u0131klar. Stil, fonksiyon ve \u00e7evre dostlu\u011funu kar\u0131\u015ft\u0131ran m\u00fcthi\u015f ambalaj i\u00e7in, kontrol edin<\/b><\/strong><\/h3>\n<p>Do\u011fru konteyneri bulmak, kreminizin ihtiya\u00e7lar\u0131n\u0131 ve markan\u0131z\u0131n atmosferini d\u00fc\u015f\u00fcnmek demektir. \u0130yi bir se\u00e7im, pratiklik, g\u00fczel g\u00f6r\u00fcn\u00fcm ve ye\u015fil se\u00e7imleri kar\u0131\u015ft\u0131r\u0131r ve san-pham'\u0131n\u0131z\u0131 \u00f6ne \u00e7\u0131kar\u0131r.<\/p>\n<p>Boyut ve kolayl\u0131k anahtard\u0131r<\/p>\n<p>Konteynerinizin boyutu insanlar\u0131n kremini nas\u0131l kulland\u0131\u011f\u0131n\u0131 ve ta\u015f\u0131d\u0131\u011f\u0131n\u0131 de\u011fi\u015ftirir. Her g\u00fcn kulland\u0131\u011f\u0131n\u0131z y\u00fcz kremleri i\u00e7in, 15ml ila 50ml boyutlar\u0131 \u00e7antaya atmak veya lavabonuzu tutmak i\u00e7in m\u00fckemmeldir. Daha b\u00fcy\u00fck 100ml olanlar v\u00fccut kremleri i\u00e7in \u00e7al\u0131\u015f\u0131r. Pompalar gibi kolay tasar\u0131mlar, do\u011fru miktar\u0131 verir ve karma\u015f\u0131kl\u0131ktan ka\u00e7\u0131n\u0131r.  G\u1ea5 p \u00e7ift duvarl\u0131 konteynerler sert ve y\u00fcksek kaliteli hisseder, kreminizi bir ton maliyet vermeden \u00f6zel g\u00f6r\u00fcn\u00fcr.<\/p>\n<p>M\u00fckemmel bir konteyner kreminizi muhte\u015fem g\u00f6r\u00fcn\u00fcr ve daha iyi \u00e7al\u0131\u015f\u0131r. \u0130\u015fte san-pham'\u0131n\u0131z\u0131 g\u00fcvende tutan ve markan\u0131z\u0131 art\u0131ran baz\u0131 en iyi se\u00e7enekler.<\/p>\n<p>Kreman\u0131z\u0131n hassas malzemeleri varsa, pompal\u0131 havas\u0131z \u015fi\u015fe tamamen bir m\u00fccevherdir. Vakum pompas\u0131 havan\u0131n girmesini engeller, bu y\u00fczden kreminiz s\u0131radan \u015fi\u015felerden% 30 daha uzun s\u00fcre taze kal\u0131r. Her pompa m\u00fckemmel miktar\u0131 verir, bu da kremay\u0131 tasarruf eder ve kullan\u0131m\u0131n\u0131 s\u00fcper kolayla\u015ft\u0131r\u0131r. 15ml ila 50ml boyutlar\u0131nda gelir ve markan\u0131z\u0131n logosunu serigrafi ile ekleyebilirsiniz. Modern, temiz g\u00f6r\u00fcn\u00fcm\u00fc fantezi san-phams'a uygundur ve havas\u0131z teknoloji kreminizi ba\u015ftan sonuna kadar iyi tutar.<\/p>\n<table style=\"border-collapse: collapse; width: 100%;\">\n<tbody>\n<tr>\n<td style=\"width: 33.3333%;\"><img decoding=\"async\" class=\"alignnone size-full wp-image-3174\" src=\"https:\/\/www.cosmepak.com\/wp-content\/uploads\/2025\/03\/\u8be6\u60c5-10-1.jpg\" alt=\"\" width=\"1000\" height=\"1000\" srcset=\"https:\/\/www.cosmepak.com\/wp-content\/uploads\/2025\/03\/\u8be6\u60c5-10-1.jpg 1000w, https:\/\/www.cosmepak.com\/wp-content\/uploads\/2025\/03\/\u8be6\u60c5-10-1-300x300.jpg 300w, https:\/\/www.cosmepak.com\/wp-content\/uploads\/2025\/03\/\u8be6\u60c5-10-1-150x150.jpg 150w, https:\/\/www.cosmepak.com\/wp-content\/uploads\/2025\/03\/\u8be6\u60c5-10-1-768x768.jpg 768w, https:\/\/www.cosmepak.com\/wp-content\/uploads\/2025\/03\/\u8be6\u60c5-10-1-12x12.jpg 12w, https:\/\/www.cosmepak.com\/wp-content\/uploads\/2025\/03\/\u8be6\u60c5-10-1-600x600.jpg 600w, https:\/\/www.cosmepak.com\/wp-content\/uploads\/2025\/03\/\u8be6\u60c5-10-1-100x100.jpg 100w\" sizes=\"(max-width: 1000px) 100vw, 1000px\" \/><\/td>\n<td style=\"width: 33.3333%;\"><img decoding=\"async\" class=\"alignnone size-full wp-image-3175\" src=\"https:\/\/www.cosmepak.com\/wp-content\/uploads\/2025\/03\/\u8be6\u60c5-12.jpg\" alt=\"\" width=\"1000\" height=\"1000\" srcset=\"https:\/\/www.cosmepak.com\/wp-content\/uploads\/2025\/03\/\u8be6\u60c5-12.jpg 1000w, https:\/\/www.cosmepak.com\/wp-content\/uploads\/2025\/03\/\u8be6\u60c5-12-300x300.jpg 300w, https:\/\/www.cosmepak.com\/wp-content\/uploads\/2025\/03\/\u8be6\u60c5-12-150x150.jpg 150w, https:\/\/www.cosmepak.com\/wp-content\/uploads\/2025\/03\/\u8be6\u60c5-12-768x768.jpg 768w, https:\/\/www.cosmepak.com\/wp-content\/uploads\/2025\/03\/\u8be6\u60c5-12-12x12.jpg 12w, https:\/\/www.cosmepak.com\/wp-content\/uploads\/2025\/03\/\u8be6\u60c5-12-600x600.jpg 600w, https:\/\/www.cosmepak.com\/wp-content\/uploads\/2025\/03\/\u8be6\u60c5-12-100x100.jpg 100w\" sizes=\"(max-width: 1000px) 100vw, 1000px\" \/><\/td>\n<td style=\"width: 33.3333%;\"><img loading=\"lazy\" decoding=\"async\" class=\"alignnone size-full wp-image-3176\" src=\"https:\/\/www.cosmepak.com\/wp-content\/uploads\/2025\/03\/\u8be6\u60c5-13-1.jpg\" alt=\"\" width=\"1000\" height=\"1000\" srcset=\"https:\/\/www.cosmepak.com\/wp-content\/uploads\/2025\/03\/\u8be6\u60c5-13-1.jpg 1000w, https:\/\/www.cosmepak.com\/wp-content\/uploads\/2025\/03\/\u8be6\u60c5-13-1-300x300.jpg 300w, https:\/\/www.cosmepak.com\/wp-content\/uploads\/2025\/03\/\u8be6\u60c5-13-1-150x150.jpg 150w, https:\/\/www.cosmepak.com\/wp-content\/uploads\/2025\/03\/\u8be6\u60c5-13-1-768x768.jpg 768w, https:\/\/www.cosmepak.com\/wp-content\/uploads\/2025\/03\/\u8be6\u60c5-13-1-12x12.jpg 12w, https:\/\/www.cosmepak.com\/wp-content\/uploads\/2025\/03\/\u8be6\u60c5-13-1-600x600.jpg 600w, https:\/\/www.cosmepak.com\/wp-content\/uploads\/2025\/03\/\u8be6\u60c5-13-1-100x100.jpg 100w\" sizes=\"(max-width: 1000px) 100vw, 1000px\" \/><\/td>\n<\/tr>\n<\/tbody>\n<\/table>\n<table style=\"border-collapse: collapse; width: 100%;\">\n<tbody>\n<tr>\n<td style=\"width: 100%;\"><img loading=\"lazy\" decoding=\"async\" class=\"alignnone wp-image-3177\" src=\"https:\/\/www.cosmepak.com\/wp-content\/uploads\/2025\/03\/\u4e3b\u56fe-5-2.jpg\" alt=\"\" width=\"1348\" height=\"1348\" srcset=\"https:\/\/www.cosmepak.com\/wp-content\/uploads\/2025\/03\/\u4e3b\u56fe-5-2.jpg 1000w, https:\/\/www.cosmepak.com\/wp-content\/uploads\/2025\/03\/\u4e3b\u56fe-5-2-300x300.jpg 300w, https:\/\/www.cosmepak.com\/wp-content\/uploads\/2025\/03\/\u4e3b\u56fe-5-2-150x150.jpg 150w, https:\/\/www.cosmepak.com\/wp-content\/uploads\/2025\/03\/\u4e3b\u56fe-5-2-768x768.jpg 768w, https:\/\/www.cosmepak.com\/wp-content\/uploads\/2025\/03\/\u4e3b\u56fe-5-2-12x12.jpg 12w, https:\/\/www.cosmepak.com\/wp-content\/uploads\/2025\/03\/\u4e3b\u56fe-5-2-600x600.jpg 600w, https:\/\/www.cosmepak.com\/wp-content\/uploads\/2025\/03\/\u4e3b\u56fe-5-2-100x100.jpg 100w\" sizes=\"(max-width: 1348px) 100vw, 1348px\" \/><\/td>\n<\/tr>\n<\/tbody>\n<\/table>","protected":false},"excerpt":{"rendered":"<p>Malzeme: ABS \/ AS<\/p>\n<p>Jaunce \u00d6zel Desikleri Destekliyor mu?<\/p>\n<p>\u0646\u0639\u0645! Jaunce, markalar\u0131n kim olduklar\u0131n\u0131 g\u00f6steren \u015fi\u015feler olu\u015fturmalar\u0131na yard\u0131mc\u0131 olur. Bir s\u00fcr\u00fc \u015fekil, renk ve f\u0628\u0648\u0635\u0627ishes sunuyorlar, \u00f6rne\u011fin metratte veya parlak. Krem i\u00e7in geni\u015f bir kavanoz laz\u0131m m\u0131? Ya da ya\u011flar i\u00e7in damlay\u0131c\u0131 olan k\u00fc\u00e7\u00fck bir \u015fi\u015fe mi? Jaunce, bir \u00e7izim i\u00e7in en sevdi\u011finiz renkleri se\u00e7mek gibi markan\u0131za m\u00fckemmel bir \u015fekilde uygun \u00f6zel se\u00e7eneklere sahiptir.<\/p>\n<p>S1: Bir tedarik\u00e7inin g\u00fcvenlik standartlar\u0131na uyup uymad\u0131\u011f\u0131n\u0131 nas\u0131l kontrol edebilirim?<\/p>\n<p>Renk: \u00d6zelle\u015ftirilmi\u015f Kabul (Mevcut Pantone Rengi)<\/p>\n<p>Y\u00fczey Kaplamas\u0131: Serip Bask\u0131, S\u0131cak Damgalama, Mat Kaplama, vb.<\/p>\n<p>MOQ: 10000 pcs<\/p>\n<p>\u00d6rnek: \u00dccretsiz \u00f6rnekler mevcut<\/p>\n<p>&nbsp;<\/p>\n<p>&nbsp;<\/p>","protected":false},"featured_media":3174,"comment_status":"closed","ping_status":"closed","template":"","meta":{"_acf_changed":false},"product_brand":[],"product_cat":[54,36],"product_tag":[39],"class_list":{"0":"post-1481","1":"product","2":"type-product","3":"status-publish","4":"has-post-thumbnail","6":"product_cat-lip-gloss-tube","7":"product_cat-makeup","8":"product_tag-makeup","10":"first","11":"outofstock","12":"shipping-taxable","13":"product-type-simple"},"acf":[],"_links":{"self":[{"href":"https:\/\/www.cosmepak.com\/tr\/wp-json\/wp\/v2\/product\/1481","targetHints":{"allow":["GET"]}}],"collection":[{"href":"https:\/\/www.cosmepak.com\/tr\/wp-json\/wp\/v2\/product"}],"about":[{"href":"https:\/\/www.cosmepak.com\/tr\/wp-json\/wp\/v2\/types\/product"}],"replies":[{"embeddable":true,"href":"https:\/\/www.cosmepak.com\/tr\/wp-json\/wp\/v2\/comments?post=1481"}],"wp:featuredmedia":[{"embeddable":true,"href":"https:\/\/www.cosmepak.com\/tr\/wp-json\/wp\/v2\/media\/3174"}],"wp:attachment":[{"href":"https:\/\/www.cosmepak.com\/tr\/wp-json\/wp\/v2\/media?parent=1481"}],"wp:term":[{"taxonomy":"product_brand","embeddable":true,"href":"https:\/\/www.cosmepak.com\/tr\/wp-json\/wp\/v2\/product_brand?post=1481"},{"taxonomy":"product_cat","embeddable":true,"href":"https:\/\/www.cosmepak.com\/tr\/wp-json\/wp\/v2\/product_cat?post=1481"},{"taxonomy":"product_tag","embeddable":true,"href":"https:\/\/www.cosmepak.com\/tr\/wp-json\/wp\/v2\/product_tag?post=1481"}],"curies":[{"name":"wp","href":"https:\/\/api.w.org\/{rel}","templated":true}]}}