{"id":1489,"date":"2025-03-27T16:16:02","date_gmt":"2025-03-27T08:16:02","guid":{"rendered":"https:\/\/www.cosmepak.com\/?post_type=product&#038;p=1489"},"modified":"2026-01-30T14:53:24","modified_gmt":"2026-01-30T06:53:24","slug":"30ml-50ml-100ml-black-color-perfume-bottle-with-ball-cap","status":"publish","type":"product","link":"https:\/\/www.cosmepak.com\/tr\/product\/30ml-50ml-100ml-black-color-perfume-bottle-with-ball-cap\/","title":{"rendered":"30ml 50ml 100ml siyah renkli parf\u00fcm \u015fi\u015fesi toplu kapakl\u0131"},"content":{"rendered":"<table style=\"border-collapse: collapse; width: 100%; height: 122px;\">\n<tbody>\n<tr style=\"height: 24px;\">\n<td style=\"width: 33.3333%; height: 122px;\" rowspan=\"4\"><img fetchpriority=\"high\" decoding=\"async\" class=\"alignnone size-full wp-image-3983\" src=\"https:\/\/www.cosmepak.com\/wp-content\/uploads\/2025\/03\/O1CN01YNc7oS2L5BA72uWLb_974269640-0-cib1.jpg\" alt=\"\" width=\"1000\" height=\"1000\" srcset=\"https:\/\/www.cosmepak.com\/wp-content\/uploads\/2025\/03\/O1CN01YNc7oS2L5BA72uWLb_974269640-0-cib1.jpg 1000w, https:\/\/www.cosmepak.com\/wp-content\/uploads\/2025\/03\/O1CN01YNc7oS2L5BA72uWLb_974269640-0-cib1-300x300.jpg 300w, https:\/\/www.cosmepak.com\/wp-content\/uploads\/2025\/03\/O1CN01YNc7oS2L5BA72uWLb_974269640-0-cib1-150x150.jpg 150w, https:\/\/www.cosmepak.com\/wp-content\/uploads\/2025\/03\/O1CN01YNc7oS2L5BA72uWLb_974269640-0-cib1-768x768.jpg 768w, https:\/\/www.cosmepak.com\/wp-content\/uploads\/2025\/03\/O1CN01YNc7oS2L5BA72uWLb_974269640-0-cib1-12x12.jpg 12w, https:\/\/www.cosmepak.com\/wp-content\/uploads\/2025\/03\/O1CN01YNc7oS2L5BA72uWLb_974269640-0-cib1-600x600.jpg 600w, https:\/\/www.cosmepak.com\/wp-content\/uploads\/2025\/03\/O1CN01YNc7oS2L5BA72uWLb_974269640-0-cib1-100x100.jpg 100w\" sizes=\"(max-width: 1000px) 100vw, 1000px\" \/><\/td>\n<td style=\"width: 29.4018%; height: 24px; text-align: center;\">Model<\/td>\n<td style=\"width: 37.2648%; height: 24px; text-align: center;\">JH-PHXHB4550 \/ JH-PHXHB5756 \/ JH-PHXBHC6866<\/td>\n<\/tr>\n<tr style=\"height: 24px;\">\n<td style=\"width: 29.4018%; height: 24px; text-align: center;\">Kapasite<\/td>\n<td style=\"width: 37.2648%; height: 24px; text-align: center;\">30ML \/ 50ML \/ 100ML<\/td>\n<\/tr>\n<tr style=\"height: 24px;\">\n<td style=\"width: 29.4018%; height: 24px; text-align: center;\">Malzeme<\/td>\n<td style=\"width: 37.2648%; height: 24px; text-align: center;\">Cam<\/td>\n<\/tr>\n<tr style=\"height: 24px;\">\n<td style=\"width: 29.4018%; height: 24px; text-align: center;\">A\u011f\u0131rl\u0131k<\/td>\n<td style=\"width: 37.2648%; height: 24px; text-align: center;\">81G \/ 132G \/ 202G<\/td>\n<\/tr>\n<\/tbody>\n<\/table>\n<table style=\"border-collapse: collapse; width: 100%; height: 96px;\">\n<tbody>\n<tr style=\"height: 24px;\">\n<td style=\"width: 16.6667%; text-align: center; height: 24px;\"><strong>Kapasite<\/strong><\/td>\n<td style=\"width: 16.6667%; text-align: center; height: 24px;\"><strong>Boyun boyutu<\/strong><\/td>\n<td style=\"width: 16.6667%; text-align: center; height: 24px;\"><strong>\u00c7ap<\/strong><\/td>\n<td style=\"width: 16.6667%; text-align: center; height: 24px;\"><strong>Omuz y\u00fcksekli\u011fi<\/strong><\/td>\n<td style=\"width: 16.6667%; text-align: center; height: 24px;\"><strong>Toplam y\u00fckseklik<\/strong><\/td>\n<td style=\"width: 16.6667%; text-align: center; height: 24px;\"><strong>A\u011f\u0131rl\u0131k<\/strong><\/td>\n<\/tr>\n<tr style=\"height: 24px;\">\n<td style=\"width: 16.6667%; text-align: center; height: 24px;\">30ml<\/td>\n<td style=\"width: 16.6667%; text-align: center; height: 24px;\">15 mm'lik<\/td>\n<td style=\"width: 16.6667%; text-align: center; height: 24px;\">50.5mm<\/td>\n<td style=\"width: 16.6667%; text-align: center; height: 24px;\">38mm<\/td>\n<td style=\"width: 16.6667%; text-align: center; height: 24px;\">71.5mm<\/td>\n<td style=\"width: 16.6667%; text-align: center; height: 24px;\">81g<\/td>\n<\/tr>\n<tr style=\"height: 24px;\">\n<td style=\"width: 16.6667%; text-align: center; height: 24px;\">50ml<\/td>\n<td style=\"width: 16.6667%; text-align: center; height: 24px;\">15 mm'lik<\/td>\n<td style=\"width: 16.6667%; text-align: center; height: 24px;\">55.5mm<\/td>\n<td style=\"width: 16.6667%; text-align: center; height: 24px;\">51mm<\/td>\n<td style=\"width: 16.6667%; text-align: center; height: 24px;\">81.5mm<\/td>\n<td style=\"width: 16.6667%; text-align: center; height: 24px;\">132 gr<\/td>\n<\/tr>\n<tr style=\"height: 24px;\">\n<td style=\"width: 16.6667%; text-align: center; height: 24px;\">100ml<\/td>\n<td style=\"width: 16.6667%; text-align: center; height: 24px;\">15 mm'lik<\/td>\n<td style=\"width: 16.6667%; text-align: center; height: 24px;\">Biraz veya hi\u00e7bir koruyucu olan do\u011fal formetrulalar ekstra bak\u0131m gerektirir. Kavanozlar g\u00fcvenli de\u011fildir \u00e7\u00fcnk\u00fc a\u00e7\u0131ld\u0131ktan sonra b\u00f6sa \u062c\u0631\u0627\u0645erms'e izin verirler. Vakum \u015fi\u015feleri temiz, kapal\u0131 bir sistem olu\u015fturur. Bu, ekstra kimyasallara ihtiya\u00e7 duymadan \u00fcr\u00fcn\u00fcn\u00fcz\u00fc korur. Do\u011fal form\u00fclleri olan cilt bak\u0131m markalar\u0131 bu nedenle Jaunce\u2019in vakum pompalar\u0131n\u0131 seviyor.<\/td>\n<td style=\"width: 16.6667%; text-align: center; height: 24px;\">60 mm<\/td>\n<td style=\"width: 16.6667%; text-align: center; height: 24px;\">104 mm<\/td>\n<td style=\"width: 16.6667%; text-align: center; height: 24px;\">202 g<\/td>\n<\/tr>\n<\/tbody>\n<\/table>\n<p>G\u00fczel bir siyah parf\u00fcm \u015fi\u015fesi. \u015ei\u015fe d\u00fcz silindirik bir \u015fekille sahiptir, d\u00fcz omuz ve d\u00fcz taban tasar\u0131m\u0131 ile. Genel g\u00f6r\u00fcn\u00fcm p\u00fcr\u00fczs\u00fcz ve zarif. \u015ei\u015fenin y\u00fczeyi mat siyah boya ile kaplanm\u0131\u015f ve d\u00fc\u015f\u00fck tu\u015flu ve zarif bir doku sunmaktad\u0131r. Parlak bir y\u00fczeyin sertli\u011fini \u00f6nler ve ayr\u0131ca m\u00fckemmel kayma kar\u015f\u0131t\u0131 \u00f6zellikler sa\u011flar. \u015ei\u015fenin omuzunda, \u015fi\u015fenin a\u011fz\u0131na kadar uzanan m\u00fckemmel etnik tarz desenleri var, genel tasar\u0131ma benzersiz bir k\u00fclt\u00fcrel cazibe ekler ve \u015fi\u015feyi kendi yolunda \u00f6ne \u00e7\u0131kar\u0131r.<\/p>\n<p>Bu parf\u00fcm \u015fi\u015fesinin \u015fi\u015fe a\u00e7\u0131l\u0131\u015f\u0131, elektrokapl\u0131 al\u00fcminyum sprey ve siyah k\u00fcresel bir kapakla birle\u015ftirilmi\u015f bir snap-on tasar\u0131m\u0131n\u0131 benimser. Genel etki, uyumlu ve l\u00fcks bir kontrast yarat\u0131r ve m\u00fckemmel bir \u015fekilde d\u00fc\u015f\u00fck anahtarl\u0131 ama l\u00fcks bir tarz\u0131 temsil eder. Parf\u00fcm \u015fi\u015femiz \u00fc\u00e7 kapasitede gelir: 30ml, 50ml ve 100ml, bu da farkl\u0131 f\u0131rsatlar\u0131n ihtiya\u00e7lar\u0131n\u0131 tam olarak kar\u015f\u0131layabilir. Markan\u0131z i\u00e7in uygulanabilir bir model olmal\u0131d\u0131r.<\/p>\n<p>Bo\u015f y\u00fczl\u00fc siyah \u015fi\u015fenin, alt\u0131n sprey ve sevimli parlak yuvarlak kapakla birle\u015ftirildi\u011fi gibi, boynunda bir beyefendi gibi alt\u0131n bir y\u00fcz\u00fck var.<\/p>\n<p>Tabii ki, \u015fi\u015fe tasar\u0131m\u0131 sadece resimde g\u00f6sterildi\u011fi gibi gizemli mat siyahta de\u011fil, ayn\u0131 zamanda mat beyazda ve \u00e7e\u015fitli renkli mat y\u00fczeylerde se\u00e7ilebilir. Alternatif olarak, parlak ve renkli yar\u0131 \u015feffaf renklerde de boyanabilir. Farkl\u0131 renkler farkl\u0131 aksesuarlarla e\u015fle\u015ftirilebilir ve farkl\u0131 bir duygu yaratabilir.<\/p>\n<p>Ve bu \u015fi\u015feler m\u00fckemmel bir atomizasyon etkisi olan bas\u0131n\u00e7l\u0131 bir p\u00fcsk\u00fcrt\u00fcc\u00fc ile donat\u0131lm\u0131\u015ft\u0131r. Bas\u0131ld\u0131\u011f\u0131nda, parf\u00fcm ince ve \u00fcniform bir sis i\u00e7inde p\u00fcsk\u00fcrt\u00fclecek ve kokunun cilde e\u015fit bir \u015fekilde yay\u0131lmas\u0131na izin verir. Sprayerin basma hissi p\u00fcr\u00fczs\u00fczd\u00fcr ve s\u0131v\u0131 \u00e7\u0131k\u0131\u015f\u0131 istikrarl\u0131d\u0131r.<\/p>\n<table style=\"border-collapse: collapse; width: 100%;\">\n<tbody>\n<tr>\n<td style=\"width: 33.3333%;\"><img decoding=\"async\" class=\"alignnone size-full wp-image-3984\" src=\"https:\/\/www.cosmepak.com\/wp-content\/uploads\/2025\/03\/7-12.jpg\" alt=\"\" width=\"1000\" height=\"1000\" srcset=\"https:\/\/www.cosmepak.com\/wp-content\/uploads\/2025\/03\/7-12.jpg 1000w, https:\/\/www.cosmepak.com\/wp-content\/uploads\/2025\/03\/7-12-300x300.jpg 300w, https:\/\/www.cosmepak.com\/wp-content\/uploads\/2025\/03\/7-12-150x150.jpg 150w, https:\/\/www.cosmepak.com\/wp-content\/uploads\/2025\/03\/7-12-768x768.jpg 768w, https:\/\/www.cosmepak.com\/wp-content\/uploads\/2025\/03\/7-12-12x12.jpg 12w, https:\/\/www.cosmepak.com\/wp-content\/uploads\/2025\/03\/7-12-600x600.jpg 600w, https:\/\/www.cosmepak.com\/wp-content\/uploads\/2025\/03\/7-12-100x100.jpg 100w\" sizes=\"(max-width: 1000px) 100vw, 1000px\" \/><\/td>\n<td style=\"width: 33.3333%;\"><img decoding=\"async\" class=\"alignnone size-full wp-image-3985\" src=\"https:\/\/www.cosmepak.com\/wp-content\/uploads\/2025\/03\/8-11.jpg\" alt=\"\" width=\"1000\" height=\"1000\" srcset=\"https:\/\/www.cosmepak.com\/wp-content\/uploads\/2025\/03\/8-11.jpg 1000w, https:\/\/www.cosmepak.com\/wp-content\/uploads\/2025\/03\/8-11-300x300.jpg 300w, https:\/\/www.cosmepak.com\/wp-content\/uploads\/2025\/03\/8-11-150x150.jpg 150w, https:\/\/www.cosmepak.com\/wp-content\/uploads\/2025\/03\/8-11-768x768.jpg 768w, https:\/\/www.cosmepak.com\/wp-content\/uploads\/2025\/03\/8-11-12x12.jpg 12w, https:\/\/www.cosmepak.com\/wp-content\/uploads\/2025\/03\/8-11-600x600.jpg 600w, https:\/\/www.cosmepak.com\/wp-content\/uploads\/2025\/03\/8-11-100x100.jpg 100w\" sizes=\"(max-width: 1000px) 100vw, 1000px\" \/><\/td>\n<td style=\"width: 33.3333%;\"><img loading=\"lazy\" decoding=\"async\" class=\"alignnone size-full wp-image-3986\" src=\"https:\/\/www.cosmepak.com\/wp-content\/uploads\/2025\/03\/9-5.jpg\" alt=\"\" width=\"1000\" height=\"1000\" srcset=\"https:\/\/www.cosmepak.com\/wp-content\/uploads\/2025\/03\/9-5.jpg 1000w, https:\/\/www.cosmepak.com\/wp-content\/uploads\/2025\/03\/9-5-300x300.jpg 300w, https:\/\/www.cosmepak.com\/wp-content\/uploads\/2025\/03\/9-5-150x150.jpg 150w, https:\/\/www.cosmepak.com\/wp-content\/uploads\/2025\/03\/9-5-768x768.jpg 768w, https:\/\/www.cosmepak.com\/wp-content\/uploads\/2025\/03\/9-5-12x12.jpg 12w, https:\/\/www.cosmepak.com\/wp-content\/uploads\/2025\/03\/9-5-600x600.jpg 600w, https:\/\/www.cosmepak.com\/wp-content\/uploads\/2025\/03\/9-5-100x100.jpg 100w\" sizes=\"(max-width: 1000px) 100vw, 1000px\" \/><\/td>\n<\/tr>\n<\/tbody>\n<\/table>\n<table style=\"border-collapse: collapse; width: 100%;\">\n<tbody>\n<tr>\n<td style=\"width: 50%;\"><img loading=\"lazy\" decoding=\"async\" class=\"alignnone size-full wp-image-3987\" src=\"https:\/\/www.cosmepak.com\/wp-content\/uploads\/2025\/03\/5-9.jpg\" alt=\"\" width=\"1000\" height=\"1000\" srcset=\"https:\/\/www.cosmepak.com\/wp-content\/uploads\/2025\/03\/5-9.jpg 1000w, https:\/\/www.cosmepak.com\/wp-content\/uploads\/2025\/03\/5-9-300x300.jpg 300w, https:\/\/www.cosmepak.com\/wp-content\/uploads\/2025\/03\/5-9-150x150.jpg 150w, https:\/\/www.cosmepak.com\/wp-content\/uploads\/2025\/03\/5-9-768x768.jpg 768w, https:\/\/www.cosmepak.com\/wp-content\/uploads\/2025\/03\/5-9-12x12.jpg 12w, https:\/\/www.cosmepak.com\/wp-content\/uploads\/2025\/03\/5-9-600x600.jpg 600w, https:\/\/www.cosmepak.com\/wp-content\/uploads\/2025\/03\/5-9-100x100.jpg 100w\" sizes=\"(max-width: 1000px) 100vw, 1000px\" \/><\/td>\n<td style=\"width: 50%;\"><img loading=\"lazy\" decoding=\"async\" class=\"alignnone size-full wp-image-3988\" src=\"https:\/\/www.cosmepak.com\/wp-content\/uploads\/2025\/03\/1-21.jpg\" alt=\"\" width=\"1000\" height=\"1000\" srcset=\"https:\/\/www.cosmepak.com\/wp-content\/uploads\/2025\/03\/1-21.jpg 1000w, https:\/\/www.cosmepak.com\/wp-content\/uploads\/2025\/03\/1-21-300x300.jpg 300w, https:\/\/www.cosmepak.com\/wp-content\/uploads\/2025\/03\/1-21-150x150.jpg 150w, https:\/\/www.cosmepak.com\/wp-content\/uploads\/2025\/03\/1-21-768x768.jpg 768w, https:\/\/www.cosmepak.com\/wp-content\/uploads\/2025\/03\/1-21-12x12.jpg 12w, https:\/\/www.cosmepak.com\/wp-content\/uploads\/2025\/03\/1-21-600x600.jpg 600w, https:\/\/www.cosmepak.com\/wp-content\/uploads\/2025\/03\/1-21-100x100.jpg 100w\" sizes=\"(max-width: 1000px) 100vw, 1000px\" \/><\/td>\n<\/tr>\n<\/tbody>\n<\/table>","protected":false},"excerpt":{"rendered":"<p>\u015ei\u015fe Malzemesi: Cam<\/p>\n<p>Capcity: 30ml<\/p>\n<p>Renk: \u00d6zelle\u015ftirilmi\u015f<\/p>\n<p>Y\u00fczey Kaplama: Serip bask\u0131, buzlanma, s\u0131cak damgalama, sprey gradyan\u0131, mat kaplama vb.<\/p>\n<p>MOQ: 5000pcs;<\/p>\n<p>&nbsp;<\/p>","protected":false},"featured_media":3989,"comment_status":"closed","ping_status":"closed","template":"","meta":{"_acf_changed":false},"product_brand":[],"product_cat":[17],"product_tag":[],"class_list":{"0":"post-1489","1":"product","2":"type-product","3":"status-publish","4":"has-post-thumbnail","6":"product_cat-perfume-bottle","8":"first","9":"outofstock","10":"shipping-taxable","11":"product-type-simple"},"acf":[],"_links":{"self":[{"href":"https:\/\/www.cosmepak.com\/tr\/wp-json\/wp\/v2\/product\/1489","targetHints":{"allow":["GET"]}}],"collection":[{"href":"https:\/\/www.cosmepak.com\/tr\/wp-json\/wp\/v2\/product"}],"about":[{"href":"https:\/\/www.cosmepak.com\/tr\/wp-json\/wp\/v2\/types\/product"}],"replies":[{"embeddable":true,"href":"https:\/\/www.cosmepak.com\/tr\/wp-json\/wp\/v2\/comments?post=1489"}],"wp:featuredmedia":[{"embeddable":true,"href":"https:\/\/www.cosmepak.com\/tr\/wp-json\/wp\/v2\/media\/3989"}],"wp:attachment":[{"href":"https:\/\/www.cosmepak.com\/tr\/wp-json\/wp\/v2\/media?parent=1489"}],"wp:term":[{"taxonomy":"product_brand","embeddable":true,"href":"https:\/\/www.cosmepak.com\/tr\/wp-json\/wp\/v2\/product_brand?post=1489"},{"taxonomy":"product_cat","embeddable":true,"href":"https:\/\/www.cosmepak.com\/tr\/wp-json\/wp\/v2\/product_cat?post=1489"},{"taxonomy":"product_tag","embeddable":true,"href":"https:\/\/www.cosmepak.com\/tr\/wp-json\/wp\/v2\/product_tag?post=1489"}],"curies":[{"name":"wp","href":"https:\/\/api.w.org\/{rel}","templated":true}]}}