{"id":1496,"date":"2025-03-27T16:19:39","date_gmt":"2025-03-27T08:19:39","guid":{"rendered":"https:\/\/www.cosmepak.com\/?post_type=product&#038;p=1496"},"modified":"2026-04-23T14:30:13","modified_gmt":"2026-04-23T06:30:13","slug":"perfume-bottle-50ml-cylinder-shape-perfume-bottle-jaunce","status":"publish","type":"product","link":"https:\/\/www.cosmepak.com\/tr\/product\/perfume-bottle-50ml-cylinder-shape-perfume-bottle-jaunce\/","title":{"rendered":"Parf\u00fcm \u015ei\u015fesi -50ml Silindir \u015eekli Parf\u00fcm \u015ei\u015fesi\/ Jaunce"},"content":{"rendered":"<p><img fetchpriority=\"high\" decoding=\"async\" class=\"alignnone wp-image-1490\" src=\"https:\/\/www.cosmepak.com\/wp-content\/uploads\/2025\/03\/O1CN01avbEkm29TesZczGiO_2213179168069-0-cib.jpg\" alt=\"Parf\u00fcm \u015fi\u015fesi7\" width=\"1363\" height=\"1363\" srcset=\"https:\/\/www.cosmepak.com\/wp-content\/uploads\/2025\/03\/O1CN01avbEkm29TesZczGiO_2213179168069-0-cib.jpg 1000w, https:\/\/www.cosmepak.com\/wp-content\/uploads\/2025\/03\/O1CN01avbEkm29TesZczGiO_2213179168069-0-cib-300x300.jpg 300w, https:\/\/www.cosmepak.com\/wp-content\/uploads\/2025\/03\/O1CN01avbEkm29TesZczGiO_2213179168069-0-cib-150x150.jpg 150w, https:\/\/www.cosmepak.com\/wp-content\/uploads\/2025\/03\/O1CN01avbEkm29TesZczGiO_2213179168069-0-cib-768x768.jpg 768w, https:\/\/www.cosmepak.com\/wp-content\/uploads\/2025\/03\/O1CN01avbEkm29TesZczGiO_2213179168069-0-cib-600x600.jpg 600w, https:\/\/www.cosmepak.com\/wp-content\/uploads\/2025\/03\/O1CN01avbEkm29TesZczGiO_2213179168069-0-cib-100x100.jpg 100w\" sizes=\"(max-width: 1363px) 100vw, 1363px\" \/><\/p>\n<p>Bu, iki tasar\u0131m stiline sahip 50ml cam parf\u00fcm \u015fi\u015fesidir: silindirik ve dikd\u00f6rtgen. \u00c7e\u015fitli durumlar i\u00e7in uygundur. Her iki \u015fi\u015fe de kal\u0131n bir tabana sahiptir, y\u00fcksek \u015feffafl\u0131k cam malzemeden yap\u0131lm\u0131\u015ft\u0131r ve m\u00fckemmel bir s\u0131v\u0131 atomizasyon etkisi ile sonu\u00e7lanan hassas bir sprey pompas\u0131 ile donat\u0131lm\u0131\u015ft\u0131r. Bu iki parf\u00fcm \u015fi\u015fesi g\u00fczellik, pratiklik ve dayan\u0131kl\u0131l\u0131\u011f\u0131 m\u00fckemmel bir \u015fekilde birle\u015ftirir. Sadece parf\u00fcm\u00fcn g\u00f6rsel \u00e7ekicili\u011fini artt\u0131rmakla kalmaz, ayn\u0131 zamanda kullan\u0131m s\u0131ras\u0131nda istikrar ve rahatl\u0131k sa\u011flar. Ki\u015fisel kullan\u0131m veya hediye olarak olsun, bu \u015fi\u015fe herhangi bir parf\u00fcm tutkunu i\u00e7in ideal bir se\u00e7imdir.<\/p>\n<p>Her iki tasar\u0131m da kal\u0131n bir cam taban\u0131na sahiptir, bu da sadece istikrar ve dayan\u0131kl\u0131l\u0131k sa\u011flamaz. Farkl\u0131 estetik tercihleri kar\u015f\u0131lamak i\u00e7in \u015fi\u015felerin yuvarlak ve kare \u015fekilleri. kal\u0131n cam taban\u0131, \u015fi\u015fenin d\u00f6nme olas\u0131l\u0131\u011f\u0131n\u0131n daha az olmas\u0131n\u0131 sa\u011flar ve b\u00f6ylece d\u00f6k\u00fclme ve k\u0131r\u0131lma riskini azalt\u0131r.<\/p>\n<p>Alt\u0131n ve g\u00fcm\u00fc\u015f renkli elektrokapl\u0131 al\u00fcminyum spreyi ile birle\u015ftirilen snap-on \u015fi\u015fe kapa\u011f\u0131 tasar\u0131m\u0131, hem \u015f\u0131k hem de pratiktir ve m\u00fckemmel g\u00fcvenlik ve dayan\u0131kl\u0131l\u0131k sa\u011flar. Elektro-al\u00fcminyum spreyi taraf\u0131ndan p\u00fcsk\u00fcrt\u00fclen s\u0131v\u0131 ince ve p\u00fcr\u00fczs\u00fcz bir sis etkisine sahiptir ve kullan\u0131c\u0131ya zevk duygusu getiren hava boyunca e\u015fit bir \u015fekilde da\u011f\u0131t\u0131l\u0131r.<\/p>\n<p>Elektrokapl\u0131 alt\u0131n ve g\u00fcm\u00fc\u015f renkli d\u0131\u015f kapak, tasar\u0131m\u0131nda l\u00fcks ancak uyumlu olan y\u00fcksek kaliteli parf\u00fcm \u015fi\u015feleri i\u00e7in ideal bir se\u00e7imdir. Tabii ki, hem estetik a\u00e7\u0131dan ho\u015f hem de i\u015flevsel olan tamamen plastik bir d\u0131\u015f kapak da sunuyoruz. Hangisini tercih ederseniz de, tasar\u0131m gereksinimlerinizi kar\u015f\u0131layan bir \u00fcr\u00fcn her zaman vard\u0131r.<\/p>\n<p>Ayn\u0131 zamanda \u00e7e\u015fitli \u00f6zelle\u015ftirme se\u00e7enekleri de sunuyoruz. Yar\u0131 \u015feffaf sprey kaplama i\u015flemi, kat\u0131 renkli sprey kaplama i\u015flemi sunuyoruz. Pantone renk numaralar\u0131n\u0131 sa\u011flad\u0131\u011f\u0131n\u0131z s\u00fcrece, ren\u011finize g\u00f6re sprey \u00f6rne\u011fi \u00fcretimini ger\u00e7ekle\u015ftirebiliriz. Tabii ki, serigrafi, alt\u0131n damgalama, g\u00fcm\u00fc\u015f damgalama, etiket bask\u0131s\u0131 vb. gibi hizmetler de sunuyoruz.<\/p>\n<p>&nbsp;<\/p>\n<p><img decoding=\"async\" class=\"alignnone wp-image-1491\" src=\"https:\/\/www.cosmepak.com\/wp-content\/uploads\/2025\/03\/O1CN01KMAJAZ29TesZcwFUm_2213179168069-0-cib.jpg\" alt=\"30ml parf\u00fcm \u015fi\u015fesi5\" width=\"669\" height=\"669\" srcset=\"https:\/\/www.cosmepak.com\/wp-content\/uploads\/2025\/03\/O1CN01KMAJAZ29TesZcwFUm_2213179168069-0-cib.jpg 1000w, https:\/\/www.cosmepak.com\/wp-content\/uploads\/2025\/03\/O1CN01KMAJAZ29TesZcwFUm_2213179168069-0-cib-300x300.jpg 300w, https:\/\/www.cosmepak.com\/wp-content\/uploads\/2025\/03\/O1CN01KMAJAZ29TesZcwFUm_2213179168069-0-cib-150x150.jpg 150w, https:\/\/www.cosmepak.com\/wp-content\/uploads\/2025\/03\/O1CN01KMAJAZ29TesZcwFUm_2213179168069-0-cib-768x768.jpg 768w, https:\/\/www.cosmepak.com\/wp-content\/uploads\/2025\/03\/O1CN01KMAJAZ29TesZcwFUm_2213179168069-0-cib-600x600.jpg 600w, https:\/\/www.cosmepak.com\/wp-content\/uploads\/2025\/03\/O1CN01KMAJAZ29TesZcwFUm_2213179168069-0-cib-100x100.jpg 100w\" sizes=\"(max-width: 669px) 100vw, 669px\" \/> <img decoding=\"async\" class=\"alignnone wp-image-1492\" src=\"https:\/\/www.cosmepak.com\/wp-content\/uploads\/2025\/03\/O1CN01pBOAh429TesefHdJX_2213179168069-0-cib.jpg\" alt=\"\" width=\"674\" height=\"674\" srcset=\"https:\/\/www.cosmepak.com\/wp-content\/uploads\/2025\/03\/O1CN01pBOAh429TesefHdJX_2213179168069-0-cib.jpg 1000w, https:\/\/www.cosmepak.com\/wp-content\/uploads\/2025\/03\/O1CN01pBOAh429TesefHdJX_2213179168069-0-cib-300x300.jpg 300w, https:\/\/www.cosmepak.com\/wp-content\/uploads\/2025\/03\/O1CN01pBOAh429TesefHdJX_2213179168069-0-cib-150x150.jpg 150w, https:\/\/www.cosmepak.com\/wp-content\/uploads\/2025\/03\/O1CN01pBOAh429TesefHdJX_2213179168069-0-cib-768x768.jpg 768w, https:\/\/www.cosmepak.com\/wp-content\/uploads\/2025\/03\/O1CN01pBOAh429TesefHdJX_2213179168069-0-cib-600x600.jpg 600w, https:\/\/www.cosmepak.com\/wp-content\/uploads\/2025\/03\/O1CN01pBOAh429TesefHdJX_2213179168069-0-cib-100x100.jpg 100w\" sizes=\"(max-width: 674px) 100vw, 674px\" \/><\/p>\n<p>&nbsp;<\/p>","protected":false},"excerpt":{"rendered":"<p>\u015ei\u015fe Malzemesi: Cam<\/p>\n<p>Capcity: 50ml<\/p>\n<p>Renk: \u00d6zelle\u015ftirilmi\u015f<\/p>\n<p>Y\u00fczey Kaplama: Serip bask\u0131, buzlanma, s\u0131cak damgalama, sprey gradyan\u0131, mat kaplama vb.<\/p>\n<p>MOQ: 5000pcs;<\/p>\n<p>&nbsp;<\/p>","protected":false},"featured_media":1492,"comment_status":"closed","ping_status":"closed","template":"","meta":{"_acf_changed":false},"product_brand":[],"product_cat":[17],"product_tag":[],"class_list":{"0":"post-1496","1":"product","2":"type-product","3":"status-publish","4":"has-post-thumbnail","6":"product_cat-perfume-bottle","8":"first","9":"outofstock","10":"shipping-taxable","11":"product-type-simple"},"acf":[],"_links":{"self":[{"href":"https:\/\/www.cosmepak.com\/tr\/wp-json\/wp\/v2\/product\/1496","targetHints":{"allow":["GET"]}}],"collection":[{"href":"https:\/\/www.cosmepak.com\/tr\/wp-json\/wp\/v2\/product"}],"about":[{"href":"https:\/\/www.cosmepak.com\/tr\/wp-json\/wp\/v2\/types\/product"}],"replies":[{"embeddable":true,"href":"https:\/\/www.cosmepak.com\/tr\/wp-json\/wp\/v2\/comments?post=1496"}],"wp:featuredmedia":[{"embeddable":true,"href":"https:\/\/www.cosmepak.com\/tr\/wp-json\/wp\/v2\/media\/1492"}],"wp:attachment":[{"href":"https:\/\/www.cosmepak.com\/tr\/wp-json\/wp\/v2\/media?parent=1496"}],"wp:term":[{"taxonomy":"product_brand","embeddable":true,"href":"https:\/\/www.cosmepak.com\/tr\/wp-json\/wp\/v2\/product_brand?post=1496"},{"taxonomy":"product_cat","embeddable":true,"href":"https:\/\/www.cosmepak.com\/tr\/wp-json\/wp\/v2\/product_cat?post=1496"},{"taxonomy":"product_tag","embeddable":true,"href":"https:\/\/www.cosmepak.com\/tr\/wp-json\/wp\/v2\/product_tag?post=1496"}],"curies":[{"name":"wp","href":"https:\/\/api.w.org\/{rel}","templated":true}]}}