{"id":1500,"date":"2025-03-27T16:40:12","date_gmt":"2025-03-27T08:40:12","guid":{"rendered":"https:\/\/www.cosmepak.com\/?post_type=product&#038;p=1500"},"modified":"2025-09-04T17:26:24","modified_gmt":"2025-09-04T09:26:24","slug":"round-shoulder-plastic-lotion-bottle-jaunce","status":"publish","type":"product","link":"https:\/\/www.cosmepak.com\/tr\/product\/round-shoulder-plastic-lotion-bottle-jaunce\/","title":{"rendered":"Yuvarlak Omuz Plastik Losyon \u015ei\u015fesi \/ Jaunce"},"content":{"rendered":"<table style=\"border-collapse: collapse; width: 100%; height: 168px;\">\n<tbody>\n<tr style=\"height: 24px;\">\n<td style=\"width: 33.3333%; height: 168px;\" rowspan=\"7\"><img fetchpriority=\"high\" decoding=\"async\" class=\"alignnone size-full wp-image-1505\" src=\"https:\/\/www.cosmepak.com\/wp-content\/uploads\/2025\/03\/11787589110_624076099\u526f\u672c.jpg\" alt=\"plastik \u015fi\u015fe\" width=\"1000\" height=\"1000\" srcset=\"https:\/\/www.cosmepak.com\/wp-content\/uploads\/2025\/03\/11787589110_624076099\u526f\u672c.jpg 1000w, https:\/\/www.cosmepak.com\/wp-content\/uploads\/2025\/03\/11787589110_624076099\u526f\u672c-300x300.jpg 300w, https:\/\/www.cosmepak.com\/wp-content\/uploads\/2025\/03\/11787589110_624076099\u526f\u672c-150x150.jpg 150w, https:\/\/www.cosmepak.com\/wp-content\/uploads\/2025\/03\/11787589110_624076099\u526f\u672c-768x768.jpg 768w, https:\/\/www.cosmepak.com\/wp-content\/uploads\/2025\/03\/11787589110_624076099\u526f\u672c-600x600.jpg 600w, https:\/\/www.cosmepak.com\/wp-content\/uploads\/2025\/03\/11787589110_624076099\u526f\u672c-100x100.jpg 100w\" sizes=\"(max-width: 1000px) 100vw, 1000px\" \/><\/td>\n<td style=\"width: 13.6311%; height: 24px;\">Marka<\/td>\n<td style=\"width: 53.0355%; height: 24px;\">Fahi\u015fe<\/td>\n<\/tr>\n<tr style=\"height: 24px;\">\n<td style=\"width: 13.6311%; height: 24px;\">Model<\/td>\n<td style=\"width: 53.0355%; height: 24px;\">JH-LWSM22<\/td>\n<\/tr>\n<tr style=\"height: 24px;\">\n<td style=\"width: 13.6311%; height: 24px;\">Kapak<\/td>\n<td style=\"width: 53.0355%; height: 24px;\">300ml<\/td>\n<\/tr>\n<tr style=\"height: 24px;\">\n<td style=\"width: 13.6311%; height: 24px;\">A\u011f\u0131rl\u0131k<\/td>\n<td style=\"width: 53.0355%; height: 24px;\">48g<\/td>\n<\/tr>\n<tr style=\"height: 24px;\">\n<td style=\"width: 13.6311%; height: 24px;\">Renk<\/td>\n<td style=\"width: 53.0355%; height: 24px;\">Kahverengi \/ Koyu Ye\u015fil<\/td>\n<\/tr>\n<tr style=\"height: 24px;\">\n<td style=\"width: 13.6311%; height: 24px;\">Malzeme<\/td>\n<td style=\"width: 53.0355%; height: 24px;\">PET ve PP<\/td>\n<\/tr>\n<tr style=\"height: 24px;\">\n<td style=\"width: 13.6311%; height: 24px;\">Boyut<\/td>\n<td style=\"width: 53.0355%; height: 24px;\">63*145mm<\/td>\n<\/tr>\n<\/tbody>\n<\/table>\n<p>Losyon plastik \u015fi\u015fe ile 300ml yuvarlak omuz \u015fi\u015fesi.<\/p>\n<p><img decoding=\"async\" class=\"alignnone wp-image-1507\" src=\"https:\/\/www.cosmepak.com\/wp-content\/uploads\/2025\/03\/11787568652_624076099.jpg\" alt=\"sar\u0131 plastik \u015fi\u015fe\" width=\"1378\" height=\"1831\" srcset=\"https:\/\/www.cosmepak.com\/wp-content\/uploads\/2025\/03\/11787568652_624076099.jpg 1000w, https:\/\/www.cosmepak.com\/wp-content\/uploads\/2025\/03\/11787568652_624076099-226x300.jpg 226w, https:\/\/www.cosmepak.com\/wp-content\/uploads\/2025\/03\/11787568652_624076099-771x1024.jpg 771w, https:\/\/www.cosmepak.com\/wp-content\/uploads\/2025\/03\/11787568652_624076099-768x1021.jpg 768w, https:\/\/www.cosmepak.com\/wp-content\/uploads\/2025\/03\/11787568652_624076099-600x797.jpg 600w\" sizes=\"(max-width: 1378px) 100vw, 1378px\" \/><\/p>\n<p><img decoding=\"async\" class=\"alignnone wp-image-1508\" src=\"https:\/\/www.cosmepak.com\/wp-content\/uploads\/2025\/03\/23124715975_624076099.jpg\" alt=\"plasti\u0307k \u015fi\u0307\u015fe\" width=\"681\" height=\"681\" srcset=\"https:\/\/www.cosmepak.com\/wp-content\/uploads\/2025\/03\/23124715975_624076099.jpg 1000w, https:\/\/www.cosmepak.com\/wp-content\/uploads\/2025\/03\/23124715975_624076099-300x300.jpg 300w, https:\/\/www.cosmepak.com\/wp-content\/uploads\/2025\/03\/23124715975_624076099-150x150.jpg 150w, https:\/\/www.cosmepak.com\/wp-content\/uploads\/2025\/03\/23124715975_624076099-768x768.jpg 768w, https:\/\/www.cosmepak.com\/wp-content\/uploads\/2025\/03\/23124715975_624076099-600x600.jpg 600w, https:\/\/www.cosmepak.com\/wp-content\/uploads\/2025\/03\/23124715975_624076099-100x100.jpg 100w\" sizes=\"(max-width: 681px) 100vw, 681px\" \/> <img loading=\"lazy\" decoding=\"async\" class=\"alignnone wp-image-1510\" src=\"https:\/\/www.cosmepak.com\/wp-content\/uploads\/2025\/03\/12308182745_436412743.jpg\" alt=\"\" width=\"679\" height=\"679\" srcset=\"https:\/\/www.cosmepak.com\/wp-content\/uploads\/2025\/03\/12308182745_436412743.jpg 1000w, https:\/\/www.cosmepak.com\/wp-content\/uploads\/2025\/03\/12308182745_436412743-300x300.jpg 300w, https:\/\/www.cosmepak.com\/wp-content\/uploads\/2025\/03\/12308182745_436412743-150x150.jpg 150w, https:\/\/www.cosmepak.com\/wp-content\/uploads\/2025\/03\/12308182745_436412743-768x768.jpg 768w, https:\/\/www.cosmepak.com\/wp-content\/uploads\/2025\/03\/12308182745_436412743-600x600.jpg 600w, https:\/\/www.cosmepak.com\/wp-content\/uploads\/2025\/03\/12308182745_436412743-100x100.jpg 100w\" sizes=\"(max-width: 679px) 100vw, 679px\" \/><\/p>\n<p>&nbsp;<\/p>\n<p class=\"ai-center-markdown-p\"><strong class=\"ai-center-markdown-strong\">300ml Yuvarlak Omuz Losyon \u015ei\u015fesi: \u00c7ok y\u00f6nl\u00fc ve Pratik Ambalaj \u00c7\u00f6z\u00fcm\u00fc<\/strong><\/p>\n<p class=\"ai-center-markdown-p\" data-spm-anchor-id=\"0.8443394.0.i17.613d3e5fM1b7Mc\">Ki\u015fisel bak\u0131m ve kozmetik \u00fcr\u00fcnleri i\u00e7in ambalaj \u00e7\u00f6z\u00fcmleri s\u00f6z konusu oldu\u011funda, 300ml yuvarlak omuz losyonu \u015fi\u015fesi ideal bir se\u00e7im olarak \u00f6ne \u00e7\u0131kar. Bu plastik bo\u015f \u015fi\u015fe sadece estetik a\u00e7\u0131dan ho\u015f de\u011fil, ayn\u0131 zamanda \u00e7ok i\u015flevseldir ve \u00e7e\u015fitli uygulamalar i\u00e7in uygundur.<\/p>\n<p class=\"ai-center-markdown-p\"><strong class=\"ai-center-markdown-strong\">Kullan\u0131m\u0131nda \u00e7ok y\u00f6nl\u00fcl\u00fck<\/strong><\/p>\n<p class=\"ai-center-markdown-p\">300ml yuvarlak omuz losyonu \u015fi\u015fesi, \u015funlar dahil olmak \u00fczere geni\u015f bir \u00fcr\u00fcn yelpazesi i\u00e7in m\u00fckemmeldir:<\/p>\n<ul class=\"ai-center-markdown-ul\">\n<li class=\"ai-center-markdown-li\"><strong class=\"ai-center-markdown-strong\">\u015eampuan<\/strong>: Dayan\u0131kl\u0131 tasar\u0131m\u0131, \u015fampuan\u0131n viskozitesini idare edebilmesini sa\u011flar ve do\u011fru miktar\u0131 da\u011f\u0131tmay\u0131 kolayla\u015ft\u0131r\u0131r.<\/li>\n<li class=\"ai-center-markdown-li\"><strong class=\"ai-center-markdown-strong\">El Temizleyici<\/strong>: Uygun boyutu g\u00f6z \u00f6n\u00fcne al\u0131nd\u0131\u011f\u0131nda, o&#8217; Hem ki\u015fisel hem de ticari kullan\u0131m i\u00e7in m\u00fckemmel.<\/li>\n<li class=\"ai-center-markdown-li\"><strong class=\"ai-center-markdown-strong\">losyon<\/strong>Yuvarlak omuz tasar\u0131m\u0131 kolay kullan\u0131ma olanak sa\u011flar ve her son damla losyonun kullan\u0131labilece\u011fini sa\u011flar.<\/li>\n<li class=\"ai-center-markdown-li\"><strong class=\"ai-center-markdown-strong\">Kozmetik ambalaj<\/strong>: Zarif ve profesyonel g\u00f6r\u00fcn\u00fcm\u00fc, y\u00fcksek kaliteli kozmetik \u00fcr\u00fcnler i\u00e7in m\u00fckemmel bir se\u00e7im haline getirir.<\/li>\n<\/ul>\n<p class=\"ai-center-markdown-p\"><strong class=\"ai-center-markdown-strong\">Tasar\u0131m ve \u0130\u015flevlilik<\/strong><\/p>\n<p class=\"ai-center-markdown-p\">\u015ei\u015fenin yuvarlak omuz tasar\u0131m\u0131 birka\u00e7 avantaj sa\u011flar:<\/p>\n<ul class=\"ai-center-markdown-ul\">\n<li class=\"ai-center-markdown-li\"><strong class=\"ai-center-markdown-strong\">Ergonomik Kullan\u0131m<\/strong>: \u015eekil tutmak i\u00e7in rahatt\u0131r, kullan\u0131c\u0131 dostu hale getirir.<\/li>\n<li class=\"ai-center-markdown-li\"><strong class=\"ai-center-markdown-strong\">Kolay Da\u011f\u0131t\u0131m<\/strong>: Tasar\u0131m, i\u00e7erideki \u00fcr\u00fcn\u00fcn kolayca da\u011f\u0131t\u0131labilece\u011fini ve at\u0131klar\u0131 azaltabilece\u011fini sa\u011flar.<\/li>\n<li class=\"ai-center-markdown-li\"><strong class=\"ai-center-markdown-strong\">Estetik Temyiz<\/strong>: Yumu\u015fak, yuvarlak omuzlar \u015fi\u015feye modern ve zarif bir g\u00f6r\u00fcn\u00fcm verir ve \u00fcr\u00fcn\u00fcn genel \u00e7ekicili\u011fini art\u0131r\u0131r.<\/li>\n<\/ul>\n<p class=\"ai-center-markdown-p\"><strong class=\"ai-center-markdown-strong\">Dayan\u0131kl\u0131l\u0131k ve G\u00fcvenlik<\/strong><\/p>\n<p class=\"ai-center-markdown-p\">Y\u00fcksek kaliteli plastikten yap\u0131lm\u0131\u015f bu \u015fi\u015fe:<\/p>\n<ul class=\"ai-center-markdown-ul\">\n<li class=\"ai-center-markdown-li\"><strong class=\"ai-center-markdown-strong\">Dayan\u0131kl\u0131<\/strong>: K\u0131r\u0131lmadan damlalara ve sert kullan\u0131ma dayanabilir.<\/li>\n<li class=\"ai-center-markdown-li\"><strong class=\"ai-center-markdown-strong\">G\u00fcvenli<\/strong>Malzeme toksik olmayan ve ki\u015fisel bak\u0131m \u00fcr\u00fcnlerini depolamak i\u00e7in g\u00fcvenlidir.<\/li>\n<li class=\"ai-center-markdown-li\"><strong class=\"ai-center-markdown-strong\">Yeniden Kullan\u0131labilir<\/strong>: Yeniden doldurulabilir ve yeniden kullan\u0131labilir, bu da \u00e7evre dostu bir se\u00e7enek haline getirir.<\/li>\n<\/ul>\n<p class=\"ai-center-markdown-p\"><strong class=\"ai-center-markdown-strong\">Sonu\u00e7<\/strong><\/p>\n<p class=\"ai-center-markdown-p\">300ml yuvarlak omuz losyonu \u015fi\u015fesi, geni\u015f bir ki\u015fisel bak\u0131m ve kozmetik \u00fcr\u00fcnleri i\u00e7in \u00e7ok y\u00f6nl\u00fc, dayan\u0131kl\u0131 ve estetik a\u00e7\u0131dan ho\u015f bir ambalajlama \u00e7\u00f6z\u00fcm\u00fcd\u00fcr. Tasar\u0131m\u0131 kolay kullan\u0131m ve da\u011f\u0131t\u0131m sa\u011flar ve hem \u00fcreticiler hem de t\u00fcketiciler i\u00e7in pratik bir se\u00e7im haline getirir. \u015eampuan, el temizleyici, losyon veya kozmetik paketlemek isterseniz, bu \u015fi\u015fenin \u00fcr\u00fcn\u00fcn\u00fcz\u00fcn genel \u00e7ekicili\u011fini artt\u0131rarken ihtiya\u00e7lar\u0131n\u0131z\u0131 kar\u015f\u0131layaca\u011f\u0131ndan eminsiniz.<\/p>\n<p><img loading=\"lazy\" decoding=\"async\" class=\"alignnone size-full wp-image-1347\" src=\"https:\/\/www.cosmepak.com\/wp-content\/uploads\/2024\/12\/\u9996\u987519202_03.jpg\" alt=\"fabrika g\u00f6sterisi\" width=\"1920\" height=\"885\" srcset=\"https:\/\/www.cosmepak.com\/wp-content\/uploads\/2024\/12\/\u9996\u987519202_03.jpg 1920w, https:\/\/www.cosmepak.com\/wp-content\/uploads\/2024\/12\/\u9996\u987519202_03-300x138.jpg 300w, https:\/\/www.cosmepak.com\/wp-content\/uploads\/2024\/12\/\u9996\u987519202_03-1024x472.jpg 1024w, https:\/\/www.cosmepak.com\/wp-content\/uploads\/2024\/12\/\u9996\u987519202_03-768x354.jpg 768w, https:\/\/www.cosmepak.com\/wp-content\/uploads\/2024\/12\/\u9996\u987519202_03-1536x708.jpg 1536w, https:\/\/www.cosmepak.com\/wp-content\/uploads\/2024\/12\/\u9996\u987519202_03-600x277.jpg 600w\" sizes=\"(max-width: 1920px) 100vw, 1920px\" \/><\/p>\n<p><img loading=\"lazy\" decoding=\"async\" class=\"alignnone size-full wp-image-1348\" src=\"https:\/\/www.cosmepak.com\/wp-content\/uploads\/2024\/12\/\u9996\u987519202_04.jpg\" alt=\"\" width=\"1920\" height=\"694\" srcset=\"https:\/\/www.cosmepak.com\/wp-content\/uploads\/2024\/12\/\u9996\u987519202_04.jpg 1920w, https:\/\/www.cosmepak.com\/wp-content\/uploads\/2024\/12\/\u9996\u987519202_04-300x108.jpg 300w, https:\/\/www.cosmepak.com\/wp-content\/uploads\/2024\/12\/\u9996\u987519202_04-1024x370.jpg 1024w, https:\/\/www.cosmepak.com\/wp-content\/uploads\/2024\/12\/\u9996\u987519202_04-768x278.jpg 768w, https:\/\/www.cosmepak.com\/wp-content\/uploads\/2024\/12\/\u9996\u987519202_04-1536x555.jpg 1536w, https:\/\/www.cosmepak.com\/wp-content\/uploads\/2024\/12\/\u9996\u987519202_04-600x217.jpg 600w\" sizes=\"(max-width: 1920px) 100vw, 1920px\" \/><img loading=\"lazy\" decoding=\"async\" class=\"alignnone size-full wp-image-1350\" src=\"https:\/\/www.cosmepak.com\/wp-content\/uploads\/2024\/12\/\u9996\u987519202_05-1.jpg\" alt=\"\" width=\"1920\" height=\"970\" srcset=\"https:\/\/www.cosmepak.com\/wp-content\/uploads\/2024\/12\/\u9996\u987519202_05-1.jpg 1920w, https:\/\/www.cosmepak.com\/wp-content\/uploads\/2024\/12\/\u9996\u987519202_05-1-300x152.jpg 300w, https:\/\/www.cosmepak.com\/wp-content\/uploads\/2024\/12\/\u9996\u987519202_05-1-1024x517.jpg 1024w, https:\/\/www.cosmepak.com\/wp-content\/uploads\/2024\/12\/\u9996\u987519202_05-1-768x388.jpg 768w, https:\/\/www.cosmepak.com\/wp-content\/uploads\/2024\/12\/\u9996\u987519202_05-1-1536x776.jpg 1536w, https:\/\/www.cosmepak.com\/wp-content\/uploads\/2024\/12\/\u9996\u987519202_05-1-600x303.jpg 600w\" sizes=\"(max-width: 1920px) 100vw, 1920px\" \/><img loading=\"lazy\" decoding=\"async\" class=\"alignnone wp-image-1351\" src=\"https:\/\/www.cosmepak.com\/wp-content\/uploads\/2024\/12\/\u7269\u6d41\u8fd0\u8f93\u753b\u9762-2.jpg\" alt=\"\" width=\"1385\" height=\"1039\" srcset=\"https:\/\/www.cosmepak.com\/wp-content\/uploads\/2024\/12\/\u7269\u6d41\u8fd0\u8f93\u753b\u9762-2.jpg 800w, https:\/\/www.cosmepak.com\/wp-content\/uploads\/2024\/12\/\u7269\u6d41\u8fd0\u8f93\u753b\u9762-2-300x225.jpg 300w, https:\/\/www.cosmepak.com\/wp-content\/uploads\/2024\/12\/\u7269\u6d41\u8fd0\u8f93\u753b\u9762-2-768x576.jpg 768w, https:\/\/www.cosmepak.com\/wp-content\/uploads\/2024\/12\/\u7269\u6d41\u8fd0\u8f93\u753b\u9762-2-600x450.jpg 600w\" sizes=\"(max-width: 1385px) 100vw, 1385px\" \/><\/p>\n<table style=\"border-collapse: collapse; width: 100%;\">\n<tbody>\n<tr>\n<td style=\"width: 33.3333%; text-align: center;\"><strong>\u0130fade etmek<\/strong><\/td>\n<td style=\"width: 33.3333%; text-align: center;\"><strong>Hava y\u00fck\u00fc<\/strong><\/td>\n<td style=\"width: 33.3333%; text-align: center;\"><strong>Deniz ta\u015f\u0131mac\u0131l\u0131\u011f\u0131<\/strong><\/td>\n<\/tr>\n<tr>\n<td style=\"width: 33.3333%; text-align: center;\">Europ 4-6 g\u00fcn<\/p>\n<p>Kuzey Amerika 4-6 g\u00fcn<\/p>\n<p>G\u00fcney Do\u011fu Asya 3-5 g\u00fcn<\/p>\n<p>Orta Do\u011fu 4-6 g\u00fcn<\/p>\n<p>G\u00fcney Afrika 5-8 g\u00fcn<\/td>\n<td style=\"width: 33.3333%; text-align: center;\">Europ 4-6 g\u00fcn<\/p>\n<p>Kuzey Amerika 4-6 g\u00fcn<\/p>\n<p>G\u00fcney Do\u011fu Asya 3-5 g\u00fcn<\/p>\n<p>Orta Do\u011fu 4-6 g\u00fcn<\/p>\n<p>G\u00fcney Afrika 5-8 g\u00fcn<\/td>\n<td style=\"width: 33.3333%; text-align: center;\">Europ 25-35 g\u00fcn<\/p>\n<p>Kuzey Amerika 25-35 g\u00fcn<\/p>\n<p>G\u00fcney Do\u011fu Asya 25-35 g\u00fcn<\/p>\n<p>Orta Do\u011fu 25-35 g\u00fcn<\/p>\n<p>G\u00fcney Afrika 25-35 g\u00fcn<\/td>\n<\/tr>\n<\/tbody>\n<\/table>\n<h3 id=\"faq\" class=\"ai-center-markdown-h3\" data-spm-anchor-id=\"0.8443394.0.i20.613d3e5fM1b7Mc\">SSS<\/h3>\n<h4 id=\"1-why-should-you-buy-from-us-instead-of-other-suppliers\" class=\"ai-center-markdown-h4\">1. Neden di\u011fer tedarik\u00e7iler yerine bizden sat\u0131n almal\u0131s\u0131n\u0131z?<\/h4>\n<ul class=\"ai-center-markdown-ul\">\n<li class=\"ai-center-markdown-li\">\u00d6zel tasar\u0131mlar sadece 3 dakika i\u00e7inde haz\u0131r.<\/li>\n<li class=\"ai-center-markdown-li\">24\/7 \u00e7evrimi\u00e7i m\u00fc\u015fteri hizmeti.<\/li>\n<li class=\"ai-center-markdown-li\">7 g\u00fcn i\u00e7inde mevcut stok \u00f6rnekleri; 15 g\u00fcn i\u00e7inde \u00f6zel bas\u0131l\u0131 \u00f6rnekler.<\/li>\n<li class=\"ai-center-markdown-li\">Sipari\u015fler i\u00e7in 35 g\u00fcnl\u00fck teslim s\u00fcresi.<\/li>\n<li class=\"ai-center-markdown-li\">Profesyonel kozmetik ambalajlama alan\u0131nda 10 y\u0131ldan fazla deneyim.<\/li>\n<li class=\"ai-center-markdown-li\">Fabrika do\u011frudan sat\u0131\u015f en iyi fiyatlar\u0131 ve hizmetleri sa\u011flar.<\/li>\n<li class=\"ai-center-markdown-li\">T\u00fcm ambalaj ihtiya\u00e7lar\u0131n\u0131z i\u00e7in tek durak \u00e7\u00f6z\u00fcm.<\/li>\n<\/ul>\n<h4 id=\"2-who-are-we\" class=\"ai-center-markdown-h4\">2. Biz kimiz?<\/h4>\n<p class=\"ai-center-markdown-p\">Zhejiang, \u00c7in'de bulunuyoruz ve 2014'ten beri faaliyet g\u00f6steriyoruz. Ana pazarlar\u0131m\u0131z \u015funlard\u0131r:<\/p>\n<ul class=\"ai-center-markdown-ul\">\n<li class=\"ai-center-markdown-li\">\u0130\u00e7 Pazar (.00)<\/li>\n<li class=\"ai-center-markdown-li\">Okyanusya (%8.00)<\/li>\n<li class=\"ai-center-markdown-li\">Ortado\u011fu (%7.00)<\/li>\n<li class=\"ai-center-markdown-li\">Do\u011fu Asya (%2.00)<\/li>\n<li class=\"ai-center-markdown-li\">Kuzey Amerika (%2.00)<\/li>\n<li class=\"ai-center-markdown-li\">Bat\u0131 Avrupa (%2.00)<\/li>\n<li class=\"ai-center-markdown-li\">G\u00fcneydo\u011fu Asya (%2.00)<\/li>\n<li class=\"ai-center-markdown-li\">G\u00fcney Asya (% 1.00)<\/li>\n<li class=\"ai-center-markdown-li\">G\u00fcney Amerika (% 1.00)<\/li>\n<li class=\"ai-center-markdown-li\">G\u00fcney Avrupa (%1)<\/li>\n<li class=\"ai-center-markdown-li\">Orta Amerika (% 1.00)<\/li>\n<li class=\"ai-center-markdown-li\">Kuzey Avrupa (%1)<\/li>\n<li class=\"ai-center-markdown-li\">Afrika (% 1.00)<\/li>\n<li class=\"ai-center-markdown-li\">Do\u011fu Avrupa (%1.00)<\/li>\n<\/ul>\n<h4 id=\"3-how-can-we-guarantee-quality\" class=\"ai-center-markdown-h4\">3. Kaliteyi nas\u0131l garanti edebiliriz?<\/h4>\n<ul class=\"ai-center-markdown-ul\">\n<li class=\"ai-center-markdown-li\">Seri \u00fcretimden \u00f6nce her zaman bir \u00f6ncesi \u00fcretim \u00f6rne\u011fi sunuyoruz.<\/li>\n<li class=\"ai-center-markdown-li\">Nakliyeden \u00f6nce son muayene yap\u0131yoruz.<\/li>\n<\/ul>\n<h4 id=\"4-what-can-you-buy-from-us\" class=\"ai-center-markdown-h4\">4. Bizden ne sat\u0131n alabilirsiniz?<\/h4>\n<ul class=\"ai-center-markdown-ul\">\n<li class=\"ai-center-markdown-li\">Cam \u015fi\u015feler<\/li>\n<li class=\"ai-center-markdown-li\">Plastik \u015fi\u015feler, kavanozlar ve borular<\/li>\n<li class=\"ai-center-markdown-li\">Al\u00fcminyum \u015fi\u015feler, kavanozlar ve borular<\/li>\n<li class=\"ai-center-markdown-li\">\u00c7e\u015fitli kozmetik ambalaj malzemeleri<\/li>\n<\/ul>\n<h4 id=\"5-what-services-can-we-provide\" class=\"ai-center-markdown-h4\">5. Hangi hizmetleri sa\u011flayabiliriz?<\/h4>\n<ul class=\"ai-center-markdown-ul\">\n<li class=\"ai-center-markdown-li\"><strong class=\"ai-center-markdown-strong\">Kabul edilen Teslimat Ko\u015fullar\u0131:<\/strong>\u00a0FOB, CFR, CIF<\/li>\n<li class=\"ai-center-markdown-li\"><strong class=\"ai-center-markdown-strong\">Kabul edilen \u00f6deme para birimleri:<\/strong>\u00a0ABD Dolar\u0131, EUR, HKD, CNY<\/li>\n<li class=\"ai-center-markdown-li\"><strong class=\"ai-center-markdown-strong\">Kabul edilen \u00d6deme T\u00fcrleri:<\/strong>\u00a0T \/ T, L \/ C, D \/ P, D \/ A<\/li>\n<li class=\"ai-center-markdown-li\"><strong class=\"ai-center-markdown-strong\">Konu\u015fulan Diller:<\/strong>\u00a0\u0130ngilizce, \u00c7ince<\/li>\n<\/ul>\n<p>&nbsp;<\/p>","protected":false},"excerpt":{"rendered":"<p>\u015ei\u015fe malzemesi: evcil hayvan<\/p>\n<p>Kapasite: 300ml<\/p>\n<p>Pompa: PP Losyon Pompas\u0131<\/p>\n<p>Renk: Kahverengi \/ Koyu Ye\u015fil \/ \u00f6zelle\u015ftirilmi\u015f<\/p>\n<p>Y\u00fczey Kaplama: Serip bask\u0131, buzlanma, s\u0131cak damgalama, sprey gradyan\u0131, mat kaplama vb.<\/p>\n<p>MOQ: 5000pcs;<\/p>\n<p>&nbsp;<\/p>","protected":false},"featured_media":1510,"comment_status":"closed","ping_status":"closed","template":"","meta":{"_acf_changed":false},"product_brand":[],"product_cat":[47,18],"product_tag":[],"class_list":{"0":"post-1500","1":"product","2":"type-product","3":"status-publish","4":"has-post-thumbnail","6":"product_cat-lotion-bottle","7":"product_cat-plastic-bottle","9":"first","10":"outofstock","11":"shipping-taxable","12":"product-type-simple"},"acf":[],"_links":{"self":[{"href":"https:\/\/www.cosmepak.com\/tr\/wp-json\/wp\/v2\/product\/1500","targetHints":{"allow":["GET"]}}],"collection":[{"href":"https:\/\/www.cosmepak.com\/tr\/wp-json\/wp\/v2\/product"}],"about":[{"href":"https:\/\/www.cosmepak.com\/tr\/wp-json\/wp\/v2\/types\/product"}],"replies":[{"embeddable":true,"href":"https:\/\/www.cosmepak.com\/tr\/wp-json\/wp\/v2\/comments?post=1500"}],"wp:featuredmedia":[{"embeddable":true,"href":"https:\/\/www.cosmepak.com\/tr\/wp-json\/wp\/v2\/media\/1510"}],"wp:attachment":[{"href":"https:\/\/www.cosmepak.com\/tr\/wp-json\/wp\/v2\/media?parent=1500"}],"wp:term":[{"taxonomy":"product_brand","embeddable":true,"href":"https:\/\/www.cosmepak.com\/tr\/wp-json\/wp\/v2\/product_brand?post=1500"},{"taxonomy":"product_cat","embeddable":true,"href":"https:\/\/www.cosmepak.com\/tr\/wp-json\/wp\/v2\/product_cat?post=1500"},{"taxonomy":"product_tag","embeddable":true,"href":"https:\/\/www.cosmepak.com\/tr\/wp-json\/wp\/v2\/product_tag?post=1500"}],"curies":[{"name":"wp","href":"https:\/\/api.w.org\/{rel}","templated":true}]}}