{"id":151,"date":"2024-12-31T12:08:23","date_gmt":"2024-12-31T04:08:23","guid":{"rendered":"http:\/\/www.cosmepak.com\/?post_type=product&#038;p=151"},"modified":"2025-10-17T14:02:57","modified_gmt":"2025-10-17T06:02:57","slug":"100ml-transparent-perfume-bottle-15-neck-size","status":"publish","type":"product","link":"https:\/\/www.cosmepak.com\/tr\/product\/100ml-transparent-perfume-bottle-15-neck-size\/","title":{"rendered":"100ml \u015eeffaf Parf\u00fcm \u015ei\u015fesi 15 # Boyun Boyutu"},"content":{"rendered":"<table style=\"border-collapse: collapse; width: 93.8182%; height: 247px;\">\n<tbody>\n<tr style=\"height: 24px;\">\n<td style=\"width: 39.0625%; height: 247px;\" rowspan=\"10\"><img fetchpriority=\"high\" decoding=\"async\" class=\"alignnone size-full wp-image-3033\" src=\"https:\/\/www.cosmepak.com\/wp-content\/uploads\/2024\/12\/\u4e3b\u56fe-8.jpg\" alt=\"\" width=\"1500\" height=\"1500\" srcset=\"https:\/\/www.cosmepak.com\/wp-content\/uploads\/2024\/12\/\u4e3b\u56fe-8.jpg 1500w, https:\/\/www.cosmepak.com\/wp-content\/uploads\/2024\/12\/\u4e3b\u56fe-8-300x300.jpg 300w, https:\/\/www.cosmepak.com\/wp-content\/uploads\/2024\/12\/\u4e3b\u56fe-8-1024x1024.jpg 1024w, https:\/\/www.cosmepak.com\/wp-content\/uploads\/2024\/12\/\u4e3b\u56fe-8-150x150.jpg 150w, https:\/\/www.cosmepak.com\/wp-content\/uploads\/2024\/12\/\u4e3b\u56fe-8-768x768.jpg 768w, https:\/\/www.cosmepak.com\/wp-content\/uploads\/2024\/12\/\u4e3b\u56fe-8-12x12.jpg 12w, https:\/\/www.cosmepak.com\/wp-content\/uploads\/2024\/12\/\u4e3b\u56fe-8-600x600.jpg 600w, https:\/\/www.cosmepak.com\/wp-content\/uploads\/2024\/12\/\u4e3b\u56fe-8-100x100.jpg 100w\" sizes=\"(max-width: 1500px) 100vw, 1500px\" \/><\/td>\n<td style=\"width: 25.9108%; height: 24px;\">\u00dcr\u00fcn ad\u0131<\/td>\n<td style=\"width: 86.1633%; height: 24px;\">100ML Parf\u00fcm \u015ei\u015fesi<\/td>\n<\/tr>\n<tr style=\"height: 24px;\">\n<td style=\"width: 25.9108%; height: 24px;\">Malzeme<\/td>\n<td style=\"width: 86.1633%; height: 24px;\">Bardak<\/td>\n<\/tr>\n<tr style=\"height: 28px;\">\n<td style=\"width: 25.9108%; height: 28px;\">Boyut<\/td>\n<td style=\"width: 86.1633%; height: 28px;\">58 * 123mm'lik<\/td>\n<\/tr>\n<tr style=\"height: 27px;\">\n<td style=\"width: 25.9108%; height: 27px;\">Boyun boyutu<\/td>\n<td style=\"width: 86.1633%; height: 27px;\">15 mm'lik<\/td>\n<\/tr>\n<tr style=\"height: 24px;\">\n<td style=\"width: 25.9108%; height: 24px;\">Renk<\/td>\n<td style=\"width: 86.1633%; height: 24px;\">\u00d6zelle\u015ftirilmi\u015f Kabul Edin<\/td>\n<\/tr>\n<tr style=\"height: 24px;\">\n<td style=\"width: 25.9108%; height: 24px;\">Sanat tedavisi<\/td>\n<td style=\"width: 86.1633%; height: 24px;\">Serigrafi \/ Etiketleme \/ S\u0131cak damgalama ~<\/td>\n<\/tr>\n<tr style=\"height: 24px;\">\n<td style=\"width: 25.9108%; height: 24px;\">Kapasite<\/td>\n<td style=\"width: 86.1633%; height: 24px;\">100ml<\/td>\n<\/tr>\n<tr style=\"height: 24px;\">\n<td style=\"width: 25.9108%; height: 24px;\">Moq<\/td>\n<td style=\"width: 86.1633%; height: 24px;\">\u00d6zel i\u00e7in 10000pcs<\/td>\n<\/tr>\n<tr style=\"height: 24px;\">\n<td style=\"width: 25.9108%; height: 24px;\">Teslimat s\u00fcresi<\/td>\n<td style=\"width: 86.1633%; height: 24px;\">Depozito al\u0131nd\u0131ktan 35-45 g\u00fcn sonra.<\/td>\n<\/tr>\n<tr style=\"height: 24px;\">\n<td style=\"width: 25.9108%; height: 24px;\">\u00d6deme s\u00fcresi<\/td>\n<td style=\"width: 86.1633%; height: 24px;\">% 50 depozito, y\u00fcklemeden \u00f6nce% 50 bakiye \u00f6dendi.<\/td>\n<\/tr>\n<\/tbody>\n<\/table>\n<p>Bu parf\u00fcm cam \u015fi\u015fesi modern tasar\u0131m\u0131 dayan\u0131kl\u0131l\u0131kla birle\u015ftirir: ince zanaatl\u0131k kal\u0131n, d\u00f6nmez bir yap\u0131 sa\u011flar ve net, parlak biti\u015fimi taze, serin bir atmosfer verir. Benzersiz \u015fekil renkli bir re\u00e7ine toplu kapak ve alt\u0131n-g\u00fcm\u00fc\u015f sis p\u00fcsk\u00fcrt\u00fcc\u00fcs\u00fc ile daha da parlar - a\u015f\u0131r\u0131 k\u0131yafetler yok, sadece bir dekor aksan\u0131 olarak ayn\u0131 derecede pratik ve \u015f\u0131k bir par\u00e7a.<\/p>\n<p>Bu parf\u00fcm \u015fi\u015fesi s\u00fcrd\u00fcr\u00fclebilirli\u011fi sofistikasyonla birle\u015ftirir. Geri d\u00f6n\u00fc\u015ft\u00fcr\u00fclm\u00fc\u015f amber camdan yap\u0131lan buzlu dokusu \u0131\u015f\u0131\u011f\u0131 yumu\u015fak\u00e7a da\u011f\u0131t\u0131rken, el sanatlar\u0131 taraf\u0131ndan d\u00f6nd\u00fcr\u00fclen bambu kapa\u011f\u0131 s\u0131cakl\u0131k ekler. Yeniden doldurabilir tasar\u0131m at\u0131klar\u0131 azalt\u0131r ve soya m\u00fcrekkebi ile bas\u0131lan minimalist etiket, \u00e7evre dostu esteti\u011fi tamamlar. Toprak veya ah\u015fap kokular\u0131 i\u00e7in m\u00fckemmel, g\u00fczellik konusunda uzla\u015fmay\u0131 reddeden bilin\u00e7li t\u00fcketiciler i\u00e7in \u015f\u0131k bir se\u00e7imdir.<\/p>\n<p>G\u00fczellik ve ki\u015fisel bak\u0131m \u00fcr\u00fcn ambalaj\u0131 alan\u0131nda, pratikli\u011fi, \u00e7evre dostlu\u011fu ve marka uyarlanabilirli\u011fini entegre eden bir konteyner, \u00fcr\u00fcnlerin pazar lehini kazanmas\u0131 i\u00e7in \u00f6nemli bir s\u00fcr\u00fcc\u00fcd\u00fcr. Kesin \u00f6zelliklere sahip parf\u00fcm \u015fi\u015femiz, ayn\u0131 zamanda ola\u011fan\u00fcst\u00fc \u00e7evresel felsefesi, esnek \u00f6zelle\u015ftirme hizmetleri ve geni\u015f uygulama senaryolar\u0131 sayesinde \u00fcr\u00fcnleriniz i\u00e7in ideal ambalaj orta\u011f\u0131 olarak da \u00f6ne \u00e7\u0131kar.<\/p>\n<p>Bu parf\u00fcm \u015fi\u015fesini \u00fc\u00e7 farkl\u0131 kapasitede sunuyoruz: se\u00e7iminiz i\u00e7in 30ml, 50ml ve 100ml. Ayr\u0131ca amber renkte de mevcuttur. Ayr\u0131ca \u00f6zel gereksinimleriniz olarak \u00f6zel renkler, logolar ve bask\u0131 sunuyoruz.<\/p>\n<p>&nbsp;<\/p>\n<table style=\"border-collapse: collapse; width: 100%;\">\n<tbody>\n<tr>\n<td style=\"width: 33.3333%;\" colspan=\"3\"><img decoding=\"async\" class=\"wp-image-3034 alignleft\" src=\"https:\/\/www.cosmepak.com\/wp-content\/uploads\/2024\/12\/8-3.jpg\" alt=\"\" width=\"1344\" height=\"1344\" srcset=\"https:\/\/www.cosmepak.com\/wp-content\/uploads\/2024\/12\/8-3.jpg 1000w, https:\/\/www.cosmepak.com\/wp-content\/uploads\/2024\/12\/8-3-300x300.jpg 300w, https:\/\/www.cosmepak.com\/wp-content\/uploads\/2024\/12\/8-3-150x150.jpg 150w, https:\/\/www.cosmepak.com\/wp-content\/uploads\/2024\/12\/8-3-768x768.jpg 768w, https:\/\/www.cosmepak.com\/wp-content\/uploads\/2024\/12\/8-3-12x12.jpg 12w, https:\/\/www.cosmepak.com\/wp-content\/uploads\/2024\/12\/8-3-600x600.jpg 600w, https:\/\/www.cosmepak.com\/wp-content\/uploads\/2024\/12\/8-3-100x100.jpg 100w\" sizes=\"(max-width: 1344px) 100vw, 1344px\" \/><\/td>\n<\/tr>\n<tr>\n<td style=\"width: 33.3333%;\"><img decoding=\"async\" class=\"alignnone size-full wp-image-3035\" src=\"https:\/\/www.cosmepak.com\/wp-content\/uploads\/2024\/12\/\u8be6\u60c5-10.jpg\" alt=\"\" width=\"1000\" height=\"1000\" srcset=\"https:\/\/www.cosmepak.com\/wp-content\/uploads\/2024\/12\/\u8be6\u60c5-10.jpg 1000w, https:\/\/www.cosmepak.com\/wp-content\/uploads\/2024\/12\/\u8be6\u60c5-10-300x300.jpg 300w, https:\/\/www.cosmepak.com\/wp-content\/uploads\/2024\/12\/\u8be6\u60c5-10-150x150.jpg 150w, https:\/\/www.cosmepak.com\/wp-content\/uploads\/2024\/12\/\u8be6\u60c5-10-768x768.jpg 768w, https:\/\/www.cosmepak.com\/wp-content\/uploads\/2024\/12\/\u8be6\u60c5-10-12x12.jpg 12w, https:\/\/www.cosmepak.com\/wp-content\/uploads\/2024\/12\/\u8be6\u60c5-10-600x600.jpg 600w, https:\/\/www.cosmepak.com\/wp-content\/uploads\/2024\/12\/\u8be6\u60c5-10-100x100.jpg 100w\" sizes=\"(max-width: 1000px) 100vw, 1000px\" \/><\/td>\n<td style=\"width: 33.3333%;\"><img loading=\"lazy\" decoding=\"async\" class=\"alignnone size-full wp-image-3036\" src=\"https:\/\/www.cosmepak.com\/wp-content\/uploads\/2024\/12\/\u8be6\u60c5-11.jpg\" alt=\"\" width=\"1000\" height=\"1000\" srcset=\"https:\/\/www.cosmepak.com\/wp-content\/uploads\/2024\/12\/\u8be6\u60c5-11.jpg 1000w, https:\/\/www.cosmepak.com\/wp-content\/uploads\/2024\/12\/\u8be6\u60c5-11-300x300.jpg 300w, https:\/\/www.cosmepak.com\/wp-content\/uploads\/2024\/12\/\u8be6\u60c5-11-150x150.jpg 150w, https:\/\/www.cosmepak.com\/wp-content\/uploads\/2024\/12\/\u8be6\u60c5-11-768x768.jpg 768w, https:\/\/www.cosmepak.com\/wp-content\/uploads\/2024\/12\/\u8be6\u60c5-11-12x12.jpg 12w, https:\/\/www.cosmepak.com\/wp-content\/uploads\/2024\/12\/\u8be6\u60c5-11-600x600.jpg 600w, https:\/\/www.cosmepak.com\/wp-content\/uploads\/2024\/12\/\u8be6\u60c5-11-100x100.jpg 100w\" sizes=\"(max-width: 1000px) 100vw, 1000px\" \/><\/td>\n<td style=\"width: 33.3333%;\"><img loading=\"lazy\" decoding=\"async\" class=\"alignnone size-full wp-image-3037\" src=\"https:\/\/www.cosmepak.com\/wp-content\/uploads\/2024\/12\/5-3.jpg\" alt=\"\" width=\"1000\" height=\"1000\" srcset=\"https:\/\/www.cosmepak.com\/wp-content\/uploads\/2024\/12\/5-3.jpg 1000w, https:\/\/www.cosmepak.com\/wp-content\/uploads\/2024\/12\/5-3-300x300.jpg 300w, https:\/\/www.cosmepak.com\/wp-content\/uploads\/2024\/12\/5-3-150x150.jpg 150w, https:\/\/www.cosmepak.com\/wp-content\/uploads\/2024\/12\/5-3-768x768.jpg 768w, https:\/\/www.cosmepak.com\/wp-content\/uploads\/2024\/12\/5-3-12x12.jpg 12w, https:\/\/www.cosmepak.com\/wp-content\/uploads\/2024\/12\/5-3-600x600.jpg 600w, https:\/\/www.cosmepak.com\/wp-content\/uploads\/2024\/12\/5-3-100x100.jpg 100w\" sizes=\"(max-width: 1000px) 100vw, 1000px\" \/><\/td>\n<\/tr>\n<\/tbody>\n<\/table>\n<p><img loading=\"lazy\" decoding=\"async\" class=\"alignnone wp-image-3038\" src=\"https:\/\/www.cosmepak.com\/wp-content\/uploads\/2024\/12\/\u8be6\u60c5-4.jpg\" alt=\"\" width=\"1394\" height=\"1394\" srcset=\"https:\/\/www.cosmepak.com\/wp-content\/uploads\/2024\/12\/\u8be6\u60c5-4.jpg 1000w, https:\/\/www.cosmepak.com\/wp-content\/uploads\/2024\/12\/\u8be6\u60c5-4-300x300.jpg 300w, https:\/\/www.cosmepak.com\/wp-content\/uploads\/2024\/12\/\u8be6\u60c5-4-150x150.jpg 150w, https:\/\/www.cosmepak.com\/wp-content\/uploads\/2024\/12\/\u8be6\u60c5-4-768x768.jpg 768w, https:\/\/www.cosmepak.com\/wp-content\/uploads\/2024\/12\/\u8be6\u60c5-4-12x12.jpg 12w, https:\/\/www.cosmepak.com\/wp-content\/uploads\/2024\/12\/\u8be6\u60c5-4-600x600.jpg 600w, https:\/\/www.cosmepak.com\/wp-content\/uploads\/2024\/12\/\u8be6\u60c5-4-100x100.jpg 100w\" sizes=\"(max-width: 1394px) 100vw, 1394px\" \/><\/p>\n<p style=\"text-align: center;\">HAKKIMIZDA<\/p>\n<p>Fabrikam\u0131z 10 y\u0131ldan fazla kozmetik ambalaj \u00fcretiminde uzmanla\u015fm\u0131\u015ft\u0131r. ISO9000 \/ 14000 sertifikas\u0131n\u0131 ge\u00e7mi\u015ftik, SGS ve MSDS de sa\u011flayabiliriz.<br \/>\nHer m\u00fc\u015fteri i\u00e7in d\u00fcr\u00fcst i\u015f ilkesine ba\u011fl\u0131 kal\u0131yoruz.<\/p>\n<p>Cam \u015fi\u015feler, plastik kaplar ve da\u011f\u0131t\u0131m \u00e7\u00f6z\u00fcmleri dahil olmak \u00fczere geni\u015f bir ambalaj \u00fcr\u00fcnleri yelpazesinde uzmanla\u015ft\u0131k. \u00dcr\u00fcnlerimiz kozmetik, ki\u015fisel bak\u0131m ve ev end\u00fcstrilerinde yayg\u0131n olarak kullan\u0131l\u0131r.<\/p>\n<p>Hangzhou Jaunce en iyi se\u00e7iminiz, sadece tedarik\u00e7i de\u011filiz, ayn\u0131 zamanda arkada\u015f\u0131n\u0131z\u0131z, l\u00fctfen birlikte kazanmam\u0131za izin verin.<\/p>\n<p><img loading=\"lazy\" decoding=\"async\" class=\"alignnone size-full wp-image-2391\" src=\"https:\/\/www.cosmepak.com\/wp-content\/uploads\/2025\/06\/factory-has-specialized-in-cosmetic-packaging-manufacturing.webp\" alt=\"\" width=\"1920\" height=\"885\" srcset=\"https:\/\/www.cosmepak.com\/wp-content\/uploads\/2025\/06\/factory-has-specialized-in-cosmetic-packaging-manufacturing.webp 1920w, https:\/\/www.cosmepak.com\/wp-content\/uploads\/2025\/06\/factory-has-specialized-in-cosmetic-packaging-manufacturing-300x138.webp 300w, https:\/\/www.cosmepak.com\/wp-content\/uploads\/2025\/06\/factory-has-specialized-in-cosmetic-packaging-manufacturing-1024x472.webp 1024w, https:\/\/www.cosmepak.com\/wp-content\/uploads\/2025\/06\/factory-has-specialized-in-cosmetic-packaging-manufacturing-768x354.webp 768w, https:\/\/www.cosmepak.com\/wp-content\/uploads\/2025\/06\/factory-has-specialized-in-cosmetic-packaging-manufacturing-1536x708.webp 1536w, https:\/\/www.cosmepak.com\/wp-content\/uploads\/2025\/06\/factory-has-specialized-in-cosmetic-packaging-manufacturing-18x8.webp 18w, https:\/\/www.cosmepak.com\/wp-content\/uploads\/2025\/06\/factory-has-specialized-in-cosmetic-packaging-manufacturing-600x277.webp 600w\" sizes=\"(max-width: 1920px) 100vw, 1920px\" \/><\/p>\n<p>&nbsp;<\/p>","protected":false},"excerpt":{"rendered":"<p>Kapasite: 100ml<\/p>\n<p>Bametrboo packa\u062c\u0631\u0627\u0645\u0628\u0648\u0635\u0629g geri d\u00f6n\u00fc\u015ft\u00fcr\u00fclebilir mi?<\/p>\n<p>Malzeme: Cam<\/p>\n<p>Bahse giriyorsun! Bametrboo do\u011fal olarak bozulur. Ayr\u0131ca geri d\u00f6n\u00fc\u015ft\u00fcr\u00fclebilir. Jaunce\u2019in bambu kozmetik paketi ye\u015fil ve geri d\u00f6n\u00fc\u015f\u00fcm\u00fc kolay hale getirilmi\u015ftir.<\/p>\n<p>Bametrboo neden Packa\u062c\u0631\u0627m\u0131ng i\u00e7in S\u00fcrd\u00fcr\u00fclebilir Malzeme olarak kabul edilir?  - Jaunce end\u00fcstriyel<\/p>\n<p>30\u043c\u0435\u0442\u0440l Cam Temel Paketi \u015ei\u015fe \/ Jaunce<\/p>","protected":false},"featured_media":3039,"comment_status":"closed","ping_status":"closed","template":"","meta":{"_acf_changed":false},"product_brand":[],"product_cat":[17],"product_tag":[],"class_list":{"0":"post-151","1":"product","2":"type-product","3":"status-publish","4":"has-post-thumbnail","6":"product_cat-perfume-bottle","8":"first","9":"outofstock","10":"shipping-taxable","11":"product-type-simple"},"acf":[],"_links":{"self":[{"href":"https:\/\/www.cosmepak.com\/tr\/wp-json\/wp\/v2\/product\/151","targetHints":{"allow":["GET"]}}],"collection":[{"href":"https:\/\/www.cosmepak.com\/tr\/wp-json\/wp\/v2\/product"}],"about":[{"href":"https:\/\/www.cosmepak.com\/tr\/wp-json\/wp\/v2\/types\/product"}],"replies":[{"embeddable":true,"href":"https:\/\/www.cosmepak.com\/tr\/wp-json\/wp\/v2\/comments?post=151"}],"wp:featuredmedia":[{"embeddable":true,"href":"https:\/\/www.cosmepak.com\/tr\/wp-json\/wp\/v2\/media\/3039"}],"wp:attachment":[{"href":"https:\/\/www.cosmepak.com\/tr\/wp-json\/wp\/v2\/media?parent=151"}],"wp:term":[{"taxonomy":"product_brand","embeddable":true,"href":"https:\/\/www.cosmepak.com\/tr\/wp-json\/wp\/v2\/product_brand?post=151"},{"taxonomy":"product_cat","embeddable":true,"href":"https:\/\/www.cosmepak.com\/tr\/wp-json\/wp\/v2\/product_cat?post=151"},{"taxonomy":"product_tag","embeddable":true,"href":"https:\/\/www.cosmepak.com\/tr\/wp-json\/wp\/v2\/product_tag?post=151"}],"curies":[{"name":"wp","href":"https:\/\/api.w.org\/{rel}","templated":true}]}}