{"id":152,"date":"2024-12-31T12:08:02","date_gmt":"2024-12-31T04:08:02","guid":{"rendered":"http:\/\/www.cosmepak.com\/?post_type=product&#038;p=152"},"modified":"2026-04-28T14:14:41","modified_gmt":"2026-04-28T06:14:41","slug":"glass-bottle-140ml-round-dissuser-bottle","status":"publish","type":"product","link":"https:\/\/www.cosmepak.com\/tr\/product\/glass-bottle-140ml-round-dissuser-bottle\/","title":{"rendered":"Cam \u015ei\u015fe \/ 140ml Yuvarlak Dissuser \u015ei\u015fesi"},"content":{"rendered":"<table style=\"border-collapse: collapse; width: 100%;\">\n<tbody>\n<tr>\n<td style=\"width: 45.7802%; text-align: center;\">\u00d6\u011fe Ad\u0131<\/td>\n<td style=\"width: 54.2198%; text-align: center;\">Dif\u00fcz\u00f6r \u015fi\u015fesi<\/td>\n<\/tr>\n<tr>\n<td style=\"width: 45.7802%; text-align: center;\">Kapasite<\/td>\n<td style=\"width: 54.2198%; text-align: center;\">140ml<\/td>\n<\/tr>\n<tr>\n<td style=\"width: 45.7802%; text-align: center;\">Boyut<\/td>\n<td style=\"width: 54.2198%; text-align: center;\">70x 76mm<\/td>\n<\/tr>\n<tr>\n<td style=\"width: 45.7802%; text-align: center;\">Malzeme<\/td>\n<td style=\"width: 54.2198%; text-align: center;\">Bardak<\/td>\n<\/tr>\n<tr>\n<td style=\"width: 45.7802%; text-align: center;\">Renk<\/td>\n<td style=\"width: 54.2198%; text-align: center;\">\u00f6zelle\u015ftirilmi\u015f<\/td>\n<\/tr>\n<tr>\n<td style=\"width: 45.7802%; text-align: center;\">Sanat tedavisi<\/td>\n<td style=\"width: 54.2198%; text-align: center;\">Silks ekran bask\u0131s\u0131, etiketleme.<\/td>\n<\/tr>\n<tr>\n<td style=\"width: 45.7802%; text-align: center;\">Moq<\/td>\n<td style=\"width: 54.2198%; text-align: center;\">5000 pcs<\/td>\n<\/tr>\n<\/tbody>\n<\/table>\n<p><img fetchpriority=\"high\" decoding=\"async\" class=\"alignnone wp-image-1357\" src=\"https:\/\/www.cosmepak.com\/wp-content\/uploads\/2024\/12\/O1CN01H3wXf42GHTelEiJtv_2218387698990-0-cib.jpg\" alt=\"\" width=\"1375\" height=\"1405\" srcset=\"https:\/\/www.cosmepak.com\/wp-content\/uploads\/2024\/12\/O1CN01H3wXf42GHTelEiJtv_2218387698990-0-cib.jpg 790w, https:\/\/www.cosmepak.com\/wp-content\/uploads\/2024\/12\/O1CN01H3wXf42GHTelEiJtv_2218387698990-0-cib-294x300.jpg 294w, https:\/\/www.cosmepak.com\/wp-content\/uploads\/2024\/12\/O1CN01H3wXf42GHTelEiJtv_2218387698990-0-cib-768x785.jpg 768w, https:\/\/www.cosmepak.com\/wp-content\/uploads\/2024\/12\/O1CN01H3wXf42GHTelEiJtv_2218387698990-0-cib-600x613.jpg 600w\" sizes=\"(max-width: 1375px) 100vw, 1375px\" \/><\/p>\n<p>Pick\u0628\u0648\u0635\u0629\u062c\u0631\u0627\u0645 tarz\u0131n\u0131za uygun bir parf\u00fcm \u015fi\u015fesi \u015fekli, kokunuzu ekstra \u00f6zel hissettirir. \u00d6rne\u011fin, yuvarlak \u015fi\u015feler klasik g\u00fczelli\u011fi seven insanlara hitap eder. Bu tasar\u0131mlar yumu\u015fakl\u0131k ve sessiz cazibeyi g\u00f6steriyor. Eski okul g\u00f6r\u00fcn\u00fcm\u00fcn\u00fc seven insanlar i\u00e7in m\u00fckemmeldir.<\/p>\n<p>E\u011fer cesur veya be\u0628\u0648\u0635\u0629\u062c\u0631\u0627\u0645 farkl\u0131 seviyorsan\u0131z, garip veya sanatsal \u015fekiller i\u00e7in gidin. Serin, soyut tasar\u0131mlar \u00f6zg\u00fcr ruhlu parf\u00fcmetreleri temsil eder. Bu cesur g\u00f6r\u00fcn\u00fcmler yeni fikirler ve benzersiz bir tarz g\u00f6steriyor. \u00d6zg\u00fcr bir kalbi olanlar i\u00e7in m\u00fckemmeldir.<\/p>\n<p>S1: Unbox\u0628\u0648\u0635\u0629\u062c\u0631\u0627\u0645, al\u0131c\u0131lar\u0131 bir markaya sad\u0131k tutmaya nas\u0131l yard\u0131mc\u0131 olur?<\/p>\n<p>\u0130yi planlanan bir unbox\u0628\u0648\u0635\u0629\u062c\u0631\u0627\u0645 metroment, al\u0131c\u0131larla kalp ba\u011flant\u0131s\u0131 olu\u015fturur. Markaya ba\u011fl\u0131 kalma olas\u0131l\u0131\u011f\u0131n\u0131 art\u0131r\u0131yor.<\/p>\n<p>S2: Parf\u00fcm \u015fi\u015feleri neden sanat olarak g\u00f6r\u00fcl\u00fcr?<\/p>\n<p>Perfumer \u015fi\u015feler porno \u00f6tesinde onlar\u0131n i\u015f. Onlar kim oldu\u011funuzu ve d\u00fcnyan\u0131n yerini temsil ediyorlar. Sanatsal g\u00f6r\u00fcn\u00fcmleri onlar\u0131 toplamaya ve g\u00f6stermeye de\u011fer hale getirir.<\/p>\n<p>Q3: Jaunce\u2019un desi\u062c\u0631\u0627mlar\u0131 hangi metirlerde dikkat \u00e7ekiyor?<\/p>\n<p>Jaunce, zengin malzemeler ve fantezi dokunu\u015flarla cesur \u015fekilleri kar\u0131\u015ft\u0131r\u0131r. Bir\u00e7ok zevke uygun benzersiz bir paket olu\u015ftururlar.<\/p>\n<p>Neden Parf\u00fcmetre \u015ei\u015fe Desi\u062c\u0631\u0627mn \u00d6nemli Bir Rol Oynuyor B\u00f6se Marka Kimli\u011fi - Jaunce industrial<\/p>\n<p>\u00dcr\u00fcnler - Jaunce Inchdustrial - Sayfa 3<\/p>\n<p>Kozmetik \u015ei\u015feler Neden \u00d6nemlidir?<\/p>\n<p>Kozmetik \u015ei\u015feler \u00dcr\u00fcnleri Nas\u0131l Koruyor?<\/p>\n<p>&nbsp;<\/p>\n<p><img decoding=\"async\" class=\"alignnone wp-image-1356\" src=\"https:\/\/www.cosmepak.com\/wp-content\/uploads\/2024\/12\/1-2.jpg\" alt=\"\" width=\"1399\" height=\"1399\" srcset=\"https:\/\/www.cosmepak.com\/wp-content\/uploads\/2024\/12\/1-2.jpg 1000w, https:\/\/www.cosmepak.com\/wp-content\/uploads\/2024\/12\/1-2-300x300.jpg 300w, https:\/\/www.cosmepak.com\/wp-content\/uploads\/2024\/12\/1-2-150x150.jpg 150w, https:\/\/www.cosmepak.com\/wp-content\/uploads\/2024\/12\/1-2-768x768.jpg 768w, https:\/\/www.cosmepak.com\/wp-content\/uploads\/2024\/12\/1-2-600x600.jpg 600w, https:\/\/www.cosmepak.com\/wp-content\/uploads\/2024\/12\/1-2-100x100.jpg 100w\" sizes=\"(max-width: 1399px) 100vw, 1399px\" \/><\/p>\n<p>L\u00fcks 30metrl Temel Cam \u015ei\u015fe \/ Jaunce<br \/>\n<strong>30metrl Yuvarlak Temel Cam \u015ei\u015fe \/ Jaunce<\/strong><br \/>\n15 metre kare Temel Cam \u015ei\u015fe \/ Jaunce<br \/>\n25m3 kare Temel Cam \u015ei\u015fe \/ Jaunce<br \/>\n<strong>30metrl Losyon Pompas\u0131 Vakf\u0131 Cam \u015ei\u015fe \/ Jaunce<\/strong><br \/>\n30\u0645\u062a\u0631l lunful Out Pa\u0628\u0648\u0635\u0629tin\u062c\u0631\u0627\u0645 \u0645\u0631\u0628\u0639 Foundation Cam \u015ei\u015fe \/ Jaunce<br \/>\n30metrl S\u0131v\u0131 Temel \u015ei\u015fesi Toplu Kapakl\u0131 \/ Jaunce<br \/>\n<strong>Toplu Kapakl\u0131 \/ Jaunce ile 30metrl Transaparent Vakf\u0131 \u015ei\u015fesi<\/strong><br \/>\n45metrl Yuvarlak Omuz Cam Vakf\u0131 \u015ei\u015fesi \/ Jaunce<br \/>\nVak\u0131f \u015ei\u015fesi - Jaunce \u0628\u0648\u0635\u0629dustrial<br \/>\n<strong>Eserli Ya\u011f \u015ei\u015fesi-20metrl Eserli Ya\u011f Cam \u015ei\u015fesi \/ Jaunce<\/strong><br \/>\nEserli Ya\u011f \u015ei\u015fesi-Ametrber Eserli Ya\u011f Cam \u015ei\u015fesi \/ Jaunce<br \/>\nEserli Ya\u011f \u015ei\u015fesi-Hi\u062c\u0631\u0627mah Kaliteli Kozmetik Paketleri Eserli Ya\u011f Cam \u015ei\u015fesi\/Jaunce<br \/>\n<strong>Eserli Ya\u011f \u015ei\u015fesi-Boston Yuvarlak Cam Serummetre \u015ei\u015fesi \/ Jaunce # 2<\/strong><br \/>\nEserli Ya\u011f \u015ei\u015fesi-En \u0130yi Fiyat 100metrl Cam Damla \u015ei\u015fesi \/ Jaunce<br \/>\n10\u043c\u0435\u0442\u0440l Toplu \u015ei\u015fe Roll\u0628\u0648\u0635\u0629\u062c\u0631\u0627\u0645 \u015ei\u015fe Cam \u015ei\u015feler Eserli Ya\u011f \u015ei\u015feleri \/ Jaunce<br \/>\n<strong>5\u043c\u0435\u0442\u0440l Kozmetik Cam \u015ei\u015fe \/ Jaunce<\/strong><br \/>\nKahverengi Cam Li\u062c\u0631\u0627mht Kan\u0131tl\u0131 Eserli Ya\u011f Damla \u015ei\u015fesi \/ Jaunce<br \/>\n5-100metrl Kahverengi Cam Boston \u015ei\u015fesi \/ Jaunce<br \/>\n<strong>30\u0645\u062a\u0631l Volcanic \u0623\u0633\u0641\u0644 Dropper Bottle\/Jaunce<\/strong><br \/>\nSkbossa Bak\u0131m Serumu \/ Jaunce i\u00e7in 1-5\u043c\u0435\u0442\u0440l Cam \u015ei\u015fe Damlas\u0131<br \/>\nEserli Ya\u011f \u015ei\u015fesi - Jaunce \u0628\u0648\u0635\u0629dustrial<br \/>\n<strong>T\u00fcketiciler Neden Daha S\u00fcrd\u00fcr\u00fclebilir G\u00fczellik Ambalajlar\u0131 \u0130stiyor?<\/strong><br \/>\nKozmetikte S\u00fcrd\u00fcr\u00fclebilirli\u011fe Hareket Etken Nedir?<br \/>\nMuhtemelen en sevdi\u011finiz g\u00fczellik itemetrs \u00fczerinde \u062c\u0631\u0627\u0645reener packag\u0628\u0648\u0635\u062a g fark ettiniz. Bu bir kaza de\u011fil. Bug\u00fcn insanlar ger\u00e7ekten do\u011fay\u0131 \u00f6nemsiyorlar. Bu, kozmetik ambalajlar\u0131n nas\u0131l yap\u0131ld\u0131\u011f\u0131n\u0131 de\u011fi\u015ftirir. Al\u0131c\u0131lar ambalaj\u0131n nas\u0131l \u00e7al\u0131\u015ft\u0131\u011f\u0131n\u0131, d\u00fcnyaya nas\u0131l yard\u0131mc\u0131 oldu\u011funu ve nas\u0131l g\u00f6r\u00fcnd\u00fc\u011f\u00fcn\u00fc d\u00fc\u015f\u00fcn\u00fcyorlar. Bu itme, markalar\u0131n d\u00fcnya dostu \u015feyler se\u00e7mesini sa\u011flar. Ayr\u0131ca t\u00fcm tedarik zincirini yeniden d\u00fc\u015f\u00fcn\u00fcyorlar.<\/p>\n<table style=\"border-collapse: collapse; width: 100%;\">\n<tbody>\n<tr>\n<td style=\"width: 50%;\"><img decoding=\"async\" class=\"alignnone size-full wp-image-1346\" src=\"https:\/\/www.cosmepak.com\/wp-content\/uploads\/2024\/12\/company_\u526f\u672c.jpg\" alt=\"\" width=\"1060\" height=\"764\" srcset=\"https:\/\/www.cosmepak.com\/wp-content\/uploads\/2024\/12\/company_\u526f\u672c.jpg 1060w, https:\/\/www.cosmepak.com\/wp-content\/uploads\/2024\/12\/company_\u526f\u672c-300x216.jpg 300w, https:\/\/www.cosmepak.com\/wp-content\/uploads\/2024\/12\/company_\u526f\u672c-1024x738.jpg 1024w, https:\/\/www.cosmepak.com\/wp-content\/uploads\/2024\/12\/company_\u526f\u672c-768x554.jpg 768w, https:\/\/www.cosmepak.com\/wp-content\/uploads\/2024\/12\/company_\u526f\u672c-600x432.jpg 600w\" sizes=\"(max-width: 1060px) 100vw, 1060px\" \/><\/td>\n<td style=\"width: 50%;\">Fabrikam\u0131z 10 y\u0131ldan fazla kozmetik ambalaj \u00fcretimi konusunda uzmanla\u015fm\u0131\u015ft\u0131r;<\/p>\n<p>\u2611  \u015eimdi cam \u015fi\u015feler i\u00e7in 1 fabrikam\u0131z var, kapasite g\u00fcnde 400.000 adet olabilir.<br \/>\n\u2611  Plastik \u015fi\u015feler i\u00e7in 1 fabrika, kapasite g\u00fcnde 50.000 adet olabilir.<br \/>\n\u2611  Mezun \u015fi\u015feler i\u00e7in 1 fabrika, kapasite 100.000 adet \/ g\u00fcn olabilir.<br \/>\nISO9000 \/ 14000 sertifikas\u0131n\u0131 ge\u00e7mi\u015ftik, SGS ve MSDS de sa\u011flayabiliriz.<br \/>\nHer m\u00fc\u015fteri i\u00e7in d\u00fcr\u00fcst i\u015f ilkesine ba\u011fl\u0131 kal\u0131yoruz.<br \/>\n\u0130\u015fbirli\u011fi i\u00e7in ho\u015f geldiniz!<\/td>\n<\/tr>\n<\/tbody>\n<\/table>\n<p><img loading=\"lazy\" decoding=\"async\" class=\"alignnone size-full wp-image-1347\" src=\"https:\/\/www.cosmepak.com\/wp-content\/uploads\/2024\/12\/\u9996\u987519202_03.jpg\" alt=\"\" width=\"1920\" height=\"885\" srcset=\"https:\/\/www.cosmepak.com\/wp-content\/uploads\/2024\/12\/\u9996\u987519202_03.jpg 1920w, https:\/\/www.cosmepak.com\/wp-content\/uploads\/2024\/12\/\u9996\u987519202_03-300x138.jpg 300w, https:\/\/www.cosmepak.com\/wp-content\/uploads\/2024\/12\/\u9996\u987519202_03-1024x472.jpg 1024w, https:\/\/www.cosmepak.com\/wp-content\/uploads\/2024\/12\/\u9996\u987519202_03-768x354.jpg 768w, https:\/\/www.cosmepak.com\/wp-content\/uploads\/2024\/12\/\u9996\u987519202_03-1536x708.jpg 1536w, https:\/\/www.cosmepak.com\/wp-content\/uploads\/2024\/12\/\u9996\u987519202_03-600x277.jpg 600w\" sizes=\"(max-width: 1920px) 100vw, 1920px\" \/><\/p>\n<p>&nbsp;<\/p>\n<p>&nbsp;<\/p>\n<div><\/div>","protected":false},"excerpt":{"rendered":"<p>Malzeme: Cam<\/p>\n<p>Kapasite: 140ml<\/p>\n<p>Renk: Kabul edin (mevcut herhangi bir pantone rengi)<\/p>\n<p>Boyut \uff1a OD: 70mm;<\/p>\n<p>MOQ: \u00d6zelle\u015ftirilmi\u015f i\u00e7in 10000pcs<\/p>\n<p>Uygulama: Yatak Odas\u0131 \/ Oturma Odas\u0131 \/ Ofis \/ Tuvalet vb.<\/p>","protected":false},"featured_media":1262,"comment_status":"closed","ping_status":"closed","template":"","meta":{"_acf_changed":false},"product_brand":[],"product_cat":[17],"product_tag":[],"class_list":{"0":"post-152","1":"product","2":"type-product","3":"status-publish","4":"has-post-thumbnail","6":"product_cat-perfume-bottle","8":"first","9":"outofstock","10":"shipping-taxable","11":"product-type-simple"},"acf":[],"_links":{"self":[{"href":"https:\/\/www.cosmepak.com\/tr\/wp-json\/wp\/v2\/product\/152","targetHints":{"allow":["GET"]}}],"collection":[{"href":"https:\/\/www.cosmepak.com\/tr\/wp-json\/wp\/v2\/product"}],"about":[{"href":"https:\/\/www.cosmepak.com\/tr\/wp-json\/wp\/v2\/types\/product"}],"replies":[{"embeddable":true,"href":"https:\/\/www.cosmepak.com\/tr\/wp-json\/wp\/v2\/comments?post=152"}],"wp:featuredmedia":[{"embeddable":true,"href":"https:\/\/www.cosmepak.com\/tr\/wp-json\/wp\/v2\/media\/1262"}],"wp:attachment":[{"href":"https:\/\/www.cosmepak.com\/tr\/wp-json\/wp\/v2\/media?parent=152"}],"wp:term":[{"taxonomy":"product_brand","embeddable":true,"href":"https:\/\/www.cosmepak.com\/tr\/wp-json\/wp\/v2\/product_brand?post=152"},{"taxonomy":"product_cat","embeddable":true,"href":"https:\/\/www.cosmepak.com\/tr\/wp-json\/wp\/v2\/product_cat?post=152"},{"taxonomy":"product_tag","embeddable":true,"href":"https:\/\/www.cosmepak.com\/tr\/wp-json\/wp\/v2\/product_tag?post=152"}],"curies":[{"name":"wp","href":"https:\/\/api.w.org\/{rel}","templated":true}]}}