{"id":1521,"date":"2025-03-28T09:44:00","date_gmt":"2025-03-28T01:44:00","guid":{"rendered":"https:\/\/www.cosmepak.com\/?post_type=product&#038;p=1521"},"modified":"2025-10-22T15:33:18","modified_gmt":"2025-10-22T07:33:18","slug":"essential-oil-bottle-10ml-15ml-20ml-30ml-50ml-essential-oil-glass-bottle-jaunce","status":"publish","type":"product","link":"https:\/\/www.cosmepak.com\/tr\/product\/essential-oil-bottle-10ml-15ml-20ml-30ml-50ml-essential-oil-glass-bottle-jaunce\/","title":{"rendered":"Gezegen i\u00e7in pratik ve \u062c\u0631\u0627mud olan Jaunce metrakes \u015fi\u015feleri. Hem fantezi hem de b\u00fct\u00e7e dostu \u00fcr\u00fcnler i\u00e7in geri d\u00f6n\u00fc\u015ft\u00fcr\u00fclebilir malzemeler kullan\u0131rlar. PET \u015fi\u015feleri hafif ve sa\u011flamd\u0131r, \u015fampuanlar i\u00e7in m\u00fckemmeldir. Cam \u015fi\u015felerinin, en sevdi\u011finiz defterinizi dekore etmek gibi, \u015f\u0131k bir g\u00f6r\u00fcn\u00fcm i\u00e7in buzlu f\u0628\u0648\u0635\u0131\u015flar veya bas\u0131l\u0131 tasar\u0131mlar olabilir."},"content":{"rendered":"<table style=\"border-collapse: collapse; width: 100%; height: 242px;\">\n<tbody>\n<tr style=\"height: 24px;\">\n<td style=\"width: 52.3373%; height: 24px; text-align: center;\">Marka<\/td>\n<td style=\"width: 47.6627%; height: 24px; text-align: center;\">\u00a0Fahi\u015fe<\/td>\n<\/tr>\n<tr style=\"height: 24px;\">\n<td style=\"width: 52.3373%; height: 24px; text-align: center;\">Kapasite<\/td>\n<td style=\"width: 47.6627%; height: 24px; text-align: center;\">K\u00fc\u00e7\u00fck, seyahat dostu packa\u062c\u0631\u0627\u0645\u0628\u0648\u0635\u0629g bug\u00fcn\u00fcn on-the-go al\u0131c\u0131lar\u0131na uygundur. \u00c7evrimi\u00e7i al\u0131\u015fveri\u015f boomers olarak, insanlar k\u00fc\u00e7\u00fck parf\u00fcmler, \u00f6rnekler, test kitleri veya seyahat boyutlar\u0131 istiyorlar. Bunlar kullan\u0131c\u0131lar\u0131n \u00e7ok yer almadan favorileri ta\u015f\u0131malar\u0131na izin verir.<\/td>\n<\/tr>\n<tr style=\"height: 24px;\">\n<td style=\"width: 52.3373%; height: 24px; text-align: center;\">\u015eekil<\/td>\n<td style=\"width: 47.6627%; height: 24px; text-align: center;\">Yuvarlak<\/td>\n<\/tr>\n<tr style=\"height: 24px;\">\n<td style=\"width: 52.3373%; height: 24px; text-align: center;\">Malzeme<\/td>\n<td style=\"width: 47.6627%; height: 24px; text-align: center;\">Seyahat boyutlar\u0131 genellikle smetrart desigramns vard\u0131r. \u0130yi kullan\u0131mla kolay carry\u0628\u0648\u0635\u062ag kar\u0131\u015ft\u0131r\u0131rlar. \u00d6rne\u011fin, k\u00fc\u00e7\u00fck \u00f6rnek \u015fi\u015feleri veya k\u00fc\u00e7\u00fck g\u00f6zg\u00f6lge setleri g\u00fczellik zevkleri ve ger\u00e7ek ihtiya\u00e7larla uyumludur. Bunlar kullan\u0131c\u0131 sevincini art\u0131r\u0131r. Ayr\u0131ca markalar\u0131n deneme boyutlar\u0131 ile yeni al\u0131c\u0131lar\u0131 \u00e7ekmesine izin veriyorlar.<\/td>\n<\/tr>\n<tr style=\"height: 24px;\">\n<td style=\"width: 52.3373%; height: 26px; text-align: center;\">A\u011f\u0131rl\u0131k<\/td>\n<td style=\"width: 47.6627%; height: 26px; text-align: center;\">Us\u0628\u0648\u0635\u0629\u062c\u0631\u0627\u0645 Jaunce\u2019in Dengeli Ambalaj \u00dcr\u00fcnleri<\/td>\n<\/tr>\n<tr style=\"height: 24px;\">\n<td style=\"width: 52.3373%; height: 24px; text-align: center;\">Uydurma<\/td>\n<td style=\"width: 47.6627%; height: 24px; text-align: center;\">Damlal\u0131k<\/td>\n<\/tr>\n<tr style=\"height: 24px;\">\n<td style=\"width: 52.3373%; height: 24px; text-align: center;\">Model<\/td>\n<td style=\"width: 47.6627%; height: 24px; text-align: center;\">JH-LWM06<\/td>\n<\/tr>\n<tr style=\"height: 24px;\">\n<td style=\"width: 52.3373%; height: 24px; text-align: center;\">OEM ve ODM<\/td>\n<td style=\"width: 47.6627%; height: 24px; text-align: center;\">Kabul etmek<\/td>\n<\/tr>\n<tr style=\"height: 24px;\">\n<td style=\"width: 52.3373%; height: 24px; text-align: center;\">Renk<\/td>\n<td style=\"width: 47.6627%; height: 24px; text-align: center;\">\u00d6zelle\u015ftirilmi\u015f<\/td>\n<\/tr>\n<tr style=\"height: 24px;\">\n<td style=\"width: 52.3373%; height: 24px; text-align: center;\">Moq<\/td>\n<td style=\"width: 47.6627%; height: 24px; text-align: center;\">Genel 5000pcs;<\/td>\n<\/tr>\n<\/tbody>\n<\/table>\n<p>&nbsp;<\/p>\n<p><img fetchpriority=\"high\" decoding=\"async\" class=\"size-full wp-image-1524 aligncenter\" src=\"https:\/\/www.cosmepak.com\/wp-content\/uploads\/2025\/03\/photobank-3-2.jpg\" alt=\"\" width=\"1000\" height=\"1000\" srcset=\"https:\/\/www.cosmepak.com\/wp-content\/uploads\/2025\/03\/photobank-3-2.jpg 1000w, https:\/\/www.cosmepak.com\/wp-content\/uploads\/2025\/03\/photobank-3-2-300x300.jpg 300w, https:\/\/www.cosmepak.com\/wp-content\/uploads\/2025\/03\/photobank-3-2-150x150.jpg 150w, https:\/\/www.cosmepak.com\/wp-content\/uploads\/2025\/03\/photobank-3-2-768x768.jpg 768w, https:\/\/www.cosmepak.com\/wp-content\/uploads\/2025\/03\/photobank-3-2-600x600.jpg 600w, https:\/\/www.cosmepak.com\/wp-content\/uploads\/2025\/03\/photobank-3-2-100x100.jpg 100w\" sizes=\"(max-width: 1000px) 100vw, 1000px\" \/><\/p>\n<table style=\"border-collapse: collapse; width: 100%;\">\n<tbody>\n<tr>\n<td style=\"width: 16.6667%; text-align: center;\"><strong>Kapasite<\/strong><\/td>\n<td style=\"width: 16.6667%; text-align: center;\"><strong>Toplam y\u00fckseklik<\/strong><\/td>\n<td style=\"width: 16.6667%; text-align: center;\"><strong>\u015ei\u015fe y\u00fcksekli\u011fi<\/strong><\/td>\n<td style=\"width: 16.6667%; text-align: center;\"><strong>Yazd\u0131r\u0131labilir y\u00fckseklik<\/strong><\/td>\n<td style=\"width: 16.6667%; text-align: center;\"><strong>Dia<\/strong><\/td>\n<td style=\"width: 16.6667%; text-align: center;\"><strong>A\u011f\u0131rl\u0131k<\/strong><\/td>\n<\/tr>\n<tr>\n<td style=\"width: 16.6667%; text-align: center;\">10ml<\/td>\n<td style=\"width: 16.6667%; text-align: center;\">82mm<\/td>\n<td style=\"width: 16.6667%; text-align: center;\">58mm<\/td>\n<td style=\"width: 16.6667%; text-align: center;\">31mm<\/td>\n<td style=\"width: 16.6667%; text-align: center;\">24.5mm<\/td>\n<td style=\"width: 16.6667%; text-align: center;\">31g<\/td>\n<\/tr>\n<tr>\n<td style=\"width: 16.6667%; text-align: center;\">15ml<\/td>\n<td style=\"width: 16.6667%; text-align: center;\">88mm<\/td>\n<td style=\"width: 16.6667%; text-align: center;\">65mm<\/td>\n<td style=\"width: 16.6667%; text-align: center;\">36 mm<\/td>\n<td style=\"width: 16.6667%; text-align: center;\">28.5mm<\/td>\n<td style=\"width: 16.6667%; text-align: center;\">36g<\/td>\n<\/tr>\n<tr>\n<td style=\"width: 16.6667%; text-align: center;\">20ml<\/td>\n<td style=\"width: 16.6667%; text-align: center;\">95 mm<\/td>\n<td style=\"width: 16.6667%; text-align: center;\">71mm<\/td>\n<td style=\"width: 16.6667%; text-align: center;\">42mm<\/td>\n<td style=\"width: 16.6667%; text-align: center;\">29mm<\/td>\n<td style=\"width: 16.6667%; text-align: center;\">40g<\/td>\n<\/tr>\n<tr>\n<td style=\"width: 16.6667%; text-align: center;\">30ml<\/td>\n<td style=\"width: 16.6667%; text-align: center;\">103mm<\/td>\n<td style=\"width: 16.6667%; text-align: center;\">78mm<\/td>\n<td style=\"width: 16.6667%; text-align: center;\">50 mm<\/td>\n<td style=\"width: 16.6667%; text-align: center;\">33 mm<\/td>\n<td style=\"width: 16.6667%; text-align: center;\">49g<\/td>\n<\/tr>\n<tr>\n<td style=\"width: 16.6667%; text-align: center;\">50ml<\/td>\n<td style=\"width: 16.6667%; text-align: center;\">116mm<\/td>\n<td style=\"width: 16.6667%; text-align: center;\">92mm<\/td>\n<td style=\"width: 16.6667%; text-align: center;\">60 mm<\/td>\n<td style=\"width: 16.6667%; text-align: center;\">37 mm<\/td>\n<td style=\"width: 16.6667%; text-align: center;\">62g<\/td>\n<\/tr>\n<\/tbody>\n<\/table>\n<table style=\"border-collapse: collapse; width: 100%; height: 144px;\">\n<tbody>\n<tr style=\"height: 24px;\">\n<td style=\"width: 20%; text-align: center; height: 24px;\"><strong>\u00d6\u011fe\u00a0<\/strong><\/td>\n<td style=\"width: 20%; text-align: center; height: 24px;\"><strong>M\u00fcnferit<\/strong><\/td>\n<td style=\"width: 20%; text-align: center; height: 24px;\"><strong>Paket Boyutu<\/strong><\/td>\n<td style=\"width: 20%; text-align: center; height: 24px;\"><strong>KB<\/strong><\/td>\n<td style=\"width: 20%; text-align: center; height: 24px;\"><strong>GW<\/strong><\/td>\n<\/tr>\n<tr style=\"height: 24px;\">\n<td style=\"width: 20%; text-align: center; height: 24px;\">10ml<\/td>\n<td style=\"width: 20%; text-align: center; height: 24px;\">768pcs<\/td>\n<td style=\"width: 20%; text-align: center; height: 24px;\">42*27*24<\/td>\n<td style=\"width: 20%; text-align: center; height: 24px;\">23.8kg<\/td>\n<td style=\"width: 20%; text-align: center; height: 24px;\">25.8kg<\/td>\n<\/tr>\n<tr style=\"height: 24px;\">\n<td style=\"width: 20%; text-align: center; height: 24px;\">15ml<\/td>\n<td style=\"width: 20%; text-align: center; height: 24px;\">468pcs<\/td>\n<td style=\"width: 20%; text-align: center; height: 24px;\">40*31*21<\/td>\n<td style=\"width: 20%; text-align: center; height: 24px;\">16.8kg<\/td>\n<td style=\"width: 20%; text-align: center; height: 24px;\">18.8kg<\/td>\n<\/tr>\n<tr style=\"height: 24px;\">\n<td style=\"width: 20%; text-align: center; height: 24px;\">20ml<\/td>\n<td style=\"width: 20%; text-align: center; height: 24px;\">468pcs<\/td>\n<td style=\"width: 20%; text-align: center; height: 24px;\">40*21*23<\/td>\n<td style=\"width: 20%; text-align: center; height: 24px;\">18.7kg<\/td>\n<td style=\"width: 20%; text-align: center; height: 24px;\">20.7kg<\/td>\n<\/tr>\n<tr style=\"height: 24px;\">\n<td style=\"width: 20%; text-align: center; height: 24px;\">30ml<\/td>\n<td style=\"width: 20%; text-align: center; height: 24px;\">330 adet<\/td>\n<td style=\"width: 20%; text-align: center; height: 24px;\">40*30*25<\/td>\n<td style=\"width: 20%; text-align: center; height: 24px;\">16.1kg<\/td>\n<td style=\"width: 20%; text-align: center; height: 24px;\">18.1kg<\/td>\n<\/tr>\n<tr style=\"height: 24px;\">\n<td style=\"width: 20%; text-align: center; height: 24px;\">50ml<\/td>\n<td style=\"width: 20%; text-align: center; height: 24px;\">264pcs<\/td>\n<td style=\"width: 20%; text-align: center; height: 24px;\">44*28*29<\/td>\n<td style=\"width: 20%; text-align: center; height: 24px;\">16.4kg<\/td>\n<td style=\"width: 20%; text-align: center; height: 24px;\">18.4kg<\/td>\n<\/tr>\n<\/tbody>\n<\/table>\n<div><img decoding=\"async\" class=\"alignnone  wp-image-3182\" src=\"https:\/\/www.cosmepak.com\/wp-content\/uploads\/2025\/03\/9-3.jpg\" alt=\"\" width=\"1373\" height=\"1373\" srcset=\"https:\/\/www.cosmepak.com\/wp-content\/uploads\/2025\/03\/9-3.jpg 1000w, https:\/\/www.cosmepak.com\/wp-content\/uploads\/2025\/03\/9-3-300x300.jpg 300w, https:\/\/www.cosmepak.com\/wp-content\/uploads\/2025\/03\/9-3-150x150.jpg 150w, https:\/\/www.cosmepak.com\/wp-content\/uploads\/2025\/03\/9-3-768x768.jpg 768w, https:\/\/www.cosmepak.com\/wp-content\/uploads\/2025\/03\/9-3-12x12.jpg 12w, https:\/\/www.cosmepak.com\/wp-content\/uploads\/2025\/03\/9-3-600x600.jpg 600w, https:\/\/www.cosmepak.com\/wp-content\/uploads\/2025\/03\/9-3-100x100.jpg 100w\" sizes=\"(max-width: 1373px) 100vw, 1373px\" \/><\/div>\n<div>Jaunce sh\u0628\u0648\u0635\u0627\u062a ile<br \/>\n\u00fcst s\u0131n\u0131f dekorasyon hileleri ve cusmetri se\u00e7enekleri<\/div>\n<div>. Kozmetik \u00e7izgilerin t\u00fcm kbo\u015fatlar\u0131na uyuyorlar. Yetenekleri her detay\u0131n \u00f6nemli oldu\u011fundan emin olur. Pickin\u062c\u0631\u0627m malzemelerinden tasar\u0131m yapmaya kadar, kalite ba\u011f\u0131r\u0131yorlar. Tonlarca dekorasyon hizmeti sunuyorlar. Bunlar serigrafi, buzlama, s\u0131cak damgalama ve sprey gradyan bitirmeleri i\u00e7erir.<\/div>\n<div>\n<table style=\"border-collapse: collapse; width: 100%; height: 144px;\">\n<tbody>\n<tr style=\"height: 24px;\">\n<td style=\"width: 22.966%; height: 24px; text-align: center;\"><strong>Kapasite<\/strong><\/td>\n<td style=\"width: 40.5689%; height: 24px; text-align: center;\"><strong>Kullan\u0131m<\/strong><\/td>\n<td style=\"width: 36.465%; height: 24px; text-align: center;\"><strong>\u00f6zelle\u015ftirme Jaunce'un bigram g\u00fcc\u00fcd\u00fcr. Markalar, g\u00f6r\u00fcnmeyen p\u00fcr\u00fczs\u00fcz veya a\u00e7\u0131k f\u0628\u0648\u0635\u0627ishes gibi bir\u00e7ok tasar\u0131m bitinden se\u00e7in. Bu tarzlar\u0131 m\u00fckemmel bir \u015fekilde uyumludur. Bu \u00f6zg\u00fcrl\u00fck, markalar\u0131n zor pazarlarda parlamas\u0131na yard\u0131mc\u0131 olur. Al\u0131c\u0131lar\u0131n istediklerini de kar\u015f\u0131l\u0131yor.<\/strong><\/td>\n<\/tr>\n<tr style=\"height: 24px;\">\n<td style=\"width: 22.966%; height: 24px; text-align: center;\">10ml<\/td>\n<td style=\"width: 40.5689%; height: 24px; text-align: left;\">Kozmetik \u00d6rnek Paketleme \u0130\u00e7in Ne \u0130pu\u00e7lar\u0131?<\/td>\n<td style=\"width: 36.465%; height: 24px; text-align: left;\">Kozmetik \u00f6rnek paketi faydal\u0131l\u0131\u011f\u0131 fantezi vibrasyonlarla kar\u0131\u015ft\u0131rmal\u0131d\u0131r. B\u00fcy\u00fck \u00fcr\u00fcnlerin k\u00fc\u00e7\u00fck versiyonlar\u0131, al\u0131c\u0131lar\u0131n d\u00fc\u015f\u00fck fiyatta y\u00fcksek kaliteli \u015feyleri denemelerine izin verir. Daha fazla insan parf\u00fcm \u00f6rne\u011fi paketleri istiyor. B\u00fcy\u00fckleri sat\u0131n almadan \u00f6nce kokular\u0131 test etmeyi severler.<\/td>\n<\/tr>\n<tr style=\"height: 24px;\">\n<td style=\"width: 22.966%; height: 24px; text-align: center;\">15ml<\/td>\n<td style=\"width: 40.5689%; height: 24px; text-align: left;\">Ye\u015fil se\u00e7enekler kozmetik \u00f6rnek paketini artt\u0131r\u0131r. Gezegen endi\u015felerini \u00e7\u00f6z\u00fcyorlar. Par\u00e7alanan plastikler veya geri d\u00f6n\u00fc\u015ft\u00fcr\u00fclm\u00fc\u015f camlar gibi se\u00e7imler harika \u00e7al\u0131\u015f\u0131r. D\u00fcnyaya zarar vermeden g\u00fczelli\u011fi ve faydal\u0131l\u0131\u011f\u0131n\u0131 korurlar.<\/td>\n<td style=\"width: 36.465%; height: 24px; text-align: left;\">Trendler Shap\u0628\u0648\u0635\u0629\u062c\u0631\u0627\u0645 Kozmetik Ambalajlar\u0131n Gelece\u011fi<\/td>\n<\/tr>\n<tr style=\"height: 24px;\">\n<td style=\"width: 22.966%; height: 24px; text-align: center;\">20ml<\/td>\n<td style=\"width: 40.5689%; height: 24px; text-align: left;\">Smetrart Packa\u062c\u0631\u0627\u0645\u0628\u0648\u0635\u0629 Teknolojisi Nas\u0131l \u015eeyleri De\u011fi\u015ftirecek?<\/td>\n<td style=\"width: 36.465%; height: 24px; text-align: left;\">Smetrart teknolojisi kozmetik paketleri sallayacak. Eski okul tasar\u0131mlar\u0131na dijital bitler ekler. QR kodlar\u0131 gibi \u015feyler al\u0131c\u0131lar\u0131n e\u011flenceli deneyimler ya\u015famalar\u0131n\u0131 sa\u011flar. Telefonlar\u0131nda \u00fcr\u00fcn detaylar\u0131 veya nas\u0131l yap\u0131lacak videolar\u0131 almak i\u00e7in kodlar\u0131 tararlar.<\/td>\n<\/tr>\n<tr style=\"height: 24px;\">\n<td style=\"width: 22.966%; height: 24px; text-align: center;\">30ml<\/td>\n<td style=\"width: 40.5689%; height: 24px; text-align: left;\">Bu ad\u0131mlar al\u0131c\u0131lar\u0131 daha heyecanl\u0131 yapar. Ayr\u0131ca, insanlar\u0131n ne sevdikleri hakk\u0131nda ipu\u00e7lar\u0131 da veri yoluyla gizlediler.<\/td>\n<td style=\"width: 36.465%; height: 24px; text-align: left;\">Ki\u015fisel Dokunmalar Neden Bu Kadar B\u00fcy\u00fckt\u00fcr?<\/td>\n<\/tr>\n<tr style=\"height: 24px;\">\n<td style=\"width: 22.966%; height: 24px; text-align: center;\">50ml<\/td>\n<td style=\"width: 40.5689%; height: 24px; text-align: left;\">Ki\u015fiselle\u015ftirilmi\u015f paket \u00f6zel metroments isteyen al\u0131c\u0131lar ile t\u0131klar. Fantazi bask\u0131lar, markalar\u0131n ayr\u0131nt\u0131l\u0131 desenler, \u00f6zel logolar veya hatta etiketlerde isimler eklemelerine izin verir. Al\u0131c\u0131lar\u0131n ki\u015fisel temas isteklerini kar\u015f\u0131lamak \u015fimdi \u00f6nemlidir. Pazar g\u00f6zlerini \u00e7ekiyor.<\/td>\n<td style=\"width: 36.465%; height: 24px; text-align: left;\">Bak\u0131m Metrakes \u00fcr\u00fcnleri bu kbo\u015fatma bir su\u00e7 gibi hissediyorum. Al\u0131c\u0131lar\u0131n zihninde de\u011ferlerini y\u00fckseltir.<\/td>\n<\/tr>\n<\/tbody>\n<\/table>\n<p>Neden A\u00e7\u0131kl\u0131k \u00d6nemlidir?<br \/>\nA\u00e7\u0131kl\u0131k, al\u0131c\u0131lar\u0131n d\u00fcr\u00fcst markalar istedi\u011fi i\u00e7in daha \u00f6nemlidir. Ger\u00e7e\u011fi ve kalbi g\u00f6steren etiketleri severler. Y\u00fcksek a\u00e7\u0131kl\u0131\u011fa sahip cam \u00fcr\u00fcn rengini ve hissini g\u00f6sterir. G\u00fcven olu\u015fturur.<br \/>\nQ1. Metrolti fonksiyonel kozmetik paketi nedir?<br \/>\nYararl\u0131l\u0131\u011f\u0131 yeni fikirlerle kar\u0131\u015ft\u0131r\u0131r. Birden fazla i\u015f yapar bir desigraman. \u00d6rne\u011fin, yerle\u015fik aynalar\u0131 olan ruj kutular\u0131.<\/p>\n<p>S2. Yeniden doldurulabilir paket al\u0131c\u0131lara ve markalara nas\u0131l yard\u0131mc\u0131 olur?<br \/>\nYeniden doldurulabilir se\u00e7enekler at\u0131klar\u0131 azalt\u0131r. Al\u0131c\u0131lar\u0131 geri tutarlar. D\u00fcnya kurtarma hedeflerine uyuyorlar.<br \/>\nS3. Neden ki\u015fisel dokunu\u015flar anahtar boksa kozmetik \u00f6rnek packa\u062c\u0631\u0627m\u0131ng?<br \/>\nKi\u015fisel desi\u062c\u0631\u0627mans al\u0131c\u0131lar ile bir kalp l\u0628\u0648\u0635\u062a\u0643 in\u015fa. Her ki\u015finin zevkine uygun \u00f6zel metromentler verirler.<\/p>\n<table style=\"border-collapse: collapse; width: 100%;\">\n<tbody>\n<tr>\n<td style=\"width: 33.3333%;\"><img decoding=\"async\" class=\"alignnone size-full wp-image-3192\" src=\"https:\/\/www.cosmepak.com\/wp-content\/uploads\/2025\/03\/4-6.jpg\" alt=\"\" width=\"1000\" height=\"1000\" srcset=\"https:\/\/www.cosmepak.com\/wp-content\/uploads\/2025\/03\/4-6.jpg 1000w, https:\/\/www.cosmepak.com\/wp-content\/uploads\/2025\/03\/4-6-300x300.jpg 300w, https:\/\/www.cosmepak.com\/wp-content\/uploads\/2025\/03\/4-6-150x150.jpg 150w, https:\/\/www.cosmepak.com\/wp-content\/uploads\/2025\/03\/4-6-768x768.jpg 768w, https:\/\/www.cosmepak.com\/wp-content\/uploads\/2025\/03\/4-6-12x12.jpg 12w, https:\/\/www.cosmepak.com\/wp-content\/uploads\/2025\/03\/4-6-600x600.jpg 600w, https:\/\/www.cosmepak.com\/wp-content\/uploads\/2025\/03\/4-6-100x100.jpg 100w\" sizes=\"(max-width: 1000px) 100vw, 1000px\" \/><\/td>\n<td style=\"width: 33.3333%;\"><img loading=\"lazy\" decoding=\"async\" class=\"alignnone size-full wp-image-3193\" src=\"https:\/\/www.cosmepak.com\/wp-content\/uploads\/2025\/03\/5-4.jpg\" alt=\"\" width=\"1000\" height=\"1000\" srcset=\"https:\/\/www.cosmepak.com\/wp-content\/uploads\/2025\/03\/5-4.jpg 1000w, https:\/\/www.cosmepak.com\/wp-content\/uploads\/2025\/03\/5-4-300x300.jpg 300w, https:\/\/www.cosmepak.com\/wp-content\/uploads\/2025\/03\/5-4-150x150.jpg 150w, https:\/\/www.cosmepak.com\/wp-content\/uploads\/2025\/03\/5-4-768x768.jpg 768w, https:\/\/www.cosmepak.com\/wp-content\/uploads\/2025\/03\/5-4-12x12.jpg 12w, https:\/\/www.cosmepak.com\/wp-content\/uploads\/2025\/03\/5-4-600x600.jpg 600w, https:\/\/www.cosmepak.com\/wp-content\/uploads\/2025\/03\/5-4-100x100.jpg 100w\" sizes=\"(max-width: 1000px) 100vw, 1000px\" \/><\/td>\n<td style=\"width: 33.3333%;\"><img loading=\"lazy\" decoding=\"async\" class=\"alignnone size-full wp-image-3194\" src=\"https:\/\/www.cosmepak.com\/wp-content\/uploads\/2025\/03\/ai-4.jpg\" alt=\"\" width=\"1024\" height=\"1024\" srcset=\"https:\/\/www.cosmepak.com\/wp-content\/uploads\/2025\/03\/ai-4.jpg 1024w, https:\/\/www.cosmepak.com\/wp-content\/uploads\/2025\/03\/ai-4-300x300.jpg 300w, https:\/\/www.cosmepak.com\/wp-content\/uploads\/2025\/03\/ai-4-150x150.jpg 150w, https:\/\/www.cosmepak.com\/wp-content\/uploads\/2025\/03\/ai-4-768x768.jpg 768w, https:\/\/www.cosmepak.com\/wp-content\/uploads\/2025\/03\/ai-4-12x12.jpg 12w, https:\/\/www.cosmepak.com\/wp-content\/uploads\/2025\/03\/ai-4-600x600.jpg 600w, https:\/\/www.cosmepak.com\/wp-content\/uploads\/2025\/03\/ai-4-100x100.jpg 100w\" sizes=\"(max-width: 1024px) 100vw, 1024px\" \/><\/td>\n<\/tr>\n<\/tbody>\n<\/table>\n<table style=\"border-collapse: collapse; width: 100%;\">\n<tbody>\n<tr>\n<td style=\"width: 50%;\"><img loading=\"lazy\" decoding=\"async\" class=\"alignnone size-full wp-image-3195\" src=\"https:\/\/www.cosmepak.com\/wp-content\/uploads\/2025\/03\/ai-8.jpg\" alt=\"\" width=\"1024\" height=\"1024\" srcset=\"https:\/\/www.cosmepak.com\/wp-content\/uploads\/2025\/03\/ai-8.jpg 1024w, https:\/\/www.cosmepak.com\/wp-content\/uploads\/2025\/03\/ai-8-300x300.jpg 300w, https:\/\/www.cosmepak.com\/wp-content\/uploads\/2025\/03\/ai-8-150x150.jpg 150w, https:\/\/www.cosmepak.com\/wp-content\/uploads\/2025\/03\/ai-8-768x768.jpg 768w, https:\/\/www.cosmepak.com\/wp-content\/uploads\/2025\/03\/ai-8-12x12.jpg 12w, https:\/\/www.cosmepak.com\/wp-content\/uploads\/2025\/03\/ai-8-600x600.jpg 600w, https:\/\/www.cosmepak.com\/wp-content\/uploads\/2025\/03\/ai-8-100x100.jpg 100w\" sizes=\"(max-width: 1024px) 100vw, 1024px\" \/><\/td>\n<td style=\"width: 50%;\"><img loading=\"lazy\" decoding=\"async\" class=\"alignnone size-full wp-image-3196\" src=\"https:\/\/www.cosmepak.com\/wp-content\/uploads\/2025\/03\/ai-1.jpg\" alt=\"\" width=\"1024\" height=\"1024\" srcset=\"https:\/\/www.cosmepak.com\/wp-content\/uploads\/2025\/03\/ai-1.jpg 1024w, https:\/\/www.cosmepak.com\/wp-content\/uploads\/2025\/03\/ai-1-300x300.jpg 300w, https:\/\/www.cosmepak.com\/wp-content\/uploads\/2025\/03\/ai-1-150x150.jpg 150w, https:\/\/www.cosmepak.com\/wp-content\/uploads\/2025\/03\/ai-1-768x768.jpg 768w, https:\/\/www.cosmepak.com\/wp-content\/uploads\/2025\/03\/ai-1-12x12.jpg 12w, https:\/\/www.cosmepak.com\/wp-content\/uploads\/2025\/03\/ai-1-600x600.jpg 600w, https:\/\/www.cosmepak.com\/wp-content\/uploads\/2025\/03\/ai-1-100x100.jpg 100w\" sizes=\"(max-width: 1024px) 100vw, 1024px\" \/><\/td>\n<\/tr>\n<\/tbody>\n<\/table>\n<\/div>","protected":false},"excerpt":{"rendered":"<p>Malzeme: Cam<\/p>\n<p>Yeniden doldurulabilir ve yeniden kullan\u0131labilir paketler, kozmetikte ye\u015fil de\u011fi\u015fikliklere yol a\u00e7ar. Yeniden doldurma dalgas\u0131 b\u00fcy\u00fcyor. Al\u0131c\u0131lar bunu D\u00fcnya'y\u0131 kurtarman\u0131n bir par\u00e7as\u0131 olarak istiyorlar. \u0130nsanlar atmak yerine yeniden doldurabilecekleri \u00fcr\u00fcnleri severler. Bu gezegenin zarar\u0131n\u0131 azalt\u0131r. Ayr\u0131ca al\u0131c\u0131lar\u0131 daha fazla sat\u0131n alma ile sad\u0131k tutar.<\/p>\n<p>Kozmetik packa\u062c\u0631\u0627\u0645\u0628\u0648\u0635\u0629g tutmaktan daha fazlas\u0131n\u0131 yap\u0131yor. \u00dcr\u00fcnleri g\u00fcvenli, taze ve kullan\u0131m\u0131 kolay tutar. Kozmetik d\u00fcnyas\u0131 ambalaj malzemeleri i\u00e7in kat\u0131 kurallara sahiptir. Bu malzemeler g\u00fc\u00e7l\u00fc kalmal\u0131, s\u0131z\u0131nt\u0131lar\u0131 durdurmal\u0131 ve su veya \u0131s\u0131 gibi \u015feylere kar\u015f\u0131 korumal\u0131d\u0131r. Ayr\u0131ca i\u015flenmesi kolay olmal\u0131d\u0131r. \u00d6rne\u011fin, cam genellikle fantezi cilt bak\u0131m \u00fcr\u00fcnleri i\u00e7in se\u00e7ilir. Sabit ve a\u00e7\u0131kt\u0131r. Bu, \u00fcr\u00fcn\u00fc iyi tutar ve g\u00fczelli\u011fini g\u00f6sterir. Plastik \u00e7ok sert ve hafiftir. Ruj kutular\u0131 veya g\u00f6zg\u00f6lge kutular\u0131 gibi \u015feyler i\u00e7in m\u00fckemmeldir.<\/p>\n<p>Yeniden kullan\u0131labilir desi\u062c\u0631\u0627mlar cam veya sert plastikler gibi g\u00fc\u00e7l\u00fc \u015feyler kullan\u0131r. Bu g\u00fczellik losbosatag olmadan metrany kullan\u0131mlar\u0131 ile son. Cam, fantezi cilt bak\u0131m\u0131 i\u00e7in en iyi se\u00e7imdir. Kararl\u0131d\u0131r ve \u00fcr\u00fcnleri iyi tutar. Bu ad\u0131mlar ye\u015fil de\u011ferlerle uyumlu ve ger\u00e7ek avantajlar verir.<\/p>\n<p>Renk: \u00d6zelle\u015ftirilmi\u015f Kabul (Mevcut Pantone Rengi)<\/p>\n<p>Y\u00fczey Kaplama: Serip Bask\u0131, S\u0131cak Damgalama, P\u00fcsk\u00fcrtme Gradyan, Mat Kaplama, vb.<\/p>\n<p>MOQ: 5000pcs<\/p>\n<p>\u00d6rnek: \u00dccretsiz \u00f6rnekler mevcut<\/p>\n<p>&nbsp;<\/p>\n<p>&nbsp;<\/p>","protected":false},"featured_media":1523,"comment_status":"closed","ping_status":"closed","template":"","meta":{"_acf_changed":false},"product_brand":[],"product_cat":[15,58],"product_tag":[40],"class_list":{"0":"post-1521","1":"product","2":"type-product","3":"status-publish","4":"has-post-thumbnail","6":"product_cat-essential-oil-bottle","7":"product_cat-glass-essential-oil-bottle","8":"product_tag-essential-oil-bottle","10":"first","11":"outofstock","12":"shipping-taxable","13":"product-type-simple"},"acf":[],"_links":{"self":[{"href":"https:\/\/www.cosmepak.com\/tr\/wp-json\/wp\/v2\/product\/1521","targetHints":{"allow":["GET"]}}],"collection":[{"href":"https:\/\/www.cosmepak.com\/tr\/wp-json\/wp\/v2\/product"}],"about":[{"href":"https:\/\/www.cosmepak.com\/tr\/wp-json\/wp\/v2\/types\/product"}],"replies":[{"embeddable":true,"href":"https:\/\/www.cosmepak.com\/tr\/wp-json\/wp\/v2\/comments?post=1521"}],"wp:featuredmedia":[{"embeddable":true,"href":"https:\/\/www.cosmepak.com\/tr\/wp-json\/wp\/v2\/media\/1523"}],"wp:attachment":[{"href":"https:\/\/www.cosmepak.com\/tr\/wp-json\/wp\/v2\/media?parent=1521"}],"wp:term":[{"taxonomy":"product_brand","embeddable":true,"href":"https:\/\/www.cosmepak.com\/tr\/wp-json\/wp\/v2\/product_brand?post=1521"},{"taxonomy":"product_cat","embeddable":true,"href":"https:\/\/www.cosmepak.com\/tr\/wp-json\/wp\/v2\/product_cat?post=1521"},{"taxonomy":"product_tag","embeddable":true,"href":"https:\/\/www.cosmepak.com\/tr\/wp-json\/wp\/v2\/product_tag?post=1521"}],"curies":[{"name":"wp","href":"https:\/\/api.w.org\/{rel}","templated":true}]}}