{"id":1568,"date":"2025-03-28T13:25:37","date_gmt":"2025-03-28T05:25:37","guid":{"rendered":"https:\/\/www.cosmepak.com\/?post_type=product&#038;p=1568"},"modified":"2025-09-03T16:14:24","modified_gmt":"2025-09-03T08:14:24","slug":"350ml-foam-plastic-cosmetic-bottle-jaunce","status":"publish","type":"product","link":"https:\/\/www.cosmepak.com\/tr\/product\/350ml-foam-plastic-cosmetic-bottle-jaunce\/","title":{"rendered":"350ml K\u00f6p\u00fck Plastik Kozmetik \u015ei\u015fe \/ Jaunce"},"content":{"rendered":"<table style=\"border-collapse: collapse; width: 100%; height: 168px;\">\n<tbody>\n<tr style=\"height: 24px;\">\n<td style=\"width: 33.3333%; height: 168px;\" rowspan=\"7\"><img fetchpriority=\"high\" decoding=\"async\" class=\"alignnone size-full wp-image-1569\" src=\"https:\/\/www.cosmepak.com\/wp-content\/uploads\/2025\/03\/1-2.jpg\" alt=\"plastik \u015fi\u015fe\" width=\"1000\" height=\"1000\" srcset=\"https:\/\/www.cosmepak.com\/wp-content\/uploads\/2025\/03\/1-2.jpg 1000w, https:\/\/www.cosmepak.com\/wp-content\/uploads\/2025\/03\/1-2-300x300.jpg 300w, https:\/\/www.cosmepak.com\/wp-content\/uploads\/2025\/03\/1-2-150x150.jpg 150w, https:\/\/www.cosmepak.com\/wp-content\/uploads\/2025\/03\/1-2-768x768.jpg 768w, https:\/\/www.cosmepak.com\/wp-content\/uploads\/2025\/03\/1-2-600x600.jpg 600w, https:\/\/www.cosmepak.com\/wp-content\/uploads\/2025\/03\/1-2-100x100.jpg 100w\" sizes=\"(max-width: 1000px) 100vw, 1000px\" \/><\/td>\n<td style=\"width: 13.6311%; height: 24px;\">Marka<\/td>\n<td style=\"width: 53.0355%; height: 24px;\">Fahi\u015fe<\/td>\n<\/tr>\n<tr style=\"height: 24px;\">\n<td style=\"width: 13.6311%; height: 24px;\">Model<\/td>\n<td style=\"width: 53.0355%; height: 24px;\">JH-LWMJ13<\/td>\n<\/tr>\n<tr style=\"height: 24px;\">\n<td style=\"width: 13.6311%; height: 24px;\">Kapak<\/td>\n<td style=\"width: 53.0355%; height: 24px;\">350ml<\/td>\n<\/tr>\n<tr style=\"height: 24px;\">\n<td style=\"width: 13.6311%; height: 24px;\">A\u011f\u0131rl\u0131k<\/td>\n<td style=\"width: 53.0355%; height: 24px;\">60.1g<\/td>\n<\/tr>\n<tr style=\"height: 24px;\">\n<td style=\"width: 13.6311%; height: 24px;\">Renk<\/td>\n<td style=\"width: 53.0355%; height: 24px;\">\u00f6zelle\u015ftirilmi\u015f<\/td>\n<\/tr>\n<tr style=\"height: 24px;\">\n<td style=\"width: 13.6311%; height: 24px;\">Malzeme<\/td>\n<td style=\"width: 53.0355%; height: 24px;\">PET ve PP<\/td>\n<\/tr>\n<tr style=\"height: 24px;\">\n<td style=\"width: 13.6311%; height: 24px;\">Boyut<\/td>\n<td style=\"width: 53.0355%; height: 24px;\">72.5*118mm<\/td>\n<\/tr>\n<\/tbody>\n<\/table>\n<p>K\u00f6p\u00fck pompal\u0131 350ml yuvarlak omuz \u015fi\u015fesi, rengi \u00f6zelle\u015ftirin.<\/p>\n<table style=\"border-collapse: collapse; width: 100%;\">\n<tbody>\n<tr>\n<td style=\"width: 16.6667%; text-align: center;\">Kapasite<\/td>\n<td style=\"width: 16.6667%; text-align: center;\">Toplam y\u00fckseklik<\/td>\n<td style=\"width: 16.6667%; text-align: center;\">\u015ei\u015fe y\u00fcksekli\u011fi<\/td>\n<td style=\"width: 16.6667%; text-align: center;\">Yazd\u0131r\u0131labilir y\u00fckseklik<\/td>\n<td style=\"width: 16.6667%; text-align: center;\">Dia<\/td>\n<td style=\"width: 16.6667%; text-align: center;\">A\u011f\u0131rl\u0131k<\/td>\n<\/tr>\n<tr>\n<td style=\"width: 16.6667%; text-align: center;\">350ml<\/td>\n<td style=\"width: 16.6667%; text-align: center;\">169.5mm<\/td>\n<td style=\"width: 16.6667%; text-align: center;\">118mm<\/td>\n<td style=\"width: 16.6667%; text-align: center;\">82mm<\/td>\n<td style=\"width: 16.6667%; text-align: center;\">72.5mm<\/td>\n<td style=\"width: 16.6667%; text-align: center;\">60.1g<\/td>\n<\/tr>\n<\/tbody>\n<\/table>\n<p><img decoding=\"async\" class=\"alignnone wp-image-1554\" src=\"https:\/\/www.cosmepak.com\/wp-content\/uploads\/2025\/03\/11-2.jpg\" alt=\"plastik k\u00f6p\u00fck \u015fi\u015fe\" width=\"1379\" height=\"1379\" srcset=\"https:\/\/www.cosmepak.com\/wp-content\/uploads\/2025\/03\/11-2.jpg 1000w, https:\/\/www.cosmepak.com\/wp-content\/uploads\/2025\/03\/11-2-300x300.jpg 300w, https:\/\/www.cosmepak.com\/wp-content\/uploads\/2025\/03\/11-2-150x150.jpg 150w, https:\/\/www.cosmepak.com\/wp-content\/uploads\/2025\/03\/11-2-768x768.jpg 768w, https:\/\/www.cosmepak.com\/wp-content\/uploads\/2025\/03\/11-2-600x600.jpg 600w, https:\/\/www.cosmepak.com\/wp-content\/uploads\/2025\/03\/11-2-100x100.jpg 100w\" sizes=\"(max-width: 1379px) 100vw, 1379px\" \/> <img decoding=\"async\" class=\"alignnone wp-image-1555\" src=\"https:\/\/www.cosmepak.com\/wp-content\/uploads\/2025\/03\/13.jpg\" alt=\"\" width=\"684\" height=\"684\" srcset=\"https:\/\/www.cosmepak.com\/wp-content\/uploads\/2025\/03\/13.jpg 1000w, https:\/\/www.cosmepak.com\/wp-content\/uploads\/2025\/03\/13-300x300.jpg 300w, https:\/\/www.cosmepak.com\/wp-content\/uploads\/2025\/03\/13-150x150.jpg 150w, https:\/\/www.cosmepak.com\/wp-content\/uploads\/2025\/03\/13-768x768.jpg 768w, https:\/\/www.cosmepak.com\/wp-content\/uploads\/2025\/03\/13-600x600.jpg 600w, https:\/\/www.cosmepak.com\/wp-content\/uploads\/2025\/03\/13-100x100.jpg 100w\" sizes=\"(max-width: 684px) 100vw, 684px\" \/> <img loading=\"lazy\" decoding=\"async\" class=\"alignnone wp-image-1556\" src=\"https:\/\/www.cosmepak.com\/wp-content\/uploads\/2025\/03\/12.jpg\" alt=\"\" width=\"684\" height=\"684\" srcset=\"https:\/\/www.cosmepak.com\/wp-content\/uploads\/2025\/03\/12.jpg 1000w, https:\/\/www.cosmepak.com\/wp-content\/uploads\/2025\/03\/12-300x300.jpg 300w, https:\/\/www.cosmepak.com\/wp-content\/uploads\/2025\/03\/12-150x150.jpg 150w, https:\/\/www.cosmepak.com\/wp-content\/uploads\/2025\/03\/12-768x768.jpg 768w, https:\/\/www.cosmepak.com\/wp-content\/uploads\/2025\/03\/12-600x600.jpg 600w, https:\/\/www.cosmepak.com\/wp-content\/uploads\/2025\/03\/12-100x100.jpg 100w\" sizes=\"(max-width: 684px) 100vw, 684px\" \/><\/p>\n<p><img loading=\"lazy\" decoding=\"async\" class=\"alignnone wp-image-1557\" src=\"https:\/\/www.cosmepak.com\/wp-content\/uploads\/2025\/03\/3-2.jpg\" alt=\"K\u00f6p\u00fck pompa \u015fi\u015fesi\" width=\"1375\" height=\"1375\" srcset=\"https:\/\/www.cosmepak.com\/wp-content\/uploads\/2025\/03\/3-2.jpg 1000w, https:\/\/www.cosmepak.com\/wp-content\/uploads\/2025\/03\/3-2-300x300.jpg 300w, https:\/\/www.cosmepak.com\/wp-content\/uploads\/2025\/03\/3-2-150x150.jpg 150w, https:\/\/www.cosmepak.com\/wp-content\/uploads\/2025\/03\/3-2-768x768.jpg 768w, https:\/\/www.cosmepak.com\/wp-content\/uploads\/2025\/03\/3-2-600x600.jpg 600w, https:\/\/www.cosmepak.com\/wp-content\/uploads\/2025\/03\/3-2-100x100.jpg 100w\" sizes=\"(max-width: 1375px) 100vw, 1375px\" \/><\/p>\n<p class=\"ai-center-markdown-p\"><strong class=\"ai-center-markdown-strong\">\u00dcr\u00fcn Tan\u0131t\u0131m\u0131: 350ml Y\u00fcz Y\u0131kama PE K\u00f6p\u00fck Da\u011f\u0131t\u0131c\u0131 Ta\u015f\u0131nabilir K\u00f6p\u00fck \u015ei\u015fe<\/strong><\/p>\n<p class=\"ai-center-markdown-p\">Cilt bak\u0131m rutininiz i\u00e7in m\u00fckemmel bir \u00e7\u00f6z\u00fcm olan 350ml Y\u00fcz Y\u0131kama PE K\u00f6p\u00fck Dispenserimizi tan\u0131t\u0131yoruz. Bu ta\u015f\u0131nabilir k\u00f6p\u00fck \u015fi\u015fe, l\u00fcks ve uygun bir y\u00fcz y\u0131kama deneyimi sa\u011flamak i\u00e7in tasarlanm\u0131\u015ft\u0131r, ister siz&#8217; Evde ya da yolda.<\/p>\n<h3 id=\"key-features\" class=\"ai-center-markdown-h3\">Ana \u00d6zellikler:<\/h3>\n<ul class=\"ai-center-markdown-ul\">\n<li class=\"ai-center-markdown-li\"><strong class=\"ai-center-markdown-strong\">Y\u00fcksek Kaliteli Malzeme<\/strong>: Dayan\u0131kl\u0131 PE'den (Polietilen) yap\u0131lm\u0131\u015f bu k\u00f6p\u00fcrl\u00fc da\u011f\u0131t\u0131c\u0131 sa\u011flam ve uzun \u00f6m\u00fcrl\u00fcd\u00fcr. Y\u00fcz y\u0131kaman\u0131z\u0131n g\u00fcvenli bir \u015fekilde saklanmas\u0131n\u0131 ve kolayca da\u011f\u0131t\u0131lmas\u0131n\u0131 sa\u011flar.<\/li>\n<li class=\"ai-center-markdown-li\"><strong class=\"ai-center-markdown-strong\">C\u00f6mert Kapasite<\/strong>: 350 ml kapasitesi ile, \u00f6nemli miktarda y\u00fcz y\u0131kama depolayabilir ve s\u0131k s\u0131k doldurma ihtiyac\u0131n\u0131 azaltabilirsiniz.<\/li>\n<li class=\"ai-center-markdown-li\"><strong class=\"ai-center-markdown-strong\">K\u00f6p\u00fck Pompas\u0131<\/strong>Yenilik\u00e7i k\u00f6p\u00fcrme pompas\u0131, s\u0131v\u0131 y\u00fcz y\u0131kamas\u0131n\u0131 zengin, kremli bir k\u00f6p\u00fcre d\u00f6n\u00fc\u015ft\u00fcr\u00fcr ve yumu\u015fak ve etkili bir temizleme deneyimi sa\u011flar. Bu \u00f6zellik, her seferinde do\u011fru miktarda \u00fcr\u00fcn kullanman\u0131z\u0131 sa\u011flar.<\/li>\n<li class=\"ai-center-markdown-li\"><strong class=\"ai-center-markdown-strong\">Ta\u015f\u0131nabilir Tasar\u0131m<\/strong>: \u015ei\u015fenin kompakt ve hafif tasar\u0131m\u0131, \u00e7antan\u0131zda veya bagaj\u0131n\u0131zda ta\u015f\u0131man\u0131 kolayla\u015ft\u0131r\u0131r. Bu&#8217; Seyahat, spor salonu veya g\u00fcnl\u00fck kullan\u0131m i\u00e7in m\u00fckemmel.<\/li>\n<li class=\"ai-center-markdown-li\" data-spm-anchor-id=\"0.8443394.0.i8.44063e5fx2hZJW\"><strong class=\"ai-center-markdown-strong\">S\u0131zd\u0131rmaya dayan\u0131kl\u0131<\/strong>: G\u00fcvenli kapak ve s\u0131k\u0131 m\u00fch\u00fcrl\u00fck s\u0131z\u0131nt\u0131lar\u0131 \u00f6nler, y\u00fcz\u00fcn\u00fcz\u00fcn \u015fi\u015fenin i\u00e7inde kalmas\u0131n\u0131 sa\u011flar ve &#8217; t bir karma\u015f\u0131kl\u0131k yarat\u0131r.<\/li>\n<li class=\"ai-center-markdown-li\"><strong class=\"ai-center-markdown-strong\">\u00c7evre Dostu<\/strong>: Yeniden kullan\u0131labilir ve yeniden doldurulabilir, bu da\u011f\u0131t\u0131c\u0131 plastik at\u0131klar\u0131 azaltmaya yard\u0131mc\u0131 olur ve bunu \u00e7evre dostu bir se\u00e7im haline getirir.<\/li>\n<\/ul>\n<h3 id=\"benefits\" class=\"ai-center-markdown-h3\">Faydalar\u0131:<\/h3>\n<ul class=\"ai-center-markdown-ul\">\n<li class=\"ai-center-markdown-li\"><strong class=\"ai-center-markdown-strong\">Cilt \u00fczerinde nazik<\/strong>K\u00f6p\u00fcr\u00fcc\u00fc eylem, hassas cilt dahil olmak \u00fczere t\u00fcm cilt tiplerine uygun hale getiren nazik bir uygulama sa\u011flar.<\/li>\n<li class=\"ai-center-markdown-li\"><strong class=\"ai-center-markdown-strong\">Verimli Kullan\u0131m<\/strong>K\u00f6p\u00fck pompas\u0131, y\u00fcz y\u0131kamas\u0131n\u0131n daha iyi da\u011f\u0131t\u0131m\u0131n\u0131 sa\u011flar ve her damlada en iyi \u015fekilde yararlanman\u0131z\u0131 sa\u011flar.<\/li>\n<li class=\"ai-center-markdown-li\"><strong class=\"ai-center-markdown-strong\">Uygun<\/strong>Ta\u015f\u0131nabilirli\u011fi, cildinizin temiz ve taze kalmas\u0131n\u0131 sa\u011flayarak cilt bak\u0131m rutininizi nerede olursan\u0131z olun s\u00fcrd\u00fcrebilmeniz anlam\u0131na gelir.<\/li>\n<\/ul>\n<h3 id=\"usage-instructions\" class=\"ai-center-markdown-h3\">Kullan\u0131m talimatlar\u0131:<\/h3>\n<ol class=\"ai-center-markdown-ol\" start=\"1\">\n<li class=\"ai-center-markdown-li\"><strong class=\"ai-center-markdown-strong\">\u015ei\u015feyi doldurun<\/strong>: \u00dcst\u00fcn\u00fc vidadan \u00e7\u0131kar\u0131n ve \u015fi\u015feyi en sevdi\u011finiz s\u0131v\u0131 y\u00fcz y\u0131kama ile doldurun.<\/li>\n<li class=\"ai-center-markdown-li\"><strong class=\"ai-center-markdown-strong\">Kapa\u011f\u0131 G\u00fcvenle\u015ftirin<\/strong>: Herhangi bir s\u0131z\u0131nt\u0131y\u0131 \u00f6nlemek i\u00e7in \u00fcst\u00fcn\u00fc s\u0131k\u0131ca geri vidalay\u0131n.<\/li>\n<li class=\"ai-center-markdown-li\"><strong class=\"ai-center-markdown-strong\">K\u00f6p\u00fck Pompas\u0131<\/strong>: Elerinize zengin bir k\u00f6p\u00fck da\u011f\u0131tmak i\u00e7in pompaya bas\u0131n.<\/li>\n<li class=\"ai-center-markdown-li\"><strong class=\"ai-center-markdown-strong\">Y\u00fcze uygulay\u0131n<\/strong>: K\u00f6p\u00fc\u011f\u00fc \u0131slak y\u00fcz\u00fcn\u00fcze dairesel hareketlerle hafif\u00e7e masaj edin.<\/li>\n<li class=\"ai-center-markdown-li\"><strong class=\"ai-center-markdown-strong\">Durulay\u0131n<\/strong>: Su ile iyice durulay\u0131n ve temiz, yenilenmi\u015f cildinizin tad\u0131n\u0131 \u00e7\u0131kar\u0131n.<\/li>\n<\/ol>\n<h3 id=\"conclusion\" class=\"ai-center-markdown-h3\">Sonu\u00e7:<\/h3>\n<p class=\"ai-center-markdown-p\">350ml Y\u00fcz Y\u0131kama PE K\u00f6p\u00fck Da\u011f\u0131t\u0131c\u0131 Ta\u015f\u0131nabilir K\u00f6p\u00fck \u015ei\u015fesi cilt bak\u0131m arsenal\u0131n\u0131za gerekli bir eklentidir. Pratik tasar\u0131m\u0131, ta\u015f\u0131nabilirlik ve verimlilik kolayl\u0131\u011f\u0131 ile birle\u015ftirilmi\u015f, y\u00fcz y\u0131kama rutinini geli\u015ftirmek isteyen herkes i\u00e7in zorunlu bir yer haline getirir. Y\u00fcksek kaliteli da\u011f\u0131t\u0131c\u0131m\u0131zla k\u00f6p\u00fcrl\u00fc y\u00fcz y\u0131kaman\u0131n kolayl\u0131\u011f\u0131n\u0131 ve l\u00fcks\u00fcn\u00fc benimseyin.<\/p>\n<table style=\"border-collapse: collapse; width: 100%;\">\n<tbody>\n<tr>\n<td style=\"width: 40.1818%;\"><\/td>\n<td style=\"width: 59.8182%;\"><\/td>\n<\/tr>\n<\/tbody>\n<\/table>\n<p><img loading=\"lazy\" decoding=\"async\" class=\"alignnone size-full wp-image-1347\" src=\"https:\/\/www.cosmepak.com\/wp-content\/uploads\/2024\/12\/\u9996\u987519202_03.jpg\" alt=\"fabrika g\u00f6sterisi\" width=\"1920\" height=\"885\" srcset=\"https:\/\/www.cosmepak.com\/wp-content\/uploads\/2024\/12\/\u9996\u987519202_03.jpg 1920w, https:\/\/www.cosmepak.com\/wp-content\/uploads\/2024\/12\/\u9996\u987519202_03-300x138.jpg 300w, https:\/\/www.cosmepak.com\/wp-content\/uploads\/2024\/12\/\u9996\u987519202_03-1024x472.jpg 1024w, https:\/\/www.cosmepak.com\/wp-content\/uploads\/2024\/12\/\u9996\u987519202_03-768x354.jpg 768w, https:\/\/www.cosmepak.com\/wp-content\/uploads\/2024\/12\/\u9996\u987519202_03-1536x708.jpg 1536w, https:\/\/www.cosmepak.com\/wp-content\/uploads\/2024\/12\/\u9996\u987519202_03-600x277.jpg 600w\" sizes=\"(max-width: 1920px) 100vw, 1920px\" \/><\/p>\n<p><img loading=\"lazy\" decoding=\"async\" class=\"alignnone size-full wp-image-1348\" src=\"https:\/\/www.cosmepak.com\/wp-content\/uploads\/2024\/12\/\u9996\u987519202_04.jpg\" alt=\"\" width=\"1920\" height=\"694\" srcset=\"https:\/\/www.cosmepak.com\/wp-content\/uploads\/2024\/12\/\u9996\u987519202_04.jpg 1920w, https:\/\/www.cosmepak.com\/wp-content\/uploads\/2024\/12\/\u9996\u987519202_04-300x108.jpg 300w, https:\/\/www.cosmepak.com\/wp-content\/uploads\/2024\/12\/\u9996\u987519202_04-1024x370.jpg 1024w, https:\/\/www.cosmepak.com\/wp-content\/uploads\/2024\/12\/\u9996\u987519202_04-768x278.jpg 768w, https:\/\/www.cosmepak.com\/wp-content\/uploads\/2024\/12\/\u9996\u987519202_04-1536x555.jpg 1536w, https:\/\/www.cosmepak.com\/wp-content\/uploads\/2024\/12\/\u9996\u987519202_04-600x217.jpg 600w\" sizes=\"(max-width: 1920px) 100vw, 1920px\" \/><img loading=\"lazy\" decoding=\"async\" class=\"alignnone size-full wp-image-1350\" src=\"https:\/\/www.cosmepak.com\/wp-content\/uploads\/2024\/12\/\u9996\u987519202_05-1.jpg\" alt=\"\" width=\"1920\" height=\"970\" srcset=\"https:\/\/www.cosmepak.com\/wp-content\/uploads\/2024\/12\/\u9996\u987519202_05-1.jpg 1920w, https:\/\/www.cosmepak.com\/wp-content\/uploads\/2024\/12\/\u9996\u987519202_05-1-300x152.jpg 300w, https:\/\/www.cosmepak.com\/wp-content\/uploads\/2024\/12\/\u9996\u987519202_05-1-1024x517.jpg 1024w, https:\/\/www.cosmepak.com\/wp-content\/uploads\/2024\/12\/\u9996\u987519202_05-1-768x388.jpg 768w, https:\/\/www.cosmepak.com\/wp-content\/uploads\/2024\/12\/\u9996\u987519202_05-1-1536x776.jpg 1536w, https:\/\/www.cosmepak.com\/wp-content\/uploads\/2024\/12\/\u9996\u987519202_05-1-600x303.jpg 600w\" sizes=\"(max-width: 1920px) 100vw, 1920px\" \/><img loading=\"lazy\" decoding=\"async\" class=\"alignnone wp-image-1351\" src=\"https:\/\/www.cosmepak.com\/wp-content\/uploads\/2024\/12\/\u7269\u6d41\u8fd0\u8f93\u753b\u9762-2.jpg\" alt=\"\" width=\"1385\" height=\"1039\" srcset=\"https:\/\/www.cosmepak.com\/wp-content\/uploads\/2024\/12\/\u7269\u6d41\u8fd0\u8f93\u753b\u9762-2.jpg 800w, https:\/\/www.cosmepak.com\/wp-content\/uploads\/2024\/12\/\u7269\u6d41\u8fd0\u8f93\u753b\u9762-2-300x225.jpg 300w, https:\/\/www.cosmepak.com\/wp-content\/uploads\/2024\/12\/\u7269\u6d41\u8fd0\u8f93\u753b\u9762-2-768x576.jpg 768w, https:\/\/www.cosmepak.com\/wp-content\/uploads\/2024\/12\/\u7269\u6d41\u8fd0\u8f93\u753b\u9762-2-600x450.jpg 600w\" sizes=\"(max-width: 1385px) 100vw, 1385px\" \/><\/p>\n<table style=\"border-collapse: collapse; width: 100%;\">\n<tbody>\n<tr>\n<td style=\"width: 33.3333%; text-align: center;\"><strong>\u0130fade etmek<\/strong><\/td>\n<td style=\"width: 33.3333%; text-align: center;\"><strong>Hava y\u00fck\u00fc<\/strong><\/td>\n<td style=\"width: 33.3333%; text-align: center;\"><strong>Deniz ta\u015f\u0131mac\u0131l\u0131\u011f\u0131<\/strong><\/td>\n<\/tr>\n<tr>\n<td style=\"width: 33.3333%; text-align: center;\">Europ 4-6 g\u00fcn<\/p>\n<p>Kuzey Amerika 4-6 g\u00fcn<\/p>\n<p>G\u00fcney Do\u011fu Asya 3-5 g\u00fcn<\/p>\n<p>Orta Do\u011fu 4-6 g\u00fcn<\/p>\n<p>G\u00fcney Afrika 5-8 g\u00fcn<\/td>\n<td style=\"width: 33.3333%; text-align: center;\">Europ 4-6 g\u00fcn<\/p>\n<p>Kuzey Amerika 4-6 g\u00fcn<\/p>\n<p>G\u00fcney Do\u011fu Asya 3-5 g\u00fcn<\/p>\n<p>Orta Do\u011fu 4-6 g\u00fcn<\/p>\n<p>G\u00fcney Afrika 5-8 g\u00fcn<\/td>\n<td style=\"width: 33.3333%; text-align: center;\">Europ 25-35 g\u00fcn<\/p>\n<p>Kuzey Amerika 25-35 g\u00fcn<\/p>\n<p>G\u00fcney Do\u011fu Asya 25-35 g\u00fcn<\/p>\n<p>Orta Do\u011fu 25-35 g\u00fcn<\/p>\n<p>G\u00fcney Afrika 25-35 g\u00fcn<\/td>\n<\/tr>\n<\/tbody>\n<\/table>\n<h3 id=\"faq\" class=\"ai-center-markdown-h3\">SSS<\/h3>\n<p class=\"ai-center-markdown-p\"><strong class=\"ai-center-markdown-strong\">1. Neden di\u011fer tedarik\u00e7iler yerine bizden sat\u0131n almal\u0131s\u0131n\u0131z?<\/strong><\/p>\n<ul class=\"ai-center-markdown-ul\">\n<li class=\"ai-center-markdown-li\"><strong class=\"ai-center-markdown-strong\">3 Dakikada \u00d6zel Tasar\u0131mlar<\/strong>H\u0131zl\u0131 ve ki\u015fiselle\u015ftirilmi\u015f tasar\u0131m \u00e7\u00f6z\u00fcmleri sunuyoruz.<\/li>\n<li class=\"ai-center-markdown-li\"><strong class=\"ai-center-markdown-strong\">24\/7 \u00c7evrimi\u00e7i Hizmet<\/strong>Ekibimiz size yard\u0131mc\u0131 olmak i\u00e7in 24 saat mevcuttur.<\/li>\n<li class=\"ai-center-markdown-li\"><strong class=\"ai-center-markdown-strong\">H\u0131zl\u0131 \u00d6rnek Teslimat\u0131<\/strong>: Stok \u00f6rnekleri 7 g\u00fcn i\u00e7inde ve \u00f6zel bas\u0131l\u0131 \u00f6rnekler 15 g\u00fcn i\u00e7inde mevcuttur.<\/li>\n<li class=\"ai-center-markdown-li\"><strong class=\"ai-center-markdown-strong\">G\u00fcvenilir Kur\u015fun S\u00fcresi<\/strong>: T\u00fcm sipari\u015fler i\u00e7in 35 g\u00fcnl\u00fck bir teslim s\u00fcresi sa\u011flar\u0131z.<\/li>\n<li class=\"ai-center-markdown-li\"><strong class=\"ai-center-markdown-strong\">Deneyimli \u00dcretici<\/strong>: Kozmetik ambalajlarda 10 y\u0131ldan fazla deneyimle, y\u00fcksek kaliteli \u00fcr\u00fcnleri garanti ediyoruz.<\/li>\n<li class=\"ai-center-markdown-li\"><strong class=\"ai-center-markdown-strong\">Fabrika Do\u011frudan Fiyatlar\u0131<\/strong>: Fabrikam\u0131zdan do\u011frudan en iyi fiyatlar\u0131n ve hizmetlerin tad\u0131n\u0131 \u00e7\u0131kar\u0131n.<\/li>\n<li class=\"ai-center-markdown-li\"><strong class=\"ai-center-markdown-strong\">Kapsaml\u0131 Ambalaj \u00c7\u00f6z\u00fcmleri<\/strong>: T\u00fcm kozmetik ambalaj ihtiya\u00e7lar\u0131n\u0131z i\u00e7in tek durakl\u0131 bir \u00e7\u00f6z\u00fcm sunuyoruz.<\/li>\n<\/ul>\n<p class=\"ai-center-markdown-p\"><strong class=\"ai-center-markdown-strong\">2. Biz kimiz?<\/strong>\u00a02014 y\u0131l\u0131nda kurulan \u00c7in'de Zhejiang merkezli bir \u015firketiz. Ana pazarlar\u0131m\u0131z \u015funlard\u0131r:<\/p>\n<ul class=\"ai-center-markdown-ul\">\n<li class=\"ai-center-markdown-li\">\u0130\u00e7 Pazar:<\/li>\n<li class=\"ai-center-markdown-li\">Okyanusya: %8<\/li>\n<li class=\"ai-center-markdown-li\">Ortado\u011fu: %7<\/li>\n<li class=\"ai-center-markdown-li\">Do\u011fu Asya: %2<\/li>\n<li class=\"ai-center-markdown-li\">Kuzey Amerika: %2<\/li>\n<li class=\"ai-center-markdown-li\">Bat\u0131 Avrupa: %2<\/li>\n<li class=\"ai-center-markdown-li\">G\u00fcneydo\u011fu Asya: %2<\/li>\n<li class=\"ai-center-markdown-li\">G\u00fcney Asya: %1<\/li>\n<li class=\"ai-center-markdown-li\">G\u00fcney Amerika: %1<\/li>\n<li class=\"ai-center-markdown-li\">G\u00fcney Avrupa: %1<\/li>\n<li class=\"ai-center-markdown-li\">Orta Amerika: %1<\/li>\n<li class=\"ai-center-markdown-li\">Kuzey Avrupa: %1<\/li>\n<li class=\"ai-center-markdown-li\">Afrika: %1<\/li>\n<li class=\"ai-center-markdown-li\">Do\u011fu Avrupa: %1<\/li>\n<\/ul>\n<p class=\"ai-center-markdown-p\"><strong class=\"ai-center-markdown-strong\">3. Kaliteyi nas\u0131l garanti edebiliriz?<\/strong><\/p>\n<ul class=\"ai-center-markdown-ul\">\n<li class=\"ai-center-markdown-li\"><strong class=\"ai-center-markdown-strong\">\u00dcretim \u00d6ncesi \u00d6rnekler<\/strong>: Kaliteyi sa\u011flamak i\u00e7in her zaman seri \u00fcretimden \u00f6nce bir \u00f6rnek sunuyoruz.<\/li>\n<li class=\"ai-center-markdown-li\"><strong class=\"ai-center-markdown-strong\">Son Muayene<\/strong>: Her g\u00f6nderi g\u00f6ndermeden \u00f6nce kapsaml\u0131 bir son denetimden ge\u00e7er.<\/li>\n<\/ul>\n<p class=\"ai-center-markdown-p\"><strong class=\"ai-center-markdown-strong\">4. Bizden ne sat\u0131n alabilirsiniz?<\/strong>\u00a0Kozmetik ambalaj malzemelerinin geni\u015f bir yelpazesini sunuyoruz:<\/p>\n<ul class=\"ai-center-markdown-ul\">\n<li class=\"ai-center-markdown-li\">Cam \u015ei\u015feler<\/li>\n<li class=\"ai-center-markdown-li\">Plastik \u015fi\u015feler \/ kavanozlar \/ t\u00fcpler<\/li>\n<li class=\"ai-center-markdown-li\">Al\u00fcminyum \u015fi\u015feler \/ kavanozlar \/ t\u00fcpler<\/li>\n<\/ul>\n<p class=\"ai-center-markdown-p\"><strong class=\"ai-center-markdown-strong\">5. Hangi hizmetleri sa\u011flayabiliriz?<\/strong><\/p>\n<ul class=\"ai-center-markdown-ul\">\n<li class=\"ai-center-markdown-li\"><strong class=\"ai-center-markdown-strong\">Teslimat Ko\u015fullar\u0131<\/strong>: FOB, CFR ve CIF \u015fartlar\u0131n\u0131 kabul ediyoruz.<\/li>\n<li class=\"ai-center-markdown-li\"><strong class=\"ai-center-markdown-strong\">\u00d6deme Para birimleri<\/strong>: USD, EUR, HKD ve CNY kabul ediyoruz.<\/li>\n<li class=\"ai-center-markdown-li\"><strong class=\"ai-center-markdown-strong\">\u00d6deme Y\u00f6ntemleri<\/strong>: T \/ T, L \/ C, D \/ P ve D \/ A kabul ediyoruz.<\/li>\n<li class=\"ai-center-markdown-li\"><strong class=\"ai-center-markdown-strong\">Konu\u015fulan Diller<\/strong>: Ekibimiz \u0130ngilizce ve \u00c7ince ileti\u015fim kurabilir.<\/li>\n<\/ul>","protected":false},"excerpt":{"rendered":"<p>\u015ei\u015fe Malzemesi: PE<\/p>\n<p>Kapak Malzemesi: PP<\/p>\n<p>Kapasite: 350ml<\/p>\n<p>Kapak: K\u00f6p\u00fck Pompas\u0131<\/p>\n<p>Renk: \u00d6zelle\u015ftirilmi\u015f (herhangi bir Pantone Rengi Avalable)<\/p>\n<p>Y\u00fczey Kaplama: Serip bask\u0131, buzlanma, s\u0131cak damgalama, sprey gradyan\u0131, mat kaplama vb.<\/p>\n<p>MOQ: 5000pcs;<\/p>\n<p>&nbsp;<\/p>","protected":false},"featured_media":1569,"comment_status":"closed","ping_status":"closed","template":"","meta":{"_acf_changed":false},"product_brand":[],"product_cat":[50,18],"product_tag":[41],"class_list":{"0":"post-1568","1":"product","2":"type-product","3":"status-publish","4":"has-post-thumbnail","6":"product_cat-foam-bottle","7":"product_cat-plastic-bottle","8":"product_tag-plastic-bottle","10":"first","11":"outofstock","12":"shipping-taxable","13":"product-type-simple"},"acf":[],"_links":{"self":[{"href":"https:\/\/www.cosmepak.com\/tr\/wp-json\/wp\/v2\/product\/1568","targetHints":{"allow":["GET"]}}],"collection":[{"href":"https:\/\/www.cosmepak.com\/tr\/wp-json\/wp\/v2\/product"}],"about":[{"href":"https:\/\/www.cosmepak.com\/tr\/wp-json\/wp\/v2\/types\/product"}],"replies":[{"embeddable":true,"href":"https:\/\/www.cosmepak.com\/tr\/wp-json\/wp\/v2\/comments?post=1568"}],"wp:featuredmedia":[{"embeddable":true,"href":"https:\/\/www.cosmepak.com\/tr\/wp-json\/wp\/v2\/media\/1569"}],"wp:attachment":[{"href":"https:\/\/www.cosmepak.com\/tr\/wp-json\/wp\/v2\/media?parent=1568"}],"wp:term":[{"taxonomy":"product_brand","embeddable":true,"href":"https:\/\/www.cosmepak.com\/tr\/wp-json\/wp\/v2\/product_brand?post=1568"},{"taxonomy":"product_cat","embeddable":true,"href":"https:\/\/www.cosmepak.com\/tr\/wp-json\/wp\/v2\/product_cat?post=1568"},{"taxonomy":"product_tag","embeddable":true,"href":"https:\/\/www.cosmepak.com\/tr\/wp-json\/wp\/v2\/product_tag?post=1568"}],"curies":[{"name":"wp","href":"https:\/\/api.w.org\/{rel}","templated":true}]}}