{"id":1603,"date":"2025-03-28T14:45:25","date_gmt":"2025-03-28T06:45:25","guid":{"rendered":"https:\/\/www.cosmepak.com\/?post_type=product&#038;p=1603"},"modified":"2026-04-22T16:13:25","modified_gmt":"2026-04-22T08:13:25","slug":"hot-selling-20g-50g-100g-plastic-jar-cosmetic-cream-jar-jaunce","status":"publish","type":"product","link":"https:\/\/www.cosmepak.com\/tr\/product\/hot-selling-20g-50g-100g-plastic-jar-cosmetic-cream-jar-jaunce\/","title":{"rendered":"Jaunce\u2019in havas\u0131z kozmetik pompa \u015fi\u015feleri"},"content":{"rendered":"<table style=\"border-collapse: collapse; width: 100%; height: 120px;\">\n<tbody>\n<tr style=\"height: 24px;\">\n<td style=\"width: 33.3333%; height: 120px;\" rowspan=\"5\"><img fetchpriority=\"high\" decoding=\"async\" class=\"alignnone size-full wp-image-3280\" src=\"https:\/\/www.cosmepak.com\/wp-content\/uploads\/2025\/03\/\u4e3b\u56fe-6.jpg\" alt=\"\" width=\"800\" height=\"800\" srcset=\"https:\/\/www.cosmepak.com\/wp-content\/uploads\/2025\/03\/\u4e3b\u56fe-6.jpg 800w, https:\/\/www.cosmepak.com\/wp-content\/uploads\/2025\/03\/\u4e3b\u56fe-6-300x300.jpg 300w, https:\/\/www.cosmepak.com\/wp-content\/uploads\/2025\/03\/\u4e3b\u56fe-6-150x150.jpg 150w, https:\/\/www.cosmepak.com\/wp-content\/uploads\/2025\/03\/\u4e3b\u56fe-6-768x768.jpg 768w, https:\/\/www.cosmepak.com\/wp-content\/uploads\/2025\/03\/\u4e3b\u56fe-6-12x12.jpg 12w, https:\/\/www.cosmepak.com\/wp-content\/uploads\/2025\/03\/\u4e3b\u56fe-6-600x600.jpg 600w, https:\/\/www.cosmepak.com\/wp-content\/uploads\/2025\/03\/\u4e3b\u56fe-6-100x100.jpg 100w\" sizes=\"(max-width: 800px) 100vw, 800px\" \/><\/td>\n<td style=\"width: 33.122%; height: 24px; text-align: center;\">Marka<\/td>\n<td style=\"width: 33.5446%; height: 24px; text-align: center;\">Fahi\u015fe<\/td>\n<\/tr>\n<tr style=\"height: 24px;\">\n<td style=\"width: 33.122%; height: 24px; text-align: center;\">Model<\/td>\n<td style=\"width: 33.5446%; height: 24px; text-align: center;\">\u00c7evre dostu packa\u062c\u0631\u0627\u0645\u0628\u0648\u0635\u0629g bug\u00fcn bir metroust. Ayr\u0131ca kalitesini kaybetmeden iyi \u00e7al\u0131\u015fabilir.<\/td>\n<\/tr>\n<tr style=\"height: 24px;\">\n<td style=\"width: 33.122%; height: 24px; text-align: center;\">Kapak<\/td>\n<td style=\"width: 33.5446%; height: 24px; text-align: center;\">\u00c7evre Dostu Packa\u062c\u0631\u0627\u0645\u0628\u0648\u0635\u0629 Neden Bug\u00fcn Gerekli Oluyor?<\/td>\n<\/tr>\n<tr style=\"height: 24px;\">\n<td style=\"width: 33.122%; height: 24px; text-align: center;\">Renk<\/td>\n<td style=\"width: 33.5446%; height: 24px; text-align: center;\">\u00f6zelle\u015ftirilmi\u015f<\/td>\n<\/tr>\n<tr style=\"height: 24px;\">\n<td style=\"width: 33.122%; height: 24px; text-align: center;\">Malzeme<\/td>\n<td style=\"width: 33.5446%; height: 24px; text-align: center;\">PP<\/td>\n<\/tr>\n<\/tbody>\n<\/table>\n<table style=\"border-collapse: collapse; width: 100%; height: 96px;\">\n<tbody>\n<tr style=\"height: 24px;\">\n<td style=\"width: 12.0179%; text-align: center; height: 24px;\"><strong>Kapasite<\/strong><\/td>\n<td style=\"width: 13.4217%; text-align: center; height: 24px;\"><strong>Toplam y\u00fckseklik<\/strong><\/td>\n<td style=\"width: 13.6377%; text-align: center; height: 24px;\"><strong>\u015ei\u015fe y\u00fcksekli\u011fi<\/strong><\/td>\n<td style=\"width: 15.5817%; text-align: center; height: 24px;\"><strong>Yazd\u0131r\u0131labilir y\u00fckseklik<\/strong><\/td>\n<td style=\"width: 16.3375%; text-align: center; height: 24px;\"><strong>\u0130nsanlar gezegenin i\u00e7in k\u00fc\u00e7\u00fck olan \u00fcr\u00fcnler istiyorlar. Bu y\u00fczden s\u00fcrd\u00fcr\u00fclebilir packagraming h\u0131zl\u0131 b\u00fcy\u00fcyor. PP gibi geri d\u00f6n\u00fc\u015ft\u00fcr\u00fclebilir plastikler kullanan yeniden doldurulabilir tasar\u0131mlar d\u00fcnya \u00e7ap\u0131nda cilt bak\u0131m markalar\u0131nda pop\u00fclerdir.<\/strong><\/td>\n<td style=\"width: 14.7177%; text-align: center; height: 24px;\"><strong>Alt \u00e7ap<\/strong><\/td>\n<td style=\"width: 14.2857%; text-align: center; height: 24px;\"><strong>\u015ei\u015fe a\u011f\u0131rl\u0131\u011f\u0131<\/strong><\/td>\n<\/tr>\n<tr style=\"height: 24px;\">\n<td style=\"width: 12.0179%; text-align: center; height: 24px;\">20g<\/td>\n<td style=\"width: 13.4217%; text-align: center; height: 24px;\">28 mm<\/td>\n<td style=\"width: 13.6377%; text-align: center; height: 24px;\">Vakum pompas\u0131 \u00fcreticileri daha ye\u015fil plastikler kullanmak zordur. Baz\u0131lar\u0131 \u015fi\u015feleri tamamen geri d\u00f6n\u00fc\u015ft\u00fcr\u00fclebilir hale getirmek i\u00e7in metal yaylar\u0131 bile atlar. Bu \u00e7evreye yard\u0131mc\u0131 olur ve \u00fcr\u00fcn\u00fcn\u00fcz\u00fc g\u00fcvende tutar.<\/td>\n<td style=\"width: 15.5817%; text-align: center; height: 24px;\">Kaliteyi Kurbanmadan S\u00fcrd\u00fcr\u00fclebilirli\u011fi Nas\u0131l Dengeleyebilirsiniz?<\/td>\n<td style=\"width: 16.3375%; text-align: center; height: 24px;\">31mm<\/td>\n<td style=\"width: 14.7177%; text-align: center; height: 24px;\">40mm<\/td>\n<td style=\"width: 14.2857%; text-align: center; height: 24px;\">Basit, etkili bir paketleme yapmak i\u00e7in ara\u015ft\u0131rmaya odaklanan \u015firketleri se\u00e7in. Jaunce bunu tamamen plastik vakum sistemleri ile yapar. Bunlar geri d\u00f6n\u00fc\u015ft\u00fcr\u00fclebilir, ancak hala havay\u0131 d\u0131\u015far\u0131 tutar ve harika bir kullan\u0131c\u0131 deneyimini korur. Performans\u0131 azaltmayan \u00e7evre dostu ambalaj al\u0131rs\u0131n\u0131z.<\/td>\n<\/tr>\n<tr style=\"height: 24px;\">\n<td style=\"width: 12.0179%; text-align: center; height: 24px;\">50g<\/td>\n<td style=\"width: 13.4217%; text-align: center; height: 24px;\">Jaunce maksimum koruma i\u00e7in ne \u00f6nerir?<\/td>\n<td style=\"width: 13.6377%; text-align: center; height: 24px;\">39.5mm<\/td>\n<td style=\"width: 15.5817%; text-align: center; height: 24px;\">16mm<\/td>\n<td style=\"width: 16.3375%; text-align: center; height: 24px;\">39 mm<\/td>\n<td style=\"width: 14.7177%; text-align: center; height: 24px;\">51mm<\/td>\n<td style=\"width: 14.2857%; text-align: center; height: 24px;\">Jaunce, bak\u0131m\u0131n\u0131z\u0131 nas\u0131l g\u00fcvende tutaca\u011f\u0131n\u0131 biliyor. \u0130\u015fte farkl\u0131 ihtiya\u00e7lar i\u00e7in su\u062c\u0631\u0627mgest ne.<\/td>\n<\/tr>\n<tr style=\"height: 24px;\">\n<td style=\"width: 12.0179%; text-align: center; height: 24px;\">100g<\/td>\n<td style=\"width: 13.4217%; text-align: center; height: 24px;\">Kolayca oksitlenen ubikinon veya shea tereya\u011f\u0131 gibi maddeleri olan \u00fcr\u00fcnler i\u00e7in vakum pompas\u0131 \u015fi\u015feleri zorunludur. Bu maddeler havadan g\u00fc\u00e7l\u00fc bir korumaya ihtiya\u00e7 duyar. D\u00fczenli \u015fi\u015feler h\u0131zl\u0131 par\u00e7alanan ya\u011flar i\u00e7in kesilmez. Jaunce'un vakum pompalar\u0131 oksijeni kilitler ve \u015fi\u015fenin bo\u015f olana kadar form\u00fclleri neredeyse hi\u00e7bir at\u0131k olmadan sabit tutar.<\/td>\n<td style=\"width: 13.6377%; text-align: center; height: 24px;\">46 mm<\/td>\n<td style=\"width: 15.5817%; text-align: center; height: 24px;\">18 mm<\/td>\n<td style=\"width: 16.3375%; text-align: center; height: 24px;\">53mm<\/td>\n<td style=\"width: 14.7177%; text-align: center; height: 24px;\">Biraz veya hi\u00e7bir koruyucu olan do\u011fal formetrulalar ekstra bak\u0131m gerektirir. Kavanozlar g\u00fcvenli de\u011fildir \u00e7\u00fcnk\u00fc a\u00e7\u0131ld\u0131ktan sonra b\u00f6sa \u062c\u0631\u0627\u0645erms'e izin verirler. Vakum \u015fi\u015feleri temiz, kapal\u0131 bir sistem olu\u015fturur. Bu, ekstra kimyasallara ihtiya\u00e7 duymadan \u00fcr\u00fcn\u00fcn\u00fcz\u00fc korur. Do\u011fal form\u00fclleri olan cilt bak\u0131m markalar\u0131 bu nedenle Jaunce\u2019in vakum pompalar\u0131n\u0131 seviyor.<\/td>\n<td style=\"width: 14.2857%; text-align: center; height: 24px;\">Evet, yapabilirsin! Jaunce paketinizi benzersiz yapmak i\u00e7in tonlarca se\u00e7enek sunar. Buzlu kaplamalar\u0131, renkli gradyantlar\u0131 se\u00e7in veya logonuzu ekleyin. Tasar\u0131mlar\u0131, form\u00fcl\u00fcn\u00fcz\u00fc g\u00fcvenli ve sa\u011flam tutarken markan\u0131z\u0131n tarz\u0131n\u0131 g\u00f6sterir.<\/td>\n<\/tr>\n<\/tbody>\n<\/table>\n<table style=\"border-collapse: collapse; width: 100%; height: 96px;\">\n<tbody>\n<tr style=\"height: 24px;\">\n<td style=\"width: 20%; height: 24px; text-align: center;\"><strong>\u00d6\u011fe\u00a0<\/strong><\/td>\n<td style=\"width: 20%; height: 24px; text-align: center;\"><strong>Q1: Havas\u0131z kozmetik pompa \u015fi\u015feleri kal\u0131n kremler i\u00e7in gramood mi?<\/strong><\/td>\n<td style=\"width: 20%; height: 24px; text-align: center;\"><strong>Paket Boyutu<\/strong><\/td>\n<td style=\"width: 20%; height: 24px; text-align: center;\"><strong>KB<\/strong><\/td>\n<td style=\"width: 20%; height: 24px; text-align: center;\"><strong>GW<\/strong><\/td>\n<\/tr>\n<tr style=\"height: 24px;\">\n<td style=\"width: 20%; height: 24px; text-align: center;\">20g<\/td>\n<td style=\"width: 20%; height: 24px; text-align: center;\">A: Evet! Sadece kal\u0131n \u00fcr\u00fcnler i\u00e7in yap\u0131lm\u0131\u015f bi\u062c\u0631\u0627\u0645ger n\u0623\u0648\u0642\u064a\u062a\u0627zles ile metro modelleri se\u00e7in. Bu, her seferinde p\u00fcr\u00fczs\u00fcz ve kolay bir dispensposh sa\u011flar.<\/td>\n<td style=\"width: 20%; height: 24px; text-align: center;\">S2: emetrpty oldu\u011funda havas\u0131z bir \u015fi\u015feyi yeniden doldurabilir miyim?<\/td>\n<td style=\"width: 20%; height: 24px; text-align: center;\">A: Sometrie \u015fi\u015feleri yeniden doldurulabilir ve PP plastik gibi geri d\u00f6n\u00fc\u015ft\u00fcr\u00fclebilir malzemeler kullan\u0131r. Bunlar, kalitesi kayb\u0131 olmadan \u00e7evre dostu olmak isteyen markalar i\u00e7in uygundur.<\/td>\n<td style=\"width: 20%; height: 24px; text-align: center;\">16.4kg<\/td>\n<\/tr>\n<tr style=\"height: 24px;\">\n<td style=\"width: 20%; height: 24px; text-align: center;\">50g<\/td>\n<td style=\"width: 20%; height: 24px; text-align: center;\">C: Formetrula'n\u0131za ba\u011fl\u0131d\u0131r. Havas\u0131z \u015fi\u015feler havaya ve mikroplara maruz kalmay\u0131 azalt\u0131r, bu y\u00fczden bir\u00e7ok marka daha az koruyucu g\u00fcvenli bir \u015fekilde kullanabilir. \u00dcr\u00fcn\u00fcn\u00fcz\u00fcn ne ihtiyac\u0131 oldu\u011funu her zaman kontrol edin.<\/td>\n<td style=\"width: 20%; height: 24px; text-align: center;\">Neden Sk\u0628\u0648\u0635\u0629care Pumetrp \u015ei\u015fesine \u0130htiyac\u0131n\u0131z Var - Jaunce industrial<\/td>\n<td style=\"width: 20%; height: 24px; text-align: center;\">20 Y\u0131ll\u0131k Profesyonel Jaunce<\/td>\n<td style=\"width: 20%; height: 24px; text-align: center;\">Neden En \u0130yi Ambalaj Renkler Renklerde \u00d6nemlidir Marka Ba\u015far\u0131 - Jaunce industrial<\/td>\n<\/tr>\n<tr style=\"height: 24px;\">\n<td style=\"width: 20%; height: 24px; text-align: center;\">100g<\/td>\n<td style=\"width: 20%; height: 24px; text-align: center;\">Kozmetik Kreminiz \u0130\u00e7in M\u00fckemmel Contapos\u0131 Nas\u0131l Se\u00e7irsiniz?<\/td>\n<td style=\"width: 20%; height: 24px; text-align: center;\">Neden Sk\u0628\u0648\u0635\u0629care Pumetrp \u015ei\u015fesine \u0130htiyac\u0131n\u0131z Var - Jaunce industrial<\/td>\n<td style=\"width: 20%; height: 24px; text-align: center;\">Kozmetik kreminiz i\u00e7in en iyi konteyner sadece serin bir kavanoz veya \u015fi\u015fe bulmak de\u011fil. ...<\/td>\n<td style=\"width: 20%; height: 24px; text-align: center;\">Kozmetik kreminiz i\u00e7in en iyi konteyner sadece serin bir kavanoz veya \u015fi\u015fe bulmak de\u011fil. Kreman\u0131z\u0131 g\u00fcvende tutmak, s\u00fcrekli hale getirmek ve markan\u0131z\u0131n ki\u015fili\u011fini g\u00f6stermekle ilgili. Ak\u0131ll\u0131 bir konteyner se\u00e7imi \u00fcr\u00fcn\u00fcn\u00fcz\u00fc taze tutar ve dikkat \u00e7eker, ancak k\u00f6t\u00fc biri s\u0131z\u0131nt\u0131lara, bozulmaya veya sade bir g\u00f6r\u00fcn\u00fcme neden olabilir. Bu k\u0131lavuz sizi dikkate alman\u0131z gerekenlerden dola\u015f\u0131r, baz\u0131 harika konteyner se\u00e7eneklerini g\u00f6sterir ve uzman ambalaj\u0131n kreman\u0131z\u0131 nas\u0131l parlatabilece\u011fini a\u00e7\u0131klar. Stil, fonksiyon ve \u00e7evre dostlu\u011funu kar\u0131\u015ft\u0131ran m\u00fcthi\u015f ambalaj i\u00e7in, kontrol edin<\/td>\n<\/tr>\n<\/tbody>\n<\/table>\n<p>This is a common PP cream jar. Its single-layer design combined with the PP pull handle pad can effectively prevent the contents from spilling out to the side.<\/p>\n<p>We have designed three capacities for this jar, namely 20g, 50g and 100g, to meet the different filling requirements for various products. Our cream jar is commonly used for packaging face cream, makeup remover cream, jelly gel, eye cream, eye mask, scrub, etc.<\/p>\n<p>Kreman\u0131z\u0131n ihtiya\u00e7lar\u0131 ve markan\u0131z\u0131n vibe hakk\u0131nda d\u00fc\u015f\u00fcnen do\u011fru konteyner metreans. \u0130yi bir se\u00e7im, \u00fcr\u00fcn\u00fcn\u00fcz\u00fc \u00f6ne \u00e7\u0131karmak i\u00e7in pratiklik, g\u00fczel g\u00f6r\u00fcn\u00fcm ve ye\u015fil se\u00e7imleri kar\u0131\u015ft\u0131r\u0131r.<\/p>\n<p>We support custom serice for this jar . color custom : this jar can custom with transparent, white, yellow and green, which can meet the different packaging styles and visual requirements of various products. if you have your own color inquiry ,that&#8217;s fine, just provide us your pantone code , we can inject the jar with that pantone code. for disc seal usually it is white , if you have any requirments we also can meet your inquiry.<\/p>\n<p>For the cap, normal color is white or black, but also can provide custom color in order to match your jar color , for High-end luxury brand ,we support custom the cap with Electroplating color,which looks shiny like metal (silver color\u3001gold color or rose gold color),it also have matt or glossy for choose.<\/p>\n<p>we not only support color custom, we also support art-design printing service .<\/p>\n<p>Boyut ve kolayl\u0131k anahtard\u0131r<\/p>\n<table style=\"border-collapse: collapse; width: 100%;\">\n<tbody>\n<tr>\n<td style=\"width: 33.3333%;\"><img decoding=\"async\" class=\"alignnone size-full wp-image-3281\" src=\"https:\/\/www.cosmepak.com\/wp-content\/uploads\/2025\/03\/\u8be6\u60c5-6-1.jpg\" alt=\"\" width=\"1000\" height=\"1000\" srcset=\"https:\/\/www.cosmepak.com\/wp-content\/uploads\/2025\/03\/\u8be6\u60c5-6-1.jpg 1000w, https:\/\/www.cosmepak.com\/wp-content\/uploads\/2025\/03\/\u8be6\u60c5-6-1-300x300.jpg 300w, https:\/\/www.cosmepak.com\/wp-content\/uploads\/2025\/03\/\u8be6\u60c5-6-1-150x150.jpg 150w, https:\/\/www.cosmepak.com\/wp-content\/uploads\/2025\/03\/\u8be6\u60c5-6-1-768x768.jpg 768w, https:\/\/www.cosmepak.com\/wp-content\/uploads\/2025\/03\/\u8be6\u60c5-6-1-12x12.jpg 12w, https:\/\/www.cosmepak.com\/wp-content\/uploads\/2025\/03\/\u8be6\u60c5-6-1-600x600.jpg 600w, https:\/\/www.cosmepak.com\/wp-content\/uploads\/2025\/03\/\u8be6\u60c5-6-1-100x100.jpg 100w\" sizes=\"(max-width: 1000px) 100vw, 1000px\" \/><\/td>\n<td style=\"width: 33.3333%;\"><img decoding=\"async\" class=\"alignnone size-full wp-image-3282\" src=\"https:\/\/www.cosmepak.com\/wp-content\/uploads\/2025\/03\/\u8be6\u60c5-7-1.jpg\" alt=\"\" width=\"1000\" height=\"1000\" srcset=\"https:\/\/www.cosmepak.com\/wp-content\/uploads\/2025\/03\/\u8be6\u60c5-7-1.jpg 1000w, https:\/\/www.cosmepak.com\/wp-content\/uploads\/2025\/03\/\u8be6\u60c5-7-1-300x300.jpg 300w, https:\/\/www.cosmepak.com\/wp-content\/uploads\/2025\/03\/\u8be6\u60c5-7-1-150x150.jpg 150w, https:\/\/www.cosmepak.com\/wp-content\/uploads\/2025\/03\/\u8be6\u60c5-7-1-768x768.jpg 768w, https:\/\/www.cosmepak.com\/wp-content\/uploads\/2025\/03\/\u8be6\u60c5-7-1-12x12.jpg 12w, https:\/\/www.cosmepak.com\/wp-content\/uploads\/2025\/03\/\u8be6\u60c5-7-1-600x600.jpg 600w, https:\/\/www.cosmepak.com\/wp-content\/uploads\/2025\/03\/\u8be6\u60c5-7-1-100x100.jpg 100w\" sizes=\"(max-width: 1000px) 100vw, 1000px\" \/><\/td>\n<td style=\"width: 33.3333%;\"><img loading=\"lazy\" decoding=\"async\" class=\"alignnone size-full wp-image-3283\" src=\"https:\/\/www.cosmepak.com\/wp-content\/uploads\/2025\/03\/\u8be6\u60c5-8-1.jpg\" alt=\"\" width=\"1000\" height=\"1000\" srcset=\"https:\/\/www.cosmepak.com\/wp-content\/uploads\/2025\/03\/\u8be6\u60c5-8-1.jpg 1000w, https:\/\/www.cosmepak.com\/wp-content\/uploads\/2025\/03\/\u8be6\u60c5-8-1-300x300.jpg 300w, https:\/\/www.cosmepak.com\/wp-content\/uploads\/2025\/03\/\u8be6\u60c5-8-1-150x150.jpg 150w, https:\/\/www.cosmepak.com\/wp-content\/uploads\/2025\/03\/\u8be6\u60c5-8-1-768x768.jpg 768w, https:\/\/www.cosmepak.com\/wp-content\/uploads\/2025\/03\/\u8be6\u60c5-8-1-12x12.jpg 12w, https:\/\/www.cosmepak.com\/wp-content\/uploads\/2025\/03\/\u8be6\u60c5-8-1-600x600.jpg 600w, https:\/\/www.cosmepak.com\/wp-content\/uploads\/2025\/03\/\u8be6\u60c5-8-1-100x100.jpg 100w\" sizes=\"(max-width: 1000px) 100vw, 1000px\" \/><\/td>\n<\/tr>\n<\/tbody>\n<\/table>\n<table style=\"border-collapse: collapse; width: 100%;\">\n<tbody>\n<tr>\n<td style=\"width: 50%;\"><img loading=\"lazy\" decoding=\"async\" class=\"alignnone size-full wp-image-3284\" src=\"https:\/\/www.cosmepak.com\/wp-content\/uploads\/2025\/03\/6-8.jpg\" alt=\"\" width=\"1000\" height=\"1000\" srcset=\"https:\/\/www.cosmepak.com\/wp-content\/uploads\/2025\/03\/6-8.jpg 1000w, https:\/\/www.cosmepak.com\/wp-content\/uploads\/2025\/03\/6-8-300x300.jpg 300w, https:\/\/www.cosmepak.com\/wp-content\/uploads\/2025\/03\/6-8-150x150.jpg 150w, https:\/\/www.cosmepak.com\/wp-content\/uploads\/2025\/03\/6-8-768x768.jpg 768w, https:\/\/www.cosmepak.com\/wp-content\/uploads\/2025\/03\/6-8-12x12.jpg 12w, https:\/\/www.cosmepak.com\/wp-content\/uploads\/2025\/03\/6-8-600x600.jpg 600w, https:\/\/www.cosmepak.com\/wp-content\/uploads\/2025\/03\/6-8-100x100.jpg 100w\" sizes=\"(max-width: 1000px) 100vw, 1000px\" \/><\/td>\n<td style=\"width: 50%;\"><img loading=\"lazy\" decoding=\"async\" class=\"alignnone size-full wp-image-3285\" src=\"https:\/\/www.cosmepak.com\/wp-content\/uploads\/2025\/03\/7-7.jpg\" alt=\"\" width=\"1000\" height=\"1000\" srcset=\"https:\/\/www.cosmepak.com\/wp-content\/uploads\/2025\/03\/7-7.jpg 1000w, https:\/\/www.cosmepak.com\/wp-content\/uploads\/2025\/03\/7-7-300x300.jpg 300w, https:\/\/www.cosmepak.com\/wp-content\/uploads\/2025\/03\/7-7-150x150.jpg 150w, https:\/\/www.cosmepak.com\/wp-content\/uploads\/2025\/03\/7-7-768x768.jpg 768w, https:\/\/www.cosmepak.com\/wp-content\/uploads\/2025\/03\/7-7-12x12.jpg 12w, https:\/\/www.cosmepak.com\/wp-content\/uploads\/2025\/03\/7-7-600x600.jpg 600w, https:\/\/www.cosmepak.com\/wp-content\/uploads\/2025\/03\/7-7-100x100.jpg 100w\" sizes=\"(max-width: 1000px) 100vw, 1000px\" \/><\/td>\n<\/tr>\n<\/tbody>\n<\/table>","protected":false},"excerpt":{"rendered":"<p>\u015ei\u015fe Malzemesi : AS<\/p>\n<p>Kapak Malzemesi: ABS<\/p>\n<p>Kapasite: 30ml<\/p>\n<p>Kapak: Vidal\u0131 kapak<\/p>\n<p>Renk: \u00d6zelle\u015ftirilmi\u015f (herhangi bir Pantone Rengi Avalable)<\/p>\n<p>Y\u00fczey Kaplama: Serip bask\u0131, buzlanma, s\u0131cak damgalama, sprey gradyan\u0131, mat kaplama vb.<\/p>\n<p>MOQ: 5000pcs;<\/p>\n<p>&nbsp;<\/p>","protected":false},"featured_media":3286,"comment_status":"closed","ping_status":"closed","template":"","meta":{"_acf_changed":false},"product_brand":[],"product_cat":[52,18],"product_tag":[41],"class_list":{"0":"post-1603","1":"product","2":"type-product","3":"status-publish","4":"has-post-thumbnail","6":"product_cat-cream-jar-plastic-bottle","7":"product_cat-plastic-bottle","8":"product_tag-plastic-bottle","10":"first","11":"outofstock","12":"shipping-taxable","13":"product-type-simple"},"acf":[],"_links":{"self":[{"href":"https:\/\/www.cosmepak.com\/tr\/wp-json\/wp\/v2\/product\/1603","targetHints":{"allow":["GET"]}}],"collection":[{"href":"https:\/\/www.cosmepak.com\/tr\/wp-json\/wp\/v2\/product"}],"about":[{"href":"https:\/\/www.cosmepak.com\/tr\/wp-json\/wp\/v2\/types\/product"}],"replies":[{"embeddable":true,"href":"https:\/\/www.cosmepak.com\/tr\/wp-json\/wp\/v2\/comments?post=1603"}],"wp:featuredmedia":[{"embeddable":true,"href":"https:\/\/www.cosmepak.com\/tr\/wp-json\/wp\/v2\/media\/3286"}],"wp:attachment":[{"href":"https:\/\/www.cosmepak.com\/tr\/wp-json\/wp\/v2\/media?parent=1603"}],"wp:term":[{"taxonomy":"product_brand","embeddable":true,"href":"https:\/\/www.cosmepak.com\/tr\/wp-json\/wp\/v2\/product_brand?post=1603"},{"taxonomy":"product_cat","embeddable":true,"href":"https:\/\/www.cosmepak.com\/tr\/wp-json\/wp\/v2\/product_cat?post=1603"},{"taxonomy":"product_tag","embeddable":true,"href":"https:\/\/www.cosmepak.com\/tr\/wp-json\/wp\/v2\/product_tag?post=1603"}],"curies":[{"name":"wp","href":"https:\/\/api.w.org\/{rel}","templated":true}]}}