{"id":1604,"date":"2025-03-28T14:52:55","date_gmt":"2025-03-28T06:52:55","guid":{"rendered":"https:\/\/www.cosmepak.com\/?post_type=product&#038;p=1604"},"modified":"2025-10-29T16:18:59","modified_gmt":"2025-10-29T08:18:59","slug":"luxury-30ml-glass-foundation-bottle-jaunce","status":"publish","type":"product","link":"https:\/\/www.cosmepak.com\/tr\/product\/luxury-30ml-glass-foundation-bottle-jaunce\/","title":{"rendered":"L\u00fcks 30ml Cam Vakf\u0131 \u015ei\u015fesi \/ Jaunce"},"content":{"rendered":"<table style=\"border-collapse: collapse; width: 100%; height: 168px;\">\n<tbody>\n<tr style=\"height: 24px;\">\n<td style=\"width: 33.3333%; height: 168px;\" rowspan=\"6\"><img fetchpriority=\"high\" decoding=\"async\" class=\"alignnone size-full wp-image-1605\" src=\"https:\/\/www.cosmepak.com\/wp-content\/uploads\/2025\/03\/1-5.jpg\" alt=\"fond\u00f6ten \u015fi\u0307\u015fesi\u0307\" width=\"1000\" height=\"1000\" srcset=\"https:\/\/www.cosmepak.com\/wp-content\/uploads\/2025\/03\/1-5.jpg 1000w, https:\/\/www.cosmepak.com\/wp-content\/uploads\/2025\/03\/1-5-300x300.jpg 300w, https:\/\/www.cosmepak.com\/wp-content\/uploads\/2025\/03\/1-5-150x150.jpg 150w, https:\/\/www.cosmepak.com\/wp-content\/uploads\/2025\/03\/1-5-768x768.jpg 768w, https:\/\/www.cosmepak.com\/wp-content\/uploads\/2025\/03\/1-5-600x600.jpg 600w, https:\/\/www.cosmepak.com\/wp-content\/uploads\/2025\/03\/1-5-100x100.jpg 100w\" sizes=\"(max-width: 1000px) 100vw, 1000px\" \/><\/td>\n<td style=\"width: 33.122%; height: 24px; text-align: center;\">Marka<\/td>\n<td style=\"width: 33.5446%; height: 24px; text-align: center;\">Fahi\u015fe<\/td>\n<\/tr>\n<tr style=\"height: 24px;\">\n<td style=\"width: 33.122%; height: 24px; text-align: center;\">Model<\/td>\n<td style=\"width: 33.5446%; height: 24px; text-align: center;\">JH-PHF207<\/td>\n<\/tr>\n<tr style=\"height: 24px;\">\n<td style=\"width: 33.122%; height: 24px; text-align: center;\">Kapak<\/td>\n<td style=\"width: 33.5446%; height: 24px; text-align: center;\">30ml<\/td>\n<\/tr>\n<tr style=\"height: 24px;\">\n<td style=\"width: 33.122%; height: 24px; text-align: center;\">Boyun boyutu<\/td>\n<td style=\"width: 33.5446%; height: 24px; text-align: center;\">20 mm<\/td>\n<\/tr>\n<tr style=\"height: 24px;\">\n<td style=\"width: 33.122%; height: 24px; text-align: center;\">A\u011f\u0131rl\u0131k<\/td>\n<td style=\"width: 33.5446%; height: 24px; text-align: center;\">106.5g<\/td>\n<\/tr>\n<tr style=\"height: 24px;\">\n<td style=\"width: 33.122%; height: 24px; text-align: center;\">Malzeme<\/td>\n<td style=\"width: 33.5446%; height: 24px; text-align: center;\">Bardak<\/td>\n<\/tr>\n<\/tbody>\n<\/table>\n<p>Losyon pompal\u0131 l\u00fcks 30ml cam temel \u015fi\u015fesi, \u00f6zelle\u015ftirme kabul edilebilir.<\/p>\n<table style=\"border-collapse: collapse; width: 100%;\">\n<tbody>\n<tr>\n<td style=\"width: 20%; text-align: center;\"><strong>Kapasite<\/strong><\/td>\n<td style=\"width: 20%; text-align: center;\"><strong>Omuz y\u00fcksekli\u011fi<\/strong><\/td>\n<td style=\"width: 20%; text-align: center;\"><strong>Toplam y\u00fckseklik<\/strong><\/td>\n<td style=\"width: 20%; text-align: center;\"><strong>Boyun boyutu<\/strong><\/td>\n<td style=\"width: 20%; text-align: center;\"><strong>Dia<\/strong><\/td>\n<\/tr>\n<tr>\n<td style=\"width: 20%; text-align: center;\">30ml<\/td>\n<td style=\"width: 20%; text-align: center;\">56 mm<\/td>\n<td style=\"width: 20%; text-align: center;\">84 mm<\/td>\n<td style=\"width: 20%; text-align: center;\">20 mm<\/td>\n<td style=\"width: 20%; text-align: center;\">62mm<\/td>\n<\/tr>\n<\/tbody>\n<\/table>\n<p>form\u00fclleri istikrarl\u0131 tutmak i\u00e7in a\u0645\u062a\u0631az\u0628\u0648\u0635\u0629\u062c\u0631\u0627m. Hafif serumlardan kolayca oksitlenen kal\u0131n kremlere kadar her t\u00fcrl\u00fc \u00fcr\u00fcn i\u00e7in \u00e7al\u0131\u015f\u0131rlar. Genellikle AS malzemesinden yap\u0131lan vakum pompalar\u0131, havay\u0131 tamamen d\u0131\u015far\u0131 tutar. Farkl\u0131 kal\u0131nl\u0131klar ve marka stilleri i\u00e7in \u00f6zelle\u015ftirilebilir tasar\u0131mlarla Jaunce, form\u00fcl\u00fcn\u00fcz\u00fcn kalitesini korurken hem fonksiyon hem de g\u00fczellik sunar.<\/p>\n<p>Pick\u0628\u0648\u0635\u0629\u062c\u0631\u0627\u0645 do\u011fru \u015fi\u015fe \u00fcr\u00fcn\u00fcn\u00fcze ba\u011fl\u0131d\u0131r. \u0130\u015fte ak\u0131ll\u0131ca nas\u0131l se\u00e7ilirsiniz.<\/p>\n<p>Paketlemeden \u00d6nce Hangi Fakt\u00f6rleri D\u00fc\u015f\u00fcnmelisiniz?<\/p>\n<p>\u0130lk olarak, kal\u0131nl\u0131k hakk\u0131nda thbosatka. A\u011f\u0131r kremameterler daha geni\u015f noktalara veya strongramer pompalar\u0131na ihtiya\u00e7 duyar. \u0130nce serumlar dar serumlarla daha iyi \u00e7al\u0131\u015f\u0131r. Daha sonra, form\u00fcl\u00fcn\u00fcz\u00fcn k\u0131r\u0131lgan malzemeleri olup olmad\u0131\u011f\u0131n\u0131 kontrol edin. Kolayca par\u00e7alanan aktif maddeleri varsa, havas\u0131z bir \u015fi\u015fe al\u0131n.<\/p>\n<p>Ayr\u0131ca, insanlar\u0131n \u00fcr\u00fcn\u00fcn\u00fcz\u00fc ne kadar s\u0131kl\u0131kla kullanaca\u011f\u0131n\u0131 s\u00f6yleyin. \u00c7ok kullan\u0131l\u0131rsa, kullan\u0131m\u0131 kolay ve karma\u015f\u0131kl\u0131k olmadan tutarl\u0131 miktarlarda su\u00e7lu pumetrps se\u00e7in.<\/p>\n<p>Creametres \u0628\u0648\u0633\u0627 kavanozlar\u0131 genellikle d\u00fc\u015f\u00fck ak\u0131\u015fl\u0131 kal\u0131nl\u0131ktad\u0131r. Ama C vitamini veya retinol gibi hi\u062c\u0631\u0627mah de\u011ferli bile\u015fenler i\u00e7in mi? Jars yeterince g\u00fcvenli de\u011fildir. \u00c7ok fazla hava ve \u0131\u015f\u0131k al\u0131yorlar. Havas\u0131z pompalar gidecek yoldur.<\/p>\n<p><img decoding=\"async\" class=\"alignnone wp-image-1606\" src=\"https:\/\/www.cosmepak.com\/wp-content\/uploads\/2025\/03\/6-4.jpg\" alt=\"fond\u00f6ten \u015fi\u0307\u015fesi\u0307\" width=\"1367\" height=\"1881\" srcset=\"https:\/\/www.cosmepak.com\/wp-content\/uploads\/2025\/03\/6-4.jpg 1000w, https:\/\/www.cosmepak.com\/wp-content\/uploads\/2025\/03\/6-4-218x300.jpg 218w, https:\/\/www.cosmepak.com\/wp-content\/uploads\/2025\/03\/6-4-744x1024.jpg 744w, https:\/\/www.cosmepak.com\/wp-content\/uploads\/2025\/03\/6-4-768x1057.jpg 768w, https:\/\/www.cosmepak.com\/wp-content\/uploads\/2025\/03\/6-4-600x826.jpg 600w\" sizes=\"(max-width: 1367px) 100vw, 1367px\" \/><\/p>\n<table style=\"border-collapse: collapse; width: 100%;\">\n<tbody>\n<tr>\n<td style=\"width: 33.3333%;\"><img decoding=\"async\" class=\"alignnone size-full wp-image-3302\" src=\"https:\/\/www.cosmepak.com\/wp-content\/uploads\/2025\/03\/1-16.jpg\" alt=\"\" width=\"1000\" height=\"1000\" srcset=\"https:\/\/www.cosmepak.com\/wp-content\/uploads\/2025\/03\/1-16.jpg 1000w, https:\/\/www.cosmepak.com\/wp-content\/uploads\/2025\/03\/1-16-300x300.jpg 300w, https:\/\/www.cosmepak.com\/wp-content\/uploads\/2025\/03\/1-16-150x150.jpg 150w, https:\/\/www.cosmepak.com\/wp-content\/uploads\/2025\/03\/1-16-768x768.jpg 768w, https:\/\/www.cosmepak.com\/wp-content\/uploads\/2025\/03\/1-16-12x12.jpg 12w, https:\/\/www.cosmepak.com\/wp-content\/uploads\/2025\/03\/1-16-600x600.jpg 600w, https:\/\/www.cosmepak.com\/wp-content\/uploads\/2025\/03\/1-16-100x100.jpg 100w\" sizes=\"(max-width: 1000px) 100vw, 1000px\" \/><\/td>\n<td style=\"width: 33.3333%;\"><img loading=\"lazy\" decoding=\"async\" class=\"alignnone size-full wp-image-3303\" src=\"https:\/\/www.cosmepak.com\/wp-content\/uploads\/2025\/03\/2-7.jpg\" alt=\"\" width=\"1000\" height=\"1000\" srcset=\"https:\/\/www.cosmepak.com\/wp-content\/uploads\/2025\/03\/2-7.jpg 1000w, https:\/\/www.cosmepak.com\/wp-content\/uploads\/2025\/03\/2-7-300x300.jpg 300w, https:\/\/www.cosmepak.com\/wp-content\/uploads\/2025\/03\/2-7-150x150.jpg 150w, https:\/\/www.cosmepak.com\/wp-content\/uploads\/2025\/03\/2-7-768x768.jpg 768w, https:\/\/www.cosmepak.com\/wp-content\/uploads\/2025\/03\/2-7-12x12.jpg 12w, https:\/\/www.cosmepak.com\/wp-content\/uploads\/2025\/03\/2-7-600x600.jpg 600w, https:\/\/www.cosmepak.com\/wp-content\/uploads\/2025\/03\/2-7-100x100.jpg 100w\" sizes=\"(max-width: 1000px) 100vw, 1000px\" \/><\/td>\n<td style=\"width: 33.3333%;\"><img loading=\"lazy\" decoding=\"async\" class=\"alignnone size-full wp-image-3304\" src=\"https:\/\/www.cosmepak.com\/wp-content\/uploads\/2025\/03\/3-10.jpg\" alt=\"\" width=\"1000\" height=\"1000\" srcset=\"https:\/\/www.cosmepak.com\/wp-content\/uploads\/2025\/03\/3-10.jpg 1000w, https:\/\/www.cosmepak.com\/wp-content\/uploads\/2025\/03\/3-10-300x300.jpg 300w, https:\/\/www.cosmepak.com\/wp-content\/uploads\/2025\/03\/3-10-150x150.jpg 150w, https:\/\/www.cosmepak.com\/wp-content\/uploads\/2025\/03\/3-10-768x768.jpg 768w, https:\/\/www.cosmepak.com\/wp-content\/uploads\/2025\/03\/3-10-12x12.jpg 12w, https:\/\/www.cosmepak.com\/wp-content\/uploads\/2025\/03\/3-10-600x600.jpg 600w, https:\/\/www.cosmepak.com\/wp-content\/uploads\/2025\/03\/3-10-100x100.jpg 100w\" sizes=\"(max-width: 1000px) 100vw, 1000px\" \/><\/td>\n<\/tr>\n<\/tbody>\n<\/table>\n<p><img loading=\"lazy\" decoding=\"async\" class=\"alignnone  wp-image-3305\" src=\"https:\/\/www.cosmepak.com\/wp-content\/uploads\/2025\/03\/ai-2-1.jpg\" alt=\"\" width=\"1372\" height=\"1372\" srcset=\"https:\/\/www.cosmepak.com\/wp-content\/uploads\/2025\/03\/ai-2-1.jpg 1024w, https:\/\/www.cosmepak.com\/wp-content\/uploads\/2025\/03\/ai-2-1-300x300.jpg 300w, https:\/\/www.cosmepak.com\/wp-content\/uploads\/2025\/03\/ai-2-1-150x150.jpg 150w, https:\/\/www.cosmepak.com\/wp-content\/uploads\/2025\/03\/ai-2-1-768x768.jpg 768w, https:\/\/www.cosmepak.com\/wp-content\/uploads\/2025\/03\/ai-2-1-12x12.jpg 12w, https:\/\/www.cosmepak.com\/wp-content\/uploads\/2025\/03\/ai-2-1-600x600.jpg 600w, https:\/\/www.cosmepak.com\/wp-content\/uploads\/2025\/03\/ai-2-1-100x100.jpg 100w\" sizes=\"(max-width: 1372px) 100vw, 1372px\" \/><\/p>","protected":false},"excerpt":{"rendered":"<p>\u015ei\u015fe Malzemesi: Cam<\/p>\n<p>Kapak Malzemesi: PP<\/p>\n<p>Kapasite: 30ml<\/p>\n<p>Pompa: Losyon pompas\u0131<\/p>\n<p>Renk: \u00d6zelle\u015ftirilmi\u015f (herhangi bir Pantone Rengi Avalable)<\/p>\n<p>Y\u00fczey Kaplama: Serip bask\u0131, buzlanma, s\u0131cak damgalama, sprey gradyan\u0131, mat kaplama vb.<\/p>\n<p>MOQ: 5000pcs;<\/p>\n<p>&nbsp;<\/p>","protected":false},"featured_media":1607,"comment_status":"closed","ping_status":"closed","template":"","meta":{"_acf_changed":false},"product_brand":[],"product_cat":[34],"product_tag":[],"class_list":{"0":"post-1604","1":"product","2":"type-product","3":"status-publish","4":"has-post-thumbnail","6":"product_cat-foundation-bottle","8":"first","9":"outofstock","10":"shipping-taxable","11":"product-type-simple"},"acf":[],"_links":{"self":[{"href":"https:\/\/www.cosmepak.com\/tr\/wp-json\/wp\/v2\/product\/1604","targetHints":{"allow":["GET"]}}],"collection":[{"href":"https:\/\/www.cosmepak.com\/tr\/wp-json\/wp\/v2\/product"}],"about":[{"href":"https:\/\/www.cosmepak.com\/tr\/wp-json\/wp\/v2\/types\/product"}],"replies":[{"embeddable":true,"href":"https:\/\/www.cosmepak.com\/tr\/wp-json\/wp\/v2\/comments?post=1604"}],"wp:featuredmedia":[{"embeddable":true,"href":"https:\/\/www.cosmepak.com\/tr\/wp-json\/wp\/v2\/media\/1607"}],"wp:attachment":[{"href":"https:\/\/www.cosmepak.com\/tr\/wp-json\/wp\/v2\/media?parent=1604"}],"wp:term":[{"taxonomy":"product_brand","embeddable":true,"href":"https:\/\/www.cosmepak.com\/tr\/wp-json\/wp\/v2\/product_brand?post=1604"},{"taxonomy":"product_cat","embeddable":true,"href":"https:\/\/www.cosmepak.com\/tr\/wp-json\/wp\/v2\/product_cat?post=1604"},{"taxonomy":"product_tag","embeddable":true,"href":"https:\/\/www.cosmepak.com\/tr\/wp-json\/wp\/v2\/product_tag?post=1604"}],"curies":[{"name":"wp","href":"https:\/\/api.w.org\/{rel}","templated":true}]}}