{"id":1612,"date":"2025-03-28T16:18:35","date_gmt":"2025-03-28T08:18:35","guid":{"rendered":"https:\/\/www.cosmepak.com\/?post_type=product&#038;p=1612"},"modified":"2026-03-05T14:54:46","modified_gmt":"2026-03-05T06:54:46","slug":"luxury-30ml-foundation-glass-bottle-jaunce","status":"publish","type":"product","link":"https:\/\/www.cosmepak.com\/tr\/product\/luxury-30ml-foundation-glass-bottle-jaunce\/","title":{"rendered":"L\u00fcks 30ml Temel Cam \u015ei\u015fesi \/Jaunce"},"content":{"rendered":"<table style=\"border-collapse: collapse; width: 100%; height: 144px;\">\n<tbody>\n<tr style=\"height: 24px;\">\n<td style=\"width: 33.3333%; height: 144px;\" rowspan=\"6\"><img fetchpriority=\"high\" decoding=\"async\" class=\"alignnone size-full wp-image-3323\" src=\"https:\/\/www.cosmepak.com\/wp-content\/uploads\/2025\/03\/7-9.jpg\" alt=\"\" width=\"1000\" height=\"1000\" srcset=\"https:\/\/www.cosmepak.com\/wp-content\/uploads\/2025\/03\/7-9.jpg 1000w, https:\/\/www.cosmepak.com\/wp-content\/uploads\/2025\/03\/7-9-300x300.jpg 300w, https:\/\/www.cosmepak.com\/wp-content\/uploads\/2025\/03\/7-9-150x150.jpg 150w, https:\/\/www.cosmepak.com\/wp-content\/uploads\/2025\/03\/7-9-768x768.jpg 768w, https:\/\/www.cosmepak.com\/wp-content\/uploads\/2025\/03\/7-9-12x12.jpg 12w, https:\/\/www.cosmepak.com\/wp-content\/uploads\/2025\/03\/7-9-600x600.jpg 600w, https:\/\/www.cosmepak.com\/wp-content\/uploads\/2025\/03\/7-9-100x100.jpg 100w\" sizes=\"(max-width: 1000px) 100vw, 1000px\" \/><\/td>\n<td style=\"width: 33.122%; height: 24px; text-align: center;\">Marka<\/td>\n<td style=\"width: 33.5446%; height: 24px; text-align: center;\">Fahi\u015fe<\/td>\n<\/tr>\n<tr style=\"height: 24px;\">\n<td style=\"width: 33.122%; height: 24px; text-align: center;\">Model<\/td>\n<td style=\"width: 33.5446%; height: 24px; text-align: center;\">JH-PHF197<\/td>\n<\/tr>\n<tr style=\"height: 24px;\">\n<td style=\"width: 33.122%; height: 24px; text-align: center;\">Kapak<\/td>\n<td style=\"width: 33.5446%; height: 24px; text-align: center;\">30ml<\/td>\n<\/tr>\n<tr style=\"height: 24px;\">\n<td style=\"width: 33.122%; height: 24px; text-align: center;\">A\u011f\u0131rl\u0131k<\/td>\n<td style=\"width: 33.5446%; height: 24px; text-align: center;\">90.5g<\/td>\n<\/tr>\n<tr style=\"height: 24px;\">\n<td style=\"width: 33.122%; height: 24px; text-align: center;\">Pompa<\/td>\n<td style=\"width: 33.5446%; height: 24px; text-align: center;\">Losyon pompas\u0131<\/td>\n<\/tr>\n<tr style=\"height: 24px;\">\n<td style=\"width: 33.122%; height: 24px; text-align: center;\">Malzeme<\/td>\n<td style=\"width: 33.5446%; height: 24px; text-align: center;\">Bardak<\/td>\n<\/tr>\n<\/tbody>\n<\/table>\n<table style=\"border-collapse: collapse; width: 100%;\">\n<tbody>\n<tr>\n<td style=\"width: 20%; text-align: center;\"><strong>Kapasite<\/strong><\/td>\n<td style=\"width: 20%; text-align: center;\"><strong>Omuz y\u00fcksekli\u011fi<\/strong><\/td>\n<td style=\"width: 20%; text-align: center;\"><strong>Toplam y\u00fckseklik<\/strong><\/td>\n<td style=\"width: 20%; text-align: center;\"><strong>Dia<\/strong><\/td>\n<td style=\"width: 20%; text-align: center;\"><strong>A\u011eIRLIK<\/strong><\/td>\n<\/tr>\n<tr>\n<td style=\"width: 20%; text-align: center;\">30ml<\/td>\n<td style=\"width: 20%; text-align: center;\">64 mm<\/td>\n<td style=\"width: 20%; text-align: center;\">101mm<\/td>\n<td style=\"width: 20%; text-align: center;\">50 mm<\/td>\n<td style=\"width: 20%; text-align: center;\">90.5mm<\/td>\n<\/tr>\n<\/tbody>\n<\/table>\n<p>Bir lamba g\u00f6lgesi \u015feklinde bu cam temel s\u0131v\u0131 \u015fi\u015fesi, \u00e7ekirdek \u00f6zellik olarak ay\u0131rt edici bir armut \u015feklinde lamba g\u00f6lgesi \u00e7izgisi ile tasarlanm\u0131\u015ft\u0131r.<\/p>\n<p>\u015ei\u015fe, daha dar bir \u00fcst ve daha geni\u015f bir alt ile armut \u015feklinde bir tasar\u0131m benimser. \u00c7izgiler p\u00fcr\u00fczs\u00fcz ve yuvarlak, yak\u0131lan bir ampulle benziyor. Hem oyunculudur hem de sofistike bir duygu yay\u0131yor. \u015ei\u015fe yava\u015f yava\u015f tam k\u00fcresel tabandan yukar\u0131ya do\u011fru daral\u0131r ve \u015fi\u015fe kapa\u011f\u0131na sorunsuz bir \u015fekilde ba\u011flanan zarif bir boyun olu\u015fturur.<\/p>\n<p>Temel olarak y\u00fcksek kaliteli camdan yap\u0131lan bu \u015fi\u015fe, yar\u0131 \u015feffaf ve bulan\u0131k bir doku sunan \u00f6zel bir iridans buzlu i\u015fleme ge\u00e7iyor. I\u015f\u0131\u011f\u0131n alt\u0131nda, \u015fi\u015fenin g\u00f6vdesi inciler gibi a\u00e7\u0131yla de\u011fi\u015fen ve ak\u0131lan ince pembe-beyaz inci parlakl\u0131\u011f\u0131 yans\u0131tacak ve \u00fcr\u00fcn\u00fcn l\u00fcks ve rafine kalitesini art\u0131racakt\u0131r.<\/p>\n<p>Ayr\u0131nt\u0131lar - 5<\/p>\n<p>Kapasite: 30ml. Ta\u015f\u0131nabilirli\u011fi uzun bir hizmet \u00f6mr\u00fc ile birle\u015ftirir. \u015ei\u015fe malzemesi, iyi \u0131\u015f\u0131k iletimine sahip ve kimyasal korozyona dayan\u0131kl\u0131, kozmetik temas i\u00e7in g\u00fcvenlik standartlar\u0131n\u0131 kar\u015f\u0131layan y\u00fcksek \u015feffafl\u0131k camd\u0131r. Vidal\u0131 boyun tasar\u0131m\u0131, \u00e7e\u015fitli \u015fi\u015fe kapaklar\u0131 ile s\u0131k\u0131 bir uyum sa\u011flayan ve s\u0131z\u0131nt\u0131y\u0131 etkili bir \u015fekilde \u00f6nleyen hassas ipliklerle tasarlanm\u0131\u015ft\u0131r.<\/p>\n<p>cosmepak_adminYazar Ana Sayfa - Jaunce industrial - Sayfa 4<\/p>\n<p>\u00dcr\u00fcnler - Jaunce industrial - Sayfa 3<\/p>\n<p>Ampulun benzersiz \u015fekli \u00e7ok tan\u0131nabilir ve markan\u0131n bir par\u00e7as\u0131 haline gelerek say\u0131s\u0131z g\u00fczellik \u00fcr\u00fcnleri aras\u0131nda \u00f6ne \u00e7\u0131kabilir. G\u00f6rsel kimlik.<\/p>\n<p><img decoding=\"async\" class=\"size-full wp-image-3324 aligncenter\" src=\"https:\/\/www.cosmepak.com\/wp-content\/uploads\/2025\/03\/8-8.jpg\" alt=\"\" width=\"1000\" height=\"603\" srcset=\"https:\/\/www.cosmepak.com\/wp-content\/uploads\/2025\/03\/8-8.jpg 1000w, https:\/\/www.cosmepak.com\/wp-content\/uploads\/2025\/03\/8-8-300x181.jpg 300w, https:\/\/www.cosmepak.com\/wp-content\/uploads\/2025\/03\/8-8-768x463.jpg 768w, https:\/\/www.cosmepak.com\/wp-content\/uploads\/2025\/03\/8-8-18x12.jpg 18w, https:\/\/www.cosmepak.com\/wp-content\/uploads\/2025\/03\/8-8-600x362.jpg 600w\" sizes=\"(max-width: 1000px) 100vw, 1000px\" \/><\/p>\n<table style=\"border-collapse: collapse; width: 100%;\">\n<tbody>\n<tr>\n<td style=\"width: 33.3333%;\"><img decoding=\"async\" class=\"alignnone size-full wp-image-3320\" src=\"https:\/\/www.cosmepak.com\/wp-content\/uploads\/2025\/03\/5-7.jpg\" alt=\"\" width=\"1000\" height=\"1000\" srcset=\"https:\/\/www.cosmepak.com\/wp-content\/uploads\/2025\/03\/5-7.jpg 1000w, https:\/\/www.cosmepak.com\/wp-content\/uploads\/2025\/03\/5-7-300x300.jpg 300w, https:\/\/www.cosmepak.com\/wp-content\/uploads\/2025\/03\/5-7-150x150.jpg 150w, https:\/\/www.cosmepak.com\/wp-content\/uploads\/2025\/03\/5-7-768x768.jpg 768w, https:\/\/www.cosmepak.com\/wp-content\/uploads\/2025\/03\/5-7-12x12.jpg 12w, https:\/\/www.cosmepak.com\/wp-content\/uploads\/2025\/03\/5-7-600x600.jpg 600w, https:\/\/www.cosmepak.com\/wp-content\/uploads\/2025\/03\/5-7-100x100.jpg 100w\" sizes=\"(max-width: 1000px) 100vw, 1000px\" \/><\/td>\n<td style=\"width: 33.3333%;\"><img loading=\"lazy\" decoding=\"async\" class=\"alignnone size-full wp-image-3321\" src=\"https:\/\/www.cosmepak.com\/wp-content\/uploads\/2025\/03\/6-10.jpg\" alt=\"\" width=\"1000\" height=\"1000\" srcset=\"https:\/\/www.cosmepak.com\/wp-content\/uploads\/2025\/03\/6-10.jpg 1000w, https:\/\/www.cosmepak.com\/wp-content\/uploads\/2025\/03\/6-10-300x300.jpg 300w, https:\/\/www.cosmepak.com\/wp-content\/uploads\/2025\/03\/6-10-150x150.jpg 150w, https:\/\/www.cosmepak.com\/wp-content\/uploads\/2025\/03\/6-10-768x768.jpg 768w, https:\/\/www.cosmepak.com\/wp-content\/uploads\/2025\/03\/6-10-12x12.jpg 12w, https:\/\/www.cosmepak.com\/wp-content\/uploads\/2025\/03\/6-10-600x600.jpg 600w, https:\/\/www.cosmepak.com\/wp-content\/uploads\/2025\/03\/6-10-100x100.jpg 100w\" sizes=\"(max-width: 1000px) 100vw, 1000px\" \/><\/td>\n<td style=\"width: 33.3333%;\"><img loading=\"lazy\" decoding=\"async\" class=\"alignnone size-full wp-image-3322\" src=\"https:\/\/www.cosmepak.com\/wp-content\/uploads\/2025\/03\/4-12.jpg\" alt=\"\" width=\"1000\" height=\"1000\" srcset=\"https:\/\/www.cosmepak.com\/wp-content\/uploads\/2025\/03\/4-12.jpg 1000w, https:\/\/www.cosmepak.com\/wp-content\/uploads\/2025\/03\/4-12-300x300.jpg 300w, https:\/\/www.cosmepak.com\/wp-content\/uploads\/2025\/03\/4-12-150x150.jpg 150w, https:\/\/www.cosmepak.com\/wp-content\/uploads\/2025\/03\/4-12-768x768.jpg 768w, https:\/\/www.cosmepak.com\/wp-content\/uploads\/2025\/03\/4-12-12x12.jpg 12w, https:\/\/www.cosmepak.com\/wp-content\/uploads\/2025\/03\/4-12-600x600.jpg 600w, https:\/\/www.cosmepak.com\/wp-content\/uploads\/2025\/03\/4-12-100x100.jpg 100w\" sizes=\"(max-width: 1000px) 100vw, 1000px\" \/><\/td>\n<\/tr>\n<\/tbody>\n<\/table>\n<table style=\"border-collapse: collapse; width: 100%;\">\n<tbody>\n<tr>\n<td style=\"width: 50%;\"><img loading=\"lazy\" decoding=\"async\" class=\"alignnone size-full wp-image-3325\" src=\"https:\/\/www.cosmepak.com\/wp-content\/uploads\/2025\/03\/1-18.jpg\" alt=\"\" width=\"1000\" height=\"1000\" srcset=\"https:\/\/www.cosmepak.com\/wp-content\/uploads\/2025\/03\/1-18.jpg 1000w, https:\/\/www.cosmepak.com\/wp-content\/uploads\/2025\/03\/1-18-300x300.jpg 300w, https:\/\/www.cosmepak.com\/wp-content\/uploads\/2025\/03\/1-18-150x150.jpg 150w, https:\/\/www.cosmepak.com\/wp-content\/uploads\/2025\/03\/1-18-768x768.jpg 768w, https:\/\/www.cosmepak.com\/wp-content\/uploads\/2025\/03\/1-18-12x12.jpg 12w, https:\/\/www.cosmepak.com\/wp-content\/uploads\/2025\/03\/1-18-600x600.jpg 600w, https:\/\/www.cosmepak.com\/wp-content\/uploads\/2025\/03\/1-18-100x100.jpg 100w\" sizes=\"(max-width: 1000px) 100vw, 1000px\" \/><\/td>\n<td style=\"width: 50%;\"><img loading=\"lazy\" decoding=\"async\" class=\"alignnone size-full wp-image-3326\" src=\"https:\/\/www.cosmepak.com\/wp-content\/uploads\/2025\/03\/2-9.jpg\" alt=\"\" width=\"1000\" height=\"1000\" srcset=\"https:\/\/www.cosmepak.com\/wp-content\/uploads\/2025\/03\/2-9.jpg 1000w, https:\/\/www.cosmepak.com\/wp-content\/uploads\/2025\/03\/2-9-300x300.jpg 300w, https:\/\/www.cosmepak.com\/wp-content\/uploads\/2025\/03\/2-9-150x150.jpg 150w, https:\/\/www.cosmepak.com\/wp-content\/uploads\/2025\/03\/2-9-768x768.jpg 768w, https:\/\/www.cosmepak.com\/wp-content\/uploads\/2025\/03\/2-9-12x12.jpg 12w, https:\/\/www.cosmepak.com\/wp-content\/uploads\/2025\/03\/2-9-600x600.jpg 600w, https:\/\/www.cosmepak.com\/wp-content\/uploads\/2025\/03\/2-9-100x100.jpg 100w\" sizes=\"(max-width: 1000px) 100vw, 1000px\" \/><\/td>\n<\/tr>\n<\/tbody>\n<\/table>","protected":false},"excerpt":{"rendered":"<p>\u015ei\u015fe Malzemesi: Cam<\/p>\n<p>Kapak Malzemesi: PP<\/p>\n<p>Kapasite: 30ml<\/p>\n<p>Pompa: Losyon pompas\u0131<\/p>\n<p>Renk: \u00d6zelle\u015ftirilmi\u015f (herhangi bir Pantone Rengi Avalable)<\/p>\n<p>Y\u00fczey Kaplama: Serip bask\u0131, buzlanma, s\u0131cak damgalama, sprey gradyan\u0131, mat kaplama vb.<\/p>\n<p>MOQ: 5000pcs;<\/p>\n<p>&nbsp;<\/p>","protected":false},"featured_media":1613,"comment_status":"closed","ping_status":"closed","template":"","meta":{"_acf_changed":false},"product_brand":[],"product_cat":[15,34,58],"product_tag":[],"class_list":{"0":"post-1612","1":"product","2":"type-product","3":"status-publish","4":"has-post-thumbnail","6":"product_cat-essential-oil-bottle","7":"product_cat-foundation-bottle","8":"product_cat-glass-essential-oil-bottle","10":"first","11":"outofstock","12":"shipping-taxable","13":"product-type-simple"},"acf":[],"_links":{"self":[{"href":"https:\/\/www.cosmepak.com\/tr\/wp-json\/wp\/v2\/product\/1612","targetHints":{"allow":["GET"]}}],"collection":[{"href":"https:\/\/www.cosmepak.com\/tr\/wp-json\/wp\/v2\/product"}],"about":[{"href":"https:\/\/www.cosmepak.com\/tr\/wp-json\/wp\/v2\/types\/product"}],"replies":[{"embeddable":true,"href":"https:\/\/www.cosmepak.com\/tr\/wp-json\/wp\/v2\/comments?post=1612"}],"wp:featuredmedia":[{"embeddable":true,"href":"https:\/\/www.cosmepak.com\/tr\/wp-json\/wp\/v2\/media\/1613"}],"wp:attachment":[{"href":"https:\/\/www.cosmepak.com\/tr\/wp-json\/wp\/v2\/media?parent=1612"}],"wp:term":[{"taxonomy":"product_brand","embeddable":true,"href":"https:\/\/www.cosmepak.com\/tr\/wp-json\/wp\/v2\/product_brand?post=1612"},{"taxonomy":"product_cat","embeddable":true,"href":"https:\/\/www.cosmepak.com\/tr\/wp-json\/wp\/v2\/product_cat?post=1612"},{"taxonomy":"product_tag","embeddable":true,"href":"https:\/\/www.cosmepak.com\/tr\/wp-json\/wp\/v2\/product_tag?post=1612"}],"curies":[{"name":"wp","href":"https:\/\/api.w.org\/{rel}","templated":true}]}}