{"id":1615,"date":"2025-03-28T16:36:57","date_gmt":"2025-03-28T08:36:57","guid":{"rendered":"https:\/\/www.cosmepak.com\/?post_type=product&#038;p=1615"},"modified":"2026-02-06T16:20:42","modified_gmt":"2026-02-06T08:20:42","slug":"30ml-round-foundation-glass-bottle-jaunce","status":"publish","type":"product","link":"https:\/\/www.cosmepak.com\/tr\/product\/30ml-round-foundation-glass-bottle-jaunce\/","title":{"rendered":"30ml Yuvarlak Temel Cam \u015ei\u015fesi \/Jaunce"},"content":{"rendered":"<table style=\"border-collapse: collapse; width: 100%; height: 144px;\">\n<tbody>\n<tr style=\"height: 24px;\">\n<td style=\"width: 33.3333%; height: 144px;\" rowspan=\"6\"><img fetchpriority=\"high\" decoding=\"async\" class=\"alignnone size-full wp-image-1616\" src=\"https:\/\/www.cosmepak.com\/wp-content\/uploads\/2025\/03\/O1CN01oP47ue2L5AwEQKinW_974269640-0-cib.jpg\" alt=\"fond\u00f6ten \u015fi\u0307\u015fesi\u0307\" width=\"1000\" height=\"1000\" srcset=\"https:\/\/www.cosmepak.com\/wp-content\/uploads\/2025\/03\/O1CN01oP47ue2L5AwEQKinW_974269640-0-cib.jpg 1000w, https:\/\/www.cosmepak.com\/wp-content\/uploads\/2025\/03\/O1CN01oP47ue2L5AwEQKinW_974269640-0-cib-300x300.jpg 300w, https:\/\/www.cosmepak.com\/wp-content\/uploads\/2025\/03\/O1CN01oP47ue2L5AwEQKinW_974269640-0-cib-150x150.jpg 150w, https:\/\/www.cosmepak.com\/wp-content\/uploads\/2025\/03\/O1CN01oP47ue2L5AwEQKinW_974269640-0-cib-768x768.jpg 768w, https:\/\/www.cosmepak.com\/wp-content\/uploads\/2025\/03\/O1CN01oP47ue2L5AwEQKinW_974269640-0-cib-600x600.jpg 600w, https:\/\/www.cosmepak.com\/wp-content\/uploads\/2025\/03\/O1CN01oP47ue2L5AwEQKinW_974269640-0-cib-100x100.jpg 100w\" sizes=\"(max-width: 1000px) 100vw, 1000px\" \/><\/td>\n<td style=\"width: 33.122%; height: 24px; text-align: center;\">Marka<\/td>\n<td style=\"width: 33.5446%; height: 24px; text-align: center;\">Fahi\u015fe<\/td>\n<\/tr>\n<tr style=\"height: 24px;\">\n<td style=\"width: 33.122%; height: 24px; text-align: center;\">Model<\/td>\n<td style=\"width: 33.5446%; height: 24px; text-align: center;\">JH-PHF142<\/td>\n<\/tr>\n<tr style=\"height: 24px;\">\n<td style=\"width: 33.122%; height: 24px; text-align: center;\">Kapak<\/td>\n<td style=\"width: 33.5446%; height: 24px; text-align: center;\">30ml<\/td>\n<\/tr>\n<tr style=\"height: 24px;\">\n<td style=\"width: 33.122%; height: 24px; text-align: center;\">Boyun boyutu<\/td>\n<td style=\"width: 33.5446%; height: 24px; text-align: center;\">18 mm<\/td>\n<\/tr>\n<tr style=\"height: 24px;\">\n<td style=\"width: 33.122%; height: 24px; text-align: center;\">Pompa<\/td>\n<td style=\"width: 33.5446%; height: 24px; text-align: center;\">Losyon pompas\u0131<\/td>\n<\/tr>\n<tr style=\"height: 24px;\">\n<td style=\"width: 33.122%; height: 24px; text-align: center;\">Malzeme<\/td>\n<td style=\"width: 33.5446%; height: 24px; text-align: center;\">Bardak<\/td>\n<\/tr>\n<\/tbody>\n<\/table>\n<table style=\"border-collapse: collapse; width: 100%;\">\n<tbody>\n<tr style=\"height: 24px;\">\n<td style=\"width: 20%; text-align: center; height: 24px;\"><strong>Kapasite<\/strong><\/td>\n<td style=\"width: 20%; text-align: center; height: 24px;\"><strong>Omuz y\u00fcksekli\u011fi<\/strong><\/td>\n<td style=\"width: 20%; text-align: center; height: 24px;\"><strong>Toplam y\u00fckseklik<\/strong><\/td>\n<td style=\"width: 20%; text-align: center; height: 24px;\"><strong>Dia<\/strong><\/td>\n<\/tr>\n<tr style=\"height: 24px;\">\n<td style=\"width: 20%; text-align: center; height: 24px;\">30ml<\/td>\n<td style=\"width: 20%; text-align: center; height: 24px;\">57 mm<\/td>\n<td style=\"width: 20%; text-align: center; height: 24px;\">95 mm<\/td>\n<td style=\"width: 20%; text-align: center; height: 24px;\">40mm<\/td>\n<\/tr>\n<\/tbody>\n<\/table>\n<p>Bu \u00fcr\u00fcn, \u00e7e\u015fitli kullan\u0131c\u0131 dostu yap\u0131sal tasar\u0131mlara sahip 30ml kapasiteli \u015feffaf bir cam \u015fi\u015fedir. Genel \u015fekil basit ve uyumludur, pratikli\u011fi ve esteti\u011fi birle\u015ftirir. \u015ei\u015fenin g\u00f6vdesi \u015feffaf camdan yap\u0131lm\u0131\u015ft\u0131r ve i\u00e7eri\u011fin a\u00e7\u0131k\u00e7a g\u00f6r\u00fcnmesine izin verir. Doku m\u00fcmk\u00fcn oldu\u011funca p\u00fcr\u00fczs\u00fcz, ipek ve p\u00fcr\u00fczs\u00fczd\u00fcr. \u015ei\u015fe a\u011f\u0131z\u0131, itme tipi pompa kafas\u0131 ile birlikte \u00e7al\u0131\u015fan, m\u00fckemmel bir s\u0131zd\u0131rmazl\u0131k performans\u0131 sa\u011flayan ve kullan\u0131m\u0131 kolay bir di\u015fli yap\u0131 ile tasarlanm\u0131\u015ft\u0131r. \u015ei\u015fenin alt\u0131 g\u00fc\u00e7lendirildi, \u00fcr\u00fcn\u00fcn istikrar\u0131n\u0131 ve dayan\u0131kl\u0131l\u0131\u011f\u0131n\u0131 artt\u0131rd\u0131, ta\u015f\u0131ma ve kullan\u0131m s\u0131ras\u0131nda hasar riskini etkili bir \u015fekilde azaltt\u0131.<\/p>\n<p>Ayr\u0131ca \u015fi\u015fenin y\u00fczeyinde kum p\u00fcsk\u00fcrtme tedavisi de sunabiliriz, gizem duygusu veren mat bir doku olu\u015fturabiliriz. Ayn\u0131 zamanda, renkli kaplama ve serigrafi gibi \u00f6zelle\u015ftirme hizmetleri de sunuyoruz.<\/p>\n<p>\u015ei\u015fenin a\u00e7\u0131l\u0131\u015f\u0131n\u0131n \u00e7ap\u0131 18 mm'dir, \u015fi\u015fenin ana g\u00f6vdesinin \u00e7ap\u0131 40 mm'dir, d\u00fcz omuz par\u00e7as\u0131n\u0131n y\u00fcksekli\u011fi 57 mm'dir ve bu \u00fcr\u00fcn\u00fcn toplam y\u00fcksekli\u011fi 95 mm'dir. Kal\u0131n taban tasar\u0131m\u0131 daha istikrarl\u0131 bir yerle\u015ftirmeyi sa\u011flar ve \u00fcr\u00fcn\u00fc hasara daha az e\u011filim g\u00f6sterir. Enjeksiyon kal\u0131planm\u0131\u015f siyah boyal\u0131 di\u015fli pompa kafas\u0131 l\u00fcks bir hissi sa\u011fl\u0131yor. S\u0131v\u0131y\u0131 d\u0131\u015far\u0131 bas\u0131n ve bo\u015falt\u0131lan s\u0131v\u0131 miktar\u0131 kontrol edilebilir, b\u00f6ylece israfdan ka\u00e7\u0131n\u0131r. \u0130htiyac\u0131n oldu\u011fu kadar al. Temiz ve hijyenik ve i\u00e7eri\u011fin ikincil kirlili\u011fine neden olmayacakt\u0131r. Ayn\u0131 renk \u015femas\u0131n\u0131n d\u0131\u015f kapa\u011f\u0131 ile e\u015fle\u015ftirme, t\u00fcm g\u00f6r\u00fcn\u00fcm\u00fc daha uyumlu hale getirir.<\/p>\n<p>https:\/\/www.cosmepak.com\/vi\/san-pham\/chai-phun-300ml-vang\/<\/p>\n<p><img decoding=\"async\" class=\"size-full wp-image-1617 aligncenter\" src=\"https:\/\/www.cosmepak.com\/wp-content\/uploads\/2025\/03\/O1CN01z01iek2L5AwTmHYnK_974269640-0-cib.jpg\" alt=\"fond\u00f6ten \u015fi\u0307\u015fesi\u0307\" width=\"1000\" height=\"1376\" srcset=\"https:\/\/www.cosmepak.com\/wp-content\/uploads\/2025\/03\/O1CN01z01iek2L5AwTmHYnK_974269640-0-cib.jpg 1000w, https:\/\/www.cosmepak.com\/wp-content\/uploads\/2025\/03\/O1CN01z01iek2L5AwTmHYnK_974269640-0-cib-218x300.jpg 218w, https:\/\/www.cosmepak.com\/wp-content\/uploads\/2025\/03\/O1CN01z01iek2L5AwTmHYnK_974269640-0-cib-744x1024.jpg 744w, https:\/\/www.cosmepak.com\/wp-content\/uploads\/2025\/03\/O1CN01z01iek2L5AwTmHYnK_974269640-0-cib-768x1057.jpg 768w, https:\/\/www.cosmepak.com\/wp-content\/uploads\/2025\/03\/O1CN01z01iek2L5AwTmHYnK_974269640-0-cib-600x826.jpg 600w\" sizes=\"(max-width: 1000px) 100vw, 1000px\" \/><\/p>\n<table style=\"border-collapse: collapse; width: 100%;\">\n<tbody>\n<tr>\n<td style=\"width: 33.3333%;\"><img decoding=\"async\" class=\"alignnone size-full wp-image-3330\" src=\"https:\/\/www.cosmepak.com\/wp-content\/uploads\/2025\/03\/O1CN01UtL9rY2L5AwPPLF43_974269640-0-cib-1.jpg\" alt=\"\" width=\"1000\" height=\"1000\" srcset=\"https:\/\/www.cosmepak.com\/wp-content\/uploads\/2025\/03\/O1CN01UtL9rY2L5AwPPLF43_974269640-0-cib-1.jpg 1000w, https:\/\/www.cosmepak.com\/wp-content\/uploads\/2025\/03\/O1CN01UtL9rY2L5AwPPLF43_974269640-0-cib-1-300x300.jpg 300w, https:\/\/www.cosmepak.com\/wp-content\/uploads\/2025\/03\/O1CN01UtL9rY2L5AwPPLF43_974269640-0-cib-1-150x150.jpg 150w, https:\/\/www.cosmepak.com\/wp-content\/uploads\/2025\/03\/O1CN01UtL9rY2L5AwPPLF43_974269640-0-cib-1-768x768.jpg 768w, https:\/\/www.cosmepak.com\/wp-content\/uploads\/2025\/03\/O1CN01UtL9rY2L5AwPPLF43_974269640-0-cib-1-12x12.jpg 12w, https:\/\/www.cosmepak.com\/wp-content\/uploads\/2025\/03\/O1CN01UtL9rY2L5AwPPLF43_974269640-0-cib-1-600x600.jpg 600w, https:\/\/www.cosmepak.com\/wp-content\/uploads\/2025\/03\/O1CN01UtL9rY2L5AwPPLF43_974269640-0-cib-1-100x100.jpg 100w\" sizes=\"(max-width: 1000px) 100vw, 1000px\" \/><\/td>\n<td style=\"width: 33.3333%;\"><img loading=\"lazy\" decoding=\"async\" class=\"alignnone size-full wp-image-3327\" src=\"https:\/\/www.cosmepak.com\/wp-content\/uploads\/2025\/03\/O1CN01oP47ue2L5AwEQKinW_974269640-0-cib-1.jpg\" alt=\"\" width=\"1000\" height=\"1000\" srcset=\"https:\/\/www.cosmepak.com\/wp-content\/uploads\/2025\/03\/O1CN01oP47ue2L5AwEQKinW_974269640-0-cib-1.jpg 1000w, https:\/\/www.cosmepak.com\/wp-content\/uploads\/2025\/03\/O1CN01oP47ue2L5AwEQKinW_974269640-0-cib-1-300x300.jpg 300w, https:\/\/www.cosmepak.com\/wp-content\/uploads\/2025\/03\/O1CN01oP47ue2L5AwEQKinW_974269640-0-cib-1-150x150.jpg 150w, https:\/\/www.cosmepak.com\/wp-content\/uploads\/2025\/03\/O1CN01oP47ue2L5AwEQKinW_974269640-0-cib-1-768x768.jpg 768w, https:\/\/www.cosmepak.com\/wp-content\/uploads\/2025\/03\/O1CN01oP47ue2L5AwEQKinW_974269640-0-cib-1-12x12.jpg 12w, https:\/\/www.cosmepak.com\/wp-content\/uploads\/2025\/03\/O1CN01oP47ue2L5AwEQKinW_974269640-0-cib-1-600x600.jpg 600w, https:\/\/www.cosmepak.com\/wp-content\/uploads\/2025\/03\/O1CN01oP47ue2L5AwEQKinW_974269640-0-cib-1-100x100.jpg 100w\" sizes=\"(max-width: 1000px) 100vw, 1000px\" \/><\/td>\n<td style=\"width: 33.3333%;\"><img loading=\"lazy\" decoding=\"async\" class=\"alignnone size-full wp-image-3331\" src=\"https:\/\/www.cosmepak.com\/wp-content\/uploads\/2025\/03\/1-19.jpg\" alt=\"\" width=\"1000\" height=\"1000\" srcset=\"https:\/\/www.cosmepak.com\/wp-content\/uploads\/2025\/03\/1-19.jpg 1000w, https:\/\/www.cosmepak.com\/wp-content\/uploads\/2025\/03\/1-19-300x300.jpg 300w, https:\/\/www.cosmepak.com\/wp-content\/uploads\/2025\/03\/1-19-150x150.jpg 150w, https:\/\/www.cosmepak.com\/wp-content\/uploads\/2025\/03\/1-19-768x768.jpg 768w, https:\/\/www.cosmepak.com\/wp-content\/uploads\/2025\/03\/1-19-12x12.jpg 12w, https:\/\/www.cosmepak.com\/wp-content\/uploads\/2025\/03\/1-19-600x600.jpg 600w, https:\/\/www.cosmepak.com\/wp-content\/uploads\/2025\/03\/1-19-100x100.jpg 100w\" sizes=\"(max-width: 1000px) 100vw, 1000px\" \/><\/td>\n<\/tr>\n<\/tbody>\n<\/table>\n<p>&nbsp;<\/p>\n<p>&nbsp;<\/p>","protected":false},"excerpt":{"rendered":"<p>\u015ei\u015fe Malzemesi: Cam<\/p>\n<p>Kapak Malzemesi: PP<\/p>\n<p>Kapasite: 30ml<\/p>\n<p>Pompa: Losyon pompas\u0131<\/p>\n<p>Renk: \u00d6zelle\u015ftirilmi\u015f (herhangi bir Pantone Rengi Avalable)<\/p>\n<p>Y\u00fczey Kaplama: Serip bask\u0131, buzlanma, s\u0131cak damgalama, sprey gradyan\u0131, mat kaplama vb.<\/p>\n<p>MOQ: 5000pcs;<\/p>\n<p>&nbsp;<\/p>","protected":false},"featured_media":1616,"comment_status":"open","ping_status":"closed","template":"","meta":{"_acf_changed":false},"product_brand":[],"product_cat":[34],"product_tag":[],"class_list":{"0":"post-1615","1":"product","2":"type-product","3":"status-publish","4":"has-post-thumbnail","6":"product_cat-foundation-bottle","8":"first","9":"outofstock","10":"shipping-taxable","11":"product-type-simple"},"acf":[],"_links":{"self":[{"href":"https:\/\/www.cosmepak.com\/tr\/wp-json\/wp\/v2\/product\/1615","targetHints":{"allow":["GET"]}}],"collection":[{"href":"https:\/\/www.cosmepak.com\/tr\/wp-json\/wp\/v2\/product"}],"about":[{"href":"https:\/\/www.cosmepak.com\/tr\/wp-json\/wp\/v2\/types\/product"}],"replies":[{"embeddable":true,"href":"https:\/\/www.cosmepak.com\/tr\/wp-json\/wp\/v2\/comments?post=1615"}],"wp:featuredmedia":[{"embeddable":true,"href":"https:\/\/www.cosmepak.com\/tr\/wp-json\/wp\/v2\/media\/1616"}],"wp:attachment":[{"href":"https:\/\/www.cosmepak.com\/tr\/wp-json\/wp\/v2\/media?parent=1615"}],"wp:term":[{"taxonomy":"product_brand","embeddable":true,"href":"https:\/\/www.cosmepak.com\/tr\/wp-json\/wp\/v2\/product_brand?post=1615"},{"taxonomy":"product_cat","embeddable":true,"href":"https:\/\/www.cosmepak.com\/tr\/wp-json\/wp\/v2\/product_cat?post=1615"},{"taxonomy":"product_tag","embeddable":true,"href":"https:\/\/www.cosmepak.com\/tr\/wp-json\/wp\/v2\/product_tag?post=1615"}],"curies":[{"name":"wp","href":"https:\/\/api.w.org\/{rel}","templated":true}]}}