{"id":1623,"date":"2025-03-28T17:02:01","date_gmt":"2025-03-28T09:02:01","guid":{"rendered":"https:\/\/www.cosmepak.com\/?post_type=product&#038;p=1623"},"modified":"2025-10-17T16:00:37","modified_gmt":"2025-10-17T08:00:37","slug":"square-foundation-glass-bottle-jaunce","status":"publish","type":"product","link":"https:\/\/www.cosmepak.com\/tr\/product\/square-foundation-glass-bottle-jaunce\/","title":{"rendered":"Square Foundation Cam \u015ei\u015fesi \/Jaunce"},"content":{"rendered":"<table style=\"border-collapse: collapse; width: 100%; height: 144px;\">\n<tbody>\n<tr style=\"height: 24px;\">\n<td style=\"width: 33.3333%; height: 144px;\" rowspan=\"6\"><img fetchpriority=\"high\" decoding=\"async\" class=\"alignnone size-full wp-image-1624\" src=\"https:\/\/www.cosmepak.com\/wp-content\/uploads\/2025\/03\/O1CN01uRg7vT2L5AwCjXroW_974269640-0-cib.jpg\" alt=\"fond\u00f6ten \u015fi\u0307\u015fesi\u0307\" width=\"1000\" height=\"1000\" srcset=\"https:\/\/www.cosmepak.com\/wp-content\/uploads\/2025\/03\/O1CN01uRg7vT2L5AwCjXroW_974269640-0-cib.jpg 1000w, https:\/\/www.cosmepak.com\/wp-content\/uploads\/2025\/03\/O1CN01uRg7vT2L5AwCjXroW_974269640-0-cib-300x300.jpg 300w, https:\/\/www.cosmepak.com\/wp-content\/uploads\/2025\/03\/O1CN01uRg7vT2L5AwCjXroW_974269640-0-cib-150x150.jpg 150w, https:\/\/www.cosmepak.com\/wp-content\/uploads\/2025\/03\/O1CN01uRg7vT2L5AwCjXroW_974269640-0-cib-768x768.jpg 768w, https:\/\/www.cosmepak.com\/wp-content\/uploads\/2025\/03\/O1CN01uRg7vT2L5AwCjXroW_974269640-0-cib-600x600.jpg 600w, https:\/\/www.cosmepak.com\/wp-content\/uploads\/2025\/03\/O1CN01uRg7vT2L5AwCjXroW_974269640-0-cib-100x100.jpg 100w\" sizes=\"(max-width: 1000px) 100vw, 1000px\" \/><\/td>\n<td style=\"width: 33.122%; height: 24px; text-align: center;\">Marka<\/td>\n<td style=\"width: 33.5446%; height: 24px; text-align: center;\">Fahi\u015fe<\/td>\n<\/tr>\n<tr style=\"height: 24px;\">\n<td style=\"width: 33.122%; height: 24px; text-align: center;\">Model<\/td>\n<td style=\"width: 33.5446%; height: 24px; text-align: center;\">JH-PHF103 \/ 098 \/ 066 \/ 104<\/td>\n<\/tr>\n<tr style=\"height: 24px;\">\n<td style=\"width: 33.122%; height: 24px; text-align: center;\">Kapak<\/td>\n<td style=\"width: 33.5446%; height: 24px; text-align: center;\">15 \/ 25 \/ 35 \/ 40ml<\/td>\n<\/tr>\n<tr style=\"height: 24px;\">\n<td style=\"width: 33.122%; height: 24px; text-align: center;\">Boyun boyutu<\/td>\n<td style=\"width: 33.5446%; height: 24px; text-align: center;\">18 mm<\/td>\n<\/tr>\n<tr style=\"height: 24px;\">\n<td style=\"width: 33.122%; height: 24px; text-align: center;\">Pompa<\/td>\n<td style=\"width: 33.5446%; height: 24px; text-align: center;\">Losyon pompas\u0131<\/td>\n<\/tr>\n<tr style=\"height: 24px;\">\n<td style=\"width: 33.122%; height: 24px; text-align: center;\">Malzeme<\/td>\n<td style=\"width: 33.5446%; height: 24px; text-align: center;\">Bardak<\/td>\n<\/tr>\n<\/tbody>\n<\/table>\n<table style=\"border-collapse: collapse; width: 100%;\">\n<tbody>\n<tr style=\"height: 24px;\">\n<td style=\"width: 20%; text-align: center; height: 24px;\"><strong>Kapasite<\/strong><\/td>\n<td style=\"width: 20%; text-align: center; height: 24px;\"><strong>Omuz y\u00fcksekli\u011fi<\/strong><\/td>\n<td style=\"width: 20%; text-align: center; height: 24px;\"><strong>Toplam y\u00fckseklik<\/strong><\/td>\n<td style=\"width: 20%; text-align: center; height: 24px;\"><strong>Dia<\/strong><\/td>\n<\/tr>\n<tr>\n<td style=\"width: 20%; text-align: center;\">15ml<\/td>\n<td style=\"width: 20%; text-align: center;\">43mm<\/td>\n<td style=\"width: 20%; text-align: center;\">85mm<\/td>\n<td style=\"width: 20%; text-align: center;\">32 mm<\/td>\n<\/tr>\n<tr style=\"height: 24px;\">\n<td style=\"width: 20%; text-align: center; height: 24px;\">25ml<\/td>\n<td style=\"width: 20%; text-align: center; height: 24px;\">50 mm<\/td>\n<td style=\"width: 20%; text-align: center; height: 24px;\">92mm<\/td>\n<td style=\"width: 20%; text-align: center; height: 24px;\">32 mm<\/td>\n<\/tr>\n<tr>\n<td style=\"width: 20%; text-align: center;\">35ml<\/td>\n<td style=\"width: 20%; text-align: center;\">64 mm<\/td>\n<td style=\"width: 20%; text-align: center;\">105mm<\/td>\n<td style=\"width: 20%; text-align: center;\">32 mm<\/td>\n<\/tr>\n<tr>\n<td style=\"width: 20%; text-align: center;\">40ml<\/td>\n<td style=\"width: 20%; text-align: center;\">78mm<\/td>\n<td style=\"width: 20%; text-align: center;\">120mm<\/td>\n<td style=\"width: 20%; text-align: center;\">32 mm<\/td>\n<\/tr>\n<\/tbody>\n<\/table>\n<p>2025 y\u0131l\u0131nda, moda kozmetik paket gen\u00e7 al\u0131\u015fveri\u015f yapanlar\u0131n ihtiya\u00e7lar\u0131na uymaktad\u0131r. D\u00fc\u015f\u00fcn.<\/p>\n<p><strong>Cam Malzemesinin Avantajlar\u0131<\/strong><\/p>\n<p>Geli\u015ftirilmi\u015f Doku: \u015eeffaf cam \u00fcr\u00fcn\u00fc vurgulamaktad\u0131r&#8217; s doku, kozmetiklerin y\u00fcksek kaliteli g\u00f6rsel konumland\u0131rmas\u0131n\u0131 art\u0131rmak ve plastik \u015fi\u015felerin ucuz hissinden ay\u0131rt etmek.<br \/>\nDayan\u0131kl\u0131l\u0131k: S\u0131radan camla kar\u015f\u0131la\u015ft\u0131r\u0131ld\u0131\u011f\u0131nda \u00fcst\u00fcn darbe direnci, tekrarlanan kullan\u0131mdan sonra \u015fekli korumak, b\u00f6ylece son kullan\u0131c\u0131lardan d\u00f6n\u00fc\u015f oranlar\u0131n\u0131 azaltmak.<br \/>\n\u00c7evre dostu Uyumluluk: Geri d\u00f6n\u00fc\u015ft\u00fcr\u00fclebilir malzeme, AB ECOCERT, \u00c7in GB \/ T 38727 ve di\u011fer \u00e7evre standartlar\u0131na uygundur ve markalar\u0131n s\u00fcrd\u00fcr\u00fclebilir bir imaj olu\u015fturmas\u0131na yard\u0131mc\u0131 olur.<br \/>\nY\u00fcksek Maliyet Verimlili\u011fi \u00d6zelle\u015ftirme<\/p>\n<p>Serigrafi, s\u0131cak damgalama ve \u015fi\u015fedeki etiketleme gibi \u00f6zelle\u015ftirilmi\u015f i\u015fleme destekler.<br \/>\nEsnek minimum sipari\u015f miktar\u0131 (5000 par\u00e7adan ba\u015flayarak).<br \/>\nBenzer y\u00fcksek kaliteli cam ambalajlarla kar\u015f\u0131la\u015ft\u0131r\u0131ld\u0131\u011f\u0131nda, sat\u0131n alma maliyetleri% 12-15 oran\u0131nda azalm\u0131\u015ft\u0131r.<\/p>\n<p><img decoding=\"async\" class=\"wp-image-1620 aligncenter\" src=\"https:\/\/www.cosmepak.com\/wp-content\/uploads\/2025\/03\/O1CN01jK8lCN2L5AwIjoEFv_974269640-0-cib.jpg\" alt=\"Temel Cam \u015ei\u015fe\" width=\"1373\" height=\"1893\" srcset=\"https:\/\/www.cosmepak.com\/wp-content\/uploads\/2025\/03\/O1CN01jK8lCN2L5AwIjoEFv_974269640-0-cib.jpg 1000w, https:\/\/www.cosmepak.com\/wp-content\/uploads\/2025\/03\/O1CN01jK8lCN2L5AwIjoEFv_974269640-0-cib-218x300.jpg 218w, https:\/\/www.cosmepak.com\/wp-content\/uploads\/2025\/03\/O1CN01jK8lCN2L5AwIjoEFv_974269640-0-cib-743x1024.jpg 743w, https:\/\/www.cosmepak.com\/wp-content\/uploads\/2025\/03\/O1CN01jK8lCN2L5AwIjoEFv_974269640-0-cib-768x1059.jpg 768w, https:\/\/www.cosmepak.com\/wp-content\/uploads\/2025\/03\/O1CN01jK8lCN2L5AwIjoEFv_974269640-0-cib-600x827.jpg 600w\" sizes=\"(max-width: 1373px) 100vw, 1373px\" \/><\/p>\n<p>Kozmetik ambalaj malzemelerinde uzmanla\u015fm\u0131\u015f bir \u015firketiz. 2014 y\u0131l\u0131nda kuruldu\u011fumuzdan bu yana yerli ve yabanc\u0131 dolum \u015firketlerine ambalaj malzemeleri sa\u011flamaktay\u0131z. Biz sadece kozmetik ambalaj malzemeleri \u015firketi de\u011filiz; Ayr\u0131ca m\u00fc\u015fterilerimize yeni ambalaj tasar\u0131mlar\u0131 geli\u015ftirmede yard\u0131mc\u0131 oluyoruz. Ayr\u0131ca bir durak kozmetik paket hizmetini de destekliyoruz.<\/p>\n<p><img decoding=\"async\" class=\"alignnone size-full wp-image-1347\" src=\"https:\/\/www.cosmepak.com\/wp-content\/uploads\/2024\/12\/\u9996\u987519202_03.jpg\" alt=\"fabrika g\u00f6sterisi\" width=\"1920\" height=\"885\" srcset=\"https:\/\/www.cosmepak.com\/wp-content\/uploads\/2024\/12\/\u9996\u987519202_03.jpg 1920w, https:\/\/www.cosmepak.com\/wp-content\/uploads\/2024\/12\/\u9996\u987519202_03-300x138.jpg 300w, https:\/\/www.cosmepak.com\/wp-content\/uploads\/2024\/12\/\u9996\u987519202_03-1024x472.jpg 1024w, https:\/\/www.cosmepak.com\/wp-content\/uploads\/2024\/12\/\u9996\u987519202_03-768x354.jpg 768w, https:\/\/www.cosmepak.com\/wp-content\/uploads\/2024\/12\/\u9996\u987519202_03-1536x708.jpg 1536w, https:\/\/www.cosmepak.com\/wp-content\/uploads\/2024\/12\/\u9996\u987519202_03-600x277.jpg 600w\" sizes=\"(max-width: 1920px) 100vw, 1920px\" \/><\/p>\n<p>&nbsp;<\/p>","protected":false},"excerpt":{"rendered":"<p>\u015ei\u015fe Malzemesi: Cam<\/p>\n<p>Kapak Malzemesi: PP<\/p>\n<p>Kapasite: 15\/25\/35\/40ml<\/p>\n<p>Youn\u062c\u0631\u0627m insanlar\u0131 bu de\u011fi\u015fimin \u00f6n\u00fcndedir. Z nesil ve milyonlarca insan iklim sorunlar\u0131 hakk\u0131nda y\u00fcksek sesle konu\u015fuyor. Onlar inand\u0131klar\u0131na para harc\u0131yorlar. Bu al\u0131c\u0131lar ger\u00e7eklik, adil malzemeler ve her sat\u0131n alma ile a\u00e7\u0131k ger\u00e7ekler istiyorlar.<\/p>\n<p>Renk: \u00d6zelle\u015ftirilmi\u015f (herhangi bir Pantone Rengi Avalable)<\/p>\n<p>Y\u00fczey Kaplama: Serip bask\u0131, buzlanma, s\u0131cak damgalama, sprey gradyan\u0131, mat kaplama vb.<\/p>\n<p>MOQ: 5000pcs;<\/p>\n<p>&nbsp;<\/p>","protected":false},"featured_media":1624,"comment_status":"closed","ping_status":"closed","template":"","meta":{"_acf_changed":false},"product_brand":[],"product_cat":[34],"product_tag":[],"class_list":{"0":"post-1623","1":"product","2":"type-product","3":"status-publish","4":"has-post-thumbnail","6":"product_cat-foundation-bottle","8":"first","9":"outofstock","10":"shipping-taxable","11":"product-type-simple"},"acf":[],"_links":{"self":[{"href":"https:\/\/www.cosmepak.com\/tr\/wp-json\/wp\/v2\/product\/1623","targetHints":{"allow":["GET"]}}],"collection":[{"href":"https:\/\/www.cosmepak.com\/tr\/wp-json\/wp\/v2\/product"}],"about":[{"href":"https:\/\/www.cosmepak.com\/tr\/wp-json\/wp\/v2\/types\/product"}],"replies":[{"embeddable":true,"href":"https:\/\/www.cosmepak.com\/tr\/wp-json\/wp\/v2\/comments?post=1623"}],"wp:featuredmedia":[{"embeddable":true,"href":"https:\/\/www.cosmepak.com\/tr\/wp-json\/wp\/v2\/media\/1624"}],"wp:attachment":[{"href":"https:\/\/www.cosmepak.com\/tr\/wp-json\/wp\/v2\/media?parent=1623"}],"wp:term":[{"taxonomy":"product_brand","embeddable":true,"href":"https:\/\/www.cosmepak.com\/tr\/wp-json\/wp\/v2\/product_brand?post=1623"},{"taxonomy":"product_cat","embeddable":true,"href":"https:\/\/www.cosmepak.com\/tr\/wp-json\/wp\/v2\/product_cat?post=1623"},{"taxonomy":"product_tag","embeddable":true,"href":"https:\/\/www.cosmepak.com\/tr\/wp-json\/wp\/v2\/product_tag?post=1623"}],"curies":[{"name":"wp","href":"https:\/\/api.w.org\/{rel}","templated":true}]}}