{"id":1638,"date":"2025-03-31T14:09:41","date_gmt":"2025-03-31T06:09:41","guid":{"rendered":"https:\/\/www.cosmepak.com\/?post_type=product&#038;p=1638"},"modified":"2026-01-06T15:33:08","modified_gmt":"2026-01-06T07:33:08","slug":"30ml-liquid-foundation-bottle-with-ball-cap-jaunce","status":"publish","type":"product","link":"https:\/\/www.cosmepak.com\/tr\/product\/30ml-liquid-foundation-bottle-with-ball-cap-jaunce\/","title":{"rendered":"30ml S\u0131v\u0131 Temel \u015ei\u015fesi Toplu Kapakl\u0131 \/ Jaunce"},"content":{"rendered":"<table style=\"border-collapse: collapse; width: 100%; height: 144px;\">\n<tbody>\n<tr style=\"height: 24px;\">\n<td style=\"width: 33.3333%; height: 144px;\" rowspan=\"5\"><img fetchpriority=\"high\" decoding=\"async\" class=\"alignnone size-full wp-image-3900\" src=\"https:\/\/www.cosmepak.com\/wp-content\/uploads\/2025\/03\/O1CN01zlg5xb2511jdryMLr_2541887465-0-cib.jpg\" alt=\"\" width=\"1000\" height=\"1000\" srcset=\"https:\/\/www.cosmepak.com\/wp-content\/uploads\/2025\/03\/O1CN01zlg5xb2511jdryMLr_2541887465-0-cib.jpg 1000w, https:\/\/www.cosmepak.com\/wp-content\/uploads\/2025\/03\/O1CN01zlg5xb2511jdryMLr_2541887465-0-cib-300x300.jpg 300w, https:\/\/www.cosmepak.com\/wp-content\/uploads\/2025\/03\/O1CN01zlg5xb2511jdryMLr_2541887465-0-cib-150x150.jpg 150w, https:\/\/www.cosmepak.com\/wp-content\/uploads\/2025\/03\/O1CN01zlg5xb2511jdryMLr_2541887465-0-cib-768x768.jpg 768w, https:\/\/www.cosmepak.com\/wp-content\/uploads\/2025\/03\/O1CN01zlg5xb2511jdryMLr_2541887465-0-cib-12x12.jpg 12w, https:\/\/www.cosmepak.com\/wp-content\/uploads\/2025\/03\/O1CN01zlg5xb2511jdryMLr_2541887465-0-cib-600x600.jpg 600w, https:\/\/www.cosmepak.com\/wp-content\/uploads\/2025\/03\/O1CN01zlg5xb2511jdryMLr_2541887465-0-cib-100x100.jpg 100w\" sizes=\"(max-width: 1000px) 100vw, 1000px\" \/><\/td>\n<td style=\"width: 33.122%; height: 24px; text-align: center;\">Marka<\/td>\n<td style=\"width: 33.5446%; height: 24px; text-align: center;\">Fahi\u015fe<\/td>\n<\/tr>\n<tr style=\"height: 24px;\">\n<td style=\"width: 33.122%; height: 24px; text-align: center;\">Model<\/td>\n<td style=\"width: 33.5446%; height: 24px; text-align: center;\">JH-XBT229 i\u00e7in<\/td>\n<\/tr>\n<tr style=\"height: 24px;\">\n<td style=\"width: 33.122%; height: 24px; text-align: center;\">Kapak<\/td>\n<td style=\"width: 33.5446%; height: 24px; text-align: center;\">30ml<\/td>\n<\/tr>\n<tr style=\"height: 24px;\">\n<td style=\"width: 33.122%; height: 24px; text-align: center;\">Pompa<\/td>\n<td style=\"width: 33.5446%; height: 24px; text-align: center;\">Losyon pompas\u0131<\/td>\n<\/tr>\n<tr style=\"height: 24px;\">\n<td style=\"width: 33.122%; height: 24px; text-align: center;\">Malzeme<\/td>\n<td style=\"width: 33.5446%; height: 24px; text-align: center;\">Bardak<\/td>\n<\/tr>\n<\/tbody>\n<\/table>\n<table style=\"border-collapse: collapse; width: 100%;\">\n<tbody>\n<tr style=\"height: 24px;\">\n<td style=\"width: 15.8763%; text-align: center; height: 24px;\"><strong>Kapasite<\/strong><\/td>\n<td style=\"width: 17.1363%; text-align: center; height: 24px;\"><strong>Toplam y\u00fckseklik<\/strong><\/td>\n<td style=\"width: 14.4673%; text-align: center; height: 24px;\"><strong>Dia<\/strong><\/td>\n<\/tr>\n<tr style=\"height: 24px;\">\n<td style=\"width: 15.8763%; text-align: center; height: 24px;\">30ml<\/td>\n<td style=\"width: 17.1363%; text-align: center; height: 24px;\">99.6mm<\/td>\n<td style=\"width: 14.4673%; text-align: center; height: 24px;\">49mm<\/td>\n<\/tr>\n<\/tbody>\n<\/table>\n<p>\u015ei\u015fe klasik bir dairesel \u015fekil benimser. Sadece uygun ve kullan\u0131m\u0131 kolay de\u011fil, ayn\u0131 zamanda m\u00fckemmel bir uyumlulu\u011fa sahiptir ve sonraki ambalajlama, depolama ve ta\u015f\u0131ma s\u00fcre\u00e7leri i\u00e7in uygundur.<\/p>\n<p>Tasar\u0131m a\u00e7\u0131s\u0131ndan, \u015fi\u015fe g\u00f6vdesi, ayn\u0131 mavi k\u00fcresel \u015fi\u015fe kapa\u011f\u0131 ile tamamlanan rafine bir gri-mavi renk tonunu benimser. \u0130ki unsur birbirini m\u00fckemmel bir \u015fekilde tamamlar, canl\u0131 ve sevimli bir doku ekleyerek minimalist ve zarif bir estetik konsepti somutlar. \u00c7e\u015fitli marka konumland\u0131rma ve kullan\u0131m senaryolar\u0131yla kolayca uyumlanabilir. \u015ei\u015fenin y\u00fczeyi ince i\u015flenmi\u015ftir, ipek p\u00fcr\u00fczs\u00fcz ve ince bir dokunu\u015f ile rahat bir tutma deneyimi sa\u011flar.<\/p>\n<p>\u015ei\u015fe a\u011f\u0131z\u0131, doldurma s\u00fcrecini daha p\u00fcr\u00fczs\u00fcz ve daha verimli hale getiren, doldurma s\u0131ras\u0131nda s\u0131v\u0131n\u0131n s\u0131z\u0131nt\u0131s\u0131n\u0131 etkili bir \u015fekilde \u00f6nleyen di\u015fli bir yap\u0131yla \u00f6zel olarak tasarlanm\u0131\u015ft\u0131r. Ayn\u0131 zamanda, d\u00f6nen bir m\u00fch\u00fcrleme tasar\u0131m\u0131 kabul edilir ve s\u0131k\u0131\u015ft\u0131rmadan sonra, m\u00fch\u00fcrleme performans\u0131 m\u00fckemmeldir, \u015fi\u015fenin i\u00e7indeki s\u0131v\u0131y\u0131 s\u0131k\u0131ca kilitleyebilir, s\u0131z\u0131nt\u0131 sorunlar\u0131n\u0131 etkili bir \u015fekilde \u00f6nler ve depolama ve ta\u015f\u0131ma g\u00fcvenli\u011fini sa\u011flar. E\u015fle\u015fen presleme pompa kafas\u0131 tasar\u0131m\u0131 hassas hacim kontrol\u00fcn\u00fc sa\u011flar. Pres ba\u015f\u0131na s\u0131v\u0131 \u00e7\u0131k\u0131\u015f\u0131 istikrarl\u0131d\u0131r, s\u0131v\u0131 at\u0131klar\u0131ndan ka\u00e7\u0131n\u0131r ve kullan\u0131m s\u00fcrecini daha uygun ve endi\u015fesiz hale getirir, ger\u00e7ekten pratiklik ve esteti\u011fin m\u00fckemmel entegrasyonunu elde eder.<\/p>\n<table style=\"border-collapse: collapse; width: 100%;\">\n<tbody>\n<tr>\n<td style=\"width: 50%;\"><img decoding=\"async\" class=\"alignnone size-full wp-image-3901\" src=\"https:\/\/www.cosmepak.com\/wp-content\/uploads\/2025\/03\/11-7.jpg\" alt=\"\" width=\"1000\" height=\"1000\" srcset=\"https:\/\/www.cosmepak.com\/wp-content\/uploads\/2025\/03\/11-7.jpg 1000w, https:\/\/www.cosmepak.com\/wp-content\/uploads\/2025\/03\/11-7-300x300.jpg 300w, https:\/\/www.cosmepak.com\/wp-content\/uploads\/2025\/03\/11-7-150x150.jpg 150w, https:\/\/www.cosmepak.com\/wp-content\/uploads\/2025\/03\/11-7-768x768.jpg 768w, https:\/\/www.cosmepak.com\/wp-content\/uploads\/2025\/03\/11-7-12x12.jpg 12w, https:\/\/www.cosmepak.com\/wp-content\/uploads\/2025\/03\/11-7-600x600.jpg 600w, https:\/\/www.cosmepak.com\/wp-content\/uploads\/2025\/03\/11-7-100x100.jpg 100w\" sizes=\"(max-width: 1000px) 100vw, 1000px\" \/><\/td>\n<td style=\"width: 50%;\"><img decoding=\"async\" class=\"alignnone size-full wp-image-3902\" src=\"https:\/\/www.cosmepak.com\/wp-content\/uploads\/2025\/03\/31.jpg\" alt=\"\" width=\"1000\" height=\"1000\" srcset=\"https:\/\/www.cosmepak.com\/wp-content\/uploads\/2025\/03\/31.jpg 1000w, https:\/\/www.cosmepak.com\/wp-content\/uploads\/2025\/03\/31-300x300.jpg 300w, https:\/\/www.cosmepak.com\/wp-content\/uploads\/2025\/03\/31-150x150.jpg 150w, https:\/\/www.cosmepak.com\/wp-content\/uploads\/2025\/03\/31-768x768.jpg 768w, https:\/\/www.cosmepak.com\/wp-content\/uploads\/2025\/03\/31-12x12.jpg 12w, https:\/\/www.cosmepak.com\/wp-content\/uploads\/2025\/03\/31-600x600.jpg 600w, https:\/\/www.cosmepak.com\/wp-content\/uploads\/2025\/03\/31-100x100.jpg 100w\" sizes=\"(max-width: 1000px) 100vw, 1000px\" \/><\/td>\n<\/tr>\n<\/tbody>\n<\/table>","protected":false},"excerpt":{"rendered":"<p>\u015ei\u015fe Malzemesi: Cam<\/p>\n<p>\u015eekil: Tur<\/p>\n<p>Kapak: Top \u015fapkas\u0131<\/p>\n<p>Kapasite: 30ml<\/p>\n<p>Pompa: Losyon pompas\u0131<\/p>\n<p>Renk: \u00d6zelle\u015ftirilmi\u015f (herhangi bir Pantone Rengi Avalable)<\/p>\n<p>Y\u00fczey Kaplama: Serip bask\u0131, buzlanma, s\u0131cak damgalama, sprey gradyan\u0131, mat kaplama vb.<\/p>\n<p>MOQ: 5000pcs;<\/p>\n<p>&nbsp;<\/p>","protected":false},"featured_media":3904,"comment_status":"open","ping_status":"closed","template":"","meta":{"_acf_changed":false},"product_brand":[],"product_cat":[34],"product_tag":[],"class_list":{"0":"post-1638","1":"product","2":"type-product","3":"status-publish","4":"has-post-thumbnail","6":"product_cat-foundation-bottle","8":"first","9":"outofstock","10":"shipping-taxable","11":"product-type-simple"},"acf":[],"_links":{"self":[{"href":"https:\/\/www.cosmepak.com\/tr\/wp-json\/wp\/v2\/product\/1638","targetHints":{"allow":["GET"]}}],"collection":[{"href":"https:\/\/www.cosmepak.com\/tr\/wp-json\/wp\/v2\/product"}],"about":[{"href":"https:\/\/www.cosmepak.com\/tr\/wp-json\/wp\/v2\/types\/product"}],"replies":[{"embeddable":true,"href":"https:\/\/www.cosmepak.com\/tr\/wp-json\/wp\/v2\/comments?post=1638"}],"wp:featuredmedia":[{"embeddable":true,"href":"https:\/\/www.cosmepak.com\/tr\/wp-json\/wp\/v2\/media\/3904"}],"wp:attachment":[{"href":"https:\/\/www.cosmepak.com\/tr\/wp-json\/wp\/v2\/media?parent=1638"}],"wp:term":[{"taxonomy":"product_brand","embeddable":true,"href":"https:\/\/www.cosmepak.com\/tr\/wp-json\/wp\/v2\/product_brand?post=1638"},{"taxonomy":"product_cat","embeddable":true,"href":"https:\/\/www.cosmepak.com\/tr\/wp-json\/wp\/v2\/product_cat?post=1638"},{"taxonomy":"product_tag","embeddable":true,"href":"https:\/\/www.cosmepak.com\/tr\/wp-json\/wp\/v2\/product_tag?post=1638"}],"curies":[{"name":"wp","href":"https:\/\/api.w.org\/{rel}","templated":true}]}}