{"id":1643,"date":"2025-03-31T14:12:43","date_gmt":"2025-03-31T06:12:43","guid":{"rendered":"https:\/\/www.cosmepak.com\/?post_type=product&#038;p=1643"},"modified":"2026-01-05T15:36:59","modified_gmt":"2026-01-05T07:36:59","slug":"30ml-transaparent-foundation-bottle-with-ball-cap-jaunce","status":"publish","type":"product","link":"https:\/\/www.cosmepak.com\/tr\/product\/30ml-transaparent-foundation-bottle-with-ball-cap-jaunce\/","title":{"rendered":"30ml \u015eeffaf Vak\u0131f \u015ei\u015fesi Toplu Kapakl\u0131 \/ Jaunce"},"content":{"rendered":"<table style=\"border-collapse: collapse; width: 100%; height: 144px;\">\n<tbody>\n<tr style=\"height: 24px;\">\n<td style=\"width: 33.3333%; height: 144px;\" rowspan=\"6\"><img fetchpriority=\"high\" decoding=\"async\" class=\"alignnone size-full wp-image-1642\" src=\"https:\/\/www.cosmepak.com\/wp-content\/uploads\/2025\/03\/O1CN01I5gvtj2L5AxiKYvVQ_974269640-0-cib-1.jpg\" alt=\"fond\u00f6ten \u015fi\u0307\u015fesi\u0307\" width=\"1000\" height=\"1000\" srcset=\"https:\/\/www.cosmepak.com\/wp-content\/uploads\/2025\/03\/O1CN01I5gvtj2L5AxiKYvVQ_974269640-0-cib-1.jpg 1000w, https:\/\/www.cosmepak.com\/wp-content\/uploads\/2025\/03\/O1CN01I5gvtj2L5AxiKYvVQ_974269640-0-cib-1-300x300.jpg 300w, https:\/\/www.cosmepak.com\/wp-content\/uploads\/2025\/03\/O1CN01I5gvtj2L5AxiKYvVQ_974269640-0-cib-1-150x150.jpg 150w, https:\/\/www.cosmepak.com\/wp-content\/uploads\/2025\/03\/O1CN01I5gvtj2L5AxiKYvVQ_974269640-0-cib-1-768x768.jpg 768w, https:\/\/www.cosmepak.com\/wp-content\/uploads\/2025\/03\/O1CN01I5gvtj2L5AxiKYvVQ_974269640-0-cib-1-600x600.jpg 600w, https:\/\/www.cosmepak.com\/wp-content\/uploads\/2025\/03\/O1CN01I5gvtj2L5AxiKYvVQ_974269640-0-cib-1-100x100.jpg 100w\" sizes=\"(max-width: 1000px) 100vw, 1000px\" \/><\/td>\n<td style=\"width: 33.122%; height: 24px; text-align: center;\">Marka<\/td>\n<td style=\"width: 33.5446%; height: 24px; text-align: center;\">Fahi\u015fe<\/td>\n<\/tr>\n<tr style=\"height: 24px;\">\n<td style=\"width: 33.122%; height: 24px; text-align: center;\">Model<\/td>\n<td style=\"width: 33.5446%; height: 24px; text-align: center;\">JH-PHF191<\/td>\n<\/tr>\n<tr style=\"height: 24px;\">\n<td style=\"width: 33.122%; height: 24px; text-align: center;\">Kapak<\/td>\n<td style=\"width: 33.5446%; height: 24px; text-align: center;\">30ml<\/td>\n<\/tr>\n<tr style=\"height: 24px;\">\n<td style=\"width: 33.122%; height: 24px; text-align: center;\">Boyun boyutu<\/td>\n<td style=\"width: 33.5446%; height: 24px; text-align: center;\">18 mm<\/td>\n<\/tr>\n<tr style=\"height: 24px;\">\n<td style=\"width: 33.122%; height: 24px; text-align: center;\">Pompa<\/td>\n<td style=\"width: 33.5446%; height: 24px; text-align: center;\">Losyon pompas\u0131<\/td>\n<\/tr>\n<tr style=\"height: 24px;\">\n<td style=\"width: 33.122%; height: 24px; text-align: center;\">Malzeme<\/td>\n<td style=\"width: 33.5446%; height: 24px; text-align: center;\">Bardak<\/td>\n<\/tr>\n<\/tbody>\n<\/table>\n<p>L\u00fcks 30ml Yuvarlak \u015eekli Cam Temel Ambalaj \u015ei\u015fesi, \u00d6zelle\u015ftirme Kabul edilebilir.<\/p>\n<table style=\"border-collapse: collapse; width: 100%;\">\n<tbody>\n<tr style=\"height: 24px;\">\n<td style=\"width: 15.8763%; text-align: center; height: 24px;\"><strong>Kapasite<\/strong><\/td>\n<td style=\"width: 17.5945%; text-align: center; height: 24px;\"><strong>Omuz y\u00fcksekli\u011fi<\/strong><\/td>\n<td style=\"width: 17.1363%; text-align: center; height: 24px;\"><strong>Toplam y\u00fckseklik<\/strong><\/td>\n<td style=\"width: 14.4673%; text-align: center; height: 24px;\"><strong>Dia<\/strong><\/td>\n<td style=\"width: 14.9256%; text-align: center;\"><strong>\u00a0Kapak \u00e7ap\u0131<\/strong><\/td>\n<\/tr>\n<tr style=\"height: 24px;\">\n<td style=\"width: 15.8763%; text-align: center; height: 24px;\">30ml<\/td>\n<td style=\"width: 17.5945%; text-align: center; height: 24px;\">60 mm<\/td>\n<td style=\"width: 17.1363%; text-align: center; height: 24px;\">100.5mm<\/td>\n<td style=\"width: 14.4673%; text-align: center; height: 24px;\">39 mm<\/td>\n<td style=\"width: 14.9256%; text-align: center;\">40.5mm<\/td>\n<\/tr>\n<\/tbody>\n<\/table>\n<p class=\"ai-center-markdown-p\">Bu 30ml yuvarlak cam temel \u015fi\u015fesi, zariflik ve sofistikasyonu sergileyen son derece temsil edici bir ambalaj tasar\u0131m\u0131d\u0131r. Bu ambalaj \u015femas\u0131 sadece g\u00f6rsel a\u00e7\u0131dan \u00e7ekici de\u011fil, ayn\u0131 zamanda \u00fcr\u00fcn i\u00e7in m\u00fckemmel bir koruma sa\u011flar. Ayr\u0131ca, l\u00fcks markalar\u0131n benzersiz gereksinimlerini kar\u015f\u0131lamak i\u00e7in \u00e7e\u015fitli \u00f6zelle\u015ftirme se\u00e7enekleri sunar.<\/p>\n<p>\u015ei\u015fe 30ml temel tutar, bu da y\u00fcksek kaliteli kozmetikler i\u00e7in m\u00fckemmel hale getirir. Yuvarlak \u015fekilli cam\u0131, l\u00fcks \u00fcr\u00fcnler i\u00e7in uygun zamans\u0131z ve zarif bir g\u00f6r\u00fcn\u00fcm sa\u011flar. Markan\u0131n \u00f6zel gereksinimlerine uyum sa\u011flamak i\u00e7in \u00e7e\u015fitli yollarla \u00f6zelle\u015ftirilebilir.<\/p>\n<h3 id=\"benefits-of-customization\" class=\"ai-center-markdown-h3\">\u00d6zelle\u015ftirmenin Faydalar\u0131<\/h3>\n<ul class=\"ai-center-markdown-ul\">\n<li class=\"ai-center-markdown-li\"><strong class=\"ai-center-markdown-strong\">Marka Tan\u0131m\u0131<\/strong>\u00d6zel ambalaj, \u00fcr\u00fcn\u00fc an\u0131nda tan\u0131nabilir hale getiren farkl\u0131 bir marka kimli\u011fi olu\u015fturmaya yard\u0131mc\u0131 olur.<\/li>\n<li class=\"ai-center-markdown-li\"><strong class=\"ai-center-markdown-strong\">M\u00fc\u015fteri Temyizi<\/strong>L\u00fcks ve benzersiz ambalajlar istekli m\u00fc\u015fterileri \u00e7eker ve genel deneyimlerini art\u0131r\u0131r.<\/li>\n<li class=\"ai-center-markdown-li\"><strong class=\"ai-center-markdown-strong\">Fonksiyonel Avantajlar<\/strong>: \u00d6zelle\u015ftirme, ambalaj\u0131n i\u015flevselli\u011fini geli\u015ftirebilir ve daha kullan\u0131c\u0131 dostu ve verimli hale getirebilir.<\/li>\n<\/ul>\n<p><img decoding=\"async\" class=\"alignnone wp-image-1640\" src=\"https:\/\/www.cosmepak.com\/wp-content\/uploads\/2025\/03\/O1CN015GBhtX2L5AxoWj2Vm_974269640-0-cib.jpg\" alt=\"fond\u00f6ten \u015fi\u0307\u015fesi\u0307\" width=\"1412\" height=\"2141\" srcset=\"https:\/\/www.cosmepak.com\/wp-content\/uploads\/2025\/03\/O1CN015GBhtX2L5AxoWj2Vm_974269640-0-cib.jpg 750w, https:\/\/www.cosmepak.com\/wp-content\/uploads\/2025\/03\/O1CN015GBhtX2L5AxoWj2Vm_974269640-0-cib-198x300.jpg 198w, https:\/\/www.cosmepak.com\/wp-content\/uploads\/2025\/03\/O1CN015GBhtX2L5AxoWj2Vm_974269640-0-cib-675x1024.jpg 675w, https:\/\/www.cosmepak.com\/wp-content\/uploads\/2025\/03\/O1CN015GBhtX2L5AxoWj2Vm_974269640-0-cib-600x910.jpg 600w\" sizes=\"(max-width: 1412px) 100vw, 1412px\" \/> <img decoding=\"async\" class=\"alignnone wp-image-1641\" src=\"https:\/\/www.cosmepak.com\/wp-content\/uploads\/2025\/03\/O1CN01YKyctH2L5AxaAK1po_974269640-0-cib.jpg\" alt=\"\" width=\"1382\" height=\"1382\" srcset=\"https:\/\/www.cosmepak.com\/wp-content\/uploads\/2025\/03\/O1CN01YKyctH2L5AxaAK1po_974269640-0-cib.jpg 1000w, https:\/\/www.cosmepak.com\/wp-content\/uploads\/2025\/03\/O1CN01YKyctH2L5AxaAK1po_974269640-0-cib-300x300.jpg 300w, https:\/\/www.cosmepak.com\/wp-content\/uploads\/2025\/03\/O1CN01YKyctH2L5AxaAK1po_974269640-0-cib-150x150.jpg 150w, https:\/\/www.cosmepak.com\/wp-content\/uploads\/2025\/03\/O1CN01YKyctH2L5AxaAK1po_974269640-0-cib-768x768.jpg 768w, https:\/\/www.cosmepak.com\/wp-content\/uploads\/2025\/03\/O1CN01YKyctH2L5AxaAK1po_974269640-0-cib-600x600.jpg 600w, https:\/\/www.cosmepak.com\/wp-content\/uploads\/2025\/03\/O1CN01YKyctH2L5AxaAK1po_974269640-0-cib-100x100.jpg 100w\" sizes=\"(max-width: 1382px) 100vw, 1382px\" \/><\/p>\n<p>&nbsp;<\/p>\n<p>&nbsp;<\/p>","protected":false},"excerpt":{"rendered":"<p>\u015ei\u015fe Malzemesi: Cam<\/p>\n<p>\u015eekil: Tur<\/p>\n<p>Kapak: Top \u015fapkas\u0131<\/p>\n<p>Kapasite: 30ml<\/p>\n<p>Pompa: Losyon pompas\u0131<\/p>\n<p>Renk: \u00d6zelle\u015ftirilmi\u015f (herhangi bir Pantone Rengi Avalable)<\/p>\n<p>Y\u00fczey Kaplama: Serip bask\u0131, buzlanma, s\u0131cak damgalama, sprey gradyan\u0131, mat kaplama vb.<\/p>\n<p>MOQ: 5000pcs;<\/p>\n<p>&nbsp;<\/p>","protected":false},"featured_media":1644,"comment_status":"closed","ping_status":"closed","template":"","meta":{"_acf_changed":false},"product_brand":[],"product_cat":[34],"product_tag":[],"class_list":{"0":"post-1643","1":"product","2":"type-product","3":"status-publish","4":"has-post-thumbnail","6":"product_cat-foundation-bottle","8":"first","9":"outofstock","10":"shipping-taxable","11":"product-type-simple"},"acf":[],"_links":{"self":[{"href":"https:\/\/www.cosmepak.com\/tr\/wp-json\/wp\/v2\/product\/1643","targetHints":{"allow":["GET"]}}],"collection":[{"href":"https:\/\/www.cosmepak.com\/tr\/wp-json\/wp\/v2\/product"}],"about":[{"href":"https:\/\/www.cosmepak.com\/tr\/wp-json\/wp\/v2\/types\/product"}],"replies":[{"embeddable":true,"href":"https:\/\/www.cosmepak.com\/tr\/wp-json\/wp\/v2\/comments?post=1643"}],"wp:featuredmedia":[{"embeddable":true,"href":"https:\/\/www.cosmepak.com\/tr\/wp-json\/wp\/v2\/media\/1644"}],"wp:attachment":[{"href":"https:\/\/www.cosmepak.com\/tr\/wp-json\/wp\/v2\/media?parent=1643"}],"wp:term":[{"taxonomy":"product_brand","embeddable":true,"href":"https:\/\/www.cosmepak.com\/tr\/wp-json\/wp\/v2\/product_brand?post=1643"},{"taxonomy":"product_cat","embeddable":true,"href":"https:\/\/www.cosmepak.com\/tr\/wp-json\/wp\/v2\/product_cat?post=1643"},{"taxonomy":"product_tag","embeddable":true,"href":"https:\/\/www.cosmepak.com\/tr\/wp-json\/wp\/v2\/product_tag?post=1643"}],"curies":[{"name":"wp","href":"https:\/\/api.w.org\/{rel}","templated":true}]}}