{"id":1645,"date":"2025-03-31T14:28:54","date_gmt":"2025-03-31T06:28:54","guid":{"rendered":"https:\/\/www.cosmepak.com\/?post_type=product&#038;p=1645"},"modified":"2026-01-05T15:25:29","modified_gmt":"2026-01-05T07:25:29","slug":"45ml-round-shoulder-glass-foundation-bottle-jaunce","status":"publish","type":"product","link":"https:\/\/www.cosmepak.com\/tr\/product\/45ml-round-shoulder-glass-foundation-bottle-jaunce\/","title":{"rendered":"45ml Yuvarlak Omuz Cam Vakf\u0131 \u015ei\u015fesi \/ Jaunce"},"content":{"rendered":"<table style=\"border-collapse: collapse; width: 100%; height: 144px;\">\n<tbody>\n<tr style=\"height: 24px;\">\n<td style=\"width: 33.3333%; height: 144px;\" rowspan=\"6\"><img fetchpriority=\"high\" decoding=\"async\" class=\"alignnone size-full wp-image-1646\" src=\"https:\/\/www.cosmepak.com\/wp-content\/uploads\/2025\/03\/O1CN015C0pvv2L5ArLy7AeP_974269640-0-cib.jpg\" alt=\"fond\u00f6ten \u015fi\u0307\u015fesi\u0307\" width=\"1000\" height=\"1000\" srcset=\"https:\/\/www.cosmepak.com\/wp-content\/uploads\/2025\/03\/O1CN015C0pvv2L5ArLy7AeP_974269640-0-cib.jpg 1000w, https:\/\/www.cosmepak.com\/wp-content\/uploads\/2025\/03\/O1CN015C0pvv2L5ArLy7AeP_974269640-0-cib-300x300.jpg 300w, https:\/\/www.cosmepak.com\/wp-content\/uploads\/2025\/03\/O1CN015C0pvv2L5ArLy7AeP_974269640-0-cib-150x150.jpg 150w, https:\/\/www.cosmepak.com\/wp-content\/uploads\/2025\/03\/O1CN015C0pvv2L5ArLy7AeP_974269640-0-cib-768x768.jpg 768w, https:\/\/www.cosmepak.com\/wp-content\/uploads\/2025\/03\/O1CN015C0pvv2L5ArLy7AeP_974269640-0-cib-600x600.jpg 600w, https:\/\/www.cosmepak.com\/wp-content\/uploads\/2025\/03\/O1CN015C0pvv2L5ArLy7AeP_974269640-0-cib-100x100.jpg 100w\" sizes=\"(max-width: 1000px) 100vw, 1000px\" \/><\/td>\n<td style=\"width: 33.122%; height: 24px; text-align: center;\">Marka<\/td>\n<td style=\"width: 33.5446%; height: 24px; text-align: center;\">Fahi\u015fe<\/td>\n<\/tr>\n<tr style=\"height: 24px;\">\n<td style=\"width: 33.122%; height: 24px; text-align: center;\">Model<\/td>\n<td style=\"width: 33.5446%; height: 24px; text-align: center;\">JH-PHPC3684<\/td>\n<\/tr>\n<tr style=\"height: 24px;\">\n<td style=\"width: 33.122%; height: 24px; text-align: center;\">Kapak<\/td>\n<td style=\"width: 33.5446%; height: 24px; text-align: center;\">45ml<\/td>\n<\/tr>\n<tr style=\"height: 24px;\">\n<td style=\"width: 33.122%; height: 24px; text-align: center;\">\u015eekil<\/td>\n<td style=\"width: 33.5446%; height: 24px; text-align: center;\">Yuvarlak omuz<\/td>\n<\/tr>\n<tr style=\"height: 24px;\">\n<td style=\"width: 33.122%; height: 24px; text-align: center;\">Pompa<\/td>\n<td style=\"width: 33.5446%; height: 24px; text-align: center;\">Losyon pompas\u0131<\/td>\n<\/tr>\n<tr style=\"height: 24px;\">\n<td style=\"width: 33.122%; height: 24px; text-align: center;\">Malzeme<\/td>\n<td style=\"width: 33.5446%; height: 24px; text-align: center;\">Bardak<\/td>\n<\/tr>\n<\/tbody>\n<\/table>\n<p>45ml Yuvarlak Omuz \u015eekli Cam Temel Ambalaj \u015ei\u015fesi, \u00d6zelle\u015ftirme Kabul edilebilir.<\/p>\n<table style=\"border-collapse: collapse; width: 100%;\">\n<tbody>\n<tr style=\"height: 24px;\">\n<td style=\"width: 15.8763%; text-align: center; height: 24px;\"><strong>Kapasite<\/strong><\/td>\n<td style=\"width: 17.5945%; text-align: center; height: 24px;\"><strong>Omuz y\u00fcksekli\u011fi<\/strong><\/td>\n<td style=\"width: 17.1363%; text-align: center; height: 24px;\"><strong>Toplam y\u00fckseklik<\/strong><\/td>\n<td style=\"width: 14.4673%; text-align: center; height: 24px;\"><strong>Dia<\/strong><\/td>\n<\/tr>\n<tr style=\"height: 24px;\">\n<td style=\"width: 15.8763%; text-align: center; height: 24px;\">45ml<\/td>\n<td style=\"width: 17.5945%; text-align: center; height: 24px;\">71mm<\/td>\n<td style=\"width: 17.1363%; text-align: center; height: 24px;\">118mm<\/td>\n<td style=\"width: 14.4673%; text-align: center; height: 24px;\">41mm<\/td>\n<\/tr>\n<\/tbody>\n<\/table>\n<p>&nbsp;<\/p>\n<p><img decoding=\"async\" class=\"alignnone wp-image-1647\" src=\"https:\/\/www.cosmepak.com\/wp-content\/uploads\/2025\/03\/O1CN01Dwvg1c2L5AunY01uh_974269640-0-cib.jpg\" alt=\"fond\u00f6ten \u015fi\u0307\u015fesi\u0307\" width=\"1377\" height=\"1877\" srcset=\"https:\/\/www.cosmepak.com\/wp-content\/uploads\/2025\/03\/O1CN01Dwvg1c2L5AunY01uh_974269640-0-cib.jpg 999w, https:\/\/www.cosmepak.com\/wp-content\/uploads\/2025\/03\/O1CN01Dwvg1c2L5AunY01uh_974269640-0-cib-220x300.jpg 220w, https:\/\/www.cosmepak.com\/wp-content\/uploads\/2025\/03\/O1CN01Dwvg1c2L5AunY01uh_974269640-0-cib-751x1024.jpg 751w, https:\/\/www.cosmepak.com\/wp-content\/uploads\/2025\/03\/O1CN01Dwvg1c2L5AunY01uh_974269640-0-cib-768x1047.jpg 768w, https:\/\/www.cosmepak.com\/wp-content\/uploads\/2025\/03\/O1CN01Dwvg1c2L5AunY01uh_974269640-0-cib-600x818.jpg 600w\" sizes=\"(max-width: 1377px) 100vw, 1377px\" \/><\/p>\n<p class=\"ai-center-markdown-p\">Yuvarlak omuz \u015fekli cam temel \u015fi\u015fesi. Bu ambalaj \u00e7\u00f6z\u00fcm\u00fc sadece \u015f\u0131k ve zarif bir g\u00f6r\u00fcn\u00fcm sunmakla kalmaz, ayn\u0131 zamanda \u00fcr\u00fcn\u00fcn g\u00fcvenli\u011fini ve korunmas\u0131n\u0131 sa\u011flar. Ayr\u0131ca, farkl\u0131 markalar\u0131n \u00f6zel ihtiya\u00e7lar\u0131n\u0131 kar\u015f\u0131lamak i\u00e7in \u00f6zelle\u015ftirme se\u00e7enekleri mevcuttur.<\/p>\n<p>45ml kapasite yuvarlak omuz \u015fekli, temel \u00fcr\u00fcnleri i\u00e7in ideal hale getirir. Y\u00fcksek kaliteli camdan yap\u0131lm\u0131\u015ft\u0131r, \u015fi\u015fe dayan\u0131kl\u0131l\u0131k ve premium bir hissi sa\u011flar ve farkl\u0131 markalar\u0131n benzersiz gereksinimlerini kar\u015f\u0131lamak i\u00e7in \u00e7e\u015fitli yollarla \u00f6zelle\u015ftirilebilir.<\/p>\n<p>Kal\u0131n \u015feffaf \u015fi\u015fenin alt\u0131 sadece dokuya kat\u0131lmaz, ayn\u0131 zamanda sa\u011flam ve dayan\u0131kl\u0131 hale getirir. Di\u015fli \u015fi\u015fe a\u011f\u0131z\u0131 doldurmay\u0131 kolayla\u015ft\u0131r\u0131r. Siyah s\u0131v\u0131 pompas\u0131 ile birlikte kullan\u0131m\u0131 uygundur. Ayr\u0131ca ayn\u0131 renkte bir d\u0131\u015f kapakla donat\u0131lm\u0131\u015ft\u0131r (parlak veya mat kaplamada mevcuttur).<\/p>\n<p>\u015ei\u015feye mat, parlak veya buzlu gibi farkl\u0131 bitirmeleri destekliyoruz ve marka kimliklerine uymak i\u00e7in bir dizi renkten se\u00e7ebilece\u011finiz i\u00e7in renkli kaplama yapabiliriz.<\/p>\n<p>Bu \u015fi\u015fe, se\u00e7iminiz i\u00e7in \u00e7e\u015fitli \u015fi\u015fe kapa\u011f\u0131 tasar\u0131mlar\u0131 ve pompa cihazlar\u0131 ile e\u015fle\u015ftirilebilir.<\/p>\n<p>\u00d6zelle\u015ftirilmi\u015f ambalaj, farkl\u0131 bir marka kimli\u011fi olu\u015fturmaya yard\u0131mc\u0131 olur ve \u00fcr\u00fcn\u00fc kolayca tan\u0131yabilir hale getirir. Benzersiz ve \u00e7ekici ambalajlar potansiyel m\u00fc\u015fterilerin dikkatini \u00e7ekebilir ve sat\u0131n alma deneyimlerini art\u0131rabilir.<\/p>\n<p>&nbsp;<\/p>","protected":false},"excerpt":{"rendered":"<p>\u015ei\u015fe Malzemesi: Cam<\/p>\n<p>\u015eekil: Yuvarlak omuz tipi<\/p>\n<p>Kapasite: 45ml<\/p>\n<p>Pompa: Losyon pompas\u0131<\/p>\n<p>Renk: \u00d6zelle\u015ftirilmi\u015f (herhangi bir Pantone Rengi Avalable)<\/p>\n<p>Y\u00fczey Kaplama: Serip bask\u0131, buzlanma, s\u0131cak damgalama, sprey gradyan\u0131, mat kaplama vb.<\/p>\n<p>MOQ: 5000pcs;<\/p>\n<p>&nbsp;<\/p>","protected":false},"featured_media":1648,"comment_status":"closed","ping_status":"closed","template":"","meta":{"_acf_changed":false},"product_brand":[],"product_cat":[34],"product_tag":[],"class_list":{"0":"post-1645","1":"product","2":"type-product","3":"status-publish","4":"has-post-thumbnail","6":"product_cat-foundation-bottle","8":"first","9":"outofstock","10":"shipping-taxable","11":"product-type-simple"},"acf":[],"_links":{"self":[{"href":"https:\/\/www.cosmepak.com\/tr\/wp-json\/wp\/v2\/product\/1645","targetHints":{"allow":["GET"]}}],"collection":[{"href":"https:\/\/www.cosmepak.com\/tr\/wp-json\/wp\/v2\/product"}],"about":[{"href":"https:\/\/www.cosmepak.com\/tr\/wp-json\/wp\/v2\/types\/product"}],"replies":[{"embeddable":true,"href":"https:\/\/www.cosmepak.com\/tr\/wp-json\/wp\/v2\/comments?post=1645"}],"wp:featuredmedia":[{"embeddable":true,"href":"https:\/\/www.cosmepak.com\/tr\/wp-json\/wp\/v2\/media\/1648"}],"wp:attachment":[{"href":"https:\/\/www.cosmepak.com\/tr\/wp-json\/wp\/v2\/media?parent=1645"}],"wp:term":[{"taxonomy":"product_brand","embeddable":true,"href":"https:\/\/www.cosmepak.com\/tr\/wp-json\/wp\/v2\/product_brand?post=1645"},{"taxonomy":"product_cat","embeddable":true,"href":"https:\/\/www.cosmepak.com\/tr\/wp-json\/wp\/v2\/product_cat?post=1645"},{"taxonomy":"product_tag","embeddable":true,"href":"https:\/\/www.cosmepak.com\/tr\/wp-json\/wp\/v2\/product_tag?post=1645"}],"curies":[{"name":"wp","href":"https:\/\/api.w.org\/{rel}","templated":true}]}}