{"id":1649,"date":"2025-03-31T14:49:12","date_gmt":"2025-03-31T06:49:12","guid":{"rendered":"https:\/\/www.cosmepak.com\/?post_type=product&#038;p=1649"},"modified":"2025-11-07T16:54:29","modified_gmt":"2025-11-07T08:54:29","slug":"30ml-pe-cosmetic-packaging-tube-jaunce","status":"publish","type":"product","link":"https:\/\/www.cosmepak.com\/tr\/product\/30ml-pe-cosmetic-packaging-tube-jaunce\/","title":{"rendered":"60ml PE Kozmetik Ambalaj T\u00fcp \/ Jaunce"},"content":{"rendered":"<table style=\"border-collapse: collapse; width: 100%; height: 144px;\">\n<tbody>\n<tr style=\"height: 24px;\">\n<td style=\"width: 33.3333%; height: 144px;\" rowspan=\"6\"><img fetchpriority=\"high\" decoding=\"async\" class=\"alignnone size-full wp-image-2876\" src=\"https:\/\/www.cosmepak.com\/wp-content\/uploads\/2025\/03\/\u4e3b\u56fe-5.jpg\" alt=\"\" width=\"800\" height=\"800\" srcset=\"https:\/\/www.cosmepak.com\/wp-content\/uploads\/2025\/03\/\u4e3b\u56fe-5.jpg 800w, https:\/\/www.cosmepak.com\/wp-content\/uploads\/2025\/03\/\u4e3b\u56fe-5-300x300.jpg 300w, https:\/\/www.cosmepak.com\/wp-content\/uploads\/2025\/03\/\u4e3b\u56fe-5-150x150.jpg 150w, https:\/\/www.cosmepak.com\/wp-content\/uploads\/2025\/03\/\u4e3b\u56fe-5-768x768.jpg 768w, https:\/\/www.cosmepak.com\/wp-content\/uploads\/2025\/03\/\u4e3b\u56fe-5-12x12.jpg 12w, https:\/\/www.cosmepak.com\/wp-content\/uploads\/2025\/03\/\u4e3b\u56fe-5-600x600.jpg 600w, https:\/\/www.cosmepak.com\/wp-content\/uploads\/2025\/03\/\u4e3b\u56fe-5-100x100.jpg 100w\" sizes=\"(max-width: 800px) 100vw, 800px\" \/><\/td>\n<td style=\"width: 33.122%; height: 24px; text-align: center;\">Marka<\/td>\n<td style=\"width: 33.5446%; height: 24px; text-align: center;\">Fahi\u015fe<\/td>\n<\/tr>\n<tr style=\"height: 24px;\">\n<td style=\"width: 33.122%; height: 24px; text-align: center;\">Model<\/td>\n<td style=\"width: 33.5446%; height: 24px; text-align: center;\">JH-LW9622'nin<\/td>\n<\/tr>\n<tr style=\"height: 24px;\">\n<td style=\"width: 33.122%; height: 24px; text-align: center;\">Kapak<\/td>\n<td style=\"width: 33.5446%; height: 24px; text-align: center;\">60ml<\/td>\n<\/tr>\n<tr style=\"height: 24px;\">\n<td style=\"width: 33.122%; height: 24px; text-align: center;\">Renk<\/td>\n<td style=\"width: 33.5446%; height: 24px; text-align: center;\">Sar\u0131, Mavi, Pembe<\/td>\n<\/tr>\n<tr style=\"height: 24px;\">\n<td style=\"width: 33.122%; height: 24px; text-align: center;\">Kapak<\/td>\n<td style=\"width: 33.5446%; height: 24px; text-align: center;\">PP Flip Cap<\/td>\n<\/tr>\n<tr style=\"height: 24px;\">\n<td style=\"width: 33.122%; height: 24px; text-align: center;\">T\u00fcp malzemesi<\/td>\n<td style=\"width: 33.5446%; height: 24px; text-align: center;\">Pe<\/td>\n<\/tr>\n<\/tbody>\n<\/table>\n<table style=\"border-collapse: collapse; width: 100%;\">\n<tbody>\n<tr style=\"height: 24px;\">\n<td style=\"width: 10.349%; text-align: center; height: 24px;\"><strong>Kapasite<\/strong><\/td>\n<td style=\"width: 10.7582%; text-align: center; height: 24px;\"><strong>Toplam y\u00fckseklik<\/strong><\/td>\n<td style=\"width: 12.509%; text-align: center; height: 24px;\"><strong>\u015ei\u015fe y\u00fcksekli\u011fi<\/strong><\/td>\n<td style=\"width: 11.4908%; text-align: center; height: 24px;\"><strong>Yazd\u0131r\u0131labilir y\u00fckseklik<\/strong><\/td>\n<td style=\"width: 10.7503%; text-align: center;\"><strong>Pompa \u00e7ap\u0131<\/strong><\/td>\n<td style=\"width: 9.21676%; text-align: center;\"><strong>A\u011f\u0131rl\u0131k<\/strong><\/td>\n<\/tr>\n<tr style=\"height: 24px;\">\n<td style=\"width: 10.349%; text-align: center; height: 24px;\">60ml<\/td>\n<td style=\"width: 10.7582%; text-align: center; height: 24px;\">110 mm<\/td>\n<td style=\"width: 12.509%; text-align: center; height: 24px;\">102mm<\/td>\n<td style=\"width: 11.4908%; text-align: center; height: 24px;\">72mm<\/td>\n<td style=\"width: 10.7503%; text-align: center;\">49mm<\/td>\n<td style=\"width: 9.21676%; text-align: center;\">16 gram<\/td>\n<\/tr>\n<\/tbody>\n<\/table>\n<p>\u00c7e\u015fitli renk kombinasyonlar\u0131 ve fonksiyonlar\u0131n a\u00e7\u0131k b\u00f6l\u00fcnmesi bu seti hem pratik hem de dekoratif hale getirir. Sar\u0131 \u015fi\u015fe ayr\u0131 y\u00fcz temizleyicisi, pembe \u015fi\u015fe v\u00fccut y\u0131kama ve mavi \u015fi\u015fe sa\u00e7 kondisioneri i\u00e7in kullan\u0131labilir. Basit ay\u0131rt y\u00f6ntemi kullan\u0131m s\u0131ras\u0131nda kar\u0131\u015f\u0131kl\u0131\u011f\u0131 ortadan kald\u0131r\u0131r. Bir seyahat tuvalet \u00e7antas\u0131na veya bir oteldeki banyo tezgah\u0131na yerle\u015ftirilmi\u015f olsun, parlak makaron renkleri kullan\u0131m s\u0131ras\u0131nda ho\u015f bir ruh hali getirebilir ve seyahat s\u0131ras\u0131nda canland\u0131r\u0131c\u0131 k\u00fc\u00e7\u00fck bir manzara haline gelebilir.<\/p>\n<p>Bu 60ml ta\u015f\u0131nabilir da\u011f\u0131t\u0131m \u015fi\u015fesi \u00f6zellikle k\u0131sa vadeli seyahat senaryolar\u0131 i\u00e7in tasarlanm\u0131\u015ft\u0131r. Boyutu kompaktt\u0131r ve \u00e7ok bagaj alan\u0131 almaz. Makyaj \u00e7antalar\u0131na, valizlerine ve di\u011fer seyahat ekipmanlar\u0131na kolayca dahil edilebilir, seyahat depolar\u0131n\u0131z\u0131 daha rafine ve organize hale getirir.<br \/>\nG\u00f6r\u00fcn\u00fcm tasar\u0131m\u0131 a\u00e7\u0131s\u0131ndan, \u00fcr\u00fcn \u00fc\u00e7 parlak renk sunar: sar\u0131, pembe ve mavi. Sadece taze ve canl\u0131 g\u00f6r\u00fcnm\u00fcyor, ayn\u0131 zamanda farkl\u0131 kullan\u0131mlar\u0131 ay\u0131rt etmeyi kolayla\u015ft\u0131r\u0131yor &#8211; Y\u00fcz temizleyicisi, v\u00fccut losyonu, sa\u00e7 kondisioneri vb., ki\u015fisel bak\u0131m \u00fcr\u00fcnlerini ayr\u0131 olarak saklamak, kullan\u0131rken kar\u0131\u015f\u0131kl\u0131ktan ka\u00e7\u0131nmak ve depolamay\u0131 daha d\u00fczenli hale getirmek i\u00e7in kullan\u0131labilir.<br \/>\nTemel tasar\u0131m \u00f6zellikleri bol, kullan\u0131m deneyimi bak\u0131\u015f a\u00e7\u0131s\u0131ndan birden fazla ihtiyac\u0131 kar\u015f\u0131lar: flip-top s\u0131z\u0131nt\u0131ya dayan\u0131kl\u0131 tasar\u0131m, kapak ve \u015fi\u015fe a\u011fz\u0131 aras\u0131nda y\u00fcksek derecede uyum sa\u011flar, a\u00e7may\u0131 kolay ve uygun hale getirir. Ters edildi\u011finde veya valize yerle\u015ftirildi\u011finde ve itildi\u011finde bile, bagaj\u0131 kuru tutarak s\u0131v\u0131 s\u0131z\u0131nt\u0131s\u0131n\u0131 etkili bir \u015fekilde \u00f6nleyebilir. B\u00fcy\u00fck delikli \u015fi\u015fe tasar\u0131m\u0131, doldurma zorlu\u011funu \u00f6nemli \u00f6l\u00e7\u00fcde azalt\u0131r ve ki\u015fisel bak\u0131m \u00fcr\u00fcnlerini d\u00f6k\u00fcrken d\u00f6kme olas\u0131l\u0131\u011f\u0131n\u0131 azalt\u0131r, bu da uygun ve verimlidir. Ayr\u0131ca esnek bir hortum malzemesi ile e\u015fle\u015ftirilir, s\u0131v\u0131 \u00e7\u0131k\u0131\u015f\u0131n\u0131 s\u0131k\u0131\u015ft\u0131rmak ve kontrol etmek, israfdan ka\u00e7\u0131nmak ve her seferinde p\u00fcr\u00fczs\u00fcz ve konforlu bir kullan\u0131m sa\u011flamak kolayla\u015ft\u0131r\u0131r.<\/p>\n<p>&nbsp;<\/p>\n<p>&nbsp;<\/p>\n<p><img decoding=\"async\" class=\"size-full wp-image-2877 aligncenter\" src=\"https:\/\/www.cosmepak.com\/wp-content\/uploads\/2025\/03\/\u8be6\u60c5-4.jpg\" alt=\"\" width=\"1000\" height=\"1000\" srcset=\"https:\/\/www.cosmepak.com\/wp-content\/uploads\/2025\/03\/\u8be6\u60c5-4.jpg 1000w, https:\/\/www.cosmepak.com\/wp-content\/uploads\/2025\/03\/\u8be6\u60c5-4-300x300.jpg 300w, https:\/\/www.cosmepak.com\/wp-content\/uploads\/2025\/03\/\u8be6\u60c5-4-150x150.jpg 150w, https:\/\/www.cosmepak.com\/wp-content\/uploads\/2025\/03\/\u8be6\u60c5-4-768x768.jpg 768w, https:\/\/www.cosmepak.com\/wp-content\/uploads\/2025\/03\/\u8be6\u60c5-4-12x12.jpg 12w, https:\/\/www.cosmepak.com\/wp-content\/uploads\/2025\/03\/\u8be6\u60c5-4-600x600.jpg 600w, https:\/\/www.cosmepak.com\/wp-content\/uploads\/2025\/03\/\u8be6\u60c5-4-100x100.jpg 100w\" sizes=\"(max-width: 1000px) 100vw, 1000px\" \/><\/p>\n<p><img decoding=\"async\" class=\"size-full wp-image-2878 aligncenter\" src=\"https:\/\/www.cosmepak.com\/wp-content\/uploads\/2025\/03\/11-3.jpg\" alt=\"\" width=\"1000\" height=\"1295\" srcset=\"https:\/\/www.cosmepak.com\/wp-content\/uploads\/2025\/03\/11-3.jpg 1000w, https:\/\/www.cosmepak.com\/wp-content\/uploads\/2025\/03\/11-3-232x300.jpg 232w, https:\/\/www.cosmepak.com\/wp-content\/uploads\/2025\/03\/11-3-791x1024.jpg 791w, https:\/\/www.cosmepak.com\/wp-content\/uploads\/2025\/03\/11-3-768x995.jpg 768w, https:\/\/www.cosmepak.com\/wp-content\/uploads\/2025\/03\/11-3-9x12.jpg 9w, https:\/\/www.cosmepak.com\/wp-content\/uploads\/2025\/03\/11-3-600x777.jpg 600w\" sizes=\"(max-width: 1000px) 100vw, 1000px\" \/><\/p>\n<table style=\"border-collapse: collapse; width: 100%;\">\n<tbody>\n<tr>\n<td style=\"width: 33.3333%;\"><img loading=\"lazy\" decoding=\"async\" class=\"alignnone size-full wp-image-2879\" src=\"https:\/\/www.cosmepak.com\/wp-content\/uploads\/2025\/03\/1-2-1.jpg\" alt=\"\" width=\"1000\" height=\"1000\" srcset=\"https:\/\/www.cosmepak.com\/wp-content\/uploads\/2025\/03\/1-2-1.jpg 1000w, https:\/\/www.cosmepak.com\/wp-content\/uploads\/2025\/03\/1-2-1-300x300.jpg 300w, https:\/\/www.cosmepak.com\/wp-content\/uploads\/2025\/03\/1-2-1-150x150.jpg 150w, https:\/\/www.cosmepak.com\/wp-content\/uploads\/2025\/03\/1-2-1-768x768.jpg 768w, https:\/\/www.cosmepak.com\/wp-content\/uploads\/2025\/03\/1-2-1-12x12.jpg 12w, https:\/\/www.cosmepak.com\/wp-content\/uploads\/2025\/03\/1-2-1-600x600.jpg 600w, https:\/\/www.cosmepak.com\/wp-content\/uploads\/2025\/03\/1-2-1-100x100.jpg 100w\" sizes=\"(max-width: 1000px) 100vw, 1000px\" \/><\/td>\n<td style=\"width: 33.3333%;\"><img loading=\"lazy\" decoding=\"async\" class=\"alignnone size-full wp-image-2880\" src=\"https:\/\/www.cosmepak.com\/wp-content\/uploads\/2025\/03\/1-5-1.jpg\" alt=\"\" width=\"1000\" height=\"1000\" srcset=\"https:\/\/www.cosmepak.com\/wp-content\/uploads\/2025\/03\/1-5-1.jpg 1000w, https:\/\/www.cosmepak.com\/wp-content\/uploads\/2025\/03\/1-5-1-300x300.jpg 300w, https:\/\/www.cosmepak.com\/wp-content\/uploads\/2025\/03\/1-5-1-150x150.jpg 150w, https:\/\/www.cosmepak.com\/wp-content\/uploads\/2025\/03\/1-5-1-768x768.jpg 768w, https:\/\/www.cosmepak.com\/wp-content\/uploads\/2025\/03\/1-5-1-12x12.jpg 12w, https:\/\/www.cosmepak.com\/wp-content\/uploads\/2025\/03\/1-5-1-600x600.jpg 600w, https:\/\/www.cosmepak.com\/wp-content\/uploads\/2025\/03\/1-5-1-100x100.jpg 100w\" sizes=\"(max-width: 1000px) 100vw, 1000px\" \/><\/td>\n<td style=\"width: 33.3333%;\"><img loading=\"lazy\" decoding=\"async\" class=\"alignnone size-full wp-image-2881\" src=\"https:\/\/www.cosmepak.com\/wp-content\/uploads\/2025\/03\/1-4-1.jpg\" alt=\"\" width=\"1000\" height=\"1000\" srcset=\"https:\/\/www.cosmepak.com\/wp-content\/uploads\/2025\/03\/1-4-1.jpg 1000w, https:\/\/www.cosmepak.com\/wp-content\/uploads\/2025\/03\/1-4-1-300x300.jpg 300w, https:\/\/www.cosmepak.com\/wp-content\/uploads\/2025\/03\/1-4-1-150x150.jpg 150w, https:\/\/www.cosmepak.com\/wp-content\/uploads\/2025\/03\/1-4-1-768x768.jpg 768w, https:\/\/www.cosmepak.com\/wp-content\/uploads\/2025\/03\/1-4-1-12x12.jpg 12w, https:\/\/www.cosmepak.com\/wp-content\/uploads\/2025\/03\/1-4-1-600x600.jpg 600w, https:\/\/www.cosmepak.com\/wp-content\/uploads\/2025\/03\/1-4-1-100x100.jpg 100w\" sizes=\"(max-width: 1000px) 100vw, 1000px\" \/><\/td>\n<\/tr>\n<\/tbody>\n<\/table>\n<p>&nbsp;<\/p>\n<p>&nbsp;<\/p>\n<p>&nbsp;<\/p>\n<p>&nbsp;<\/p>","protected":false},"excerpt":{"rendered":"<p>T\u00fcp Malzemesi: PE<\/p>\n<p>Kapak Malzemesi: PP<\/p>\n<p>Kapasite: 30ml<\/p>\n<p>Kapak T\u00fcr\u00fc: Flip Cap<\/p>\n<p>Renk: \u00d6zelle\u015ftirilmi\u015f (herhangi bir Pantone Rengi Avalable)<\/p>\n<p>Y\u00fczey Kaplama: Serip bask\u0131, buzlanma, s\u0131cak damgalama, sprey gradyan\u0131, mat kaplama vb.<\/p>\n<p>MOQ: 5000pcs;<\/p>\n<p>&nbsp;<\/p>","protected":false},"featured_media":2882,"comment_status":"closed","ping_status":"closed","template":"","meta":{"_acf_changed":false},"product_brand":[],"product_cat":[20],"product_tag":[],"class_list":{"0":"post-1649","1":"product","2":"type-product","3":"status-publish","4":"has-post-thumbnail","6":"product_cat-plastic-tube","8":"first","9":"outofstock","10":"shipping-taxable","11":"product-type-simple"},"acf":[],"_links":{"self":[{"href":"https:\/\/www.cosmepak.com\/tr\/wp-json\/wp\/v2\/product\/1649","targetHints":{"allow":["GET"]}}],"collection":[{"href":"https:\/\/www.cosmepak.com\/tr\/wp-json\/wp\/v2\/product"}],"about":[{"href":"https:\/\/www.cosmepak.com\/tr\/wp-json\/wp\/v2\/types\/product"}],"replies":[{"embeddable":true,"href":"https:\/\/www.cosmepak.com\/tr\/wp-json\/wp\/v2\/comments?post=1649"}],"wp:featuredmedia":[{"embeddable":true,"href":"https:\/\/www.cosmepak.com\/tr\/wp-json\/wp\/v2\/media\/2882"}],"wp:attachment":[{"href":"https:\/\/www.cosmepak.com\/tr\/wp-json\/wp\/v2\/media?parent=1649"}],"wp:term":[{"taxonomy":"product_brand","embeddable":true,"href":"https:\/\/www.cosmepak.com\/tr\/wp-json\/wp\/v2\/product_brand?post=1649"},{"taxonomy":"product_cat","embeddable":true,"href":"https:\/\/www.cosmepak.com\/tr\/wp-json\/wp\/v2\/product_cat?post=1649"},{"taxonomy":"product_tag","embeddable":true,"href":"https:\/\/www.cosmepak.com\/tr\/wp-json\/wp\/v2\/product_tag?post=1649"}],"curies":[{"name":"wp","href":"https:\/\/api.w.org\/{rel}","templated":true}]}}