{"id":1662,"date":"2025-04-01T10:19:41","date_gmt":"2025-04-01T02:19:41","guid":{"rendered":"https:\/\/www.cosmepak.com\/?post_type=product&#038;p=1662"},"modified":"2026-01-05T14:53:35","modified_gmt":"2026-01-05T06:53:35","slug":"100ml-face-clean-cream-tube-jaunce","status":"publish","type":"product","link":"https:\/\/www.cosmepak.com\/tr\/product\/100ml-face-clean-cream-tube-jaunce\/","title":{"rendered":"100ml Y\u00fcz Temiz Krem T\u00fcp \/ Jaunce"},"content":{"rendered":"<table style=\"border-collapse: collapse; width: 100%; height: 144px;\">\n<tbody>\n<tr style=\"height: 24px;\">\n<td style=\"width: 33.3333%; height: 144px;\" rowspan=\"6\"><img fetchpriority=\"high\" decoding=\"async\" class=\"alignnone size-full wp-image-1661\" src=\"https:\/\/www.cosmepak.com\/wp-content\/uploads\/2025\/04\/1.jpg\" alt=\"plastik \u015fi\u015fe\" width=\"1000\" height=\"1000\" srcset=\"https:\/\/www.cosmepak.com\/wp-content\/uploads\/2025\/04\/1.jpg 1000w, https:\/\/www.cosmepak.com\/wp-content\/uploads\/2025\/04\/1-300x300.jpg 300w, https:\/\/www.cosmepak.com\/wp-content\/uploads\/2025\/04\/1-150x150.jpg 150w, https:\/\/www.cosmepak.com\/wp-content\/uploads\/2025\/04\/1-768x768.jpg 768w, https:\/\/www.cosmepak.com\/wp-content\/uploads\/2025\/04\/1-600x600.jpg 600w, https:\/\/www.cosmepak.com\/wp-content\/uploads\/2025\/04\/1-100x100.jpg 100w\" sizes=\"(max-width: 1000px) 100vw, 1000px\" \/><\/td>\n<td style=\"width: 33.122%; height: 24px; text-align: center;\">Marka<\/td>\n<td style=\"width: 33.5446%; height: 24px; text-align: center;\">Fahi\u015fe<\/td>\n<\/tr>\n<tr style=\"height: 24px;\">\n<td style=\"width: 33.122%; height: 24px; text-align: center;\">Model<\/td>\n<td style=\"width: 33.5446%; height: 24px; text-align: center;\">JH-LWMJ20<\/td>\n<\/tr>\n<tr style=\"height: 24px;\">\n<td style=\"width: 33.122%; height: 24px; text-align: center;\">Kapak<\/td>\n<td style=\"width: 33.5446%; height: 24px; text-align: center;\">30ml \/ 60ml \/ 100ml<\/td>\n<\/tr>\n<tr style=\"height: 24px;\">\n<td style=\"width: 33.122%; height: 24px; text-align: center;\">Renk<\/td>\n<td style=\"width: 33.5446%; height: 24px; text-align: center;\">Beyaz<\/td>\n<\/tr>\n<tr style=\"height: 24px;\">\n<td style=\"width: 33.122%; height: 24px; text-align: center;\">Kapak<\/td>\n<td style=\"width: 33.5446%; height: 24px; text-align: center;\">PP Flip Cap<\/td>\n<\/tr>\n<tr style=\"height: 24px;\">\n<td style=\"width: 33.122%; height: 24px; text-align: center;\">T\u00fcp malzemesi<\/td>\n<td style=\"width: 33.5446%; height: 24px; text-align: center;\">Pe<\/td>\n<\/tr>\n<\/tbody>\n<\/table>\n<p>Bu PE kozmetik yumu\u015fak t\u00fcp uygun seyahat kullan\u0131m\u0131 i\u00e7in tasarlanm\u0131\u015ft\u0131r. Flip cap tasar\u0131m\u0131 kolay da\u011f\u0131t\u0131m\u0131 sa\u011flar ve s\u0131z\u0131nt\u0131lar\u0131 \u00f6nler. Y\u00fcz y\u0131kama, losyon, \u015fampuan ve di\u011fer s\u0131v\u0131 veya yar\u0131 s\u0131v\u0131 \u00fcr\u00fcnleri saklamak ve da\u011f\u0131tmak i\u00e7in ideal. Kompakt boyutu, seyahat, spor salonu veya g\u00fcnl\u00fck kullan\u0131m i\u00e7in m\u00fckemmel hale getirir.<\/p>\n<table style=\"border-collapse: collapse; width: 100%;\">\n<tbody>\n<tr style=\"height: 24px;\">\n<td style=\"width: 10.349%; text-align: center; height: 24px;\"><strong>Kapasite<\/strong><\/td>\n<td style=\"width: 10.7582%; text-align: center; height: 24px;\"><strong>Toplam y\u00fckseklik<\/strong><\/td>\n<td style=\"width: 12.509%; text-align: center; height: 24px;\"><strong>\u015ei\u015fe y\u00fcksekli\u011fi<\/strong><\/td>\n<td style=\"width: 11.4908%; text-align: center; height: 24px;\"><strong>Yazd\u0131r\u0131labilir y\u00fckseklik<\/strong><\/td>\n<td style=\"width: 10.7503%; text-align: center;\"><strong>Pompa \u00e7ap\u0131<\/strong><\/td>\n<td style=\"width: 9.21676%; text-align: center;\"><strong>A\u011f\u0131rl\u0131k<\/strong><\/td>\n<\/tr>\n<tr style=\"height: 24px;\">\n<td style=\"width: 10.349%; text-align: center; height: 24px;\">30ml<\/td>\n<td style=\"width: 10.7582%; text-align: center; height: 24px;\">81mm<\/td>\n<td style=\"width: 12.509%; text-align: center; height: 24px;\">71mm<\/td>\n<td style=\"width: 11.4908%; text-align: center; height: 24px;\">52mm<\/td>\n<td style=\"width: 10.7503%; text-align: center;\">32.5mm<\/td>\n<td style=\"width: 9.21676%; text-align: center;\">12g<\/td>\n<\/tr>\n<tr>\n<td style=\"width: 10.349%; text-align: center;\">60ml<\/td>\n<td style=\"width: 10.7582%; text-align: center;\">114 mm<\/td>\n<td style=\"width: 12.509%; text-align: center;\">104 mm<\/td>\n<td style=\"width: 11.4908%; text-align: center;\">82mm<\/td>\n<td style=\"width: 10.7503%; text-align: center;\">32.5mm<\/td>\n<td style=\"width: 9.21676%; text-align: center;\">15g<\/td>\n<\/tr>\n<tr>\n<td style=\"width: 10.349%; text-align: center;\">100ml<\/td>\n<td style=\"width: 10.7582%; text-align: center;\">138mm<\/td>\n<td style=\"width: 12.509%; text-align: center;\">126mm<\/td>\n<td style=\"width: 11.4908%; text-align: center;\">97 mm<\/td>\n<td style=\"width: 10.7503%; text-align: center;\">37 mm<\/td>\n<td style=\"width: 9.21676%; text-align: center;\">22G<\/td>\n<\/tr>\n<\/tbody>\n<\/table>\n<p><img decoding=\"async\" class=\"alignnone wp-image-1655\" src=\"https:\/\/www.cosmepak.com\/wp-content\/uploads\/2025\/03\/10-4.jpg\" alt=\"\" width=\"1376\" height=\"1376\" srcset=\"https:\/\/www.cosmepak.com\/wp-content\/uploads\/2025\/03\/10-4.jpg 1000w, https:\/\/www.cosmepak.com\/wp-content\/uploads\/2025\/03\/10-4-300x300.jpg 300w, https:\/\/www.cosmepak.com\/wp-content\/uploads\/2025\/03\/10-4-150x150.jpg 150w, https:\/\/www.cosmepak.com\/wp-content\/uploads\/2025\/03\/10-4-768x768.jpg 768w, https:\/\/www.cosmepak.com\/wp-content\/uploads\/2025\/03\/10-4-600x600.jpg 600w, https:\/\/www.cosmepak.com\/wp-content\/uploads\/2025\/03\/10-4-100x100.jpg 100w\" sizes=\"(max-width: 1376px) 100vw, 1376px\" \/><\/p>\n<p>S\u0131zd\u0131rmaya dayan\u0131kl\u0131 tasar\u0131m, \u00e7antan\u0131zda d\u00f6k\u00fclmemeyi sa\u011flar<br \/>\nYeniden kullan\u0131labilir ve temizlenmesi kolay<br \/>\nEl bagaj\u0131 i\u00e7in TSA uyumlu boyut<br \/>\n\u00c7e\u015fitli ki\u015fisel bak\u0131m \u00fcr\u00fcnleri i\u00e7in \u00e7ok y\u00f6nl\u00fc kullan\u0131m<\/p>\n<p><img decoding=\"async\" class=\"alignnone wp-image-1651\" src=\"https:\/\/www.cosmepak.com\/wp-content\/uploads\/2025\/03\/7-2.jpg\" alt=\"plastik t\u00fcp\" width=\"1387\" height=\"1387\" srcset=\"https:\/\/www.cosmepak.com\/wp-content\/uploads\/2025\/03\/7-2.jpg 1000w, https:\/\/www.cosmepak.com\/wp-content\/uploads\/2025\/03\/7-2-300x300.jpg 300w, https:\/\/www.cosmepak.com\/wp-content\/uploads\/2025\/03\/7-2-150x150.jpg 150w, https:\/\/www.cosmepak.com\/wp-content\/uploads\/2025\/03\/7-2-768x768.jpg 768w, https:\/\/www.cosmepak.com\/wp-content\/uploads\/2025\/03\/7-2-600x600.jpg 600w, https:\/\/www.cosmepak.com\/wp-content\/uploads\/2025\/03\/7-2-100x100.jpg 100w\" sizes=\"(max-width: 1387px) 100vw, 1387px\" \/>\u00a0<img loading=\"lazy\" decoding=\"async\" class=\"alignnone wp-image-1653\" src=\"https:\/\/www.cosmepak.com\/wp-content\/uploads\/2025\/03\/10-3.jpg\" alt=\"\" width=\"669\" height=\"669\" srcset=\"https:\/\/www.cosmepak.com\/wp-content\/uploads\/2025\/03\/10-3.jpg 1000w, https:\/\/www.cosmepak.com\/wp-content\/uploads\/2025\/03\/10-3-300x300.jpg 300w, https:\/\/www.cosmepak.com\/wp-content\/uploads\/2025\/03\/10-3-150x150.jpg 150w, https:\/\/www.cosmepak.com\/wp-content\/uploads\/2025\/03\/10-3-768x768.jpg 768w, https:\/\/www.cosmepak.com\/wp-content\/uploads\/2025\/03\/10-3-600x600.jpg 600w, https:\/\/www.cosmepak.com\/wp-content\/uploads\/2025\/03\/10-3-100x100.jpg 100w\" sizes=\"(max-width: 669px) 100vw, 669px\" \/>\u00a0<img loading=\"lazy\" decoding=\"async\" class=\"alignnone wp-image-1654\" src=\"https:\/\/www.cosmepak.com\/wp-content\/uploads\/2025\/03\/13195695861_624076099.jpg\" alt=\"\" width=\"668\" height=\"668\" srcset=\"https:\/\/www.cosmepak.com\/wp-content\/uploads\/2025\/03\/13195695861_624076099.jpg 1000w, https:\/\/www.cosmepak.com\/wp-content\/uploads\/2025\/03\/13195695861_624076099-300x300.jpg 300w, https:\/\/www.cosmepak.com\/wp-content\/uploads\/2025\/03\/13195695861_624076099-150x150.jpg 150w, https:\/\/www.cosmepak.com\/wp-content\/uploads\/2025\/03\/13195695861_624076099-768x768.jpg 768w, https:\/\/www.cosmepak.com\/wp-content\/uploads\/2025\/03\/13195695861_624076099-600x600.jpg 600w, https:\/\/www.cosmepak.com\/wp-content\/uploads\/2025\/03\/13195695861_624076099-100x100.jpg 100w\" sizes=\"(max-width: 668px) 100vw, 668px\" \/><\/p>\n<ul class=\"ai-center-markdown-ul\">\n<li class=\"ai-center-markdown-li\"><strong class=\"ai-center-markdown-strong\">Malzeme:<\/strong>\u00a0Y\u00fcksek kaliteli PE (Polietilen)<\/li>\n<li class=\"ai-center-markdown-li\"><strong class=\"ai-center-markdown-strong\">Tasar\u0131m:<\/strong>\u00a0Kolay ve kontroll\u00fc da\u011f\u0131t\u0131m i\u00e7in \u00e7evir kapa\u011f\u0131<\/li>\n<li class=\"ai-center-markdown-li\"><strong class=\"ai-center-markdown-strong\">Kullan\u0131m:<\/strong>\u00a0Y\u00fcz y\u0131kama, losyon, \u015fampuan ve di\u011fer s\u0131v\u0131 veya yar\u0131 s\u0131v\u0131 \u00fcr\u00fcnler i\u00e7in uygundur<\/li>\n<li class=\"ai-center-markdown-li\"><strong class=\"ai-center-markdown-strong\">Ta\u015f\u0131nabilirlik:<\/strong>\u00a0Kompakt ve hafif, seyahat ve hareket halinde kullan\u0131m i\u00e7in m\u00fckemmel<\/li>\n<li class=\"ai-center-markdown-li\" data-spm-anchor-id=\"a2747.product_manager.0.i33.726371d2Z87E7X\"><strong class=\"ai-center-markdown-strong\">Kapasite:<\/strong>\u00a0Farkl\u0131 ihtiya\u00e7lar\u0131 kar\u015f\u0131lamak i\u00e7in \u00e7e\u015fitli boyutlarda mevcuttur<\/li>\n<\/ul>\n<p>&nbsp;<\/p>\n<p>&nbsp;<\/p>","protected":false},"excerpt":{"rendered":"<p>T\u00fcp Malzemesi: PE malzemesi<\/p>\n<p>Kapak Malzemesi: PP Malzeme<\/p>\n<p>Kapasite: 100ml<\/p>\n<p>Kapak T\u00fcr\u00fc: Flip Cap<\/p>\n<p>Renk: \u00d6zelle\u015ftirilmi\u015f (herhangi bir Pantone Rengi Avalable)<\/p>\n<p>Y\u00fczey Kaplama: Serip bask\u0131, buzlanma, s\u0131cak damgalama, sprey gradyan\u0131, mat kaplama vb.<\/p>\n<p>MOQ: 5000pcs;<\/p>\n<p>&nbsp;<\/p>","protected":false},"featured_media":1663,"comment_status":"closed","ping_status":"closed","template":"","meta":{"_acf_changed":false},"product_brand":[],"product_cat":[20],"product_tag":[],"class_list":{"0":"post-1662","1":"product","2":"type-product","3":"status-publish","4":"has-post-thumbnail","6":"product_cat-plastic-tube","8":"first","9":"outofstock","10":"shipping-taxable","11":"product-type-simple"},"acf":[],"_links":{"self":[{"href":"https:\/\/www.cosmepak.com\/tr\/wp-json\/wp\/v2\/product\/1662","targetHints":{"allow":["GET"]}}],"collection":[{"href":"https:\/\/www.cosmepak.com\/tr\/wp-json\/wp\/v2\/product"}],"about":[{"href":"https:\/\/www.cosmepak.com\/tr\/wp-json\/wp\/v2\/types\/product"}],"replies":[{"embeddable":true,"href":"https:\/\/www.cosmepak.com\/tr\/wp-json\/wp\/v2\/comments?post=1662"}],"wp:featuredmedia":[{"embeddable":true,"href":"https:\/\/www.cosmepak.com\/tr\/wp-json\/wp\/v2\/media\/1663"}],"wp:attachment":[{"href":"https:\/\/www.cosmepak.com\/tr\/wp-json\/wp\/v2\/media?parent=1662"}],"wp:term":[{"taxonomy":"product_brand","embeddable":true,"href":"https:\/\/www.cosmepak.com\/tr\/wp-json\/wp\/v2\/product_brand?post=1662"},{"taxonomy":"product_cat","embeddable":true,"href":"https:\/\/www.cosmepak.com\/tr\/wp-json\/wp\/v2\/product_cat?post=1662"},{"taxonomy":"product_tag","embeddable":true,"href":"https:\/\/www.cosmepak.com\/tr\/wp-json\/wp\/v2\/product_tag?post=1662"}],"curies":[{"name":"wp","href":"https:\/\/api.w.org\/{rel}","templated":true}]}}