{"id":1664,"date":"2025-04-01T10:27:31","date_gmt":"2025-04-01T02:27:31","guid":{"rendered":"https:\/\/www.cosmepak.com\/?post_type=product&#038;p=1664"},"modified":"2025-11-07T17:04:04","modified_gmt":"2025-11-07T09:04:04","slug":"15g-pp-plastic-tube-jaunce","status":"publish","type":"product","link":"https:\/\/www.cosmepak.com\/tr\/product\/15g-pp-plastic-tube-jaunce\/","title":{"rendered":"15g PP Plastik Boru \/ Jaunce"},"content":{"rendered":"<table style=\"border-collapse: collapse; width: 100%; height: 144px;\">\n<tbody>\n<tr style=\"height: 24px;\">\n<td style=\"width: 33.3333%; height: 144px;\" rowspan=\"6\"><img fetchpriority=\"high\" decoding=\"async\" class=\"alignnone size-full wp-image-1665\" src=\"https:\/\/www.cosmepak.com\/wp-content\/uploads\/2025\/04\/7.jpg\" alt=\"PP t\u00fcp\" width=\"1000\" height=\"1000\" srcset=\"https:\/\/www.cosmepak.com\/wp-content\/uploads\/2025\/04\/7.jpg 1000w, https:\/\/www.cosmepak.com\/wp-content\/uploads\/2025\/04\/7-300x300.jpg 300w, https:\/\/www.cosmepak.com\/wp-content\/uploads\/2025\/04\/7-150x150.jpg 150w, https:\/\/www.cosmepak.com\/wp-content\/uploads\/2025\/04\/7-768x768.jpg 768w, https:\/\/www.cosmepak.com\/wp-content\/uploads\/2025\/04\/7-600x600.jpg 600w, https:\/\/www.cosmepak.com\/wp-content\/uploads\/2025\/04\/7-100x100.jpg 100w\" sizes=\"(max-width: 1000px) 100vw, 1000px\" \/><\/td>\n<td style=\"width: 33.122%; height: 24px; text-align: center;\">Marka<\/td>\n<td style=\"width: 33.5446%; height: 24px; text-align: center;\">Fahi\u015fe<\/td>\n<\/tr>\n<tr style=\"height: 24px;\">\n<td style=\"width: 33.122%; height: 24px; text-align: center;\">Model<\/td>\n<td style=\"width: 33.5446%; height: 24px; text-align: center;\">JH-LWRG02<\/td>\n<\/tr>\n<tr style=\"height: 24px;\">\n<td style=\"width: 33.122%; height: 24px; text-align: center;\">Kapak<\/td>\n<td style=\"width: 33.5446%; height: 24px; text-align: center;\">15g<\/td>\n<\/tr>\n<tr style=\"height: 24px;\">\n<td style=\"width: 33.122%; height: 24px; text-align: center;\">Renk<\/td>\n<td style=\"width: 33.5446%; height: 24px; text-align: center;\">\u015eeffaf<\/td>\n<\/tr>\n<tr style=\"height: 24px;\">\n<td style=\"width: 33.122%; height: 24px; text-align: center;\">Kapak<\/td>\n<td style=\"width: 33.5446%; height: 24px; text-align: center;\">PP Flip Cap<\/td>\n<\/tr>\n<tr style=\"height: 24px;\">\n<td style=\"width: 33.122%; height: 24px; text-align: center;\">T\u00fcp malzemesi<\/td>\n<td style=\"width: 33.5446%; height: 24px; text-align: center;\">PP<\/td>\n<\/tr>\n<\/tbody>\n<\/table>\n<table style=\"border-collapse: collapse; width: 100%;\">\n<tbody>\n<tr style=\"height: 24px;\">\n<td style=\"width: 10.349%; text-align: center; height: 24px;\"><strong>Kapasite<\/strong><\/td>\n<td style=\"width: 10.7582%; text-align: center; height: 24px;\"><strong>Toplam y\u00fckseklik<\/strong><\/td>\n<td style=\"width: 12.509%; text-align: center; height: 24px;\"><strong>\u015ei\u015fe y\u00fcksekli\u011fi<\/strong><\/td>\n<td style=\"width: 11.4908%; text-align: center; height: 24px;\"><strong>Yazd\u0131r\u0131labilir y\u00fckseklik<\/strong><\/td>\n<td style=\"width: 10.7503%; text-align: center;\"><strong>Alt \u00e7ap<\/strong><\/td>\n<td style=\"width: 9.21676%; text-align: center;\"><strong>A\u011f\u0131rl\u0131k<\/strong><\/td>\n<\/tr>\n<tr style=\"height: 24px;\">\n<td style=\"width: 10.349%; text-align: center; height: 24px;\">15g<\/td>\n<td style=\"width: 10.7582%; text-align: center; height: 24px;\">85mm<\/td>\n<td style=\"width: 12.509%; text-align: center; height: 24px;\">79 mm<\/td>\n<td style=\"width: 11.4908%; text-align: center; height: 24px;\">58.8mm<\/td>\n<td style=\"width: 10.7503%; text-align: center;\">23.9mm<\/td>\n<td style=\"width: 9.21676%; text-align: center;\">4.8g<\/td>\n<\/tr>\n<\/tbody>\n<\/table>\n<p>15ml ta\u015f\u0131nabilir da\u011f\u0131t\u0131m \u015fi\u015fesi ultra ince tasar\u0131m\u0131yla \u00f6ne \u00e7\u0131kar. t sadece 4.8g a\u011f\u0131rl\u0131\u011f\u0131nda ve toplam y\u00fcksekli\u011fi 85mm ve boru \u00e7ap\u0131 23.9mm'dir. Bir cebe ta\u015f\u0131nmas\u0131, makyaj \u00e7antas\u0131na koymas\u0131 veya \u00f6rnek da\u011f\u0131t\u0131m\u0131 i\u00e7in kullan\u0131lmas\u0131, \u00e7abas\u0131z ve tamamen kolayl\u0131\u011f\u0131n\u0131 g\u00f6sterir.9mm, hassas bir boyutuna sahiptir. \u015eeffaf \u015fi\u015fe tasar\u0131m\u0131, i\u00e7indeki kalan miktar\u0131 g\u00f6rsel olarak kontrol etmeyi kolayla\u015ft\u0131r\u0131r. Kullan\u0131m senaryolar\u0131 \u00e7ok \u00e7e\u015fitlidir.<\/p>\n<p>\u00d6zelle\u015ftirme ve g\u00f6r\u00fcn\u00fcm sunumu a\u00e7\u0131s\u0131ndan, \u00fcr\u00fcn ki\u015fiselle\u015ftirme i\u00e7in bol bir potansiyele sahiptir: Borular enjeksiyon rengi ile \u00f6zelle\u015ftirilebilir ve marka tarz\u0131na veya kullan\u0131m gereksinimlerine g\u00f6re \u00f6zel renklerle e\u015fle\u015ftirilebilir; T\u00fcp g\u00f6vdesi, 58,8 mm'ye kadar bask\u0131 aral\u0131\u011f\u0131yla serigrafi teknolojisini destekler. \u0130ster marka logosu olsun, \u00fcr\u00fcn bilgisi olsun ya da yarat\u0131c\u0131 desenler olsun, hepsi a\u00e7\u0131k\u00e7a sunulabilir, marka imaj\u0131n\u0131 \u015fekillendirmeye veya ki\u015fiselle\u015ftirilmi\u015f dekorasyon ihtiya\u00e7lar\u0131n\u0131 kar\u015f\u0131lamaya yard\u0131mc\u0131 olabilir.<\/p>\n<p>Klasik bir flip kapak tasar\u0131m\u0131n\u0131 benimser, sorunsuz a\u00e7\u0131l\u0131r ve s\u0131k\u0131ca kapan\u0131r. Sadece toz ve s\u0131z\u0131nt\u0131y\u0131 etkili bir \u015fekilde \u00f6nlemekle kalmaz, ayn\u0131 zamanda dolum deneyimini de optimize eder. Cilt bak\u0131m\u0131 \u00fcr\u00fcnleri ve sa\u00e7 bak\u0131m\u0131 \u00fcr\u00fcnleri gibi i\u00e7eriklere d\u00f6k\u00fcrken, ameliyat kolayd\u0131r ve d\u00f6k\u00fclme yoktur. Esnek hortum orta derecede esnekli\u011fe sahiptir, s\u0131kmay\u0131 kolayla\u015ft\u0131r\u0131r ve ayn\u0131 s\u0131v\u0131 \u00e7\u0131k\u0131\u015f\u0131n\u0131 sa\u011flar. Dozu kontrol etmek ve at\u0131ktan ka\u00e7\u0131nmak uygundur. \u00c7e\u015fitli s\u0131v\u0131 ambalaj ihtiya\u00e7lar\u0131 i\u00e7in uygundur.<\/p>\n<p>Renk ve logo de\u011fi\u015fiklikleri de dahil olmak \u00fczere hafif \u00f6zelle\u015ftirme hizmetleri sunmakta uzmanla\u015ft\u0131k ve m\u00fc\u015fteri \u00f6rneklerine dayanan \u00f6zel tasar\u0131mlar sunuyoruz. Ekibimiz, m\u00fc\u015fterilere yeni ambalajlama \u00e7\u00f6z\u00fcmleri geli\u015ftirmede yard\u0131mc\u0131 olmaya, kapsaml\u0131, tek durakl\u0131 bir hizmet sa\u011flamaya odaklanm\u0131\u015ft\u0131r<\/p>\n<p><img decoding=\"async\" class=\"alignnone wp-image-1666\" src=\"https:\/\/www.cosmepak.com\/wp-content\/uploads\/2025\/04\/8.jpg\" alt=\"pp t\u00fcp\" width=\"1376\" height=\"1376\" srcset=\"https:\/\/www.cosmepak.com\/wp-content\/uploads\/2025\/04\/8.jpg 1000w, https:\/\/www.cosmepak.com\/wp-content\/uploads\/2025\/04\/8-300x300.jpg 300w, https:\/\/www.cosmepak.com\/wp-content\/uploads\/2025\/04\/8-150x150.jpg 150w, https:\/\/www.cosmepak.com\/wp-content\/uploads\/2025\/04\/8-768x768.jpg 768w, https:\/\/www.cosmepak.com\/wp-content\/uploads\/2025\/04\/8-600x600.jpg 600w, https:\/\/www.cosmepak.com\/wp-content\/uploads\/2025\/04\/8-100x100.jpg 100w\" sizes=\"(max-width: 1376px) 100vw, 1376px\" \/><img decoding=\"async\" class=\"alignnone wp-image-1667\" src=\"https:\/\/www.cosmepak.com\/wp-content\/uploads\/2025\/04\/9.jpg\" alt=\"pp t\u00fcp\" width=\"1380\" height=\"1380\" srcset=\"https:\/\/www.cosmepak.com\/wp-content\/uploads\/2025\/04\/9.jpg 790w, https:\/\/www.cosmepak.com\/wp-content\/uploads\/2025\/04\/9-300x300.jpg 300w, https:\/\/www.cosmepak.com\/wp-content\/uploads\/2025\/04\/9-150x150.jpg 150w, https:\/\/www.cosmepak.com\/wp-content\/uploads\/2025\/04\/9-768x768.jpg 768w, https:\/\/www.cosmepak.com\/wp-content\/uploads\/2025\/04\/9-600x600.jpg 600w, https:\/\/www.cosmepak.com\/wp-content\/uploads\/2025\/04\/9-100x100.jpg 100w\" sizes=\"(max-width: 1380px) 100vw, 1380px\" \/><\/p>\n<p>&nbsp;<\/p>\n<p>&nbsp;<\/p>","protected":false},"excerpt":{"rendered":"<p>T\u00fcp Malzemesi: PP Malzeme<\/p>\n<p>Kapak Malzemesi: PP Malzeme<\/p>\n<p>Kapasite: 15G<\/p>\n<p>Kapak T\u00fcr\u00fc: Flip Cap<\/p>\n<p>Renk: \u00d6zelle\u015ftirilmi\u015f (herhangi bir Pantone Rengi Avalable)<\/p>\n<p>Y\u00fczey Kaplama: Serip bask\u0131, buzlanma, s\u0131cak damgalama, sprey gradyan\u0131, mat kaplama vb.<\/p>\n<p>MOQ: 5000pcs;<\/p>\n<p>&nbsp;<\/p>","protected":false},"featured_media":1668,"comment_status":"closed","ping_status":"closed","template":"","meta":{"_acf_changed":false},"product_brand":[],"product_cat":[20],"product_tag":[],"class_list":{"0":"post-1664","1":"product","2":"type-product","3":"status-publish","4":"has-post-thumbnail","6":"product_cat-plastic-tube","8":"first","9":"outofstock","10":"shipping-taxable","11":"product-type-simple"},"acf":[],"_links":{"self":[{"href":"https:\/\/www.cosmepak.com\/tr\/wp-json\/wp\/v2\/product\/1664","targetHints":{"allow":["GET"]}}],"collection":[{"href":"https:\/\/www.cosmepak.com\/tr\/wp-json\/wp\/v2\/product"}],"about":[{"href":"https:\/\/www.cosmepak.com\/tr\/wp-json\/wp\/v2\/types\/product"}],"replies":[{"embeddable":true,"href":"https:\/\/www.cosmepak.com\/tr\/wp-json\/wp\/v2\/comments?post=1664"}],"wp:featuredmedia":[{"embeddable":true,"href":"https:\/\/www.cosmepak.com\/tr\/wp-json\/wp\/v2\/media\/1668"}],"wp:attachment":[{"href":"https:\/\/www.cosmepak.com\/tr\/wp-json\/wp\/v2\/media?parent=1664"}],"wp:term":[{"taxonomy":"product_brand","embeddable":true,"href":"https:\/\/www.cosmepak.com\/tr\/wp-json\/wp\/v2\/product_brand?post=1664"},{"taxonomy":"product_cat","embeddable":true,"href":"https:\/\/www.cosmepak.com\/tr\/wp-json\/wp\/v2\/product_cat?post=1664"},{"taxonomy":"product_tag","embeddable":true,"href":"https:\/\/www.cosmepak.com\/tr\/wp-json\/wp\/v2\/product_tag?post=1664"}],"curies":[{"name":"wp","href":"https:\/\/api.w.org\/{rel}","templated":true}]}}