{"id":1669,"date":"2025-04-01T10:35:22","date_gmt":"2025-04-01T02:35:22","guid":{"rendered":"https:\/\/www.cosmepak.com\/?post_type=product&#038;p=1669"},"modified":"2025-11-10T13:25:45","modified_gmt":"2025-11-10T05:25:45","slug":"30g-pp-cosmetic-plastic-tube-jaunce","status":"publish","type":"product","link":"https:\/\/www.cosmepak.com\/tr\/product\/30g-pp-cosmetic-plastic-tube-jaunce\/","title":{"rendered":"30g PP Kozmetik Plastik Boru \/ Jaunce"},"content":{"rendered":"<table style=\"border-collapse: collapse; width: 100%; height: 144px;\">\n<tbody>\n<tr style=\"height: 24px;\">\n<td style=\"width: 33.3333%; height: 144px;\" rowspan=\"6\"><img fetchpriority=\"high\" decoding=\"async\" class=\"alignnone size-full wp-image-1668\" src=\"https:\/\/www.cosmepak.com\/wp-content\/uploads\/2025\/04\/1-1.jpg\" alt=\"\" width=\"1000\" height=\"1000\" srcset=\"https:\/\/www.cosmepak.com\/wp-content\/uploads\/2025\/04\/1-1.jpg 1000w, https:\/\/www.cosmepak.com\/wp-content\/uploads\/2025\/04\/1-1-300x300.jpg 300w, https:\/\/www.cosmepak.com\/wp-content\/uploads\/2025\/04\/1-1-150x150.jpg 150w, https:\/\/www.cosmepak.com\/wp-content\/uploads\/2025\/04\/1-1-768x768.jpg 768w, https:\/\/www.cosmepak.com\/wp-content\/uploads\/2025\/04\/1-1-600x600.jpg 600w, https:\/\/www.cosmepak.com\/wp-content\/uploads\/2025\/04\/1-1-100x100.jpg 100w\" sizes=\"(max-width: 1000px) 100vw, 1000px\" \/><\/td>\n<td style=\"width: 33.122%; height: 24px; text-align: center;\">Marka<\/td>\n<td style=\"width: 33.5446%; height: 24px; text-align: center;\">Fahi\u015fe<\/td>\n<\/tr>\n<tr style=\"height: 24px;\">\n<td style=\"width: 33.122%; height: 24px; text-align: center;\">Model<\/td>\n<td style=\"width: 33.5446%; height: 24px; text-align: center;\">JH-LWRG02<\/td>\n<\/tr>\n<tr style=\"height: 24px;\">\n<td style=\"width: 33.122%; height: 24px; text-align: center;\">Kapak<\/td>\n<td style=\"width: 33.5446%; height: 24px; text-align: center;\">30g<\/td>\n<\/tr>\n<tr style=\"height: 24px;\">\n<td style=\"width: 33.122%; height: 24px; text-align: center;\">Renk<\/td>\n<td style=\"width: 33.5446%; height: 24px; text-align: center;\">\u015eeffaf<\/td>\n<\/tr>\n<tr style=\"height: 24px;\">\n<td style=\"width: 33.122%; height: 24px; text-align: center;\">Kapak<\/td>\n<td style=\"width: 33.5446%; height: 24px; text-align: center;\">PP Flip Cap<\/td>\n<\/tr>\n<tr style=\"height: 24px;\">\n<td style=\"width: 33.122%; height: 24px; text-align: center;\">T\u00fcp malzemesi<\/td>\n<td style=\"width: 33.5446%; height: 24px; text-align: center;\">PP<\/td>\n<\/tr>\n<\/tbody>\n<\/table>\n<p>JH-LWRG02 hortumu, farkl\u0131 senaryolarda kapasite gereksinimlerini kar\u015f\u0131layabilen 15g, 30g, 50g ve 100g kapsayan \u00e7e\u015fitli \u00f6zellikler sunar. Bu hortum PP flip-top tasar\u0131m\u0131n\u0131 benimser. Sadece kapak a\u00e7ma i\u015flemi uygun de\u011fil, kolayca a\u00e7\u0131lmas\u0131 i\u00e7in karma\u015f\u0131k ad\u0131mlar gerektirmez, ayn\u0131 zamanda m\u00fckemmel bir s\u0131zd\u0131rmazl\u0131k performans\u0131na sahiptir, d\u0131\u015f hava ve nemi etkili bir \u015fekilde izole eder ve i\u00e7 i\u00e7eri\u011fin istikrar\u0131n\u0131 sa\u011flar. kalite.<\/p>\n<p>Boru g\u00f6vdesi iyi \u015feffafl\u0131\u011fa sahip PVC malzemesinden yap\u0131lm\u0131\u015ft\u0131r. \u0130\u00e7 i\u00e7eri\u011fin durumu a\u00e7\u0131k\u00e7a g\u00f6r\u00fclebilir. Ayn\u0131 zamanda, bu malzeme ambalaj s\u00fcrecinin hijyenini de sa\u011flar ve i\u00e7eri\u011fin kirlenmesini \u00f6nler.<\/p>\n<p>Farkl\u0131 markalar\u0131n ki\u015fiselle\u015ftirilmi\u015f ihtiya\u00e7lar\u0131n\u0131 kar\u015f\u0131lamak i\u00e7in, bu JH-LWRG02 hortumu serigrafi, renk \u00f6zelle\u015ftirme ve kum p\u00fcsk\u00fcrtme dahil olmak \u00fczere \u00e7e\u015fitli \u00f6zelle\u015ftirme s\u00fcre\u00e7lerini destekler. Marka konumland\u0131rma ve tasar\u0131m gereksinimlerine g\u00f6re \u00f6zel bir g\u00f6r\u00fcn\u00fcmle tasarlanabilir.<\/p>\n<p>m\u00fckemmelli\u011fe ba\u011fl\u0131l\u0131kla kozmetik ambalaj \u00fcretiminde uzmanla\u015ft\u0131k. \u0130ki tesisle \u00f6v\u00fcn\u00fcyoruz: g\u00fcnde 200.000 adet \u00fcretim kapasitesine sahip en son teknoloji cam kozmetik ambalaj tesisi ve g\u00fcnde 50.000 adet \u00fcretime sahip plastik kozmetik ambalaj tesisi.<\/p>\n<p>Renk ve logo de\u011fi\u015fiklikleri de dahil olmak \u00fczere hafif \u00f6zelle\u015ftirme hizmetleri sunmakta uzmanla\u015ft\u0131k ve m\u00fc\u015fteri \u00f6rneklerine dayanan \u00f6zel tasar\u0131mlar sunuyoruz. Ekibimiz, kapsaml\u0131, tek durakl\u0131 bir hizmet sa\u011flayarak m\u00fc\u015fterilere yeni ambalaj \u00e7\u00f6z\u00fcmleri geli\u015ftirmekte yard\u0131mc\u0131 olmaya odaklanm\u0131\u015ft\u0131r.<\/p>\n<table style=\"border-collapse: collapse; width: 100%;\">\n<tbody>\n<tr style=\"height: 24px;\">\n<td style=\"width: 10.349%; text-align: center; height: 24px;\"><strong>Kapasite<\/strong><\/td>\n<td style=\"width: 10.7582%; text-align: center; height: 24px;\"><strong>Toplam y\u00fckseklik<\/strong><\/td>\n<td style=\"width: 12.509%; text-align: center; height: 24px;\"><strong>\u015ei\u015fe y\u00fcksekli\u011fi<\/strong><\/td>\n<td style=\"width: 11.4908%; text-align: center; height: 24px;\"><strong>Yazd\u0131r\u0131labilir y\u00fckseklik<\/strong><\/td>\n<td style=\"width: 10.7503%; text-align: center;\"><strong>Alt \u00e7ap<\/strong><\/td>\n<td style=\"width: 9.21676%; text-align: center;\"><strong>A\u011f\u0131rl\u0131k<\/strong><\/td>\n<\/tr>\n<tr style=\"height: 24px;\">\n<td style=\"width: 10.349%; text-align: center; height: 24px;\">15g<\/td>\n<td style=\"width: 10.7582%; text-align: center; height: 24px;\">85mm<\/td>\n<td style=\"width: 12.509%; text-align: center; height: 24px;\">79 mm<\/td>\n<td style=\"width: 11.4908%; text-align: center; height: 24px;\">58.8mm<\/td>\n<td style=\"width: 10.7503%; text-align: center;\">23.9mm<\/td>\n<td style=\"width: 9.21676%; text-align: center;\">4.8g<\/td>\n<\/tr>\n<tr>\n<td style=\"width: 10.349%; text-align: center;\">30g<\/td>\n<td style=\"width: 10.7582%; text-align: center;\">100 mm<\/td>\n<td style=\"width: 12.509%; text-align: center;\">91mm<\/td>\n<td style=\"width: 11.4908%; text-align: center;\">67.6mm<\/td>\n<td style=\"width: 10.7503%; text-align: center;\">29.2mm<\/td>\n<td style=\"width: 9.21676%; text-align: center;\">7.7g<\/td>\n<\/tr>\n<tr>\n<td style=\"width: 10.349%; text-align: center;\">50g<\/td>\n<td style=\"width: 10.7582%; text-align: center;\">104 mm<\/td>\n<td style=\"width: 12.509%; text-align: center;\">96.7mm<\/td>\n<td style=\"width: 11.4908%; text-align: center;\">73.2mm<\/td>\n<td style=\"width: 10.7503%; text-align: center;\">33.7mm<\/td>\n<td style=\"width: 9.21676%; text-align: center;\">10.1g<\/td>\n<\/tr>\n<tr>\n<td style=\"width: 10.349%; text-align: center;\">100g<\/td>\n<td style=\"width: 10.7582%; text-align: center;\">171mm<\/td>\n<td style=\"width: 12.509%; text-align: center;\">160 mm<\/td>\n<td style=\"width: 11.4908%; text-align: center;\">135.4mm<\/td>\n<td style=\"width: 10.7503%; text-align: center;\">33.7mm<\/td>\n<td style=\"width: 9.21676%; text-align: center;\">12.9g<\/td>\n<\/tr>\n<\/tbody>\n<\/table>\n<p><img decoding=\"async\" class=\"alignnone wp-image-1666\" src=\"https:\/\/www.cosmepak.com\/wp-content\/uploads\/2025\/04\/8.jpg\" alt=\"pp t\u00fcp\" width=\"1376\" height=\"1376\" srcset=\"https:\/\/www.cosmepak.com\/wp-content\/uploads\/2025\/04\/8.jpg 1000w, https:\/\/www.cosmepak.com\/wp-content\/uploads\/2025\/04\/8-300x300.jpg 300w, https:\/\/www.cosmepak.com\/wp-content\/uploads\/2025\/04\/8-150x150.jpg 150w, https:\/\/www.cosmepak.com\/wp-content\/uploads\/2025\/04\/8-768x768.jpg 768w, https:\/\/www.cosmepak.com\/wp-content\/uploads\/2025\/04\/8-600x600.jpg 600w, https:\/\/www.cosmepak.com\/wp-content\/uploads\/2025\/04\/8-100x100.jpg 100w\" sizes=\"(max-width: 1376px) 100vw, 1376px\" \/><\/p>\n<p><img decoding=\"async\" class=\"alignnone wp-image-1672\" src=\"https:\/\/www.cosmepak.com\/wp-content\/uploads\/2025\/04\/9-1.jpg\" alt=\"\" width=\"448\" height=\"448\" srcset=\"https:\/\/www.cosmepak.com\/wp-content\/uploads\/2025\/04\/9-1.jpg 790w, https:\/\/www.cosmepak.com\/wp-content\/uploads\/2025\/04\/9-1-300x300.jpg 300w, https:\/\/www.cosmepak.com\/wp-content\/uploads\/2025\/04\/9-1-150x150.jpg 150w, https:\/\/www.cosmepak.com\/wp-content\/uploads\/2025\/04\/9-1-768x768.jpg 768w, https:\/\/www.cosmepak.com\/wp-content\/uploads\/2025\/04\/9-1-600x600.jpg 600w, https:\/\/www.cosmepak.com\/wp-content\/uploads\/2025\/04\/9-1-100x100.jpg 100w\" sizes=\"(max-width: 448px) 100vw, 448px\" \/><img loading=\"lazy\" decoding=\"async\" class=\"alignnone wp-image-1670\" src=\"https:\/\/www.cosmepak.com\/wp-content\/uploads\/2025\/04\/11.jpg\" alt=\"\" width=\"444\" height=\"444\" srcset=\"https:\/\/www.cosmepak.com\/wp-content\/uploads\/2025\/04\/11.jpg 1000w, https:\/\/www.cosmepak.com\/wp-content\/uploads\/2025\/04\/11-300x300.jpg 300w, https:\/\/www.cosmepak.com\/wp-content\/uploads\/2025\/04\/11-150x150.jpg 150w, https:\/\/www.cosmepak.com\/wp-content\/uploads\/2025\/04\/11-768x768.jpg 768w, https:\/\/www.cosmepak.com\/wp-content\/uploads\/2025\/04\/11-600x600.jpg 600w, https:\/\/www.cosmepak.com\/wp-content\/uploads\/2025\/04\/11-100x100.jpg 100w\" sizes=\"(max-width: 444px) 100vw, 444px\" \/>\u00a0<img loading=\"lazy\" decoding=\"async\" class=\"alignnone wp-image-1673\" src=\"https:\/\/www.cosmepak.com\/wp-content\/uploads\/2025\/04\/10.jpg\" alt=\"\" width=\"447\" height=\"447\" srcset=\"https:\/\/www.cosmepak.com\/wp-content\/uploads\/2025\/04\/10.jpg 1000w, https:\/\/www.cosmepak.com\/wp-content\/uploads\/2025\/04\/10-300x300.jpg 300w, https:\/\/www.cosmepak.com\/wp-content\/uploads\/2025\/04\/10-150x150.jpg 150w, https:\/\/www.cosmepak.com\/wp-content\/uploads\/2025\/04\/10-768x768.jpg 768w, https:\/\/www.cosmepak.com\/wp-content\/uploads\/2025\/04\/10-600x600.jpg 600w, https:\/\/www.cosmepak.com\/wp-content\/uploads\/2025\/04\/10-100x100.jpg 100w\" sizes=\"(max-width: 447px) 100vw, 447px\" \/><\/p>\n<p>&nbsp;<\/p>","protected":false},"excerpt":{"rendered":"<p>T\u00fcp Malzemesi: PP Malzeme<\/p>\n<p>Kapak Malzemesi: PP Malzeme<\/p>\n<p>Kapasite: 30g<\/p>\n<p>Kapak T\u00fcr\u00fc: Flip Cap<\/p>\n<p>Renk: \u00d6zelle\u015ftirilmi\u015f (herhangi bir Pantone Rengi Avalable)<\/p>\n<p>Y\u00fczey Kaplama: Serip bask\u0131, buzlanma, s\u0131cak damgalama, sprey gradyan\u0131, mat kaplama vb.<\/p>\n<p>MOQ: 5000pcs;<\/p>\n<p>&nbsp;<\/p>","protected":false},"featured_media":1674,"comment_status":"closed","ping_status":"closed","template":"","meta":{"_acf_changed":false},"product_brand":[],"product_cat":[20],"product_tag":[],"class_list":{"0":"post-1669","1":"product","2":"type-product","3":"status-publish","4":"has-post-thumbnail","6":"product_cat-plastic-tube","8":"first","9":"outofstock","10":"shipping-taxable","11":"product-type-simple"},"acf":[],"_links":{"self":[{"href":"https:\/\/www.cosmepak.com\/tr\/wp-json\/wp\/v2\/product\/1669","targetHints":{"allow":["GET"]}}],"collection":[{"href":"https:\/\/www.cosmepak.com\/tr\/wp-json\/wp\/v2\/product"}],"about":[{"href":"https:\/\/www.cosmepak.com\/tr\/wp-json\/wp\/v2\/types\/product"}],"replies":[{"embeddable":true,"href":"https:\/\/www.cosmepak.com\/tr\/wp-json\/wp\/v2\/comments?post=1669"}],"wp:featuredmedia":[{"embeddable":true,"href":"https:\/\/www.cosmepak.com\/tr\/wp-json\/wp\/v2\/media\/1674"}],"wp:attachment":[{"href":"https:\/\/www.cosmepak.com\/tr\/wp-json\/wp\/v2\/media?parent=1669"}],"wp:term":[{"taxonomy":"product_brand","embeddable":true,"href":"https:\/\/www.cosmepak.com\/tr\/wp-json\/wp\/v2\/product_brand?post=1669"},{"taxonomy":"product_cat","embeddable":true,"href":"https:\/\/www.cosmepak.com\/tr\/wp-json\/wp\/v2\/product_cat?post=1669"},{"taxonomy":"product_tag","embeddable":true,"href":"https:\/\/www.cosmepak.com\/tr\/wp-json\/wp\/v2\/product_tag?post=1669"}],"curies":[{"name":"wp","href":"https:\/\/api.w.org\/{rel}","templated":true}]}}