{"id":1677,"date":"2025-04-01T13:37:57","date_gmt":"2025-04-01T05:37:57","guid":{"rendered":"https:\/\/www.cosmepak.com\/?post_type=product&#038;p=1677"},"modified":"2025-11-18T13:12:14","modified_gmt":"2025-11-18T05:12:14","slug":"aluminum-plastic-soft-tube-for-hand-cream","status":"publish","type":"product","link":"https:\/\/www.cosmepak.com\/tr\/product\/aluminum-plastic-soft-tube-for-hand-cream\/","title":{"rendered":"El kremi i\u00e7in al\u00fcminyum-plastik yumu\u015fak t\u00fcp"},"content":{"rendered":"<table style=\"border-collapse: collapse; width: 100%; height: 144px;\">\n<tbody>\n<tr style=\"height: 24px;\">\n<td style=\"width: 33.3333%; height: 144px;\" rowspan=\"6\"><img fetchpriority=\"high\" decoding=\"async\" class=\"alignnone size-full wp-image-3387\" src=\"https:\/\/www.cosmepak.com\/wp-content\/uploads\/2025\/04\/7-2.jpg\" alt=\"\" width=\"1000\" height=\"1000\" srcset=\"https:\/\/www.cosmepak.com\/wp-content\/uploads\/2025\/04\/7-2.jpg 1000w, https:\/\/www.cosmepak.com\/wp-content\/uploads\/2025\/04\/7-2-300x300.jpg 300w, https:\/\/www.cosmepak.com\/wp-content\/uploads\/2025\/04\/7-2-150x150.jpg 150w, https:\/\/www.cosmepak.com\/wp-content\/uploads\/2025\/04\/7-2-768x768.jpg 768w, https:\/\/www.cosmepak.com\/wp-content\/uploads\/2025\/04\/7-2-12x12.jpg 12w, https:\/\/www.cosmepak.com\/wp-content\/uploads\/2025\/04\/7-2-600x600.jpg 600w, https:\/\/www.cosmepak.com\/wp-content\/uploads\/2025\/04\/7-2-100x100.jpg 100w\" sizes=\"(max-width: 1000px) 100vw, 1000px\" \/><\/td>\n<td style=\"width: 33.122%; height: 24px; text-align: center;\">Marka<\/td>\n<td style=\"width: 33.5446%; height: 24px; text-align: center;\">Fahi\u015fe<\/td>\n<\/tr>\n<tr style=\"height: 24px;\">\n<td style=\"width: 33.122%; height: 24px; text-align: center;\">Model<\/td>\n<td style=\"width: 33.5446%; height: 24px; text-align: center;\">JH-HX013 i\u00e7in<\/td>\n<\/tr>\n<tr style=\"height: 24px;\">\n<td style=\"width: 33.122%; height: 24px; text-align: center;\">Kapak<\/td>\n<td style=\"width: 33.5446%; height: 24px; text-align: center;\">30-50ml aras\u0131nda<\/td>\n<\/tr>\n<tr style=\"height: 24px;\">\n<td style=\"width: 33.122%; height: 24px; text-align: center;\">Renk<\/td>\n<td style=\"width: 33.5446%; height: 24px; text-align: center;\">OEM ve ODM<\/td>\n<\/tr>\n<tr style=\"height: 24px;\">\n<td style=\"width: 33.122%; height: 24px; text-align: center;\">Kapak malzemesi<\/td>\n<td style=\"width: 33.5446%; height: 24px; text-align: center;\">PP<\/td>\n<\/tr>\n<tr style=\"height: 24px;\">\n<td style=\"width: 33.122%; height: 24px; text-align: center;\">T\u00fcp malzemesi<\/td>\n<td style=\"width: 33.5446%; height: 24px; text-align: center;\">Al\u00fcminyum-plastik<\/td>\n<\/tr>\n<\/tbody>\n<\/table>\n<p>Bu t\u00fcp \u00f6zel olarak 30ml el kremi i\u00e7in tasarlanm\u0131\u015ft\u0131r. Boyut a\u00e7\u0131s\u0131ndan hem pratikli\u011fi hem de ta\u015f\u0131nabilirli\u011fi dikkate al\u0131r: t\u00fcp\u00fcn y\u00fcksekli\u011fi 95mm ve \u00e7ap\u0131 30mm'dir. Genel \u015fekil ince ve kompaktt\u0131r. Bir el \u00e7antas\u0131na, makyaj \u00e7antas\u0131na veya cebe ta\u015f\u0131nmas\u0131na, \u00e7ok fazla yer kaplamayacakt\u0131r. T\u00fcketicilerin evde, seyahat ve seyahat gibi \u00e7e\u015fitli senaryolarda kullan\u0131m ihtiya\u00e7lar\u0131n\u0131 kar\u015f\u0131layabilir ve her zaman ve her yerde el bak\u0131m\u0131n\u0131n tad\u0131n\u0131 \u00e7\u0131karmalar\u0131n\u0131 sa\u011flar.<\/p>\n<p>Boru bir di\u015fli kapak s\u0131zd\u0131rmazl\u0131k tasar\u0131m\u0131n\u0131 benimser. S\u0131radan d\u00fcz kapakla kar\u015f\u0131la\u015ft\u0131r\u0131ld\u0131\u011f\u0131nda, di\u015fli uyum daha s\u0131k\u0131d\u0131r, bu da ambalaj\u0131n s\u0131zd\u0131rmazl\u0131k performans\u0131n\u0131 etkili bir \u015fekilde art\u0131rabilir. Bu tasar\u0131m el kremi ile hava aras\u0131ndaki temas'\u0131 en aza indirebilir, kremin oksidasyonunu ve bozulmas\u0131n\u0131 geciktirebilir ve k\u00f6t\u00fc s\u0131zd\u0131rmazl\u0131ktan kaynaklanan s\u0131z\u0131nt\u0131 sorununu \u00f6nleyebilir. Bir s\u0131rt \u00e7antas\u0131na yerle\u015ftirilir ve di\u011fer e\u015fyalarla kar\u0131\u015ft\u0131r\u0131lsa bile, s\u0131z\u0131nt\u0131 kirlili\u011fi hakk\u0131nda endi\u015felenmeye gerek yoktur. \u00dcr\u00fcn kalitesi i\u00e7in sa\u011flam bir garanti sa\u011flar.<\/p>\n<p>Alt\u0131, kal\u0131n malzemeden yap\u0131lm\u0131\u015f siyah bir vidal\u0131 kapakt\u0131r. Vidal\u0131 kapak ve boru g\u00f6vdesi aras\u0131ndaki ba\u011flant\u0131 beyazd\u0131r. Genel yap\u0131 basit. Ekstr\u00fczyon tasar\u0131m\u0131, dozaj\u0131 kontrol etmek ve d\u00f6k\u00fclme olas\u0131l\u0131\u011f\u0131 daha az olan yuvarlak delikli bir \u00e7\u0131k\u0131\u015f nozludur. T\u00fcp g\u00f6vdesi kullan\u0131m i\u00e7in tekrar tekrar s\u0131k\u0131labilir, pratikli\u011fi ve esteti\u011fi dengelemektedir.<\/p>\n<p>T\u00fcp\u00fcn g\u00f6vdesi bir kad\u0131n\u0131n sanatsal tarz\u0131 ile bas\u0131lm\u0131\u015ft\u0131r. Resimde, kad\u0131n\u0131n uzun sa\u00e7lar\u0131 var ve \u00e7e\u015fitli sa\u00e7 aksesuarlar\u0131 ile s\u00fcslenmi\u015ftir. K\u0131yafetler renkli ve desenlere sahiptir.<br \/>\nMerhaba Melek (canl\u0131 turuncu): Enerji dolu, sabah uyanan enerjik bir k\u0131z gibi, canl\u0131 bir g\u00fcn i\u00e7in sizi ayarlayacakt\u0131r;<br \/>\nA\u015fk Romantizmi (Romantik Mor): G\u00fc\u00e7l\u00fc bir mor tonla, Frans\u0131z tarz\u0131n\u0131n t\u00fcm romantik unsurlar\u0131n\u0131 kapsul\u0131yor gibi g\u00f6r\u00fcn\u00fcyor;<br \/>\nMarry Me (Fresh Blue): Yumu\u015fak ve yumu\u015fak bir renk paleti ile, bahar kiraz \u00e7i\u00e7ekleri gibi tatl\u0131 bir hisse sahiptir, hem sakinle\u015ftirici hem de nazik;<br \/>\nKaranl\u0131k G\u00fcl (Gizemli Siyah): Gizemli bir siyah ton ve retro bir tarzla so\u011fuk ve zarif olgun bir cazibeyi tasvir eder.<br \/>\nNereye yerle\u015ftirilmesi \u00f6nemli de\u011fil &#8211; bir \u00e7antada veya bir soyunma masas\u0131nda &#8211; \u00c7ok tan\u0131nan bir moda aksesuar\u0131d\u0131r.<\/p>\n<p><img decoding=\"async\" class=\"size-full wp-image-3388 aligncenter\" src=\"https:\/\/www.cosmepak.com\/wp-content\/uploads\/2025\/04\/\u8be6\u60c5-10.jpg\" alt=\"\" width=\"1000\" height=\"1000\" srcset=\"https:\/\/www.cosmepak.com\/wp-content\/uploads\/2025\/04\/\u8be6\u60c5-10.jpg 1000w, https:\/\/www.cosmepak.com\/wp-content\/uploads\/2025\/04\/\u8be6\u60c5-10-300x300.jpg 300w, https:\/\/www.cosmepak.com\/wp-content\/uploads\/2025\/04\/\u8be6\u60c5-10-150x150.jpg 150w, https:\/\/www.cosmepak.com\/wp-content\/uploads\/2025\/04\/\u8be6\u60c5-10-768x768.jpg 768w, https:\/\/www.cosmepak.com\/wp-content\/uploads\/2025\/04\/\u8be6\u60c5-10-12x12.jpg 12w, https:\/\/www.cosmepak.com\/wp-content\/uploads\/2025\/04\/\u8be6\u60c5-10-600x600.jpg 600w, https:\/\/www.cosmepak.com\/wp-content\/uploads\/2025\/04\/\u8be6\u60c5-10-100x100.jpg 100w\" sizes=\"(max-width: 1000px) 100vw, 1000px\" \/><\/p>\n<table style=\"border-collapse: collapse; width: 100%;\">\n<tbody>\n<tr>\n<td style=\"width: 25%;\"><img decoding=\"async\" class=\"alignnone size-full wp-image-3389\" src=\"https:\/\/www.cosmepak.com\/wp-content\/uploads\/2025\/04\/\u8be6\u60c5-11.jpg\" alt=\"\" width=\"1000\" height=\"1000\" srcset=\"https:\/\/www.cosmepak.com\/wp-content\/uploads\/2025\/04\/\u8be6\u60c5-11.jpg 1000w, https:\/\/www.cosmepak.com\/wp-content\/uploads\/2025\/04\/\u8be6\u60c5-11-300x300.jpg 300w, https:\/\/www.cosmepak.com\/wp-content\/uploads\/2025\/04\/\u8be6\u60c5-11-150x150.jpg 150w, https:\/\/www.cosmepak.com\/wp-content\/uploads\/2025\/04\/\u8be6\u60c5-11-768x768.jpg 768w, https:\/\/www.cosmepak.com\/wp-content\/uploads\/2025\/04\/\u8be6\u60c5-11-12x12.jpg 12w, https:\/\/www.cosmepak.com\/wp-content\/uploads\/2025\/04\/\u8be6\u60c5-11-600x600.jpg 600w, https:\/\/www.cosmepak.com\/wp-content\/uploads\/2025\/04\/\u8be6\u60c5-11-100x100.jpg 100w\" sizes=\"(max-width: 1000px) 100vw, 1000px\" \/><\/td>\n<td style=\"width: 25%;\"><img loading=\"lazy\" decoding=\"async\" class=\"alignnone size-full wp-image-3390\" src=\"https:\/\/www.cosmepak.com\/wp-content\/uploads\/2025\/04\/\u8be6\u60c5-12.jpg\" alt=\"\" width=\"1000\" height=\"1000\" srcset=\"https:\/\/www.cosmepak.com\/wp-content\/uploads\/2025\/04\/\u8be6\u60c5-12.jpg 1000w, https:\/\/www.cosmepak.com\/wp-content\/uploads\/2025\/04\/\u8be6\u60c5-12-300x300.jpg 300w, https:\/\/www.cosmepak.com\/wp-content\/uploads\/2025\/04\/\u8be6\u60c5-12-150x150.jpg 150w, https:\/\/www.cosmepak.com\/wp-content\/uploads\/2025\/04\/\u8be6\u60c5-12-768x768.jpg 768w, https:\/\/www.cosmepak.com\/wp-content\/uploads\/2025\/04\/\u8be6\u60c5-12-12x12.jpg 12w, https:\/\/www.cosmepak.com\/wp-content\/uploads\/2025\/04\/\u8be6\u60c5-12-600x600.jpg 600w, https:\/\/www.cosmepak.com\/wp-content\/uploads\/2025\/04\/\u8be6\u60c5-12-100x100.jpg 100w\" sizes=\"(max-width: 1000px) 100vw, 1000px\" \/><\/td>\n<td style=\"width: 25%;\"><img loading=\"lazy\" decoding=\"async\" class=\"alignnone size-full wp-image-3392\" src=\"https:\/\/www.cosmepak.com\/wp-content\/uploads\/2025\/04\/\u8be6\u60c5-14.jpg\" alt=\"\" width=\"1000\" height=\"1000\" srcset=\"https:\/\/www.cosmepak.com\/wp-content\/uploads\/2025\/04\/\u8be6\u60c5-14.jpg 1000w, https:\/\/www.cosmepak.com\/wp-content\/uploads\/2025\/04\/\u8be6\u60c5-14-300x300.jpg 300w, https:\/\/www.cosmepak.com\/wp-content\/uploads\/2025\/04\/\u8be6\u60c5-14-150x150.jpg 150w, https:\/\/www.cosmepak.com\/wp-content\/uploads\/2025\/04\/\u8be6\u60c5-14-768x768.jpg 768w, https:\/\/www.cosmepak.com\/wp-content\/uploads\/2025\/04\/\u8be6\u60c5-14-12x12.jpg 12w, https:\/\/www.cosmepak.com\/wp-content\/uploads\/2025\/04\/\u8be6\u60c5-14-600x600.jpg 600w, https:\/\/www.cosmepak.com\/wp-content\/uploads\/2025\/04\/\u8be6\u60c5-14-100x100.jpg 100w\" sizes=\"(max-width: 1000px) 100vw, 1000px\" \/><\/td>\n<td style=\"width: 25%;\"><img loading=\"lazy\" decoding=\"async\" class=\"alignnone size-full wp-image-3391\" src=\"https:\/\/www.cosmepak.com\/wp-content\/uploads\/2025\/04\/\u8be6\u60c5-13-1.jpg\" alt=\"\" width=\"1000\" height=\"1000\" srcset=\"https:\/\/www.cosmepak.com\/wp-content\/uploads\/2025\/04\/\u8be6\u60c5-13-1.jpg 1000w, https:\/\/www.cosmepak.com\/wp-content\/uploads\/2025\/04\/\u8be6\u60c5-13-1-300x300.jpg 300w, https:\/\/www.cosmepak.com\/wp-content\/uploads\/2025\/04\/\u8be6\u60c5-13-1-150x150.jpg 150w, https:\/\/www.cosmepak.com\/wp-content\/uploads\/2025\/04\/\u8be6\u60c5-13-1-768x768.jpg 768w, https:\/\/www.cosmepak.com\/wp-content\/uploads\/2025\/04\/\u8be6\u60c5-13-1-12x12.jpg 12w, https:\/\/www.cosmepak.com\/wp-content\/uploads\/2025\/04\/\u8be6\u60c5-13-1-600x600.jpg 600w, https:\/\/www.cosmepak.com\/wp-content\/uploads\/2025\/04\/\u8be6\u60c5-13-1-100x100.jpg 100w\" sizes=\"(max-width: 1000px) 100vw, 1000px\" \/><\/td>\n<\/tr>\n<\/tbody>\n<\/table>\n<table style=\"border-collapse: collapse; width: 100%;\">\n<tbody>\n<tr>\n<td style=\"width: 33.3333%;\"><img loading=\"lazy\" decoding=\"async\" class=\"alignnone size-full wp-image-3393\" src=\"https:\/\/www.cosmepak.com\/wp-content\/uploads\/2025\/04\/4-6.jpg\" alt=\"\" width=\"1000\" height=\"1000\" srcset=\"https:\/\/www.cosmepak.com\/wp-content\/uploads\/2025\/04\/4-6.jpg 1000w, https:\/\/www.cosmepak.com\/wp-content\/uploads\/2025\/04\/4-6-300x300.jpg 300w, https:\/\/www.cosmepak.com\/wp-content\/uploads\/2025\/04\/4-6-150x150.jpg 150w, https:\/\/www.cosmepak.com\/wp-content\/uploads\/2025\/04\/4-6-768x768.jpg 768w, https:\/\/www.cosmepak.com\/wp-content\/uploads\/2025\/04\/4-6-12x12.jpg 12w, https:\/\/www.cosmepak.com\/wp-content\/uploads\/2025\/04\/4-6-600x600.jpg 600w, https:\/\/www.cosmepak.com\/wp-content\/uploads\/2025\/04\/4-6-100x100.jpg 100w\" sizes=\"(max-width: 1000px) 100vw, 1000px\" \/><\/td>\n<td style=\"width: 33.3333%;\"><img loading=\"lazy\" decoding=\"async\" class=\"alignnone size-full wp-image-3394\" src=\"https:\/\/www.cosmepak.com\/wp-content\/uploads\/2025\/04\/5-3.jpg\" alt=\"\" width=\"1000\" height=\"1000\" srcset=\"https:\/\/www.cosmepak.com\/wp-content\/uploads\/2025\/04\/5-3.jpg 1000w, https:\/\/www.cosmepak.com\/wp-content\/uploads\/2025\/04\/5-3-300x300.jpg 300w, https:\/\/www.cosmepak.com\/wp-content\/uploads\/2025\/04\/5-3-150x150.jpg 150w, https:\/\/www.cosmepak.com\/wp-content\/uploads\/2025\/04\/5-3-768x768.jpg 768w, https:\/\/www.cosmepak.com\/wp-content\/uploads\/2025\/04\/5-3-12x12.jpg 12w, https:\/\/www.cosmepak.com\/wp-content\/uploads\/2025\/04\/5-3-600x600.jpg 600w, https:\/\/www.cosmepak.com\/wp-content\/uploads\/2025\/04\/5-3-100x100.jpg 100w\" sizes=\"(max-width: 1000px) 100vw, 1000px\" \/><\/td>\n<td style=\"width: 33.3333%;\"><img loading=\"lazy\" decoding=\"async\" class=\"alignnone size-full wp-image-3395\" src=\"https:\/\/www.cosmepak.com\/wp-content\/uploads\/2025\/04\/6-3.jpg\" alt=\"\" width=\"1000\" height=\"1000\" srcset=\"https:\/\/www.cosmepak.com\/wp-content\/uploads\/2025\/04\/6-3.jpg 1000w, https:\/\/www.cosmepak.com\/wp-content\/uploads\/2025\/04\/6-3-300x300.jpg 300w, https:\/\/www.cosmepak.com\/wp-content\/uploads\/2025\/04\/6-3-150x150.jpg 150w, https:\/\/www.cosmepak.com\/wp-content\/uploads\/2025\/04\/6-3-768x768.jpg 768w, https:\/\/www.cosmepak.com\/wp-content\/uploads\/2025\/04\/6-3-12x12.jpg 12w, https:\/\/www.cosmepak.com\/wp-content\/uploads\/2025\/04\/6-3-600x600.jpg 600w, https:\/\/www.cosmepak.com\/wp-content\/uploads\/2025\/04\/6-3-100x100.jpg 100w\" sizes=\"(max-width: 1000px) 100vw, 1000px\" \/><\/td>\n<\/tr>\n<\/tbody>\n<\/table>\n<p>&nbsp;<\/p>","protected":false},"excerpt":{"rendered":"<p>T\u00fcp Malzemesi: PP Malzeme<\/p>\n<p>Kapak Malzemesi: PP Malzeme<\/p>\n<p>Kapasite: 50g<\/p>\n<p>Renk: \u00d6zelle\u015ftirilmi\u015f (herhangi bir Pantone Rengi Avalable)<\/p>\n<p>Y\u00fczey Kaplama: Serip bask\u0131, buzlanma, s\u0131cak damgalama, sprey gradyan\u0131, mat kaplama vb.<\/p>\n<p>MOQ: 5000pcs;<\/p>\n<p>&nbsp;<\/p>","protected":false},"featured_media":3396,"comment_status":"open","ping_status":"closed","template":"","meta":{"_acf_changed":false},"product_brand":[],"product_cat":[20],"product_tag":[],"class_list":{"0":"post-1677","1":"product","2":"type-product","3":"status-publish","4":"has-post-thumbnail","6":"product_cat-plastic-tube","8":"first","9":"outofstock","10":"shipping-taxable","11":"product-type-simple"},"acf":[],"_links":{"self":[{"href":"https:\/\/www.cosmepak.com\/tr\/wp-json\/wp\/v2\/product\/1677","targetHints":{"allow":["GET"]}}],"collection":[{"href":"https:\/\/www.cosmepak.com\/tr\/wp-json\/wp\/v2\/product"}],"about":[{"href":"https:\/\/www.cosmepak.com\/tr\/wp-json\/wp\/v2\/types\/product"}],"replies":[{"embeddable":true,"href":"https:\/\/www.cosmepak.com\/tr\/wp-json\/wp\/v2\/comments?post=1677"}],"wp:featuredmedia":[{"embeddable":true,"href":"https:\/\/www.cosmepak.com\/tr\/wp-json\/wp\/v2\/media\/3396"}],"wp:attachment":[{"href":"https:\/\/www.cosmepak.com\/tr\/wp-json\/wp\/v2\/media?parent=1677"}],"wp:term":[{"taxonomy":"product_brand","embeddable":true,"href":"https:\/\/www.cosmepak.com\/tr\/wp-json\/wp\/v2\/product_brand?post=1677"},{"taxonomy":"product_cat","embeddable":true,"href":"https:\/\/www.cosmepak.com\/tr\/wp-json\/wp\/v2\/product_cat?post=1677"},{"taxonomy":"product_tag","embeddable":true,"href":"https:\/\/www.cosmepak.com\/tr\/wp-json\/wp\/v2\/product_tag?post=1677"}],"curies":[{"name":"wp","href":"https:\/\/api.w.org\/{rel}","templated":true}]}}