{"id":1678,"date":"2025-04-01T13:47:57","date_gmt":"2025-04-01T05:47:57","guid":{"rendered":"https:\/\/www.cosmepak.com\/?post_type=product&#038;p=1678"},"modified":"2025-11-11T16:04:21","modified_gmt":"2025-11-11T08:04:21","slug":"100ml-cosmetic-packaging-tube-jaunce","status":"publish","type":"product","link":"https:\/\/www.cosmepak.com\/tr\/product\/100ml-cosmetic-packaging-tube-jaunce\/","title":{"rendered":"100ml Kozmetik Ambalaj T\u00fcp \/ Jaunce"},"content":{"rendered":"<table style=\"border-collapse: collapse; width: 100%; height: 144px;\">\n<tbody>\n<tr style=\"height: 24px;\">\n<td style=\"width: 33.3333%; height: 144px;\" rowspan=\"6\"><img fetchpriority=\"high\" decoding=\"async\" class=\"alignnone size-full wp-image-2906\" src=\"https:\/\/www.cosmepak.com\/wp-content\/uploads\/2025\/04\/\u4e3b\u56fe-6.jpg\" alt=\"\" width=\"800\" height=\"800\" srcset=\"https:\/\/www.cosmepak.com\/wp-content\/uploads\/2025\/04\/\u4e3b\u56fe-6.jpg 800w, https:\/\/www.cosmepak.com\/wp-content\/uploads\/2025\/04\/\u4e3b\u56fe-6-300x300.jpg 300w, https:\/\/www.cosmepak.com\/wp-content\/uploads\/2025\/04\/\u4e3b\u56fe-6-150x150.jpg 150w, https:\/\/www.cosmepak.com\/wp-content\/uploads\/2025\/04\/\u4e3b\u56fe-6-768x768.jpg 768w, https:\/\/www.cosmepak.com\/wp-content\/uploads\/2025\/04\/\u4e3b\u56fe-6-12x12.jpg 12w, https:\/\/www.cosmepak.com\/wp-content\/uploads\/2025\/04\/\u4e3b\u56fe-6-600x600.jpg 600w, https:\/\/www.cosmepak.com\/wp-content\/uploads\/2025\/04\/\u4e3b\u56fe-6-100x100.jpg 100w\" sizes=\"(max-width: 800px) 100vw, 800px\" \/><\/td>\n<td style=\"width: 33.122%; height: 24px; text-align: center;\">Marka<\/td>\n<td style=\"width: 33.5446%; height: 24px; text-align: center;\">Fahi\u015fe<\/td>\n<\/tr>\n<tr style=\"height: 24px;\">\n<td style=\"width: 33.122%; height: 24px; text-align: center;\">Model<\/td>\n<td style=\"width: 33.5446%; height: 24px; text-align: center;\">JH-LW9605 i\u00e7in<\/td>\n<\/tr>\n<tr style=\"height: 24px;\">\n<td style=\"width: 33.122%; height: 24px; text-align: center;\">Kapak<\/td>\n<td style=\"width: 33.5446%; height: 24px; text-align: center;\">60ml \/ 80ml \/ 100ml \/ 120ml \/ 150ml<\/td>\n<\/tr>\n<tr style=\"height: 24px;\">\n<td style=\"width: 33.122%; height: 24px; text-align: center;\">Renk<\/td>\n<td style=\"width: 33.5446%; height: 24px; text-align: center;\">OEM ve ODM<\/td>\n<\/tr>\n<tr style=\"height: 24px;\">\n<td style=\"width: 33.122%; height: 24px; text-align: center;\">Kapak<\/td>\n<td style=\"width: 33.5446%; height: 24px; text-align: center;\">Vidal\u0131 Kapak<\/td>\n<\/tr>\n<tr style=\"height: 24px;\">\n<td style=\"width: 33.122%; height: 24px; text-align: center;\">T\u00fcp malzemesi<\/td>\n<td style=\"width: 33.5446%; height: 24px; text-align: center;\">PP<\/td>\n<\/tr>\n<\/tbody>\n<\/table>\n<table style=\"border-collapse: collapse; width: 100%;\">\n<tbody>\n<tr>\n<td style=\"width: 16.6667%; text-align: center;\"><strong>Kapasite<\/strong><\/td>\n<td style=\"width: 16.6667%; text-align: center;\"><strong>Toplam y\u00fckseklik<\/strong><\/td>\n<td style=\"width: 16.6667%; text-align: center;\"><strong>\u015ei\u015fe y\u00fcksekli\u011fi<\/strong><\/td>\n<td style=\"width: 16.6667%; text-align: center;\"><strong>Yazd\u0131r\u0131labilir y\u00fckseklik<\/strong><\/td>\n<td style=\"width: 16.6667%; text-align: center;\"><strong>Boyun boyutu<\/strong><\/td>\n<td style=\"width: 16.6667%; text-align: center;\"><strong>Alt \u00e7ap<\/strong><\/td>\n<\/tr>\n<tr>\n<td style=\"width: 16.6667%; text-align: center;\">60ml<\/td>\n<td style=\"width: 16.6667%; text-align: center;\">107mm'lik<\/td>\n<td style=\"width: 16.6667%; text-align: center;\">84 mm<\/td>\n<td style=\"width: 16.6667%; text-align: center;\">35 mm<\/td>\n<td style=\"width: 16.6667%; text-align: center;\">24 mm<\/td>\n<td style=\"width: 16.6667%; text-align: center;\">40.5mm<\/td>\n<\/tr>\n<tr>\n<td style=\"width: 16.6667%; text-align: center;\">80ml<\/td>\n<td style=\"width: 16.6667%; text-align: center;\">125mm'lik<\/td>\n<td style=\"width: 16.6667%; text-align: center;\">102mm<\/td>\n<td style=\"width: 16.6667%; text-align: center;\">50 mm<\/td>\n<td style=\"width: 16.6667%; text-align: center;\">24 mm<\/td>\n<td style=\"width: 16.6667%; text-align: center;\">40.5mm<\/td>\n<\/tr>\n<tr>\n<td style=\"width: 16.6667%; text-align: center;\">100ml<\/td>\n<td style=\"width: 16.6667%; text-align: center;\">145mm'lik<\/td>\n<td style=\"width: 16.6667%; text-align: center;\">121mm'lik<\/td>\n<td style=\"width: 16.6667%; text-align: center;\">70mm<\/td>\n<td style=\"width: 16.6667%; text-align: center;\">24 mm<\/td>\n<td style=\"width: 16.6667%; text-align: center;\">40.5mm<\/td>\n<\/tr>\n<tr>\n<td style=\"width: 16.6667%; text-align: center;\">120ml<\/td>\n<td style=\"width: 16.6667%; text-align: center;\">140 mm<\/td>\n<td style=\"width: 16.6667%; text-align: center;\">119.5mm<\/td>\n<td style=\"width: 16.6667%; text-align: center;\">70mm<\/td>\n<td style=\"width: 16.6667%; text-align: center;\">24 mm<\/td>\n<td style=\"width: 16.6667%; text-align: center;\">44mm'lik<\/td>\n<\/tr>\n<tr>\n<td style=\"width: 16.6667%; text-align: center;\">150ml<\/td>\n<td style=\"width: 16.6667%; text-align: center;\">165mm'lik<\/td>\n<td style=\"width: 16.6667%; text-align: center;\">142mm'lik<\/td>\n<td style=\"width: 16.6667%; text-align: center;\">90mm<\/td>\n<td style=\"width: 16.6667%; text-align: center;\">24 mm<\/td>\n<td style=\"width: 16.6667%; text-align: center;\">44mm'lik<\/td>\n<\/tr>\n<\/tbody>\n<\/table>\n<p>\u00dcr\u00fcn, s\u0131v\u0131 miktar\u0131n\u0131n tam kontrol\u00fcn\u00fc sa\u011flayan ince ve p\u00fcr\u00fczs\u00fcz bir su \u00e7\u0131k\u0131\u015f\u0131 ile benzersiz bir u\u00e7lu kapak tasar\u0131m\u0131na sahiptir. Bu&#8217; Cilt bak\u0131m \u00fcr\u00fcnlerinden \u00f6z\u00fc \u00e7\u0131karmak, el kremi uygulamak veya ev temizli\u011fi i\u00e7in konsantre deterjan kullanmak veya hatta sanatsal yarat\u0131klarda boya ve yap\u0131\u015ft\u0131r\u0131c\u0131lar uygulamak, gereksinimlere g\u00f6re kolayca kontrol edilebilir, a\u015f\u0131r\u0131 \u00e7\u0131k\u0131\u015f nedeniyle israfdan ka\u00e7\u0131nabilir. Ayn\u0131 zamanda, hedef alana tam olarak uygulanabilir ve kullan\u0131m kolayl\u0131\u011f\u0131n\u0131 art\u0131rabilir.<\/p>\n<p>\u0130\u00e7 kol ve \u015fi\u015fe kapa\u011f\u0131 hem de ulusal kalite denetim standartlar\u0131na uygun g\u0131da s\u0131n\u0131f\u0131 PP malzemesinden yap\u0131lm\u0131\u015ft\u0131r. Hi\u00e7bir kokusu yoktur ve zararl\u0131 kimyasal maddeler sal\u0131nmaz. \u00c7e\u015fitli s\u0131v\u0131lar ve macun benzeri i\u00e7eriklerle temas etti\u011finde kimyasal reaksiyonlar ger\u00e7ekle\u015fmez ve i\u00e7eriklerin safl\u0131\u011f\u0131n\u0131 ve g\u00fcvenli\u011fini etkili bir \u015fekilde sa\u011flar. Cilt bak\u0131m \u00fcr\u00fcnleri, g\u0131da katk\u0131 maddeleri ve \u00e7ocuklar gibi malzeme g\u00fcvenli\u011fi i\u00e7in y\u00fcksek gereksinimlere sahip senaryolar i\u00e7in uygundurlar. S \u00fcr\u00fcnleri.<\/p>\n<p>\u015ei\u015fe a\u011f\u0131z\u0131, a\u00e7\u0131l\u0131\u015f ve kapanmay\u0131 p\u00fcr\u00fczs\u00fcz ve uygun hale getiren standart ipler ile tasarlanm\u0131\u015ft\u0131r. Dolum s\u00fcreci s\u0131ras\u0131nda iplikler s\u0131k\u0131ca ba\u011flan\u0131r ve s\u0131z\u0131nt\u0131ya e\u011filimli de\u011fildir. Bir fabrikada seri doldurma veya bireysel manuel da\u011f\u0131t\u0131m olsun, farkl\u0131 dolum senaryolar\u0131 i\u00e7in uygun, verimli bir \u015fekilde tamamlanabilir. Ayn\u0131 zamanda, \u00f6zel aksesuarlarla birle\u015ftirilmi\u015f di\u015fli yap\u0131, s\u0131zd\u0131rmazl\u0131k performans\u0131n\u0131 daha da art\u0131rabilir, i\u00e7eri\u011fin havayla temas nedeniyle oksidasyon ve bozulmas\u0131n\u0131 veya d\u00f6k\u00fcm nedeniyle s\u0131z\u0131nt\u0131s\u0131n\u0131 \u00f6nleyebilir.<\/p>\n<p>\u015ei\u015fenin g\u00f6vdesi m\u00fckemmel sertli\u011fe ve esnekli\u011fe sahip y\u00fcksek kaliteli elastik malzemeden yap\u0131lm\u0131\u015ft\u0131r. Binlerce tekrarlanan s\u0131k\u0131\u015ft\u0131rma testinden sonra, \u015fi\u015fe g\u00f6vdesi herhangi bir deformasyon veya \u00e7atlama olmadan orijinal \u015fekline h\u0131zl\u0131 bir \u015fekilde geri d\u00f6nebilir. G\u00fcnl\u00fck hayatta s\u0131k s\u0131k kullan\u0131l\u0131r veya uzun mesafe ta\u015f\u0131mac\u0131l\u0131\u011f\u0131 s\u0131ras\u0131nda s\u0131k\u0131\u015ft\u0131rma ve \u00e7arp\u0131\u015fmaya maruz kal\u0131r, bozuk formunu koruyabilir ve \u00fcr\u00fcn\u00fc uzatabilir. s hizmet \u00f6mr\u00fc.<\/p>\n<p><img decoding=\"async\" class=\"size-full wp-image-2909 aligncenter\" src=\"https:\/\/www.cosmepak.com\/wp-content\/uploads\/2025\/04\/\u8be6\u60c5-4.jpg\" alt=\"\" width=\"1000\" height=\"1000\" srcset=\"https:\/\/www.cosmepak.com\/wp-content\/uploads\/2025\/04\/\u8be6\u60c5-4.jpg 1000w, https:\/\/www.cosmepak.com\/wp-content\/uploads\/2025\/04\/\u8be6\u60c5-4-300x300.jpg 300w, https:\/\/www.cosmepak.com\/wp-content\/uploads\/2025\/04\/\u8be6\u60c5-4-150x150.jpg 150w, https:\/\/www.cosmepak.com\/wp-content\/uploads\/2025\/04\/\u8be6\u60c5-4-768x768.jpg 768w, https:\/\/www.cosmepak.com\/wp-content\/uploads\/2025\/04\/\u8be6\u60c5-4-12x12.jpg 12w, https:\/\/www.cosmepak.com\/wp-content\/uploads\/2025\/04\/\u8be6\u60c5-4-600x600.jpg 600w, https:\/\/www.cosmepak.com\/wp-content\/uploads\/2025\/04\/\u8be6\u60c5-4-100x100.jpg 100w\" sizes=\"(max-width: 1000px) 100vw, 1000px\" \/><\/p>\n<p><img decoding=\"async\" class=\"alignnone wp-image-2914\" src=\"https:\/\/www.cosmepak.com\/wp-content\/uploads\/2025\/04\/\u8be6\u60c5-13.jpg\" alt=\"\" width=\"1354\" height=\"1354\" srcset=\"https:\/\/www.cosmepak.com\/wp-content\/uploads\/2025\/04\/\u8be6\u60c5-13.jpg 1000w, https:\/\/www.cosmepak.com\/wp-content\/uploads\/2025\/04\/\u8be6\u60c5-13-300x300.jpg 300w, https:\/\/www.cosmepak.com\/wp-content\/uploads\/2025\/04\/\u8be6\u60c5-13-150x150.jpg 150w, https:\/\/www.cosmepak.com\/wp-content\/uploads\/2025\/04\/\u8be6\u60c5-13-768x768.jpg 768w, https:\/\/www.cosmepak.com\/wp-content\/uploads\/2025\/04\/\u8be6\u60c5-13-12x12.jpg 12w, https:\/\/www.cosmepak.com\/wp-content\/uploads\/2025\/04\/\u8be6\u60c5-13-600x600.jpg 600w, https:\/\/www.cosmepak.com\/wp-content\/uploads\/2025\/04\/\u8be6\u60c5-13-100x100.jpg 100w\" sizes=\"(max-width: 1354px) 100vw, 1354px\" \/><\/p>\n<p><img loading=\"lazy\" decoding=\"async\" class=\"alignnone wp-image-2917\" src=\"https:\/\/www.cosmepak.com\/wp-content\/uploads\/2025\/04\/7-1.jpg\" alt=\"\" width=\"1379\" height=\"1379\" srcset=\"https:\/\/www.cosmepak.com\/wp-content\/uploads\/2025\/04\/7-1.jpg 1000w, https:\/\/www.cosmepak.com\/wp-content\/uploads\/2025\/04\/7-1-300x300.jpg 300w, https:\/\/www.cosmepak.com\/wp-content\/uploads\/2025\/04\/7-1-150x150.jpg 150w, https:\/\/www.cosmepak.com\/wp-content\/uploads\/2025\/04\/7-1-768x768.jpg 768w, https:\/\/www.cosmepak.com\/wp-content\/uploads\/2025\/04\/7-1-12x12.jpg 12w, https:\/\/www.cosmepak.com\/wp-content\/uploads\/2025\/04\/7-1-600x600.jpg 600w, https:\/\/www.cosmepak.com\/wp-content\/uploads\/2025\/04\/7-1-100x100.jpg 100w\" sizes=\"(max-width: 1379px) 100vw, 1379px\" \/><\/p>\n<table style=\"border-collapse: collapse; width: 100%;\">\n<tbody>\n<tr>\n<td style=\"width: 25%;\"><img loading=\"lazy\" decoding=\"async\" class=\"alignnone size-full wp-image-2910\" src=\"https:\/\/www.cosmepak.com\/wp-content\/uploads\/2025\/04\/\u8be6\u60c5-8.jpg\" alt=\"\" width=\"1000\" height=\"1000\" srcset=\"https:\/\/www.cosmepak.com\/wp-content\/uploads\/2025\/04\/\u8be6\u60c5-8.jpg 1000w, https:\/\/www.cosmepak.com\/wp-content\/uploads\/2025\/04\/\u8be6\u60c5-8-300x300.jpg 300w, https:\/\/www.cosmepak.com\/wp-content\/uploads\/2025\/04\/\u8be6\u60c5-8-150x150.jpg 150w, https:\/\/www.cosmepak.com\/wp-content\/uploads\/2025\/04\/\u8be6\u60c5-8-768x768.jpg 768w, https:\/\/www.cosmepak.com\/wp-content\/uploads\/2025\/04\/\u8be6\u60c5-8-12x12.jpg 12w, https:\/\/www.cosmepak.com\/wp-content\/uploads\/2025\/04\/\u8be6\u60c5-8-600x600.jpg 600w, https:\/\/www.cosmepak.com\/wp-content\/uploads\/2025\/04\/\u8be6\u60c5-8-100x100.jpg 100w\" sizes=\"(max-width: 1000px) 100vw, 1000px\" \/><\/td>\n<td style=\"width: 25%;\"><img loading=\"lazy\" decoding=\"async\" class=\"alignnone size-full wp-image-2911\" src=\"https:\/\/www.cosmepak.com\/wp-content\/uploads\/2025\/04\/\u8be6\u60c5-9.jpg\" alt=\"\" width=\"1000\" height=\"1000\" srcset=\"https:\/\/www.cosmepak.com\/wp-content\/uploads\/2025\/04\/\u8be6\u60c5-9.jpg 1000w, https:\/\/www.cosmepak.com\/wp-content\/uploads\/2025\/04\/\u8be6\u60c5-9-300x300.jpg 300w, https:\/\/www.cosmepak.com\/wp-content\/uploads\/2025\/04\/\u8be6\u60c5-9-150x150.jpg 150w, https:\/\/www.cosmepak.com\/wp-content\/uploads\/2025\/04\/\u8be6\u60c5-9-768x768.jpg 768w, https:\/\/www.cosmepak.com\/wp-content\/uploads\/2025\/04\/\u8be6\u60c5-9-12x12.jpg 12w, https:\/\/www.cosmepak.com\/wp-content\/uploads\/2025\/04\/\u8be6\u60c5-9-600x600.jpg 600w, https:\/\/www.cosmepak.com\/wp-content\/uploads\/2025\/04\/\u8be6\u60c5-9-100x100.jpg 100w\" sizes=\"(max-width: 1000px) 100vw, 1000px\" \/><\/td>\n<td style=\"width: 25%;\"><img loading=\"lazy\" decoding=\"async\" class=\"alignnone size-full wp-image-2912\" src=\"https:\/\/www.cosmepak.com\/wp-content\/uploads\/2025\/04\/\u8be6\u60c5-6.jpg\" alt=\"\" width=\"1000\" height=\"1000\" srcset=\"https:\/\/www.cosmepak.com\/wp-content\/uploads\/2025\/04\/\u8be6\u60c5-6.jpg 1000w, https:\/\/www.cosmepak.com\/wp-content\/uploads\/2025\/04\/\u8be6\u60c5-6-300x300.jpg 300w, https:\/\/www.cosmepak.com\/wp-content\/uploads\/2025\/04\/\u8be6\u60c5-6-150x150.jpg 150w, https:\/\/www.cosmepak.com\/wp-content\/uploads\/2025\/04\/\u8be6\u60c5-6-768x768.jpg 768w, https:\/\/www.cosmepak.com\/wp-content\/uploads\/2025\/04\/\u8be6\u60c5-6-12x12.jpg 12w, https:\/\/www.cosmepak.com\/wp-content\/uploads\/2025\/04\/\u8be6\u60c5-6-600x600.jpg 600w, https:\/\/www.cosmepak.com\/wp-content\/uploads\/2025\/04\/\u8be6\u60c5-6-100x100.jpg 100w\" sizes=\"(max-width: 1000px) 100vw, 1000px\" \/><\/td>\n<td style=\"width: 25%;\"><img loading=\"lazy\" decoding=\"async\" class=\"alignnone size-full wp-image-2913\" src=\"https:\/\/www.cosmepak.com\/wp-content\/uploads\/2025\/04\/\u8be6\u60c5-7.jpg\" alt=\"\" width=\"1000\" height=\"1000\" srcset=\"https:\/\/www.cosmepak.com\/wp-content\/uploads\/2025\/04\/\u8be6\u60c5-7.jpg 1000w, https:\/\/www.cosmepak.com\/wp-content\/uploads\/2025\/04\/\u8be6\u60c5-7-300x300.jpg 300w, https:\/\/www.cosmepak.com\/wp-content\/uploads\/2025\/04\/\u8be6\u60c5-7-150x150.jpg 150w, https:\/\/www.cosmepak.com\/wp-content\/uploads\/2025\/04\/\u8be6\u60c5-7-768x768.jpg 768w, https:\/\/www.cosmepak.com\/wp-content\/uploads\/2025\/04\/\u8be6\u60c5-7-12x12.jpg 12w, https:\/\/www.cosmepak.com\/wp-content\/uploads\/2025\/04\/\u8be6\u60c5-7-600x600.jpg 600w, https:\/\/www.cosmepak.com\/wp-content\/uploads\/2025\/04\/\u8be6\u60c5-7-100x100.jpg 100w\" sizes=\"(max-width: 1000px) 100vw, 1000px\" \/><\/td>\n<\/tr>\n<\/tbody>\n<\/table>\n<table style=\"border-collapse: collapse; width: 100%;\">\n<tbody>\n<tr>\n<td style=\"width: 50%;\"><img loading=\"lazy\" decoding=\"async\" class=\"alignnone size-full wp-image-2915\" src=\"https:\/\/www.cosmepak.com\/wp-content\/uploads\/2025\/04\/5-2.jpg\" alt=\"\" width=\"1000\" height=\"1000\" srcset=\"https:\/\/www.cosmepak.com\/wp-content\/uploads\/2025\/04\/5-2.jpg 1000w, https:\/\/www.cosmepak.com\/wp-content\/uploads\/2025\/04\/5-2-300x300.jpg 300w, https:\/\/www.cosmepak.com\/wp-content\/uploads\/2025\/04\/5-2-150x150.jpg 150w, https:\/\/www.cosmepak.com\/wp-content\/uploads\/2025\/04\/5-2-768x768.jpg 768w, https:\/\/www.cosmepak.com\/wp-content\/uploads\/2025\/04\/5-2-12x12.jpg 12w, https:\/\/www.cosmepak.com\/wp-content\/uploads\/2025\/04\/5-2-600x600.jpg 600w, https:\/\/www.cosmepak.com\/wp-content\/uploads\/2025\/04\/5-2-100x100.jpg 100w\" sizes=\"(max-width: 1000px) 100vw, 1000px\" \/><\/td>\n<td style=\"width: 50%;\"><img loading=\"lazy\" decoding=\"async\" class=\"alignnone size-full wp-image-2916\" src=\"https:\/\/www.cosmepak.com\/wp-content\/uploads\/2025\/04\/6-2.jpg\" alt=\"\" width=\"1000\" height=\"1000\" srcset=\"https:\/\/www.cosmepak.com\/wp-content\/uploads\/2025\/04\/6-2.jpg 1000w, https:\/\/www.cosmepak.com\/wp-content\/uploads\/2025\/04\/6-2-300x300.jpg 300w, https:\/\/www.cosmepak.com\/wp-content\/uploads\/2025\/04\/6-2-150x150.jpg 150w, https:\/\/www.cosmepak.com\/wp-content\/uploads\/2025\/04\/6-2-768x768.jpg 768w, https:\/\/www.cosmepak.com\/wp-content\/uploads\/2025\/04\/6-2-12x12.jpg 12w, https:\/\/www.cosmepak.com\/wp-content\/uploads\/2025\/04\/6-2-600x600.jpg 600w, https:\/\/www.cosmepak.com\/wp-content\/uploads\/2025\/04\/6-2-100x100.jpg 100w\" sizes=\"(max-width: 1000px) 100vw, 1000px\" \/><\/td>\n<\/tr>\n<\/tbody>\n<\/table>\n<p>&nbsp;<\/p>","protected":false},"excerpt":{"rendered":"<p>T\u00fcp Malzemesi: PP Malzeme<\/p>\n<p>Kapak Malzemesi: PP Malzeme<\/p>\n<p>Kapasite: 100ml \/ 120ml<\/p>\n<p>Kapak T\u00fcr\u00fc: Flip Cap<\/p>\n<p>Renk: \u00d6zelle\u015ftirilmi\u015f (herhangi bir Pantone Rengi Avalable)<\/p>\n<p>Y\u00fczey Kaplama: Serip bask\u0131, buzlanma, s\u0131cak damgalama, sprey gradyan\u0131, mat kaplama vb.<\/p>\n<p>MOQ: 5000pcs;<\/p>\n<p>&nbsp;<\/p>","protected":false},"featured_media":2908,"comment_status":"closed","ping_status":"closed","template":"","meta":{"_acf_changed":false},"product_brand":[],"product_cat":[20],"product_tag":[],"class_list":{"0":"post-1678","1":"product","2":"type-product","3":"status-publish","4":"has-post-thumbnail","6":"product_cat-plastic-tube","8":"first","9":"outofstock","10":"shipping-taxable","11":"product-type-simple"},"acf":[],"_links":{"self":[{"href":"https:\/\/www.cosmepak.com\/tr\/wp-json\/wp\/v2\/product\/1678","targetHints":{"allow":["GET"]}}],"collection":[{"href":"https:\/\/www.cosmepak.com\/tr\/wp-json\/wp\/v2\/product"}],"about":[{"href":"https:\/\/www.cosmepak.com\/tr\/wp-json\/wp\/v2\/types\/product"}],"replies":[{"embeddable":true,"href":"https:\/\/www.cosmepak.com\/tr\/wp-json\/wp\/v2\/comments?post=1678"}],"wp:featuredmedia":[{"embeddable":true,"href":"https:\/\/www.cosmepak.com\/tr\/wp-json\/wp\/v2\/media\/2908"}],"wp:attachment":[{"href":"https:\/\/www.cosmepak.com\/tr\/wp-json\/wp\/v2\/media?parent=1678"}],"wp:term":[{"taxonomy":"product_brand","embeddable":true,"href":"https:\/\/www.cosmepak.com\/tr\/wp-json\/wp\/v2\/product_brand?post=1678"},{"taxonomy":"product_cat","embeddable":true,"href":"https:\/\/www.cosmepak.com\/tr\/wp-json\/wp\/v2\/product_cat?post=1678"},{"taxonomy":"product_tag","embeddable":true,"href":"https:\/\/www.cosmepak.com\/tr\/wp-json\/wp\/v2\/product_tag?post=1678"}],"curies":[{"name":"wp","href":"https:\/\/api.w.org\/{rel}","templated":true}]}}