{"id":1694,"date":"2025-04-01T15:35:46","date_gmt":"2025-04-01T07:35:46","guid":{"rendered":"https:\/\/www.cosmepak.com\/?post_type=product&#038;p=1694"},"modified":"2025-11-12T15:50:33","modified_gmt":"2025-11-12T07:50:33","slug":"10ml-ball-bottle-rolling-bottle-glass-bottles-essential-oil-bottles-jaunce","status":"publish","type":"product","link":"https:\/\/www.cosmepak.com\/tr\/product\/10ml-ball-bottle-rolling-bottle-glass-bottles-essential-oil-bottles-jaunce\/","title":{"rendered":"10ml Toplu \u015ei\u015fe Haddeleme \u015ei\u015fesi Cam \u015ei\u015feler Eserli Ya\u011f \u015ei\u015feleri \/ Jaunce"},"content":{"rendered":"<table style=\"border-collapse: collapse; width: 100%; height: 242px;\">\n<tbody>\n<tr style=\"height: 24px;\">\n<td style=\"width: 52.222%; height: 24px; text-align: center;\">Marka<\/td>\n<td style=\"width: 47.778%; height: 24px; text-align: center;\">\u00a0Fahi\u015fe<\/td>\n<\/tr>\n<tr style=\"height: 24px;\">\n<td style=\"width: 52.222%; height: 24px; text-align: center;\">Kapasite<\/td>\n<td style=\"width: 47.778%; height: 24px; text-align: center;\">5 ml \/ 10 ml<\/td>\n<\/tr>\n<tr style=\"height: 24px;\">\n<td style=\"width: 52.222%; height: 24px; text-align: center;\">\u015eekil<\/td>\n<td style=\"width: 47.778%; height: 24px; text-align: center;\">Yuvarlak<\/td>\n<\/tr>\n<tr style=\"height: 24px;\">\n<td style=\"width: 52.222%; height: 24px; text-align: center;\">Malzeme<\/td>\n<td style=\"width: 47.778%; height: 24px; text-align: center;\">Cam \/ PP<\/td>\n<\/tr>\n<tr style=\"height: 24px;\">\n<td style=\"width: 52.222%; height: 26px; text-align: center;\">A\u011f\u0131rl\u0131k<\/td>\n<td style=\"width: 47.778%; height: 26px; text-align: center;\">9.1g\/30.4g<\/td>\n<\/tr>\n<tr style=\"height: 24px;\">\n<td style=\"width: 52.222%; height: 24px; text-align: center;\">Uydurma<\/td>\n<td style=\"width: 47.778%; height: 24px; text-align: center;\">Damlal\u0131k<\/td>\n<\/tr>\n<tr style=\"height: 24px;\">\n<td style=\"width: 52.222%; height: 24px; text-align: center;\">Model<\/td>\n<td style=\"width: 47.778%; height: 24px; text-align: center;\">JH-LWM04<\/td>\n<\/tr>\n<tr style=\"height: 24px;\">\n<td style=\"width: 52.222%; height: 24px; text-align: center;\">OEM ve ODM<\/td>\n<td style=\"width: 47.778%; height: 24px; text-align: center;\">Kabul etmek<\/td>\n<\/tr>\n<tr style=\"height: 24px;\">\n<td style=\"width: 52.222%; height: 24px; text-align: center;\">Renk<\/td>\n<td style=\"width: 47.778%; height: 24px; text-align: center;\">Mavi \/ Kahverengi<\/td>\n<\/tr>\n<tr style=\"height: 24px;\">\n<td style=\"width: 52.222%; height: 24px; text-align: center;\">Moq<\/td>\n<td style=\"width: 47.778%; height: 24px; text-align: center;\">Genel 5000pcs;<\/td>\n<\/tr>\n<\/tbody>\n<\/table>\n<p><img fetchpriority=\"high\" decoding=\"async\" class=\"alignnone wp-image-1697\" src=\"https:\/\/www.cosmepak.com\/wp-content\/uploads\/2025\/04\/4-1.jpg\" alt=\"silindir \u015fi\u015fe\" width=\"1377\" height=\"1377\" srcset=\"https:\/\/www.cosmepak.com\/wp-content\/uploads\/2025\/04\/4-1.jpg 1000w, https:\/\/www.cosmepak.com\/wp-content\/uploads\/2025\/04\/4-1-300x300.jpg 300w, https:\/\/www.cosmepak.com\/wp-content\/uploads\/2025\/04\/4-1-150x150.jpg 150w, https:\/\/www.cosmepak.com\/wp-content\/uploads\/2025\/04\/4-1-768x768.jpg 768w, https:\/\/www.cosmepak.com\/wp-content\/uploads\/2025\/04\/4-1-600x600.jpg 600w, https:\/\/www.cosmepak.com\/wp-content\/uploads\/2025\/04\/4-1-100x100.jpg 100w\" sizes=\"(max-width: 1377px) 100vw, 1377px\" \/><\/p>\n<table style=\"border-collapse: collapse; width: 100%;\">\n<tbody>\n<tr>\n<td style=\"width: 16.6667%; text-align: center;\">Kapasite<\/td>\n<td style=\"width: 16.6667%; text-align: center;\">Toplam y\u00fckseklik<\/td>\n<td style=\"width: 16.6667%; text-align: center;\">\u015ei\u015fe y\u00fcksekli\u011fi<\/td>\n<td style=\"width: 16.6667%; text-align: center;\">Yazd\u0131r\u0131labilir y\u00fckseklik<\/td>\n<td style=\"width: 16.6667%; text-align: center;\">Dia<\/td>\n<td style=\"width: 16.6667%; text-align: center;\">A\u011f\u0131rl\u0131k<\/td>\n<\/tr>\n<tr>\n<td style=\"width: 16.6667%; text-align: center;\">5ml<\/td>\n<td style=\"width: 16.6667%; text-align: center;\">58mm<\/td>\n<td style=\"width: 16.6667%; text-align: center;\">50 mm<\/td>\n<td style=\"width: 16.6667%; text-align: center;\">35 mm<\/td>\n<td style=\"width: 16.6667%; text-align: center;\">14 mm<\/td>\n<td style=\"width: 16.6667%; text-align: center;\">9.1g<\/td>\n<\/tr>\n<tr>\n<td style=\"width: 16.6667%; text-align: center;\">10ml<\/td>\n<td style=\"width: 16.6667%; text-align: center;\">85mm<\/td>\n<td style=\"width: 16.6667%; text-align: center;\">72mm<\/td>\n<td style=\"width: 16.6667%; text-align: center;\">50 mm<\/td>\n<td style=\"width: 16.6667%; text-align: center;\">19 mm<\/td>\n<td style=\"width: 16.6667%; text-align: center;\">30.4g<\/td>\n<\/tr>\n<\/tbody>\n<\/table>\n<p>JH-LWM04 iki boyutta mevcuttur: 5ml ve 10ml. Serumlar, esansiyel ya\u011flar ve g\u00f6z kremleri gibi k\u00fc\u00e7\u00fck hacimli y\u00fcksek de\u011ferli \u00fcr\u00fcnler i\u00e7in uygundur.<\/p>\n<p>T\u0131bbi s\u0131n\u0131f cam \u015fi\u015feler, i\u00e7eri\u011fin uzun vadeli g\u00fcvenli\u011fini sa\u011flayan g\u00fc\u00e7l\u00fc kimyasal istikrar\u0131na ve m\u00fckemmel korozyon direncine sahiptir.<\/p>\n<p>PP'den yap\u0131lm\u0131\u015f d\u0131\u015f kapak, yerle\u015fik bir bilyal\u0131 rulman tak\u0131m\u0131 ile donat\u0131lm\u0131\u015ft\u0131r. PP, g\u0131da temas\u0131 s\u0131n\u0131f\u0131 standartlar\u0131n\u0131 kar\u015f\u0131l\u0131yor ve g\u00fcvenli ve toksik de\u011fildir.<\/p>\n<p>Top ve \u015fi\u015fe g\u00f6vdesi aras\u0131ndaki ba\u011flant\u0131, bo\u015fluk 0.1-0.3mm i\u00e7inde kontrol edilen hassas bir yay \u00e7arpma tasar\u0131m\u0131n\u0131 benimser. Bu sadece haddelemenin esnekli\u011fini sa\u011flamakla kalmaz, ayn\u0131 zamanda s\u0131v\u0131n\u0131n s\u0131z\u0131nt\u0131s\u0131n\u0131 da \u00f6nler.<\/p>\n<p>Topun y\u00fczey sertli\u011fi Ra \u2264 0.8\u03bcm'dir. 30\u00b0 e\u011fimli a\u00e7\u0131 tasar\u0131m\u0131yla birle\u015ftirildi\u011finde, y\u00fcz e\u011frisine uygundur ve \u00f6z\u00fcn emim verimini% 30 artt\u0131r\u0131r.<\/p>\n<p>Gen\u00e7le\u015ftirici serum, g\u00f6z kremi, ampuller ve di\u011fer cilt bak\u0131m \u00fcr\u00fcnleri, emilimi artt\u0131rmak ve parmaklardan kirlenmeyi \u00f6nlemek i\u00e7in silindirlerle masajlan\u0131r.<\/p>\n<p>G\u00fcne\u015f kremi ve BB kremi \u00f6rnekleri ta\u015f\u0131nabilirlik ve do\u011frudan el temas\u0131 nedeniyle bakterilerin b\u00fcy\u00fcmesini azaltmak i\u00e7in ayr\u0131 olarak paketlenir.<\/p>\n<p><img decoding=\"async\" class=\"alignnone wp-image-1696\" src=\"https:\/\/www.cosmepak.com\/wp-content\/uploads\/2025\/04\/8-1.jpg\" alt=\"silindir \u015fi\u015fe\" width=\"1374\" height=\"1374\" srcset=\"https:\/\/www.cosmepak.com\/wp-content\/uploads\/2025\/04\/8-1.jpg 1000w, https:\/\/www.cosmepak.com\/wp-content\/uploads\/2025\/04\/8-1-300x300.jpg 300w, https:\/\/www.cosmepak.com\/wp-content\/uploads\/2025\/04\/8-1-150x150.jpg 150w, https:\/\/www.cosmepak.com\/wp-content\/uploads\/2025\/04\/8-1-768x768.jpg 768w, https:\/\/www.cosmepak.com\/wp-content\/uploads\/2025\/04\/8-1-600x600.jpg 600w, https:\/\/www.cosmepak.com\/wp-content\/uploads\/2025\/04\/8-1-100x100.jpg 100w\" sizes=\"(max-width: 1374px) 100vw, 1374px\" \/><\/p>\n<table style=\"border-collapse: collapse; width: 100%;\">\n<tbody>\n<tr>\n<td style=\"width: 33.3333%;\"><img decoding=\"async\" class=\"alignnone size-full wp-image-3421\" src=\"https:\/\/www.cosmepak.com\/wp-content\/uploads\/2025\/04\/7-5.jpg\" alt=\"\" width=\"1000\" height=\"1000\" srcset=\"https:\/\/www.cosmepak.com\/wp-content\/uploads\/2025\/04\/7-5.jpg 1000w, https:\/\/www.cosmepak.com\/wp-content\/uploads\/2025\/04\/7-5-300x300.jpg 300w, https:\/\/www.cosmepak.com\/wp-content\/uploads\/2025\/04\/7-5-150x150.jpg 150w, https:\/\/www.cosmepak.com\/wp-content\/uploads\/2025\/04\/7-5-768x768.jpg 768w, https:\/\/www.cosmepak.com\/wp-content\/uploads\/2025\/04\/7-5-12x12.jpg 12w, https:\/\/www.cosmepak.com\/wp-content\/uploads\/2025\/04\/7-5-600x600.jpg 600w, https:\/\/www.cosmepak.com\/wp-content\/uploads\/2025\/04\/7-5-100x100.jpg 100w\" sizes=\"(max-width: 1000px) 100vw, 1000px\" \/><\/td>\n<td style=\"width: 33.3333%;\"><img loading=\"lazy\" decoding=\"async\" class=\"alignnone size-full wp-image-3422\" src=\"https:\/\/www.cosmepak.com\/wp-content\/uploads\/2025\/04\/5-5.jpg\" alt=\"\" width=\"1000\" height=\"1000\" srcset=\"https:\/\/www.cosmepak.com\/wp-content\/uploads\/2025\/04\/5-5.jpg 1000w, https:\/\/www.cosmepak.com\/wp-content\/uploads\/2025\/04\/5-5-300x300.jpg 300w, https:\/\/www.cosmepak.com\/wp-content\/uploads\/2025\/04\/5-5-150x150.jpg 150w, https:\/\/www.cosmepak.com\/wp-content\/uploads\/2025\/04\/5-5-768x768.jpg 768w, https:\/\/www.cosmepak.com\/wp-content\/uploads\/2025\/04\/5-5-12x12.jpg 12w, https:\/\/www.cosmepak.com\/wp-content\/uploads\/2025\/04\/5-5-600x600.jpg 600w, https:\/\/www.cosmepak.com\/wp-content\/uploads\/2025\/04\/5-5-100x100.jpg 100w\" sizes=\"(max-width: 1000px) 100vw, 1000px\" \/><\/td>\n<td style=\"width: 33.3333%;\"><img loading=\"lazy\" decoding=\"async\" class=\"alignnone size-full wp-image-3423\" src=\"https:\/\/www.cosmepak.com\/wp-content\/uploads\/2025\/04\/6-5.jpg\" alt=\"\" width=\"1000\" height=\"1000\" srcset=\"https:\/\/www.cosmepak.com\/wp-content\/uploads\/2025\/04\/6-5.jpg 1000w, https:\/\/www.cosmepak.com\/wp-content\/uploads\/2025\/04\/6-5-300x300.jpg 300w, https:\/\/www.cosmepak.com\/wp-content\/uploads\/2025\/04\/6-5-150x150.jpg 150w, https:\/\/www.cosmepak.com\/wp-content\/uploads\/2025\/04\/6-5-768x768.jpg 768w, https:\/\/www.cosmepak.com\/wp-content\/uploads\/2025\/04\/6-5-12x12.jpg 12w, https:\/\/www.cosmepak.com\/wp-content\/uploads\/2025\/04\/6-5-600x600.jpg 600w, https:\/\/www.cosmepak.com\/wp-content\/uploads\/2025\/04\/6-5-100x100.jpg 100w\" sizes=\"(max-width: 1000px) 100vw, 1000px\" \/><\/td>\n<\/tr>\n<\/tbody>\n<\/table>\n<p>&nbsp;<\/p>\n<div><\/div>","protected":false},"excerpt":{"rendered":"<p>Malzeme: \u0130nce dikey ile premium \u015feffaf cam<\/p>\n<p>Kapasite: 5ml \/ 10ml<\/p>\n<p>Boyut: 5ml: OD 14mm;<\/p>\n<p>10ml: OD 19mm;<\/p>\n<p>Renk: Mavi \/ Kahverengi; \u00d6zelle\u015ftirilmi\u015f kabul edin (herhangi bir Pantone renk mevcuttur)<\/p>\n<p>Y\u00fczey Kaplama: Serip Bask\u0131, S\u0131cak Damgalama, P\u00fcsk\u00fcrtme Gradyan, Mat Kaplama, vb.<\/p>\n<p>MOQ: 5000pcs;<\/p>\n<p>\u00d6rnek: \u00dccretsiz \u00f6rnekler mevcut<\/p>\n<p>&nbsp;<\/p>\n<p>&nbsp;<\/p>","protected":false},"featured_media":1698,"comment_status":"closed","ping_status":"closed","template":"","meta":{"_acf_changed":false},"product_brand":[],"product_cat":[15,58],"product_tag":[40],"class_list":{"0":"post-1694","1":"product","2":"type-product","3":"status-publish","4":"has-post-thumbnail","6":"product_cat-essential-oil-bottle","7":"product_cat-glass-essential-oil-bottle","8":"product_tag-essential-oil-bottle","10":"first","11":"outofstock","12":"shipping-taxable","13":"product-type-simple"},"acf":[],"_links":{"self":[{"href":"https:\/\/www.cosmepak.com\/tr\/wp-json\/wp\/v2\/product\/1694","targetHints":{"allow":["GET"]}}],"collection":[{"href":"https:\/\/www.cosmepak.com\/tr\/wp-json\/wp\/v2\/product"}],"about":[{"href":"https:\/\/www.cosmepak.com\/tr\/wp-json\/wp\/v2\/types\/product"}],"replies":[{"embeddable":true,"href":"https:\/\/www.cosmepak.com\/tr\/wp-json\/wp\/v2\/comments?post=1694"}],"wp:featuredmedia":[{"embeddable":true,"href":"https:\/\/www.cosmepak.com\/tr\/wp-json\/wp\/v2\/media\/1698"}],"wp:attachment":[{"href":"https:\/\/www.cosmepak.com\/tr\/wp-json\/wp\/v2\/media?parent=1694"}],"wp:term":[{"taxonomy":"product_brand","embeddable":true,"href":"https:\/\/www.cosmepak.com\/tr\/wp-json\/wp\/v2\/product_brand?post=1694"},{"taxonomy":"product_cat","embeddable":true,"href":"https:\/\/www.cosmepak.com\/tr\/wp-json\/wp\/v2\/product_cat?post=1694"},{"taxonomy":"product_tag","embeddable":true,"href":"https:\/\/www.cosmepak.com\/tr\/wp-json\/wp\/v2\/product_tag?post=1694"}],"curies":[{"name":"wp","href":"https:\/\/api.w.org\/{rel}","templated":true}]}}