{"id":1703,"date":"2025-04-01T16:28:40","date_gmt":"2025-04-01T08:28:40","guid":{"rendered":"https:\/\/www.cosmepak.com\/?post_type=product&#038;p=1703"},"modified":"2025-12-04T10:47:50","modified_gmt":"2025-12-04T02:47:50","slug":"30ml-serum-bottle-press-pump-dropper","status":"publish","type":"product","link":"https:\/\/www.cosmepak.com\/tr\/product\/30ml-serum-bottle-press-pump-dropper\/","title":{"rendered":"30ml serum \u015fi\u015fe pres pompas\u0131 damlat\u0131c\u0131"},"content":{"rendered":"<table style=\"border-collapse: collapse; width: 100%; height: 242px;\">\n<tbody>\n<tr style=\"height: 24px;\">\n<td style=\"width: 52.4496%; height: 24px; text-align: center;\">Marka<\/td>\n<td style=\"width: 47.5504%; height: 24px; text-align: center;\">\u00a0Fahi\u015fe<\/td>\n<\/tr>\n<tr style=\"height: 24px;\">\n<td style=\"width: 52.4496%; height: 24px; text-align: center;\">Kapasite<\/td>\n<td style=\"width: 47.5504%; height: 24px; text-align: center;\">30ml<\/td>\n<\/tr>\n<tr style=\"height: 24px;\">\n<td style=\"width: 52.4496%; height: 24px; text-align: center;\">\u015eekil<\/td>\n<td style=\"width: 47.5504%; height: 24px; text-align: center;\">Konik<\/td>\n<\/tr>\n<tr style=\"height: 24px;\">\n<td style=\"width: 52.4496%; height: 24px; text-align: center;\">Malzeme<\/td>\n<td style=\"width: 47.5504%; height: 24px; text-align: center;\">Bardak<\/td>\n<\/tr>\n<tr style=\"height: 24px;\">\n<td style=\"width: 52.4496%; height: 24px; text-align: center;\">Uydurma<\/td>\n<td style=\"width: 47.5504%; height: 24px; text-align: center;\">Damlal\u0131k<\/td>\n<\/tr>\n<tr style=\"height: 24px;\">\n<td style=\"width: 52.4496%; height: 24px; text-align: center;\">Model<\/td>\n<td style=\"width: 47.5504%; height: 24px; text-align: center;\">JH-PHS116'\u0131n<\/td>\n<\/tr>\n<tr style=\"height: 24px;\">\n<td style=\"width: 52.4496%; height: 24px; text-align: center;\">OEM ve ODM<\/td>\n<td style=\"width: 47.5504%; height: 24px; text-align: center;\">Kabul etmek<\/td>\n<\/tr>\n<tr style=\"height: 24px;\">\n<td style=\"width: 52.4496%; height: 24px; text-align: center;\">Renk<\/td>\n<td style=\"width: 47.5504%; height: 24px; text-align: center;\">\u015eeffaf<\/td>\n<\/tr>\n<tr style=\"height: 24px;\">\n<td style=\"width: 52.4496%; height: 24px; text-align: center;\">Moq<\/td>\n<td style=\"width: 47.5504%; height: 24px; text-align: center;\">\u00d6zelle\u015ftirilmi\u015f 10000pcs i\u00e7in<\/td>\n<\/tr>\n<\/tbody>\n<\/table>\n<table style=\"border-collapse: collapse; width: 100%;\">\n<tbody>\n<tr>\n<td style=\"width: 17.9806%; text-align: center;\">Kapasite<\/td>\n<td style=\"width: 20.3563%; text-align: center;\">Toplam y\u00fckseklik<\/td>\n<td style=\"width: 18.8176%; text-align: center;\">Omuz y\u00fcksekli\u011fi<\/td>\n<td style=\"width: 17.8455%; text-align: center;\">Alt \u00e7ap<\/td>\n<\/tr>\n<tr>\n<td style=\"width: 17.9806%; text-align: center;\">30ml<\/td>\n<td style=\"width: 20.3563%; text-align: center;\">102mm<\/td>\n<td style=\"width: 18.8176%; text-align: center;\">63mm<\/td>\n<td style=\"width: 17.8455%; text-align: center;\">43mm<\/td>\n<\/tr>\n<\/tbody>\n<\/table>\n<p>30ml kapasiteli s\u0131k\u0131rma \u015fi\u015femiz hem doku hem de g\u00f6r\u00fcn\u00fcm a\u00e7\u0131s\u0131ndan zarif ve rafine bir tasar\u0131ma sahiptir. \u015ei\u015fe logolar, renkler ve kapasite ile \u00f6zel bask\u0131l\u0131 kabul eder.<\/p>\n<p>Genel y\u00fckseklik yakla\u015f\u0131k 102MM'dir (\u00b11MM hatas\u0131 ile), alt \u00e7ap 43MM'dir (\u00b11MM hatas\u0131 ile), \u015fi\u015fenin ana g\u00f6vde y\u00fcksekli\u011fi 63MM'dir ve \u015fi\u015fe kapa\u011f\u0131n\u0131n y\u00fcksekli\u011fi 35MM'dir. Boyutu kompakt ve ta\u015f\u0131nabilir.<\/p>\n<p>\u015ei\u015fe g\u00f6vdesi yava\u015f yava\u015f de\u011fi\u015fen konik bir \u015fekil benimser. \u00dcstesinde, ayn\u0131 zamanda konik bir \u015fekilde olan metal dokulu bir \u015fi\u015fe kapa\u011f\u0131 ile tamamlan\u0131r. \u00c7izgiler p\u00fcr\u00fczs\u00fcz ve d\u00fczg\u00fcn, g\u00fc\u00e7l\u00fc bir modern hissi sa\u011fl\u0131yor. \u0130\u00e7inin a\u00e7\u0131k\u00e7a g\u00f6r\u00fcnmesine izin veren \u015feffaf y\u00fcksek \u015feffafl\u0131k camdan yap\u0131lm\u0131\u015ft\u0131r; \u015fi\u015fe kapa\u011f\u0131 parlak g\u00fcm\u00fc\u015f renk veya alt\u0131n renk bas\u0131n damlay\u0131c\u0131d\u0131r. D\u00f6ner emme pipeti ile birle\u015ftirilen bu pompa yeterli g\u00fcce ve s\u0131v\u0131 hacmi \u00f6l\u00e7\u00fcm\u00fcne sahiptir. Sadece s\u0131v\u0131 at\u0131klar\u0131 \u00f6nlemekle kalmaz, ayn\u0131 zamanda temiz ve hijyenik s\u0131v\u0131 ekstraksiyonunu da sa\u011flar. Da\u011f\u0131t\u0131m ve kullan\u0131m i\u00e7in uygundur. Alt, istikrarl\u0131 ve a\u011f\u0131r bir dokuya sahip kal\u0131nla\u015ft\u0131r\u0131lm\u0131\u015f cam taban\u0131d\u0131r. Y\u00fcksek \u015feffafl\u0131k cam \u015fi\u015fe g\u00f6vdesi parlak metal konik kapak, kalan miktar\u0131n net g\u00f6r\u00fcn\u00fcrl\u00fc\u011f\u00fcn\u00fc sa\u011flar.<\/p>\n<p>&nbsp;<\/p>\n<p><img fetchpriority=\"high\" decoding=\"async\" class=\"size-full wp-image-3571 aligncenter\" src=\"https:\/\/www.cosmepak.com\/wp-content\/uploads\/2025\/04\/\u4e3b\u56fe-6-4.jpg\" alt=\"\" width=\"1000\" height=\"1000\" srcset=\"https:\/\/www.cosmepak.com\/wp-content\/uploads\/2025\/04\/\u4e3b\u56fe-6-4.jpg 1000w, https:\/\/www.cosmepak.com\/wp-content\/uploads\/2025\/04\/\u4e3b\u56fe-6-4-300x300.jpg 300w, https:\/\/www.cosmepak.com\/wp-content\/uploads\/2025\/04\/\u4e3b\u56fe-6-4-150x150.jpg 150w, https:\/\/www.cosmepak.com\/wp-content\/uploads\/2025\/04\/\u4e3b\u56fe-6-4-768x768.jpg 768w, https:\/\/www.cosmepak.com\/wp-content\/uploads\/2025\/04\/\u4e3b\u56fe-6-4-12x12.jpg 12w, https:\/\/www.cosmepak.com\/wp-content\/uploads\/2025\/04\/\u4e3b\u56fe-6-4-600x600.jpg 600w, https:\/\/www.cosmepak.com\/wp-content\/uploads\/2025\/04\/\u4e3b\u56fe-6-4-100x100.jpg 100w\" sizes=\"(max-width: 1000px) 100vw, 1000px\" \/><\/p>\n<table style=\"border-collapse: collapse; width: 100%;\">\n<tbody>\n<tr>\n<td style=\"width: 33.3333%;\"><img decoding=\"async\" class=\"alignnone size-full wp-image-3572\" src=\"https:\/\/www.cosmepak.com\/wp-content\/uploads\/2025\/04\/\u8be6\u60c5-5-1.jpg\" alt=\"\" width=\"300\" height=\"300\" srcset=\"https:\/\/www.cosmepak.com\/wp-content\/uploads\/2025\/04\/\u8be6\u60c5-5-1.jpg 300w, https:\/\/www.cosmepak.com\/wp-content\/uploads\/2025\/04\/\u8be6\u60c5-5-1-150x150.jpg 150w, https:\/\/www.cosmepak.com\/wp-content\/uploads\/2025\/04\/\u8be6\u60c5-5-1-12x12.jpg 12w, https:\/\/www.cosmepak.com\/wp-content\/uploads\/2025\/04\/\u8be6\u60c5-5-1-100x100.jpg 100w\" sizes=\"(max-width: 300px) 100vw, 300px\" \/><\/td>\n<td style=\"width: 33.3333%;\"><img decoding=\"async\" class=\"alignnone size-full wp-image-3573\" src=\"https:\/\/www.cosmepak.com\/wp-content\/uploads\/2025\/04\/\u8be6\u60c5-5-2.jpg\" alt=\"\" width=\"300\" height=\"300\" srcset=\"https:\/\/www.cosmepak.com\/wp-content\/uploads\/2025\/04\/\u8be6\u60c5-5-2.jpg 300w, https:\/\/www.cosmepak.com\/wp-content\/uploads\/2025\/04\/\u8be6\u60c5-5-2-150x150.jpg 150w, https:\/\/www.cosmepak.com\/wp-content\/uploads\/2025\/04\/\u8be6\u60c5-5-2-12x12.jpg 12w, https:\/\/www.cosmepak.com\/wp-content\/uploads\/2025\/04\/\u8be6\u60c5-5-2-100x100.jpg 100w\" sizes=\"(max-width: 300px) 100vw, 300px\" \/><\/td>\n<td style=\"width: 33.3333%;\"><img loading=\"lazy\" decoding=\"async\" class=\"alignnone size-full wp-image-3574\" src=\"https:\/\/www.cosmepak.com\/wp-content\/uploads\/2025\/04\/\u8be6\u60c5-5-3.jpg\" alt=\"\" width=\"300\" height=\"300\" srcset=\"https:\/\/www.cosmepak.com\/wp-content\/uploads\/2025\/04\/\u8be6\u60c5-5-3.jpg 300w, https:\/\/www.cosmepak.com\/wp-content\/uploads\/2025\/04\/\u8be6\u60c5-5-3-150x150.jpg 150w, https:\/\/www.cosmepak.com\/wp-content\/uploads\/2025\/04\/\u8be6\u60c5-5-3-12x12.jpg 12w, https:\/\/www.cosmepak.com\/wp-content\/uploads\/2025\/04\/\u8be6\u60c5-5-3-100x100.jpg 100w\" sizes=\"(max-width: 300px) 100vw, 300px\" \/><\/td>\n<\/tr>\n<\/tbody>\n<\/table>\n<div>\n<table style=\"border-collapse: collapse; width: 100%;\">\n<tbody>\n<tr>\n<td style=\"width: 33.3333%;\"><img loading=\"lazy\" decoding=\"async\" class=\"alignnone size-full wp-image-3575\" src=\"https:\/\/www.cosmepak.com\/wp-content\/uploads\/2025\/04\/21-1.jpg\" alt=\"\" width=\"1000\" height=\"1000\" srcset=\"https:\/\/www.cosmepak.com\/wp-content\/uploads\/2025\/04\/21-1.jpg 1000w, https:\/\/www.cosmepak.com\/wp-content\/uploads\/2025\/04\/21-1-300x300.jpg 300w, https:\/\/www.cosmepak.com\/wp-content\/uploads\/2025\/04\/21-1-150x150.jpg 150w, https:\/\/www.cosmepak.com\/wp-content\/uploads\/2025\/04\/21-1-768x768.jpg 768w, https:\/\/www.cosmepak.com\/wp-content\/uploads\/2025\/04\/21-1-12x12.jpg 12w, https:\/\/www.cosmepak.com\/wp-content\/uploads\/2025\/04\/21-1-600x600.jpg 600w, https:\/\/www.cosmepak.com\/wp-content\/uploads\/2025\/04\/21-1-100x100.jpg 100w\" sizes=\"(max-width: 1000px) 100vw, 1000px\" \/><\/td>\n<td style=\"width: 33.3333%;\"><img loading=\"lazy\" decoding=\"async\" class=\"alignnone size-full wp-image-3576\" src=\"https:\/\/www.cosmepak.com\/wp-content\/uploads\/2025\/04\/31.jpg\" alt=\"\" width=\"1000\" height=\"1000\" srcset=\"https:\/\/www.cosmepak.com\/wp-content\/uploads\/2025\/04\/31.jpg 1000w, https:\/\/www.cosmepak.com\/wp-content\/uploads\/2025\/04\/31-300x300.jpg 300w, https:\/\/www.cosmepak.com\/wp-content\/uploads\/2025\/04\/31-150x150.jpg 150w, https:\/\/www.cosmepak.com\/wp-content\/uploads\/2025\/04\/31-768x768.jpg 768w, https:\/\/www.cosmepak.com\/wp-content\/uploads\/2025\/04\/31-12x12.jpg 12w, https:\/\/www.cosmepak.com\/wp-content\/uploads\/2025\/04\/31-600x600.jpg 600w, https:\/\/www.cosmepak.com\/wp-content\/uploads\/2025\/04\/31-100x100.jpg 100w\" sizes=\"(max-width: 1000px) 100vw, 1000px\" \/><\/td>\n<td style=\"width: 33.3333%;\"><img loading=\"lazy\" decoding=\"async\" class=\"alignnone size-full wp-image-3577\" src=\"https:\/\/www.cosmepak.com\/wp-content\/uploads\/2025\/04\/611.jpg\" alt=\"\" width=\"1000\" height=\"1000\" srcset=\"https:\/\/www.cosmepak.com\/wp-content\/uploads\/2025\/04\/611.jpg 1000w, https:\/\/www.cosmepak.com\/wp-content\/uploads\/2025\/04\/611-300x300.jpg 300w, https:\/\/www.cosmepak.com\/wp-content\/uploads\/2025\/04\/611-150x150.jpg 150w, https:\/\/www.cosmepak.com\/wp-content\/uploads\/2025\/04\/611-768x768.jpg 768w, https:\/\/www.cosmepak.com\/wp-content\/uploads\/2025\/04\/611-12x12.jpg 12w, https:\/\/www.cosmepak.com\/wp-content\/uploads\/2025\/04\/611-600x600.jpg 600w, https:\/\/www.cosmepak.com\/wp-content\/uploads\/2025\/04\/611-100x100.jpg 100w\" sizes=\"(max-width: 1000px) 100vw, 1000px\" \/><\/td>\n<\/tr>\n<\/tbody>\n<\/table>\n<\/div>","protected":false},"excerpt":{"rendered":"<p>Malzeme: Cam<\/p>\n<p>Kapasite: 15ml \/ 25ml \/ 35ml \/ 50ml \/ 100ml<\/p>\n<p>Renk: \u00d6zelle\u015ftirilmi\u015f Kabul (Mevcut Pantone Rengi)<\/p>\n<p>Y\u00fczey Kaplama: Serip Bask\u0131, S\u0131cak Damgalama, P\u00fcsk\u00fcrtme Gradyan, Mat Kaplama, vb.<\/p>\n<p>MOQ: 10000 pcs<\/p>\n<p>\u00d6rnek: \u00dccretsiz \u00f6rnekler mevcut<\/p>\n<p>&nbsp;<\/p>\n<p>&nbsp;<\/p>","protected":false},"featured_media":3578,"comment_status":"closed","ping_status":"closed","template":"","meta":{"_acf_changed":false},"product_brand":[],"product_cat":[15,58],"product_tag":[40],"class_list":{"0":"post-1703","1":"product","2":"type-product","3":"status-publish","4":"has-post-thumbnail","6":"product_cat-essential-oil-bottle","7":"product_cat-glass-essential-oil-bottle","8":"product_tag-essential-oil-bottle","10":"first","11":"outofstock","12":"shipping-taxable","13":"product-type-simple"},"acf":[],"_links":{"self":[{"href":"https:\/\/www.cosmepak.com\/tr\/wp-json\/wp\/v2\/product\/1703","targetHints":{"allow":["GET"]}}],"collection":[{"href":"https:\/\/www.cosmepak.com\/tr\/wp-json\/wp\/v2\/product"}],"about":[{"href":"https:\/\/www.cosmepak.com\/tr\/wp-json\/wp\/v2\/types\/product"}],"replies":[{"embeddable":true,"href":"https:\/\/www.cosmepak.com\/tr\/wp-json\/wp\/v2\/comments?post=1703"}],"wp:featuredmedia":[{"embeddable":true,"href":"https:\/\/www.cosmepak.com\/tr\/wp-json\/wp\/v2\/media\/3578"}],"wp:attachment":[{"href":"https:\/\/www.cosmepak.com\/tr\/wp-json\/wp\/v2\/media?parent=1703"}],"wp:term":[{"taxonomy":"product_brand","embeddable":true,"href":"https:\/\/www.cosmepak.com\/tr\/wp-json\/wp\/v2\/product_brand?post=1703"},{"taxonomy":"product_cat","embeddable":true,"href":"https:\/\/www.cosmepak.com\/tr\/wp-json\/wp\/v2\/product_cat?post=1703"},{"taxonomy":"product_tag","embeddable":true,"href":"https:\/\/www.cosmepak.com\/tr\/wp-json\/wp\/v2\/product_tag?post=1703"}],"curies":[{"name":"wp","href":"https:\/\/api.w.org\/{rel}","templated":true}]}}