{"id":1724,"date":"2025-04-02T14:33:40","date_gmt":"2025-04-02T06:33:40","guid":{"rendered":"https:\/\/www.cosmepak.com\/?post_type=product&#038;p=1724"},"modified":"2025-11-25T14:24:10","modified_gmt":"2025-11-25T06:24:10","slug":"macaron-frosted-round-shoulder-bottle-jaunce","status":"publish","type":"product","link":"https:\/\/www.cosmepak.com\/tr\/product\/macaron-frosted-round-shoulder-bottle-jaunce\/","title":{"rendered":"Makaron Buzlu Yuvarlak Omuz \u015ei\u015fesi \/ Jaunce"},"content":{"rendered":"<table style=\"border-collapse: collapse; width: 100%; height: 242px;\">\n<tbody>\n<tr style=\"height: 24px;\">\n<td style=\"width: 40.6929%;\" rowspan=\"9\"><img fetchpriority=\"high\" decoding=\"async\" class=\"alignnone size-full wp-image-3519\" src=\"https:\/\/www.cosmepak.com\/wp-content\/uploads\/2025\/04\/\u62ff\u8d27\u8bf7\u627e\u5ba2\u670d\u66f4\u6539\u8fd0\u8d39.jpg\" alt=\"\" width=\"1000\" height=\"1000\" srcset=\"https:\/\/www.cosmepak.com\/wp-content\/uploads\/2025\/04\/\u62ff\u8d27\u8bf7\u627e\u5ba2\u670d\u66f4\u6539\u8fd0\u8d39.jpg 1000w, https:\/\/www.cosmepak.com\/wp-content\/uploads\/2025\/04\/\u62ff\u8d27\u8bf7\u627e\u5ba2\u670d\u66f4\u6539\u8fd0\u8d39-300x300.jpg 300w, https:\/\/www.cosmepak.com\/wp-content\/uploads\/2025\/04\/\u62ff\u8d27\u8bf7\u627e\u5ba2\u670d\u66f4\u6539\u8fd0\u8d39-150x150.jpg 150w, https:\/\/www.cosmepak.com\/wp-content\/uploads\/2025\/04\/\u62ff\u8d27\u8bf7\u627e\u5ba2\u670d\u66f4\u6539\u8fd0\u8d39-768x768.jpg 768w, https:\/\/www.cosmepak.com\/wp-content\/uploads\/2025\/04\/\u62ff\u8d27\u8bf7\u627e\u5ba2\u670d\u66f4\u6539\u8fd0\u8d39-12x12.jpg 12w, https:\/\/www.cosmepak.com\/wp-content\/uploads\/2025\/04\/\u62ff\u8d27\u8bf7\u627e\u5ba2\u670d\u66f4\u6539\u8fd0\u8d39-600x600.jpg 600w, https:\/\/www.cosmepak.com\/wp-content\/uploads\/2025\/04\/\u62ff\u8d27\u8bf7\u627e\u5ba2\u670d\u66f4\u6539\u8fd0\u8d39-100x100.jpg 100w\" sizes=\"(max-width: 1000px) 100vw, 1000px\" \/><\/td>\n<td style=\"width: 23.5109%; height: 24px;\">Marka<\/td>\n<td style=\"width: 35.7961%; height: 24px;\">\u00a0Fahi\u015fe<\/td>\n<\/tr>\n<tr style=\"height: 24px;\">\n<td style=\"width: 23.5109%; height: 24px;\">Kapasite<\/td>\n<td style=\"width: 35.7961%; height: 24px;\">30ml<\/td>\n<\/tr>\n<tr style=\"height: 24px;\">\n<td style=\"width: 23.5109%; height: 24px;\">\u015eekil<\/td>\n<td style=\"width: 35.7961%; height: 24px;\">Yuvarlak<\/td>\n<\/tr>\n<tr style=\"height: 24px;\">\n<td style=\"width: 23.5109%; height: 24px;\">Malzeme<\/td>\n<td style=\"width: 35.7961%; height: 24px;\">Bardak<\/td>\n<\/tr>\n<tr style=\"height: 24px;\">\n<td style=\"width: 23.5109%; height: 24px;\">Uydurma<\/td>\n<td style=\"width: 35.7961%; height: 24px;\">Damlal\u0131k<\/td>\n<\/tr>\n<tr style=\"height: 24px;\">\n<td style=\"width: 23.5109%; height: 24px;\">Model<\/td>\n<td style=\"width: 35.7961%; height: 24px;\">JH-PHPC2198 i\u00e7in<\/td>\n<\/tr>\n<tr style=\"height: 24px;\">\n<td style=\"width: 23.5109%; height: 24px;\">OEM ve ODM<\/td>\n<td style=\"width: 35.7961%; height: 24px;\">Kabul etmek<\/td>\n<\/tr>\n<tr style=\"height: 24px;\">\n<td style=\"width: 23.5109%; height: 24px;\">Renk<\/td>\n<td style=\"width: 35.7961%; height: 24px;\">herhangi bir parton rengi \u00f6zelle\u015ftirilmi\u015f<\/td>\n<\/tr>\n<tr style=\"height: 24px;\">\n<td style=\"width: 23.5109%; height: 24px;\">Moq<\/td>\n<td style=\"width: 35.7961%; height: 24px;\">\u00d6zelle\u015ftirilmi\u015f 10000pcs i\u00e7in<\/td>\n<\/tr>\n<\/tbody>\n<\/table>\n<table style=\"border-collapse: collapse; width: 100%;\">\n<tbody>\n<tr>\n<td style=\"width: 17.7835%; text-align: center;\">Kapasite<\/td>\n<td style=\"width: 18.4708%; text-align: center;\">Toplam y\u00fckseklik<\/td>\n<td style=\"width: 20.1747%; text-align: center;\">Alt \u00e7ap<\/td>\n<td style=\"width: 18.571%; text-align: center;\">Omuz y\u00fcksekli\u011fi<\/td>\n<\/tr>\n<tr>\n<td style=\"width: 17.7835%; text-align: center;\">30ml<\/td>\n<td style=\"width: 18.4708%; text-align: center;\">91mm<\/td>\n<td style=\"width: 20.1747%; text-align: center;\">37 mm<\/td>\n<td style=\"width: 18.571%; text-align: center;\">55mm<\/td>\n<\/tr>\n<\/tbody>\n<\/table>\n<p>30ml cam damla \u015fi\u015fesi macaron renk serisi ile di\u015fli s\u0131zd\u0131rmazl\u0131k mekanizmas\u0131. \u00d6zel olarak kozmetik ve cilt bak\u0131m\u0131 s\u0131v\u0131 \u00fcr\u00fcnlerinin hassas da\u011f\u0131t\u0131m\u0131 ve uzun s\u00fcreli korunmas\u0131 i\u00e7in tasarlanm\u0131\u015ft\u0131r. \u00c7ekirdek g\u00f6rsel vurgu renkli makaron renk serisidir ve ayn\u0131 renk damlay\u0131c\u0131 genel koordinasyon ve birlik elde etmek i\u00e7in kullan\u0131l\u0131r. \u00dcr\u00fcn d\u00f6rt temel avantaj\u0131 birle\u015ftirir: s\u0131k\u0131 s\u0131zd\u0131rmazl\u0131k, istikrarl\u0131 \u015fok direnci, g\u00fcvenlik ve cilt dostlu\u011fu ve y\u00fcksek g\u00f6r\u00fcn\u00fcm seviyesi. \u00d6z, esansiyel ya\u011f, ham s\u0131v\u0131 ve ampuller gibi y\u00fcksek kaliteli cilt bak\u0131m \u00fcr\u00fcnleri i\u00e7in ideal bir ambalaj se\u00e7imi. Sadece \u00fcr\u00fcn kalitesini ve markan\u0131n tan\u0131nmas\u0131n\u0131 art\u0131rmakla kalmaz, ayn\u0131 zamanda t\u00fcketicilere uygun ve g\u00fcvenli bir kullan\u0131m deneyimi sa\u011flayabilir.<\/p>\n<p>\u015ei\u015fe, kapakla kesintisiz bir m\u00fch\u00fcrl\u00fck olu\u015fturan a\u00e7\u0131k, d\u00fczenli oluklarla y\u00fcksek hassasiyetli bir di\u015fli a\u00e7\u0131l\u0131\u015fa sahiptir. Yumu\u015fak iplik ba\u011flant\u0131s\u0131, verimli fabrika serisi doldurmas\u0131n\u0131 ve kolay manuel da\u011f\u0131t\u0131m\u0131 sa\u011flar, doldurma s\u0131ras\u0131nda s\u0131z\u0131nt\u0131 risklerini en aza indirir. S\u0131k\u0131ca s\u0131zd\u0131r\u0131lm\u0131\u015f, C vitamini, peptidler ve di\u011fer kolayca bozulabilir bile\u015fenler i\u00e7in ideal olan cilt bak\u0131m\u0131 malzemelerinin oksidasyonunu \/ bozulmas\u0131n\u0131 geciktirmek i\u00e7in hava ve nem giri\u015fini engeller, ayn\u0131 zamanda tersine \u00e7evrildi\u011finde veya uzun mesafe ta\u015f\u0131mas\u0131 s\u0131ras\u0131nda bile s\u0131z\u0131nt\u0131ya dayan\u0131kl\u0131 performans sa\u011flar. Kullan\u0131c\u0131 dostu ve re\u00e7elesiz, di\u015fli tasar\u0131m, \u00fcr\u00fcn kalitesi i\u00e7in kapsaml\u0131 bir koruma sa\u011flayan \u00e7abas\u0131z a\u00e7\u0131l\u0131\u015f ve g\u00fcnl\u00fck kullan\u0131ma olanak sa\u011flar.<\/p>\n<p>\u015ei\u015fenin \u00f6zel olarak g\u00fc\u00e7lendirilmi\u015f taban\u0131, e\u015fit bir kal\u0131nl\u0131\u011fa ve sa\u011flam bir y\u00fck ta\u015f\u0131ma kapasitesine sahiptir, tesad\u00fcfen d\u00f6nme ve k\u0131r\u0131lma risklerini en aza indirmek i\u00e7in yerle\u015ftirildi\u011finde istikrarl\u0131 ve sallanmaz kal\u0131r. Bu istikrarl\u0131 tasar\u0131m yaln\u0131zca kullan\u0131m g\u00fcvenli\u011fini artt\u0131rmakla kalmaz, ayn\u0131 zamanda kal\u0131n, premium bir g\u00f6r\u00fcn\u00fcm verir - y\u00fcksek kaliteli cilt bak\u0131m markalar\u0131n\u0131n esteti\u011fi ile uyumlu ve t\u00fcketici g\u00fcvenini g\u00fc\u00e7lendirir.<\/p>\n<table style=\"border-collapse: collapse; width: 100%;\">\n<tbody>\n<tr>\n<td style=\"width: 33.3333%;\"><img decoding=\"async\" class=\"alignnone size-full wp-image-3520\" src=\"https:\/\/www.cosmepak.com\/wp-content\/uploads\/2025\/04\/\u4e3b\u56fe-7-1.jpg\" alt=\"\" width=\"1000\" height=\"1000\" srcset=\"https:\/\/www.cosmepak.com\/wp-content\/uploads\/2025\/04\/\u4e3b\u56fe-7-1.jpg 1000w, https:\/\/www.cosmepak.com\/wp-content\/uploads\/2025\/04\/\u4e3b\u56fe-7-1-300x300.jpg 300w, https:\/\/www.cosmepak.com\/wp-content\/uploads\/2025\/04\/\u4e3b\u56fe-7-1-150x150.jpg 150w, https:\/\/www.cosmepak.com\/wp-content\/uploads\/2025\/04\/\u4e3b\u56fe-7-1-768x768.jpg 768w, https:\/\/www.cosmepak.com\/wp-content\/uploads\/2025\/04\/\u4e3b\u56fe-7-1-12x12.jpg 12w, https:\/\/www.cosmepak.com\/wp-content\/uploads\/2025\/04\/\u4e3b\u56fe-7-1-600x600.jpg 600w, https:\/\/www.cosmepak.com\/wp-content\/uploads\/2025\/04\/\u4e3b\u56fe-7-1-100x100.jpg 100w\" sizes=\"(max-width: 1000px) 100vw, 1000px\" \/><\/td>\n<td style=\"width: 33.3333%;\"><img decoding=\"async\" class=\"alignnone size-full wp-image-3521\" src=\"https:\/\/www.cosmepak.com\/wp-content\/uploads\/2025\/04\/\u4e3b\u56fe-8-1.jpg\" alt=\"\" width=\"1000\" height=\"1000\" srcset=\"https:\/\/www.cosmepak.com\/wp-content\/uploads\/2025\/04\/\u4e3b\u56fe-8-1.jpg 1000w, https:\/\/www.cosmepak.com\/wp-content\/uploads\/2025\/04\/\u4e3b\u56fe-8-1-300x300.jpg 300w, https:\/\/www.cosmepak.com\/wp-content\/uploads\/2025\/04\/\u4e3b\u56fe-8-1-150x150.jpg 150w, https:\/\/www.cosmepak.com\/wp-content\/uploads\/2025\/04\/\u4e3b\u56fe-8-1-768x768.jpg 768w, https:\/\/www.cosmepak.com\/wp-content\/uploads\/2025\/04\/\u4e3b\u56fe-8-1-12x12.jpg 12w, https:\/\/www.cosmepak.com\/wp-content\/uploads\/2025\/04\/\u4e3b\u56fe-8-1-600x600.jpg 600w, https:\/\/www.cosmepak.com\/wp-content\/uploads\/2025\/04\/\u4e3b\u56fe-8-1-100x100.jpg 100w\" sizes=\"(max-width: 1000px) 100vw, 1000px\" \/><\/td>\n<td style=\"width: 33.3333%;\"><img loading=\"lazy\" decoding=\"async\" class=\"alignnone size-full wp-image-3522\" src=\"https:\/\/www.cosmepak.com\/wp-content\/uploads\/2025\/04\/\u4e3b\u56fe-9-1.jpg\" alt=\"\" width=\"1000\" height=\"1000\" srcset=\"https:\/\/www.cosmepak.com\/wp-content\/uploads\/2025\/04\/\u4e3b\u56fe-9-1.jpg 1000w, https:\/\/www.cosmepak.com\/wp-content\/uploads\/2025\/04\/\u4e3b\u56fe-9-1-300x300.jpg 300w, https:\/\/www.cosmepak.com\/wp-content\/uploads\/2025\/04\/\u4e3b\u56fe-9-1-150x150.jpg 150w, https:\/\/www.cosmepak.com\/wp-content\/uploads\/2025\/04\/\u4e3b\u56fe-9-1-768x768.jpg 768w, https:\/\/www.cosmepak.com\/wp-content\/uploads\/2025\/04\/\u4e3b\u56fe-9-1-12x12.jpg 12w, https:\/\/www.cosmepak.com\/wp-content\/uploads\/2025\/04\/\u4e3b\u56fe-9-1-600x600.jpg 600w, https:\/\/www.cosmepak.com\/wp-content\/uploads\/2025\/04\/\u4e3b\u56fe-9-1-100x100.jpg 100w\" sizes=\"(max-width: 1000px) 100vw, 1000px\" \/><\/td>\n<\/tr>\n<tr>\n<td style=\"width: 33.3333%;\"><img loading=\"lazy\" decoding=\"async\" class=\"alignnone size-full wp-image-3523\" src=\"https:\/\/www.cosmepak.com\/wp-content\/uploads\/2025\/04\/\u4e3b\u56fe-11-1.jpg\" alt=\"\" width=\"1000\" height=\"1000\" srcset=\"https:\/\/www.cosmepak.com\/wp-content\/uploads\/2025\/04\/\u4e3b\u56fe-11-1.jpg 1000w, https:\/\/www.cosmepak.com\/wp-content\/uploads\/2025\/04\/\u4e3b\u56fe-11-1-300x300.jpg 300w, https:\/\/www.cosmepak.com\/wp-content\/uploads\/2025\/04\/\u4e3b\u56fe-11-1-150x150.jpg 150w, https:\/\/www.cosmepak.com\/wp-content\/uploads\/2025\/04\/\u4e3b\u56fe-11-1-768x768.jpg 768w, https:\/\/www.cosmepak.com\/wp-content\/uploads\/2025\/04\/\u4e3b\u56fe-11-1-12x12.jpg 12w, https:\/\/www.cosmepak.com\/wp-content\/uploads\/2025\/04\/\u4e3b\u56fe-11-1-600x600.jpg 600w, https:\/\/www.cosmepak.com\/wp-content\/uploads\/2025\/04\/\u4e3b\u56fe-11-1-100x100.jpg 100w\" sizes=\"(max-width: 1000px) 100vw, 1000px\" \/><\/td>\n<td style=\"width: 33.3333%;\"><img loading=\"lazy\" decoding=\"async\" class=\"alignnone size-full wp-image-3524\" src=\"https:\/\/www.cosmepak.com\/wp-content\/uploads\/2025\/04\/\u4e3b\u56fe-12-1.jpg\" alt=\"\" width=\"1000\" height=\"1000\" srcset=\"https:\/\/www.cosmepak.com\/wp-content\/uploads\/2025\/04\/\u4e3b\u56fe-12-1.jpg 1000w, https:\/\/www.cosmepak.com\/wp-content\/uploads\/2025\/04\/\u4e3b\u56fe-12-1-300x300.jpg 300w, https:\/\/www.cosmepak.com\/wp-content\/uploads\/2025\/04\/\u4e3b\u56fe-12-1-150x150.jpg 150w, https:\/\/www.cosmepak.com\/wp-content\/uploads\/2025\/04\/\u4e3b\u56fe-12-1-768x768.jpg 768w, https:\/\/www.cosmepak.com\/wp-content\/uploads\/2025\/04\/\u4e3b\u56fe-12-1-12x12.jpg 12w, https:\/\/www.cosmepak.com\/wp-content\/uploads\/2025\/04\/\u4e3b\u56fe-12-1-600x600.jpg 600w, https:\/\/www.cosmepak.com\/wp-content\/uploads\/2025\/04\/\u4e3b\u56fe-12-1-100x100.jpg 100w\" sizes=\"(max-width: 1000px) 100vw, 1000px\" \/><\/td>\n<td style=\"width: 33.3333%;\"><img loading=\"lazy\" decoding=\"async\" class=\"alignnone size-full wp-image-3525\" src=\"https:\/\/www.cosmepak.com\/wp-content\/uploads\/2025\/04\/\u4e3b\u56fe-4-3.jpg\" alt=\"\" width=\"1000\" height=\"1000\" srcset=\"https:\/\/www.cosmepak.com\/wp-content\/uploads\/2025\/04\/\u4e3b\u56fe-4-3.jpg 1000w, https:\/\/www.cosmepak.com\/wp-content\/uploads\/2025\/04\/\u4e3b\u56fe-4-3-300x300.jpg 300w, https:\/\/www.cosmepak.com\/wp-content\/uploads\/2025\/04\/\u4e3b\u56fe-4-3-150x150.jpg 150w, https:\/\/www.cosmepak.com\/wp-content\/uploads\/2025\/04\/\u4e3b\u56fe-4-3-768x768.jpg 768w, https:\/\/www.cosmepak.com\/wp-content\/uploads\/2025\/04\/\u4e3b\u56fe-4-3-12x12.jpg 12w, https:\/\/www.cosmepak.com\/wp-content\/uploads\/2025\/04\/\u4e3b\u56fe-4-3-600x600.jpg 600w, https:\/\/www.cosmepak.com\/wp-content\/uploads\/2025\/04\/\u4e3b\u56fe-4-3-100x100.jpg 100w\" sizes=\"(max-width: 1000px) 100vw, 1000px\" \/><\/td>\n<\/tr>\n<\/tbody>\n<\/table>\n<p>&nbsp;<\/p>\n<div><\/div>","protected":false},"excerpt":{"rendered":"<p>Malzeme: Cam<\/p>\n<p>Kapasite: 20ml<\/p>\n<p>Renk: \u00d6zelle\u015ftirilmi\u015f Kabul (Mevcut Pantone Rengi)<\/p>\n<p>Y\u00fczey Kaplama: Serip Bask\u0131, S\u0131cak Damgalama, P\u00fcsk\u00fcrtme Gradyan, Mat Kaplama, vb.<\/p>\n<p>MOQ: 10000 pcs<\/p>\n<p>\u00d6rnek: \u00dccretsiz \u00f6rnekler mevcut<\/p>\n<p>&nbsp;<\/p>\n<p>&nbsp;<\/p>","protected":false},"featured_media":3526,"comment_status":"closed","ping_status":"closed","template":"","meta":{"_acf_changed":false},"product_brand":[],"product_cat":[15,58],"product_tag":[40],"class_list":{"0":"post-1724","1":"product","2":"type-product","3":"status-publish","4":"has-post-thumbnail","6":"product_cat-essential-oil-bottle","7":"product_cat-glass-essential-oil-bottle","8":"product_tag-essential-oil-bottle","10":"first","11":"outofstock","12":"shipping-taxable","13":"product-type-simple"},"acf":[],"_links":{"self":[{"href":"https:\/\/www.cosmepak.com\/tr\/wp-json\/wp\/v2\/product\/1724","targetHints":{"allow":["GET"]}}],"collection":[{"href":"https:\/\/www.cosmepak.com\/tr\/wp-json\/wp\/v2\/product"}],"about":[{"href":"https:\/\/www.cosmepak.com\/tr\/wp-json\/wp\/v2\/types\/product"}],"replies":[{"embeddable":true,"href":"https:\/\/www.cosmepak.com\/tr\/wp-json\/wp\/v2\/comments?post=1724"}],"wp:featuredmedia":[{"embeddable":true,"href":"https:\/\/www.cosmepak.com\/tr\/wp-json\/wp\/v2\/media\/3526"}],"wp:attachment":[{"href":"https:\/\/www.cosmepak.com\/tr\/wp-json\/wp\/v2\/media?parent=1724"}],"wp:term":[{"taxonomy":"product_brand","embeddable":true,"href":"https:\/\/www.cosmepak.com\/tr\/wp-json\/wp\/v2\/product_brand?post=1724"},{"taxonomy":"product_cat","embeddable":true,"href":"https:\/\/www.cosmepak.com\/tr\/wp-json\/wp\/v2\/product_cat?post=1724"},{"taxonomy":"product_tag","embeddable":true,"href":"https:\/\/www.cosmepak.com\/tr\/wp-json\/wp\/v2\/product_tag?post=1724"}],"curies":[{"name":"wp","href":"https:\/\/api.w.org\/{rel}","templated":true}]}}