{"id":1731,"date":"2025-04-02T16:53:50","date_gmt":"2025-04-02T08:53:50","guid":{"rendered":"https:\/\/www.cosmepak.com\/?post_type=product&#038;p=1731"},"modified":"2026-01-05T14:34:37","modified_gmt":"2026-01-05T06:34:37","slug":"30ml-volkanik-tabanli-damlalikli-sise-jaunce","status":"publish","type":"product","link":"https:\/\/www.cosmepak.com\/tr\/product\/30ml-volcanic-bottom-dropper-bottle-jaunce\/","title":{"rendered":"30ml Volkanik Alt Damla \u015ei\u015fesi \/ Jaunce"},"content":{"rendered":"<table style=\"border-collapse: collapse; width: 100%; height: 216px;\">\n<tbody>\n<tr style=\"height: 24px;\">\n<td style=\"width: 40.6929%; height: 216px;\" rowspan=\"9\"><img fetchpriority=\"high\" decoding=\"async\" class=\"alignnone size-full wp-image-3533\" src=\"https:\/\/www.cosmepak.com\/wp-content\/uploads\/2025\/04\/O1CN012p6qjx1TbFa49YKNW_2506382400-0-cib.jpg\" alt=\"\" width=\"800\" height=\"800\" srcset=\"https:\/\/www.cosmepak.com\/wp-content\/uploads\/2025\/04\/O1CN012p6qjx1TbFa49YKNW_2506382400-0-cib.jpg 800w, https:\/\/www.cosmepak.com\/wp-content\/uploads\/2025\/04\/O1CN012p6qjx1TbFa49YKNW_2506382400-0-cib-300x300.jpg 300w, https:\/\/www.cosmepak.com\/wp-content\/uploads\/2025\/04\/O1CN012p6qjx1TbFa49YKNW_2506382400-0-cib-150x150.jpg 150w, https:\/\/www.cosmepak.com\/wp-content\/uploads\/2025\/04\/O1CN012p6qjx1TbFa49YKNW_2506382400-0-cib-768x768.jpg 768w, https:\/\/www.cosmepak.com\/wp-content\/uploads\/2025\/04\/O1CN012p6qjx1TbFa49YKNW_2506382400-0-cib-12x12.jpg 12w, https:\/\/www.cosmepak.com\/wp-content\/uploads\/2025\/04\/O1CN012p6qjx1TbFa49YKNW_2506382400-0-cib-600x600.jpg 600w, https:\/\/www.cosmepak.com\/wp-content\/uploads\/2025\/04\/O1CN012p6qjx1TbFa49YKNW_2506382400-0-cib-100x100.jpg 100w\" sizes=\"(max-width: 800px) 100vw, 800px\" \/><\/td>\n<td style=\"width: 23.5109%; height: 24px; text-align: center;\">Marka<\/td>\n<td style=\"width: 35.7961%; height: 24px; text-align: center;\">\u00a0Fahi\u015fe<\/td>\n<\/tr>\n<tr style=\"height: 24px;\">\n<td style=\"width: 23.5109%; height: 24px; text-align: center;\">Kapasite<\/td>\n<td style=\"width: 35.7961%; height: 24px; text-align: center;\">30ml<\/td>\n<\/tr>\n<tr style=\"height: 24px;\">\n<td style=\"width: 23.5109%; height: 24px; text-align: center;\">\u015eekil<\/td>\n<td style=\"width: 35.7961%; height: 24px; text-align: center;\">Yuvarlak<\/td>\n<\/tr>\n<tr style=\"height: 24px;\">\n<td style=\"width: 23.5109%; height: 24px; text-align: center;\">Malzeme<\/td>\n<td style=\"width: 35.7961%; height: 24px; text-align: center;\">Bardak<\/td>\n<\/tr>\n<tr style=\"height: 24px;\">\n<td style=\"width: 23.5109%; height: 24px; text-align: center;\">Uydurma<\/td>\n<td style=\"width: 35.7961%; height: 24px; text-align: center;\">Damlal\u0131k<\/td>\n<\/tr>\n<tr style=\"height: 24px;\">\n<td style=\"width: 23.5109%; height: 24px; text-align: center;\">Model<\/td>\n<td style=\"width: 35.7961%; height: 24px; text-align: center;\">JH-EM30<\/td>\n<\/tr>\n<tr style=\"height: 24px;\">\n<td style=\"width: 23.5109%; height: 24px; text-align: center;\">OEM ve ODM<\/td>\n<td style=\"width: 35.7961%; height: 24px; text-align: center;\">Kabul etmek<\/td>\n<\/tr>\n<tr style=\"height: 24px;\">\n<td style=\"width: 23.5109%; height: 24px; text-align: center;\">Renk<\/td>\n<td style=\"width: 35.7961%; height: 24px; text-align: center;\">Herhangi bir parton rengi \u00f6zelle\u015ftirilmi\u015f<\/td>\n<\/tr>\n<tr style=\"height: 24px;\">\n<td style=\"width: 23.5109%; height: 24px; text-align: center;\">Moq<\/td>\n<td style=\"width: 35.7961%; height: 24px; text-align: center;\">\u00d6zelle\u015ftirilmi\u015f 10000pcs i\u00e7in<\/td>\n<\/tr>\n<\/tbody>\n<\/table>\n<p>\u015ei\u015fe, \u015feffaf ve hassas bir dokuya sahip y\u00fcksek kaliteli cam malzemeden dikkatlice haz\u0131rlanm\u0131\u015ft\u0131r. Ayr\u0131ca m\u00fckemmel kimyasal istikrara sahiptir, d\u0131\u015f kirlili\u011fi etkili bir \u015fekilde \u00f6nler ve \u00fcr\u00fcn\u00fcn orijinal etkinli\u011fini ve saf dokusunu korurken esansiyel ya\u011flar ve s\u0131v\u0131 gibi aktif maddeler aras\u0131ndaki reaksiyonlardan ka\u00e7\u0131n\u0131r. Cam malzemesinin a\u011f\u0131rl\u0131\u011f\u0131 ve kal\u0131nl\u0131\u011f\u0131, dikkatli bir \u015fekilde tasarlanm\u0131\u015f volkanik taban \u015fekli ile birle\u015ftirilmi\u015ftir, sadece \u015fi\u015fenin yerle\u015ftirildi\u011finde istikrar\u0131n\u0131 artt\u0131rmakla kalmaz, ayn\u0131 zamanda d\u00f6vme ve s\u0131z\u0131nt\u0131y\u0131 \u00f6nler, ayn\u0131 zamanda \u00fcr\u00fcne benzersiz bir g\u00f6rsel kimlik verir ve y\u00fcksek s\u0131n\u0131f tarz\u0131 tam olarak g\u00f6sterir.<\/p>\n<p>Se\u00e7iminiz i\u00e7in \u00fc\u00e7 moda \u015fi\u015fe rengi sunuyoruz: Y\u00fcr\u00fcy\u00fc\u015f mor tarz\u0131, zengin katmanlarla, ak\u015famlarda mor kristal gibidir, r\u00fcyal\u0131 ve romantik bir atmosfer yarat\u0131r ve zarif bir koku yayar; Klasik kahverengi tarz pratikli\u011fi ve dokuyu birle\u015ftirir, \u0131\u015f\u0131\u011f\u0131 etkili bir \u015fekilde engeller ve esansiyel ya\u011flar ve konsantre s\u0131v\u0131lar i\u00e7in ideal bir depolama ortam\u0131 sa\u011flar, ayn\u0131 zamanda sakin ve zarif bir mizah sergiler; Taze sar\u0131 tarz baharda s\u0131cak g\u00fcne\u015f \u0131\u015f\u0131\u011f\u0131 gibi, parlak ve canl\u0131, \u00fcr\u00fcne canl\u0131l\u0131k ve enerji enjekte eder ve t\u00fcketicileri \u00e7ekme olas\u0131l\u0131\u011f\u0131 son derece y\u00fcksektir. Dikkat et.<\/p>\n<p>Siyah ve alt\u0131n b\u00fcy\u00fck damla t\u00fcpleri \u00fcr\u00fcn\u00fcn genel g\u00f6r\u00fcn\u00fcm\u00fcn\u00fc daha uyumlu hale getirir. Siyah d\u0131\u015f kol basit ve istikrarl\u0131, alt\u0131n ise l\u00fcks ve m\u00fckemmeldir, \u00fcr\u00fcn\u00fc geli\u015ftirir. s y\u00fcksek s\u0131n\u0131f konumland\u0131rma.<\/p>\n<p>\u015ei\u015fenin \u00e7ap\u0131 48mm ve toplam y\u00fcksekli\u011fi 95mm'dir. \u015ei\u015fenin bask\u0131l\u0131 y\u00fcksekli\u011fi 40mm'dir, geni\u015f \u00f6zelle\u015ftirme alan\u0131 sa\u011flayabilir. Marka logolar\u0131, \u00fcr\u00fcn adlar\u0131, bile\u015fen a\u00e7\u0131klamalar\u0131 vb. ile bas\u0131labilir, marka imaj\u0131n\u0131 \u015fekillendirmeye ve \u00fcr\u00fcn bilgilerini iletmeye yard\u0131mc\u0131 olur. Ve tek \u015fi\u015fenin a\u011f\u0131rl\u0131\u011f\u0131 yakla\u015f\u0131k 138.5g'dir.<\/p>\n<table style=\"border-collapse: collapse; width: 100%;\">\n<tbody>\n<tr>\n<td style=\"width: 33.3333%;\"><img decoding=\"async\" class=\"alignnone size-full wp-image-3534\" src=\"https:\/\/www.cosmepak.com\/wp-content\/uploads\/2025\/04\/O1CN01CZcaon1TbFa5J67C1_2506382400-0-cib.jpg\" alt=\"\" width=\"1000\" height=\"1000\" srcset=\"https:\/\/www.cosmepak.com\/wp-content\/uploads\/2025\/04\/O1CN01CZcaon1TbFa5J67C1_2506382400-0-cib.jpg 1000w, https:\/\/www.cosmepak.com\/wp-content\/uploads\/2025\/04\/O1CN01CZcaon1TbFa5J67C1_2506382400-0-cib-300x300.jpg 300w, https:\/\/www.cosmepak.com\/wp-content\/uploads\/2025\/04\/O1CN01CZcaon1TbFa5J67C1_2506382400-0-cib-150x150.jpg 150w, https:\/\/www.cosmepak.com\/wp-content\/uploads\/2025\/04\/O1CN01CZcaon1TbFa5J67C1_2506382400-0-cib-768x768.jpg 768w, https:\/\/www.cosmepak.com\/wp-content\/uploads\/2025\/04\/O1CN01CZcaon1TbFa5J67C1_2506382400-0-cib-12x12.jpg 12w, https:\/\/www.cosmepak.com\/wp-content\/uploads\/2025\/04\/O1CN01CZcaon1TbFa5J67C1_2506382400-0-cib-600x600.jpg 600w, https:\/\/www.cosmepak.com\/wp-content\/uploads\/2025\/04\/O1CN01CZcaon1TbFa5J67C1_2506382400-0-cib-100x100.jpg 100w\" sizes=\"(max-width: 1000px) 100vw, 1000px\" \/><\/td>\n<td style=\"width: 33.3333%;\"><img decoding=\"async\" class=\"alignnone size-full wp-image-3535\" src=\"https:\/\/www.cosmepak.com\/wp-content\/uploads\/2025\/04\/O1CN01lZNR9I1TbFa2w3Z7E_2506382400-0-cib.jpg\" alt=\"\" width=\"1000\" height=\"1000\" srcset=\"https:\/\/www.cosmepak.com\/wp-content\/uploads\/2025\/04\/O1CN01lZNR9I1TbFa2w3Z7E_2506382400-0-cib.jpg 1000w, https:\/\/www.cosmepak.com\/wp-content\/uploads\/2025\/04\/O1CN01lZNR9I1TbFa2w3Z7E_2506382400-0-cib-300x300.jpg 300w, https:\/\/www.cosmepak.com\/wp-content\/uploads\/2025\/04\/O1CN01lZNR9I1TbFa2w3Z7E_2506382400-0-cib-150x150.jpg 150w, https:\/\/www.cosmepak.com\/wp-content\/uploads\/2025\/04\/O1CN01lZNR9I1TbFa2w3Z7E_2506382400-0-cib-768x768.jpg 768w, https:\/\/www.cosmepak.com\/wp-content\/uploads\/2025\/04\/O1CN01lZNR9I1TbFa2w3Z7E_2506382400-0-cib-12x12.jpg 12w, https:\/\/www.cosmepak.com\/wp-content\/uploads\/2025\/04\/O1CN01lZNR9I1TbFa2w3Z7E_2506382400-0-cib-600x600.jpg 600w, https:\/\/www.cosmepak.com\/wp-content\/uploads\/2025\/04\/O1CN01lZNR9I1TbFa2w3Z7E_2506382400-0-cib-100x100.jpg 100w\" sizes=\"(max-width: 1000px) 100vw, 1000px\" \/><\/td>\n<td style=\"width: 33.3333%;\"><img loading=\"lazy\" decoding=\"async\" class=\"alignnone size-full wp-image-3536\" src=\"https:\/\/www.cosmepak.com\/wp-content\/uploads\/2025\/04\/O1CN01zw1cEY1TbFa3UiOnM_2506382400-0-cib.jpg\" alt=\"\" width=\"1000\" height=\"1000\" srcset=\"https:\/\/www.cosmepak.com\/wp-content\/uploads\/2025\/04\/O1CN01zw1cEY1TbFa3UiOnM_2506382400-0-cib.jpg 1000w, https:\/\/www.cosmepak.com\/wp-content\/uploads\/2025\/04\/O1CN01zw1cEY1TbFa3UiOnM_2506382400-0-cib-300x300.jpg 300w, https:\/\/www.cosmepak.com\/wp-content\/uploads\/2025\/04\/O1CN01zw1cEY1TbFa3UiOnM_2506382400-0-cib-150x150.jpg 150w, https:\/\/www.cosmepak.com\/wp-content\/uploads\/2025\/04\/O1CN01zw1cEY1TbFa3UiOnM_2506382400-0-cib-768x768.jpg 768w, https:\/\/www.cosmepak.com\/wp-content\/uploads\/2025\/04\/O1CN01zw1cEY1TbFa3UiOnM_2506382400-0-cib-12x12.jpg 12w, https:\/\/www.cosmepak.com\/wp-content\/uploads\/2025\/04\/O1CN01zw1cEY1TbFa3UiOnM_2506382400-0-cib-600x600.jpg 600w, https:\/\/www.cosmepak.com\/wp-content\/uploads\/2025\/04\/O1CN01zw1cEY1TbFa3UiOnM_2506382400-0-cib-100x100.jpg 100w\" sizes=\"(max-width: 1000px) 100vw, 1000px\" \/><\/td>\n<\/tr>\n<\/tbody>\n<\/table>\n<table style=\"border-collapse: collapse; width: 100%;\">\n<tbody>\n<tr>\n<td style=\"width: 50%;\"><img loading=\"lazy\" decoding=\"async\" class=\"alignnone size-full wp-image-3537\" src=\"https:\/\/www.cosmepak.com\/wp-content\/uploads\/2025\/04\/O1CN01rwrzEJ1TbFa3BSMMR_2506382400-0-cib.jpg\" alt=\"\" width=\"1000\" height=\"1000\" srcset=\"https:\/\/www.cosmepak.com\/wp-content\/uploads\/2025\/04\/O1CN01rwrzEJ1TbFa3BSMMR_2506382400-0-cib.jpg 1000w, https:\/\/www.cosmepak.com\/wp-content\/uploads\/2025\/04\/O1CN01rwrzEJ1TbFa3BSMMR_2506382400-0-cib-300x300.jpg 300w, https:\/\/www.cosmepak.com\/wp-content\/uploads\/2025\/04\/O1CN01rwrzEJ1TbFa3BSMMR_2506382400-0-cib-150x150.jpg 150w, https:\/\/www.cosmepak.com\/wp-content\/uploads\/2025\/04\/O1CN01rwrzEJ1TbFa3BSMMR_2506382400-0-cib-768x768.jpg 768w, https:\/\/www.cosmepak.com\/wp-content\/uploads\/2025\/04\/O1CN01rwrzEJ1TbFa3BSMMR_2506382400-0-cib-12x12.jpg 12w, https:\/\/www.cosmepak.com\/wp-content\/uploads\/2025\/04\/O1CN01rwrzEJ1TbFa3BSMMR_2506382400-0-cib-600x600.jpg 600w, https:\/\/www.cosmepak.com\/wp-content\/uploads\/2025\/04\/O1CN01rwrzEJ1TbFa3BSMMR_2506382400-0-cib-100x100.jpg 100w\" sizes=\"(max-width: 1000px) 100vw, 1000px\" \/><\/td>\n<td style=\"width: 50%;\"><img loading=\"lazy\" decoding=\"async\" class=\"alignnone size-full wp-image-3538\" src=\"https:\/\/www.cosmepak.com\/wp-content\/uploads\/2025\/04\/O1CN01dFIx6t1TbFa2vlAVK_2506382400-0-cib.jpg\" alt=\"\" width=\"1000\" height=\"1000\" srcset=\"https:\/\/www.cosmepak.com\/wp-content\/uploads\/2025\/04\/O1CN01dFIx6t1TbFa2vlAVK_2506382400-0-cib.jpg 1000w, https:\/\/www.cosmepak.com\/wp-content\/uploads\/2025\/04\/O1CN01dFIx6t1TbFa2vlAVK_2506382400-0-cib-300x300.jpg 300w, https:\/\/www.cosmepak.com\/wp-content\/uploads\/2025\/04\/O1CN01dFIx6t1TbFa2vlAVK_2506382400-0-cib-150x150.jpg 150w, https:\/\/www.cosmepak.com\/wp-content\/uploads\/2025\/04\/O1CN01dFIx6t1TbFa2vlAVK_2506382400-0-cib-768x768.jpg 768w, https:\/\/www.cosmepak.com\/wp-content\/uploads\/2025\/04\/O1CN01dFIx6t1TbFa2vlAVK_2506382400-0-cib-12x12.jpg 12w, https:\/\/www.cosmepak.com\/wp-content\/uploads\/2025\/04\/O1CN01dFIx6t1TbFa2vlAVK_2506382400-0-cib-600x600.jpg 600w, https:\/\/www.cosmepak.com\/wp-content\/uploads\/2025\/04\/O1CN01dFIx6t1TbFa2vlAVK_2506382400-0-cib-100x100.jpg 100w\" sizes=\"(max-width: 1000px) 100vw, 1000px\" \/><\/td>\n<\/tr>\n<\/tbody>\n<\/table>\n<p>&nbsp;<\/p>\n<div><\/div>","protected":false},"excerpt":{"rendered":"<p>Malzeme: Cam<\/p>\n<p>Kapasite: 30ml<\/p>\n<p>Renk: Moral Mor, Kahverengi, Sar\u0131<\/p>\n<p>\u00d6zelle\u015ftirilmi\u015f Kabul (Mevcut Pantone Rengi)<\/p>\n<p>Ba\u011flanma Renk: Siyah \u3001 Alt\u0131n<\/p>\n<p>Y\u00fczey Kaplama: Serip Bask\u0131, S\u0131cak Damgalama, P\u00fcsk\u00fcrtme Gradyan, Mat Kaplama, vb.<\/p>\n<p>MOQ: 10000 pcs<\/p>\n<p>\u00d6rnek: \u00dccretsiz \u00f6rnekler mevcut<\/p>\n<p>&nbsp;<\/p>\n<p>&nbsp;<\/p>","protected":false},"featured_media":1736,"comment_status":"closed","ping_status":"closed","template":"","meta":{"_acf_changed":false},"product_brand":[],"product_cat":[15,58],"product_tag":[40],"class_list":{"0":"post-1731","1":"product","2":"type-product","3":"status-publish","4":"has-post-thumbnail","6":"product_cat-essential-oil-bottle","7":"product_cat-glass-essential-oil-bottle","8":"product_tag-essential-oil-bottle","10":"first","11":"outofstock","12":"shipping-taxable","13":"product-type-simple"},"acf":[],"_links":{"self":[{"href":"https:\/\/www.cosmepak.com\/tr\/wp-json\/wp\/v2\/product\/1731","targetHints":{"allow":["GET"]}}],"collection":[{"href":"https:\/\/www.cosmepak.com\/tr\/wp-json\/wp\/v2\/product"}],"about":[{"href":"https:\/\/www.cosmepak.com\/tr\/wp-json\/wp\/v2\/types\/product"}],"replies":[{"embeddable":true,"href":"https:\/\/www.cosmepak.com\/tr\/wp-json\/wp\/v2\/comments?post=1731"}],"wp:featuredmedia":[{"embeddable":true,"href":"https:\/\/www.cosmepak.com\/tr\/wp-json\/wp\/v2\/media\/1736"}],"wp:attachment":[{"href":"https:\/\/www.cosmepak.com\/tr\/wp-json\/wp\/v2\/media?parent=1731"}],"wp:term":[{"taxonomy":"product_brand","embeddable":true,"href":"https:\/\/www.cosmepak.com\/tr\/wp-json\/wp\/v2\/product_brand?post=1731"},{"taxonomy":"product_cat","embeddable":true,"href":"https:\/\/www.cosmepak.com\/tr\/wp-json\/wp\/v2\/product_cat?post=1731"},{"taxonomy":"product_tag","embeddable":true,"href":"https:\/\/www.cosmepak.com\/tr\/wp-json\/wp\/v2\/product_tag?post=1731"}],"curies":[{"name":"wp","href":"https:\/\/api.w.org\/{rel}","templated":true}]}}