{"id":1737,"date":"2025-04-03T13:39:49","date_gmt":"2025-04-03T05:39:49","guid":{"rendered":"https:\/\/www.cosmepak.com\/?post_type=product&#038;p=1737"},"modified":"2026-01-05T14:21:34","modified_gmt":"2026-01-05T06:21:34","slug":"30ml-120ml-skincare-glass-bottle-30g-50g-cream-jar","status":"publish","type":"product","link":"https:\/\/www.cosmepak.com\/tr\/product\/30ml-120ml-skincare-glass-bottle-30g-50g-cream-jar\/","title":{"rendered":"30ml-120ml cilt bak\u0131m\u0131 cam \u015fi\u015fesi 30g 50g krem kavanozu"},"content":{"rendered":"<table style=\"border-collapse: collapse; width: 100%; height: 192px;\">\n<tbody>\n<tr style=\"height: 24px;\">\n<td style=\"width: 40.6929%; height: 192px;\" rowspan=\"8\"><img fetchpriority=\"high\" decoding=\"async\" class=\"alignnone size-full wp-image-3894\" src=\"https:\/\/www.cosmepak.com\/wp-content\/uploads\/2025\/04\/\u4e3b\u56fe-7-2.jpg\" alt=\"\" width=\"1000\" height=\"1000\" srcset=\"https:\/\/www.cosmepak.com\/wp-content\/uploads\/2025\/04\/\u4e3b\u56fe-7-2.jpg 1000w, https:\/\/www.cosmepak.com\/wp-content\/uploads\/2025\/04\/\u4e3b\u56fe-7-2-300x300.jpg 300w, https:\/\/www.cosmepak.com\/wp-content\/uploads\/2025\/04\/\u4e3b\u56fe-7-2-150x150.jpg 150w, https:\/\/www.cosmepak.com\/wp-content\/uploads\/2025\/04\/\u4e3b\u56fe-7-2-768x768.jpg 768w, https:\/\/www.cosmepak.com\/wp-content\/uploads\/2025\/04\/\u4e3b\u56fe-7-2-12x12.jpg 12w, https:\/\/www.cosmepak.com\/wp-content\/uploads\/2025\/04\/\u4e3b\u56fe-7-2-600x600.jpg 600w, https:\/\/www.cosmepak.com\/wp-content\/uploads\/2025\/04\/\u4e3b\u56fe-7-2-100x100.jpg 100w\" sizes=\"(max-width: 1000px) 100vw, 1000px\" \/><\/td>\n<td style=\"width: 23.5109%; height: 24px;\">Marka<\/td>\n<td style=\"width: 35.7961%; height: 24px;\">\u00a0Fahi\u015fe<\/td>\n<\/tr>\n<tr style=\"height: 24px;\">\n<td style=\"width: 23.5109%; height: 24px;\">\u015ei\u015fe Kapasitesi<\/td>\n<td style=\"width: 35.7961%; height: 24px;\">40ml \/ 100ml \/ 120ml<\/td>\n<\/tr>\n<tr style=\"height: 24px;\">\n<td style=\"width: 23.5109%; height: 24px;\">Kavanoz Kapasitesi<\/td>\n<td style=\"width: 35.7961%; height: 24px;\">30g \/ 50g<\/td>\n<\/tr>\n<tr style=\"height: 24px;\">\n<td style=\"width: 23.5109%; height: 24px;\">Malzeme<\/td>\n<td style=\"width: 35.7961%; height: 24px;\">Bardak<\/td>\n<\/tr>\n<tr style=\"height: 24px;\">\n<td style=\"width: 23.5109%; height: 24px;\">Model<\/td>\n<td style=\"width: 35.7961%; height: 24px;\">JH-PHPC413 i\u00e7in<\/td>\n<\/tr>\n<tr style=\"height: 24px;\">\n<td style=\"width: 23.5109%; height: 24px;\">OEM ve ODM<\/td>\n<td style=\"width: 35.7961%; height: 24px;\">Kabul etmek<\/td>\n<\/tr>\n<tr style=\"height: 24px;\">\n<td style=\"width: 23.5109%; height: 24px;\">Renk<\/td>\n<td style=\"width: 35.7961%; height: 24px;\">Matt Black, Matt White, herhangi bir parton rengi \u00f6zelle\u015ftirilmi\u015f<\/td>\n<\/tr>\n<tr style=\"height: 24px;\">\n<td style=\"width: 23.5109%; height: 24px;\">Moq<\/td>\n<td style=\"width: 35.7961%; height: 24px;\">3000pcs;<\/td>\n<\/tr>\n<\/tbody>\n<\/table>\n<table style=\"border-collapse: collapse; width: 100%; height: 192px;\">\n<tbody>\n<tr style=\"height: 24px;\">\n<td style=\"width: 12.7434%; text-align: center; height: 24px;\">\u00d6\u011fe<\/td>\n<td style=\"width: 12.5142%; text-align: center; height: 24px;\">Toplam y\u00fckseklik<\/td>\n<td style=\"width: 12.5002%; text-align: center; height: 24px;\">Alt \u00e7ap<\/td>\n<td style=\"width: 13.4092%; text-align: center; height: 24px;\">Omuz y\u00fcksekli\u011fi<\/td>\n<\/tr>\n<tr style=\"height: 24px;\">\n<td style=\"width: 12.7434%; text-align: center; height: 24px;\">40ml<\/td>\n<td style=\"width: 12.5142%; text-align: center; height: 24px;\">112mm<\/td>\n<td style=\"width: 12.5002%; text-align: center; height: 24px;\">36 mm<\/td>\n<td style=\"width: 13.4092%; text-align: center; height: 24px;\">68mm'lik<\/td>\n<\/tr>\n<tr style=\"height: 24px;\">\n<td style=\"width: 12.7434%; text-align: center; height: 24px;\">100ml<\/td>\n<td style=\"width: 12.5142%; text-align: center; height: 24px;\">171mm<\/td>\n<td style=\"width: 12.5002%; text-align: center; height: 24px;\">40mm<\/td>\n<td style=\"width: 13.4092%; text-align: center; height: 24px;\">125mm'lik<\/td>\n<\/tr>\n<tr style=\"height: 24px;\">\n<td style=\"width: 12.7434%; text-align: center; height: 24px;\">120ml<\/td>\n<td style=\"width: 12.5142%; text-align: center; height: 24px;\">184mm'lik<\/td>\n<td style=\"width: 12.5002%; text-align: center; height: 24px;\">40mm<\/td>\n<td style=\"width: 13.4092%; text-align: center; height: 24px;\">147mm'lik<\/td>\n<\/tr>\n<tr style=\"height: 24px;\">\n<td style=\"width: 12.7434%; text-align: center; height: 24px;\">\u00d6\u011fe<\/td>\n<td style=\"width: 12.5142%; text-align: center; height: 24px;\">Toplam y\u00fckseklik<\/td>\n<td style=\"width: 12.5002%; text-align: center; height: 24px;\">Alt \u00e7ap<\/td>\n<td style=\"width: 13.4092%; text-align: center; height: 24px;\">Omuz y\u00fcksekli\u011fi<\/td>\n<\/tr>\n<tr style=\"height: 24px;\">\n<td style=\"width: 12.7434%; text-align: center; height: 24px;\">30g<\/td>\n<td style=\"width: 12.5142%; text-align: center; height: 24px;\">46 mm<\/td>\n<td style=\"width: 12.5002%; text-align: center; height: 24px;\">60 mm<\/td>\n<td style=\"width: 13.4092%; text-align: center; height: 24px;\">23mm<\/td>\n<\/tr>\n<tr style=\"height: 24px;\">\n<td style=\"width: 12.7434%; text-align: center; height: 24px;\">50g<\/td>\n<td style=\"width: 12.5142%; text-align: center; height: 24px;\">60 mm<\/td>\n<td style=\"width: 12.5002%; text-align: center; height: 24px;\">59 mm'lik<\/td>\n<td style=\"width: 13.4092%; text-align: center; height: 24px;\">35 mm<\/td>\n<\/tr>\n<\/tbody>\n<\/table>\n<p>&nbsp;<\/p>\n<p>Bu, m\u00fckemmel ve l\u00fcks cilt bak\u0131m \u00fcr\u00fcnleri \u015fi\u015feleri setidir. \u00dc\u00e7 se\u00e7enek mevcuttur: 40ml, 100ml ve 120ml. Bu boyutlar, losyon ve toner gibi s\u0131v\u0131lar\u0131n doldurulmas\u0131na izin verir. 30g ve 50g boyutlar\u0131 \u00e7e\u015fitli durumlarda krema kavanozunun kullan\u0131m gereksinimlerini kar\u015f\u0131layabilir. Daha k\u00fc\u00e7\u00fck kapasite seyahatlerde ta\u015f\u0131mak i\u00e7in uygundur.<\/p>\n<p>\u015ei\u015fenin g\u00f6vdesi \u00e7\u0131plak bir renk ve serigrafi ile m\u00fckemmel bir \u015fekilde birle\u015ftirilen krema sar\u0131 bir fini\u015fle kaplanm\u0131\u015ft\u0131r. Bu sadece markay\u0131 vurgulamaz&#8217; s g\u00fcc\u00fc ama ayn\u0131 zamanda kullan\u0131m kapasitesini a\u00e7\u0131k\u00e7a g\u00f6sterir.<\/p>\n<p>Alt\u0131n elektro-al\u00fcminyum kapak, \u0131\u015f\u0131k g\u00f6sterisi taraf\u0131ndan ayd\u0131nlat\u0131ld\u0131\u011f\u0131nda, malzemenin benzersiz metalik dokusunu ortaya \u00e7\u0131kar\u0131r. Parlak kaplama kapa\u011f\u0131n bir ayna g\u00f6r\u00fcn\u00fcm\u00fcn\u00fc verir. Kapa\u011f\u0131n genel tasar\u0131m\u0131 bir \u015fapka gibidir ve cam \u015fi\u015feyle e\u015fle\u015ftirildi\u011finde bir beyefendi gibi g\u00f6r\u00fcn\u00fcr.<\/p>\n<p>Em\u00fclsiyon \u015fi\u015fesi temiz ve hijyenik, kullan\u0131m\u0131 kolay ve i\u00e7eri\u011fin kirlenmesini \u00f6nleyen bir em\u00fclsiyon pompas\u0131 ile e\u015fle\u015ftirilir. D\u0131\u015f kapak m\u00fckemmel bir toza dayan\u0131kl\u0131 fonksiyon ger\u00e7ekle\u015ftirdi.<br \/>\nKrema kavanozu, her ikisi de etkili bir \u015fekilde koruma sa\u011flayabilecek ve kreman\u0131n s\u0131z\u0131nt\u0131s\u0131n\u0131 \u00f6nleyebilecek bir s\u0131zd\u0131rmazl\u0131k contas\u0131 veya el \u00e7ekme yast\u0131\u011f\u0131 ile donat\u0131labilir.<\/p>\n<table style=\"border-collapse: collapse; width: 100%;\">\n<tbody>\n<tr>\n<td style=\"width: 50%;\"><img decoding=\"async\" class=\"alignnone size-full wp-image-3895\" src=\"https:\/\/www.cosmepak.com\/wp-content\/uploads\/2025\/04\/41-1.jpg\" alt=\"\" width=\"1000\" height=\"1000\" srcset=\"https:\/\/www.cosmepak.com\/wp-content\/uploads\/2025\/04\/41-1.jpg 1000w, https:\/\/www.cosmepak.com\/wp-content\/uploads\/2025\/04\/41-1-300x300.jpg 300w, https:\/\/www.cosmepak.com\/wp-content\/uploads\/2025\/04\/41-1-150x150.jpg 150w, https:\/\/www.cosmepak.com\/wp-content\/uploads\/2025\/04\/41-1-768x768.jpg 768w, https:\/\/www.cosmepak.com\/wp-content\/uploads\/2025\/04\/41-1-12x12.jpg 12w, https:\/\/www.cosmepak.com\/wp-content\/uploads\/2025\/04\/41-1-600x600.jpg 600w, https:\/\/www.cosmepak.com\/wp-content\/uploads\/2025\/04\/41-1-100x100.jpg 100w\" sizes=\"(max-width: 1000px) 100vw, 1000px\" \/><\/td>\n<td style=\"width: 50%;\"><img decoding=\"async\" class=\"alignnone size-full wp-image-3896\" src=\"https:\/\/www.cosmepak.com\/wp-content\/uploads\/2025\/04\/51.jpg\" alt=\"\" width=\"1000\" height=\"1000\" srcset=\"https:\/\/www.cosmepak.com\/wp-content\/uploads\/2025\/04\/51.jpg 1000w, https:\/\/www.cosmepak.com\/wp-content\/uploads\/2025\/04\/51-300x300.jpg 300w, https:\/\/www.cosmepak.com\/wp-content\/uploads\/2025\/04\/51-150x150.jpg 150w, https:\/\/www.cosmepak.com\/wp-content\/uploads\/2025\/04\/51-768x768.jpg 768w, https:\/\/www.cosmepak.com\/wp-content\/uploads\/2025\/04\/51-12x12.jpg 12w, https:\/\/www.cosmepak.com\/wp-content\/uploads\/2025\/04\/51-600x600.jpg 600w, https:\/\/www.cosmepak.com\/wp-content\/uploads\/2025\/04\/51-100x100.jpg 100w\" sizes=\"(max-width: 1000px) 100vw, 1000px\" \/><\/td>\n<\/tr>\n<\/tbody>\n<\/table>\n<p>&nbsp;<\/p>\n<p>&nbsp;<\/p>","protected":false},"excerpt":{"rendered":"<p>Malzeme: Cam<\/p>\n<p>Kapasite: 15ml \/ 30ml \/ 80ml \/ 100ml \/ 30g \/ 50g<\/p>\n<p>Renk: \u00d6zelle\u015ftirilmi\u015f Kabul (Mevcut Pantone Rengi)<\/p>\n<p>Y\u00fczey Kaplama: Serip Bask\u0131, S\u0131cak Damgalama, P\u00fcsk\u00fcrtme Gradyan, Mat Kaplama, vb.<\/p>\n<p>MOQ: 10000 pcs<\/p>\n<p>\u00d6rnek: \u00dccretsiz \u00f6rnekler mevcut<\/p>\n<p>&nbsp;<\/p>\n<p>&nbsp;<\/p>","protected":false},"featured_media":3897,"comment_status":"closed","ping_status":"closed","template":"","meta":{"_acf_changed":false},"product_brand":[],"product_cat":[19,46],"product_tag":[61],"class_list":{"0":"post-1737","1":"product","2":"type-product","3":"status-publish","4":"has-post-thumbnail","6":"product_cat-skincare-glass-bottle","7":"product_cat-skincare-product-set-package","8":"product_tag-skincare-product-set","10":"first","11":"outofstock","12":"shipping-taxable","13":"product-type-simple"},"acf":[],"_links":{"self":[{"href":"https:\/\/www.cosmepak.com\/tr\/wp-json\/wp\/v2\/product\/1737","targetHints":{"allow":["GET"]}}],"collection":[{"href":"https:\/\/www.cosmepak.com\/tr\/wp-json\/wp\/v2\/product"}],"about":[{"href":"https:\/\/www.cosmepak.com\/tr\/wp-json\/wp\/v2\/types\/product"}],"replies":[{"embeddable":true,"href":"https:\/\/www.cosmepak.com\/tr\/wp-json\/wp\/v2\/comments?post=1737"}],"wp:featuredmedia":[{"embeddable":true,"href":"https:\/\/www.cosmepak.com\/tr\/wp-json\/wp\/v2\/media\/3897"}],"wp:attachment":[{"href":"https:\/\/www.cosmepak.com\/tr\/wp-json\/wp\/v2\/media?parent=1737"}],"wp:term":[{"taxonomy":"product_brand","embeddable":true,"href":"https:\/\/www.cosmepak.com\/tr\/wp-json\/wp\/v2\/product_brand?post=1737"},{"taxonomy":"product_cat","embeddable":true,"href":"https:\/\/www.cosmepak.com\/tr\/wp-json\/wp\/v2\/product_cat?post=1737"},{"taxonomy":"product_tag","embeddable":true,"href":"https:\/\/www.cosmepak.com\/tr\/wp-json\/wp\/v2\/product_tag?post=1737"}],"curies":[{"name":"wp","href":"https:\/\/api.w.org\/{rel}","templated":true}]}}