{"id":1774,"date":"2025-04-03T16:18:52","date_gmt":"2025-04-03T08:18:52","guid":{"rendered":"https:\/\/www.cosmepak.com\/?post_type=product&#038;p=1774"},"modified":"2026-01-04T10:14:20","modified_gmt":"2026-01-04T02:14:20","slug":"blue-off-the-shoulder-skindcare-bottle","status":"publish","type":"product","link":"https:\/\/www.cosmepak.com\/tr\/product\/blue-off-the-shoulder-skindcare-bottle\/","title":{"rendered":"Mavi Omuz D\u0131\u015f\u0131 Cilt Bak\u0131m\u0131 \u015ei\u015fesi"},"content":{"rendered":"<table style=\"border-collapse: collapse; width: 100%; height: 216px;\">\n<tbody>\n<tr style=\"height: 24px;\">\n<td style=\"width: 40.6929%; height: 216px;\" rowspan=\"9\"><img fetchpriority=\"high\" decoding=\"async\" class=\"alignnone size-full wp-image-3859\" src=\"https:\/\/www.cosmepak.com\/wp-content\/uploads\/2025\/04\/\u4e3b\u56fe-6-5.jpg\" alt=\"\" width=\"1000\" height=\"1000\" srcset=\"https:\/\/www.cosmepak.com\/wp-content\/uploads\/2025\/04\/\u4e3b\u56fe-6-5.jpg 1000w, https:\/\/www.cosmepak.com\/wp-content\/uploads\/2025\/04\/\u4e3b\u56fe-6-5-300x300.jpg 300w, https:\/\/www.cosmepak.com\/wp-content\/uploads\/2025\/04\/\u4e3b\u56fe-6-5-150x150.jpg 150w, https:\/\/www.cosmepak.com\/wp-content\/uploads\/2025\/04\/\u4e3b\u56fe-6-5-768x768.jpg 768w, https:\/\/www.cosmepak.com\/wp-content\/uploads\/2025\/04\/\u4e3b\u56fe-6-5-12x12.jpg 12w, https:\/\/www.cosmepak.com\/wp-content\/uploads\/2025\/04\/\u4e3b\u56fe-6-5-600x600.jpg 600w, https:\/\/www.cosmepak.com\/wp-content\/uploads\/2025\/04\/\u4e3b\u56fe-6-5-100x100.jpg 100w\" sizes=\"(max-width: 1000px) 100vw, 1000px\" \/><\/td>\n<td style=\"width: 23.5109%; height: 24px; text-align: center;\">Marka<\/td>\n<td style=\"width: 35.7961%; height: 24px; text-align: center;\">\u00a0Fahi\u015fe<\/td>\n<\/tr>\n<tr style=\"height: 24px;\">\n<td style=\"width: 23.5109%; height: 24px; text-align: center;\">Kapasite<\/td>\n<td style=\"width: 35.7961%; height: 24px; text-align: center;\">30ml \/ 45ml \/ 100ml \/ 120ml \/ 150ml \/ 30g \/ 50g<\/td>\n<\/tr>\n<tr style=\"height: 24px;\">\n<td style=\"width: 23.5109%; height: 24px; text-align: center;\">\u015eekil<\/td>\n<td style=\"width: 35.7961%; height: 24px; text-align: center;\">Silindir \u015fekli<\/td>\n<\/tr>\n<tr style=\"height: 24px;\">\n<td style=\"width: 23.5109%; height: 24px; text-align: center;\">Malzeme<\/td>\n<td style=\"width: 35.7961%; height: 24px; text-align: center;\">Bardak<\/td>\n<\/tr>\n<tr style=\"height: 24px;\">\n<td style=\"width: 23.5109%; height: 24px; text-align: center;\">Model<\/td>\n<td style=\"width: 35.7961%; height: 24px; text-align: center;\">JH-EM50<\/td>\n<\/tr>\n<tr style=\"height: 24px;\">\n<td style=\"width: 23.5109%; height: 24px; text-align: center;\">OEM ve ODM<\/td>\n<td style=\"width: 35.7961%; height: 24px; text-align: center;\">Kabul etmek<\/td>\n<\/tr>\n<tr style=\"height: 24px;\">\n<td style=\"width: 23.5109%; height: 24px; text-align: center;\">Renk<\/td>\n<td style=\"width: 35.7961%; height: 24px; text-align: center;\">Herhangi bir parton rengi \u00f6zelle\u015ftirilmi\u015f<\/td>\n<\/tr>\n<tr style=\"height: 24px;\">\n<td style=\"width: 23.5109%; height: 24px; text-align: center;\">Kullan\u0131m<\/td>\n<td style=\"width: 35.7961%; height: 24px; text-align: center;\">Losyon \/ Temel \/ krem vb.<\/td>\n<\/tr>\n<tr style=\"height: 24px;\">\n<td style=\"width: 23.5109%; height: 24px; text-align: center;\">Moq<\/td>\n<td style=\"width: 35.7961%; height: 24px; text-align: center;\">5000 pcs<\/td>\n<\/tr>\n<\/tbody>\n<\/table>\n<table style=\"border-collapse: collapse; width: 100%; height: 192px;\">\n<tbody>\n<tr style=\"height: 24px;\">\n<td style=\"width: 10.4249%; text-align: center; height: 24px;\"><strong>Kapasite<\/strong><\/td>\n<td style=\"width: 8.48195%; text-align: center; height: 24px;\"><strong>Toplam y\u00fckseklik<\/strong><\/td>\n<td style=\"width: 8.46783%; text-align: center; height: 24px;\"><strong>Alt \u00e7ap<\/strong><\/td>\n<td style=\"width: 7.56062%; text-align: center; height: 24px;\"><strong>\u00e7evresi<\/strong><\/td>\n<td style=\"width: 7.9709%; text-align: center; height: 24px;\"><strong>Yazd\u0131r\u0131labilir y\u00fckseklik<\/strong><\/td>\n<td style=\"width: 7.9709%; text-align: center; height: 24px;\"><strong>A\u011f\u0131rl\u0131k<\/strong><\/td>\n<\/tr>\n<tr style=\"height: 24px;\">\n<td style=\"width: 10.4249%; text-align: center; height: 24px;\">30g<\/td>\n<td style=\"width: 8.48195%; text-align: center; height: 24px;\">40mm<\/td>\n<td style=\"width: 8.46783%; text-align: center; height: 24px;\">66mm<\/td>\n<td style=\"width: 7.56062%; text-align: center; height: 24px;\">208 mm'lik<\/td>\n<td style=\"width: 7.9709%; text-align: center; height: 24px;\">12 mm'lik<\/td>\n<td style=\"width: 7.9709%; text-align: center; height: 24px;\">119.3g<\/td>\n<\/tr>\n<tr style=\"height: 24px;\">\n<td style=\"width: 10.4249%; text-align: center; height: 24px;\">50g<\/td>\n<td style=\"width: 8.48195%; text-align: center; height: 24px;\">48mm'lik<\/td>\n<td style=\"width: 8.46783%; text-align: center; height: 24px;\">66mm<\/td>\n<td style=\"width: 7.56062%; text-align: center; height: 24px;\">208 mm'lik<\/td>\n<td style=\"width: 7.9709%; text-align: center; height: 24px;\">18 mm<\/td>\n<td style=\"width: 7.9709%; text-align: center; height: 24px;\">138.5g<\/td>\n<\/tr>\n<tr style=\"height: 24px;\">\n<td style=\"width: 10.4249%; text-align: center; height: 24px;\">30ml damla \u015fi\u015fesi<\/td>\n<td style=\"width: 8.48195%; text-align: center; height: 24px;\">88mm<\/td>\n<td style=\"width: 8.46783%; text-align: center; height: 24px;\">49mm<\/td>\n<td style=\"width: 7.56062%; text-align: center; height: 24px;\">154mm'lik<\/td>\n<td style=\"width: 7.9709%; text-align: center; height: 24px;\">32 mm<\/td>\n<td style=\"width: 7.9709%; text-align: center; height: 24px;\">132.9g<\/td>\n<\/tr>\n<tr style=\"height: 24px;\">\n<td style=\"width: 10.4249%; text-align: center; height: 24px;\">50ml<\/td>\n<td style=\"width: 8.48195%; text-align: center; height: 24px;\">102mm<\/td>\n<td style=\"width: 8.46783%; text-align: center; height: 24px;\">49mm<\/td>\n<td style=\"width: 7.56062%; text-align: center; height: 24px;\">154mm'lik<\/td>\n<td style=\"width: 7.9709%; text-align: center; height: 24px;\">43mm<\/td>\n<td style=\"width: 7.9709%; text-align: center; height: 24px;\">141.6g<\/td>\n<\/tr>\n<tr style=\"height: 24px;\">\n<td style=\"width: 10.4249%; text-align: center; height: 24px;\">100ml<\/td>\n<td style=\"width: 8.48195%; text-align: center; height: 24px;\">Havas\u0131z teknoloji \u015fi\u015fenin yan\u0131nda bir vakum \u00f6l\u00e7er kullan\u0131r. Pompay\u0131 bast\u0131\u011f\u0131n\u0131zda, alt\u0131ndaki bir piston yukar\u0131 hareket eder. Bu, \u00fcr\u00fcn\u00fc havaya girmeden d\u0131\u015far\u0131 itmektedir. Bir\u00e7ok kullan\u0131mdan sonra bile form\u00fclleri oksidasyondan korur. Bu, \u00e7ok fazla koruyucu maddesi olmayan do\u011fal \u00fcr\u00fcnler i\u00e7in m\u00fckemmeldir.<\/td>\n<td style=\"width: 8.46783%; text-align: center; height: 24px;\">49mm<\/td>\n<td style=\"width: 7.56062%; text-align: center; height: 24px;\">154mm'lik<\/td>\n<td style=\"width: 7.9709%; text-align: center; height: 24px;\">82mm<\/td>\n<td style=\"width: 7.9709%; text-align: center; height: 24px;\">197 gr<\/td>\n<\/tr>\n<tr style=\"height: 24px;\">\n<td style=\"width: 10.4249%; text-align: center; height: 24px;\">120ml<\/td>\n<td style=\"width: 8.48195%; text-align: center; height: 24px;\">155 mm<\/td>\n<td style=\"width: 8.46783%; text-align: center; height: 24px;\">49mm<\/td>\n<td style=\"width: 7.56062%; text-align: center; height: 24px;\">154mm'lik<\/td>\n<td style=\"width: 7.9709%; text-align: center; height: 24px;\">95 mm<\/td>\n<td style=\"width: 7.9709%; text-align: center; height: 24px;\">208.3g<\/td>\n<\/tr>\n<tr style=\"height: 24px;\">\n<td style=\"width: 10.4249%; text-align: center; height: 24px;\">150ml<\/td>\n<td style=\"width: 8.48195%; text-align: center; height: 24px;\">175mm'lik<\/td>\n<td style=\"width: 8.46783%; text-align: center; height: 24px;\">49mm<\/td>\n<td style=\"width: 7.56062%; text-align: center; height: 24px;\">154mm'lik<\/td>\n<td style=\"width: 7.9709%; text-align: center; height: 24px;\">112mm<\/td>\n<td style=\"width: 7.9709%; text-align: center; height: 24px;\">218.2g<\/td>\n<\/tr>\n<\/tbody>\n<\/table>\n<p>Bu \u015fi\u015fe ambalaj seti kozmetik ve cilt bak\u0131m \u00fcr\u00fcnleri i\u00e7in tam bir \u00e7\u00f6z\u00fcmd\u00fcr. Basit ve zarif bir beyaz pompa ile e\u015fle\u015ftirilen \u00e7ekirdek ta\u015f\u0131y\u0131c\u0131 olarak y\u00fcksek kaliteli, d\u00fcz omuzlu silindirik cam \u015fi\u015feye sahiptir. \u00d6zel g\u00f6rsel tasar\u0131m\u0131 ve geni\u015f bir boyut se\u00e7ene\u011fi ile, hem estetik hem de pratikli\u011fi birle\u015ftirerek \u00e7e\u015fitli cilt bak\u0131m\u0131 ve kozmetik \u00fcr\u00fcnlerinin ambalaj ihtiya\u00e7lar\u0131n\u0131 tam olarak kar\u015f\u0131layabilir.<\/p>\n<p>\u015ei\u015fe, p\u00fcr\u00fczs\u00fcz ve d\u00fczenli \u00e7izgilerle klasik d\u00fcz omuzlu silindirik bir \u015fekil benimser, yerle\u015ftirildi\u011finde istikrar\u0131 sa\u011flar ve basit ancak l\u00fcks bir tarz\u0131 vurgular, parlak mavi bir renk, saf beyaz pompa kafas\u0131 ile g\u00fc\u00e7l\u00fc bir renk kontrast\u0131 yarat\u0131r, g\u00fc\u00e7l\u00fc bir g\u00f6rsel etki ile. H\u0131zla t\u00fcketicileri \u00e7ekebilir&#8217; dikkat ve taze ve saf bir \u00fcr\u00fcn karakterini iletmek.<\/p>\n<p>Bu \u00fcr\u00fcn son derece vah\u015fi bir \u00f6zellik ve yap\u0131land\u0131rma yelpazesine sahiptir, \u00f6zellikle s\u0131v\u0131 cilt bak\u0131m \u00fcr\u00fcnleri i\u00e7in tasarlanm\u0131\u015f cam \u015fi\u015feler ve \u00f6zellikle krem tipi \u00fcr\u00fcnler i\u00e7in tasarlanm\u0131\u015f kavanozlar, t\u00fcm kategorilerin tam kapsam\u0131n\u0131 sa\u011flar. S\u0131v\u0131 \u015fi\u015fe serisi, 30 ml, 45 ml, 100 ml, 120 ml ve 150 ml dahil olmak \u00fczere \u00e7e\u015fitli kapasite se\u00e7enekleri sunar. 30 ml \u00f6zellikleri \u00f6zellikle hassas \u00f6l\u00e7\u00fcm ve kullan\u0131m i\u00e7in uygun olan ve \u00f6zellikle hassas uygulama gerektiren \u00f6zler, esansiyel ya\u011flar ve \u00f6zler gibi \u00fcr\u00fcnler i\u00e7in uygundur. 45 ml ve \u00fcst\u00fcn\u00fcn daha b\u00fcy\u00fck kapasite \u00f6zellikleri, sorunsuz \u00e7al\u0131\u015fan ve s\u0131v\u0131y\u0131 e\u015fit \u015fekilde da\u011f\u0131tan beyaz bas\u0131n\u00e7l\u0131 bir pompa ile donat\u0131lm\u0131\u015ft\u0131r ve tonerler, losyonlar ve makyaj \u00e7\u0131kar\u0131c\u0131lar gibi \u00e7e\u015fitli s\u0131v\u0131 cilt bak\u0131m \u00fcr\u00fcnleri i\u00e7in uygundur. Kavanoz serisi iki ortak kapasiteye sahiptir, 30 gram ve 50 gram. Kavanozlar\u0131n tasar\u0131m\u0131 cam \u015fi\u015felerin tarz\u0131yla uyumludur, m\u00fckemmel bir s\u0131zd\u0131rmazl\u0131k performans\u0131na sahiptir ve nemlendiriciler, g\u00f6z kremleri ve v\u00fccut losyonlar\u0131 gibi krem tipi \u00fcr\u00fcnlerdeki aktif maddelerin oksidasyonunu ve bozulmas\u0131n\u0131 etkili bir \u015fekilde \u00f6nleyebilir.<\/p>\n<table style=\"border-collapse: collapse; width: 100%;\">\n<tbody>\n<tr>\n<td style=\"width: 33.3333%;\"><img decoding=\"async\" class=\"alignnone size-full wp-image-3860\" src=\"https:\/\/www.cosmepak.com\/wp-content\/uploads\/2025\/04\/61.jpg\" alt=\"\" width=\"1000\" height=\"1000\" srcset=\"https:\/\/www.cosmepak.com\/wp-content\/uploads\/2025\/04\/61.jpg 1000w, https:\/\/www.cosmepak.com\/wp-content\/uploads\/2025\/04\/61-300x300.jpg 300w, https:\/\/www.cosmepak.com\/wp-content\/uploads\/2025\/04\/61-150x150.jpg 150w, https:\/\/www.cosmepak.com\/wp-content\/uploads\/2025\/04\/61-768x768.jpg 768w, https:\/\/www.cosmepak.com\/wp-content\/uploads\/2025\/04\/61-12x12.jpg 12w, https:\/\/www.cosmepak.com\/wp-content\/uploads\/2025\/04\/61-600x600.jpg 600w, https:\/\/www.cosmepak.com\/wp-content\/uploads\/2025\/04\/61-100x100.jpg 100w\" sizes=\"(max-width: 1000px) 100vw, 1000px\" \/><\/td>\n<td style=\"width: 33.3333%;\"><img decoding=\"async\" class=\"alignnone size-full wp-image-3861\" src=\"https:\/\/www.cosmepak.com\/wp-content\/uploads\/2025\/04\/81.jpg\" alt=\"\" width=\"1000\" height=\"1000\" srcset=\"https:\/\/www.cosmepak.com\/wp-content\/uploads\/2025\/04\/81.jpg 1000w, https:\/\/www.cosmepak.com\/wp-content\/uploads\/2025\/04\/81-300x300.jpg 300w, https:\/\/www.cosmepak.com\/wp-content\/uploads\/2025\/04\/81-150x150.jpg 150w, https:\/\/www.cosmepak.com\/wp-content\/uploads\/2025\/04\/81-768x768.jpg 768w, https:\/\/www.cosmepak.com\/wp-content\/uploads\/2025\/04\/81-12x12.jpg 12w, https:\/\/www.cosmepak.com\/wp-content\/uploads\/2025\/04\/81-600x600.jpg 600w, https:\/\/www.cosmepak.com\/wp-content\/uploads\/2025\/04\/81-100x100.jpg 100w\" sizes=\"(max-width: 1000px) 100vw, 1000px\" \/><\/td>\n<td style=\"width: 33.3333%;\"><img loading=\"lazy\" decoding=\"async\" class=\"alignnone size-full wp-image-3862\" src=\"https:\/\/www.cosmepak.com\/wp-content\/uploads\/2025\/04\/41.jpg\" alt=\"\" width=\"1000\" height=\"1000\" srcset=\"https:\/\/www.cosmepak.com\/wp-content\/uploads\/2025\/04\/41.jpg 1000w, https:\/\/www.cosmepak.com\/wp-content\/uploads\/2025\/04\/41-300x300.jpg 300w, https:\/\/www.cosmepak.com\/wp-content\/uploads\/2025\/04\/41-150x150.jpg 150w, https:\/\/www.cosmepak.com\/wp-content\/uploads\/2025\/04\/41-768x768.jpg 768w, https:\/\/www.cosmepak.com\/wp-content\/uploads\/2025\/04\/41-12x12.jpg 12w, https:\/\/www.cosmepak.com\/wp-content\/uploads\/2025\/04\/41-600x600.jpg 600w, https:\/\/www.cosmepak.com\/wp-content\/uploads\/2025\/04\/41-100x100.jpg 100w\" sizes=\"(max-width: 1000px) 100vw, 1000px\" \/><\/td>\n<\/tr>\n<\/tbody>\n<\/table>\n<table style=\"border-collapse: collapse; width: 100%;\">\n<tbody>\n<tr>\n<td style=\"width: 50%;\"><img loading=\"lazy\" decoding=\"async\" class=\"alignnone size-full wp-image-3863\" src=\"https:\/\/www.cosmepak.com\/wp-content\/uploads\/2025\/04\/11-1.jpg\" alt=\"\" width=\"1000\" height=\"1000\" srcset=\"https:\/\/www.cosmepak.com\/wp-content\/uploads\/2025\/04\/11-1.jpg 1000w, https:\/\/www.cosmepak.com\/wp-content\/uploads\/2025\/04\/11-1-300x300.jpg 300w, https:\/\/www.cosmepak.com\/wp-content\/uploads\/2025\/04\/11-1-150x150.jpg 150w, https:\/\/www.cosmepak.com\/wp-content\/uploads\/2025\/04\/11-1-768x768.jpg 768w, https:\/\/www.cosmepak.com\/wp-content\/uploads\/2025\/04\/11-1-12x12.jpg 12w, https:\/\/www.cosmepak.com\/wp-content\/uploads\/2025\/04\/11-1-600x600.jpg 600w, https:\/\/www.cosmepak.com\/wp-content\/uploads\/2025\/04\/11-1-100x100.jpg 100w\" sizes=\"(max-width: 1000px) 100vw, 1000px\" \/><\/td>\n<td style=\"width: 50%;\"><img loading=\"lazy\" decoding=\"async\" class=\"alignnone size-full wp-image-3864\" src=\"https:\/\/www.cosmepak.com\/wp-content\/uploads\/2025\/04\/21-2.jpg\" alt=\"\" width=\"1000\" height=\"1000\" srcset=\"https:\/\/www.cosmepak.com\/wp-content\/uploads\/2025\/04\/21-2.jpg 1000w, https:\/\/www.cosmepak.com\/wp-content\/uploads\/2025\/04\/21-2-300x300.jpg 300w, https:\/\/www.cosmepak.com\/wp-content\/uploads\/2025\/04\/21-2-150x150.jpg 150w, https:\/\/www.cosmepak.com\/wp-content\/uploads\/2025\/04\/21-2-768x768.jpg 768w, https:\/\/www.cosmepak.com\/wp-content\/uploads\/2025\/04\/21-2-12x12.jpg 12w, https:\/\/www.cosmepak.com\/wp-content\/uploads\/2025\/04\/21-2-600x600.jpg 600w, https:\/\/www.cosmepak.com\/wp-content\/uploads\/2025\/04\/21-2-100x100.jpg 100w\" sizes=\"(max-width: 1000px) 100vw, 1000px\" \/><\/td>\n<\/tr>\n<\/tbody>\n<\/table>","protected":false},"excerpt":{"rendered":"<p>Malzeme: Cam<\/p>\n<p>Kapasite: 30ml \/ 50ml \/ 100ml \/ 120ml \/ 50g<\/p>\n<p>Renk: \u00d6zelle\u015ftirilmi\u015f Kabul (Mevcut Pantone Rengi)<\/p>\n<p>Y\u00fczey Kaplama: Serip Bask\u0131, S\u0131cak Damgalama, P\u00fcsk\u00fcrtme Gradyan, Mat Kaplama, vb.<\/p>\n<p>MOQ: 1000pcs \/ \u00f6zelle\u015ftirilmi\u015f 10000pcs<\/p>\n<p>\u00d6rnek: \u00dccretsiz \u00f6rnekler mevcut<\/p>\n<p>&nbsp;<\/p>\n<p>&nbsp;<\/p>","protected":false},"featured_media":3865,"comment_status":"closed","ping_status":"closed","template":"","meta":{"_acf_changed":false},"product_brand":[],"product_cat":[19,46],"product_tag":[61],"class_list":{"0":"post-1774","1":"product","2":"type-product","3":"status-publish","4":"has-post-thumbnail","6":"product_cat-skincare-glass-bottle","7":"product_cat-skincare-product-set-package","8":"product_tag-skincare-product-set","10":"first","11":"outofstock","12":"shipping-taxable","13":"product-type-simple"},"acf":[],"_links":{"self":[{"href":"https:\/\/www.cosmepak.com\/tr\/wp-json\/wp\/v2\/product\/1774","targetHints":{"allow":["GET"]}}],"collection":[{"href":"https:\/\/www.cosmepak.com\/tr\/wp-json\/wp\/v2\/product"}],"about":[{"href":"https:\/\/www.cosmepak.com\/tr\/wp-json\/wp\/v2\/types\/product"}],"replies":[{"embeddable":true,"href":"https:\/\/www.cosmepak.com\/tr\/wp-json\/wp\/v2\/comments?post=1774"}],"wp:featuredmedia":[{"embeddable":true,"href":"https:\/\/www.cosmepak.com\/tr\/wp-json\/wp\/v2\/media\/3865"}],"wp:attachment":[{"href":"https:\/\/www.cosmepak.com\/tr\/wp-json\/wp\/v2\/media?parent=1774"}],"wp:term":[{"taxonomy":"product_brand","embeddable":true,"href":"https:\/\/www.cosmepak.com\/tr\/wp-json\/wp\/v2\/product_brand?post=1774"},{"taxonomy":"product_cat","embeddable":true,"href":"https:\/\/www.cosmepak.com\/tr\/wp-json\/wp\/v2\/product_cat?post=1774"},{"taxonomy":"product_tag","embeddable":true,"href":"https:\/\/www.cosmepak.com\/tr\/wp-json\/wp\/v2\/product_tag?post=1774"}],"curies":[{"name":"wp","href":"https:\/\/api.w.org\/{rel}","templated":true}]}}