{"id":1810,"date":"2025-04-11T08:51:09","date_gmt":"2025-04-11T00:51:09","guid":{"rendered":"https:\/\/www.cosmepak.com\/?post_type=product&#038;p=1810"},"modified":"2025-12-30T16:36:17","modified_gmt":"2025-12-30T08:36:17","slug":"skincare-set-bottle-quartet-essence-jar-jaunce","status":"publish","type":"product","link":"https:\/\/www.cosmepak.com\/tr\/product\/skincare-set-bottle-quartet-essence-jar-jaunce\/","title":{"rendered":"Cilt Bak\u0131m\u0131 Seti \u015ei\u015fe D\u00f6rtl\u00fc \u00d6z Kavanoz \/ Jaunce"},"content":{"rendered":"<table style=\"border-collapse: collapse; width: 100%; height: 216px;\">\n<tbody>\n<tr style=\"height: 24px;\">\n<td style=\"width: 40.6929%; height: 216px;\" rowspan=\"9\"><img fetchpriority=\"high\" decoding=\"async\" class=\"alignnone size-full wp-image-1775\" src=\"https:\/\/www.cosmepak.com\/wp-content\/uploads\/2025\/04\/2-5.jpg\" alt=\"cilt bak\u0131m \u015fi\u015fesi\" width=\"1000\" height=\"1000\" srcset=\"https:\/\/www.cosmepak.com\/wp-content\/uploads\/2025\/04\/2-5.jpg 1000w, https:\/\/www.cosmepak.com\/wp-content\/uploads\/2025\/04\/2-5-300x300.jpg 300w, https:\/\/www.cosmepak.com\/wp-content\/uploads\/2025\/04\/2-5-150x150.jpg 150w, https:\/\/www.cosmepak.com\/wp-content\/uploads\/2025\/04\/2-5-768x768.jpg 768w, https:\/\/www.cosmepak.com\/wp-content\/uploads\/2025\/04\/2-5-600x600.jpg 600w, https:\/\/www.cosmepak.com\/wp-content\/uploads\/2025\/04\/2-5-100x100.jpg 100w\" sizes=\"(max-width: 1000px) 100vw, 1000px\" \/><\/td>\n<td style=\"width: 23.5109%; height: 24px; text-align: center;\">Marka<\/td>\n<td style=\"width: 35.7961%; height: 24px; text-align: center;\">\u00a0Fahi\u015fe<\/td>\n<\/tr>\n<tr style=\"height: 24px;\">\n<td style=\"width: 23.5109%; height: 24px; text-align: center;\">Kapasite<\/td>\n<td style=\"width: 35.7961%; height: 24px; text-align: center;\">30ml \/ 50ml \/ 100ml \/ 120ml \/ 50g<\/td>\n<\/tr>\n<tr style=\"height: 24px;\">\n<td style=\"width: 23.5109%; height: 24px; text-align: center;\">\u015eekil<\/td>\n<td style=\"width: 35.7961%; height: 24px; text-align: center;\">Kare<\/td>\n<\/tr>\n<tr style=\"height: 24px;\">\n<td style=\"width: 23.5109%; height: 24px; text-align: center;\">Malzeme<\/td>\n<td style=\"width: 35.7961%; height: 24px; text-align: center;\">Bardak<\/td>\n<\/tr>\n<tr style=\"height: 24px;\">\n<td style=\"width: 23.5109%; height: 24px; text-align: center;\">Model<\/td>\n<td style=\"width: 35.7961%; height: 24px; text-align: center;\">JH-EM50<\/td>\n<\/tr>\n<tr style=\"height: 24px;\">\n<td style=\"width: 23.5109%; height: 24px; text-align: center;\">OEM ve ODM<\/td>\n<td style=\"width: 35.7961%; height: 24px; text-align: center;\">Kabul etmek<\/td>\n<\/tr>\n<tr style=\"height: 24px;\">\n<td style=\"width: 23.5109%; height: 24px; text-align: center;\">Renk<\/td>\n<td style=\"width: 35.7961%; height: 24px; text-align: center;\">Herhangi bir parton rengi \u00f6zelle\u015ftirilmi\u015f<\/td>\n<\/tr>\n<tr style=\"height: 24px;\">\n<td style=\"width: 23.5109%; height: 24px; text-align: center;\">Kullan\u0131m<\/td>\n<td style=\"width: 35.7961%; height: 24px; text-align: center;\">Losyon \/ Temel \/ krem vb.<\/td>\n<\/tr>\n<tr style=\"height: 24px;\">\n<td style=\"width: 23.5109%; height: 24px; text-align: center;\">Moq<\/td>\n<td style=\"width: 35.7961%; height: 24px; text-align: center;\">1000pcs;<\/td>\n<\/tr>\n<\/tbody>\n<\/table>\n<table style=\"border-collapse: collapse; width: 100%; height: 192px;\">\n<tbody>\n<tr style=\"height: 24px;\">\n<td style=\"width: 12.7434%; text-align: center; height: 24px;\"><strong>Kapasite<\/strong><\/td>\n<td style=\"width: 12.5142%; text-align: center; height: 24px;\"><strong>Toplam y\u00fckseklik<\/strong><\/td>\n<td style=\"width: 12.5002%; text-align: center; height: 24px;\"><strong>Alt \u00e7ap<\/strong><\/td>\n<td style=\"width: 13.1192%; text-align: center; height: 24px;\"><strong>Yazd\u0131r\u0131labilir y\u00fckseklik<\/strong><\/td>\n<\/tr>\n<tr style=\"height: 24px;\">\n<td style=\"width: 12.7434%; text-align: center; height: 24px;\">50g<\/td>\n<td style=\"width: 12.5142%; text-align: center; height: 24px;\">51mm<\/td>\n<td style=\"width: 12.5002%; text-align: center; height: 24px;\">63mm<\/td>\n<td style=\"width: 13.1192%; text-align: center; height: 24px;\">22mm<\/td>\n<\/tr>\n<tr style=\"height: 24px;\">\n<td style=\"width: 12.7434%; text-align: center; height: 24px;\">30ml<\/td>\n<td style=\"width: 12.5142%; text-align: center; height: 24px;\">81mm<\/td>\n<td style=\"width: 12.5002%; text-align: center; height: 24px;\">46 mm<\/td>\n<td style=\"width: 13.1192%; text-align: center; height: 24px;\">28 mm<\/td>\n<\/tr>\n<tr style=\"height: 24px;\">\n<td style=\"width: 12.7434%; text-align: center; height: 24px;\">50ml<\/td>\n<td style=\"width: 12.5142%; text-align: center; height: 24px;\">100 mm<\/td>\n<td style=\"width: 12.5002%; text-align: center; height: 24px;\">46 mm<\/td>\n<td style=\"width: 13.1192%; text-align: center; height: 24px;\">47 mm<\/td>\n<\/tr>\n<tr style=\"height: 24px;\">\n<td style=\"width: 12.7434%; text-align: center; height: 24px;\">100ml<\/td>\n<td style=\"width: 12.5142%; text-align: center; height: 24px;\">146 mm<\/td>\n<td style=\"width: 12.5002%; text-align: center; height: 24px;\">47 mm<\/td>\n<td style=\"width: 13.1192%; text-align: center; height: 24px;\">94 mm<\/td>\n<\/tr>\n<tr style=\"height: 24px;\">\n<td style=\"width: 12.7434%; text-align: center; height: 24px;\">120ml<\/td>\n<td style=\"width: 12.5142%; text-align: center; height: 24px;\">155 mm<\/td>\n<td style=\"width: 12.5002%; text-align: center; height: 24px;\">47 mm<\/td>\n<td style=\"width: 13.1192%; text-align: center; height: 24px;\">102mm<\/td>\n<\/tr>\n<\/tbody>\n<\/table>\n<p>Bu, cilt bak\u0131m\u0131 ve makyaj ambalajlar\u0131 i\u00e7in \u00f6zel olarak tasarlanm\u0131\u015f kare k\u00f6\u015feli bir kozmetik \u015fi\u015fesi setidir. Cam \u015fi\u015fe g\u00f6vdesi, y\u00fcksek kaliteli ve modern bir g\u00f6rsel efekt yaratan beyaz ve alt\u0131n aksesuarlar (kapak \/ pompa kafas\u0131) ile tamamlanan zarif bir sar\u0131 renk ren\u011fine sahiptir.<\/p>\n<p>Kare ve yuvarlak kenar \u015fi\u015fe seti, 50g krema kavanozlar\u0131, 30ml, 50ml, 100ml ve 120ml losyon \u015fi\u015feleri dahil olmak \u00fczere \u00e7e\u015fitli boyutlarda mevcuttur. \u015ei\u015fe d\u00fcz ve yuvarlak bir \u015fekilde tasarlanm\u0131\u015ft\u0131r ve sar\u0131 bir renkte boyanm\u0131\u015ft\u0131r. \u00d6zelle\u015ftirilmi\u015f serigrafi, alt\u0131n damgalama ve di\u011fer i\u015flemler de \u015fi\u015fe g\u00f6vdesine uygulanabilir.<\/p>\n<p>Alt\u0131n i\u00e7 CD pompas\u0131 alt\u0131n elektro-al\u00fcminyum d\u0131\u015f kapakla e\u015fle\u015ftirilmi\u015ftir. Renk parlak ve \u015fi\u015fenin sar\u0131 renk \u015femas\u0131 ile daha uyumludur. Di\u015fli \u015fi\u015fe a\u011f\u0131z\u0131 doldurma i\u015flemini daha uygun hale getirir. Pompa kafas\u0131 s\u0131v\u0131y\u0131 tam olarak \u00e7ekebilir. Tam olarak ihtiyac\u0131n\u0131z olan miktar\u0131 kirlilik olmadan alabilirsiniz.<\/p>\n<p class=\"ai-center-markdown-p\">Bu t\u00fcr serise Cilt Bak\u0131m\u0131 Seti, 30ml'den 120ml'ye kadar de\u011fi\u015fen \u015f\u0131k kare yuvarlak k\u00f6\u015fe cam \u015fi\u015fe, kavanoz 50g'ye sahiptir. Bu \u015fi\u015feler, daha fazla dayan\u0131kl\u0131l\u0131k ve modern bir estetik i\u00e7in kal\u0131nla\u015ft\u0131r\u0131lm\u0131\u015f bir tabanla tasarlanm\u0131\u015ft\u0131r. \u015ei\u015fenin g\u00f6vdesi, cilt bak\u0131m \u00fcr\u00fcnlerinize zariflik bir dokunu\u015fu ekleyen sar\u0131 bir renk sergiler.  . Aksesuarlar beyaz ve alt\u0131n se\u00e7eneklerde mevcuttur, losyonlar, s\u0131v\u0131 temeller ve kremler i\u00e7in m\u00fckemmeldir. Bu set cilt bak\u0131m ihtiya\u00e7lar\u0131n\u0131z i\u00e7in \u00e7ok y\u00f6nl\u00fc uygulama sunar.<\/p>\n<p class=\"ai-center-markdown-p\" data-spm-anchor-id=\"a2747.product_manager.0.i25.b13471d25n1Drz\">Ayr\u0131ca \u00e7e\u015fitli \u00f6zelle\u015ftirme se\u00e7enekleri sunuyoruz: serigrafi, s\u0131cak damgalama, buzlama, p\u00fcsk\u00fcrtme ve elektrokaplama. Benzer \u00fcr\u00fcn stilleri stokta mevcuttur, losyonlar, s\u0131v\u0131 temeller ve kremler i\u00e7in m\u00fckemmeldir. Bu set cilt bak\u0131m ihtiya\u00e7lar\u0131n\u0131z i\u00e7in \u00e7ok y\u00f6nl\u00fc uygulama sunar.<\/p>\n<table style=\"border-collapse: collapse; width: 100%;\">\n<tbody>\n<tr>\n<td style=\"width: 33.3333%;\"><img decoding=\"async\" class=\"alignnone size-full wp-image-3854\" src=\"https:\/\/www.cosmepak.com\/wp-content\/uploads\/2025\/04\/9-4.jpg\" alt=\"\" width=\"1000\" height=\"1000\" srcset=\"https:\/\/www.cosmepak.com\/wp-content\/uploads\/2025\/04\/9-4.jpg 1000w, https:\/\/www.cosmepak.com\/wp-content\/uploads\/2025\/04\/9-4-300x300.jpg 300w, https:\/\/www.cosmepak.com\/wp-content\/uploads\/2025\/04\/9-4-150x150.jpg 150w, https:\/\/www.cosmepak.com\/wp-content\/uploads\/2025\/04\/9-4-768x768.jpg 768w, https:\/\/www.cosmepak.com\/wp-content\/uploads\/2025\/04\/9-4-12x12.jpg 12w, https:\/\/www.cosmepak.com\/wp-content\/uploads\/2025\/04\/9-4-600x600.jpg 600w, https:\/\/www.cosmepak.com\/wp-content\/uploads\/2025\/04\/9-4-100x100.jpg 100w\" sizes=\"(max-width: 1000px) 100vw, 1000px\" \/><\/td>\n<td style=\"width: 33.3333%;\"><img decoding=\"async\" class=\"alignnone size-full wp-image-3855\" src=\"https:\/\/www.cosmepak.com\/wp-content\/uploads\/2025\/04\/8-5.jpg\" alt=\"\" width=\"800\" height=\"800\" srcset=\"https:\/\/www.cosmepak.com\/wp-content\/uploads\/2025\/04\/8-5.jpg 800w, https:\/\/www.cosmepak.com\/wp-content\/uploads\/2025\/04\/8-5-300x300.jpg 300w, https:\/\/www.cosmepak.com\/wp-content\/uploads\/2025\/04\/8-5-150x150.jpg 150w, https:\/\/www.cosmepak.com\/wp-content\/uploads\/2025\/04\/8-5-768x768.jpg 768w, https:\/\/www.cosmepak.com\/wp-content\/uploads\/2025\/04\/8-5-12x12.jpg 12w, https:\/\/www.cosmepak.com\/wp-content\/uploads\/2025\/04\/8-5-600x600.jpg 600w, https:\/\/www.cosmepak.com\/wp-content\/uploads\/2025\/04\/8-5-100x100.jpg 100w\" sizes=\"(max-width: 800px) 100vw, 800px\" \/><\/td>\n<td style=\"width: 33.3333%;\"><img loading=\"lazy\" decoding=\"async\" class=\"alignnone size-full wp-image-3856\" src=\"https:\/\/www.cosmepak.com\/wp-content\/uploads\/2025\/04\/10-4.jpg\" alt=\"\" width=\"800\" height=\"800\" srcset=\"https:\/\/www.cosmepak.com\/wp-content\/uploads\/2025\/04\/10-4.jpg 800w, https:\/\/www.cosmepak.com\/wp-content\/uploads\/2025\/04\/10-4-300x300.jpg 300w, https:\/\/www.cosmepak.com\/wp-content\/uploads\/2025\/04\/10-4-150x150.jpg 150w, https:\/\/www.cosmepak.com\/wp-content\/uploads\/2025\/04\/10-4-768x768.jpg 768w, https:\/\/www.cosmepak.com\/wp-content\/uploads\/2025\/04\/10-4-12x12.jpg 12w, https:\/\/www.cosmepak.com\/wp-content\/uploads\/2025\/04\/10-4-600x600.jpg 600w, https:\/\/www.cosmepak.com\/wp-content\/uploads\/2025\/04\/10-4-100x100.jpg 100w\" sizes=\"(max-width: 800px) 100vw, 800px\" \/><\/td>\n<\/tr>\n<\/tbody>\n<\/table>\n<table style=\"border-collapse: collapse; width: 100%;\">\n<tbody>\n<tr>\n<td style=\"width: 50%;\"><img loading=\"lazy\" decoding=\"async\" class=\"alignnone size-full wp-image-3857\" src=\"https:\/\/www.cosmepak.com\/wp-content\/uploads\/2025\/04\/3-11.jpg\" alt=\"\" width=\"614\" height=\"613\" srcset=\"https:\/\/www.cosmepak.com\/wp-content\/uploads\/2025\/04\/3-11.jpg 614w, https:\/\/www.cosmepak.com\/wp-content\/uploads\/2025\/04\/3-11-300x300.jpg 300w, https:\/\/www.cosmepak.com\/wp-content\/uploads\/2025\/04\/3-11-150x150.jpg 150w, https:\/\/www.cosmepak.com\/wp-content\/uploads\/2025\/04\/3-11-12x12.jpg 12w, https:\/\/www.cosmepak.com\/wp-content\/uploads\/2025\/04\/3-11-600x599.jpg 600w, https:\/\/www.cosmepak.com\/wp-content\/uploads\/2025\/04\/3-11-100x100.jpg 100w\" sizes=\"(max-width: 614px) 100vw, 614px\" \/><\/td>\n<td style=\"width: 50%;\"><img loading=\"lazy\" decoding=\"async\" class=\"alignnone size-full wp-image-3858\" src=\"https:\/\/www.cosmepak.com\/wp-content\/uploads\/2025\/04\/6-8.jpg\" alt=\"\" width=\"1000\" height=\"1000\" srcset=\"https:\/\/www.cosmepak.com\/wp-content\/uploads\/2025\/04\/6-8.jpg 1000w, https:\/\/www.cosmepak.com\/wp-content\/uploads\/2025\/04\/6-8-300x300.jpg 300w, https:\/\/www.cosmepak.com\/wp-content\/uploads\/2025\/04\/6-8-150x150.jpg 150w, https:\/\/www.cosmepak.com\/wp-content\/uploads\/2025\/04\/6-8-768x768.jpg 768w, https:\/\/www.cosmepak.com\/wp-content\/uploads\/2025\/04\/6-8-12x12.jpg 12w, https:\/\/www.cosmepak.com\/wp-content\/uploads\/2025\/04\/6-8-600x600.jpg 600w, https:\/\/www.cosmepak.com\/wp-content\/uploads\/2025\/04\/6-8-100x100.jpg 100w\" sizes=\"(max-width: 1000px) 100vw, 1000px\" \/><\/td>\n<\/tr>\n<\/tbody>\n<\/table>","protected":false},"excerpt":{"rendered":"<p>Malzeme: Cam<\/p>\n<p>Kapasite: 30ml \/ 50ml \/ 100ml \/ 120ml \/ 50g<\/p>\n<p>Renk: \u00d6zelle\u015ftirilmi\u015f Kabul (Mevcut Pantone Rengi)<\/p>\n<p>Y\u00fczey Kaplama: Serip Bask\u0131, S\u0131cak Damgalama, P\u00fcsk\u00fcrtme Gradyan, Mat Kaplama, vb.<\/p>\n<p>MOQ: 1000pcs \/ \u00f6zelle\u015ftirilmi\u015f 10000pcs<\/p>\n<p>\u00d6rnek: \u00dccretsiz \u00f6rnekler mevcut<\/p>\n<p>&nbsp;<\/p>\n<p>&nbsp;<\/p>","protected":false},"featured_media":1782,"comment_status":"closed","ping_status":"closed","template":"","meta":{"_acf_changed":false},"product_brand":[],"product_cat":[19,46],"product_tag":[61],"class_list":{"0":"post-1810","1":"product","2":"type-product","3":"status-publish","4":"has-post-thumbnail","6":"product_cat-skincare-glass-bottle","7":"product_cat-skincare-product-set-package","8":"product_tag-skincare-product-set","10":"first","11":"instock","12":"shipping-taxable","13":"product-type-simple"},"acf":[],"_links":{"self":[{"href":"https:\/\/www.cosmepak.com\/tr\/wp-json\/wp\/v2\/product\/1810","targetHints":{"allow":["GET"]}}],"collection":[{"href":"https:\/\/www.cosmepak.com\/tr\/wp-json\/wp\/v2\/product"}],"about":[{"href":"https:\/\/www.cosmepak.com\/tr\/wp-json\/wp\/v2\/types\/product"}],"replies":[{"embeddable":true,"href":"https:\/\/www.cosmepak.com\/tr\/wp-json\/wp\/v2\/comments?post=1810"}],"wp:featuredmedia":[{"embeddable":true,"href":"https:\/\/www.cosmepak.com\/tr\/wp-json\/wp\/v2\/media\/1782"}],"wp:attachment":[{"href":"https:\/\/www.cosmepak.com\/tr\/wp-json\/wp\/v2\/media?parent=1810"}],"wp:term":[{"taxonomy":"product_brand","embeddable":true,"href":"https:\/\/www.cosmepak.com\/tr\/wp-json\/wp\/v2\/product_brand?post=1810"},{"taxonomy":"product_cat","embeddable":true,"href":"https:\/\/www.cosmepak.com\/tr\/wp-json\/wp\/v2\/product_cat?post=1810"},{"taxonomy":"product_tag","embeddable":true,"href":"https:\/\/www.cosmepak.com\/tr\/wp-json\/wp\/v2\/product_tag?post=1810"}],"curies":[{"name":"wp","href":"https:\/\/api.w.org\/{rel}","templated":true}]}}