{"id":1819,"date":"2025-04-14T11:14:29","date_gmt":"2025-04-14T03:14:29","guid":{"rendered":"https:\/\/www.cosmepak.com\/?post_type=product&#038;p=1819"},"modified":"2025-11-27T13:27:09","modified_gmt":"2025-11-27T05:27:09","slug":"15ml-100ml-as-vacuum-bottles-for-cosmetic-packaging-jaunce","status":"publish","type":"product","link":"https:\/\/www.cosmepak.com\/tr\/product\/15ml-100ml-as-vacuum-bottles-for-cosmetic-packaging-jaunce\/","title":{"rendered":"Kozmetik Ambalaj \/ Jaunce \u0130\u00e7in 15ml-100ml AS Vakum \u015ei\u015feler"},"content":{"rendered":"<table style=\"border-collapse: collapse; width: 100%; height: 216px;\">\n<tbody>\n<tr style=\"height: 24px;\">\n<td style=\"width: 40.6929%; height: 216px;\" rowspan=\"9\"><img fetchpriority=\"high\" decoding=\"async\" class=\"alignnone size-full wp-image-1821\" src=\"https:\/\/www.cosmepak.com\/wp-content\/uploads\/2025\/04\/O1CN01B8l6If1nx2QPOhAuA_1777995155-0-cib.jpg\" alt=\"vakum \u015fi\u015feleri\" width=\"800\" height=\"800\" srcset=\"https:\/\/www.cosmepak.com\/wp-content\/uploads\/2025\/04\/O1CN01B8l6If1nx2QPOhAuA_1777995155-0-cib.jpg 800w, https:\/\/www.cosmepak.com\/wp-content\/uploads\/2025\/04\/O1CN01B8l6If1nx2QPOhAuA_1777995155-0-cib-300x300.jpg 300w, https:\/\/www.cosmepak.com\/wp-content\/uploads\/2025\/04\/O1CN01B8l6If1nx2QPOhAuA_1777995155-0-cib-150x150.jpg 150w, https:\/\/www.cosmepak.com\/wp-content\/uploads\/2025\/04\/O1CN01B8l6If1nx2QPOhAuA_1777995155-0-cib-768x768.jpg 768w, https:\/\/www.cosmepak.com\/wp-content\/uploads\/2025\/04\/O1CN01B8l6If1nx2QPOhAuA_1777995155-0-cib-12x12.jpg 12w, https:\/\/www.cosmepak.com\/wp-content\/uploads\/2025\/04\/O1CN01B8l6If1nx2QPOhAuA_1777995155-0-cib-600x600.jpg 600w, https:\/\/www.cosmepak.com\/wp-content\/uploads\/2025\/04\/O1CN01B8l6If1nx2QPOhAuA_1777995155-0-cib-100x100.jpg 100w\" sizes=\"(max-width: 800px) 100vw, 800px\" \/><\/td>\n<td style=\"width: 23.5109%; height: 24px; text-align: center;\">Marka<\/td>\n<td style=\"width: 35.7961%; height: 24px; text-align: center;\">\u00a0Fahi\u015fe<\/td>\n<\/tr>\n<tr style=\"height: 24px;\">\n<td style=\"width: 23.5109%; height: 24px; text-align: center;\">Kapasite<\/td>\n<td style=\"width: 35.7961%; height: 24px; text-align: center;\">15ml \/ 30ml \/ 50ml \/ 80ml \/ 100ml<\/td>\n<\/tr>\n<tr style=\"height: 24px;\">\n<td style=\"width: 23.5109%; height: 24px; text-align: center;\">\u015eekil<\/td>\n<td style=\"width: 35.7961%; height: 24px; text-align: center;\">Yuvarlak<\/td>\n<\/tr>\n<tr style=\"height: 24px;\">\n<td style=\"width: 23.5109%; height: 24px; text-align: center;\">Malzeme<\/td>\n<td style=\"width: 35.7961%; height: 24px; text-align: center;\">\u015ei\u015fe+kapak olarak;<\/td>\n<\/tr>\n<tr style=\"height: 24px;\">\n<td style=\"width: 23.5109%; height: 24px; text-align: center;\">Model<\/td>\n<td style=\"width: 35.7961%; height: 24px; text-align: center;\">JH-LWA12<\/td>\n<\/tr>\n<tr style=\"height: 24px;\">\n<td style=\"width: 23.5109%; height: 24px; text-align: center;\">OEM ve ODM<\/td>\n<td style=\"width: 35.7961%; height: 24px; text-align: center;\">Kabul etmek<\/td>\n<\/tr>\n<tr style=\"height: 24px;\">\n<td style=\"width: 23.5109%; height: 24px; text-align: center;\">Renk<\/td>\n<td style=\"width: 35.7961%; height: 24px; text-align: center;\">Herhangi bir parton rengi \u00f6zelle\u015ftirilmi\u015f<\/td>\n<\/tr>\n<tr style=\"height: 24px;\">\n<td style=\"width: 23.5109%; height: 24px; text-align: center;\">Kullan\u0131m<\/td>\n<td style=\"width: 35.7961%; height: 24px; text-align: center;\">Losyon \/ Temel \/ krem vb.<\/td>\n<\/tr>\n<tr style=\"height: 24px;\">\n<td style=\"width: 23.5109%; height: 24px; text-align: center;\">Moq<\/td>\n<td style=\"width: 35.7961%; height: 24px; text-align: center;\">10000 pcs<\/td>\n<\/tr>\n<\/tbody>\n<\/table>\n<p>&nbsp;<\/p>\n<table style=\"border-collapse: collapse; width: 100%; height: 192px;\">\n<tbody>\n<tr style=\"height: 24px;\">\n<td style=\"width: 12.7434%; text-align: center; height: 24px;\"><strong>Kapasite<\/strong><\/td>\n<td style=\"width: 12.5142%; text-align: center; height: 24px;\"><strong>Toplam y\u00fckseklik<\/strong><\/td>\n<td style=\"width: 12.5002%; text-align: center; height: 24px;\"><strong>Alt \u00e7ap<\/strong><\/td>\n<\/tr>\n<tr style=\"height: 24px;\">\n<td style=\"width: 12.7434%; text-align: center; height: 24px;\">15ml<\/td>\n<td style=\"width: 12.5142%; text-align: center; height: 24px;\">99mm<\/td>\n<td style=\"width: 12.5002%; text-align: center; height: 24px;\">33 mm<\/td>\n<\/tr>\n<tr style=\"height: 24px;\">\n<td style=\"width: 12.7434%; text-align: center; height: 24px;\">30ml<\/td>\n<td style=\"width: 12.5142%; text-align: center; height: 24px;\">118mm<\/td>\n<td style=\"width: 12.5002%; text-align: center; height: 24px;\">33 mm<\/td>\n<\/tr>\n<tr style=\"height: 24px;\">\n<td style=\"width: 12.7434%; text-align: center; height: 24px;\">50ml<\/td>\n<td style=\"width: 12.5142%; text-align: center; height: 24px;\">151mm<\/td>\n<td style=\"width: 12.5002%; text-align: center; height: 24px;\">33 mm<\/td>\n<\/tr>\n<tr style=\"height: 24px;\">\n<td style=\"width: 12.7434%; text-align: center; height: 24px;\">80ml<\/td>\n<td style=\"width: 12.5142%; text-align: center; height: 24px;\">157 mm<\/td>\n<td style=\"width: 12.5002%; text-align: center; height: 24px;\">41mm<\/td>\n<\/tr>\n<tr style=\"height: 24px;\">\n<td style=\"width: 12.7434%; text-align: center; height: 24px;\">100ml<\/td>\n<td style=\"width: 12.5142%; text-align: center; height: 24px;\">178mm<\/td>\n<td style=\"width: 12.5002%; text-align: center; height: 24px;\">41mm<\/td>\n<\/tr>\n<\/tbody>\n<\/table>\n<div>Bu havas\u0131z pompa \u015fi\u015fesi, ileri vakum teknolojisini dayan\u0131kl\u0131 malzemelerle entegre ederek, bu \u015fi\u015feler \u00e7e\u015fitli kozmetiklerin kalitesini etkili bir \u015fekilde korur. Vidal\u0131 tasar\u0131m, kapak ve \u015fi\u015fe g\u00f6vdesi aras\u0131nda g\u00fcvenli ve s\u0131k\u0131 bir m\u00fch\u00fcrl\u00fck sa\u011flar, d\u0131\u015f havan\u0131n ve nemin girmesini \u00f6nler ve ayn\u0131 zamanda ta\u015f\u0131ma veya kullan\u0131m s\u0131ras\u0131nda s\u0131z\u0131nt\u0131y\u0131 azalt\u0131r. Bu d\u00fc\u015f\u00fcn\u00fclm\u00fc\u015f tasar\u0131m sadece ambalaj\u0131n g\u00fcvenilirli\u011fini artt\u0131rmakla kalmaz, ayn\u0131 zamanda kullan\u0131c\u0131lara p\u00fcr\u00fczs\u00fcz ve uygun bir a\u00e7ma ve kapatma deneyimi de sa\u011flar. Premium malzemelerden yap\u0131lan \u015fi\u015fe g\u00f6vdesi, m\u00fckemmel \u015feffafl\u0131k, darbe direnci ve kimyasal istikrar sunan AS (Akrilonitril Styrene) re\u00e7inesinden yap\u0131lm\u0131\u015ft\u0131r. \u015eeffaf AS malzemesi, t\u00fcketicilerin \u00fcr\u00fcn\u00fc a\u00e7\u0131k\u00e7a g\u00f6zlemlemelerini sa\u011flar&#8217; s renk, doku ve kalan miktar.<\/div>\n<div>\n<div data-page-id=\"DUINfxuyDdKZYbcilYocgDaNnOc\" data-lark-html-role=\"root\" data-docx-has-block-data=\"false\">\n<div class=\"ace-line ace-line old-record-id-GW1DftJy7d6U3vcG5tdcwWXjnec\">\n<p>Kapak ve pompa, hafif, toksik olmayan ve BPA's\u0131z oldu\u011fu bilinen y\u00fcksek kaliteli PP (Polipropilen)den yap\u0131lm\u0131\u015ft\u0131r; Bu, kozmetik form\u00fclasyonlarla g\u00fcvenli temas sa\u011flar. Ek olarak, hassas \u00fcretilmi\u015f PP pompas\u0131, a\u015f\u0131r\u0131 veya e\u015fitsiz \u00fcr\u00fcn \u00e7\u0131k\u0131m\u0131ndan kaynaklanan at\u0131klar\u0131 en aza indirirken tutarl\u0131 ve p\u00fcr\u00fczs\u00fcz bir \u015fekilde da\u011f\u0131t\u0131m sa\u011flar.<br \/>\nGeni\u015f bir kapasite se\u00e7ene\u011fi ile - 15ml, 30ml, 50ml, 80ml ve 100ml - bu \u015fi\u015feler \u00e7e\u015fitli kozmetik ambalaj ihtiya\u00e7lar\u0131n\u0131 kar\u015f\u0131lar. 15ml ve 30ml boyutlar\u0131 serumlar, \u00f6zler veya g\u00f6z kremleri i\u00e7in idealdir - seyahat veya deneme kitleri i\u00e7in m\u00fckemmeldir; 50ml ve 80ml se\u00e7eneklerinde d\u00fczenli g\u00fcnl\u00fck kullan\u0131m i\u00e7in tasarlanm\u0131\u015f losyonlar, y\u00fcz ya\u011flar\u0131 veya v\u00fccut serumlar\u0131 yer al\u0131r; son olarak, 100ml boyutu v\u00fccut losyonlar\u0131 veya sa\u00e7 serumlar\u0131 gibi daha b\u00fcy\u00fck hacimli \u00fcr\u00fcnler i\u00e7in uygundur. Bu kapsaml\u0131 kapasite dizisi, bu \u015fi\u015feleri \u00e7e\u015fitli kozmetik kategorilerinde uygun hale getirirken farkl\u0131 \u00fcr\u00fcn hatlar\u0131nda farkl\u0131 ambalaj gereksinimlerini kar\u015f\u0131lar.<\/p>\n<p>\u015ei\u015fenin g\u00f6vdesi standart olarak y\u00fcksek \u015feffafl\u0131k ve net malzeme ile donat\u0131lm\u0131\u015ft\u0131r. \u015eeffaf doku do\u011frudan \u00fcr\u00fcn\u00fcn orijinal durumunu sunar ve do\u011fan\u0131n g\u00fczelli\u011fini ve safl\u0131\u011f\u0131n\u0131 tam olarak sergiler. Farkl\u0131 g\u00f6rsel ifade izleyen markalar i\u00e7in tam boyutlu bir \u00f6zelle\u015ftirme hizmeti sunuyoruz &#8211; tamamen markay\u0131 kopyalayabilen herhangi bir Pantone renk numaras\u0131n\u0131n kesin e\u015fle\u015fmesini desteklemek&#8217; \u015ei\u015fenin g\u00f6vdesi ve kapa\u011f\u0131ndaki imza tonlar\u0131, g\u00f6rsel g\u00f6r\u00fcnt\u00fc ve marka tonu aras\u0131nda y\u00fcksek derecede birlik elde eder. Se\u00e7mek i\u00e7in birden \u00e7ok y\u00fcksek kaliteli y\u00fczey i\u015fleme s\u00fcreci vard\u0131r: serigrafi marka logolar\u0131n\u0131 ve \u00fcr\u00fcn bilgilerini a\u00e7\u0131k\u00e7a yeniden yarat\u0131r, alt\u0131nlama s\u00fcreci l\u00fcks dokuyu vurgular, gradyan p\u00fcsk\u00fcrtme katmanl\u0131 g\u00fczellik hissi yarat\u0131r ve mat i\u015fleme d\u00fc\u015f\u00fck tu\u015flu ve y\u00fcksek kaliteli bir tarz ta\u015f\u0131r. \u00c7e\u015fitli s\u00fcre\u00e7lerin kombinasyonu yoluyla, markalar yarat\u0131c\u0131 tasar\u0131mlar\u0131 \u00f6zg\u00fcrce dahil edebilir, marka tan\u0131m\u0131n\u0131 art\u0131rabilir ve ambalaj\u0131 raflarda \u00f6ne \u00e7\u0131karabilir, t\u00fcketicileri an\u0131nda yakalayabilir. Dikkat et.<\/p>\n<p>Marka kararlar\u0131na daha fazla g\u00fcven vermek i\u00e7in \u00f6zellikle \u00fccretsiz bir \u00f6rnek deneme hizmeti sunuyoruz: B\u00fcy\u00fck bir sipari\u015f vermeden \u00f6nce, m\u00fc\u015fteriler ambalaj\u0131n g\u00fcvenlik ve pratiklik a\u00e7\u0131s\u0131ndan \u00fcr\u00fcn konumlanmas\u0131 ile tam olarak uyumlu olmas\u0131n\u0131 sa\u011flamak i\u00e7in \u015fi\u015fe g\u00f6vdesinin kalitesini, m\u00fch\u00fcrleme performans\u0131n\u0131 ve kozmetik form\u00fclle uyumlulu\u011funu kapsaml\u0131 bir \u015fekilde test edebilirler.<\/p>\n<p>Profesyonel kalite ve y\u00fcksek s\u0131n\u0131f tonu takip eden kozmetik markalar\u0131 i\u00e7in ideal bir ambalaj se\u00e7imi.<\/p>\n<\/div>\n<\/div>\n<\/div>\n<div><\/div>\n<div>\n<table style=\"border-collapse: collapse; width: 100%; height: 48px;\">\n<tbody>\n<tr style=\"height: 24px;\">\n<td style=\"width: 50%; height: 24px;\"><img decoding=\"async\" class=\"alignnone wp-image-3515\" src=\"https:\/\/www.cosmepak.com\/wp-content\/uploads\/2025\/04\/O1CN01QxZquH1nx2QRqfhLo_1777995155-0-cib.jpg\" alt=\"\" width=\"800\" height=\"800\" srcset=\"https:\/\/www.cosmepak.com\/wp-content\/uploads\/2025\/04\/O1CN01QxZquH1nx2QRqfhLo_1777995155-0-cib.jpg 750w, https:\/\/www.cosmepak.com\/wp-content\/uploads\/2025\/04\/O1CN01QxZquH1nx2QRqfhLo_1777995155-0-cib-300x300.jpg 300w, https:\/\/www.cosmepak.com\/wp-content\/uploads\/2025\/04\/O1CN01QxZquH1nx2QRqfhLo_1777995155-0-cib-150x150.jpg 150w, https:\/\/www.cosmepak.com\/wp-content\/uploads\/2025\/04\/O1CN01QxZquH1nx2QRqfhLo_1777995155-0-cib-12x12.jpg 12w, https:\/\/www.cosmepak.com\/wp-content\/uploads\/2025\/04\/O1CN01QxZquH1nx2QRqfhLo_1777995155-0-cib-600x600.jpg 600w, https:\/\/www.cosmepak.com\/wp-content\/uploads\/2025\/04\/O1CN01QxZquH1nx2QRqfhLo_1777995155-0-cib-100x100.jpg 100w\" sizes=\"(max-width: 800px) 100vw, 800px\" \/><\/td>\n<td style=\"width: 50%; height: 24px;\"><img decoding=\"async\" class=\"alignnone wp-image-3516\" src=\"https:\/\/www.cosmepak.com\/wp-content\/uploads\/2025\/04\/O1CN01614Yoc1nx2QNwUSty_1777995155-0-cib.jpg\" alt=\"\" width=\"800\" height=\"800\" srcset=\"https:\/\/www.cosmepak.com\/wp-content\/uploads\/2025\/04\/O1CN01614Yoc1nx2QNwUSty_1777995155-0-cib.jpg 708w, https:\/\/www.cosmepak.com\/wp-content\/uploads\/2025\/04\/O1CN01614Yoc1nx2QNwUSty_1777995155-0-cib-300x300.jpg 300w, https:\/\/www.cosmepak.com\/wp-content\/uploads\/2025\/04\/O1CN01614Yoc1nx2QNwUSty_1777995155-0-cib-150x150.jpg 150w, https:\/\/www.cosmepak.com\/wp-content\/uploads\/2025\/04\/O1CN01614Yoc1nx2QNwUSty_1777995155-0-cib-12x12.jpg 12w, https:\/\/www.cosmepak.com\/wp-content\/uploads\/2025\/04\/O1CN01614Yoc1nx2QNwUSty_1777995155-0-cib-600x600.jpg 600w, https:\/\/www.cosmepak.com\/wp-content\/uploads\/2025\/04\/O1CN01614Yoc1nx2QNwUSty_1777995155-0-cib-100x100.jpg 100w\" sizes=\"(max-width: 800px) 100vw, 800px\" \/><\/td>\n<\/tr>\n<tr style=\"height: 24px;\">\n<td style=\"width: 50%; height: 24px;\"><img loading=\"lazy\" decoding=\"async\" class=\"alignnone wp-image-3517\" src=\"https:\/\/www.cosmepak.com\/wp-content\/uploads\/2025\/04\/O1CN01CaTmRx1nx2QF0RGiD_1777995155-0-cib.jpg\" alt=\"\" width=\"800\" height=\"800\" srcset=\"https:\/\/www.cosmepak.com\/wp-content\/uploads\/2025\/04\/O1CN01CaTmRx1nx2QF0RGiD_1777995155-0-cib.jpg 622w, https:\/\/www.cosmepak.com\/wp-content\/uploads\/2025\/04\/O1CN01CaTmRx1nx2QF0RGiD_1777995155-0-cib-300x300.jpg 300w, https:\/\/www.cosmepak.com\/wp-content\/uploads\/2025\/04\/O1CN01CaTmRx1nx2QF0RGiD_1777995155-0-cib-150x150.jpg 150w, https:\/\/www.cosmepak.com\/wp-content\/uploads\/2025\/04\/O1CN01CaTmRx1nx2QF0RGiD_1777995155-0-cib-12x12.jpg 12w, https:\/\/www.cosmepak.com\/wp-content\/uploads\/2025\/04\/O1CN01CaTmRx1nx2QF0RGiD_1777995155-0-cib-600x600.jpg 600w, https:\/\/www.cosmepak.com\/wp-content\/uploads\/2025\/04\/O1CN01CaTmRx1nx2QF0RGiD_1777995155-0-cib-100x100.jpg 100w\" sizes=\"(max-width: 800px) 100vw, 800px\" \/><\/td>\n<td style=\"width: 50%; height: 24px;\"><img loading=\"lazy\" decoding=\"async\" class=\"alignnone wp-image-3518\" src=\"https:\/\/www.cosmepak.com\/wp-content\/uploads\/2025\/04\/O1CN01CaTmRx1nx2QF0RGiD_1777995155-0-cib-1.jpg\" alt=\"\" width=\"800\" height=\"800\" srcset=\"https:\/\/www.cosmepak.com\/wp-content\/uploads\/2025\/04\/O1CN01CaTmRx1nx2QF0RGiD_1777995155-0-cib-1.jpg 658w, https:\/\/www.cosmepak.com\/wp-content\/uploads\/2025\/04\/O1CN01CaTmRx1nx2QF0RGiD_1777995155-0-cib-1-300x300.jpg 300w, https:\/\/www.cosmepak.com\/wp-content\/uploads\/2025\/04\/O1CN01CaTmRx1nx2QF0RGiD_1777995155-0-cib-1-150x150.jpg 150w, https:\/\/www.cosmepak.com\/wp-content\/uploads\/2025\/04\/O1CN01CaTmRx1nx2QF0RGiD_1777995155-0-cib-1-12x12.jpg 12w, https:\/\/www.cosmepak.com\/wp-content\/uploads\/2025\/04\/O1CN01CaTmRx1nx2QF0RGiD_1777995155-0-cib-1-600x600.jpg 600w, https:\/\/www.cosmepak.com\/wp-content\/uploads\/2025\/04\/O1CN01CaTmRx1nx2QF0RGiD_1777995155-0-cib-1-100x100.jpg 100w\" sizes=\"(max-width: 800px) 100vw, 800px\" \/><\/td>\n<\/tr>\n<\/tbody>\n<\/table>\n<\/div>","protected":false},"excerpt":{"rendered":"<p>Havas\u0131z vakum \u015fi\u015feleri<\/p>\n<p>T\u00fcr: Vida T\u00fcr\u00fc<\/p>\n<p>\u00dcr\u00fcn Malzemesi: \u015ei\u015fe \/ Kapak olarak; PP pompas\u0131<\/p>\n<p>Kapasite: se\u00e7mek i\u00e7in 15ml \/ 30ml \/ 50ml \/ 80ml \/ 100ml<\/p>\n<p>Renk: \u015feffaf net renk;<\/p>\n<p>\u00d6zelle\u015ftirilmi\u015f Kabul (Mevcut Pantone Rengi)<\/p>\n<p>Y\u00fczey Kaplama: Serip Bask\u0131, S\u0131cak Damgalama, P\u00fcsk\u00fcrtme Gradyan, Mat Kaplama, vb.<\/p>\n<p>MOQ: 10000 pcs<\/p>\n<p>\u00d6rnek: \u00dccretsiz \u00f6rnekler mevcut<\/p>\n<p>&nbsp;<\/p>\n<p>&nbsp;<\/p>","protected":false},"featured_media":1827,"comment_status":"closed","ping_status":"closed","template":"","meta":{"_acf_changed":false},"product_brand":[],"product_cat":[35],"product_tag":[40],"class_list":{"0":"post-1819","1":"product","2":"type-product","3":"status-publish","4":"has-post-thumbnail","6":"product_cat-airless-bottle","7":"product_tag-essential-oil-bottle","9":"first","10":"instock","11":"shipping-taxable","12":"product-type-simple"},"acf":[],"_links":{"self":[{"href":"https:\/\/www.cosmepak.com\/tr\/wp-json\/wp\/v2\/product\/1819","targetHints":{"allow":["GET"]}}],"collection":[{"href":"https:\/\/www.cosmepak.com\/tr\/wp-json\/wp\/v2\/product"}],"about":[{"href":"https:\/\/www.cosmepak.com\/tr\/wp-json\/wp\/v2\/types\/product"}],"replies":[{"embeddable":true,"href":"https:\/\/www.cosmepak.com\/tr\/wp-json\/wp\/v2\/comments?post=1819"}],"wp:featuredmedia":[{"embeddable":true,"href":"https:\/\/www.cosmepak.com\/tr\/wp-json\/wp\/v2\/media\/1827"}],"wp:attachment":[{"href":"https:\/\/www.cosmepak.com\/tr\/wp-json\/wp\/v2\/media?parent=1819"}],"wp:term":[{"taxonomy":"product_brand","embeddable":true,"href":"https:\/\/www.cosmepak.com\/tr\/wp-json\/wp\/v2\/product_brand?post=1819"},{"taxonomy":"product_cat","embeddable":true,"href":"https:\/\/www.cosmepak.com\/tr\/wp-json\/wp\/v2\/product_cat?post=1819"},{"taxonomy":"product_tag","embeddable":true,"href":"https:\/\/www.cosmepak.com\/tr\/wp-json\/wp\/v2\/product_tag?post=1819"}],"curies":[{"name":"wp","href":"https:\/\/api.w.org\/{rel}","templated":true}]}}