{"id":2031,"date":"2025-06-05T10:06:09","date_gmt":"2025-06-05T02:06:09","guid":{"rendered":"https:\/\/www.cosmepak.com\/?post_type=product&#038;p=2031"},"modified":"2025-08-08T14:52:10","modified_gmt":"2025-08-08T06:52:10","slug":"plastic-bottle-with-pump","status":"publish","type":"product","link":"https:\/\/www.cosmepak.com\/tr\/product\/plastic-bottle-with-pump\/","title":{"rendered":"15ml 30ml 50ml pompal\u0131 plastik \u015fi\u015fe havas\u0131z \u015fi\u015fe\/Jaunce"},"content":{"rendered":"<table style=\"border-collapse: collapse; width: 100%; height: 168px;\">\n<tbody>\n<tr style=\"height: 24px;\">\n<td style=\"width: 33.3333%; height: 168px;\" rowspan=\"6\"><img fetchpriority=\"high\" decoding=\"async\" class=\"alignnone size-full wp-image-2065\" src=\"https:\/\/www.cosmepak.com\/wp-content\/uploads\/2025\/05\/239.jpg\" alt=\"\" width=\"800\" height=\"800\" srcset=\"https:\/\/www.cosmepak.com\/wp-content\/uploads\/2025\/05\/239.jpg 800w, https:\/\/www.cosmepak.com\/wp-content\/uploads\/2025\/05\/239-300x300.jpg 300w, https:\/\/www.cosmepak.com\/wp-content\/uploads\/2025\/05\/239-150x150.jpg 150w, https:\/\/www.cosmepak.com\/wp-content\/uploads\/2025\/05\/239-768x768.jpg 768w, https:\/\/www.cosmepak.com\/wp-content\/uploads\/2025\/05\/239-12x12.jpg 12w, https:\/\/www.cosmepak.com\/wp-content\/uploads\/2025\/05\/239-600x600.jpg 600w, https:\/\/www.cosmepak.com\/wp-content\/uploads\/2025\/05\/239-100x100.jpg 100w\" sizes=\"(max-width: 800px) 100vw, 800px\" \/><\/td>\n<td style=\"width: 33.122%; height: 24px; text-align: center;\">Marka<\/td>\n<td style=\"width: 33.5446%; height: 24px; text-align: center;\">Fahi\u015fe<\/td>\n<\/tr>\n<tr style=\"height: 24px;\">\n<td style=\"width: 33.122%; height: 24px; text-align: center;\">Model<\/td>\n<td style=\"width: 33.5446%; height: 24px; text-align: center;\">JH-ZL30<\/td>\n<\/tr>\n<tr style=\"height: 24px;\">\n<td style=\"width: 33.122%; height: 24px; text-align: center;\">Kapak<\/td>\n<td style=\"width: 33.5446%; height: 24px; text-align: center;\">15\/30\/50ML<\/td>\n<\/tr>\n<tr style=\"height: 24px;\">\n<td style=\"width: 33.122%; height: 24px; text-align: center;\">A\u011f\u0131rl\u0131k<\/td>\n<td style=\"width: 33.5446%; height: 24px; text-align: center;\">53\/66\/80g<\/td>\n<\/tr>\n<tr style=\"height: 24px;\">\n<td style=\"width: 33.122%; height: 24px; text-align: center;\">Renk<\/td>\n<td style=\"width: 33.5446%; height: 24px; text-align: center;\">\u00f6zelle\u015ftirilmi\u015f<\/td>\n<\/tr>\n<tr style=\"height: 24px;\">\n<td style=\"width: 33.122%; height: 24px; text-align: center;\">Malzeme<\/td>\n<td style=\"width: 33.5446%; height: 24px; text-align: center;\">PP<\/td>\n<\/tr>\n<\/tbody>\n<\/table>\n<p>&nbsp;<\/p>\n<table style=\"border-collapse: collapse; width: 100%; height: 192px;\">\n<tbody>\n<tr style=\"height: 24px;\">\n<td style=\"width: 16.6667%; text-align: center; height: 24px;\">Kapasite<\/td>\n<td style=\"width: 16.6667%; text-align: center; height: 24px;\">Toplam y\u00fckseklik<\/td>\n<td style=\"width: 16.6667%; text-align: center; height: 24px;\">Dia<\/td>\n<td style=\"width: 16.6667%; text-align: center; height: 24px;\">A\u011f\u0131rl\u0131k<\/td>\n<\/tr>\n<tr style=\"height: 24px;\">\n<td style=\"width: 16.6667%; text-align: center; height: 24px;\">15ml<\/td>\n<td style=\"width: 16.6667%; text-align: center; height: 24px;\">112mm<\/td>\n<td style=\"width: 16.6667%; text-align: center; height: 24px;\">36 mm<\/td>\n<td style=\"width: 16.6667%; text-align: center; height: 24px;\">53g<\/td>\n<\/tr>\n<tr style=\"height: 24px;\">\n<td style=\"width: 16.6667%; text-align: center; height: 24px;\">30ml<\/td>\n<td style=\"width: 16.6667%; text-align: center; height: 24px;\">137 mm<\/td>\n<td style=\"width: 16.6667%; text-align: center; height: 24px;\">36 mm<\/td>\n<td style=\"width: 16.6667%; text-align: center; height: 24px;\">66g<\/td>\n<\/tr>\n<tr style=\"height: 24px;\">\n<td style=\"width: 16.6667%; text-align: center; height: 24px;\">50ml<\/td>\n<td style=\"width: 16.6667%; text-align: center; height: 24px;\">176 mm<\/td>\n<td style=\"width: 16.6667%; text-align: center; height: 24px;\">36 mm<\/td>\n<td style=\"width: 16.6667%; text-align: center; height: 24px;\">80g<\/td>\n<\/tr>\n<\/tbody>\n<\/table>\n<p>&nbsp;<\/p>\n<p><img decoding=\"async\" class=\"alignnone wp-image-2066\" src=\"https:\/\/www.cosmepak.com\/wp-content\/uploads\/2025\/06\/238.jpg\" alt=\"\" width=\"750\" height=\"750\" srcset=\"https:\/\/www.cosmepak.com\/wp-content\/uploads\/2025\/06\/238.jpg 800w, https:\/\/www.cosmepak.com\/wp-content\/uploads\/2025\/06\/238-300x300.jpg 300w, https:\/\/www.cosmepak.com\/wp-content\/uploads\/2025\/06\/238-150x150.jpg 150w, https:\/\/www.cosmepak.com\/wp-content\/uploads\/2025\/06\/238-768x768.jpg 768w, https:\/\/www.cosmepak.com\/wp-content\/uploads\/2025\/06\/238-12x12.jpg 12w, https:\/\/www.cosmepak.com\/wp-content\/uploads\/2025\/06\/238-600x600.jpg 600w, https:\/\/www.cosmepak.com\/wp-content\/uploads\/2025\/06\/238-100x100.jpg 100w\" sizes=\"(max-width: 750px) 100vw, 750px\" \/><img decoding=\"async\" class=\"alignnone wp-image-2067\" src=\"https:\/\/www.cosmepak.com\/wp-content\/uploads\/2025\/06\/240.jpg\" alt=\"\" width=\"750\" height=\"750\" srcset=\"https:\/\/www.cosmepak.com\/wp-content\/uploads\/2025\/06\/240.jpg 800w, https:\/\/www.cosmepak.com\/wp-content\/uploads\/2025\/06\/240-300x300.jpg 300w, https:\/\/www.cosmepak.com\/wp-content\/uploads\/2025\/06\/240-150x150.jpg 150w, https:\/\/www.cosmepak.com\/wp-content\/uploads\/2025\/06\/240-768x768.jpg 768w, https:\/\/www.cosmepak.com\/wp-content\/uploads\/2025\/06\/240-12x12.jpg 12w, https:\/\/www.cosmepak.com\/wp-content\/uploads\/2025\/06\/240-600x600.jpg 600w, https:\/\/www.cosmepak.com\/wp-content\/uploads\/2025\/06\/240-100x100.jpg 100w\" sizes=\"(max-width: 750px) 100vw, 750px\" \/><\/p>\n<h2 id=\"introduction\" class=\"ai-center-markdown-h2\">Giri\u015f<\/h2>\n<p class=\"ai-center-markdown-p\">H\u0131zl\u0131 kozmetik d\u00fcnyas\u0131nda, kolayl\u0131k ve yenilik anahtard\u0131r. Vakumlu d\u00f6nen asans\u00f6r kozmetik \u015fi\u015fesi bunun m\u00fckemmel bir \u00f6rne\u011fidir ve cilt bak\u0131m ihtiya\u00e7lar\u0131n\u0131z i\u00e7in pratik ve \u015f\u0131k bir \u00e7\u00f6z\u00fcm sunmaktad\u0131r. 15ml, 30ml ve 50ml boyutlar\u0131nda mevcut olan bu losyon \u015fi\u015feleri seyahat ve seyahat uygulamalar\u0131 i\u00e7in m\u00fckemmeldir.<\/p>\n<h2 id=\"features-and-benefits\" class=\"ai-center-markdown-h2\">\u00d6zellikler ve Faydalar\u0131<\/h2>\n<h3 id=\"vacuum-technology\" class=\"ai-center-markdown-h3\"><strong class=\"ai-center-markdown-strong\">Vakum Teknolojisi<\/strong><\/h3>\n<p class=\"ai-center-markdown-p\">Vakum teknolojisi, \u00fcr\u00fcn\u00fcn taze ve kirlenmemi\u015f kalmas\u0131n\u0131 sa\u011flar. Havan\u0131n \u015fi\u015feye girmesini engelleyerek oksidasyonu azalt\u0131r ve losyon veya kreman\u0131n b\u00fct\u00fcnl\u00fc\u011f\u00fcn\u00fc korur.<\/p>\n<h3 id=\"rotating-lift-mechanism\" class=\"ai-center-markdown-h3\"><strong class=\"ai-center-markdown-strong\">D\u00f6ner Asans\u00f6r Mekanizmesi<\/strong><\/h3>\n<p class=\"ai-center-markdown-p\">Benzersiz d\u00f6nen kald\u0131rma mekanizmas\u0131, hassas da\u011f\u0131t\u0131m\u0131 sa\u011flar, at\u0131klar\u0131 en aza indirir ve \u00fcr\u00fcn\u00fcn\u00fczden en iyi \u015fekilde yararlanman\u0131z\u0131 sa\u011flar. Bu \u00f6zellik, her damla say\u0131ld\u0131\u011f\u0131 y\u00fcksek de\u011ferli kozmetikler i\u00e7in \u00f6zellikle yararl\u0131d\u0131r.<\/p>\n<h3 id=\"portability\" class=\"ai-center-markdown-h3\"><strong class=\"ai-center-markdown-strong\">Ta\u015f\u0131nabilirlik<\/strong><\/h3>\n<p class=\"ai-center-markdown-p\">Seyahat g\u00f6z \u00f6n\u00fcne al\u0131narak tasarlanm\u0131\u015f bu \u015fi\u015feler kompakt ve hafiftir. Dayan\u0131kl\u0131 yap\u0131lar\u0131, s\u0131z\u0131nt\u0131 veya k\u0131r\u0131lmadan seyahat zorluklar\u0131na dayanabileceklerini sa\u011flar.<\/p>\n<h3 id=\"versatility\" class=\"ai-center-markdown-h3\"><strong class=\"ai-center-markdown-strong\">\u00c7ok y\u00f6nl\u00fcl\u00fck<\/strong><\/h3>\n<p class=\"ai-center-markdown-p\">Hafta sonu gezisi i\u00e7in k\u00fc\u00e7\u00fck bir 15ml \u015fi\u015fesine, g\u00fcnl\u00fck kullan\u0131m i\u00e7in 30ml \u015fi\u015fesine veya uzun seyahatler i\u00e7in 50ml \u015fi\u015fesine ihtiyac\u0131n\u0131z olsun, ihtiya\u00e7lar\u0131n\u0131z\u0131 kar\u015f\u0131layacak bir boyut var. Bu \u00e7ok y\u00f6nl\u00fcl\u00fck onlar\u0131 \u00e7ok \u00e7e\u015fitli uygulamalar i\u00e7in ideal hale getirir.<\/p>\n<h2 id=\"usage-tips\" class=\"ai-center-markdown-h2\">Kullan\u0131m \u0130pu\u00e7lar\u0131<\/h2>\n<ol class=\"ai-center-markdown-ol\" start=\"1\">\n<li class=\"ai-center-markdown-li\"><strong class=\"ai-center-markdown-strong\">\u015ei\u015feyi doldurmak:<\/strong>\u00a0\u00dcst\u00fcn\u00fc a\u00e7\u0131n ve \u015fi\u015feyi istedi\u011finiz losyon veya kremle doldurun. Kapan\u0131rken ak\u0131nmay\u0131 \u00f6nlemek i\u00e7in a\u015f\u0131r\u0131 doldurmamaktan emin olun.<\/li>\n<li class=\"ai-center-markdown-li\"><strong class=\"ai-center-markdown-strong\">Da\u011f\u0131t\u0131m:<\/strong>\u00a0Da\u011f\u0131t\u0131m mekanizmas\u0131n\u0131 kald\u0131rmak i\u00e7in \u00fcst\u00fcn\u00fc b\u00fcr\u00fcn\u00fcn. \u00dcr\u00fcn\u00fc serbest b\u0131rakmak i\u00e7in a\u015fa\u011f\u0131ya bas\u0131n. Kapatmaya geri d\u00f6n.<\/li>\n<li class=\"ai-center-markdown-li\"><strong class=\"ai-center-markdown-strong\">Temizleme:<\/strong>\u00a0Hijyen korumak i\u00e7in \u015fi\u015feyi periyodik olarak temizleyin. Ayr\u0131l\u0131p s\u0131cak sabunlu suyla y\u0131kay\u0131n, sonra hava kuruyun.<\/li>\n<\/ol>\n<h2 id=\"conclusion\" class=\"ai-center-markdown-h2\">Sonu\u00e7<\/h2>\n<p class=\"ai-center-markdown-p\">Vakumlu d\u00f6nen asans\u00f6r kozmetik \u015fi\u015fesi cilt bak\u0131m rutinlerinde rahatl\u0131k ve verimlili\u011fe de\u011fer veren herkes i\u00e7in zorunludur. Yenilik\u00e7i tasar\u0131m\u0131, pratik \u00f6zelliklerle birle\u015ftirilmi\u015f, hem g\u00fcnl\u00fck kullan\u0131m hem de seyahat i\u00e7in m\u00fckemmel bir se\u00e7im haline getiriyor. \u0130htiya\u00e7lar\u0131n\u0131za en uygun boyutu se\u00e7in ve bu geli\u015fmi\u015f kozmetik \u015fi\u015fesinin faydalar\u0131n\u0131n tad\u0131n\u0131 \u00e7\u0131kar\u0131n.<\/p>\n<table style=\"border-collapse: collapse; width: 100%;\">\n<tbody>\n<tr>\n<td style=\"width: 40.1818%;\"><\/td>\n<td style=\"width: 59.8182%;\"><\/td>\n<\/tr>\n<\/tbody>\n<\/table>\n<p><img loading=\"lazy\" decoding=\"async\" class=\"alignnone size-full wp-image-1347\" src=\"https:\/\/www.cosmepak.com\/wp-content\/uploads\/2024\/12\/\u9996\u987519202_03.jpg\" alt=\"fabrika g\u00f6sterisi\" width=\"1920\" height=\"885\" srcset=\"https:\/\/www.cosmepak.com\/wp-content\/uploads\/2024\/12\/\u9996\u987519202_03.jpg 1920w, https:\/\/www.cosmepak.com\/wp-content\/uploads\/2024\/12\/\u9996\u987519202_03-300x138.jpg 300w, https:\/\/www.cosmepak.com\/wp-content\/uploads\/2024\/12\/\u9996\u987519202_03-1024x472.jpg 1024w, https:\/\/www.cosmepak.com\/wp-content\/uploads\/2024\/12\/\u9996\u987519202_03-768x354.jpg 768w, https:\/\/www.cosmepak.com\/wp-content\/uploads\/2024\/12\/\u9996\u987519202_03-1536x708.jpg 1536w, https:\/\/www.cosmepak.com\/wp-content\/uploads\/2024\/12\/\u9996\u987519202_03-600x277.jpg 600w\" sizes=\"(max-width: 1920px) 100vw, 1920px\" \/><\/p>\n<p><img loading=\"lazy\" decoding=\"async\" class=\"alignnone size-full wp-image-1348\" src=\"https:\/\/www.cosmepak.com\/wp-content\/uploads\/2024\/12\/\u9996\u987519202_04.jpg\" alt=\"\" width=\"1920\" height=\"694\" srcset=\"https:\/\/www.cosmepak.com\/wp-content\/uploads\/2024\/12\/\u9996\u987519202_04.jpg 1920w, https:\/\/www.cosmepak.com\/wp-content\/uploads\/2024\/12\/\u9996\u987519202_04-300x108.jpg 300w, https:\/\/www.cosmepak.com\/wp-content\/uploads\/2024\/12\/\u9996\u987519202_04-1024x370.jpg 1024w, https:\/\/www.cosmepak.com\/wp-content\/uploads\/2024\/12\/\u9996\u987519202_04-768x278.jpg 768w, https:\/\/www.cosmepak.com\/wp-content\/uploads\/2024\/12\/\u9996\u987519202_04-1536x555.jpg 1536w, https:\/\/www.cosmepak.com\/wp-content\/uploads\/2024\/12\/\u9996\u987519202_04-600x217.jpg 600w\" sizes=\"(max-width: 1920px) 100vw, 1920px\" \/><img loading=\"lazy\" decoding=\"async\" class=\"alignnone size-full wp-image-1350\" src=\"https:\/\/www.cosmepak.com\/wp-content\/uploads\/2024\/12\/\u9996\u987519202_05-1.jpg\" alt=\"\" width=\"1920\" height=\"970\" srcset=\"https:\/\/www.cosmepak.com\/wp-content\/uploads\/2024\/12\/\u9996\u987519202_05-1.jpg 1920w, https:\/\/www.cosmepak.com\/wp-content\/uploads\/2024\/12\/\u9996\u987519202_05-1-300x152.jpg 300w, https:\/\/www.cosmepak.com\/wp-content\/uploads\/2024\/12\/\u9996\u987519202_05-1-1024x517.jpg 1024w, https:\/\/www.cosmepak.com\/wp-content\/uploads\/2024\/12\/\u9996\u987519202_05-1-768x388.jpg 768w, https:\/\/www.cosmepak.com\/wp-content\/uploads\/2024\/12\/\u9996\u987519202_05-1-1536x776.jpg 1536w, https:\/\/www.cosmepak.com\/wp-content\/uploads\/2024\/12\/\u9996\u987519202_05-1-600x303.jpg 600w\" sizes=\"(max-width: 1920px) 100vw, 1920px\" \/><img loading=\"lazy\" decoding=\"async\" class=\"alignnone wp-image-1351\" src=\"https:\/\/www.cosmepak.com\/wp-content\/uploads\/2024\/12\/\u7269\u6d41\u8fd0\u8f93\u753b\u9762-2.jpg\" alt=\"\" width=\"1385\" height=\"1039\" srcset=\"https:\/\/www.cosmepak.com\/wp-content\/uploads\/2024\/12\/\u7269\u6d41\u8fd0\u8f93\u753b\u9762-2.jpg 800w, https:\/\/www.cosmepak.com\/wp-content\/uploads\/2024\/12\/\u7269\u6d41\u8fd0\u8f93\u753b\u9762-2-300x225.jpg 300w, https:\/\/www.cosmepak.com\/wp-content\/uploads\/2024\/12\/\u7269\u6d41\u8fd0\u8f93\u753b\u9762-2-768x576.jpg 768w, https:\/\/www.cosmepak.com\/wp-content\/uploads\/2024\/12\/\u7269\u6d41\u8fd0\u8f93\u753b\u9762-2-600x450.jpg 600w\" sizes=\"(max-width: 1385px) 100vw, 1385px\" \/><\/p>\n<table style=\"border-collapse: collapse; width: 100%;\">\n<tbody>\n<tr>\n<td style=\"width: 33.3333%; text-align: center;\"><strong>\u0130fade etmek<\/strong><\/td>\n<td style=\"width: 33.3333%; text-align: center;\"><strong>Hava y\u00fck\u00fc<\/strong><\/td>\n<td style=\"width: 33.3333%; text-align: center;\"><strong>Deniz ta\u015f\u0131mac\u0131l\u0131\u011f\u0131<\/strong><\/td>\n<\/tr>\n<tr>\n<td style=\"width: 33.3333%; text-align: center;\">Europ 4-6 g\u00fcn<\/p>\n<p>Kuzey Amerika 4-6 g\u00fcn<\/p>\n<p>G\u00fcney Do\u011fu Asya 3-5 g\u00fcn<\/p>\n<p>Orta Do\u011fu 4-6 g\u00fcn<\/p>\n<p>G\u00fcney Afrika 5-8 g\u00fcn<\/td>\n<td style=\"width: 33.3333%; text-align: center;\">Europ 4-6 g\u00fcn<\/p>\n<p>Kuzey Amerika 4-6 g\u00fcn<\/p>\n<p>G\u00fcney Do\u011fu Asya 3-5 g\u00fcn<\/p>\n<p>Orta Do\u011fu 4-6 g\u00fcn<\/p>\n<p>G\u00fcney Afrika 5-8 g\u00fcn<\/td>\n<td style=\"width: 33.3333%; text-align: center;\">Europ 25-35 g\u00fcn<\/p>\n<p>Kuzey Amerika 25-35 g\u00fcn<\/p>\n<p>G\u00fcney Do\u011fu Asya 25-35 g\u00fcn<\/p>\n<p>Orta Do\u011fu 25-35 g\u00fcn<\/p>\n<p>G\u00fcney Afrika 25-35 g\u00fcn<\/td>\n<\/tr>\n<\/tbody>\n<\/table>\n<p><span style=\"font-size: 14pt;\"><strong>SSS:<\/strong><\/span><\/p>\n<h3 id=\"why-should-you-buy-from-us-instead-of-other-suppliers\" class=\"ai-center-markdown-h3\" data-spm-anchor-id=\"a2700.29482153.0.i8.151771d2VWO2P1\">Neden di\u011fer tedarik\u00e7iler yerine bizden sat\u0131n almal\u0131s\u0131n\u0131z?<\/h3>\n<ol class=\"ai-center-markdown-ol\" start=\"1\">\n<li class=\"ai-center-markdown-li\"><strong class=\"ai-center-markdown-strong\">Sadece 3 Dakikada \u00d6zel Tasar\u0131mlar:<\/strong>\u00a0K\u0131sa s\u00fcrede ihtiya\u00e7lar\u0131n\u0131za uygun ki\u015fiselle\u015ftirilmi\u015f tasar\u0131mlar sunuyoruz.<\/li>\n<li class=\"ai-center-markdown-li\"><strong class=\"ai-center-markdown-strong\">24\/7 \u00c7evrimi\u00e7i Hizmet:<\/strong>\u00a0Ekibimiz size yard\u0131mc\u0131 olmak i\u00e7in 24 saat mevcuttur.<\/li>\n<li class=\"ai-center-markdown-li\"><strong class=\"ai-center-markdown-strong\">H\u0131zl\u0131 \u00d6rnek D\u00f6n\u00fc\u015f\u00fcm\u00fc:<\/strong>\u00a0Stok \u00f6rnekleri 7 g\u00fcn i\u00e7inde haz\u0131r ve \u00f6zel bas\u0131l\u0131 \u00f6rnekler 15 g\u00fcn i\u00e7inde.<\/li>\n<li class=\"ai-center-markdown-li\"><strong class=\"ai-center-markdown-strong\">G\u00fcvenilir Kur\u015fun S\u00fcresi:<\/strong>\u00a035 g\u00fcnl\u00fck bir teslim s\u00fcresi garanti ediyoruz.<\/li>\n<li class=\"ai-center-markdown-li\"><strong class=\"ai-center-markdown-strong\">End\u00fcstri Uzmanl\u0131\u011f\u0131:<\/strong>\u00a0Kozmetik ambalajlarda 10 y\u0131ldan fazla deneyimle profesyonel hizmet sa\u011flay\u0131z.<\/li>\n<li class=\"ai-center-markdown-li\"><strong class=\"ai-center-markdown-strong\">Fabrika Do\u011frudan Fiyatland\u0131rma:<\/strong>\u00a0Fabrikam\u0131zdan do\u011frudan en iyi fiyatlar\u0131n ve hizmetlerin tad\u0131n\u0131 \u00e7\u0131kar\u0131n.<\/li>\n<li class=\"ai-center-markdown-li\"><strong class=\"ai-center-markdown-strong\">Kapsaml\u0131 \u00c7\u00f6z\u00fcmler:<\/strong>\u00a0T\u00fcm kozmetik ambalaj ihtiya\u00e7lar\u0131n\u0131z i\u00e7in tek durakl\u0131 bir \u00e7\u00f6z\u00fcm sunuyoruz.<\/li>\n<\/ol>\n<h3 id=\"who-are-we\" class=\"ai-center-markdown-h3\">Biz kimiz?<\/h3>\n<p class=\"ai-center-markdown-p\">2014 y\u0131l\u0131nda kurulan Zhejiang merkezli bir \u015firketiz. Ana pazarlar\u0131m\u0131z \u015funlard\u0131r:<\/p>\n<ul class=\"ai-center-markdown-ul\">\n<li class=\"ai-center-markdown-li\">\u0130\u00e7 Pazar ()<\/li>\n<li class=\"ai-center-markdown-li\">Okyanusya (%8)<\/li>\n<li class=\"ai-center-markdown-li\">Ortado\u011fu (%7)<\/li>\n<li class=\"ai-center-markdown-li\">Do\u011fu Asya (%2)<\/li>\n<li class=\"ai-center-markdown-li\">Kuzey Amerika (%2)<\/li>\n<li class=\"ai-center-markdown-li\">Bat\u0131 Avrupa (%2)<\/li>\n<li class=\"ai-center-markdown-li\">G\u00fcneydo\u011fu Asya (%2)<\/li>\n<li class=\"ai-center-markdown-li\">G\u00fcney Asya (% 1)<\/li>\n<li class=\"ai-center-markdown-li\">G\u00fcney Amerika (% 1)<\/li>\n<li class=\"ai-center-markdown-li\">G\u00fcney Avrupa (%1)<\/li>\n<li class=\"ai-center-markdown-li\">Orta Amerika (% 1)<\/li>\n<li class=\"ai-center-markdown-li\">Kuzey Avrupa (%1)<\/li>\n<li class=\"ai-center-markdown-li\">Afrika (% 1)<\/li>\n<li class=\"ai-center-markdown-li\">Do\u011fu Avrupa (%1)<\/li>\n<\/ul>\n<h3 id=\"how-can-we-guarantee-quality\" class=\"ai-center-markdown-h3\">Kaliteyi nas\u0131l garanti edebiliriz?<\/h3>\n<ul class=\"ai-center-markdown-ul\">\n<li class=\"ai-center-markdown-li\"><strong class=\"ai-center-markdown-strong\">\u00d6n \u00fcretim \u00f6rnekleri:<\/strong>\u00a0Seri \u00fcretimden \u00f6nce her zaman bir \u00f6rnek sunuyoruz.<\/li>\n<li class=\"ai-center-markdown-li\"><strong class=\"ai-center-markdown-strong\">Son Muayene:<\/strong>\u00a0Kaliteyi sa\u011flamak i\u00e7in g\u00f6ndermeden \u00f6nce ayr\u0131nt\u0131l\u0131 denetimler yap\u0131yoruz.<\/li>\n<\/ul>\n<h3 id=\"what-can-you-buy-from-us\" class=\"ai-center-markdown-h3\">Bizden ne sat\u0131n alabilirsiniz?<\/h3>\n<p class=\"ai-center-markdown-p\">Kozmetik ambalaj malzemelerinin geni\u015f bir yelpazesini sunuyoruz:<\/p>\n<ul class=\"ai-center-markdown-ul\">\n<li class=\"ai-center-markdown-li\">Cam \u015ei\u015feler<\/li>\n<li class=\"ai-center-markdown-li\">Plastik \u015fi\u015feler \/ kavanozlar \/ t\u00fcpler<\/li>\n<li class=\"ai-center-markdown-li\">Al\u00fcminyum \u015fi\u015feler \/ kavanozlar \/ t\u00fcpler<\/li>\n<\/ul>\n<h3 id=\"what-services-can-we-provide\" class=\"ai-center-markdown-h3\">Hangi hizmetleri sunabiliriz?<\/h3>\n<ul class=\"ai-center-markdown-ul\">\n<li class=\"ai-center-markdown-li\"><strong class=\"ai-center-markdown-strong\">Kabul edilen Teslimat Ko\u015fullar\u0131:<\/strong>\u00a0FOB, CFR, CIF<\/li>\n<li class=\"ai-center-markdown-li\"><strong class=\"ai-center-markdown-strong\">Kabul edilen \u00f6deme para birimleri:<\/strong>\u00a0ABD Dolar\u0131, EUR, HKD, CNY<\/li>\n<li class=\"ai-center-markdown-li\"><strong class=\"ai-center-markdown-strong\">Kabul edilen \u00d6deme T\u00fcrleri:<\/strong>\u00a0T \/ T, L \/ C, D \/ P, D \/ A<\/li>\n<li class=\"ai-center-markdown-li\"><strong class=\"ai-center-markdown-strong\">Konu\u015fulan Diller:<\/strong>\u00a0\u0130ngilizce, \u00c7ince<\/li>\n<\/ul>\n<p>&nbsp;<\/p>","protected":false},"excerpt":{"rendered":"<p>Malzeme : PET<\/p>\n<p>Kapasite : 15\/30\/50ml<\/p>\n<p>Renk: \u00d6zelle\u015ftirilmi\u015f (herhangi bir Pantone Rengi Avalable)<\/p>\n<p>Y\u00fczey Kaplama: Serip bask\u0131, buzlanma, s\u0131cak damgalama, sprey gradyan\u0131, mat kaplama vb.<\/p>\n<p>MOQ: 5000pcs;<\/p>\n<p>&nbsp;<\/p>","protected":false},"featured_media":2064,"comment_status":"open","ping_status":"closed","template":"","meta":{"_acf_changed":false},"product_brand":[],"product_cat":[18],"product_tag":[41],"class_list":{"0":"post-2031","1":"product","2":"type-product","3":"status-publish","4":"has-post-thumbnail","6":"product_cat-plastic-bottle","7":"product_tag-plastic-bottle","9":"first","10":"instock","11":"shipping-taxable","12":"product-type-simple"},"acf":[],"_links":{"self":[{"href":"https:\/\/www.cosmepak.com\/tr\/wp-json\/wp\/v2\/product\/2031","targetHints":{"allow":["GET"]}}],"collection":[{"href":"https:\/\/www.cosmepak.com\/tr\/wp-json\/wp\/v2\/product"}],"about":[{"href":"https:\/\/www.cosmepak.com\/tr\/wp-json\/wp\/v2\/types\/product"}],"replies":[{"embeddable":true,"href":"https:\/\/www.cosmepak.com\/tr\/wp-json\/wp\/v2\/comments?post=2031"}],"wp:featuredmedia":[{"embeddable":true,"href":"https:\/\/www.cosmepak.com\/tr\/wp-json\/wp\/v2\/media\/2064"}],"wp:attachment":[{"href":"https:\/\/www.cosmepak.com\/tr\/wp-json\/wp\/v2\/media?parent=2031"}],"wp:term":[{"taxonomy":"product_brand","embeddable":true,"href":"https:\/\/www.cosmepak.com\/tr\/wp-json\/wp\/v2\/product_brand?post=2031"},{"taxonomy":"product_cat","embeddable":true,"href":"https:\/\/www.cosmepak.com\/tr\/wp-json\/wp\/v2\/product_cat?post=2031"},{"taxonomy":"product_tag","embeddable":true,"href":"https:\/\/www.cosmepak.com\/tr\/wp-json\/wp\/v2\/product_tag?post=2031"}],"curies":[{"name":"wp","href":"https:\/\/api.w.org\/{rel}","templated":true}]}}