{"id":2040,"date":"2025-05-30T16:16:12","date_gmt":"2025-05-30T08:16:12","guid":{"rendered":"https:\/\/www.cosmepak.com\/?post_type=product&#038;p=2040"},"modified":"2026-01-30T13:54:41","modified_gmt":"2026-01-30T05:54:41","slug":"custom-logo-30ml-round-shoulder-glass-bottle-dropper-for-skin-care-serum-jaunce","status":"publish","type":"product","link":"https:\/\/www.cosmepak.com\/tr\/product\/custom-logo-30ml-round-shoulder-glass-bottle-dropper-for-skin-care-serum-jaunce\/","title":{"rendered":"Cilt Bak\u0131m\u0131 Serumu \/ Jaunce i\u00e7in \u00d6zel Logo 30ml Yuvarlak Omuz Cam \u015ei\u015fe Damlas\u0131"},"content":{"rendered":"<table style=\"border-collapse: collapse; width: 100%; height: 144px;\">\n<tbody>\n<tr style=\"height: 24px;\">\n<td style=\"width: 33.3333%; height: 144px;\" rowspan=\"5\"><img fetchpriority=\"high\" decoding=\"async\" class=\"alignnone size-full wp-image-3938\" src=\"https:\/\/www.cosmepak.com\/wp-content\/uploads\/2025\/05\/91-1.jpg\" alt=\"\" width=\"1000\" height=\"1000\" srcset=\"https:\/\/www.cosmepak.com\/wp-content\/uploads\/2025\/05\/91-1.jpg 1000w, https:\/\/www.cosmepak.com\/wp-content\/uploads\/2025\/05\/91-1-300x300.jpg 300w, https:\/\/www.cosmepak.com\/wp-content\/uploads\/2025\/05\/91-1-150x150.jpg 150w, https:\/\/www.cosmepak.com\/wp-content\/uploads\/2025\/05\/91-1-768x768.jpg 768w, https:\/\/www.cosmepak.com\/wp-content\/uploads\/2025\/05\/91-1-12x12.jpg 12w, https:\/\/www.cosmepak.com\/wp-content\/uploads\/2025\/05\/91-1-600x600.jpg 600w, https:\/\/www.cosmepak.com\/wp-content\/uploads\/2025\/05\/91-1-100x100.jpg 100w\" sizes=\"(max-width: 1000px) 100vw, 1000px\" \/><\/td>\n<td style=\"width: 33.122%; height: 24px; text-align: center;\">Marka<\/td>\n<td style=\"width: 33.5446%; height: 24px; text-align: center;\">Fahi\u015fe<\/td>\n<\/tr>\n<tr style=\"height: 24px;\">\n<td style=\"width: 33.122%; height: 24px; text-align: center;\">Model<\/td>\n<td style=\"width: 33.5446%; height: 24px; text-align: center;\">JH-PHPC3684<\/td>\n<\/tr>\n<tr style=\"height: 24px;\">\n<td style=\"width: 33.122%; height: 24px; text-align: center;\">Kapak<\/td>\n<td style=\"width: 33.5446%; height: 24px; text-align: center;\">30ml<\/td>\n<\/tr>\n<tr style=\"height: 24px;\">\n<td style=\"width: 33.122%; height: 24px; text-align: center;\">kapak<\/td>\n<td style=\"width: 33.5446%; height: 24px; text-align: center;\">damlal\u0131k<\/td>\n<\/tr>\n<tr style=\"height: 24px;\">\n<td style=\"width: 33.122%; height: 24px; text-align: center;\">Malzeme<\/td>\n<td style=\"width: 33.5446%; height: 24px; text-align: center;\">Bardak<\/td>\n<\/tr>\n<\/tbody>\n<\/table>\n<table style=\"border-collapse: collapse; width: 100%; height: 144px;\">\n<tbody>\n<tr style=\"height: 24px;\">\n<td style=\"width: 20%; text-align: center; height: 24px;\"><strong>Kapasite<\/strong><\/td>\n<td style=\"width: 20%; text-align: center; height: 24px;\"><strong>Toplam y\u00fckseklik<\/strong><\/td>\n<td style=\"width: 20%; text-align: center; height: 24px;\"><strong>Omuz y\u00fcksekli\u011fi<\/strong><\/td>\n<td style=\"width: 20%; text-align: center; height: 24px;\"><strong>Dia<\/strong><\/td>\n<\/tr>\n<tr style=\"height: 24px;\">\n<td style=\"width: 20%; text-align: center; height: 24px;\">30ml<\/td>\n<td style=\"width: 20%; text-align: center; height: 24px;\">99mm<\/td>\n<td style=\"width: 20%; text-align: center; height: 24px;\">61mm<\/td>\n<td style=\"width: 20%; text-align: center; height: 24px;\">39 mm<\/td>\n<\/tr>\n<\/tbody>\n<\/table>\n<p>Bu 30ml yuvarlak omuz esasl\u0131 serum \u015fi\u015femizdir, cilt bak\u0131m form\u00fclasyonlar\u0131n\u0131 m\u00fckemmel bir \u015fekilde tamamlayan \u015f\u0131k ve zarif bir siluete sahip y\u00fcksek kaliteli \u015feffaf parlak camdan m\u00fckemmel bir \u015fekilde haz\u0131rlanm\u0131\u015ft\u0131r.<\/p>\n<p>Vidal\u0131 Boyun doldurmas\u0131 kolayd\u0131r ve kal\u0131n tabanl\u0131 tasar\u0131m daha istikrarl\u0131d\u0131r.<\/p>\n<p>Marka ihtiya\u00e7lar\u0131n\u0131za uygun esnek renk \u00f6zelle\u015ftirme sunuyoruz: \u015feffaf amber (\u0131\u015f\u0131\u011fa duyarl\u0131 malzemeleri korumak i\u00e7in ideal) ve \u015feffaf gri gibi \u015feffaf renkler se\u00e7ebilir veya kat\u0131 renkler se\u00e7ebilirsiniz. Herhangi bir pantone renk kabul edecek. Bu kat\u0131 renkler sadece benzersiz bir g\u00f6rsel lezzet eklemekle kalmaz, ayn\u0131 zamanda serumlar\u0131n\u0131zdaki aktif bile\u015fenlerin etkinli\u011fini etkili bir \u015fekilde koruyan daha iyi \u0131\u015f\u0131k engelleme performans\u0131 sunar. Ayr\u0131ca etiketleme hizmetini, ipek vidal\u0131 bask\u0131 hizmetini, s\u0131cak damgalama vb. \u00f6zel s\u00fcre\u00e7 tasar\u0131m\u0131n\u0131 da destekliyoruz.<\/p>\n<p>Bu \u015fi\u015fe tamamen siyah veya tamamen beyaz plastik damla yakas\u0131 ile m\u00fckemmel bir \u015fekilde e\u015fle\u015ftirilir. Bu damlalay\u0131c\u0131lar estetik \u00e7ekicilik ve pratikli\u011fi dengeleyerek serumun hassas, karma\u015f\u0131ks\u0131z da\u011f\u0131t\u0131m\u0131n\u0131 sa\u011flar. Damla tasar\u0131m\u0131 kullan\u0131m\u0131 kolay ve hijyenik. Silikon kafas\u0131 s\u0131k\u0131\u015ft\u0131rmak kolayd\u0131r. Daha l\u00fcks bir ambalaj deneyimi takip eden premium markalar i\u00e7in, ayr\u0131ca \u00f6zel elektrokapl\u0131 al\u00fcminyum damlay\u0131c\u0131lar (al\u00fcminyum alt\u0131n renk, al\u00fcminyum g\u00fcm\u00fc\u015f renk, al\u00fcminyum g\u00fcl alt\u0131n renk) sunuyoruz - bunlar \u00fcr\u00fcn\u00fcn\u00fcz\u00fcn genel prim atmosferini y\u00fckseltir.<\/p>\n<p>Bu \u015fi\u015feler sadece damlalay\u0131c\u0131larla d\u00fczeltilemez, ayn\u0131 zamanda vidal\u0131 kapak, losyon pompas\u0131 vb. ile \u015fi\u015feleri destekleyebiliriz. Se\u00e7im i\u00e7in \u00e7e\u015fitli aksesuarlar mevcuttur ve her zaman marka tasar\u0131m\u0131n\u0131za uygun bir aksesuar vard\u0131r.<\/p>\n<p>\u015ei\u015feyi marka kimli\u011finizle hizalamak i\u00e7in, alt\u0131n damgalama, g\u00fcm\u00fc\u015f damgalama, buzlu bitirme, serigrafi ve elektrokaplama da sunuyoruz. Her teknik marka logonuzu, \u00fcr\u00fcn bilgilerinizi veya benzersiz tasar\u0131m unsurlar\u0131n\u0131z\u0131 g\u00f6r\u00fcnt\u00fclemek i\u00e7in \u00f6zelle\u015ftirilebilir. Ayr\u0131ca, parlak, tutarl\u0131 bir ambalaj g\u00f6r\u00fcn\u00fcm\u00fc elde etmenize yard\u0131mc\u0131 olmak i\u00e7in profesyonel etiketleme hizmetleri sunuyoruz.<\/p>\n<p>Ayr\u0131ca se\u00e7meniz i\u00e7in \u00e7e\u015fitli \u015fi\u015fe boyutlar\u0131 \/ miktarlar\u0131 sunuyoruz. Ayr\u0131ca zaman\u0131n\u0131z\u0131 tasarruf etmek i\u00e7in tek durakl\u0131 bir hizmet sunabiliriz. Jaunce'u se\u00e7, Jaunce'e g\u00fcven. Hadi&#8217; Kar\u015f\u0131l\u0131kl\u0131 ba\u015far\u0131 i\u00e7in birlikte \u00e7al\u0131\u015f\u0131n.<\/p>\n<table style=\"border-collapse: collapse; width: 100%;\">\n<tbody>\n<tr>\n<td style=\"width: 33.3333%;\"><img decoding=\"async\" class=\"alignnone size-full wp-image-3939\" src=\"https:\/\/www.cosmepak.com\/wp-content\/uploads\/2025\/05\/71-1.jpg\" alt=\"\" width=\"1000\" height=\"1000\" srcset=\"https:\/\/www.cosmepak.com\/wp-content\/uploads\/2025\/05\/71-1.jpg 1000w, https:\/\/www.cosmepak.com\/wp-content\/uploads\/2025\/05\/71-1-300x300.jpg 300w, https:\/\/www.cosmepak.com\/wp-content\/uploads\/2025\/05\/71-1-150x150.jpg 150w, https:\/\/www.cosmepak.com\/wp-content\/uploads\/2025\/05\/71-1-768x768.jpg 768w, https:\/\/www.cosmepak.com\/wp-content\/uploads\/2025\/05\/71-1-12x12.jpg 12w, https:\/\/www.cosmepak.com\/wp-content\/uploads\/2025\/05\/71-1-600x600.jpg 600w, https:\/\/www.cosmepak.com\/wp-content\/uploads\/2025\/05\/71-1-100x100.jpg 100w\" sizes=\"(max-width: 1000px) 100vw, 1000px\" \/><\/td>\n<td style=\"width: 33.3333%;\"><img decoding=\"async\" class=\"alignnone size-full wp-image-3940\" src=\"https:\/\/www.cosmepak.com\/wp-content\/uploads\/2025\/05\/61-1.jpg\" alt=\"\" width=\"1000\" height=\"1000\" srcset=\"https:\/\/www.cosmepak.com\/wp-content\/uploads\/2025\/05\/61-1.jpg 1000w, https:\/\/www.cosmepak.com\/wp-content\/uploads\/2025\/05\/61-1-300x300.jpg 300w, https:\/\/www.cosmepak.com\/wp-content\/uploads\/2025\/05\/61-1-150x150.jpg 150w, https:\/\/www.cosmepak.com\/wp-content\/uploads\/2025\/05\/61-1-768x768.jpg 768w, https:\/\/www.cosmepak.com\/wp-content\/uploads\/2025\/05\/61-1-12x12.jpg 12w, https:\/\/www.cosmepak.com\/wp-content\/uploads\/2025\/05\/61-1-600x600.jpg 600w, https:\/\/www.cosmepak.com\/wp-content\/uploads\/2025\/05\/61-1-100x100.jpg 100w\" sizes=\"(max-width: 1000px) 100vw, 1000px\" \/><\/td>\n<td style=\"width: 33.3333%;\"><img loading=\"lazy\" decoding=\"async\" class=\"alignnone size-full wp-image-3941\" src=\"https:\/\/www.cosmepak.com\/wp-content\/uploads\/2025\/05\/51-1.jpg\" alt=\"\" width=\"1000\" height=\"1000\" srcset=\"https:\/\/www.cosmepak.com\/wp-content\/uploads\/2025\/05\/51-1.jpg 1000w, https:\/\/www.cosmepak.com\/wp-content\/uploads\/2025\/05\/51-1-300x300.jpg 300w, https:\/\/www.cosmepak.com\/wp-content\/uploads\/2025\/05\/51-1-150x150.jpg 150w, https:\/\/www.cosmepak.com\/wp-content\/uploads\/2025\/05\/51-1-768x768.jpg 768w, https:\/\/www.cosmepak.com\/wp-content\/uploads\/2025\/05\/51-1-12x12.jpg 12w, https:\/\/www.cosmepak.com\/wp-content\/uploads\/2025\/05\/51-1-600x600.jpg 600w, https:\/\/www.cosmepak.com\/wp-content\/uploads\/2025\/05\/51-1-100x100.jpg 100w\" sizes=\"(max-width: 1000px) 100vw, 1000px\" \/><\/td>\n<\/tr>\n<\/tbody>\n<\/table>\n<table style=\"border-collapse: collapse; width: 100%;\">\n<tbody>\n<tr>\n<td style=\"width: 50%;\"><img loading=\"lazy\" decoding=\"async\" class=\"alignnone size-full wp-image-3942\" src=\"https:\/\/www.cosmepak.com\/wp-content\/uploads\/2025\/05\/41-1.jpg\" alt=\"\" width=\"1000\" height=\"1000\" srcset=\"https:\/\/www.cosmepak.com\/wp-content\/uploads\/2025\/05\/41-1.jpg 1000w, https:\/\/www.cosmepak.com\/wp-content\/uploads\/2025\/05\/41-1-300x300.jpg 300w, https:\/\/www.cosmepak.com\/wp-content\/uploads\/2025\/05\/41-1-150x150.jpg 150w, https:\/\/www.cosmepak.com\/wp-content\/uploads\/2025\/05\/41-1-768x768.jpg 768w, https:\/\/www.cosmepak.com\/wp-content\/uploads\/2025\/05\/41-1-12x12.jpg 12w, https:\/\/www.cosmepak.com\/wp-content\/uploads\/2025\/05\/41-1-600x600.jpg 600w, https:\/\/www.cosmepak.com\/wp-content\/uploads\/2025\/05\/41-1-100x100.jpg 100w\" sizes=\"(max-width: 1000px) 100vw, 1000px\" \/><\/td>\n<td style=\"width: 50%;\"><img loading=\"lazy\" decoding=\"async\" class=\"alignnone size-full wp-image-3943\" src=\"https:\/\/www.cosmepak.com\/wp-content\/uploads\/2025\/05\/31-1.jpg\" alt=\"\" width=\"1000\" height=\"1000\" srcset=\"https:\/\/www.cosmepak.com\/wp-content\/uploads\/2025\/05\/31-1.jpg 1000w, https:\/\/www.cosmepak.com\/wp-content\/uploads\/2025\/05\/31-1-300x300.jpg 300w, https:\/\/www.cosmepak.com\/wp-content\/uploads\/2025\/05\/31-1-150x150.jpg 150w, https:\/\/www.cosmepak.com\/wp-content\/uploads\/2025\/05\/31-1-768x768.jpg 768w, https:\/\/www.cosmepak.com\/wp-content\/uploads\/2025\/05\/31-1-12x12.jpg 12w, https:\/\/www.cosmepak.com\/wp-content\/uploads\/2025\/05\/31-1-600x600.jpg 600w, https:\/\/www.cosmepak.com\/wp-content\/uploads\/2025\/05\/31-1-100x100.jpg 100w\" sizes=\"(max-width: 1000px) 100vw, 1000px\" \/><\/td>\n<\/tr>\n<\/tbody>\n<\/table>","protected":false},"excerpt":{"rendered":"<p>\u015ei\u015fe Malzemesi: Cam<\/p>\n<p>Kapak Malzemesi: PP<\/p>\n<p>Kapasite: 1ml\/2ml\/3ml\/4ml\/5ml<\/p>\n<p>Renk: \u00d6zelle\u015ftirilmi\u015f (herhangi bir Pantone Rengi Avalable)<\/p>\n<p>Y\u00fczey Kaplama: Serip bask\u0131, buzlanma, s\u0131cak damgalama, sprey gradyan\u0131, mat kaplama vb.<\/p>\n<p>MOQ: 5000pcs;<\/p>\n<p>&nbsp;<\/p>","protected":false},"featured_media":3944,"comment_status":"open","ping_status":"closed","template":"","meta":{"_acf_changed":false},"product_brand":[],"product_cat":[15,58,45],"product_tag":[],"class_list":{"0":"post-2040","1":"product","2":"type-product","3":"status-publish","4":"has-post-thumbnail","6":"product_cat-essential-oil-bottle","7":"product_cat-glass-essential-oil-bottle","8":"product_cat-serum-pump-bottle","10":"first","11":"instock","12":"shipping-taxable","13":"product-type-simple"},"acf":[],"_links":{"self":[{"href":"https:\/\/www.cosmepak.com\/tr\/wp-json\/wp\/v2\/product\/2040","targetHints":{"allow":["GET"]}}],"collection":[{"href":"https:\/\/www.cosmepak.com\/tr\/wp-json\/wp\/v2\/product"}],"about":[{"href":"https:\/\/www.cosmepak.com\/tr\/wp-json\/wp\/v2\/types\/product"}],"replies":[{"embeddable":true,"href":"https:\/\/www.cosmepak.com\/tr\/wp-json\/wp\/v2\/comments?post=2040"}],"wp:featuredmedia":[{"embeddable":true,"href":"https:\/\/www.cosmepak.com\/tr\/wp-json\/wp\/v2\/media\/3944"}],"wp:attachment":[{"href":"https:\/\/www.cosmepak.com\/tr\/wp-json\/wp\/v2\/media?parent=2040"}],"wp:term":[{"taxonomy":"product_brand","embeddable":true,"href":"https:\/\/www.cosmepak.com\/tr\/wp-json\/wp\/v2\/product_brand?post=2040"},{"taxonomy":"product_cat","embeddable":true,"href":"https:\/\/www.cosmepak.com\/tr\/wp-json\/wp\/v2\/product_cat?post=2040"},{"taxonomy":"product_tag","embeddable":true,"href":"https:\/\/www.cosmepak.com\/tr\/wp-json\/wp\/v2\/product_tag?post=2040"}],"curies":[{"name":"wp","href":"https:\/\/api.w.org\/{rel}","templated":true}]}}