{"id":2054,"date":"2025-06-05T09:13:03","date_gmt":"2025-06-05T01:13:03","guid":{"rendered":"https:\/\/www.cosmepak.com\/?post_type=product&#038;p=2054"},"modified":"2025-12-30T15:53:55","modified_gmt":"2025-12-30T07:53:55","slug":"skincare-30ml-glass-bottle-inverted-pump-cap","status":"publish","type":"product","link":"https:\/\/www.cosmepak.com\/tr\/product\/skincare-30ml-glass-bottle-inverted-pump-cap\/","title":{"rendered":"30ml Cam \u015ei\u015fe Ters Pompa Kapa\u011f\u0131\/Jaunce"},"content":{"rendered":"<table style=\"border-collapse: collapse; width: 100%; height: 216px;\">\n<tbody>\n<tr style=\"height: 24px;\">\n<td style=\"width: 40.6929%; height: 216px;\" rowspan=\"9\"><img fetchpriority=\"high\" decoding=\"async\" class=\"alignnone size-full wp-image-2056\" src=\"https:\/\/www.cosmepak.com\/wp-content\/uploads\/2025\/06\/234.jpg\" alt=\"\" width=\"800\" height=\"800\" srcset=\"https:\/\/www.cosmepak.com\/wp-content\/uploads\/2025\/06\/234.jpg 800w, https:\/\/www.cosmepak.com\/wp-content\/uploads\/2025\/06\/234-300x300.jpg 300w, https:\/\/www.cosmepak.com\/wp-content\/uploads\/2025\/06\/234-150x150.jpg 150w, https:\/\/www.cosmepak.com\/wp-content\/uploads\/2025\/06\/234-768x768.jpg 768w, https:\/\/www.cosmepak.com\/wp-content\/uploads\/2025\/06\/234-12x12.jpg 12w, https:\/\/www.cosmepak.com\/wp-content\/uploads\/2025\/06\/234-600x600.jpg 600w, https:\/\/www.cosmepak.com\/wp-content\/uploads\/2025\/06\/234-100x100.jpg 100w\" sizes=\"(max-width: 800px) 100vw, 800px\" \/><\/td>\n<td style=\"width: 23.5109%; height: 24px; text-align: center;\">Marka<\/td>\n<td style=\"width: 35.7961%; height: 24px; text-align: center;\">\u00a0Fahi\u015fe<\/td>\n<\/tr>\n<tr style=\"height: 24px;\">\n<td style=\"width: 23.5109%; height: 24px; text-align: center;\">Kapasite<\/td>\n<td style=\"width: 35.7961%; height: 24px; text-align: center;\">30ml<\/td>\n<\/tr>\n<tr style=\"height: 24px;\">\n<td style=\"width: 23.5109%; height: 24px; text-align: center;\">\u015eekil<\/td>\n<td style=\"width: 35.7961%; height: 24px; text-align: center;\">Yuvarlak<\/td>\n<\/tr>\n<tr style=\"height: 24px;\">\n<td style=\"width: 23.5109%; height: 24px; text-align: center;\">Malzeme<\/td>\n<td style=\"width: 35.7961%; height: 24px; text-align: center;\">Bardak<\/td>\n<\/tr>\n<tr style=\"height: 24px;\">\n<td style=\"width: 23.5109%; height: 24px; text-align: center;\">Model<\/td>\n<td style=\"width: 35.7961%; height: 24px; text-align: center;\">JH-YM-30<\/td>\n<\/tr>\n<tr style=\"height: 24px;\">\n<td style=\"width: 23.5109%; height: 24px; text-align: center;\">OEM ve ODM<\/td>\n<td style=\"width: 35.7961%; height: 24px; text-align: center;\">Kabul etmek<\/td>\n<\/tr>\n<tr style=\"height: 24px;\">\n<td style=\"width: 23.5109%; height: 24px; text-align: center;\">Renk<\/td>\n<td style=\"width: 35.7961%; height: 24px; text-align: center;\">Herhangi bir parton rengi \u00f6zelle\u015ftirilmi\u015f<\/td>\n<\/tr>\n<tr style=\"height: 24px;\">\n<td style=\"width: 23.5109%; height: 24px; text-align: center;\">Kullan\u0131m<\/td>\n<td style=\"width: 35.7961%; height: 24px; text-align: center;\">Losyon \/ Temel \/ krem vb.<\/td>\n<\/tr>\n<tr style=\"height: 24px;\">\n<td style=\"width: 23.5109%; height: 24px; text-align: center;\">Moq<\/td>\n<td style=\"width: 35.7961%; height: 24px; text-align: center;\">10000<\/td>\n<\/tr>\n<\/tbody>\n<\/table>\n<table style=\"border-collapse: collapse; width: 99.7527%; height: 144px;\">\n<tbody>\n<tr style=\"height: 24px;\">\n<td style=\"width: 11.9555%; text-align: center; height: 24px;\"><strong>Kapasite<\/strong><\/td>\n<td style=\"width: 12.0048%; text-align: center; height: 24px;\"><strong>Toplam y\u00fckseklik<\/strong><\/td>\n<td style=\"width: 12.4616%; text-align: center; height: 24px;\"><strong>Alt \u00e7ap<\/strong><\/td>\n<td style=\"width: 12.1913%; text-align: center; height: 24px;\"><strong>\u015ei\u015fe Bask\u0131labilir Y\u00fckseklik<\/strong><\/td>\n<td style=\"width: 11.7295%; text-align: center;\"><strong>Kapak Bas\u0131labilir Y\u00fckseklik<\/strong><\/td>\n<td style=\"width: 11.7528%; text-align: center;\"><strong>\u015ei\u015fe a\u011f\u0131rl\u0131\u011f\u0131<\/strong><\/td>\n<\/tr>\n<tr style=\"height: 24px;\">\n<td style=\"width: 11.9555%; text-align: center; height: 24px;\">30ml<\/td>\n<td style=\"width: 12.0048%; text-align: center; height: 24px;\">96 mm<\/td>\n<td style=\"width: 12.4616%; text-align: center; height: 24px;\">46.5mm<\/td>\n<td style=\"width: 12.1913%; text-align: center; height: 24px;\">13mm<\/td>\n<td style=\"width: 11.7295%; text-align: center;\">70mm<\/td>\n<td style=\"width: 11.7528%; text-align: center;\">131.3g<\/td>\n<\/tr>\n<\/tbody>\n<\/table>\n<p>Bu 30ML Ters Kapakl\u0131 Losyon \u015ei\u015fesi, losyonlar, temeller ve di\u011fer s\u0131v\u0131 kozmetikler depolamak i\u00e7in tasarlanm\u0131\u015f y\u00fcksek kaliteli camdan yap\u0131lm\u0131\u015ft\u0131r. \u00c7evre dostu cam g\u00f6vdesi yeniden kullan\u0131labilir, kal\u0131nla\u015ft\u0131r\u0131lm\u0131\u015f taban ise dayan\u0131kl\u0131l\u0131k ve k\u0131r\u0131lma direnci sa\u011flar.<\/p>\n<p>Bu \u015fi\u015fenin kapasitesi 30 ml. \u00dcst k\u0131sm\u0131 daha dar, alt k\u0131sm\u0131 ise daha geni\u015f. Kal\u0131nla\u015fm\u0131\u015f alt \u015fi\u015feyi daha istikrarl\u0131 hale getirir. \u015eeffaf veya buzlu cam g\u00f6vde, doldurma i\u00e7in uygun olan beyaz di\u015fli s\u0131v\u0131 pompa kafas\u0131 ile e\u015fle\u015ftirilir (\u015fi\u015fe g\u00f6vdesi \u015feffaf veya orijinal ren\u011finde \u00f6zelle\u015ftirilebilir ve \u015fi\u015fe kapa\u011f\u0131 da gereksinimlere g\u00f6re istenen renkte enjeksiyon kal\u0131planabilir). Bu ters toza dayan\u0131kl\u0131 kapak hem g\u00fczel hem de toza dayan\u0131kl\u0131d\u0131r.<\/p>\n<p>Bu 30ml losyon \u015fi\u015fesinin \u00e7ap\u0131 46,5 mm ve toplam y\u00fcksekli\u011fi 96 mm'dir. Maksimum bask\u0131l\u0131 y\u00fckseklik 13 mm'dir ve \u015fi\u015fenin a\u011f\u0131rl\u0131\u011f\u0131 131,3 g'dir. \u015ei\u015fe kapa\u011f\u0131n\u0131n bask\u0131l\u0131 y\u00fcksekli\u011fi 70 mm'dir. Serigrafi, alt\u0131n bask\u0131, kum p\u00fcsk\u00fcrtme, elektrokaplama, etiketleme vb. gibi bu \u00fcr\u00fcn i\u00e7in \u00e7e\u015fitli \u00f6zelle\u015ftirme hizmetleri sunabiliriz.<\/p>\n<p>Pompa kafas\u0131 tasar\u0131m\u0131, i\u00e7eri\u011fe herhangi bir ikincil kirlili\u011fe neden olmadan tam miktar\u0131n da\u011f\u0131t\u0131lmas\u0131n\u0131 sa\u011flar.<\/p>\n<p>\u00dcr\u00fcn\u00fcm\u00fcz benzersiz markalama ihtiya\u00e7lar\u0131n\u0131z\u0131 kar\u015f\u0131lamak ve kozmetiklerinizin sunumunu y\u00fckseltmek i\u00e7in bir dizi \u00f6zelle\u015ftirme se\u00e7ene\u011fi sunar.<\/p>\n<p>Bu t\u00fcr \u015fi\u015feyle ilgileniyorsan\u0131z, l\u00fctfen bize \u00f6zelle\u015ftirme gereksinimlerinizi g\u00f6nderin. Size tek ba\u015fa hizmet verecek profesyonel bir ekibimiz var.<\/p>\n<table style=\"border-collapse: collapse; width: 100%;\">\n<tbody>\n<tr>\n<td style=\"width: 50%;\"><img decoding=\"async\" class=\"alignnone size-full wp-image-3774\" src=\"https:\/\/www.cosmepak.com\/wp-content\/uploads\/2025\/06\/O1CN01RvufTh1TbFfb9FUhG_2506382400-0-cib1.jpg\" alt=\"\" width=\"1000\" height=\"1000\" srcset=\"https:\/\/www.cosmepak.com\/wp-content\/uploads\/2025\/06\/O1CN01RvufTh1TbFfb9FUhG_2506382400-0-cib1.jpg 1000w, https:\/\/www.cosmepak.com\/wp-content\/uploads\/2025\/06\/O1CN01RvufTh1TbFfb9FUhG_2506382400-0-cib1-300x300.jpg 300w, https:\/\/www.cosmepak.com\/wp-content\/uploads\/2025\/06\/O1CN01RvufTh1TbFfb9FUhG_2506382400-0-cib1-150x150.jpg 150w, https:\/\/www.cosmepak.com\/wp-content\/uploads\/2025\/06\/O1CN01RvufTh1TbFfb9FUhG_2506382400-0-cib1-768x768.jpg 768w, https:\/\/www.cosmepak.com\/wp-content\/uploads\/2025\/06\/O1CN01RvufTh1TbFfb9FUhG_2506382400-0-cib1-12x12.jpg 12w, https:\/\/www.cosmepak.com\/wp-content\/uploads\/2025\/06\/O1CN01RvufTh1TbFfb9FUhG_2506382400-0-cib1-600x600.jpg 600w, https:\/\/www.cosmepak.com\/wp-content\/uploads\/2025\/06\/O1CN01RvufTh1TbFfb9FUhG_2506382400-0-cib1-100x100.jpg 100w\" sizes=\"(max-width: 1000px) 100vw, 1000px\" \/><\/td>\n<td style=\"width: 50%;\"><img decoding=\"async\" class=\"alignnone size-full wp-image-3775\" src=\"https:\/\/www.cosmepak.com\/wp-content\/uploads\/2025\/06\/111.jpg\" alt=\"\" width=\"1000\" height=\"1000\" srcset=\"https:\/\/www.cosmepak.com\/wp-content\/uploads\/2025\/06\/111.jpg 1000w, https:\/\/www.cosmepak.com\/wp-content\/uploads\/2025\/06\/111-300x300.jpg 300w, https:\/\/www.cosmepak.com\/wp-content\/uploads\/2025\/06\/111-150x150.jpg 150w, https:\/\/www.cosmepak.com\/wp-content\/uploads\/2025\/06\/111-768x768.jpg 768w, https:\/\/www.cosmepak.com\/wp-content\/uploads\/2025\/06\/111-12x12.jpg 12w, https:\/\/www.cosmepak.com\/wp-content\/uploads\/2025\/06\/111-600x600.jpg 600w, https:\/\/www.cosmepak.com\/wp-content\/uploads\/2025\/06\/111-100x100.jpg 100w\" sizes=\"(max-width: 1000px) 100vw, 1000px\" \/><\/td>\n<\/tr>\n<\/tbody>\n<\/table>\n<table style=\"border-collapse: collapse; width: 100%;\">\n<tbody>\n<tr>\n<td style=\"width: 33.3333%;\"><img loading=\"lazy\" decoding=\"async\" class=\"alignnone size-full wp-image-3773\" src=\"https:\/\/www.cosmepak.com\/wp-content\/uploads\/2025\/06\/O1CN01JGjPXL1TbFfaU9RaW_2506382400-0-cib1.jpg\" alt=\"\" width=\"1000\" height=\"1000\" srcset=\"https:\/\/www.cosmepak.com\/wp-content\/uploads\/2025\/06\/O1CN01JGjPXL1TbFfaU9RaW_2506382400-0-cib1.jpg 1000w, https:\/\/www.cosmepak.com\/wp-content\/uploads\/2025\/06\/O1CN01JGjPXL1TbFfaU9RaW_2506382400-0-cib1-300x300.jpg 300w, https:\/\/www.cosmepak.com\/wp-content\/uploads\/2025\/06\/O1CN01JGjPXL1TbFfaU9RaW_2506382400-0-cib1-150x150.jpg 150w, https:\/\/www.cosmepak.com\/wp-content\/uploads\/2025\/06\/O1CN01JGjPXL1TbFfaU9RaW_2506382400-0-cib1-768x768.jpg 768w, https:\/\/www.cosmepak.com\/wp-content\/uploads\/2025\/06\/O1CN01JGjPXL1TbFfaU9RaW_2506382400-0-cib1-12x12.jpg 12w, https:\/\/www.cosmepak.com\/wp-content\/uploads\/2025\/06\/O1CN01JGjPXL1TbFfaU9RaW_2506382400-0-cib1-600x600.jpg 600w, https:\/\/www.cosmepak.com\/wp-content\/uploads\/2025\/06\/O1CN01JGjPXL1TbFfaU9RaW_2506382400-0-cib1-100x100.jpg 100w\" sizes=\"(max-width: 1000px) 100vw, 1000px\" \/><\/td>\n<td style=\"width: 33.3333%;\"><img loading=\"lazy\" decoding=\"async\" class=\"alignnone size-full wp-image-3772\" src=\"https:\/\/www.cosmepak.com\/wp-content\/uploads\/2025\/06\/181.jpg\" alt=\"\" width=\"1000\" height=\"1000\" srcset=\"https:\/\/www.cosmepak.com\/wp-content\/uploads\/2025\/06\/181.jpg 1000w, https:\/\/www.cosmepak.com\/wp-content\/uploads\/2025\/06\/181-300x300.jpg 300w, https:\/\/www.cosmepak.com\/wp-content\/uploads\/2025\/06\/181-150x150.jpg 150w, https:\/\/www.cosmepak.com\/wp-content\/uploads\/2025\/06\/181-768x768.jpg 768w, https:\/\/www.cosmepak.com\/wp-content\/uploads\/2025\/06\/181-12x12.jpg 12w, https:\/\/www.cosmepak.com\/wp-content\/uploads\/2025\/06\/181-600x600.jpg 600w, https:\/\/www.cosmepak.com\/wp-content\/uploads\/2025\/06\/181-100x100.jpg 100w\" sizes=\"(max-width: 1000px) 100vw, 1000px\" \/><\/td>\n<td style=\"width: 33.3333%;\"><img loading=\"lazy\" decoding=\"async\" class=\"alignnone size-full wp-image-3776\" src=\"https:\/\/www.cosmepak.com\/wp-content\/uploads\/2025\/06\/O1CN01WmuLNx1TbFfbYlZsx_2506382400-0-cib1.jpg\" alt=\"\" width=\"1000\" height=\"1000\" srcset=\"https:\/\/www.cosmepak.com\/wp-content\/uploads\/2025\/06\/O1CN01WmuLNx1TbFfbYlZsx_2506382400-0-cib1.jpg 1000w, https:\/\/www.cosmepak.com\/wp-content\/uploads\/2025\/06\/O1CN01WmuLNx1TbFfbYlZsx_2506382400-0-cib1-300x300.jpg 300w, https:\/\/www.cosmepak.com\/wp-content\/uploads\/2025\/06\/O1CN01WmuLNx1TbFfbYlZsx_2506382400-0-cib1-150x150.jpg 150w, https:\/\/www.cosmepak.com\/wp-content\/uploads\/2025\/06\/O1CN01WmuLNx1TbFfbYlZsx_2506382400-0-cib1-768x768.jpg 768w, https:\/\/www.cosmepak.com\/wp-content\/uploads\/2025\/06\/O1CN01WmuLNx1TbFfbYlZsx_2506382400-0-cib1-12x12.jpg 12w, https:\/\/www.cosmepak.com\/wp-content\/uploads\/2025\/06\/O1CN01WmuLNx1TbFfbYlZsx_2506382400-0-cib1-600x600.jpg 600w, https:\/\/www.cosmepak.com\/wp-content\/uploads\/2025\/06\/O1CN01WmuLNx1TbFfbYlZsx_2506382400-0-cib1-100x100.jpg 100w\" sizes=\"(max-width: 1000px) 100vw, 1000px\" \/><\/td>\n<\/tr>\n<\/tbody>\n<\/table>\n<table style=\"border-collapse: collapse; width: 100%;\">\n<tbody>\n<tr>\n<td style=\"width: 50%;\"><img loading=\"lazy\" decoding=\"async\" class=\"alignnone size-full wp-image-3777\" src=\"https:\/\/www.cosmepak.com\/wp-content\/uploads\/2025\/06\/161.jpg\" alt=\"\" width=\"1000\" height=\"1000\" srcset=\"https:\/\/www.cosmepak.com\/wp-content\/uploads\/2025\/06\/161.jpg 1000w, https:\/\/www.cosmepak.com\/wp-content\/uploads\/2025\/06\/161-300x300.jpg 300w, https:\/\/www.cosmepak.com\/wp-content\/uploads\/2025\/06\/161-150x150.jpg 150w, https:\/\/www.cosmepak.com\/wp-content\/uploads\/2025\/06\/161-768x768.jpg 768w, https:\/\/www.cosmepak.com\/wp-content\/uploads\/2025\/06\/161-12x12.jpg 12w, https:\/\/www.cosmepak.com\/wp-content\/uploads\/2025\/06\/161-600x600.jpg 600w, https:\/\/www.cosmepak.com\/wp-content\/uploads\/2025\/06\/161-100x100.jpg 100w\" sizes=\"(max-width: 1000px) 100vw, 1000px\" \/><\/td>\n<td style=\"width: 50%;\"><img loading=\"lazy\" decoding=\"async\" class=\"alignnone size-full wp-image-3778\" src=\"https:\/\/www.cosmepak.com\/wp-content\/uploads\/2025\/06\/171.jpg\" alt=\"\" width=\"1000\" height=\"1000\" srcset=\"https:\/\/www.cosmepak.com\/wp-content\/uploads\/2025\/06\/171.jpg 1000w, https:\/\/www.cosmepak.com\/wp-content\/uploads\/2025\/06\/171-300x300.jpg 300w, https:\/\/www.cosmepak.com\/wp-content\/uploads\/2025\/06\/171-150x150.jpg 150w, https:\/\/www.cosmepak.com\/wp-content\/uploads\/2025\/06\/171-768x768.jpg 768w, https:\/\/www.cosmepak.com\/wp-content\/uploads\/2025\/06\/171-12x12.jpg 12w, https:\/\/www.cosmepak.com\/wp-content\/uploads\/2025\/06\/171-600x600.jpg 600w, https:\/\/www.cosmepak.com\/wp-content\/uploads\/2025\/06\/171-100x100.jpg 100w\" sizes=\"(max-width: 1000px) 100vw, 1000px\" \/><\/td>\n<\/tr>\n<\/tbody>\n<\/table>\n<p>&nbsp;<\/p>","protected":false},"excerpt":{"rendered":"<p>Malzeme: Cam<\/p>\n<p>Kapasite: 30ml<\/p>\n<p>Renk: \u00d6zelle\u015ftirilmi\u015f Kabul (Mevcut Pantone Rengi)<\/p>\n<p>Y\u00fczey Kaplama: Serip Bask\u0131, S\u0131cak Damgalama, P\u00fcsk\u00fcrtme Gradyan, Mat Kaplama, vb.<\/p>\n<p>ADEDI: 10000<\/p>\n<p>\u00d6rnek: \u00dccretsiz \u00f6rnekler mevcut<\/p>\n<p>&nbsp;<\/p>\n<p>&nbsp;<\/p>","protected":false},"featured_media":3779,"comment_status":"closed","ping_status":"closed","template":"","meta":{"_acf_changed":false},"product_brand":[],"product_cat":[45,19],"product_tag":[62],"class_list":{"0":"post-2054","1":"product","2":"type-product","3":"status-publish","4":"has-post-thumbnail","6":"product_cat-serum-pump-bottle","7":"product_cat-skincare-glass-bottle","8":"product_tag-serum-bottle","10":"first","11":"instock","12":"shipping-taxable","13":"product-type-simple"},"acf":[],"_links":{"self":[{"href":"https:\/\/www.cosmepak.com\/tr\/wp-json\/wp\/v2\/product\/2054","targetHints":{"allow":["GET"]}}],"collection":[{"href":"https:\/\/www.cosmepak.com\/tr\/wp-json\/wp\/v2\/product"}],"about":[{"href":"https:\/\/www.cosmepak.com\/tr\/wp-json\/wp\/v2\/types\/product"}],"replies":[{"embeddable":true,"href":"https:\/\/www.cosmepak.com\/tr\/wp-json\/wp\/v2\/comments?post=2054"}],"wp:featuredmedia":[{"embeddable":true,"href":"https:\/\/www.cosmepak.com\/tr\/wp-json\/wp\/v2\/media\/3779"}],"wp:attachment":[{"href":"https:\/\/www.cosmepak.com\/tr\/wp-json\/wp\/v2\/media?parent=2054"}],"wp:term":[{"taxonomy":"product_brand","embeddable":true,"href":"https:\/\/www.cosmepak.com\/tr\/wp-json\/wp\/v2\/product_brand?post=2054"},{"taxonomy":"product_cat","embeddable":true,"href":"https:\/\/www.cosmepak.com\/tr\/wp-json\/wp\/v2\/product_cat?post=2054"},{"taxonomy":"product_tag","embeddable":true,"href":"https:\/\/www.cosmepak.com\/tr\/wp-json\/wp\/v2\/product_tag?post=2054"}],"curies":[{"name":"wp","href":"https:\/\/api.w.org\/{rel}","templated":true}]}}