{"id":2068,"date":"2025-06-05T10:25:18","date_gmt":"2025-06-05T02:25:18","guid":{"rendered":"https:\/\/www.cosmepak.com\/?post_type=product&#038;p=2068"},"modified":"2025-08-08T15:08:44","modified_gmt":"2025-08-08T07:08:44","slug":"square-airless-bottle-with-pump","status":"publish","type":"product","link":"https:\/\/www.cosmepak.com\/tr\/product\/square-airless-bottle-with-pump\/","title":{"rendered":"15ml 30ml 50ml Pompal\u0131 kare havas\u0131z \u015fi\u015fe \/Jaunce"},"content":{"rendered":"<table style=\"border-collapse: collapse; width: 100%; height: 168px;\">\n<tbody>\n<tr style=\"height: 24px;\">\n<td style=\"width: 33.3333%; height: 168px;\" rowspan=\"6\"><img fetchpriority=\"high\" decoding=\"async\" class=\"alignnone size-full wp-image-2072\" src=\"https:\/\/www.cosmepak.com\/wp-content\/uploads\/2025\/06\/248.jpg\" alt=\"\" width=\"800\" height=\"800\" srcset=\"https:\/\/www.cosmepak.com\/wp-content\/uploads\/2025\/06\/248.jpg 800w, https:\/\/www.cosmepak.com\/wp-content\/uploads\/2025\/06\/248-300x300.jpg 300w, https:\/\/www.cosmepak.com\/wp-content\/uploads\/2025\/06\/248-150x150.jpg 150w, https:\/\/www.cosmepak.com\/wp-content\/uploads\/2025\/06\/248-768x768.jpg 768w, https:\/\/www.cosmepak.com\/wp-content\/uploads\/2025\/06\/248-12x12.jpg 12w, https:\/\/www.cosmepak.com\/wp-content\/uploads\/2025\/06\/248-600x600.jpg 600w, https:\/\/www.cosmepak.com\/wp-content\/uploads\/2025\/06\/248-100x100.jpg 100w\" sizes=\"(max-width: 800px) 100vw, 800px\" \/><\/td>\n<td style=\"width: 33.122%; height: 24px; text-align: center;\">Marka<\/td>\n<td style=\"width: 33.5446%; height: 24px; text-align: center;\">Fahi\u015fe<\/td>\n<\/tr>\n<tr style=\"height: 24px;\">\n<td style=\"width: 33.122%; height: 24px; text-align: center;\">Model<\/td>\n<td style=\"width: 33.5446%; height: 24px; text-align: center;\">JH-ZL30<\/td>\n<\/tr>\n<tr style=\"height: 24px;\">\n<td style=\"width: 33.122%; height: 24px; text-align: center;\">Kapak<\/td>\n<td style=\"width: 33.5446%; height: 24px; text-align: center;\">15\/30\/50ML<\/td>\n<\/tr>\n<tr style=\"height: 24px;\">\n<td style=\"width: 33.122%; height: 24px; text-align: center;\">A\u011f\u0131rl\u0131k<\/td>\n<td style=\"width: 33.5446%; height: 24px; text-align: center;\">60\/72\/91g<\/td>\n<\/tr>\n<tr style=\"height: 24px;\">\n<td style=\"width: 33.122%; height: 24px; text-align: center;\">Renk<\/td>\n<td style=\"width: 33.5446%; height: 24px; text-align: center;\">\u00f6zelle\u015ftirilmi\u015f<\/td>\n<\/tr>\n<tr style=\"height: 24px;\">\n<td style=\"width: 33.122%; height: 24px; text-align: center;\">Malzeme<\/td>\n<td style=\"width: 33.5446%; height: 24px; text-align: center;\">PP<\/td>\n<\/tr>\n<\/tbody>\n<\/table>\n<p>&nbsp;<\/p>\n<table style=\"border-collapse: collapse; width: 100%; height: 192px;\">\n<tbody>\n<tr style=\"height: 24px;\">\n<td style=\"width: 16.6667%; text-align: center; height: 24px;\">Kapasite<\/td>\n<td style=\"width: 16.6667%; text-align: center; height: 24px;\">Toplam y\u00fckseklik<\/td>\n<td style=\"width: 16.6667%; text-align: center; height: 24px;\">Dia<\/td>\n<td style=\"width: 16.6667%; text-align: center; height: 24px;\">A\u011f\u0131rl\u0131k<\/td>\n<\/tr>\n<tr style=\"height: 24px;\">\n<td style=\"width: 16.6667%; text-align: center; height: 24px;\">15ml<\/td>\n<td style=\"width: 16.6667%; text-align: center; height: 24px;\">115mm<\/td>\n<td style=\"width: 16.6667%; text-align: center; height: 24px;\">36 mm<\/td>\n<td style=\"width: 16.6667%; text-align: center; height: 24px;\">60g<\/td>\n<\/tr>\n<tr style=\"height: 24px;\">\n<td style=\"width: 16.6667%; text-align: center; height: 24px;\">30ml<\/td>\n<td style=\"width: 16.6667%; text-align: center; height: 24px;\">138mm<\/td>\n<td style=\"width: 16.6667%; text-align: center; height: 24px;\">36 mm<\/td>\n<td style=\"width: 16.6667%; text-align: center; height: 24px;\">72g<\/td>\n<\/tr>\n<tr style=\"height: 24px;\">\n<td style=\"width: 16.6667%; text-align: center; height: 24px;\">50ml<\/td>\n<td style=\"width: 16.6667%; text-align: center; height: 24px;\">176 mm<\/td>\n<td style=\"width: 16.6667%; text-align: center; height: 24px;\">36 mm<\/td>\n<td style=\"width: 16.6667%; text-align: center; height: 24px;\">91g<\/td>\n<\/tr>\n<\/tbody>\n<\/table>\n<p>&nbsp;<\/p>\n<p><img decoding=\"async\" class=\"alignnone wp-image-2070\" src=\"https:\/\/www.cosmepak.com\/wp-content\/uploads\/2025\/06\/244.jpg\" alt=\"\" width=\"750\" height=\"750\" srcset=\"https:\/\/www.cosmepak.com\/wp-content\/uploads\/2025\/06\/244.jpg 800w, https:\/\/www.cosmepak.com\/wp-content\/uploads\/2025\/06\/244-300x300.jpg 300w, https:\/\/www.cosmepak.com\/wp-content\/uploads\/2025\/06\/244-150x150.jpg 150w, https:\/\/www.cosmepak.com\/wp-content\/uploads\/2025\/06\/244-768x768.jpg 768w, https:\/\/www.cosmepak.com\/wp-content\/uploads\/2025\/06\/244-12x12.jpg 12w, https:\/\/www.cosmepak.com\/wp-content\/uploads\/2025\/06\/244-600x600.jpg 600w, https:\/\/www.cosmepak.com\/wp-content\/uploads\/2025\/06\/244-100x100.jpg 100w\" sizes=\"(max-width: 750px) 100vw, 750px\" \/> <img decoding=\"async\" class=\"alignnone wp-image-2071\" src=\"https:\/\/www.cosmepak.com\/wp-content\/uploads\/2025\/06\/246.jpg\" alt=\"\" width=\"750\" height=\"750\" srcset=\"https:\/\/www.cosmepak.com\/wp-content\/uploads\/2025\/06\/246.jpg 800w, https:\/\/www.cosmepak.com\/wp-content\/uploads\/2025\/06\/246-300x300.jpg 300w, https:\/\/www.cosmepak.com\/wp-content\/uploads\/2025\/06\/246-150x150.jpg 150w, https:\/\/www.cosmepak.com\/wp-content\/uploads\/2025\/06\/246-768x768.jpg 768w, https:\/\/www.cosmepak.com\/wp-content\/uploads\/2025\/06\/246-12x12.jpg 12w, https:\/\/www.cosmepak.com\/wp-content\/uploads\/2025\/06\/246-600x600.jpg 600w, https:\/\/www.cosmepak.com\/wp-content\/uploads\/2025\/06\/246-100x100.jpg 100w\" sizes=\"(max-width: 750px) 100vw, 750px\" \/><\/p>\n<h3 id=\"innovative-packaging-solutions-the-versatile-four-sided-rotating-vacuum-bottle\" class=\"ai-center-markdown-h3\">Yenilik\u00e7i Ambalaj \u00c7\u00f6z\u00fcmleri: \u00c7ok y\u00f6nl\u00fc D\u00f6rt Tarafl\u0131 D\u00f6nen Vakum \u015ei\u015fesi<\/h3>\n<p class=\"ai-center-markdown-p\">Kozmetiklerin dinamik d\u00fcnyas\u0131nda ambalaj, sadece \u00fcr\u00fcn b\u00fct\u00fcnl\u00fc\u011f\u00fcn\u00fc korumada de\u011fil, ayn\u0131 zamanda kullan\u0131c\u0131 deneyimini geli\u015ftirmede de \u00f6nemli bir rol oynar. Bu alandaki en son yeniliklerden biri de\u00a0<strong class=\"ai-center-markdown-strong\">D\u00f6rt Tarafl\u0131 D\u00f6ner Vakum \u015ei\u015fesi<\/strong>Kozmetik \u00fcr\u00fcnler i\u00e7in \u00e7ok y\u00f6nl\u00fc ve ta\u015f\u0131nabilir bir \u00e7\u00f6z\u00fcm.<\/p>\n<h4 id=\"1-four-sided-rotating-vacuum-bottle\" class=\"ai-center-markdown-h4\"><strong class=\"ai-center-markdown-strong\">1. D\u00f6rt Tarafl\u0131 D\u00f6ner Vakum \u015ei\u015fesi<\/strong><\/h4>\n<p class=\"ai-center-markdown-p\">D\u00f6rt tarafl\u0131 d\u00f6nen vakum \u015fi\u015fesi maksimum rahatl\u0131k ve i\u015flevsellik sunmak i\u00e7in tasarlanm\u0131\u015ft\u0131r. Benzersiz yap\u0131s\u0131, \u00fcr\u00fcnlerin kolay kullan\u0131lmas\u0131n\u0131 ve hassas da\u011f\u0131t\u0131lmas\u0131n\u0131 sa\u011flar. D\u00f6ner mekanizmas\u0131, \u00fcr\u00fcn\u00fcn e\u015fit bir \u015fekilde da\u011f\u0131t\u0131lmas\u0131n\u0131 sa\u011flar, at\u0131klar\u0131 azalt\u0131r ve her son damlas\u0131n\u0131n kullan\u0131lmas\u0131n\u0131 sa\u011flar.<\/p>\n<p class=\"ai-center-markdown-p\"><strong class=\"ai-center-markdown-strong\">Ana \u00d6zellikler:<\/strong><\/p>\n<ul class=\"ai-center-markdown-ul\">\n<li class=\"ai-center-markdown-li\"><strong class=\"ai-center-markdown-strong\">Verimli Da\u011f\u0131t\u0131m:<\/strong>\u00a0D\u00f6ner mekanizma, \u00fcr\u00fcn israf\u0131n\u0131 en aza indirerek kontroll\u00fc da\u011f\u0131t\u0131ma olanak sa\u011flar.<\/li>\n<li class=\"ai-center-markdown-li\"><strong class=\"ai-center-markdown-strong\">Vakum Teknolojisi:<\/strong>\u00a0\u00dcr\u00fcn\u00fcn taze ve d\u0131\u015f fakt\u00f6rlerden kirlenmemi\u015f kalmas\u0131n\u0131 sa\u011flar.<\/li>\n<li class=\"ai-center-markdown-li\"><strong class=\"ai-center-markdown-strong\">Ergonomik Tasar\u0131m:<\/strong>\u00a0D\u00f6rt tarafl\u0131 tasar\u0131m, kullan\u0131m\u0131 kolay hale getiren rahat bir tutu\u015f sa\u011flar.<\/li>\n<\/ul>\n<h4 id=\"2-press-type-lotion-bottle\" class=\"ai-center-markdown-h4\"><strong class=\"ai-center-markdown-strong\">2. Bas\u0131n Tipi Losyon \u015ei\u015fesi<\/strong><\/h4>\n<p class=\"ai-center-markdown-p\">Yenilik\u00e7i bir paketleme \u00e7\u00f6z\u00fcm\u00fc ise\u00a0<strong class=\"ai-center-markdown-strong\">Bas\u0131n Tipi Losyon \u015ei\u015fesi<\/strong>. Bu \u015fi\u015fe \u00f6zellikle losyonlar ve benzer \u00fcr\u00fcnler i\u00e7in tasarlanm\u0131\u015ft\u0131r ve bas\u0131n-da\u011f\u0131tma \u00f6zelli\u011fi arac\u0131l\u0131\u011f\u0131yla kullan\u0131c\u0131 dostu bir deneyim sunmaktad\u0131r.<\/p>\n<p class=\"ai-center-markdown-p\"><strong class=\"ai-center-markdown-strong\">Ana \u00d6zellikler:<\/strong><\/p>\n<ul class=\"ai-center-markdown-ul\">\n<li class=\"ai-center-markdown-li\"><strong class=\"ai-center-markdown-strong\">Uygun Kullan\u0131m:<\/strong>\u00a0Pres mekanizmas\u0131, losyonlar\u0131n kolay ve hassas da\u011f\u0131t\u0131m\u0131n\u0131 sa\u011flar.<\/li>\n<li class=\"ai-center-markdown-li\"><strong class=\"ai-center-markdown-strong\">Hijyen Tasar\u0131m\u0131:<\/strong>\u00a0Pres tipi tasar\u0131m, \u00fcr\u00fcnle temas etmeyi en aza indirir ve hijyen korur.<\/li>\n<li class=\"ai-center-markdown-li\"><strong class=\"ai-center-markdown-strong\">Ta\u015f\u0131nabilir:<\/strong>\u00a0Kompakt boyutu, seyahat ve hareket halinde kullan\u0131m i\u00e7in ideal hale getirir.<\/li>\n<\/ul>\n<h4 id=\"3-portable-vacuum-cosmetic-packaging\" class=\"ai-center-markdown-h4\"><strong class=\"ai-center-markdown-strong\">3. Ta\u015f\u0131nabilir Vakum Kozmetik Ambalaj<\/strong><\/h4>\n<p class=\"ai-center-markdown-p\">Her zaman harekette olanlar i\u00e7in,\u00a0<strong class=\"ai-center-markdown-strong\">Ta\u015f\u0131nabilir Vakumlu Kozmetik Ambalaj<\/strong>\u00a0Oyun de\u011fi\u015ftiricisidir. Bu ambalaj \u00e7\u00f6z\u00fcm\u00fc, \u00fcr\u00fcn\u00fcn taze ve etkili kalmas\u0131n\u0131 sa\u011flarken seyahat dostu olmak i\u00e7in tasarlanm\u0131\u015ft\u0131r.<\/p>\n<p class=\"ai-center-markdown-p\"><strong class=\"ai-center-markdown-strong\">Ana \u00d6zellikler:<\/strong><\/p>\n<ul class=\"ai-center-markdown-ul\">\n<li class=\"ai-center-markdown-li\"><strong class=\"ai-center-markdown-strong\">Seyahat Dostu:<\/strong>\u00a0Kompakt ve hafif, \u00e7antalarda veya seyahat \u00e7antalar\u0131nda ta\u015f\u0131mak i\u00e7in m\u00fckemmel.<\/li>\n<li class=\"ai-center-markdown-li\"><strong class=\"ai-center-markdown-strong\">Vakum m\u00fch\u00fcrlenmi\u015f:<\/strong>\u00a0\u00dcr\u00fcn\u00fc taze tutar ve kirlili\u011fi \u00f6nler.<\/li>\n<li class=\"ai-center-markdown-li\"><strong class=\"ai-center-markdown-strong\">\u00c7ok y\u00f6nl\u00fc kullan\u0131m:<\/strong>\u00a0Kremlerden serumlara kadar \u00e7e\u015fitli kozmetik \u00fcr\u00fcnler i\u00e7in uygundur.<\/li>\n<\/ul>\n<h3 id=\"conclusion\" class=\"ai-center-markdown-h3\"><strong class=\"ai-center-markdown-strong\">Sonu\u00e7<\/strong><\/h3>\n<p class=\"ai-center-markdown-p\">Kozmetik ambalajlar\u0131n evrimi, d\u00f6rt tarafl\u0131 d\u00f6nen vakum \u015fi\u015fesi, pres tipi losyon \u015fi\u015fesi ve ta\u015f\u0131nabilir vakum kozmetik ambalaj\u0131 gibi yenilik\u00e7i \u00e7\u00f6z\u00fcmler getirdi. Bu geli\u015fmeler sadece kullan\u0131c\u0131 deneyimini artt\u0131rmakla kalmaz, ayn\u0131 zamanda \u00fcr\u00fcnlerin uzun \u00f6m\u00fcrl\u00fcl\u00fc\u011f\u00fcn\u00fc ve etkinli\u011fini de sa\u011flar. Bu yenilik\u00e7i ambalaj \u00e7\u00f6z\u00fcmlerini benimsemek, kozmetik \u00fcr\u00fcnlerin \u00e7ekicili\u011fini ve i\u015flevselli\u011fini \u00f6nemli \u00f6l\u00e7\u00fcde art\u0131rabilir.<\/p>\n<table style=\"border-collapse: collapse; width: 100%;\">\n<tbody>\n<tr>\n<td style=\"width: 40.1818%;\"><\/td>\n<td style=\"width: 59.8182%;\"><\/td>\n<\/tr>\n<\/tbody>\n<\/table>\n<p><img loading=\"lazy\" decoding=\"async\" class=\"alignnone size-full wp-image-1347\" src=\"https:\/\/www.cosmepak.com\/wp-content\/uploads\/2024\/12\/\u9996\u987519202_03.jpg\" alt=\"fabrika g\u00f6sterisi\" width=\"1920\" height=\"885\" srcset=\"https:\/\/www.cosmepak.com\/wp-content\/uploads\/2024\/12\/\u9996\u987519202_03.jpg 1920w, https:\/\/www.cosmepak.com\/wp-content\/uploads\/2024\/12\/\u9996\u987519202_03-300x138.jpg 300w, https:\/\/www.cosmepak.com\/wp-content\/uploads\/2024\/12\/\u9996\u987519202_03-1024x472.jpg 1024w, https:\/\/www.cosmepak.com\/wp-content\/uploads\/2024\/12\/\u9996\u987519202_03-768x354.jpg 768w, https:\/\/www.cosmepak.com\/wp-content\/uploads\/2024\/12\/\u9996\u987519202_03-1536x708.jpg 1536w, https:\/\/www.cosmepak.com\/wp-content\/uploads\/2024\/12\/\u9996\u987519202_03-600x277.jpg 600w\" sizes=\"(max-width: 1920px) 100vw, 1920px\" \/>\u00dcretim s\u00fcreci: \u00dcretimin her a\u015famas\u0131nda rastgele muayeneler kuraca\u011f\u0131z ve \u00fcr\u00fcn paketlenmeden ve depolanmadan \u00f6nce tam bir muayene s\u00fcreci olacakt\u0131r. Kalite sorunlar\u0131 olan t\u00fcm \u00fcr\u00fcnler, kusurlu \u00fcr\u00fcnlerin pazara girmesini \u00f6nlemek i\u00e7in yok edilir.<\/p>\n<p><img loading=\"lazy\" decoding=\"async\" class=\"alignnone size-full wp-image-1348\" src=\"https:\/\/www.cosmepak.com\/wp-content\/uploads\/2024\/12\/\u9996\u987519202_04.jpg\" alt=\"\" width=\"1920\" height=\"694\" srcset=\"https:\/\/www.cosmepak.com\/wp-content\/uploads\/2024\/12\/\u9996\u987519202_04.jpg 1920w, https:\/\/www.cosmepak.com\/wp-content\/uploads\/2024\/12\/\u9996\u987519202_04-300x108.jpg 300w, https:\/\/www.cosmepak.com\/wp-content\/uploads\/2024\/12\/\u9996\u987519202_04-1024x370.jpg 1024w, https:\/\/www.cosmepak.com\/wp-content\/uploads\/2024\/12\/\u9996\u987519202_04-768x278.jpg 768w, https:\/\/www.cosmepak.com\/wp-content\/uploads\/2024\/12\/\u9996\u987519202_04-1536x555.jpg 1536w, https:\/\/www.cosmepak.com\/wp-content\/uploads\/2024\/12\/\u9996\u987519202_04-600x217.jpg 600w\" sizes=\"(max-width: 1920px) 100vw, 1920px\" \/><img loading=\"lazy\" decoding=\"async\" class=\"alignnone size-full wp-image-1350\" src=\"https:\/\/www.cosmepak.com\/wp-content\/uploads\/2024\/12\/\u9996\u987519202_05-1.jpg\" alt=\"\" width=\"1920\" height=\"970\" srcset=\"https:\/\/www.cosmepak.com\/wp-content\/uploads\/2024\/12\/\u9996\u987519202_05-1.jpg 1920w, https:\/\/www.cosmepak.com\/wp-content\/uploads\/2024\/12\/\u9996\u987519202_05-1-300x152.jpg 300w, https:\/\/www.cosmepak.com\/wp-content\/uploads\/2024\/12\/\u9996\u987519202_05-1-1024x517.jpg 1024w, https:\/\/www.cosmepak.com\/wp-content\/uploads\/2024\/12\/\u9996\u987519202_05-1-768x388.jpg 768w, https:\/\/www.cosmepak.com\/wp-content\/uploads\/2024\/12\/\u9996\u987519202_05-1-1536x776.jpg 1536w, https:\/\/www.cosmepak.com\/wp-content\/uploads\/2024\/12\/\u9996\u987519202_05-1-600x303.jpg 600w\" sizes=\"(max-width: 1920px) 100vw, 1920px\" \/><img loading=\"lazy\" decoding=\"async\" class=\"alignnone wp-image-1351\" src=\"https:\/\/www.cosmepak.com\/wp-content\/uploads\/2024\/12\/\u7269\u6d41\u8fd0\u8f93\u753b\u9762-2.jpg\" alt=\"\" width=\"1385\" height=\"1039\" srcset=\"https:\/\/www.cosmepak.com\/wp-content\/uploads\/2024\/12\/\u7269\u6d41\u8fd0\u8f93\u753b\u9762-2.jpg 800w, https:\/\/www.cosmepak.com\/wp-content\/uploads\/2024\/12\/\u7269\u6d41\u8fd0\u8f93\u753b\u9762-2-300x225.jpg 300w, https:\/\/www.cosmepak.com\/wp-content\/uploads\/2024\/12\/\u7269\u6d41\u8fd0\u8f93\u753b\u9762-2-768x576.jpg 768w, https:\/\/www.cosmepak.com\/wp-content\/uploads\/2024\/12\/\u7269\u6d41\u8fd0\u8f93\u753b\u9762-2-600x450.jpg 600w\" sizes=\"(max-width: 1385px) 100vw, 1385px\" \/><\/p>\n<table style=\"border-collapse: collapse; width: 100%;\">\n<tbody>\n<tr>\n<td style=\"width: 33.3333%; text-align: center;\"><strong>\u0130fade etmek<\/strong><\/td>\n<td style=\"width: 33.3333%; text-align: center;\"><strong>Hava y\u00fck\u00fc<\/strong><\/td>\n<td style=\"width: 33.3333%; text-align: center;\"><strong>Deniz ta\u015f\u0131mac\u0131l\u0131\u011f\u0131<\/strong><\/td>\n<\/tr>\n<tr>\n<td style=\"width: 33.3333%; text-align: center;\">Europ 4-6 g\u00fcn<\/p>\n<p>Kuzey Amerika 4-6 g\u00fcn<\/p>\n<p>G\u00fcney Do\u011fu Asya 3-5 g\u00fcn<\/p>\n<p>Orta Do\u011fu 4-6 g\u00fcn<\/p>\n<p>G\u00fcney Afrika 5-8 g\u00fcn<\/td>\n<td style=\"width: 33.3333%; text-align: center;\">Europ 4-6 g\u00fcn<\/p>\n<p>Kuzey Amerika 4-6 g\u00fcn<\/p>\n<p>G\u00fcney Do\u011fu Asya 3-5 g\u00fcn<\/p>\n<p>Orta Do\u011fu 4-6 g\u00fcn<\/p>\n<p>G\u00fcney Afrika 5-8 g\u00fcn<\/td>\n<td style=\"width: 33.3333%; text-align: center;\">Europ 25-35 g\u00fcn<\/p>\n<p>Kuzey Amerika 25-35 g\u00fcn<\/p>\n<p>G\u00fcney Do\u011fu Asya 25-35 g\u00fcn<\/p>\n<p>Orta Do\u011fu 25-35 g\u00fcn<\/p>\n<p>G\u00fcney Afrika 25-35 g\u00fcn<\/td>\n<\/tr>\n<\/tbody>\n<\/table>\n<p><span style=\"font-size: 14pt;\"><strong>SSS:<\/strong><\/span><\/p>\n<h3 id=\"why-should-you-buy-from-us-instead-of-other-suppliers\" class=\"ai-center-markdown-h3\" data-spm-anchor-id=\"a2700.29482153.0.i8.151771d2VWO2P1\">Neden di\u011fer tedarik\u00e7iler yerine bizden sat\u0131n almal\u0131s\u0131n\u0131z?<\/h3>\n<ol class=\"ai-center-markdown-ol\" start=\"1\">\n<li class=\"ai-center-markdown-li\"><strong class=\"ai-center-markdown-strong\">Sadece 3 Dakikada \u00d6zel Tasar\u0131mlar:<\/strong>\u00a0K\u0131sa s\u00fcrede ihtiya\u00e7lar\u0131n\u0131za uygun ki\u015fiselle\u015ftirilmi\u015f tasar\u0131mlar sunuyoruz.<\/li>\n<li class=\"ai-center-markdown-li\"><strong class=\"ai-center-markdown-strong\">24\/7 \u00c7evrimi\u00e7i Hizmet:<\/strong>\u00a0Ekibimiz size yard\u0131mc\u0131 olmak i\u00e7in 24 saat mevcuttur.<\/li>\n<li class=\"ai-center-markdown-li\"><strong class=\"ai-center-markdown-strong\">H\u0131zl\u0131 \u00d6rnek D\u00f6n\u00fc\u015f\u00fcm\u00fc:<\/strong>\u00a0Stok \u00f6rnekleri 7 g\u00fcn i\u00e7inde haz\u0131r ve \u00f6zel bas\u0131l\u0131 \u00f6rnekler 15 g\u00fcn i\u00e7inde.<\/li>\n<li class=\"ai-center-markdown-li\"><strong class=\"ai-center-markdown-strong\">G\u00fcvenilir Kur\u015fun S\u00fcresi:<\/strong>\u00a035 g\u00fcnl\u00fck bir teslim s\u00fcresi garanti ediyoruz.<\/li>\n<li class=\"ai-center-markdown-li\"><strong class=\"ai-center-markdown-strong\">End\u00fcstri Uzmanl\u0131\u011f\u0131:<\/strong>\u00a0Kozmetik ambalajlarda 10 y\u0131ldan fazla deneyimle profesyonel hizmet sa\u011flay\u0131z.<\/li>\n<li class=\"ai-center-markdown-li\"><strong class=\"ai-center-markdown-strong\">Fabrika Do\u011frudan Fiyatland\u0131rma:<\/strong>\u00a0Fabrikam\u0131zdan do\u011frudan en iyi fiyatlar\u0131n ve hizmetlerin tad\u0131n\u0131 \u00e7\u0131kar\u0131n.<\/li>\n<li class=\"ai-center-markdown-li\"><strong class=\"ai-center-markdown-strong\">Kapsaml\u0131 \u00c7\u00f6z\u00fcmler:<\/strong>\u00a0T\u00fcm kozmetik ambalaj ihtiya\u00e7lar\u0131n\u0131z i\u00e7in tek durakl\u0131 bir \u00e7\u00f6z\u00fcm sunuyoruz.<\/li>\n<\/ol>\n<h3 id=\"who-are-we\" class=\"ai-center-markdown-h3\">Biz kimiz?<\/h3>\n<p class=\"ai-center-markdown-p\">2014 y\u0131l\u0131nda kurulan Zhejiang merkezli bir \u015firketiz. Ana pazarlar\u0131m\u0131z \u015funlard\u0131r:<\/p>\n<ul class=\"ai-center-markdown-ul\">\n<li class=\"ai-center-markdown-li\">\u0130\u00e7 Pazar ()<\/li>\n<li class=\"ai-center-markdown-li\">Okyanusya (%8)<\/li>\n<li class=\"ai-center-markdown-li\">Ortado\u011fu (%7)<\/li>\n<li class=\"ai-center-markdown-li\">Do\u011fu Asya (%2)<\/li>\n<li class=\"ai-center-markdown-li\">Kuzey Amerika (%2)<\/li>\n<li class=\"ai-center-markdown-li\">Bat\u0131 Avrupa (%2)<\/li>\n<li class=\"ai-center-markdown-li\">G\u00fcneydo\u011fu Asya (%2)<\/li>\n<li class=\"ai-center-markdown-li\">G\u00fcney Asya (% 1)<\/li>\n<li class=\"ai-center-markdown-li\">G\u00fcney Amerika (% 1)<\/li>\n<li class=\"ai-center-markdown-li\">G\u00fcney Avrupa (%1)<\/li>\n<li class=\"ai-center-markdown-li\">Orta Amerika (% 1)<\/li>\n<li class=\"ai-center-markdown-li\">Kuzey Avrupa (%1)<\/li>\n<li class=\"ai-center-markdown-li\">Afrika (% 1)<\/li>\n<li class=\"ai-center-markdown-li\">Do\u011fu Avrupa (%1)<\/li>\n<\/ul>\n<h3 id=\"how-can-we-guarantee-quality\" class=\"ai-center-markdown-h3\">Kaliteyi nas\u0131l garanti edebiliriz?<\/h3>\n<ul class=\"ai-center-markdown-ul\">\n<li class=\"ai-center-markdown-li\"><strong class=\"ai-center-markdown-strong\">\u00d6n \u00fcretim \u00f6rnekleri:<\/strong>\u00a0Seri \u00fcretimden \u00f6nce her zaman bir \u00f6rnek sunuyoruz.<\/li>\n<li class=\"ai-center-markdown-li\"><strong class=\"ai-center-markdown-strong\">Son Muayene:<\/strong>\u00a0Kaliteyi sa\u011flamak i\u00e7in g\u00f6ndermeden \u00f6nce ayr\u0131nt\u0131l\u0131 denetimler yap\u0131yoruz.<\/li>\n<\/ul>\n<h3 id=\"what-can-you-buy-from-us\" class=\"ai-center-markdown-h3\">Bizden ne sat\u0131n alabilirsiniz?<\/h3>\n<p class=\"ai-center-markdown-p\">Kozmetik ambalaj malzemelerinin geni\u015f bir yelpazesini sunuyoruz:<\/p>\n<ul class=\"ai-center-markdown-ul\">\n<li class=\"ai-center-markdown-li\">Cam \u015ei\u015feler<\/li>\n<li class=\"ai-center-markdown-li\">Plastik \u015fi\u015feler \/ kavanozlar \/ t\u00fcpler<\/li>\n<li class=\"ai-center-markdown-li\">Al\u00fcminyum \u015fi\u015feler \/ kavanozlar \/ t\u00fcpler<\/li>\n<\/ul>\n<h3 id=\"what-services-can-we-provide\" class=\"ai-center-markdown-h3\">Hangi hizmetleri sunabiliriz?<\/h3>\n<ul class=\"ai-center-markdown-ul\">\n<li class=\"ai-center-markdown-li\"><strong class=\"ai-center-markdown-strong\">Kabul edilen Teslimat Ko\u015fullar\u0131:<\/strong>\u00a0FOB, CFR, CIF<\/li>\n<li class=\"ai-center-markdown-li\"><strong class=\"ai-center-markdown-strong\">Kabul edilen \u00f6deme para birimleri:<\/strong>\u00a0ABD Dolar\u0131, EUR, HKD, CNY<\/li>\n<li class=\"ai-center-markdown-li\"><strong class=\"ai-center-markdown-strong\">Kabul edilen \u00d6deme T\u00fcrleri:<\/strong>\u00a0T \/ T, L \/ C, D \/ P, D \/ A<\/li>\n<li class=\"ai-center-markdown-li\"><strong class=\"ai-center-markdown-strong\">Konu\u015fulan Diller:<\/strong>\u00a0\u0130ngilizce, \u00c7ince<\/li>\n<\/ul>","protected":false},"excerpt":{"rendered":"<p>Malzeme : PP<\/p>\n<p>Kapasite : 15\/30\/50ml<\/p>\n<p>Renk: \u00d6zelle\u015ftirilmi\u015f (herhangi bir Pantone Rengi Avalable)<\/p>\n<p>Y\u00fczey Kaplama: Serip bask\u0131, buzlanma, s\u0131cak damgalama, sprey gradyan\u0131, mat kaplama vb.<\/p>\n<p>MOQ: 5000pcs;<\/p>\n<p>&nbsp;<\/p>","protected":false},"featured_media":2069,"comment_status":"open","ping_status":"closed","template":"","meta":{"_acf_changed":false},"product_brand":[],"product_cat":[18],"product_tag":[41],"class_list":{"0":"post-2068","1":"product","2":"type-product","3":"status-publish","4":"has-post-thumbnail","6":"product_cat-plastic-bottle","7":"product_tag-plastic-bottle","9":"first","10":"instock","11":"shipping-taxable","12":"product-type-simple"},"acf":[],"_links":{"self":[{"href":"https:\/\/www.cosmepak.com\/tr\/wp-json\/wp\/v2\/product\/2068","targetHints":{"allow":["GET"]}}],"collection":[{"href":"https:\/\/www.cosmepak.com\/tr\/wp-json\/wp\/v2\/product"}],"about":[{"href":"https:\/\/www.cosmepak.com\/tr\/wp-json\/wp\/v2\/types\/product"}],"replies":[{"embeddable":true,"href":"https:\/\/www.cosmepak.com\/tr\/wp-json\/wp\/v2\/comments?post=2068"}],"wp:featuredmedia":[{"embeddable":true,"href":"https:\/\/www.cosmepak.com\/tr\/wp-json\/wp\/v2\/media\/2069"}],"wp:attachment":[{"href":"https:\/\/www.cosmepak.com\/tr\/wp-json\/wp\/v2\/media?parent=2068"}],"wp:term":[{"taxonomy":"product_brand","embeddable":true,"href":"https:\/\/www.cosmepak.com\/tr\/wp-json\/wp\/v2\/product_brand?post=2068"},{"taxonomy":"product_cat","embeddable":true,"href":"https:\/\/www.cosmepak.com\/tr\/wp-json\/wp\/v2\/product_cat?post=2068"},{"taxonomy":"product_tag","embeddable":true,"href":"https:\/\/www.cosmepak.com\/tr\/wp-json\/wp\/v2\/product_tag?post=2068"}],"curies":[{"name":"wp","href":"https:\/\/api.w.org\/{rel}","templated":true}]}}