{"id":2073,"date":"2025-09-08T11:07:18","date_gmt":"2025-09-08T03:07:18","guid":{"rendered":"https:\/\/www.cosmepak.com\/?post_type=product&#038;p=2073"},"modified":"2025-09-08T11:07:18","modified_gmt":"2025-09-08T03:07:18","slug":"lipglosstube-4","status":"publish","type":"product","link":"https:\/\/www.cosmepak.com\/tr\/product\/lipglosstube-4\/","title":{"rendered":"Dudak Parlakl\u0131\u011f\u0131 T\u00fcp-Karikat\u00fcr Ruj T\u00fcp \/ Jaunce # 2"},"content":{"rendered":"<table style=\"border-collapse: collapse; width: 100%; height: 216px;\">\n<tbody>\n<tr style=\"height: 24px;\">\n<td style=\"width: 24.7995%; height: 24px;\">Marka<\/td>\n<td style=\"width: 75.2005%; height: 24px;\">\u00a0Fahi\u015fe<\/td>\n<\/tr>\n<tr style=\"height: 24px;\">\n<td style=\"width: 24.7995%; height: 24px;\">Kapasite<\/td>\n<td style=\"width: 75.2005%; height: 24px;\">3.5g<\/td>\n<\/tr>\n<tr style=\"height: 24px;\">\n<td style=\"width: 24.7995%; height: 24px;\">\u015eekil<\/td>\n<td style=\"width: 75.2005%; height: 24px;\">Yuvarlak<\/td>\n<\/tr>\n<tr style=\"height: 24px;\">\n<td style=\"width: 24.7995%; height: 24px;\">Boyut<\/td>\n<td style=\"width: 75.2005%; height: 24px;\">26*79mm<\/td>\n<\/tr>\n<tr style=\"height: 24px;\">\n<td style=\"width: 24.7995%; height: 24px;\">Uydurma<\/td>\n<td style=\"width: 75.2005%; height: 24px;\">\u00a0Kapak<\/td>\n<\/tr>\n<tr style=\"height: 24px;\">\n<td style=\"width: 24.7995%; height: 24px;\">Model<\/td>\n<td style=\"width: 75.2005%; height: 24px;\">JH-JZ-3321#<\/td>\n<\/tr>\n<tr style=\"height: 24px;\">\n<td style=\"width: 24.7995%; height: 24px;\">OEM ve ODM<\/td>\n<td style=\"width: 75.2005%; height: 24px;\">Kabul etmek<\/td>\n<\/tr>\n<tr style=\"height: 24px;\">\n<td style=\"width: 24.7995%; height: 24px;\">Renk<\/td>\n<td style=\"width: 75.2005%; height: 24px;\">\u00d6zelle\u015ftirilmi\u015f<\/td>\n<\/tr>\n<tr style=\"height: 24px;\">\n<td style=\"width: 24.7995%; height: 24px;\">Moq<\/td>\n<td style=\"width: 75.2005%; height: 24px;\">10000 pcs<\/td>\n<\/tr>\n<\/tbody>\n<\/table>\n<p><img fetchpriority=\"high\" decoding=\"async\" class=\"alignnone size-full wp-image-1444\" src=\"https:\/\/www.cosmepak.com\/wp-content\/uploads\/2025\/03\/photobank-1-2.png\" alt=\"\" width=\"678\" height=\"377\" srcset=\"https:\/\/www.cosmepak.com\/wp-content\/uploads\/2025\/03\/photobank-1-2.png 678w, https:\/\/www.cosmepak.com\/wp-content\/uploads\/2025\/03\/photobank-1-2-300x167.png 300w, https:\/\/www.cosmepak.com\/wp-content\/uploads\/2025\/03\/photobank-1-2-600x334.png 600w\" sizes=\"(max-width: 678px) 100vw, 678px\" \/><img decoding=\"async\" class=\"alignnone size-full wp-image-1445\" src=\"https:\/\/www.cosmepak.com\/wp-content\/uploads\/2025\/03\/photobank-2-2.png\" alt=\"\" width=\"660\" height=\"497\" srcset=\"https:\/\/www.cosmepak.com\/wp-content\/uploads\/2025\/03\/photobank-2-2.png 660w, https:\/\/www.cosmepak.com\/wp-content\/uploads\/2025\/03\/photobank-2-2-300x226.png 300w, https:\/\/www.cosmepak.com\/wp-content\/uploads\/2025\/03\/photobank-2-2-600x452.png 600w\" sizes=\"(max-width: 660px) 100vw, 660px\" \/><\/p>\n<p>&nbsp;<\/p>\n<p>&nbsp;<\/p>\n<p>&nbsp;<\/p>\n<p>&nbsp;<\/p>\n<p><img decoding=\"async\" class=\"alignnone wp-image-1343 size-full\" src=\"https:\/\/www.cosmepak.com\/wp-content\/uploads\/2024\/12\/\u5fae\u4fe1\u56fe\u7247_20250213141726.jpg\" alt=\"\" width=\"1920\" height=\"919\" srcset=\"https:\/\/www.cosmepak.com\/wp-content\/uploads\/2024\/12\/\u5fae\u4fe1\u56fe\u7247_20250213141726.jpg 1920w, https:\/\/www.cosmepak.com\/wp-content\/uploads\/2024\/12\/\u5fae\u4fe1\u56fe\u7247_20250213141726-300x144.jpg 300w, https:\/\/www.cosmepak.com\/wp-content\/uploads\/2024\/12\/\u5fae\u4fe1\u56fe\u7247_20250213141726-1024x490.jpg 1024w, https:\/\/www.cosmepak.com\/wp-content\/uploads\/2024\/12\/\u5fae\u4fe1\u56fe\u7247_20250213141726-768x368.jpg 768w, https:\/\/www.cosmepak.com\/wp-content\/uploads\/2024\/12\/\u5fae\u4fe1\u56fe\u7247_20250213141726-1536x735.jpg 1536w, https:\/\/www.cosmepak.com\/wp-content\/uploads\/2024\/12\/\u5fae\u4fe1\u56fe\u7247_20250213141726-600x287.jpg 600w\" sizes=\"(max-width: 1920px) 100vw, 1920px\" \/><\/p>\n<h2 id=\"cute-onion-head-doll-multi-color-childrens-lip-balm-tube---color-changing-lip-balm-shell\" class=\"ai-center-markdown-h2\" data-spm-anchor-id=\"a2700.29482153.0.i4.554071d2cgx89y\">Sevimli So\u011fan Kafas\u0131 Bebek \u00c7ok Renkli \u00c7ocuklar&#8217; s Dudak Balzas\u0131 T\u00fcp &#8211; Renk De\u011fi\u015fimi Dudak Balzas\u0131 Kab\u0131\u011f\u0131<\/h2>\n<h3 id=\"introduction\" class=\"ai-center-markdown-h3\">Giri\u015f<\/h3>\n<p class=\"ai-center-markdown-p\">\u00c7ocuklar\u0131n d\u00fcnyas\u0131nda&#8217; Kozmetik, yarat\u0131c\u0131l\u0131k ve e\u011flence gen\u00e7 kullan\u0131c\u0131lar\u0131n ilgisini ve hayal g\u00fcc\u00fcn\u00fc yakalamak i\u00e7in gereklidir. Sevimli So\u011fan Kafas\u0131 Bebek \u00c7ok Renkli \u00c7ocuklar&#8217; s Lip Balm Tube, yenilik\u00e7i tasar\u0131m\u0131n ve i\u015flevselli\u011fin \u00e7ocuklar i\u00e7in keyifli bir \u00fcr\u00fcn olu\u015fturmak i\u00e7in nas\u0131l bir araya gelebilece\u011finin m\u00fckemmel bir \u00f6rne\u011fidir. Bu renk de\u011fi\u015ftirici dudak balzas\u0131 kabu\u011fu sadece pratik de\u011fil, ayn\u0131 zamanda \u00e7ocuklar i\u00e7in \u00e7ok ilgin\u00e7tir. Bu benzersiz \u00fcr\u00fcn\u00fcn \u00f6zelliklerini ve faydalar\u0131n\u0131 ke\u015ffedelim.<\/p>\n<h3 id=\"features\" class=\"ai-center-markdown-h3\">\u00d6zellikler<\/h3>\n<ol class=\"ai-center-markdown-ol\" start=\"1\">\n<li class=\"ai-center-markdown-li\">\n<p class=\"ai-center-markdown-p\"><strong class=\"ai-center-markdown-strong\">Sevimli Tasar\u0131m<\/strong>: Dudak balzas\u0131 t\u00fcp\u00fc, sevimli bir so\u011fan ba\u015f\u0131 bebe\u011fi \u015feklinde tasarlanm\u0131\u015ft\u0131r ve \u00e7ocuklar\u0131n kullanmas\u0131 i\u00e7in g\u00f6rsel a\u00e7\u0131dan \u00e7ekici ve e\u011flenceli hale gelir. Oyuncuk tasar\u0131m, \u00e7ocuklar\u0131 s\u00fcrecin tad\u0131n\u0131 \u00e7\u0131karken dudaklar\u0131na bakmalar\u0131na te\u015fvik eder.<\/p>\n<\/li>\n<li class=\"ai-center-markdown-li\">\n<p class=\"ai-center-markdown-p\"><strong class=\"ai-center-markdown-strong\">\u00c7ok Renkli Se\u00e7enekler<\/strong>: \u00c7e\u015fitli canl\u0131 renklerde mevcuttur, bu dudak balzas\u0131 t\u00fcp\u00fc farkl\u0131 tercihleri kar\u015f\u0131lar ve \u00e7ocuklar\u0131n en sevdikleri rengi se\u00e7melerine izin verir. \u00c7ok renkli se\u00e7enekler de onu m\u00fckemmel bir koleksiyon \u00fcr\u00fcn\u00fc haline getirir.<\/p>\n<\/li>\n<li class=\"ai-center-markdown-li\">\n<p class=\"ai-center-markdown-p\"><strong class=\"ai-center-markdown-strong\">Renk De\u011fi\u015ftirme Teknolojisi<\/strong>: Bu dudak balzas\u0131 t\u00fcp\u00fcn\u00fcn \u00f6ne \u00e7\u0131kan \u00f6zelliklerinden biri renk de\u011fi\u015ftirme teknolojisidir. Uyguland\u0131\u011f\u0131nda, balzam dudaklar\u0131n pH seviyesine g\u00f6re renk de\u011fi\u015ftirir ve kullan\u0131c\u0131 i\u00e7in ki\u015fiselle\u015ftirilmi\u015f ve sihirli bir deneyim sa\u011flar.<\/p>\n<\/li>\n<li class=\"ai-center-markdown-li\">\n<p class=\"ai-center-markdown-p\"><strong class=\"ai-center-markdown-strong\">G\u00fcvenli ve toksik olmayan<\/strong>: Balsam kabu\u011fu, \u00e7ocuklar\u0131n kullanmas\u0131 i\u00e7in g\u00fcvenli olmas\u0131n\u0131 sa\u011flayan y\u00fcksek kaliteli, toksik olmayan malzemelerden yap\u0131lm\u0131\u015ft\u0131r. Ebeveynler \u00e7ocuklar\u0131n\u0131n g\u00fcvenlik standartlar\u0131na uygun bir \u00fcr\u00fcn kulland\u0131klar\u0131ndan emin olabilirler.<\/p>\n<\/li>\n<li class=\"ai-center-markdown-li\">\n<p class=\"ai-center-markdown-p\"><strong class=\"ai-center-markdown-strong\">Kompakt ve Ta\u015f\u0131nabilir<\/strong>: Dudak balzas\u0131 t\u00fcp\u00fcn\u00fcn k\u00fc\u00e7\u00fck boyutu, okul \u00e7antas\u0131nda, cebinde veya \u00e7antada olsun ta\u015f\u0131mas\u0131n\u0131 kolayla\u015ft\u0131r\u0131r. Yolca kullan\u0131m i\u00e7in uygundur, \u00e7ocuklar\u0131n dudaklar\u0131n\u0131 her zaman, her yerde nemlendirmesine izin verir.<\/p>\n<\/li>\n<\/ol>\n<h3 id=\"benefits\" class=\"ai-center-markdown-h3\">Faydalar\u0131<\/h3>\n<ol class=\"ai-center-markdown-ol\" start=\"1\">\n<li class=\"ai-center-markdown-li\">\n<p class=\"ai-center-markdown-p\"><strong class=\"ai-center-markdown-strong\">Dudak Bak\u0131m\u0131n\u0131 Te\u015fvik Edir<\/strong>: Dudak bak\u0131m\u0131n\u0131 e\u011flenceli ve ilgin\u00e7 hale getirerek, bu \u00fcr\u00fcn \u00e7ocuklar\u0131 erken zamanda iyi al\u0131\u015fkanl\u0131klar geli\u015ftirmeye te\u015fvik eder. Sevimli tasar\u0131m ve renk de\u011fi\u015ftirici \u00f6zellik, dudak balzas\u0131 uygulamas\u0131n\u0131 keyifli bir aktivite haline getirir.<\/p>\n<\/li>\n<li class=\"ai-center-markdown-li\">\n<p class=\"ai-center-markdown-p\"><strong class=\"ai-center-markdown-strong\">Yarat\u0131c\u0131l\u0131\u011f\u0131 ve hayal g\u00fcc\u00fcn\u00fc art\u0131r\u0131r<\/strong>So\u011fan ba\u015f\u0131 bebe\u011finin oyunculuk tasar\u0131m\u0131 \u00e7ocuklarda yarat\u0131c\u0131l\u0131k ve hayal g\u00fcc\u00fcne ilham verir. Sadece bir dudak balzas\u0131ndan daha fazlas\u0131; Mutluluk ve merak do\u011furan bir oyuncakt\u0131r.<\/p>\n<\/li>\n<li class=\"ai-center-markdown-li\">\n<p class=\"ai-center-markdown-p\"><strong class=\"ai-center-markdown-strong\">Ki\u015fiselle\u015ftirilmi\u015f Deneyim<\/strong>Dudak balzas\u0131n\u0131n renk de\u011fi\u015ftiren y\u00f6n\u00fc, her kullan\u0131c\u0131 i\u00e7in benzersiz ve ki\u015fiselle\u015ftirilmi\u015f bir deneyim sa\u011flar. \u00c7ocuklar renk de\u011fi\u015fiminin b\u00fcy\u00fcs\u00fcn\u00fc g\u00f6rmeyi ve \u00f6zel dudak renkleriyle kendilerini \u00f6zel hissetmeyi sevecekler.<\/p>\n<\/li>\n<li class=\"ai-center-markdown-li\">\n<p class=\"ai-center-markdown-p\"><strong class=\"ai-center-markdown-strong\">B\u00fcy\u00fck Hediye Fikir<\/strong>: Bu dudak balzas\u0131 t\u00fcp\u00fc do\u011fum g\u00fcnleri, tatiller veya herhangi bir \u00f6zel durum i\u00e7in m\u00fckemmel bir hediye olu\u015fturur. \u00c7ekici tasar\u0131m\u0131 ve i\u015flevselli\u011fi onu \u00e7ocuklar aras\u0131nda bir hit yapar.<\/p>\n<\/li>\n<\/ol>\n<h3 id=\"conclusion\" class=\"ai-center-markdown-h3\">Sonu\u00e7<\/h3>\n<p class=\"ai-center-markdown-p\">Sevimli So\u011fan Kafas\u0131 Bebek \u00c7ok Renkli \u00c7ocuklar&#8217; s Lip Balm Tube e\u011flence, i\u015flevsellik ve g\u00fcvenli\u011fi birle\u015ftiren lezzetli bir \u00fcr\u00fcnd\u00fcr. Tatl\u0131 tasar\u0131m\u0131, renk de\u011fi\u015ftirici teknolojisi ve \u00e7ok renkli se\u00e7enekleri, \u00e7ocuklar i\u00e7in zorunlu bir yer haline getirir. \u0130yi dudak bak\u0131m al\u0131\u015fkanl\u0131klar\u0131n\u0131 te\u015fvik ederek ve yarat\u0131c\u0131l\u0131\u011f\u0131 k\u0131v\u0131lc\u0131mlayarak, bu dudak balzas\u0131 t\u00fcp\u00fc sadece bir kozmetik \u00fcr\u00fcnden daha fazlas\u0131d\u0131r; \u00c7ocuklar i\u00e7in bir ne\u015fe ve \u015fa\u015f\u0131rtma kayna\u011f\u0131.<\/p>\n<p><img loading=\"lazy\" decoding=\"async\" class=\"alignnone size-full wp-image-1347\" src=\"https:\/\/www.cosmepak.com\/wp-content\/uploads\/2024\/12\/\u9996\u987519202_03.jpg\" alt=\"\" width=\"1920\" height=\"885\" srcset=\"https:\/\/www.cosmepak.com\/wp-content\/uploads\/2024\/12\/\u9996\u987519202_03.jpg 1920w, https:\/\/www.cosmepak.com\/wp-content\/uploads\/2024\/12\/\u9996\u987519202_03-300x138.jpg 300w, https:\/\/www.cosmepak.com\/wp-content\/uploads\/2024\/12\/\u9996\u987519202_03-1024x472.jpg 1024w, https:\/\/www.cosmepak.com\/wp-content\/uploads\/2024\/12\/\u9996\u987519202_03-768x354.jpg 768w, https:\/\/www.cosmepak.com\/wp-content\/uploads\/2024\/12\/\u9996\u987519202_03-1536x708.jpg 1536w, https:\/\/www.cosmepak.com\/wp-content\/uploads\/2024\/12\/\u9996\u987519202_03-600x277.jpg 600w\" sizes=\"(max-width: 1920px) 100vw, 1920px\" \/> <img loading=\"lazy\" decoding=\"async\" class=\"alignnone size-full wp-image-1348\" src=\"https:\/\/www.cosmepak.com\/wp-content\/uploads\/2024\/12\/\u9996\u987519202_04.jpg\" alt=\"\" width=\"1920\" height=\"694\" srcset=\"https:\/\/www.cosmepak.com\/wp-content\/uploads\/2024\/12\/\u9996\u987519202_04.jpg 1920w, https:\/\/www.cosmepak.com\/wp-content\/uploads\/2024\/12\/\u9996\u987519202_04-300x108.jpg 300w, https:\/\/www.cosmepak.com\/wp-content\/uploads\/2024\/12\/\u9996\u987519202_04-1024x370.jpg 1024w, https:\/\/www.cosmepak.com\/wp-content\/uploads\/2024\/12\/\u9996\u987519202_04-768x278.jpg 768w, https:\/\/www.cosmepak.com\/wp-content\/uploads\/2024\/12\/\u9996\u987519202_04-1536x555.jpg 1536w, https:\/\/www.cosmepak.com\/wp-content\/uploads\/2024\/12\/\u9996\u987519202_04-600x217.jpg 600w\" sizes=\"(max-width: 1920px) 100vw, 1920px\" \/><\/p>\n<p><img loading=\"lazy\" decoding=\"async\" class=\"alignnone size-full wp-image-1350\" src=\"https:\/\/www.cosmepak.com\/wp-content\/uploads\/2024\/12\/\u9996\u987519202_05-1.jpg\" alt=\"\" width=\"1920\" height=\"970\" srcset=\"https:\/\/www.cosmepak.com\/wp-content\/uploads\/2024\/12\/\u9996\u987519202_05-1.jpg 1920w, https:\/\/www.cosmepak.com\/wp-content\/uploads\/2024\/12\/\u9996\u987519202_05-1-300x152.jpg 300w, https:\/\/www.cosmepak.com\/wp-content\/uploads\/2024\/12\/\u9996\u987519202_05-1-1024x517.jpg 1024w, https:\/\/www.cosmepak.com\/wp-content\/uploads\/2024\/12\/\u9996\u987519202_05-1-768x388.jpg 768w, https:\/\/www.cosmepak.com\/wp-content\/uploads\/2024\/12\/\u9996\u987519202_05-1-1536x776.jpg 1536w, https:\/\/www.cosmepak.com\/wp-content\/uploads\/2024\/12\/\u9996\u987519202_05-1-600x303.jpg 600w\" sizes=\"(max-width: 1920px) 100vw, 1920px\" \/><\/p>\n<p><img loading=\"lazy\" decoding=\"async\" class=\"alignnone wp-image-1351\" src=\"https:\/\/www.cosmepak.com\/wp-content\/uploads\/2024\/12\/\u7269\u6d41\u8fd0\u8f93\u753b\u9762-2.jpg\" alt=\"\" width=\"1424\" height=\"1068\" srcset=\"https:\/\/www.cosmepak.com\/wp-content\/uploads\/2024\/12\/\u7269\u6d41\u8fd0\u8f93\u753b\u9762-2.jpg 800w, https:\/\/www.cosmepak.com\/wp-content\/uploads\/2024\/12\/\u7269\u6d41\u8fd0\u8f93\u753b\u9762-2-300x225.jpg 300w, https:\/\/www.cosmepak.com\/wp-content\/uploads\/2024\/12\/\u7269\u6d41\u8fd0\u8f93\u753b\u9762-2-768x576.jpg 768w, https:\/\/www.cosmepak.com\/wp-content\/uploads\/2024\/12\/\u7269\u6d41\u8fd0\u8f93\u753b\u9762-2-600x450.jpg 600w\" sizes=\"(max-width: 1424px) 100vw, 1424px\" \/><\/p>\n<table style=\"border-collapse: collapse; width: 100%; height: 144px;\">\n<tbody>\n<tr style=\"height: 24px;\">\n<td style=\"width: 33.3333%; text-align: center; height: 24px;\"><span style=\"font-size: 14pt;\"><strong>\u0130fade etmek<\/strong><\/span><\/td>\n<td style=\"width: 33.3333%; text-align: center; height: 24px;\"><span style=\"font-size: 14pt;\"><strong>Hava y\u00fck\u00fc<\/strong><\/span><\/td>\n<td style=\"width: 33.3333%; text-align: center; height: 24px;\"><span style=\"font-size: 14pt;\"><strong>Deniz ta\u015f\u0131mac\u0131l\u0131\u011f\u0131<\/strong><\/span><\/td>\n<\/tr>\n<tr style=\"height: 24px;\">\n<td style=\"width: 33.3333%; text-align: center; height: 24px;\">Avrupa 4-6 g\u00fcn<\/td>\n<td style=\"width: 33.3333%; text-align: center; height: 24px;\">Avrupa 4-6 g\u00fcn<\/td>\n<td style=\"width: 33.3333%; text-align: center; height: 24px;\">Avrupa 25-35 g\u00fcn<\/td>\n<\/tr>\n<tr style=\"height: 24px;\">\n<td style=\"width: 33.3333%; text-align: center; height: 24px;\">Morth America 4-6 g\u00fcn<\/td>\n<td style=\"width: 33.3333%; text-align: center; height: 24px;\">Morth America 4-6 g\u00fcn<\/td>\n<td style=\"width: 33.3333%; text-align: center; height: 24px;\">Morth America 25-35 g\u00fcn<\/td>\n<\/tr>\n<tr style=\"height: 24px;\">\n<td style=\"width: 33.3333%; text-align: center; height: 24px;\">G\u00fcney Do\u011fu Asya 3-5 g\u00fcn<\/td>\n<td style=\"width: 33.3333%; text-align: center; height: 24px;\">G\u00fcney Do\u011fu Asya 3-5 g\u00fcn<\/td>\n<td style=\"width: 33.3333%; text-align: center; height: 24px;\">G\u00fcney Do\u011fu Asya 25-35 g\u00fcn<\/td>\n<\/tr>\n<tr style=\"height: 24px;\">\n<td style=\"width: 33.3333%; text-align: center; height: 24px;\">Orta Do\u011fu 4-6 g\u00fcn<\/td>\n<td style=\"width: 33.3333%; text-align: center; height: 24px;\">Orta Do\u011fu 4-6 g\u00fcn<\/td>\n<td style=\"width: 33.3333%; text-align: center; height: 24px;\">Orta Do\u011fu 25-35 g\u00fcn<\/td>\n<\/tr>\n<tr style=\"height: 24px;\">\n<td style=\"width: 33.3333%; text-align: center; height: 24px;\">G\u00fcney Afrika 5-8 g\u00fcn<\/td>\n<td style=\"width: 33.3333%; text-align: center; height: 24px;\">G\u00fcney Afrika 5-8 g\u00fcn<\/td>\n<td style=\"width: 33.3333%; text-align: center; height: 24px;\">G\u00fcney Afrika 25-35 g\u00fcn<\/td>\n<\/tr>\n<\/tbody>\n<\/table>\n<p><span style=\"font-size: 14pt;\"><strong>SSS:\u00a0<\/strong><\/span><\/p>\n<h3 id=\"why-should-you-buy-from-us-instead-of-other-suppliers\" class=\"ai-center-markdown-h3\">Neden di\u011fer tedarik\u00e7iler yerine bizden sat\u0131n almal\u0131s\u0131n\u0131z?<\/h3>\n<ol class=\"ai-center-markdown-ol\" start=\"1\">\n<li class=\"ai-center-markdown-li\"><strong class=\"ai-center-markdown-strong\">3 Dakikada \u00d6zel Tasar\u0131m<\/strong>: \u0130htiya\u00e7lar\u0131n\u0131za uygun h\u0131zl\u0131 tasar\u0131m hizmetleri sunuyoruz.<\/li>\n<li class=\"ai-center-markdown-li\"><strong class=\"ai-center-markdown-strong\">24\/7 \u00c7evrimi\u00e7i Hizmet<\/strong>Ekibimiz size yard\u0131mc\u0131 olmak i\u00e7in 24 saat mevcuttur.<\/li>\n<li class=\"ai-center-markdown-li\"><strong class=\"ai-center-markdown-strong\">H\u0131zl\u0131 \u00d6rnek Teslimat\u0131<\/strong>: 7 g\u00fcn i\u00e7inde stok \u00f6rnekleri ve 15 g\u00fcn i\u00e7inde \u00f6zel bas\u0131l\u0131 \u00f6rnekler mevcuttur.<\/li>\n<li class=\"ai-center-markdown-li\"><strong class=\"ai-center-markdown-strong\">H\u0131zl\u0131 Kur\u015fun S\u00fcresi<\/strong>: Sadece 35 g\u00fcnl\u00fck teslim s\u00fcresiyle verimli \u00fcretim.<\/li>\n<li class=\"ai-center-markdown-li\"><strong class=\"ai-center-markdown-strong\">Deneyimli \u00dcretici<\/strong>Kozmetik ambalajlama alan\u0131nda 10 y\u0131ldan fazla uzmanl\u0131k.<\/li>\n<li class=\"ai-center-markdown-li\"><strong class=\"ai-center-markdown-strong\">Fabrika Do\u011frudan Sat\u0131\u015f<\/strong>: En iyi fiyatlar\u0131 ve hizmetleri do\u011frudan fabrikam\u0131zdan sa\u011flamak.<\/li>\n<li class=\"ai-center-markdown-li\"><strong class=\"ai-center-markdown-strong\">Tek Duru\u015flu \u00c7\u00f6z\u00fcm<\/strong>: Kozmetik ambalaj ihtiya\u00e7lar\u0131n\u0131z i\u00e7in kapsaml\u0131 \u00e7\u00f6z\u00fcmler.<\/li>\n<\/ol>\n<h3 id=\"who-are-we\" class=\"ai-center-markdown-h3\">Biz Kimiz?<\/h3>\n<p class=\"ai-center-markdown-p\">2014 y\u0131l\u0131nda kurulan Zhejiang, \u00c7in merkezli bir \u015firketiz. Ana pazarlar\u0131m\u0131z \u015funlard\u0131r:<\/p>\n<ul class=\"ai-center-markdown-ul\">\n<li class=\"ai-center-markdown-li\">\u0130\u00e7 Pazar: .00<\/li>\n<li class=\"ai-center-markdown-li\">Okyanusya: %8.00<\/li>\n<li class=\"ai-center-markdown-li\">Ortado\u011fu: %7.00<\/li>\n<li class=\"ai-center-markdown-li\">Do\u011fu Asya: %2.00<\/li>\n<li class=\"ai-center-markdown-li\">Kuzey Amerika: %2.00<\/li>\n<li class=\"ai-center-markdown-li\">Bat\u0131 Avrupa: %2.00<\/li>\n<li class=\"ai-center-markdown-li\">G\u00fcneydo\u011fu Asya: %2.00<\/li>\n<li class=\"ai-center-markdown-li\">G\u00fcney Asya: %1.00<\/li>\n<li class=\"ai-center-markdown-li\">G\u00fcney Amerika: %1.00<\/li>\n<li class=\"ai-center-markdown-li\">G\u00fcney Avrupa: %1.00<\/li>\n<li class=\"ai-center-markdown-li\">Orta Amerika: %1.00<\/li>\n<li class=\"ai-center-markdown-li\">Kuzey Avrupa: %1.00<\/li>\n<li class=\"ai-center-markdown-li\">Afrika: %1.00<\/li>\n<li class=\"ai-center-markdown-li\">Do\u011fu Avrupa: %1.00<\/li>\n<\/ul>\n<h3 id=\"how-can-we-guarantee-quality\" class=\"ai-center-markdown-h3\">Kaliteyi nas\u0131l garanti edebiliriz?<\/h3>\n<ul class=\"ai-center-markdown-ul\">\n<li class=\"ai-center-markdown-li\"><strong class=\"ai-center-markdown-strong\">\u00dcretim \u00d6ncesi \u00d6rnekler<\/strong>: Seri \u00fcretimden \u00f6nce her zaman bir \u00f6rnek sunuyoruz.<\/li>\n<li class=\"ai-center-markdown-li\"><strong class=\"ai-center-markdown-strong\">Son Muayene<\/strong>: Her g\u00f6nderi kapsaml\u0131 son denetimden ge\u00e7er.<\/li>\n<\/ul>\n<h3 id=\"what-can-you-buy-from-us\" class=\"ai-center-markdown-h3\">Bizden ne sat\u0131n alabilirsiniz?<\/h3>\n<ul class=\"ai-center-markdown-ul\">\n<li class=\"ai-center-markdown-li\">Cam \u015ei\u015feler<\/li>\n<li class=\"ai-center-markdown-li\">Plastik \u015fi\u015feler \/ kavanozlar \/ t\u00fcpler<\/li>\n<li class=\"ai-center-markdown-li\">Al\u00fcminyum \u015fi\u015feler \/ kavanozlar \/ t\u00fcpler<\/li>\n<li class=\"ai-center-markdown-li\">Di\u011fer kozmetik ambalaj malzemeleri<\/li>\n<\/ul>\n<h3 id=\"what-services-can-we-provide\" class=\"ai-center-markdown-h3\">Hangi Hizmetleri Sunabiliriz?<\/h3>\n<ul class=\"ai-center-markdown-ul\">\n<li class=\"ai-center-markdown-li\"><strong class=\"ai-center-markdown-strong\">Kabul edilen Teslimat Ko\u015fullar\u0131<\/strong>FOB, CFR, CIF<\/li>\n<li class=\"ai-center-markdown-li\"><strong class=\"ai-center-markdown-strong\">Kabul edilen \u00f6deme para birimleri<\/strong>ABD Dolar\u0131, EUR, HKD, CNY<\/li>\n<li class=\"ai-center-markdown-li\"><strong class=\"ai-center-markdown-strong\">Kabul edilen \u00d6deme T\u00fcrleri<\/strong>\u00dcr\u00fcnler: T \/ T, L \/ C, D \/ P, D \/ A<\/li>\n<\/ul>","protected":false},"excerpt":{"rendered":"<p>Malzeme: ABS<\/p>\n<p>Capacity: 3.5g<\/p>\n<p>Boyut: 79*26mm<\/p>\n<p>Renk: \u00d6zelle\u015ftirilmi\u015f Kabul (Mevcut Pantone Rengi)<\/p>\n<p>Y\u00fczey Kaplamas\u0131: Serip Bask\u0131, S\u0131cak Damgalama, Mat Kaplama, vb.<\/p>\n<p>MOQ: 10000 pcs<\/p>\n<p>\u00d6rnek: \u00dccretsiz \u00f6rnekler mevcut<\/p>\n<p>&nbsp;<\/p>\n<p>&nbsp;<\/p>","protected":false},"featured_media":1446,"comment_status":"closed","ping_status":"closed","template":"","meta":{"_acf_changed":false},"product_brand":[],"product_cat":[36],"product_tag":[39],"class_list":{"0":"post-2073","1":"product","2":"type-product","3":"status-publish","4":"has-post-thumbnail","6":"product_cat-makeup","7":"product_tag-makeup","9":"first","10":"instock","11":"shipping-taxable","12":"product-type-simple"},"acf":[],"_links":{"self":[{"href":"https:\/\/www.cosmepak.com\/tr\/wp-json\/wp\/v2\/product\/2073","targetHints":{"allow":["GET"]}}],"collection":[{"href":"https:\/\/www.cosmepak.com\/tr\/wp-json\/wp\/v2\/product"}],"about":[{"href":"https:\/\/www.cosmepak.com\/tr\/wp-json\/wp\/v2\/types\/product"}],"replies":[{"embeddable":true,"href":"https:\/\/www.cosmepak.com\/tr\/wp-json\/wp\/v2\/comments?post=2073"}],"wp:featuredmedia":[{"embeddable":true,"href":"https:\/\/www.cosmepak.com\/tr\/wp-json\/wp\/v2\/media\/1446"}],"wp:attachment":[{"href":"https:\/\/www.cosmepak.com\/tr\/wp-json\/wp\/v2\/media?parent=2073"}],"wp:term":[{"taxonomy":"product_brand","embeddable":true,"href":"https:\/\/www.cosmepak.com\/tr\/wp-json\/wp\/v2\/product_brand?post=2073"},{"taxonomy":"product_cat","embeddable":true,"href":"https:\/\/www.cosmepak.com\/tr\/wp-json\/wp\/v2\/product_cat?post=2073"},{"taxonomy":"product_tag","embeddable":true,"href":"https:\/\/www.cosmepak.com\/tr\/wp-json\/wp\/v2\/product_tag?post=2073"}],"curies":[{"name":"wp","href":"https:\/\/api.w.org\/{rel}","templated":true}]}}