{"id":2088,"date":"2025-06-06T17:30:22","date_gmt":"2025-06-06T09:30:22","guid":{"rendered":"https:\/\/www.cosmepak.com\/?post_type=product&#038;p=2088"},"modified":"2025-12-30T14:50:22","modified_gmt":"2025-12-30T06:50:22","slug":"30ml-40ml-100ml-120ml-square-thick-bottomed-skin-care-product-glass-bottles-in-stock","status":"publish","type":"product","link":"https:\/\/www.cosmepak.com\/tr\/product\/30ml-40ml-100ml-120ml-square-thick-bottomed-skin-care-product-glass-bottles-in-stock\/","title":{"rendered":"30ml 40ml 100ml 120ml kare kal\u0131n tabanl\u0131 cilt bak\u0131m \u00fcr\u00fcn\u00fc cam \u015fi\u015feler stokta \/ Jaunce"},"content":{"rendered":"<table style=\"border-collapse: collapse; width: 100%; height: 216px;\">\n<tbody>\n<tr style=\"height: 24px;\">\n<td style=\"width: 40.6929%; height: 216px;\" rowspan=\"9\"><img fetchpriority=\"high\" decoding=\"async\" class=\"alignnone size-full wp-image-2568\" src=\"https:\/\/www.cosmepak.com\/wp-content\/uploads\/2025\/06\/\u4e3b\u56fe-7.jpg\" alt=\"krema \u015fi\u015feleri\" width=\"1000\" height=\"1000\" srcset=\"https:\/\/www.cosmepak.com\/wp-content\/uploads\/2025\/06\/\u4e3b\u56fe-7.jpg 1000w, https:\/\/www.cosmepak.com\/wp-content\/uploads\/2025\/06\/\u4e3b\u56fe-7-300x300.jpg 300w, https:\/\/www.cosmepak.com\/wp-content\/uploads\/2025\/06\/\u4e3b\u56fe-7-150x150.jpg 150w, https:\/\/www.cosmepak.com\/wp-content\/uploads\/2025\/06\/\u4e3b\u56fe-7-768x768.jpg 768w, https:\/\/www.cosmepak.com\/wp-content\/uploads\/2025\/06\/\u4e3b\u56fe-7-12x12.jpg 12w, https:\/\/www.cosmepak.com\/wp-content\/uploads\/2025\/06\/\u4e3b\u56fe-7-600x600.jpg 600w, https:\/\/www.cosmepak.com\/wp-content\/uploads\/2025\/06\/\u4e3b\u56fe-7-100x100.jpg 100w\" sizes=\"(max-width: 1000px) 100vw, 1000px\" \/><\/td>\n<td style=\"width: 23.5109%; height: 24px; text-align: center;\">Marka<\/td>\n<td style=\"width: 35.7961%; height: 24px; text-align: center;\">\u00a0Fahi\u015fe<\/td>\n<\/tr>\n<tr style=\"height: 24px;\">\n<td style=\"width: 23.5109%; height: 24px; text-align: center;\">Kapasite<\/td>\n<td style=\"width: 35.7961%; height: 24px; text-align: center;\">30ml \/ 40ml \/ 100ml \/ 120ml \/ 30g \/ 50g<\/td>\n<\/tr>\n<tr style=\"height: 24px;\">\n<td style=\"width: 23.5109%; height: 24px; text-align: center;\">\u015eekil<\/td>\n<td style=\"width: 35.7961%; height: 24px; text-align: center;\">Kare<\/td>\n<\/tr>\n<tr style=\"height: 24px;\">\n<td style=\"width: 23.5109%; height: 24px; text-align: center;\">Malzeme<\/td>\n<td style=\"width: 35.7961%; height: 24px; text-align: center;\">Bardak<\/td>\n<\/tr>\n<tr style=\"height: 24px;\">\n<td style=\"width: 23.5109%; height: 24px; text-align: center;\">Model<\/td>\n<td style=\"width: 35.7961%; height: 24px; text-align: center;\">JH-YJY230<\/td>\n<\/tr>\n<tr style=\"height: 24px;\">\n<td style=\"width: 23.5109%; height: 24px; text-align: center;\">OEM ve ODM<\/td>\n<td style=\"width: 35.7961%; height: 24px; text-align: center;\">Kabul etmek<\/td>\n<\/tr>\n<tr style=\"height: 24px;\">\n<td style=\"width: 23.5109%; height: 24px; text-align: center;\">Renk<\/td>\n<td style=\"width: 35.7961%; height: 24px; text-align: center;\">Herhangi bir parton rengi \u00f6zelle\u015ftirilmi\u015f<\/td>\n<\/tr>\n<tr style=\"height: 24px;\">\n<td style=\"width: 23.5109%; height: 24px; text-align: center;\">Kullan\u0131m<\/td>\n<td style=\"width: 35.7961%; height: 24px; text-align: center;\">Losyon \/ Temel \/ krem vb.<\/td>\n<\/tr>\n<tr style=\"height: 24px;\">\n<td style=\"width: 23.5109%; height: 24px; text-align: center;\">Moq<\/td>\n<td style=\"width: 35.7961%; height: 24px; text-align: center;\">\u015eeffaf 3000pcs, \u00f6zelle\u015ftirilmi\u015f 10000pcs<\/td>\n<\/tr>\n<\/tbody>\n<\/table>\n<table style=\"border-collapse: collapse; width: 100%; height: 168px;\">\n<tbody>\n<tr style=\"height: 24px;\">\n<td style=\"width: 11.8491%; text-align: center; height: 24px;\"><strong>\u00d6\u011fe<\/strong><\/td>\n<td style=\"width: 13.1117%; text-align: center; height: 24px;\"><strong>Kapasite<\/strong><\/td>\n<td style=\"width: 14.6772%; text-align: center; height: 24px;\"><strong>\u00c7ap<\/strong><\/td>\n<td style=\"width: 12.8016%; text-align: center; height: 24px;\"><strong>Omuz y\u00fcksekli\u011fi<\/strong><\/td>\n<td style=\"width: 12.6561%; text-align: center; height: 24px;\"><strong>Toplam y\u00fckseklik<\/strong><\/td>\n<\/tr>\n<tr style=\"height: 24px;\">\n<td style=\"width: 11.8491%; text-align: center; height: 24px;\">JH-YJY230-SH1003 i\u00e7in<\/td>\n<td style=\"width: 13.1117%; text-align: center; height: 24px;\">20g<\/td>\n<td style=\"width: 14.6772%; text-align: center; height: 24px;\">51mm<\/td>\n<td style=\"width: 12.8016%; text-align: center; height: 24px;\">15 mm'lik<\/td>\n<td style=\"width: 12.6561%; text-align: center; height: 24px;\">39 mm<\/td>\n<\/tr>\n<tr style=\"height: 24px;\">\n<td style=\"width: 11.8491%; text-align: center; height: 24px;\">JH-YJY230-SH1002 i\u00e7in<\/td>\n<td style=\"width: 13.1117%; text-align: center; height: 24px;\">50g<\/td>\n<td style=\"width: 14.6772%; text-align: center; height: 24px;\">68mm'lik<\/td>\n<td style=\"width: 12.8016%; text-align: center; height: 24px;\">20 mm<\/td>\n<td style=\"width: 12.6561%; text-align: center; height: 24px;\">47 mm<\/td>\n<\/tr>\n<tr style=\"height: 24px;\">\n<td style=\"width: 11.8491%; text-align: center; height: 24px;\">JH-YJY230-SH2019<\/td>\n<td style=\"width: 13.1117%; text-align: center; height: 24px;\">30ml<\/td>\n<td style=\"width: 14.6772%; text-align: center; height: 24px;\">35 mm<\/td>\n<td style=\"width: 12.8016%; text-align: center; height: 24px;\">55mm<\/td>\n<td style=\"width: 12.6561%; text-align: center; height: 24px;\">109mm'lik<\/td>\n<\/tr>\n<tr style=\"height: 24px;\">\n<td style=\"width: 11.8491%; text-align: center; height: 24px;\">JH-YJY230-SH2018 i\u00e7in<\/td>\n<td style=\"width: 13.1117%; text-align: center; height: 24px;\">40ml<\/td>\n<td style=\"width: 14.6772%; text-align: center; height: 24px;\">35 mm<\/td>\n<td style=\"width: 12.8016%; text-align: center; height: 24px;\">65mm<\/td>\n<td style=\"width: 12.6561%; text-align: center; height: 24px;\">122mm'lik<\/td>\n<\/tr>\n<tr style=\"height: 24px;\">\n<td style=\"width: 11.8491%; text-align: center; height: 24px;\">JH-YJY230-SH2017<\/td>\n<td style=\"width: 13.1117%; text-align: center; height: 24px;\">100ml<\/td>\n<td style=\"width: 14.6772%; text-align: center; height: 24px;\">40mm<\/td>\n<td style=\"width: 12.8016%; text-align: center; height: 24px;\">110 mm<\/td>\n<td style=\"width: 12.6561%; text-align: center; height: 24px;\">170 mm<\/td>\n<\/tr>\n<tr style=\"height: 24px;\">\n<td style=\"width: 11.8491%; text-align: center; height: 24px;\">JH-YJY230-SH2016<\/td>\n<td style=\"width: 13.1117%; text-align: center; height: 24px;\">120ml<\/td>\n<td style=\"width: 14.6772%; text-align: center; height: 24px;\">40mm<\/td>\n<td style=\"width: 12.8016%; text-align: center; height: 24px;\">130mm<\/td>\n<td style=\"width: 12.6561%; text-align: center; height: 24px;\">191mm'lik<\/td>\n<\/tr>\n<\/tbody>\n<\/table>\n<p>Bu kare kal\u0131n alt cilt bak\u0131m\u0131 cam \u015fi\u015fe seti. Bu \u00e7ok y\u00f6nl\u00fc set, losyonlar, kremler ve serumlar i\u00e7in uygun \u00e7e\u015fitli boyutlardaki bo\u015f \u015fi\u015feleri i\u00e7erir. Y\u00fcksek kaliteli camdan yap\u0131lan bu \u015fi\u015feler cilt bak\u0131m \u00fcr\u00fcnlerinizin g\u00fcvenli ve zarif bir \u015fekilde saklanmas\u0131n\u0131 sa\u011flar.<\/p>\n<p style=\"text-align: left;\">Modern ve sa\u011flam bir g\u00f6r\u00fcn\u00fcm i\u00e7in kare kal\u0131n alt tasar\u0131m\u0131 ve farkl\u0131 cilt bak\u0131m ihtiya\u00e7lar\u0131n\u0131 kar\u015f\u0131lamak i\u00e7in birden fazla \u00f6zellik. Ayr\u0131ca \u00f6zel zanaat ve \u00f6rnek \u00f6zelle\u015ftirmeyi de destekliyoruz.<\/p>\n<p style=\"text-align: left;\">Cilt bak\u0131m hatt\u0131n\u0131z\u0131 bu \u015f\u0131k ve dayan\u0131kl\u0131 cam \u015fi\u015felerle geli\u015ftirin. Hem ki\u015fisel kullan\u0131m hem de profesyonel ambalaj i\u00e7in m\u00fckemmel.<\/p>\n<p style=\"text-align: center;\"><img decoding=\"async\" class=\"alignnone size-full wp-image-2572\" src=\"https:\/\/www.cosmepak.com\/wp-content\/uploads\/2025\/06\/\u8be6\u60c5-3.jpg\" alt=\"\" width=\"1000\" height=\"1000\" srcset=\"https:\/\/www.cosmepak.com\/wp-content\/uploads\/2025\/06\/\u8be6\u60c5-3.jpg 1000w, https:\/\/www.cosmepak.com\/wp-content\/uploads\/2025\/06\/\u8be6\u60c5-3-300x300.jpg 300w, https:\/\/www.cosmepak.com\/wp-content\/uploads\/2025\/06\/\u8be6\u60c5-3-150x150.jpg 150w, https:\/\/www.cosmepak.com\/wp-content\/uploads\/2025\/06\/\u8be6\u60c5-3-768x768.jpg 768w, https:\/\/www.cosmepak.com\/wp-content\/uploads\/2025\/06\/\u8be6\u60c5-3-12x12.jpg 12w, https:\/\/www.cosmepak.com\/wp-content\/uploads\/2025\/06\/\u8be6\u60c5-3-600x600.jpg 600w, https:\/\/www.cosmepak.com\/wp-content\/uploads\/2025\/06\/\u8be6\u60c5-3-100x100.jpg 100w\" sizes=\"(max-width: 1000px) 100vw, 1000px\" \/><\/p>\n<p>Bu kare kal\u0131n tabanl\u0131 cilt bak\u0131m \u00fcr\u00fcn\u00fc cam \u015fi\u015feler i\u00e7in farkl\u0131 kozmetik \u00fcr\u00fcnlerinin ihtiya\u00e7lar\u0131n\u0131 kar\u015f\u0131lamak i\u00e7in kozmetik ambalaj \u015fi\u015feleri i\u00e7in profesyonel \u00f6zelle\u015ftirme hizmetleri sunuyoruz. Minimum sipari\u015f miktar\u0131ndan ticari markalar\u0131n g\u00f6r\u00fcn\u00fcm tasar\u0131m\u0131na ve bask\u0131s\u0131na kadar m\u00fc\u015fterilerimizin farkl\u0131 ihtiya\u00e7lar\u0131na g\u00f6re ad\u0131m ad\u0131m \u00f6zelle\u015ftirebiliriz.<\/p>\n<p>Serigrafi, buzlama, etiket sticker.rock deseni p\u00fcsk\u00fcrtme, buz \u00e7atlak p\u00fcsk\u00fcrtme, 3D bask\u0131, su transfer bask\u0131s\u0131, \u015feffaf renk, kat\u0131 renk, gradiyent p\u00fcsk\u00fcrtme, kaplama, iridizen elektrokaplama, bronzlama ve s\u0131cak damgalama vb.<\/p>\n<p>Ambalaj ve nakliye cam ve plastik ambalaj uzmanla\u015fm\u0131\u015ft\u0131r. Ambalajlar\u0131m\u0131z\u0131n g\u00fcvenli olmas\u0131n\u0131 ve \u00fcr\u00fcnlerimizin hasars\u0131z teslim edilmesini sa\u011flamak i\u00e7in geli\u015fmi\u015f teknikler benimsedik. Ta\u015f\u0131ma s\u0131ras\u0131nda herhangi bir hasar olursa, kay\u0131plar\u0131 tazminat edece\u011fimizi garanti ediyoruz. End\u00fcstride y\u0131llarca deneyimle, m\u00fc\u015fterilerimize m\u00fckemmel ambalaj ve nakliye hizmetleri sunmaktan itibar kazand\u0131k. Ambalaj ve ta\u015f\u0131ma ihtiya\u00e7lar\u0131n\u0131z\u0131 kar\u015f\u0131lamak ve \u00fcr\u00fcnlerinizi g\u00fcvenli ve sa\u011flam bir \u015fekilde teslim etmek i\u00e7in bize g\u00fcvenin.<\/p>\n<p><img decoding=\"async\" class=\"size-full wp-image-2569 aligncenter\" src=\"https:\/\/www.cosmepak.com\/wp-content\/uploads\/2025\/06\/\u8be6\u60c5-4.jpg\" alt=\"\" width=\"1000\" height=\"1489\" srcset=\"https:\/\/www.cosmepak.com\/wp-content\/uploads\/2025\/06\/\u8be6\u60c5-4.jpg 1000w, https:\/\/www.cosmepak.com\/wp-content\/uploads\/2025\/06\/\u8be6\u60c5-4-201x300.jpg 201w, https:\/\/www.cosmepak.com\/wp-content\/uploads\/2025\/06\/\u8be6\u60c5-4-688x1024.jpg 688w, https:\/\/www.cosmepak.com\/wp-content\/uploads\/2025\/06\/\u8be6\u60c5-4-768x1144.jpg 768w, https:\/\/www.cosmepak.com\/wp-content\/uploads\/2025\/06\/\u8be6\u60c5-4-8x12.jpg 8w, https:\/\/www.cosmepak.com\/wp-content\/uploads\/2025\/06\/\u8be6\u60c5-4-600x893.jpg 600w\" sizes=\"(max-width: 1000px) 100vw, 1000px\" \/><\/p>\n<p><img loading=\"lazy\" decoding=\"async\" class=\"size-full wp-image-2570 aligncenter\" src=\"https:\/\/www.cosmepak.com\/wp-content\/uploads\/2025\/06\/\u8be6\u60c5-5.jpg\" alt=\"\" width=\"1000\" height=\"943\" srcset=\"https:\/\/www.cosmepak.com\/wp-content\/uploads\/2025\/06\/\u8be6\u60c5-5.jpg 1000w, https:\/\/www.cosmepak.com\/wp-content\/uploads\/2025\/06\/\u8be6\u60c5-5-300x283.jpg 300w, https:\/\/www.cosmepak.com\/wp-content\/uploads\/2025\/06\/\u8be6\u60c5-5-768x724.jpg 768w, https:\/\/www.cosmepak.com\/wp-content\/uploads\/2025\/06\/\u8be6\u60c5-5-13x12.jpg 13w, https:\/\/www.cosmepak.com\/wp-content\/uploads\/2025\/06\/\u8be6\u60c5-5-600x566.jpg 600w\" sizes=\"(max-width: 1000px) 100vw, 1000px\" \/><\/p>\n<p><img loading=\"lazy\" decoding=\"async\" class=\"size-full wp-image-2571 aligncenter\" src=\"https:\/\/www.cosmepak.com\/wp-content\/uploads\/2025\/06\/\u8be6\u60c5-6.jpg\" alt=\"\" width=\"1000\" height=\"981\" srcset=\"https:\/\/www.cosmepak.com\/wp-content\/uploads\/2025\/06\/\u8be6\u60c5-6.jpg 1000w, https:\/\/www.cosmepak.com\/wp-content\/uploads\/2025\/06\/\u8be6\u60c5-6-300x294.jpg 300w, https:\/\/www.cosmepak.com\/wp-content\/uploads\/2025\/06\/\u8be6\u60c5-6-768x753.jpg 768w, https:\/\/www.cosmepak.com\/wp-content\/uploads\/2025\/06\/\u8be6\u60c5-6-12x12.jpg 12w, https:\/\/www.cosmepak.com\/wp-content\/uploads\/2025\/06\/\u8be6\u60c5-6-600x589.jpg 600w\" sizes=\"(max-width: 1000px) 100vw, 1000px\" \/><\/p>\n<table style=\"border-collapse: collapse; width: 100%;\">\n<tbody>\n<tr>\n<td style=\"width: 50%;\"><img loading=\"lazy\" decoding=\"async\" class=\"alignnone size-full wp-image-3841\" src=\"https:\/\/www.cosmepak.com\/wp-content\/uploads\/2025\/06\/9-1.jpg\" alt=\"\" width=\"1000\" height=\"1000\" srcset=\"https:\/\/www.cosmepak.com\/wp-content\/uploads\/2025\/06\/9-1.jpg 1000w, https:\/\/www.cosmepak.com\/wp-content\/uploads\/2025\/06\/9-1-300x300.jpg 300w, https:\/\/www.cosmepak.com\/wp-content\/uploads\/2025\/06\/9-1-150x150.jpg 150w, https:\/\/www.cosmepak.com\/wp-content\/uploads\/2025\/06\/9-1-768x768.jpg 768w, https:\/\/www.cosmepak.com\/wp-content\/uploads\/2025\/06\/9-1-12x12.jpg 12w, https:\/\/www.cosmepak.com\/wp-content\/uploads\/2025\/06\/9-1-600x600.jpg 600w, https:\/\/www.cosmepak.com\/wp-content\/uploads\/2025\/06\/9-1-100x100.jpg 100w\" sizes=\"(max-width: 1000px) 100vw, 1000px\" \/><\/td>\n<td style=\"width: 50%;\"><img loading=\"lazy\" decoding=\"async\" class=\"alignnone size-full wp-image-3842\" src=\"https:\/\/www.cosmepak.com\/wp-content\/uploads\/2025\/06\/10-1.jpg\" alt=\"\" width=\"1000\" height=\"1000\" srcset=\"https:\/\/www.cosmepak.com\/wp-content\/uploads\/2025\/06\/10-1.jpg 1000w, https:\/\/www.cosmepak.com\/wp-content\/uploads\/2025\/06\/10-1-300x300.jpg 300w, https:\/\/www.cosmepak.com\/wp-content\/uploads\/2025\/06\/10-1-150x150.jpg 150w, https:\/\/www.cosmepak.com\/wp-content\/uploads\/2025\/06\/10-1-768x768.jpg 768w, https:\/\/www.cosmepak.com\/wp-content\/uploads\/2025\/06\/10-1-12x12.jpg 12w, https:\/\/www.cosmepak.com\/wp-content\/uploads\/2025\/06\/10-1-600x600.jpg 600w, https:\/\/www.cosmepak.com\/wp-content\/uploads\/2025\/06\/10-1-100x100.jpg 100w\" sizes=\"(max-width: 1000px) 100vw, 1000px\" \/><\/td>\n<\/tr>\n<\/tbody>\n<\/table>\n<table style=\"border-collapse: collapse; width: 100%;\">\n<tbody>\n<tr>\n<td style=\"width: 50%;\"><img loading=\"lazy\" decoding=\"async\" class=\"alignnone size-full wp-image-3843\" src=\"https:\/\/www.cosmepak.com\/wp-content\/uploads\/2025\/06\/7-1.jpg\" alt=\"\" width=\"1000\" height=\"1000\" srcset=\"https:\/\/www.cosmepak.com\/wp-content\/uploads\/2025\/06\/7-1.jpg 1000w, https:\/\/www.cosmepak.com\/wp-content\/uploads\/2025\/06\/7-1-300x300.jpg 300w, https:\/\/www.cosmepak.com\/wp-content\/uploads\/2025\/06\/7-1-150x150.jpg 150w, https:\/\/www.cosmepak.com\/wp-content\/uploads\/2025\/06\/7-1-768x768.jpg 768w, https:\/\/www.cosmepak.com\/wp-content\/uploads\/2025\/06\/7-1-12x12.jpg 12w, https:\/\/www.cosmepak.com\/wp-content\/uploads\/2025\/06\/7-1-600x600.jpg 600w, https:\/\/www.cosmepak.com\/wp-content\/uploads\/2025\/06\/7-1-100x100.jpg 100w\" sizes=\"(max-width: 1000px) 100vw, 1000px\" \/><\/td>\n<td style=\"width: 50%;\"><img loading=\"lazy\" decoding=\"async\" class=\"alignnone size-full wp-image-3844\" src=\"https:\/\/www.cosmepak.com\/wp-content\/uploads\/2025\/06\/8-1.jpg\" alt=\"\" width=\"1000\" height=\"1000\" srcset=\"https:\/\/www.cosmepak.com\/wp-content\/uploads\/2025\/06\/8-1.jpg 1000w, https:\/\/www.cosmepak.com\/wp-content\/uploads\/2025\/06\/8-1-300x300.jpg 300w, https:\/\/www.cosmepak.com\/wp-content\/uploads\/2025\/06\/8-1-150x150.jpg 150w, https:\/\/www.cosmepak.com\/wp-content\/uploads\/2025\/06\/8-1-768x768.jpg 768w, https:\/\/www.cosmepak.com\/wp-content\/uploads\/2025\/06\/8-1-12x12.jpg 12w, https:\/\/www.cosmepak.com\/wp-content\/uploads\/2025\/06\/8-1-600x600.jpg 600w, https:\/\/www.cosmepak.com\/wp-content\/uploads\/2025\/06\/8-1-100x100.jpg 100w\" sizes=\"(max-width: 1000px) 100vw, 1000px\" \/><\/td>\n<\/tr>\n<\/tbody>\n<\/table>\n<p>&nbsp;<\/p>\n<p><strong>\u00a0<\/strong><\/p>\n<p>&nbsp;<\/p>","protected":false},"excerpt":{"rendered":"<p>Malzeme: Cam<\/p>\n<p>\u015eekil: Kare<\/p>\n<p>Kapak: Vidal\u0131 kapak \/ Pompa Kapa\u011f\u0131 \/ Se\u00e7im i\u00e7in damla.<\/p>\n<p>Kapasite: 30ml \/ 40ml \/ 100ml \/ 120ml \/ 30g \/ 50g<\/p>\n<p>Renk: \u00d6zelle\u015ftirilmi\u015f Kabul (Mevcut Pantone Rengi)<\/p>\n<p>Y\u00fczey Kaplama: Serip Bask\u0131, S\u0131cak Damgalama, P\u00fcsk\u00fcrtme Gradyan, Mat Kaplama, vb.<\/p>\n<p>MOQ: 3000pcs \/ \u00f6zelle\u015ftirilmi\u015f miktar 10000pcs<\/p>\n<p>\u00d6rnek: \u00dccretsiz \u00f6rnekler mevcut<\/p>\n<p>OEM \/ ODM: Kabul edilebilir<\/p>\n<p>&nbsp;<\/p>\n<p>&nbsp;<\/p>","protected":false},"featured_media":2573,"comment_status":"closed","ping_status":"closed","template":"","meta":{"_acf_changed":false},"product_brand":[],"product_cat":[19,46],"product_tag":[43],"class_list":{"0":"post-2088","1":"product","2":"type-product","3":"status-publish","4":"has-post-thumbnail","6":"product_cat-skincare-glass-bottle","7":"product_cat-skincare-product-set-package","8":"product_tag-cosmetic-package-bottles","10":"first","11":"instock","12":"shipping-taxable","13":"product-type-simple"},"acf":[],"_links":{"self":[{"href":"https:\/\/www.cosmepak.com\/tr\/wp-json\/wp\/v2\/product\/2088","targetHints":{"allow":["GET"]}}],"collection":[{"href":"https:\/\/www.cosmepak.com\/tr\/wp-json\/wp\/v2\/product"}],"about":[{"href":"https:\/\/www.cosmepak.com\/tr\/wp-json\/wp\/v2\/types\/product"}],"replies":[{"embeddable":true,"href":"https:\/\/www.cosmepak.com\/tr\/wp-json\/wp\/v2\/comments?post=2088"}],"wp:featuredmedia":[{"embeddable":true,"href":"https:\/\/www.cosmepak.com\/tr\/wp-json\/wp\/v2\/media\/2573"}],"wp:attachment":[{"href":"https:\/\/www.cosmepak.com\/tr\/wp-json\/wp\/v2\/media?parent=2088"}],"wp:term":[{"taxonomy":"product_brand","embeddable":true,"href":"https:\/\/www.cosmepak.com\/tr\/wp-json\/wp\/v2\/product_brand?post=2088"},{"taxonomy":"product_cat","embeddable":true,"href":"https:\/\/www.cosmepak.com\/tr\/wp-json\/wp\/v2\/product_cat?post=2088"},{"taxonomy":"product_tag","embeddable":true,"href":"https:\/\/www.cosmepak.com\/tr\/wp-json\/wp\/v2\/product_tag?post=2088"}],"curies":[{"name":"wp","href":"https:\/\/api.w.org\/{rel}","templated":true}]}}