{"id":2580,"date":"2025-07-01T14:46:56","date_gmt":"2025-07-01T06:46:56","guid":{"rendered":"https:\/\/www.cosmepak.com\/?post_type=product&#038;p=2580"},"modified":"2026-01-04T10:05:26","modified_gmt":"2026-01-04T02:05:26","slug":"30ml-50ml-100ml-120ml-straight-round-thick-bottomed-frosted-gradient-bottle-20g-30g-50g-cream-jar","status":"publish","type":"product","link":"https:\/\/www.cosmepak.com\/tr\/product\/30ml-50ml-100ml-120ml-straight-round-thick-bottomed-frosted-gradient-bottle-20g-30g-50g-cream-jar\/","title":{"rendered":"30ml 50ml 100ml 120ml D\u00fcz Yuvarlak Kal\u0131n Bottom Buzlu Gradyan \u015ei\u015fe 20g 30g 50g Krema Kavanoz"},"content":{"rendered":"<table style=\"border-collapse: collapse; width: 100%; height: 216px;\">\n<tbody>\n<tr style=\"height: 24px;\">\n<td style=\"width: 40.6929%; height: 216px;\" rowspan=\"9\"><img fetchpriority=\"high\" decoding=\"async\" class=\"alignnone size-full wp-image-2582\" src=\"https:\/\/www.cosmepak.com\/wp-content\/uploads\/2025\/07\/\u4e3b\u56fe-8.jpg\" alt=\"\" width=\"1000\" height=\"1000\" srcset=\"https:\/\/www.cosmepak.com\/wp-content\/uploads\/2025\/07\/\u4e3b\u56fe-8.jpg 1000w, https:\/\/www.cosmepak.com\/wp-content\/uploads\/2025\/07\/\u4e3b\u56fe-8-300x300.jpg 300w, https:\/\/www.cosmepak.com\/wp-content\/uploads\/2025\/07\/\u4e3b\u56fe-8-150x150.jpg 150w, https:\/\/www.cosmepak.com\/wp-content\/uploads\/2025\/07\/\u4e3b\u56fe-8-768x768.jpg 768w, https:\/\/www.cosmepak.com\/wp-content\/uploads\/2025\/07\/\u4e3b\u56fe-8-12x12.jpg 12w, https:\/\/www.cosmepak.com\/wp-content\/uploads\/2025\/07\/\u4e3b\u56fe-8-600x600.jpg 600w, https:\/\/www.cosmepak.com\/wp-content\/uploads\/2025\/07\/\u4e3b\u56fe-8-100x100.jpg 100w\" sizes=\"(max-width: 1000px) 100vw, 1000px\" \/><\/td>\n<td style=\"width: 23.5109%; height: 24px; text-align: center;\">Marka<\/td>\n<td style=\"width: 35.7961%; height: 24px; text-align: center;\">\u00a0Fahi\u015fe<\/td>\n<\/tr>\n<tr style=\"height: 24px;\">\n<td style=\"width: 23.5109%; height: 24px; text-align: center;\">Kapasite<\/td>\n<td style=\"width: 35.7961%; height: 24px; text-align: center;\">30ml \/ 50ml \/ 100ml \/ 120ml \/ 20g \/ 30g \/ 50g<\/td>\n<\/tr>\n<tr style=\"height: 24px;\">\n<td style=\"width: 23.5109%; height: 24px; text-align: center;\">\u015eekil<\/td>\n<td style=\"width: 35.7961%; height: 24px; text-align: center;\">Yuvarlak<\/td>\n<\/tr>\n<tr style=\"height: 24px;\">\n<td style=\"width: 23.5109%; height: 24px; text-align: center;\">Malzeme<\/td>\n<td style=\"width: 35.7961%; height: 24px; text-align: center;\">Bardak<\/td>\n<\/tr>\n<tr style=\"height: 24px;\">\n<td style=\"width: 23.5109%; height: 24px; text-align: center;\">Model<\/td>\n<td style=\"width: 35.7961%; height: 24px; text-align: center;\">JH-YJY235B<\/td>\n<\/tr>\n<tr style=\"height: 24px;\">\n<td style=\"width: 23.5109%; height: 24px; text-align: center;\">OEM ve ODM<\/td>\n<td style=\"width: 35.7961%; height: 24px; text-align: center;\">Kabul etmek<\/td>\n<\/tr>\n<tr style=\"height: 24px;\">\n<td style=\"width: 23.5109%; height: 24px; text-align: center;\">Renk<\/td>\n<td style=\"width: 35.7961%; height: 24px; text-align: center;\">Herhangi bir parton rengi \u00f6zelle\u015ftirilmi\u015f<\/td>\n<\/tr>\n<tr style=\"height: 24px;\">\n<td style=\"width: 23.5109%; height: 24px; text-align: center;\">Kullan\u0131m<\/td>\n<td style=\"width: 35.7961%; height: 24px; text-align: center;\">Losyon \/ Temel \/ krem vb.<\/td>\n<\/tr>\n<tr style=\"height: 24px;\">\n<td style=\"width: 23.5109%; height: 24px; text-align: center;\">Moq<\/td>\n<td style=\"width: 35.7961%; height: 24px; text-align: center;\">\u015eeffaf 3000pcs, \u00f6zelle\u015ftirilmi\u015f 10000pcs<\/td>\n<\/tr>\n<\/tbody>\n<\/table>\n<table style=\"border-collapse: collapse; width: 100%; height: 168px;\">\n<tbody>\n<tr style=\"height: 24px;\">\n<td style=\"width: 11.8491%; text-align: center; height: 24px;\"><strong>\u00d6\u011fe<\/strong><\/td>\n<td style=\"width: 13.1117%; text-align: center; height: 24px;\"><strong>Kapasite<\/strong><\/td>\n<td style=\"width: 14.6772%; text-align: center; height: 24px;\"><strong>\u00c7ap<\/strong><\/td>\n<td style=\"width: 12.8016%; text-align: center; height: 24px;\"><strong>Omuz y\u00fcksekli\u011fi<\/strong><\/td>\n<td style=\"width: 12.6561%; text-align: center; height: 24px;\"><strong>Toplam y\u00fckseklik<\/strong><\/td>\n<\/tr>\n<tr style=\"height: 24px;\">\n<td style=\"width: 11.8491%; text-align: center; height: 24px;\">JH-YJY235B-FY1011 i\u00e7in<\/td>\n<td style=\"width: 13.1117%; text-align: center; height: 24px;\">20g<\/td>\n<td style=\"width: 14.6772%; text-align: center; height: 24px;\">50 mm<\/td>\n<td style=\"width: 12.8016%; text-align: center; height: 24px;\">29mm<\/td>\n<td style=\"width: 12.6561%; text-align: center; height: 24px;\">50 mm<\/td>\n<\/tr>\n<tr style=\"height: 24px;\">\n<td style=\"width: 11.8491%; text-align: center; height: 24px;\">JH-YJY235B-FY1012 i\u00e7in<\/td>\n<td style=\"width: 13.1117%; text-align: center; height: 24px;\">30g<\/td>\n<td style=\"width: 14.6772%; text-align: center; height: 24px;\">50 mm<\/td>\n<td style=\"width: 12.8016%; text-align: center; height: 24px;\">41mm<\/td>\n<td style=\"width: 12.6561%; text-align: center; height: 24px;\">62mm<\/td>\n<\/tr>\n<tr style=\"height: 24px;\">\n<td style=\"width: 11.8491%; text-align: center; height: 24px;\">JH-YJY235B-FY1013 i\u00e7in<\/td>\n<td style=\"width: 13.1117%; text-align: center; height: 24px;\">50g<\/td>\n<td style=\"width: 14.6772%; text-align: center; height: 24px;\">50 mm<\/td>\n<td style=\"width: 12.8016%; text-align: center; height: 24px;\">58mm<\/td>\n<td style=\"width: 12.6561%; text-align: center; height: 24px;\">79 mm<\/td>\n<\/tr>\n<tr style=\"height: 24px;\">\n<td style=\"width: 11.8491%; text-align: center; height: 24px;\">JH-YJY235B-C6324<\/td>\n<td style=\"width: 13.1117%; text-align: center; height: 24px;\">30ml<\/td>\n<td style=\"width: 14.6772%; text-align: center; height: 24px;\">37 mm<\/td>\n<td style=\"width: 12.8016%; text-align: center; height: 24px;\">62mm<\/td>\n<td style=\"width: 12.6561%; text-align: center; height: 24px;\">106 mm<\/td>\n<\/tr>\n<tr style=\"height: 24px;\">\n<td style=\"width: 11.8491%; text-align: center; height: 24px;\">JH-YJY235B-C6326<\/td>\n<td style=\"width: 13.1117%; text-align: center; height: 24px;\">50ml<\/td>\n<td style=\"width: 14.6772%; text-align: center; height: 24px;\">37 mm<\/td>\n<td style=\"width: 12.8016%; text-align: center; height: 24px;\">88mm<\/td>\n<td style=\"width: 12.6561%; text-align: center; height: 24px;\">132mm'lik<\/td>\n<\/tr>\n<tr>\n<td style=\"width: 11.8491%; text-align: center;\">JH-YJY23B-BW8911 i\u00e7in<\/td>\n<td style=\"width: 13.1117%; text-align: center;\">100ml<\/td>\n<td style=\"width: 14.6772%; text-align: center;\">42mm<\/td>\n<td style=\"width: 12.8016%; text-align: center;\">132mm'lik<\/td>\n<td style=\"width: 12.6561%; text-align: center;\">178mm<\/td>\n<\/tr>\n<tr style=\"height: 24px;\">\n<td style=\"width: 11.8491%; text-align: center; height: 24px;\">JH-YJY23B-BW8910 i\u00e7in<\/td>\n<td style=\"width: 13.1117%; text-align: center; height: 24px;\">120ml<\/td>\n<td style=\"width: 14.6772%; text-align: center; height: 24px;\">42mm<\/td>\n<td style=\"width: 12.8016%; text-align: center; height: 24px;\">148mm'lik<\/td>\n<td style=\"width: 12.6561%; text-align: center; height: 24px;\">193mm'lik<\/td>\n<\/tr>\n<\/tbody>\n<\/table>\n<p style=\"text-align: left;\">Bu serise cilt bak\u0131m \u00fcr\u00fcnleri seti \u00c7in tarz\u0131, mat e\u011fimli son, Y\u00fcksek kaliteli dayan\u0131kl\u0131 cam malzemesinden yap\u0131lm\u0131\u015ft\u0131r. \u015ei\u015fenin se\u00e7meniz i\u00e7in boyutlar\u0131 olabilir, 30ml'den 120ml'ye kadar kapasite ve krema kavanozu kapasitesi 20g, 30g ve 50g'dir. bu \u00fcr\u00fcnler l\u00fcks krem, losyonlar ve cilt bak\u0131m \u00fcr\u00fcnleri i\u00e7in geni\u015f olarak kullan\u0131l\u0131r. \u00dcr\u00fcnlerini krem ve losyonlar\u0131n\u0131n l\u00fcks\u00fcn\u00fc ve kalitesini yans\u0131tan \u015f\u0131k ve dayan\u0131kl\u0131 bir konteynere paketlemek isteyen y\u00fcksek kaliteli cilt bak\u0131m markalar\u0131 i\u00e7in m\u00fckemmeldir.<\/p>\n<p>Kal\u0131n alt dayan\u0131kl\u0131l\u0131\u011f\u0131 sa\u011flarken, mat gradiyent bitirme bir dokunu\u015f sofistikasyon ekler. Bu \u015fi\u015feler ve kavanozlar i\u00e7in herhangi bir afyonunuz varsa, l\u00fctfen bize g\u00f6sterin, bunu tart\u0131\u015fabilir ve elde etmenize yard\u0131mc\u0131 olabiliriz. renk, logo, serigrafi, etiketleme vb.<\/p>\n<p style=\"text-align: left;\">Ayr\u0131ca premium \u00fcr\u00fcnleriniz i\u00e7in tam bir ambalaj \u00e7\u00f6z\u00fcm\u00fc sunuyoruz.<\/p>\n<p style=\"text-align: center;\"><img decoding=\"async\" class=\"alignnone size-full wp-image-2583\" src=\"https:\/\/www.cosmepak.com\/wp-content\/uploads\/2025\/07\/\u8be6\u60c5-6.jpg\" alt=\"\" width=\"1000\" height=\"658\" srcset=\"https:\/\/www.cosmepak.com\/wp-content\/uploads\/2025\/07\/\u8be6\u60c5-6.jpg 1000w, https:\/\/www.cosmepak.com\/wp-content\/uploads\/2025\/07\/\u8be6\u60c5-6-300x197.jpg 300w, https:\/\/www.cosmepak.com\/wp-content\/uploads\/2025\/07\/\u8be6\u60c5-6-768x505.jpg 768w, https:\/\/www.cosmepak.com\/wp-content\/uploads\/2025\/07\/\u8be6\u60c5-6-18x12.jpg 18w, https:\/\/www.cosmepak.com\/wp-content\/uploads\/2025\/07\/\u8be6\u60c5-6-600x395.jpg 600w\" sizes=\"(max-width: 1000px) 100vw, 1000px\" \/><\/p>\n<p><img decoding=\"async\" class=\"size-full wp-image-2584 aligncenter\" src=\"https:\/\/www.cosmepak.com\/wp-content\/uploads\/2025\/07\/\u8be6\u60c5-7.jpg\" alt=\"\" width=\"1000\" height=\"425\" srcset=\"https:\/\/www.cosmepak.com\/wp-content\/uploads\/2025\/07\/\u8be6\u60c5-7.jpg 1000w, https:\/\/www.cosmepak.com\/wp-content\/uploads\/2025\/07\/\u8be6\u60c5-7-300x128.jpg 300w, https:\/\/www.cosmepak.com\/wp-content\/uploads\/2025\/07\/\u8be6\u60c5-7-768x326.jpg 768w, https:\/\/www.cosmepak.com\/wp-content\/uploads\/2025\/07\/\u8be6\u60c5-7-18x8.jpg 18w, https:\/\/www.cosmepak.com\/wp-content\/uploads\/2025\/07\/\u8be6\u60c5-7-600x255.jpg 600w\" sizes=\"(max-width: 1000px) 100vw, 1000px\" \/><\/p>\n<table style=\"border-collapse: collapse; width: 100%;\">\n<tbody>\n<tr>\n<td style=\"width: 50%;\"><img loading=\"lazy\" decoding=\"async\" class=\"alignnone size-full wp-image-3880\" src=\"https:\/\/www.cosmepak.com\/wp-content\/uploads\/2025\/07\/\u4e3b\u56fe-31-1.jpg\" alt=\"\" width=\"1000\" height=\"1000\" srcset=\"https:\/\/www.cosmepak.com\/wp-content\/uploads\/2025\/07\/\u4e3b\u56fe-31-1.jpg 1000w, https:\/\/www.cosmepak.com\/wp-content\/uploads\/2025\/07\/\u4e3b\u56fe-31-1-300x300.jpg 300w, https:\/\/www.cosmepak.com\/wp-content\/uploads\/2025\/07\/\u4e3b\u56fe-31-1-150x150.jpg 150w, https:\/\/www.cosmepak.com\/wp-content\/uploads\/2025\/07\/\u4e3b\u56fe-31-1-768x768.jpg 768w, https:\/\/www.cosmepak.com\/wp-content\/uploads\/2025\/07\/\u4e3b\u56fe-31-1-12x12.jpg 12w, https:\/\/www.cosmepak.com\/wp-content\/uploads\/2025\/07\/\u4e3b\u56fe-31-1-600x600.jpg 600w, https:\/\/www.cosmepak.com\/wp-content\/uploads\/2025\/07\/\u4e3b\u56fe-31-1-100x100.jpg 100w\" sizes=\"(max-width: 1000px) 100vw, 1000px\" \/><\/td>\n<td style=\"width: 50%;\"><img loading=\"lazy\" decoding=\"async\" class=\"alignnone size-full wp-image-3881\" src=\"https:\/\/www.cosmepak.com\/wp-content\/uploads\/2025\/07\/\u4e3b\u56fe-91.jpg\" alt=\"\" width=\"1000\" height=\"1000\" srcset=\"https:\/\/www.cosmepak.com\/wp-content\/uploads\/2025\/07\/\u4e3b\u56fe-91.jpg 1000w, https:\/\/www.cosmepak.com\/wp-content\/uploads\/2025\/07\/\u4e3b\u56fe-91-300x300.jpg 300w, https:\/\/www.cosmepak.com\/wp-content\/uploads\/2025\/07\/\u4e3b\u56fe-91-150x150.jpg 150w, https:\/\/www.cosmepak.com\/wp-content\/uploads\/2025\/07\/\u4e3b\u56fe-91-768x768.jpg 768w, https:\/\/www.cosmepak.com\/wp-content\/uploads\/2025\/07\/\u4e3b\u56fe-91-12x12.jpg 12w, https:\/\/www.cosmepak.com\/wp-content\/uploads\/2025\/07\/\u4e3b\u56fe-91-600x600.jpg 600w, https:\/\/www.cosmepak.com\/wp-content\/uploads\/2025\/07\/\u4e3b\u56fe-91-100x100.jpg 100w\" sizes=\"(max-width: 1000px) 100vw, 1000px\" \/><\/td>\n<\/tr>\n<\/tbody>\n<\/table>\n<table style=\"border-collapse: collapse; width: 100%;\">\n<tbody>\n<tr>\n<td style=\"width: 33.3333%;\"><img loading=\"lazy\" decoding=\"async\" class=\"alignnone size-full wp-image-3882\" src=\"https:\/\/www.cosmepak.com\/wp-content\/uploads\/2025\/07\/\u4e3b\u56fe-51-1.jpg\" alt=\"\" width=\"1000\" height=\"1000\" srcset=\"https:\/\/www.cosmepak.com\/wp-content\/uploads\/2025\/07\/\u4e3b\u56fe-51-1.jpg 1000w, https:\/\/www.cosmepak.com\/wp-content\/uploads\/2025\/07\/\u4e3b\u56fe-51-1-300x300.jpg 300w, https:\/\/www.cosmepak.com\/wp-content\/uploads\/2025\/07\/\u4e3b\u56fe-51-1-150x150.jpg 150w, https:\/\/www.cosmepak.com\/wp-content\/uploads\/2025\/07\/\u4e3b\u56fe-51-1-768x768.jpg 768w, https:\/\/www.cosmepak.com\/wp-content\/uploads\/2025\/07\/\u4e3b\u56fe-51-1-12x12.jpg 12w, https:\/\/www.cosmepak.com\/wp-content\/uploads\/2025\/07\/\u4e3b\u56fe-51-1-600x600.jpg 600w, https:\/\/www.cosmepak.com\/wp-content\/uploads\/2025\/07\/\u4e3b\u56fe-51-1-100x100.jpg 100w\" sizes=\"(max-width: 1000px) 100vw, 1000px\" \/><\/td>\n<td style=\"width: 33.3333%;\"><img loading=\"lazy\" decoding=\"async\" class=\"alignnone size-full wp-image-3883\" src=\"https:\/\/www.cosmepak.com\/wp-content\/uploads\/2025\/07\/\u4e3b\u56fe-61.jpg\" alt=\"\" width=\"1000\" height=\"1000\" srcset=\"https:\/\/www.cosmepak.com\/wp-content\/uploads\/2025\/07\/\u4e3b\u56fe-61.jpg 1000w, https:\/\/www.cosmepak.com\/wp-content\/uploads\/2025\/07\/\u4e3b\u56fe-61-300x300.jpg 300w, https:\/\/www.cosmepak.com\/wp-content\/uploads\/2025\/07\/\u4e3b\u56fe-61-150x150.jpg 150w, https:\/\/www.cosmepak.com\/wp-content\/uploads\/2025\/07\/\u4e3b\u56fe-61-768x768.jpg 768w, https:\/\/www.cosmepak.com\/wp-content\/uploads\/2025\/07\/\u4e3b\u56fe-61-12x12.jpg 12w, https:\/\/www.cosmepak.com\/wp-content\/uploads\/2025\/07\/\u4e3b\u56fe-61-600x600.jpg 600w, https:\/\/www.cosmepak.com\/wp-content\/uploads\/2025\/07\/\u4e3b\u56fe-61-100x100.jpg 100w\" sizes=\"(max-width: 1000px) 100vw, 1000px\" \/><\/td>\n<td style=\"width: 33.3333%;\"><img loading=\"lazy\" decoding=\"async\" class=\"alignnone size-full wp-image-3884\" src=\"https:\/\/www.cosmepak.com\/wp-content\/uploads\/2025\/07\/\u4e3b\u56fe-71.jpg\" alt=\"\" width=\"1000\" height=\"1000\" srcset=\"https:\/\/www.cosmepak.com\/wp-content\/uploads\/2025\/07\/\u4e3b\u56fe-71.jpg 1000w, https:\/\/www.cosmepak.com\/wp-content\/uploads\/2025\/07\/\u4e3b\u56fe-71-300x300.jpg 300w, https:\/\/www.cosmepak.com\/wp-content\/uploads\/2025\/07\/\u4e3b\u56fe-71-150x150.jpg 150w, https:\/\/www.cosmepak.com\/wp-content\/uploads\/2025\/07\/\u4e3b\u56fe-71-768x768.jpg 768w, https:\/\/www.cosmepak.com\/wp-content\/uploads\/2025\/07\/\u4e3b\u56fe-71-12x12.jpg 12w, https:\/\/www.cosmepak.com\/wp-content\/uploads\/2025\/07\/\u4e3b\u56fe-71-600x600.jpg 600w, https:\/\/www.cosmepak.com\/wp-content\/uploads\/2025\/07\/\u4e3b\u56fe-71-100x100.jpg 100w\" sizes=\"(max-width: 1000px) 100vw, 1000px\" \/><\/td>\n<\/tr>\n<\/tbody>\n<\/table>\n<p>&nbsp;<\/p>\n<p class=\"ai-center-markdown-p\" data-spm-anchor-id=\"a2747.product_manager.0.i19.b13471d25n1Drz\">","protected":false},"excerpt":{"rendered":"<p>Malzeme: Cam<\/p>\n<p>\u015eekil: Tur<\/p>\n<p>Kapak: Vidal\u0131 kapak \/ Pompa Kapa\u011f\u0131 \/ Se\u00e7im i\u00e7in damla.<\/p>\n<p>Kapasite: 30ml \/ 50ml \/ 100ml \/ 120ml \/ 20g \/ 30g \/ 50g<\/p>\n<p>Renk: \u00d6zelle\u015ftirilmi\u015f Kabul (Mevcut Pantone Rengi)<\/p>\n<p>Y\u00fczey Kaplama: Serip Bask\u0131, S\u0131cak Damgalama, P\u00fcsk\u00fcrtme Gradyan, Mat Kaplama, vb.<\/p>\n<p>MOQ: 3000pcs \/ \u00f6zelle\u015ftirilmi\u015f miktar 10000pcs<\/p>\n<p>\u00d6rnek: \u00dccretsiz \u00f6rnekler mevcut<\/p>\n<p>OEM \/ ODM: Kabul edilebilir<\/p>\n<p>&nbsp;<\/p>\n<p>&nbsp;<\/p>","protected":false},"featured_media":2590,"comment_status":"closed","ping_status":"closed","template":"","meta":{"_acf_changed":false},"product_brand":[],"product_cat":[19,46],"product_tag":[43],"class_list":{"0":"post-2580","1":"product","2":"type-product","3":"status-publish","4":"has-post-thumbnail","6":"product_cat-skincare-glass-bottle","7":"product_cat-skincare-product-set-package","8":"product_tag-cosmetic-package-bottles","10":"first","11":"instock","12":"shipping-taxable","13":"product-type-simple"},"acf":[],"_links":{"self":[{"href":"https:\/\/www.cosmepak.com\/tr\/wp-json\/wp\/v2\/product\/2580","targetHints":{"allow":["GET"]}}],"collection":[{"href":"https:\/\/www.cosmepak.com\/tr\/wp-json\/wp\/v2\/product"}],"about":[{"href":"https:\/\/www.cosmepak.com\/tr\/wp-json\/wp\/v2\/types\/product"}],"replies":[{"embeddable":true,"href":"https:\/\/www.cosmepak.com\/tr\/wp-json\/wp\/v2\/comments?post=2580"}],"wp:featuredmedia":[{"embeddable":true,"href":"https:\/\/www.cosmepak.com\/tr\/wp-json\/wp\/v2\/media\/2590"}],"wp:attachment":[{"href":"https:\/\/www.cosmepak.com\/tr\/wp-json\/wp\/v2\/media?parent=2580"}],"wp:term":[{"taxonomy":"product_brand","embeddable":true,"href":"https:\/\/www.cosmepak.com\/tr\/wp-json\/wp\/v2\/product_brand?post=2580"},{"taxonomy":"product_cat","embeddable":true,"href":"https:\/\/www.cosmepak.com\/tr\/wp-json\/wp\/v2\/product_cat?post=2580"},{"taxonomy":"product_tag","embeddable":true,"href":"https:\/\/www.cosmepak.com\/tr\/wp-json\/wp\/v2\/product_tag?post=2580"}],"curies":[{"name":"wp","href":"https:\/\/api.w.org\/{rel}","templated":true}]}}