{"id":2671,"date":"2025-07-18T09:36:23","date_gmt":"2025-07-18T01:36:23","guid":{"rendered":"https:\/\/www.cosmepak.com\/?post_type=product&#038;p=2671"},"modified":"2025-08-07T13:21:29","modified_gmt":"2025-08-07T05:21:29","slug":"50ml-pp-flip-cap-plastic-cosmetic-bottle-jaunce-2-2-2-2","status":"publish","type":"product","link":"https:\/\/www.cosmepak.com\/tr\/product\/50ml-pp-flip-cap-plastic-cosmetic-bottle-jaunce-2-2-2-2\/","title":{"rendered":"Flip cap \/ Jaunce # 2 ile 380ml plastik \u015fi\u015fe"},"content":{"rendered":"<table style=\"border-collapse: collapse; width: 100%; height: 120px;\">\n<tbody>\n<tr style=\"height: 24px;\">\n<td style=\"width: 33.3333%; height: 120px;\" rowspan=\"5\"><img fetchpriority=\"high\" decoding=\"async\" class=\"alignnone size-full wp-image-2674\" src=\"https:\/\/www.cosmepak.com\/wp-content\/uploads\/2025\/07\/289.jpg\" alt=\"\" width=\"1200\" height=\"1200\" srcset=\"https:\/\/www.cosmepak.com\/wp-content\/uploads\/2025\/07\/289.jpg 1200w, https:\/\/www.cosmepak.com\/wp-content\/uploads\/2025\/07\/289-300x300.jpg 300w, https:\/\/www.cosmepak.com\/wp-content\/uploads\/2025\/07\/289-1024x1024.jpg 1024w, https:\/\/www.cosmepak.com\/wp-content\/uploads\/2025\/07\/289-150x150.jpg 150w, https:\/\/www.cosmepak.com\/wp-content\/uploads\/2025\/07\/289-768x768.jpg 768w, https:\/\/www.cosmepak.com\/wp-content\/uploads\/2025\/07\/289-12x12.jpg 12w, https:\/\/www.cosmepak.com\/wp-content\/uploads\/2025\/07\/289-600x600.jpg 600w, https:\/\/www.cosmepak.com\/wp-content\/uploads\/2025\/07\/289-100x100.jpg 100w\" sizes=\"(max-width: 1200px) 100vw, 1200px\" \/><\/td>\n<td style=\"width: 33.122%; height: 24px; text-align: center;\">Marka<\/td>\n<td style=\"width: 33.5446%; height: 24px; text-align: center;\">Fahi\u015fe<\/td>\n<\/tr>\n<tr style=\"height: 24px;\">\n<td style=\"width: 33.122%; height: 24px; text-align: center;\">Model<\/td>\n<td style=\"width: 33.5446%; height: 24px; text-align: center;\">JH-SK1123 i\u00e7in<\/td>\n<\/tr>\n<tr style=\"height: 24px;\">\n<td style=\"width: 33.122%; height: 24px; text-align: center;\">Kapak<\/td>\n<td style=\"width: 33.5446%; height: 24px; text-align: center;\">60 ML \/ 80 ML \/ 100 ML<\/td>\n<\/tr>\n<tr style=\"height: 24px;\">\n<td style=\"width: 33.122%; height: 24px; text-align: center;\">Renk<\/td>\n<td style=\"width: 33.5446%; height: 24px; text-align: center;\">\u00f6zelle\u015ftirilmi\u015f<\/td>\n<\/tr>\n<tr style=\"height: 24px;\">\n<td style=\"width: 33.122%; height: 24px; text-align: center;\">Malzeme<\/td>\n<td style=\"width: 33.5446%; height: 24px; text-align: center;\">Evcil hayvan<\/td>\n<\/tr>\n<\/tbody>\n<\/table>\n<p>&nbsp;<\/p>\n<p>&nbsp;<\/p>\n<p><img decoding=\"async\" class=\"alignnone size-full wp-image-2673\" src=\"https:\/\/www.cosmepak.com\/wp-content\/uploads\/2025\/07\/288.jpg\" alt=\"\" width=\"1200\" height=\"1200\" srcset=\"https:\/\/www.cosmepak.com\/wp-content\/uploads\/2025\/07\/288.jpg 1200w, https:\/\/www.cosmepak.com\/wp-content\/uploads\/2025\/07\/288-300x300.jpg 300w, https:\/\/www.cosmepak.com\/wp-content\/uploads\/2025\/07\/288-1024x1024.jpg 1024w, https:\/\/www.cosmepak.com\/wp-content\/uploads\/2025\/07\/288-150x150.jpg 150w, https:\/\/www.cosmepak.com\/wp-content\/uploads\/2025\/07\/288-768x768.jpg 768w, https:\/\/www.cosmepak.com\/wp-content\/uploads\/2025\/07\/288-12x12.jpg 12w, https:\/\/www.cosmepak.com\/wp-content\/uploads\/2025\/07\/288-600x600.jpg 600w, https:\/\/www.cosmepak.com\/wp-content\/uploads\/2025\/07\/288-100x100.jpg 100w\" sizes=\"(max-width: 1200px) 100vw, 1200px\" \/><\/p>\n<p><img decoding=\"async\" class=\"alignnone size-full wp-image-2676\" src=\"https:\/\/www.cosmepak.com\/wp-content\/uploads\/2025\/07\/290.jpg\" alt=\"\" width=\"1200\" height=\"1200\" srcset=\"https:\/\/www.cosmepak.com\/wp-content\/uploads\/2025\/07\/290.jpg 1200w, https:\/\/www.cosmepak.com\/wp-content\/uploads\/2025\/07\/290-300x300.jpg 300w, https:\/\/www.cosmepak.com\/wp-content\/uploads\/2025\/07\/290-1024x1024.jpg 1024w, https:\/\/www.cosmepak.com\/wp-content\/uploads\/2025\/07\/290-150x150.jpg 150w, https:\/\/www.cosmepak.com\/wp-content\/uploads\/2025\/07\/290-768x768.jpg 768w, https:\/\/www.cosmepak.com\/wp-content\/uploads\/2025\/07\/290-12x12.jpg 12w, https:\/\/www.cosmepak.com\/wp-content\/uploads\/2025\/07\/290-600x600.jpg 600w, https:\/\/www.cosmepak.com\/wp-content\/uploads\/2025\/07\/290-100x100.jpg 100w\" sizes=\"(max-width: 1200px) 100vw, 1200px\" \/><\/p>\n<h2 id=\"versatile-flip-cap-bottles-for-skincare-and-haircare\" class=\"ai-center-markdown-h2\" data-spm-anchor-id=\"a2747.product_manager.0.i6.7cd971d2ShgrRH\">Cilt bak\u0131m\u0131 ve sa\u00e7 bak\u0131m\u0131 i\u00e7in \u00e7ok y\u00f6nl\u00fc Flip Cap \u015fi\u015feleri<\/h2>\n<h3 id=\"introduction\" class=\"ai-center-markdown-h3\">Giri\u015f<\/h3>\n<p class=\"ai-center-markdown-p\">Ki\u015fisel bak\u0131m d\u00fcnyas\u0131nda ambalaj kullan\u0131c\u0131 deneyiminde \u00f6nemli bir rol oynar. Flip cap \u015fi\u015feleri, v\u00fccut losyonlar\u0131, cilt bak\u0131m kremleri ve \u015fampuanlar da dahil olmak \u00fczere \u00e7e\u015fitli \u00fcr\u00fcnler i\u00e7in pop\u00fcler bir se\u00e7imdir. Bu makale, \u00f6zellikle cilt bak\u0131m\u0131 ve sa\u00e7 bak\u0131m\u0131 \u00fcr\u00fcnlerinin da\u011f\u0131t\u0131m\u0131 i\u00e7in kullan\u0131ld\u0131\u011f\u0131nda 380ml beyaz kapakl\u0131 \u015fi\u015felerin faydalar\u0131n\u0131 ve uygulamalar\u0131n\u0131 ara\u015ft\u0131r\u0131r.<\/p>\n<h3 id=\"body-lotion-bottles\" class=\"ai-center-markdown-h3\">V\u00fccut Losyonu \u015ei\u015feleri<\/h3>\n<p class=\"ai-center-markdown-p\">380ml flip cap \u015fi\u015feleri v\u00fccut losyonlar\u0131 i\u00e7in m\u00fckemmeldir. Flip cap tasar\u0131m\u0131 kullan\u0131m kolayl\u0131\u011f\u0131n\u0131 sa\u011flar ve kullan\u0131c\u0131lar\u0131n losyonu herhangi bir s\u0131k\u0131nt\u0131 olmadan da\u011f\u0131tmalar\u0131n\u0131 sa\u011flar. \u015ei\u015fenin beyaz rengi, bir dokunu\u015f zariflik ve temizlik ekler ve g\u00f6rsel a\u00e7\u0131dan \u00e7ekici hale gelir.<\/p>\n<h3 id=\"skincare-cream-bottles\" class=\"ai-center-markdown-h3\">Cilt Bak\u0131m\u0131 Krem \u015ei\u015feleri<\/h3>\n<p class=\"ai-center-markdown-p\">Cilt bak\u0131m kremleri i\u00e7in, kapakl\u0131 \u015fi\u015feler \u00fcr\u00fcne eri\u015fmek i\u00e7in uygun ve hijyenik bir yol sunar. 380ml kapasitesi g\u00fcnl\u00fck kullan\u0131m i\u00e7in idealdir ve uzun bir s\u00fcre i\u00e7in yeterli \u00fcr\u00fcn sa\u011flar. \u015ei\u015fenin d\u00fcz ve \u015f\u0131k tasar\u0131m\u0131, saklamas\u0131n\u0131 ve kullan\u0131m\u0131n\u0131 kolayla\u015ft\u0131r\u0131r.<\/p>\n<h3 id=\"haircare-product-bottles\" class=\"ai-center-markdown-h3\">Sa\u00e7 Bak\u0131m\u0131 \u00dcr\u00fcn \u015ei\u015feleri<\/h3>\n<p class=\"ai-center-markdown-p\">\u015eampuan gibi sa\u00e7 bak\u0131m \u00fcr\u00fcnlerine gelince, bu kapakl\u0131 \u015fi\u015feler son derece i\u015flevseldir. Flip cap mekanizmas\u0131 s\u0131z\u0131nt\u0131y\u0131 \u00f6nler ve \u00fcr\u00fcn\u00fcn sorunsuz bir \u015fekilde da\u011f\u0131t\u0131lmas\u0131n\u0131 sa\u011flar. 380ml boyutu hem ev hem de seyahat kullan\u0131m\u0131 i\u00e7in uygundur ve \u00e7ok y\u00f6nl\u00fcl\u00fck sunar.<\/p>\n<h3 id=\"benefits-of-flip-cap-bottles\" class=\"ai-center-markdown-h3\">Flip Cap \u015ei\u015felerinin Faydalar\u0131<\/h3>\n<ol class=\"ai-center-markdown-ol\" start=\"1\">\n<li class=\"ai-center-markdown-li\"><strong class=\"ai-center-markdown-strong\">Kullan\u0131m Kolayl\u0131\u011f\u0131<\/strong>: Flip kapak, \u00fcr\u00fcne h\u0131zl\u0131 ve kolay eri\u015fim sa\u011flar.<\/li>\n<li class=\"ai-center-markdown-li\"><strong class=\"ai-center-markdown-strong\">Hijyen<\/strong>: Flip kapaklar\u0131 kirlenme riskini en aza indirir ve \u00fcr\u00fcn\u00fc temiz tutar.<\/li>\n<li class=\"ai-center-markdown-li\"><strong class=\"ai-center-markdown-strong\">Ta\u015f\u0131nabilirlik<\/strong>: Kompakt tasar\u0131m, bu \u015fi\u015felerin seyahat s\u0131ras\u0131nda ta\u015f\u0131nmas\u0131n\u0131 kolayla\u015ft\u0131r\u0131r.<\/li>\n<li class=\"ai-center-markdown-li\"><strong class=\"ai-center-markdown-strong\">Estetik Temyiz<\/strong>: Beyaz renk ve \u015f\u0131k tasar\u0131m profesyonel ve temiz bir g\u00f6r\u00fcn\u00fcm ekler.<\/li>\n<\/ol>\n<h3 id=\"conclusion\" class=\"ai-center-markdown-h3\">Sonu\u00e7<\/h3>\n<p class=\"ai-center-markdown-p\">380ml beyaz kapakl\u0131 \u015fi\u015feler, v\u00fccut losyonlar\u0131, cilt bak\u0131m kremleri ve \u015fampuanlar\u0131 ambalajlamak i\u00e7in \u00e7ok y\u00f6nl\u00fc ve pratik bir se\u00e7imdir. Tasar\u0131mlar\u0131, kullan\u0131m kolayl\u0131\u011f\u0131, hijyen, ta\u015f\u0131nabilirlik ve estetik cazibe sa\u011flar ve hem t\u00fcketiciler hem de \u00fcreticiler i\u00e7in tercih edilen bir se\u00e7enek haline getirir.<\/p>\n<table style=\"border-collapse: collapse; width: 100%;\">\n<tbody>\n<tr>\n<td style=\"width: 40.1818%;\"><\/td>\n<td style=\"width: 59.8182%;\"><\/td>\n<\/tr>\n<\/tbody>\n<\/table>\n<p><img loading=\"lazy\" decoding=\"async\" class=\"alignnone size-full wp-image-1347\" src=\"https:\/\/www.cosmepak.com\/wp-content\/uploads\/2024\/12\/\u9996\u987519202_03.jpg\" alt=\"fabrika g\u00f6sterisi\" width=\"1920\" height=\"885\" srcset=\"https:\/\/www.cosmepak.com\/wp-content\/uploads\/2024\/12\/\u9996\u987519202_03.jpg 1920w, https:\/\/www.cosmepak.com\/wp-content\/uploads\/2024\/12\/\u9996\u987519202_03-300x138.jpg 300w, https:\/\/www.cosmepak.com\/wp-content\/uploads\/2024\/12\/\u9996\u987519202_03-1024x472.jpg 1024w, https:\/\/www.cosmepak.com\/wp-content\/uploads\/2024\/12\/\u9996\u987519202_03-768x354.jpg 768w, https:\/\/www.cosmepak.com\/wp-content\/uploads\/2024\/12\/\u9996\u987519202_03-1536x708.jpg 1536w, https:\/\/www.cosmepak.com\/wp-content\/uploads\/2024\/12\/\u9996\u987519202_03-600x277.jpg 600w\" sizes=\"(max-width: 1920px) 100vw, 1920px\" \/><\/p>\n<p><img loading=\"lazy\" decoding=\"async\" class=\"alignnone size-full wp-image-1348\" src=\"https:\/\/www.cosmepak.com\/wp-content\/uploads\/2024\/12\/\u9996\u987519202_04.jpg\" alt=\"\" width=\"1920\" height=\"694\" srcset=\"https:\/\/www.cosmepak.com\/wp-content\/uploads\/2024\/12\/\u9996\u987519202_04.jpg 1920w, https:\/\/www.cosmepak.com\/wp-content\/uploads\/2024\/12\/\u9996\u987519202_04-300x108.jpg 300w, https:\/\/www.cosmepak.com\/wp-content\/uploads\/2024\/12\/\u9996\u987519202_04-1024x370.jpg 1024w, https:\/\/www.cosmepak.com\/wp-content\/uploads\/2024\/12\/\u9996\u987519202_04-768x278.jpg 768w, https:\/\/www.cosmepak.com\/wp-content\/uploads\/2024\/12\/\u9996\u987519202_04-1536x555.jpg 1536w, https:\/\/www.cosmepak.com\/wp-content\/uploads\/2024\/12\/\u9996\u987519202_04-600x217.jpg 600w\" sizes=\"(max-width: 1920px) 100vw, 1920px\" \/><img loading=\"lazy\" decoding=\"async\" class=\"alignnone size-full wp-image-1350\" src=\"https:\/\/www.cosmepak.com\/wp-content\/uploads\/2024\/12\/\u9996\u987519202_05-1.jpg\" alt=\"\" width=\"1920\" height=\"970\" srcset=\"https:\/\/www.cosmepak.com\/wp-content\/uploads\/2024\/12\/\u9996\u987519202_05-1.jpg 1920w, https:\/\/www.cosmepak.com\/wp-content\/uploads\/2024\/12\/\u9996\u987519202_05-1-300x152.jpg 300w, https:\/\/www.cosmepak.com\/wp-content\/uploads\/2024\/12\/\u9996\u987519202_05-1-1024x517.jpg 1024w, https:\/\/www.cosmepak.com\/wp-content\/uploads\/2024\/12\/\u9996\u987519202_05-1-768x388.jpg 768w, https:\/\/www.cosmepak.com\/wp-content\/uploads\/2024\/12\/\u9996\u987519202_05-1-1536x776.jpg 1536w, https:\/\/www.cosmepak.com\/wp-content\/uploads\/2024\/12\/\u9996\u987519202_05-1-600x303.jpg 600w\" sizes=\"(max-width: 1920px) 100vw, 1920px\" \/><img loading=\"lazy\" decoding=\"async\" class=\"alignnone wp-image-1351\" src=\"https:\/\/www.cosmepak.com\/wp-content\/uploads\/2024\/12\/\u7269\u6d41\u8fd0\u8f93\u753b\u9762-2.jpg\" alt=\"\" width=\"1385\" height=\"1039\" srcset=\"https:\/\/www.cosmepak.com\/wp-content\/uploads\/2024\/12\/\u7269\u6d41\u8fd0\u8f93\u753b\u9762-2.jpg 800w, https:\/\/www.cosmepak.com\/wp-content\/uploads\/2024\/12\/\u7269\u6d41\u8fd0\u8f93\u753b\u9762-2-300x225.jpg 300w, https:\/\/www.cosmepak.com\/wp-content\/uploads\/2024\/12\/\u7269\u6d41\u8fd0\u8f93\u753b\u9762-2-768x576.jpg 768w, https:\/\/www.cosmepak.com\/wp-content\/uploads\/2024\/12\/\u7269\u6d41\u8fd0\u8f93\u753b\u9762-2-600x450.jpg 600w\" sizes=\"(max-width: 1385px) 100vw, 1385px\" \/><\/p>\n<table style=\"border-collapse: collapse; width: 100%;\">\n<tbody>\n<tr>\n<td style=\"width: 33.3333%; text-align: center;\"><strong>\u0130fade etmek<\/strong><\/td>\n<td style=\"width: 33.3333%; text-align: center;\"><strong>Hava y\u00fck\u00fc<\/strong><\/td>\n<td style=\"width: 33.3333%; text-align: center;\"><strong>Deniz ta\u015f\u0131mac\u0131l\u0131\u011f\u0131<\/strong><\/td>\n<\/tr>\n<tr>\n<td style=\"width: 33.3333%; text-align: center;\">Europ 4-6 g\u00fcn<\/p>\n<p>Kuzey Amerika 4-6 g\u00fcn<\/p>\n<p>G\u00fcney Do\u011fu Asya 3-5 g\u00fcn<\/p>\n<p>Orta Do\u011fu 4-6 g\u00fcn<\/p>\n<p>G\u00fcney Afrika 5-8 g\u00fcn<\/td>\n<td style=\"width: 33.3333%; text-align: center;\">Europ 4-6 g\u00fcn<\/p>\n<p>Kuzey Amerika 4-6 g\u00fcn<\/p>\n<p>G\u00fcney Do\u011fu Asya 3-5 g\u00fcn<\/p>\n<p>Orta Do\u011fu 4-6 g\u00fcn<\/p>\n<p>G\u00fcney Afrika 5-8 g\u00fcn<\/td>\n<td style=\"width: 33.3333%; text-align: center;\">Europ 25-35 g\u00fcn<\/p>\n<p>Kuzey Amerika 25-35 g\u00fcn<\/p>\n<p>G\u00fcney Do\u011fu Asya 25-35 g\u00fcn<\/p>\n<p>Orta Do\u011fu 25-35 g\u00fcn<\/p>\n<p>G\u00fcney Afrika 25-35 g\u00fcn<\/td>\n<\/tr>\n<\/tbody>\n<\/table>\n<p><span style=\"font-size: 14pt;\"><strong>SSS:<\/strong><\/span><\/p>\n<h3 id=\"why-should-you-buy-from-us-and-not-other-suppliers\" class=\"ai-center-markdown-h3\">Neden Bizden Sat\u0131n Almal\u0131s\u0131n\u0131z Di\u011fer Tedarik\u00e7ilerden De\u011fil?<\/h3>\n<ol class=\"ai-center-markdown-ol\" start=\"1\">\n<li class=\"ai-center-markdown-li\"><strong class=\"ai-center-markdown-strong\">3 Dakikada \u00d6zel Tasar\u0131m<\/strong>: \u0130htiya\u00e7lar\u0131n\u0131za uygun h\u0131zl\u0131 tasar\u0131m hizmetleri sunuyoruz.<\/li>\n<li class=\"ai-center-markdown-li\"><strong class=\"ai-center-markdown-strong\">24\/7 \u00c7evrimi\u00e7i Hizmet<\/strong>Ekibimiz size yard\u0131mc\u0131 olmak i\u00e7in 24 saat mevcuttur.<\/li>\n<li class=\"ai-center-markdown-li\"><strong class=\"ai-center-markdown-strong\">H\u0131zl\u0131 \u00d6rnek D\u00f6n\u00fc\u015f\u00fcm\u00fc<\/strong>: Stok \u00f6rnekleri 7 g\u00fcn i\u00e7inde ve \u00f6zel bas\u0131l\u0131 \u00f6rnekler 15 g\u00fcn i\u00e7inde haz\u0131rd\u0131r.<\/li>\n<li class=\"ai-center-markdown-li\"><strong class=\"ai-center-markdown-strong\">G\u00fcvenilir Kur\u015fun S\u00fcresi<\/strong>: Sipari\u015fleriniz i\u00e7in 35 g\u00fcnl\u00fck bir teslim s\u00fcresi sa\u011flar\u0131z.<\/li>\n<li class=\"ai-center-markdown-li\"><strong class=\"ai-center-markdown-strong\">End\u00fcstri Uzmanl\u0131\u011f\u0131<\/strong>: Kozmetik ambalajlarda 10 y\u0131ldan fazla deneyimle profesyonel \u00e7\u00f6z\u00fcmler sunuyoruz.<\/li>\n<li class=\"ai-center-markdown-li\"><strong class=\"ai-center-markdown-strong\">Fabrika Do\u011frudan Sat\u0131\u015f<\/strong>: Fabrikam\u0131zdan do\u011frudan en iyi fiyatlar\u0131n ve hizmetlerin tad\u0131n\u0131 \u00e7\u0131kar\u0131n.<\/li>\n<li class=\"ai-center-markdown-li\"><strong class=\"ai-center-markdown-strong\">Kapsaml\u0131 Ambalaj \u00c7\u00f6z\u00fcmleri<\/strong>: T\u00fcm kozmetik ambalaj ihtiya\u00e7lar\u0131n\u0131z i\u00e7in tek durakl\u0131 bir \u00e7\u00f6z\u00fcm sunuyoruz.<\/li>\n<\/ol>\n<h3 id=\"who-are-we\" class=\"ai-center-markdown-h3\">Biz Kimiz?<\/h3>\n<p class=\"ai-center-markdown-p\">2014 y\u0131l\u0131nda kurulan Zhejiang, \u00c7in merkezli bir \u015firketiz. Birincil pazar\u0131m\u0131z, Okyanusya (% 70), Ortado\u011fu (% 7), Do\u011fu Asya (% 2), Kuzey Amerika (% 2), Bat\u0131 Avrupa (% 2), G\u00fcneydo\u011fu Asya (% 2), G\u00fcney Asya (% 1), G\u00fcney Amerika (% 1), G\u00fcney Avrupa (% 1), Orta Amerika (% 1), Kuzey Avrupa (% 1), Afrika (% 1) ve Do\u011fu Avrupa (% 1) 'de ek sat\u0131\u015flarla yerli pazard\u0131r.<\/p>\n<h3 id=\"how-can-we-guarantee-quality\" class=\"ai-center-markdown-h3\">Kaliteyi nas\u0131l garanti edebiliriz?<\/h3>\n<ul class=\"ai-center-markdown-ul\">\n<li class=\"ai-center-markdown-li\"><strong class=\"ai-center-markdown-strong\">\u00dcretim \u00d6ncesi \u00d6rnek<\/strong>: Kaliteyi sa\u011flamak i\u00e7in her zaman seri \u00fcretimden \u00f6nce bir \u00f6rnek sunuyoruz.<\/li>\n<li class=\"ai-center-markdown-li\"><strong class=\"ai-center-markdown-strong\">Son Muayene<\/strong>: \u00dcr\u00fcn standartlar\u0131n\u0131 garanti etmek i\u00e7in g\u00f6nderimden \u00f6nce kapsaml\u0131 bir son muayene yap\u0131yoruz.<\/li>\n<\/ul>\n<h3 id=\"what-can-you-buy-from-us\" class=\"ai-center-markdown-h3\">Bizden ne sat\u0131n alabilirsiniz?<\/h3>\n<p class=\"ai-center-markdown-p\">\u00c7e\u015fitli kozmetik ambalaj malzemeleri sat\u0131n alabilirsiniz:<\/p>\n<ul class=\"ai-center-markdown-ul\">\n<li class=\"ai-center-markdown-li\"><strong class=\"ai-center-markdown-strong\">Cam \u015ei\u015feler<\/strong><\/li>\n<li class=\"ai-center-markdown-li\"><strong class=\"ai-center-markdown-strong\">Plastik \u015fi\u015feler \/ kavanozlar \/ t\u00fcpler<\/strong><\/li>\n<li class=\"ai-center-markdown-li\"><strong class=\"ai-center-markdown-strong\">Al\u00fcminyum \u015fi\u015feler \/ kavanozlar \/ t\u00fcpler<\/strong><\/li>\n<\/ul>\n<h3 id=\"what-services-can-we-provide\" class=\"ai-center-markdown-h3\">Hangi Hizmetleri Sunabiliriz?<\/h3>\n<ul class=\"ai-center-markdown-ul\">\n<li class=\"ai-center-markdown-li\"><strong class=\"ai-center-markdown-strong\">Kabul edilen Teslimat Ko\u015fullar\u0131<\/strong>FOB, CFR, CIF<\/li>\n<li class=\"ai-center-markdown-li\"><strong class=\"ai-center-markdown-strong\">Kabul edilen \u00f6deme para birimi<\/strong>ABD Dolar\u0131, EUR, HKD, CNY<\/li>\n<li class=\"ai-center-markdown-li\"><strong class=\"ai-center-markdown-strong\">Kabul edilen \u00d6deme T\u00fcrleri<\/strong>\u00dcr\u00fcnler: T \/ T, L \/ C, D \/ P, D \/ A<\/li>\n<li class=\"ai-center-markdown-li\"><strong class=\"ai-center-markdown-strong\">Konu\u015fulan Diller<\/strong>\u0130ngilizce, \u00c7ince<\/li>\n<\/ul>\n<p class=\"ai-center-markdown-p\">Kapsaml\u0131, y\u00fcksek kaliteli kozmetik ambalaj \u00e7\u00f6z\u00fcmlerimizle size hizmet vermeyi sab\u0131rs\u0131zlan\u0131yoruz!<\/p>","protected":false},"excerpt":{"rendered":"<p>\u015ei\u015fe Malzemesi: pe<\/p>\n<p>Kapak Malzemesi: pp<\/p>\n<p>Kapasite: 380ml<\/p>\n<p>Kapak: Flip Cap<\/p>\n<p>Renk: \u00d6zelle\u015ftirilmi\u015f (herhangi bir Pantone Rengi Avalable)<\/p>\n<p>Y\u00fczey Kaplama: Serip bask\u0131, buzlanma, s\u0131cak damgalama, sprey gradyan\u0131, mat kaplama vb.<\/p>\n<p>MOQ: 5000pcs;<\/p>\n<p>&nbsp;<\/p>","protected":false},"featured_media":2672,"comment_status":"open","ping_status":"closed","template":"","meta":{"_acf_changed":false},"product_brand":[],"product_cat":[47,18],"product_tag":[41],"class_list":{"0":"post-2671","1":"product","2":"type-product","3":"status-publish","4":"has-post-thumbnail","6":"product_cat-lotion-bottle","7":"product_cat-plastic-bottle","8":"product_tag-plastic-bottle","10":"first","11":"instock","12":"shipping-taxable","13":"product-type-simple"},"acf":[],"_links":{"self":[{"href":"https:\/\/www.cosmepak.com\/tr\/wp-json\/wp\/v2\/product\/2671","targetHints":{"allow":["GET"]}}],"collection":[{"href":"https:\/\/www.cosmepak.com\/tr\/wp-json\/wp\/v2\/product"}],"about":[{"href":"https:\/\/www.cosmepak.com\/tr\/wp-json\/wp\/v2\/types\/product"}],"replies":[{"embeddable":true,"href":"https:\/\/www.cosmepak.com\/tr\/wp-json\/wp\/v2\/comments?post=2671"}],"wp:featuredmedia":[{"embeddable":true,"href":"https:\/\/www.cosmepak.com\/tr\/wp-json\/wp\/v2\/media\/2672"}],"wp:attachment":[{"href":"https:\/\/www.cosmepak.com\/tr\/wp-json\/wp\/v2\/media?parent=2671"}],"wp:term":[{"taxonomy":"product_brand","embeddable":true,"href":"https:\/\/www.cosmepak.com\/tr\/wp-json\/wp\/v2\/product_brand?post=2671"},{"taxonomy":"product_cat","embeddable":true,"href":"https:\/\/www.cosmepak.com\/tr\/wp-json\/wp\/v2\/product_cat?post=2671"},{"taxonomy":"product_tag","embeddable":true,"href":"https:\/\/www.cosmepak.com\/tr\/wp-json\/wp\/v2\/product_tag?post=2671"}],"curies":[{"name":"wp","href":"https:\/\/api.w.org\/{rel}","templated":true}]}}