{"id":2683,"date":"2025-07-21T11:06:51","date_gmt":"2025-07-21T03:06:51","guid":{"rendered":"https:\/\/www.cosmepak.com\/?post_type=product&#038;p=2683"},"modified":"2025-08-06T08:17:24","modified_gmt":"2025-08-06T00:17:24","slug":"50ml-pp-flip-cap-plastic-cosmetic-bottle-jaunce-2-2-3-2","status":"publish","type":"product","link":"https:\/\/www.cosmepak.com\/tr\/product\/50ml-pp-flip-cap-plastic-cosmetic-bottle-jaunce-2-2-3-2\/","title":{"rendered":"Pompa 300ml \u015eampuan \u015ei\u015fesi \/ Jaunce ile \u00c7evre Dostu Plastik \u015ei\u015fe"},"content":{"rendered":"<table style=\"border-collapse: collapse; width: 100%; height: 168px;\">\n<tbody>\n<tr style=\"height: 24px;\">\n<td style=\"width: 33.3333%; height: 168px;\" rowspan=\"5\"><img fetchpriority=\"high\" decoding=\"async\" class=\"alignnone size-full wp-image-2685\" src=\"https:\/\/www.cosmepak.com\/wp-content\/uploads\/2025\/07\/298.jpg\" alt=\"\" width=\"1920\" height=\"1920\" srcset=\"https:\/\/www.cosmepak.com\/wp-content\/uploads\/2025\/07\/298.jpg 1920w, https:\/\/www.cosmepak.com\/wp-content\/uploads\/2025\/07\/298-300x300.jpg 300w, https:\/\/www.cosmepak.com\/wp-content\/uploads\/2025\/07\/298-1024x1024.jpg 1024w, https:\/\/www.cosmepak.com\/wp-content\/uploads\/2025\/07\/298-150x150.jpg 150w, https:\/\/www.cosmepak.com\/wp-content\/uploads\/2025\/07\/298-768x768.jpg 768w, https:\/\/www.cosmepak.com\/wp-content\/uploads\/2025\/07\/298-1536x1536.jpg 1536w, https:\/\/www.cosmepak.com\/wp-content\/uploads\/2025\/07\/298-12x12.jpg 12w, https:\/\/www.cosmepak.com\/wp-content\/uploads\/2025\/07\/298-600x600.jpg 600w, https:\/\/www.cosmepak.com\/wp-content\/uploads\/2025\/07\/298-100x100.jpg 100w\" sizes=\"(max-width: 1920px) 100vw, 1920px\" \/><\/td>\n<td style=\"width: 33.122%; height: 24px; text-align: center;\">Marka<\/td>\n<td style=\"width: 33.5446%; height: 24px; text-align: center;\">Fahi\u015fe<\/td>\n<\/tr>\n<tr style=\"height: 24px;\">\n<td style=\"width: 33.122%; height: 24px; text-align: center;\">Model<\/td>\n<td style=\"width: 33.5446%; height: 24px; text-align: center;\">JH-SK20240322 i\u00e7in<\/td>\n<\/tr>\n<tr style=\"height: 24px;\">\n<td style=\"width: 33.122%; height: 24px; text-align: center;\">Kapak<\/td>\n<td style=\"width: 33.5446%; height: 24px; text-align: center;\">300 ml'lik<\/td>\n<\/tr>\n<tr style=\"height: 24px;\">\n<td style=\"width: 33.122%; height: 24px; text-align: center;\">Renk<\/td>\n<td style=\"width: 33.5446%; height: 24px; text-align: center;\">\u00f6zelle\u015ftirilmi\u015f<\/td>\n<\/tr>\n<tr style=\"height: 24px;\">\n<td style=\"width: 33.122%; height: 24px; text-align: center;\">Malzeme<\/td>\n<td style=\"width: 33.5446%; height: 24px; text-align: center;\">HDPE'nin<\/td>\n<\/tr>\n<\/tbody>\n<\/table>\n<p>&nbsp;<\/p>\n<p><img decoding=\"async\" class=\"alignnone size-full wp-image-2687\" src=\"https:\/\/www.cosmepak.com\/wp-content\/uploads\/2025\/07\/299.jpg\" alt=\"\" width=\"1920\" height=\"1920\" srcset=\"https:\/\/www.cosmepak.com\/wp-content\/uploads\/2025\/07\/299.jpg 1920w, https:\/\/www.cosmepak.com\/wp-content\/uploads\/2025\/07\/299-300x300.jpg 300w, https:\/\/www.cosmepak.com\/wp-content\/uploads\/2025\/07\/299-1024x1024.jpg 1024w, https:\/\/www.cosmepak.com\/wp-content\/uploads\/2025\/07\/299-150x150.jpg 150w, https:\/\/www.cosmepak.com\/wp-content\/uploads\/2025\/07\/299-768x768.jpg 768w, https:\/\/www.cosmepak.com\/wp-content\/uploads\/2025\/07\/299-1536x1536.jpg 1536w, https:\/\/www.cosmepak.com\/wp-content\/uploads\/2025\/07\/299-12x12.jpg 12w, https:\/\/www.cosmepak.com\/wp-content\/uploads\/2025\/07\/299-600x600.jpg 600w, https:\/\/www.cosmepak.com\/wp-content\/uploads\/2025\/07\/299-100x100.jpg 100w\" sizes=\"(max-width: 1920px) 100vw, 1920px\" \/><\/p>\n<p><img decoding=\"async\" class=\"alignnone size-full wp-image-2688\" src=\"https:\/\/www.cosmepak.com\/wp-content\/uploads\/2025\/07\/301.jpg\" alt=\"\" width=\"1920\" height=\"1920\" srcset=\"https:\/\/www.cosmepak.com\/wp-content\/uploads\/2025\/07\/301.jpg 1920w, https:\/\/www.cosmepak.com\/wp-content\/uploads\/2025\/07\/301-300x300.jpg 300w, https:\/\/www.cosmepak.com\/wp-content\/uploads\/2025\/07\/301-1024x1024.jpg 1024w, https:\/\/www.cosmepak.com\/wp-content\/uploads\/2025\/07\/301-150x150.jpg 150w, https:\/\/www.cosmepak.com\/wp-content\/uploads\/2025\/07\/301-768x768.jpg 768w, https:\/\/www.cosmepak.com\/wp-content\/uploads\/2025\/07\/301-1536x1536.jpg 1536w, https:\/\/www.cosmepak.com\/wp-content\/uploads\/2025\/07\/301-12x12.jpg 12w, https:\/\/www.cosmepak.com\/wp-content\/uploads\/2025\/07\/301-600x600.jpg 600w, https:\/\/www.cosmepak.com\/wp-content\/uploads\/2025\/07\/301-100x100.jpg 100w\" sizes=\"(max-width: 1920px) 100vw, 1920px\" \/><\/p>\n<p><img loading=\"lazy\" decoding=\"async\" class=\"alignnone size-full wp-image-2689\" src=\"https:\/\/www.cosmepak.com\/wp-content\/uploads\/2025\/07\/302.jpg\" alt=\"\" width=\"1920\" height=\"1920\" srcset=\"https:\/\/www.cosmepak.com\/wp-content\/uploads\/2025\/07\/302.jpg 1920w, https:\/\/www.cosmepak.com\/wp-content\/uploads\/2025\/07\/302-300x300.jpg 300w, https:\/\/www.cosmepak.com\/wp-content\/uploads\/2025\/07\/302-1024x1024.jpg 1024w, https:\/\/www.cosmepak.com\/wp-content\/uploads\/2025\/07\/302-150x150.jpg 150w, https:\/\/www.cosmepak.com\/wp-content\/uploads\/2025\/07\/302-768x768.jpg 768w, https:\/\/www.cosmepak.com\/wp-content\/uploads\/2025\/07\/302-1536x1536.jpg 1536w, https:\/\/www.cosmepak.com\/wp-content\/uploads\/2025\/07\/302-12x12.jpg 12w, https:\/\/www.cosmepak.com\/wp-content\/uploads\/2025\/07\/302-600x600.jpg 600w, https:\/\/www.cosmepak.com\/wp-content\/uploads\/2025\/07\/302-100x100.jpg 100w\" sizes=\"(max-width: 1920px) 100vw, 1920px\" \/><\/p>\n<p><img loading=\"lazy\" decoding=\"async\" class=\"alignnone size-full wp-image-2690\" src=\"https:\/\/www.cosmepak.com\/wp-content\/uploads\/2025\/07\/303.png\" alt=\"\" width=\"648\" height=\"637\" srcset=\"https:\/\/www.cosmepak.com\/wp-content\/uploads\/2025\/07\/303.png 648w, https:\/\/www.cosmepak.com\/wp-content\/uploads\/2025\/07\/303-300x295.png 300w, https:\/\/www.cosmepak.com\/wp-content\/uploads\/2025\/07\/303-12x12.png 12w, https:\/\/www.cosmepak.com\/wp-content\/uploads\/2025\/07\/303-600x590.png 600w\" sizes=\"(max-width: 648px) 100vw, 648px\" \/><\/p>\n<p>G\u00fcnl\u00fck bak\u0131m ihtiya\u00e7lar\u0131n\u0131z i\u00e7in \u00e7ok y\u00f6nl\u00fc plastik \u015fi\u015feler<br \/>\nBug\u00fcn&#8217; H\u0131zl\u0131 tempolu d\u00fcnya, \u00f6zellikle ki\u015fisel bak\u0131m \u00fcr\u00fcnleri s\u00f6z konusu oldu\u011funda rahatl\u0131k ve verimlilik en \u00f6nemlidir. E\u011fer&#8217; Bir \u015fampuan \u015fi\u015fesi, bir losyon da\u011f\u0131t\u0131c\u0131 veya bir du\u015f jeli konteyner ar\u0131yoruz, \u00e7ok y\u00f6nl\u00fc plastik \u015fi\u015felerimiz t\u00fcm ihtiya\u00e7lar\u0131n\u0131z\u0131 kar\u015f\u0131lamak i\u00e7in tasarlanm\u0131\u015ft\u0131r. Hadi&#8217; 300ml a\u00e7\u0131k pembe \u015fampuan \u015fi\u015femizin ve 500ml pompa plastik \u015fi\u015felerimizin \u00f6zelliklerini ve faydalar\u0131n\u0131 ke\u015ffedin.<\/p>\n<p>300ml A\u00e7\u0131k Pembe \u015eampuan \u015ei\u015fesi<br \/>\n300ml a\u00e7\u0131k pembe \u015fampuan \u015fi\u015femiz hem i\u015flevselli\u011fi hem de esteti\u011fi takdir edenler i\u00e7in m\u00fckemmeldir. Yumu\u015fak pembe renk, banyonuza bir zariflik ekler ve g\u00fcnl\u00fck sa\u00e7 bak\u0131m rutininizi keyifli bir deneyim haline getirir.<\/p>\n<p>\u00d6zellikleri:<\/p>\n<p>Kapasite: 300ml, d\u00fczenli kullan\u0131m i\u00e7in ideal.<br \/>\nMalzeme: Y\u00fcksek kaliteli plastik, dayan\u0131kl\u0131l\u0131k ve g\u00fcvenli\u011fi sa\u011flar.<br \/>\nTasar\u0131m: \u015f\u0131k ve ergonomik, kullan\u0131m\u0131 ve kullan\u0131m\u0131 kolay.<br \/>\nRenk: A\u00e7\u0131k pembe, banyo dekorunuza \u015f\u0131k bir dokunu\u015f ekler.<br \/>\nKullan\u0131m: \u00c7e\u015fitli \u015fampuanlar ve sa\u00e7 kondisyonlar\u0131 i\u00e7in uygundur.<\/p>\n<p>\u00d6zellikleri:<\/p>\n<p>Kapasite: 500ml, en sevdi\u011finiz \u00fcr\u00fcnler i\u00e7in yeterli depolama sa\u011flar.<br \/>\nMalzeme: sa\u011flam plastik, k\u0131r\u0131lmaya ve a\u015f\u0131nmaya dayan\u0131kl\u0131.<br \/>\nPompa Mekanizmas\u0131: Kontrol\u00fc da\u011f\u0131t\u0131m sa\u011flayan kullan\u0131m\u0131 kolay pompa.<br \/>\n\u00c7ok y\u00f6nl\u00fcl\u00fck: Losyonlar, el y\u0131kamalar\u0131 ve du\u015f jelleri i\u00e7in uygundur.<br \/>\nTasar\u0131m: Tercihlerinize ve banyo dekorunuza uymak i\u00e7in birden fazla stilde mevcuttur.<br \/>\nPlastik \u015ei\u015felerimizi Kullanman\u0131n Faydalar\u0131<br \/>\nDayan\u0131kl\u0131l\u0131k: Y\u00fcksek kaliteli plastikten yap\u0131lan \u015fi\u015felerimiz, \u00fcr\u00fcnlerinizin g\u00fcvenli ve g\u00fcvenli bir \u015fekilde saklanmas\u0131n\u0131 sa\u011flayan s\u00fcrekli olarak tasarlanm\u0131\u015ft\u0131r.<\/p>\n<p>Kullan\u0131m Kolayl\u0131\u011f\u0131: Ergonomik tasar\u0131m ve pompa mekanizmas\u0131 \u00fcr\u00fcnlerinizin da\u011f\u0131t\u0131m\u0131n\u0131 kolayla\u015ft\u0131r\u0131r, zaman\u0131n\u0131zdan tasarruf eder ve at\u0131klar\u0131 azalt\u0131r.<\/p>\n<p>Estetik Temyiz: \u015eampuan \u015fi\u015fesinin a\u00e7\u0131k pembe rengi ve pompa \u015fi\u015felerinin \u015f\u0131k tasar\u0131mlar\u0131, genel deneyiminizi artt\u0131ran banyonuzun zarifli\u011fine bir dokunu\u015f ekler.<\/p>\n<p>\u00c7ok y\u00f6nl\u00fcl\u00fck: \u015eampuan, losyon, el y\u0131kama veya du\u015f jeli i\u00e7in bir \u015fi\u015feye ihtiyac\u0131n\u0131z olsun, plastik \u015fi\u015felerimiz t\u00fcm ihtiya\u00e7lar\u0131n\u0131z\u0131 kar\u015f\u0131lar ve onlar\u0131 ki\u015fisel bak\u0131m rutininize \u00e7ok y\u00f6nl\u00fc bir ekleme haline getirir.<\/p>\n<p>Sonu\u00e7<br \/>\nKi\u015fisel bak\u0131m \u00fcr\u00fcnleriniz i\u00e7in y\u00fcksek kaliteli plastik \u015fi\u015felere yat\u0131r\u0131m yapmak hem pratiklik hem de estetik cazibe sunan ak\u0131ll\u0131 bir se\u00e7imdir. 300ml a\u00e7\u0131k pembe \u015fampuan \u015fi\u015femiz ve losyon ve el y\u0131kama i\u00e7in 500ml pompa plastik \u015fi\u015felerimiz size rahatl\u0131k, dayan\u0131kl\u0131l\u0131k ve stil sa\u011flamak i\u00e7in tasarlanm\u0131\u015ft\u0131r. \u00c7ok y\u00f6nl\u00fc plastik \u015fi\u015felerimizle g\u00fcnl\u00fck bak\u0131m rutininizi y\u00fckseltin ve hayat\u0131n\u0131za getirdikleri faydalar\u0131n tad\u0131n\u0131 \u00e7\u0131kar\u0131n.<\/p>\n<table style=\"border-collapse: collapse; width: 100%;\">\n<tbody>\n<tr>\n<td style=\"width: 40.1818%;\"><\/td>\n<td style=\"width: 59.8182%;\"><\/td>\n<\/tr>\n<\/tbody>\n<\/table>\n<p><img loading=\"lazy\" decoding=\"async\" class=\"alignnone size-full wp-image-1347\" src=\"https:\/\/www.cosmepak.com\/wp-content\/uploads\/2024\/12\/\u9996\u987519202_03.jpg\" alt=\"fabrika g\u00f6sterisi\" width=\"1920\" height=\"885\" srcset=\"https:\/\/www.cosmepak.com\/wp-content\/uploads\/2024\/12\/\u9996\u987519202_03.jpg 1920w, https:\/\/www.cosmepak.com\/wp-content\/uploads\/2024\/12\/\u9996\u987519202_03-300x138.jpg 300w, https:\/\/www.cosmepak.com\/wp-content\/uploads\/2024\/12\/\u9996\u987519202_03-1024x472.jpg 1024w, https:\/\/www.cosmepak.com\/wp-content\/uploads\/2024\/12\/\u9996\u987519202_03-768x354.jpg 768w, https:\/\/www.cosmepak.com\/wp-content\/uploads\/2024\/12\/\u9996\u987519202_03-1536x708.jpg 1536w, https:\/\/www.cosmepak.com\/wp-content\/uploads\/2024\/12\/\u9996\u987519202_03-600x277.jpg 600w\" sizes=\"(max-width: 1920px) 100vw, 1920px\" \/><\/p>\n<p>\u00dcretim s\u00fcreci: \u00dcretimin her a\u015famas\u0131nda rastgele muayeneler kuraca\u011f\u0131z ve \u00fcr\u00fcn paketlenmeden ve depolanmadan \u00f6nce tam bir muayene s\u00fcreci olacakt\u0131r. Kalite sorunlar\u0131 olan t\u00fcm \u00fcr\u00fcnler, kusurlu \u00fcr\u00fcnlerin pazara girmesini \u00f6nlemek i\u00e7in yok edilir.<\/p>\n<p><img loading=\"lazy\" decoding=\"async\" class=\"alignnone size-full wp-image-1348\" src=\"https:\/\/www.cosmepak.com\/wp-content\/uploads\/2024\/12\/\u9996\u987519202_04.jpg\" alt=\"\" width=\"1920\" height=\"694\" srcset=\"https:\/\/www.cosmepak.com\/wp-content\/uploads\/2024\/12\/\u9996\u987519202_04.jpg 1920w, https:\/\/www.cosmepak.com\/wp-content\/uploads\/2024\/12\/\u9996\u987519202_04-300x108.jpg 300w, https:\/\/www.cosmepak.com\/wp-content\/uploads\/2024\/12\/\u9996\u987519202_04-1024x370.jpg 1024w, https:\/\/www.cosmepak.com\/wp-content\/uploads\/2024\/12\/\u9996\u987519202_04-768x278.jpg 768w, https:\/\/www.cosmepak.com\/wp-content\/uploads\/2024\/12\/\u9996\u987519202_04-1536x555.jpg 1536w, https:\/\/www.cosmepak.com\/wp-content\/uploads\/2024\/12\/\u9996\u987519202_04-600x217.jpg 600w\" sizes=\"(max-width: 1920px) 100vw, 1920px\" \/><img loading=\"lazy\" decoding=\"async\" class=\"alignnone size-full wp-image-1350\" src=\"https:\/\/www.cosmepak.com\/wp-content\/uploads\/2024\/12\/\u9996\u987519202_05-1.jpg\" alt=\"\" width=\"1920\" height=\"970\" srcset=\"https:\/\/www.cosmepak.com\/wp-content\/uploads\/2024\/12\/\u9996\u987519202_05-1.jpg 1920w, https:\/\/www.cosmepak.com\/wp-content\/uploads\/2024\/12\/\u9996\u987519202_05-1-300x152.jpg 300w, https:\/\/www.cosmepak.com\/wp-content\/uploads\/2024\/12\/\u9996\u987519202_05-1-1024x517.jpg 1024w, https:\/\/www.cosmepak.com\/wp-content\/uploads\/2024\/12\/\u9996\u987519202_05-1-768x388.jpg 768w, https:\/\/www.cosmepak.com\/wp-content\/uploads\/2024\/12\/\u9996\u987519202_05-1-1536x776.jpg 1536w, https:\/\/www.cosmepak.com\/wp-content\/uploads\/2024\/12\/\u9996\u987519202_05-1-600x303.jpg 600w\" sizes=\"(max-width: 1920px) 100vw, 1920px\" \/><img loading=\"lazy\" decoding=\"async\" class=\"alignnone wp-image-1351\" src=\"https:\/\/www.cosmepak.com\/wp-content\/uploads\/2024\/12\/\u7269\u6d41\u8fd0\u8f93\u753b\u9762-2.jpg\" alt=\"\" width=\"1385\" height=\"1039\" srcset=\"https:\/\/www.cosmepak.com\/wp-content\/uploads\/2024\/12\/\u7269\u6d41\u8fd0\u8f93\u753b\u9762-2.jpg 800w, https:\/\/www.cosmepak.com\/wp-content\/uploads\/2024\/12\/\u7269\u6d41\u8fd0\u8f93\u753b\u9762-2-300x225.jpg 300w, https:\/\/www.cosmepak.com\/wp-content\/uploads\/2024\/12\/\u7269\u6d41\u8fd0\u8f93\u753b\u9762-2-768x576.jpg 768w, https:\/\/www.cosmepak.com\/wp-content\/uploads\/2024\/12\/\u7269\u6d41\u8fd0\u8f93\u753b\u9762-2-600x450.jpg 600w\" sizes=\"(max-width: 1385px) 100vw, 1385px\" \/><\/p>\n<table style=\"border-collapse: collapse; width: 100%;\">\n<tbody>\n<tr>\n<td style=\"width: 33.3333%; text-align: center;\"><strong>\u0130fade etmek<\/strong><\/td>\n<td style=\"width: 33.3333%; text-align: center;\"><strong>Hava y\u00fck\u00fc<\/strong><\/td>\n<td style=\"width: 33.3333%; text-align: center;\"><strong>Deniz ta\u015f\u0131mac\u0131l\u0131\u011f\u0131<\/strong><\/td>\n<\/tr>\n<tr>\n<td style=\"width: 33.3333%; text-align: center;\">Europ 4-6 g\u00fcn<\/p>\n<p>Kuzey Amerika 4-6 g\u00fcn<\/p>\n<p>G\u00fcney Do\u011fu Asya 3-5 g\u00fcn<\/p>\n<p>Orta Do\u011fu 4-6 g\u00fcn<\/p>\n<p>G\u00fcney Afrika 5-8 g\u00fcn<\/td>\n<td style=\"width: 33.3333%; text-align: center;\">Europ 4-6 g\u00fcn<\/p>\n<p>Kuzey Amerika 4-6 g\u00fcn<\/p>\n<p>G\u00fcney Do\u011fu Asya 3-5 g\u00fcn<\/p>\n<p>Orta Do\u011fu 4-6 g\u00fcn<\/p>\n<p>G\u00fcney Afrika 5-8 g\u00fcn<\/td>\n<td style=\"width: 33.3333%; text-align: center;\">Europ 25-35 g\u00fcn<\/p>\n<p>Kuzey Amerika 25-35 g\u00fcn<\/p>\n<p>G\u00fcney Do\u011fu Asya 25-35 g\u00fcn<\/p>\n<p>Orta Do\u011fu 25-35 g\u00fcn<\/p>\n<p>G\u00fcney Afrika 25-35 g\u00fcn<\/td>\n<\/tr>\n<\/tbody>\n<\/table>\n<p><strong>SSS:<\/strong><\/p>\n<ol>\n<li>Neden Di\u011fer Tedarik\u00e7ilerden Bizi Se\u00e7in?<br \/>\n\u00d6zel Tasar\u0131mlar: \u00d6zel tasar\u0131mlar sadece 3 dakika i\u00e7inde teslim edilir.<br \/>\n24\/7 \u00c7evrimi\u00e7i Hizmet: 24 saat destek mevcuttur.<br \/>\nH\u0131zl\u0131 \u00d6rnekler: 7 g\u00fcn i\u00e7inde stok \u00f6rnekleri haz\u0131r; 15 g\u00fcn i\u00e7inde \u00f6zel bas\u0131l\u0131 \u00f6rnekler mevcuttur.<br \/>\nH\u0131zl\u0131 teslim s\u00fcresi: \u00dcretim teslim s\u00fcresi sadece 35 g\u00fcn.<br \/>\nDeneyimli \u00dcretici: Kozmetik ambalajlarda on y\u0131ldan fazla deneyim.<br \/>\nFabrika Do\u011frudan Fiyatland\u0131rma: En iyi de\u011fer ve hizmeti sa\u011flamak.<br \/>\nKapsaml\u0131 \u00c7\u00f6z\u00fcmler: T\u00fcm kozmetik ambalaj ihtiya\u00e7lar\u0131n\u0131z i\u00e7in tam \u00e7\u00f6z\u00fcmler.<\/p>\n<p>Biz Kimiz?<br \/>\nZhejiang, \u00c7in'de bulunan, 2014 y\u0131l\u0131ndan beri faaliyet g\u00f6steriyoruz. Pazar da\u011f\u0131t\u0131m\u0131m\u0131z \u015funlar\u0131 i\u00e7erir:<br \/>\n\u0130\u00e7 Pazar ()<br \/>\nOkyanusya (%8)<br \/>\nOrtado\u011fu (%7)<br \/>\nDo\u011fu Asya (%2)<br \/>\nKuzey Amerika (%2)<br \/>\nBat\u0131 Avrupa (%2)<br \/>\nG\u00fcneydo\u011fu Asya (%2)<br \/>\nG\u00fcney Asya (% 1)<br \/>\nG\u00fcney Amerika (% 1)<br \/>\nG\u00fcney Avrupa (%1)<br \/>\nOrta Amerika (% 1)<br \/>\nKuzey Avrupa (%1)<br \/>\nAfrika (% 1)<br \/>\nDo\u011fu Avrupa (%1)<\/p>\n<p>Kaliteyi Nas\u0131l Garantiliyoruz?<br \/>\nSeri \u00fcretimden \u00f6nce \u00fcretim \u00f6ncesi bir \u00f6rnek sa\u011flar\u0131z ve g\u00f6nderimden \u00f6nce son muayeneler yap\u0131yoruz.<\/p>\n<p>Bizden hangi \u00fcr\u00fcnler sat\u0131n alabilirsiniz?<br \/>\n\u00c7e\u015fitli kozmetik ambalaj malzemeleri sunuyoruz:<br \/>\nCam \u015fi\u015feler<br \/>\nPlastik \u015fi\u015feler \/ kavanozlar \/ borular<br \/>\nAl\u00fcminyum \u015fi\u015feler \/ kavanozlar \/ borular<br \/>\nHangi Hizmetleri Sunuyoruz?<br \/>\nKabul edilen Teslimat Ko\u015fullar\u0131: FOB, CFR, CIF<br \/>\nKabul edilen \u00f6deme para birimleri: USD, EUR, HKD, CNY<br \/>\nKabul edilen \u00d6deme Y\u00f6ntemleri: T \/ T, L \/ C, D \/ P D \/ A<br \/>\nKonu\u015fulan Diller: \u0130ngilizce ve \u00c7ince<\/li>\n<\/ol>","protected":false},"excerpt":{"rendered":"<p>https:\/\/www.cosmepak.com\/ja\/product\/\/<\/p>\n<p>Kapak Malzemesi: HDPE<\/p>\n<p>Kapasite: 300ML<\/p>\n<p>Kapak: Pompa<\/p>\n<p>Renk: \u00d6zelle\u015ftirilmi\u015f (herhangi bir Pantone Rengi Avalable)<\/p>\n<p>Y\u00fczey Kaplama: Serip bask\u0131, buzlanma, s\u0131cak damgalama, sprey gradyan\u0131, mat kaplama vb.<\/p>\n<p>MOQ: 5000pcs;<\/p>\n<p>&nbsp;<\/p>","protected":false},"featured_media":2684,"comment_status":"open","ping_status":"closed","template":"","meta":{"_acf_changed":false},"product_brand":[],"product_cat":[47,18],"product_tag":[41],"class_list":{"0":"post-2683","1":"product","2":"type-product","3":"status-publish","4":"has-post-thumbnail","6":"product_cat-lotion-bottle","7":"product_cat-plastic-bottle","8":"product_tag-plastic-bottle","10":"first","11":"instock","12":"shipping-taxable","13":"product-type-simple"},"acf":[],"_links":{"self":[{"href":"https:\/\/www.cosmepak.com\/tr\/wp-json\/wp\/v2\/product\/2683","targetHints":{"allow":["GET"]}}],"collection":[{"href":"https:\/\/www.cosmepak.com\/tr\/wp-json\/wp\/v2\/product"}],"about":[{"href":"https:\/\/www.cosmepak.com\/tr\/wp-json\/wp\/v2\/types\/product"}],"replies":[{"embeddable":true,"href":"https:\/\/www.cosmepak.com\/tr\/wp-json\/wp\/v2\/comments?post=2683"}],"wp:featuredmedia":[{"embeddable":true,"href":"https:\/\/www.cosmepak.com\/tr\/wp-json\/wp\/v2\/media\/2684"}],"wp:attachment":[{"href":"https:\/\/www.cosmepak.com\/tr\/wp-json\/wp\/v2\/media?parent=2683"}],"wp:term":[{"taxonomy":"product_brand","embeddable":true,"href":"https:\/\/www.cosmepak.com\/tr\/wp-json\/wp\/v2\/product_brand?post=2683"},{"taxonomy":"product_cat","embeddable":true,"href":"https:\/\/www.cosmepak.com\/tr\/wp-json\/wp\/v2\/product_cat?post=2683"},{"taxonomy":"product_tag","embeddable":true,"href":"https:\/\/www.cosmepak.com\/tr\/wp-json\/wp\/v2\/product_tag?post=2683"}],"curies":[{"name":"wp","href":"https:\/\/api.w.org\/{rel}","templated":true}]}}