{"id":2691,"date":"2025-07-22T09:59:50","date_gmt":"2025-07-22T01:59:50","guid":{"rendered":"https:\/\/www.cosmepak.com\/?post_type=product&#038;p=2691"},"modified":"2025-08-06T08:26:16","modified_gmt":"2025-08-06T00:26:16","slug":"petg-bottle-with-pump","status":"publish","type":"product","link":"https:\/\/www.cosmepak.com\/tr\/product\/petg-bottle-with-pump\/","title":{"rendered":"Losyon pompas\u0131 \/ Jaunce ile PETG \u015fi\u015fesi"},"content":{"rendered":"<table style=\"border-collapse: collapse; width: 100%; height: 168px;\">\n<tbody>\n<tr style=\"height: 24px;\">\n<td style=\"width: 33.3333%; height: 168px;\" rowspan=\"5\"><img fetchpriority=\"high\" decoding=\"async\" class=\"alignnone size-full wp-image-2693\" src=\"https:\/\/www.cosmepak.com\/wp-content\/uploads\/2025\/07\/307.jpg\" alt=\"\" width=\"1200\" height=\"1200\" srcset=\"https:\/\/www.cosmepak.com\/wp-content\/uploads\/2025\/07\/307.jpg 1200w, https:\/\/www.cosmepak.com\/wp-content\/uploads\/2025\/07\/307-300x300.jpg 300w, https:\/\/www.cosmepak.com\/wp-content\/uploads\/2025\/07\/307-1024x1024.jpg 1024w, https:\/\/www.cosmepak.com\/wp-content\/uploads\/2025\/07\/307-150x150.jpg 150w, https:\/\/www.cosmepak.com\/wp-content\/uploads\/2025\/07\/307-768x768.jpg 768w, https:\/\/www.cosmepak.com\/wp-content\/uploads\/2025\/07\/307-12x12.jpg 12w, https:\/\/www.cosmepak.com\/wp-content\/uploads\/2025\/07\/307-600x600.jpg 600w, https:\/\/www.cosmepak.com\/wp-content\/uploads\/2025\/07\/307-100x100.jpg 100w\" sizes=\"(max-width: 1200px) 100vw, 1200px\" \/><\/td>\n<td style=\"width: 33.122%; height: 24px; text-align: center;\">Marka<\/td>\n<td style=\"width: 33.5446%; height: 24px; text-align: center;\">Fahi\u015fe<\/td>\n<\/tr>\n<tr style=\"height: 24px;\">\n<td style=\"width: 33.122%; height: 24px; text-align: center;\">Model<\/td>\n<td style=\"width: 33.5446%; height: 24px; text-align: center;\">JH-SK24-28 i\u00e7in<\/td>\n<\/tr>\n<tr style=\"height: 24px;\">\n<td style=\"width: 33.122%; height: 24px; text-align: center;\">Kapak<\/td>\n<td style=\"width: 33.5446%; height: 24px; text-align: center;\">200 ml \/ 400 ml<\/td>\n<\/tr>\n<tr style=\"height: 24px;\">\n<td style=\"width: 33.122%; height: 24px; text-align: center;\">Renk<\/td>\n<td style=\"width: 33.5446%; height: 24px; text-align: center;\">\u00f6zelle\u015ftirilmi\u015f<\/td>\n<\/tr>\n<tr style=\"height: 24px;\">\n<td style=\"width: 33.122%; height: 24px; text-align: center;\">Malzeme<\/td>\n<td style=\"width: 33.5446%; height: 24px; text-align: center;\">PETG'nin<\/td>\n<\/tr>\n<\/tbody>\n<\/table>\n<p>&nbsp;<\/p>\n<p><img decoding=\"async\" class=\"alignnone size-full wp-image-2694\" src=\"https:\/\/www.cosmepak.com\/wp-content\/uploads\/2025\/07\/304.jpg\" alt=\"\" width=\"1200\" height=\"1200\" srcset=\"https:\/\/www.cosmepak.com\/wp-content\/uploads\/2025\/07\/304.jpg 1200w, https:\/\/www.cosmepak.com\/wp-content\/uploads\/2025\/07\/304-300x300.jpg 300w, https:\/\/www.cosmepak.com\/wp-content\/uploads\/2025\/07\/304-1024x1024.jpg 1024w, https:\/\/www.cosmepak.com\/wp-content\/uploads\/2025\/07\/304-150x150.jpg 150w, https:\/\/www.cosmepak.com\/wp-content\/uploads\/2025\/07\/304-768x768.jpg 768w, https:\/\/www.cosmepak.com\/wp-content\/uploads\/2025\/07\/304-12x12.jpg 12w, https:\/\/www.cosmepak.com\/wp-content\/uploads\/2025\/07\/304-600x600.jpg 600w, https:\/\/www.cosmepak.com\/wp-content\/uploads\/2025\/07\/304-100x100.jpg 100w\" sizes=\"(max-width: 1200px) 100vw, 1200px\" \/><\/p>\n<p><img decoding=\"async\" class=\"alignnone size-full wp-image-2695\" src=\"https:\/\/www.cosmepak.com\/wp-content\/uploads\/2025\/07\/305.jpg\" alt=\"\" width=\"1200\" height=\"1200\" srcset=\"https:\/\/www.cosmepak.com\/wp-content\/uploads\/2025\/07\/305.jpg 1200w, https:\/\/www.cosmepak.com\/wp-content\/uploads\/2025\/07\/305-300x300.jpg 300w, https:\/\/www.cosmepak.com\/wp-content\/uploads\/2025\/07\/305-1024x1024.jpg 1024w, https:\/\/www.cosmepak.com\/wp-content\/uploads\/2025\/07\/305-150x150.jpg 150w, https:\/\/www.cosmepak.com\/wp-content\/uploads\/2025\/07\/305-768x768.jpg 768w, https:\/\/www.cosmepak.com\/wp-content\/uploads\/2025\/07\/305-12x12.jpg 12w, https:\/\/www.cosmepak.com\/wp-content\/uploads\/2025\/07\/305-600x600.jpg 600w, https:\/\/www.cosmepak.com\/wp-content\/uploads\/2025\/07\/305-100x100.jpg 100w\" sizes=\"(max-width: 1200px) 100vw, 1200px\" \/><\/p>\n<p><img loading=\"lazy\" decoding=\"async\" class=\"alignnone size-full wp-image-2696\" src=\"https:\/\/www.cosmepak.com\/wp-content\/uploads\/2025\/07\/306.jpg\" alt=\"\" width=\"1200\" height=\"1200\" srcset=\"https:\/\/www.cosmepak.com\/wp-content\/uploads\/2025\/07\/306.jpg 1200w, https:\/\/www.cosmepak.com\/wp-content\/uploads\/2025\/07\/306-300x300.jpg 300w, https:\/\/www.cosmepak.com\/wp-content\/uploads\/2025\/07\/306-1024x1024.jpg 1024w, https:\/\/www.cosmepak.com\/wp-content\/uploads\/2025\/07\/306-150x150.jpg 150w, https:\/\/www.cosmepak.com\/wp-content\/uploads\/2025\/07\/306-768x768.jpg 768w, https:\/\/www.cosmepak.com\/wp-content\/uploads\/2025\/07\/306-12x12.jpg 12w, https:\/\/www.cosmepak.com\/wp-content\/uploads\/2025\/07\/306-600x600.jpg 600w, https:\/\/www.cosmepak.com\/wp-content\/uploads\/2025\/07\/306-100x100.jpg 100w\" sizes=\"(max-width: 1200px) 100vw, 1200px\" \/><\/p>\n<p>Ki\u015fisel Bak\u0131m \u00dcr\u00fcnleri i\u00e7in Yenilik\u00e7i PETG \u015ei\u015feleri<br \/>\nKi\u015fisel bak\u0131m \u00fcr\u00fcnlerinin rekabet\u00e7i d\u00fcnyas\u0131nda ambalaj, t\u00fcketicileri \u00e7ekmekte ve \u00fcr\u00fcn b\u00fct\u00fcnl\u00fc\u011f\u00fcn\u00fc sa\u011flamakta \u00f6nemli bir rol oynar. Bug\u00fcn, end\u00fcstride yeni standartlar belirleyen iki yenilik\u00e7i PETG \u015fi\u015fe tasar\u0131m\u0131n\u0131 ke\u015ffediyoruz: 200ml \u015eeffaf Mat PETG Du\u015f Jel \u015ei\u015fesi, 400ml Pompa \u015eampuan \u015ei\u015fesi<\/p>\n<p>200ml \u015eeffaf Mate PETG Du\u015f Jel \u015ei\u015fesi<br \/>\n200ml \u015eeffaf Mat PETG Du\u015f Jel \u015ei\u015fesi hem estetik \u00e7ekicilik hem de fonksiyonel faydalar sunmak i\u00e7in tasarlanm\u0131\u015ft\u0131r. Mat kaplama sofistike bir g\u00f6r\u00fcn\u00fcm sa\u011flar ve raflarda \u00f6ne \u00e7\u0131kar. \u015eeffafl\u0131k, t\u00fcketicilerin \u00fcr\u00fcn\u00fcn i\u00e7ini g\u00f6rmelerine izin verir ve bu da g\u00fcveni ve \u00e7ekicili\u011fini art\u0131rabilir. PETG malzemesi dayan\u0131kl\u0131l\u0131\u011f\u0131 ve darbeye dayan\u0131kl\u0131l\u0131\u011f\u0131 ile bilinir, bu da \u015fi\u015felerin s\u0131k s\u0131k kullan\u0131ld\u0131\u011f\u0131 banyo ortamlar\u0131 i\u00e7in ideal hale getirir.<\/p>\n<p>400ml Pompa \u015eampuan \u015ei\u015fesi<br \/>\nSonra, 400 ml Pompa \u015eampuan \u015ei\u015fesi var. Bu \u015fi\u015fe uygun bir pompa mekanizmas\u0131 ile donat\u0131lm\u0131\u015ft\u0131r, kullan\u0131c\u0131lar\u0131n herhangi bir s\u0131k\u0131nt\u0131 olmadan do\u011fru miktarda \u015fampuan da\u011f\u0131tmas\u0131n\u0131 kolayla\u015ft\u0131r\u0131r. Daha b\u00fcy\u00fck 400ml kapasitesi, kullan\u0131c\u0131lar\u0131n yeterli bir kayna\u011fa sahip olmas\u0131n\u0131 sa\u011flar ve geri sat\u0131n alma s\u0131kl\u0131\u011f\u0131n\u0131 azalt\u0131r. PETG malzemesi, nemli banyo ko\u015fullar\u0131nda bile \u015fi\u015fenin sa\u011flam ve k\u0131r\u0131lmaya dayan\u0131kl\u0131 kalmas\u0131n\u0131 sa\u011flar.<\/p>\n<p>Sonu\u00e7<br \/>\nSonu\u00e7ta, bu iki PETG \u015fi\u015fesi - 200ml \u015eeffaf Mat PETG Du\u015f Jel \u015ei\u015fesi, 400ml Pompa \u015eampuan \u015ei\u015fesi - ki\u015fisel bak\u0131m ambalaj\u0131nda yenilik \u00f6rne\u011fi. Benzersiz tasar\u0131mlar\u0131 ve fonksiyonel faydalar\u0131 t\u00fcketici ihtiya\u00e7lar\u0131n\u0131 ve tercihlerini kar\u015f\u0131lamak i\u00e7in \u00f6zelle\u015ftirilmi\u015ftir. PETG malzemesini se\u00e7erek \u00fcreticiler dayan\u0131kl\u0131l\u0131\u011f\u0131, estetik cazibe ve \u00fcr\u00fcn g\u00fcvenli\u011fini sa\u011flar ve bu \u015fi\u015feleri herhangi bir ki\u015fisel bak\u0131m \u00fcr\u00fcn hatt\u0131na de\u011ferli bir ekleme haline getirir.<\/p>\n<table style=\"border-collapse: collapse; width: 100%;\">\n<tbody>\n<tr>\n<td style=\"width: 40.1818%;\"><\/td>\n<td style=\"width: 59.8182%;\"><\/td>\n<\/tr>\n<\/tbody>\n<\/table>\n<p><img loading=\"lazy\" decoding=\"async\" class=\"alignnone size-full wp-image-1347\" src=\"https:\/\/www.cosmepak.com\/wp-content\/uploads\/2024\/12\/\u9996\u987519202_03.jpg\" alt=\"fabrika g\u00f6sterisi\" width=\"1920\" height=\"885\" srcset=\"https:\/\/www.cosmepak.com\/wp-content\/uploads\/2024\/12\/\u9996\u987519202_03.jpg 1920w, https:\/\/www.cosmepak.com\/wp-content\/uploads\/2024\/12\/\u9996\u987519202_03-300x138.jpg 300w, https:\/\/www.cosmepak.com\/wp-content\/uploads\/2024\/12\/\u9996\u987519202_03-1024x472.jpg 1024w, https:\/\/www.cosmepak.com\/wp-content\/uploads\/2024\/12\/\u9996\u987519202_03-768x354.jpg 768w, https:\/\/www.cosmepak.com\/wp-content\/uploads\/2024\/12\/\u9996\u987519202_03-1536x708.jpg 1536w, https:\/\/www.cosmepak.com\/wp-content\/uploads\/2024\/12\/\u9996\u987519202_03-600x277.jpg 600w\" sizes=\"(max-width: 1920px) 100vw, 1920px\" \/><\/p>\n<p><img loading=\"lazy\" decoding=\"async\" class=\"alignnone size-full wp-image-1348\" src=\"https:\/\/www.cosmepak.com\/wp-content\/uploads\/2024\/12\/\u9996\u987519202_04.jpg\" alt=\"\" width=\"1920\" height=\"694\" srcset=\"https:\/\/www.cosmepak.com\/wp-content\/uploads\/2024\/12\/\u9996\u987519202_04.jpg 1920w, https:\/\/www.cosmepak.com\/wp-content\/uploads\/2024\/12\/\u9996\u987519202_04-300x108.jpg 300w, https:\/\/www.cosmepak.com\/wp-content\/uploads\/2024\/12\/\u9996\u987519202_04-1024x370.jpg 1024w, https:\/\/www.cosmepak.com\/wp-content\/uploads\/2024\/12\/\u9996\u987519202_04-768x278.jpg 768w, https:\/\/www.cosmepak.com\/wp-content\/uploads\/2024\/12\/\u9996\u987519202_04-1536x555.jpg 1536w, https:\/\/www.cosmepak.com\/wp-content\/uploads\/2024\/12\/\u9996\u987519202_04-600x217.jpg 600w\" sizes=\"(max-width: 1920px) 100vw, 1920px\" \/><img loading=\"lazy\" decoding=\"async\" class=\"alignnone size-full wp-image-1350\" src=\"https:\/\/www.cosmepak.com\/wp-content\/uploads\/2024\/12\/\u9996\u987519202_05-1.jpg\" alt=\"\" width=\"1920\" height=\"970\" srcset=\"https:\/\/www.cosmepak.com\/wp-content\/uploads\/2024\/12\/\u9996\u987519202_05-1.jpg 1920w, https:\/\/www.cosmepak.com\/wp-content\/uploads\/2024\/12\/\u9996\u987519202_05-1-300x152.jpg 300w, https:\/\/www.cosmepak.com\/wp-content\/uploads\/2024\/12\/\u9996\u987519202_05-1-1024x517.jpg 1024w, https:\/\/www.cosmepak.com\/wp-content\/uploads\/2024\/12\/\u9996\u987519202_05-1-768x388.jpg 768w, https:\/\/www.cosmepak.com\/wp-content\/uploads\/2024\/12\/\u9996\u987519202_05-1-1536x776.jpg 1536w, https:\/\/www.cosmepak.com\/wp-content\/uploads\/2024\/12\/\u9996\u987519202_05-1-600x303.jpg 600w\" sizes=\"(max-width: 1920px) 100vw, 1920px\" \/><img loading=\"lazy\" decoding=\"async\" class=\"alignnone wp-image-1351\" src=\"https:\/\/www.cosmepak.com\/wp-content\/uploads\/2024\/12\/\u7269\u6d41\u8fd0\u8f93\u753b\u9762-2.jpg\" alt=\"\" width=\"1385\" height=\"1039\" srcset=\"https:\/\/www.cosmepak.com\/wp-content\/uploads\/2024\/12\/\u7269\u6d41\u8fd0\u8f93\u753b\u9762-2.jpg 800w, https:\/\/www.cosmepak.com\/wp-content\/uploads\/2024\/12\/\u7269\u6d41\u8fd0\u8f93\u753b\u9762-2-300x225.jpg 300w, https:\/\/www.cosmepak.com\/wp-content\/uploads\/2024\/12\/\u7269\u6d41\u8fd0\u8f93\u753b\u9762-2-768x576.jpg 768w, https:\/\/www.cosmepak.com\/wp-content\/uploads\/2024\/12\/\u7269\u6d41\u8fd0\u8f93\u753b\u9762-2-600x450.jpg 600w\" sizes=\"(max-width: 1385px) 100vw, 1385px\" \/><\/p>\n<table style=\"border-collapse: collapse; width: 100%;\">\n<tbody>\n<tr>\n<td style=\"width: 33.3333%; text-align: center;\"><strong>\u0130fade etmek<\/strong><\/td>\n<td style=\"width: 33.3333%; text-align: center;\"><strong>Hava y\u00fck\u00fc<\/strong><\/td>\n<td style=\"width: 33.3333%; text-align: center;\"><strong>Deniz ta\u015f\u0131mac\u0131l\u0131\u011f\u0131<\/strong><\/td>\n<\/tr>\n<tr>\n<td style=\"width: 33.3333%; text-align: center;\">Europ 4-6 g\u00fcn<\/p>\n<p>Kuzey Amerika 4-6 g\u00fcn<\/p>\n<p>G\u00fcney Do\u011fu Asya 3-5 g\u00fcn<\/p>\n<p>Orta Do\u011fu 4-6 g\u00fcn<\/p>\n<p>G\u00fcney Afrika 5-8 g\u00fcn<\/td>\n<td style=\"width: 33.3333%; text-align: center;\">Europ 4-6 g\u00fcn<\/p>\n<p>Kuzey Amerika 4-6 g\u00fcn<\/p>\n<p>G\u00fcney Do\u011fu Asya 3-5 g\u00fcn<\/p>\n<p>Orta Do\u011fu 4-6 g\u00fcn<\/p>\n<p>G\u00fcney Afrika 5-8 g\u00fcn<\/td>\n<td style=\"width: 33.3333%; text-align: center;\">Europ 25-35 g\u00fcn<\/p>\n<p>Kuzey Amerika 25-35 g\u00fcn<\/p>\n<p>G\u00fcney Do\u011fu Asya 25-35 g\u00fcn<\/p>\n<p>Orta Do\u011fu 25-35 g\u00fcn<\/p>\n<p>G\u00fcney Afrika 25-35 g\u00fcn<\/td>\n<\/tr>\n<\/tbody>\n<\/table>\n<p><span style=\"font-size: 14pt;\"><strong>SSS:<\/strong><\/span><\/p>\n<h3 id=\"why-choose-us-over-other-suppliers\" class=\"ai-center-markdown-h3\" data-spm-anchor-id=\"a2747.product_manager.0.i9.289071d2HpLvJq\">Neden Di\u011fer Tedarik\u00e7ilerden Bizi Se\u00e7in?<\/h3>\n<ol class=\"ai-center-markdown-ol\" start=\"1\">\n<li class=\"ai-center-markdown-li\"><strong class=\"ai-center-markdown-strong\">\u00d6zel Tasar\u0131mlar<\/strong>: \u00d6zel tasar\u0131mlar sadece 3 dakika i\u00e7inde teslim edildi.<\/li>\n<li class=\"ai-center-markdown-li\"><strong class=\"ai-center-markdown-strong\">24\/7 \u00c7evrimi\u00e7i Hizmet<\/strong>: 24 saat destek mevcuttur.<\/li>\n<li class=\"ai-center-markdown-li\"><strong class=\"ai-center-markdown-strong\">H\u0131zl\u0131 \u00d6rnekler<\/strong>: 7 g\u00fcn i\u00e7inde stok \u00f6rnekleri haz\u0131r; 15 g\u00fcn i\u00e7inde \u00f6zel bas\u0131l\u0131 \u00f6rnekler mevcuttur.<\/li>\n<li class=\"ai-center-markdown-li\"><strong class=\"ai-center-markdown-strong\">H\u0131zl\u0131 Kur\u015fun S\u00fcresi<\/strong>: \u00dcretim teslimat s\u00fcresi sadece 35 g\u00fcn.<\/li>\n<li class=\"ai-center-markdown-li\"><strong class=\"ai-center-markdown-strong\">Deneyimli \u00dcretici<\/strong>Kozmetik ambalajlarda on y\u0131ldan fazla deneyim.<\/li>\n<li class=\"ai-center-markdown-li\"><strong class=\"ai-center-markdown-strong\">Fabrika Do\u011frudan Fiyatland\u0131rma<\/strong>En iyi de\u011fer ve hizmeti sa\u011flamak.<\/li>\n<li class=\"ai-center-markdown-li\"><strong class=\"ai-center-markdown-strong\">Kapsaml\u0131 \u00c7\u00f6z\u00fcmler<\/strong>: T\u00fcm kozmetik ambalaj ihtiya\u00e7lar\u0131n\u0131z i\u00e7in tam \u00e7\u00f6z\u00fcmler.<\/li>\n<\/ol>\n<h3 id=\"who-are-we\" class=\"ai-center-markdown-h3\">Biz Kimiz?<\/h3>\n<p class=\"ai-center-markdown-p\">Zhejiang, \u00c7in'de bulunan, 2014 y\u0131l\u0131ndan beri faaliyet g\u00f6steriyoruz. Pazar da\u011f\u0131t\u0131m\u0131m\u0131z \u015funlar\u0131 i\u00e7erir:<\/p>\n<ul class=\"ai-center-markdown-ul\">\n<li class=\"ai-center-markdown-li\">\u0130\u00e7 Pazar ()<\/li>\n<li class=\"ai-center-markdown-li\">Okyanusya (%8)<\/li>\n<li class=\"ai-center-markdown-li\">Ortado\u011fu (%7)<\/li>\n<li class=\"ai-center-markdown-li\">Do\u011fu Asya (%2)<\/li>\n<li class=\"ai-center-markdown-li\">Kuzey Amerika (%2)<\/li>\n<li class=\"ai-center-markdown-li\">Bat\u0131 Avrupa (%2)<\/li>\n<li class=\"ai-center-markdown-li\">G\u00fcneydo\u011fu Asya (%2)<\/li>\n<li class=\"ai-center-markdown-li\">G\u00fcney Asya (% 1)<\/li>\n<li class=\"ai-center-markdown-li\">G\u00fcney Amerika (% 1)<\/li>\n<li class=\"ai-center-markdown-li\">G\u00fcney Avrupa (%1)<\/li>\n<li class=\"ai-center-markdown-li\">Orta Amerika (% 1)<\/li>\n<li class=\"ai-center-markdown-li\">Kuzey Avrupa (%1)<\/li>\n<li class=\"ai-center-markdown-li\">Afrika (% 1)<\/li>\n<li class=\"ai-center-markdown-li\">Do\u011fu Avrupa (%1)<\/li>\n<\/ul>\n<h3 id=\"how-do-we-guarantee-quality\" class=\"ai-center-markdown-h3\">Kaliteyi Nas\u0131l Garantiliyoruz?<\/h3>\n<p class=\"ai-center-markdown-p\">Seri \u00fcretimden \u00f6nce \u00fcretim \u00f6ncesi bir \u00f6rnek sa\u011flar\u0131z ve g\u00f6nderimden \u00f6nce son muayeneler yap\u0131yoruz.<\/p>\n<h3 id=\"what-products-can-you-purchase-from-us\" class=\"ai-center-markdown-h3\">Bizden hangi \u00fcr\u00fcnler sat\u0131n alabilirsiniz?<\/h3>\n<p class=\"ai-center-markdown-p\">\u00c7e\u015fitli kozmetik ambalaj malzemeleri sunuyoruz:<\/p>\n<ul class=\"ai-center-markdown-ul\">\n<li class=\"ai-center-markdown-li\">Cam \u015fi\u015feler<\/li>\n<li class=\"ai-center-markdown-li\">Plastik \u015fi\u015feler \/ kavanozlar \/ borular<\/li>\n<li class=\"ai-center-markdown-li\">Al\u00fcminyum \u015fi\u015feler \/ kavanozlar \/ borular<\/li>\n<\/ul>\n<h3 id=\"what-services-do-we-provide\" class=\"ai-center-markdown-h3\">Hangi Hizmetleri Sunuyoruz?<\/h3>\n<ul class=\"ai-center-markdown-ul\">\n<li class=\"ai-center-markdown-li\"><strong class=\"ai-center-markdown-strong\">Kabul edilen Teslimat Ko\u015fullar\u0131<\/strong>FOB, CFR, CIF<\/li>\n<li class=\"ai-center-markdown-li\"><strong class=\"ai-center-markdown-strong\">Kabul edilen \u00f6deme para birimleri<\/strong>ABD Dolar\u0131, EUR, HKD, CNY<\/li>\n<li class=\"ai-center-markdown-li\"><strong class=\"ai-center-markdown-strong\">Kabul edilen \u00d6deme Y\u00f6ntemleri<\/strong>\u00dcr\u00fcnler: T \/ T, L \/ C, D \/ P D \/ A<\/li>\n<li class=\"ai-center-markdown-li\"><strong class=\"ai-center-markdown-strong\">Konu\u015fulan Diller<\/strong>\u0130ngilizce ve \u00c7ince<\/li>\n<\/ul>\n<p>&nbsp;<\/p>","protected":false},"excerpt":{"rendered":"<p>\u015ei\u015fe Malzemesi: PETG<\/p>\n<p>Kapak Malzemesi: PP<\/p>\n<p>Kapasite: 200ML \/ 400ML<\/p>\n<p>Kapak: Pompa<\/p>\n<p>Renk: \u00d6zelle\u015ftirilmi\u015f (herhangi bir Pantone Rengi Avalable)<\/p>\n<p>Y\u00fczey Kaplama: Serip bask\u0131, buzlanma, s\u0131cak damgalama, sprey gradyan\u0131, mat kaplama vb.<\/p>\n<p>MOQ: 5000pcs;<\/p>\n<p>&nbsp;<\/p>","protected":false},"featured_media":2692,"comment_status":"open","ping_status":"closed","template":"","meta":{"_acf_changed":false},"product_brand":[],"product_cat":[47,18],"product_tag":[41],"class_list":{"0":"post-2691","1":"product","2":"type-product","3":"status-publish","4":"has-post-thumbnail","6":"product_cat-lotion-bottle","7":"product_cat-plastic-bottle","8":"product_tag-plastic-bottle","10":"first","11":"instock","12":"shipping-taxable","13":"product-type-simple"},"acf":[],"_links":{"self":[{"href":"https:\/\/www.cosmepak.com\/tr\/wp-json\/wp\/v2\/product\/2691","targetHints":{"allow":["GET"]}}],"collection":[{"href":"https:\/\/www.cosmepak.com\/tr\/wp-json\/wp\/v2\/product"}],"about":[{"href":"https:\/\/www.cosmepak.com\/tr\/wp-json\/wp\/v2\/types\/product"}],"replies":[{"embeddable":true,"href":"https:\/\/www.cosmepak.com\/tr\/wp-json\/wp\/v2\/comments?post=2691"}],"wp:featuredmedia":[{"embeddable":true,"href":"https:\/\/www.cosmepak.com\/tr\/wp-json\/wp\/v2\/media\/2692"}],"wp:attachment":[{"href":"https:\/\/www.cosmepak.com\/tr\/wp-json\/wp\/v2\/media?parent=2691"}],"wp:term":[{"taxonomy":"product_brand","embeddable":true,"href":"https:\/\/www.cosmepak.com\/tr\/wp-json\/wp\/v2\/product_brand?post=2691"},{"taxonomy":"product_cat","embeddable":true,"href":"https:\/\/www.cosmepak.com\/tr\/wp-json\/wp\/v2\/product_cat?post=2691"},{"taxonomy":"product_tag","embeddable":true,"href":"https:\/\/www.cosmepak.com\/tr\/wp-json\/wp\/v2\/product_tag?post=2691"}],"curies":[{"name":"wp","href":"https:\/\/api.w.org\/{rel}","templated":true}]}}