{"id":2945,"date":"2025-09-11T15:10:46","date_gmt":"2025-09-11T07:10:46","guid":{"rendered":"https:\/\/www.cosmepak.com\/?post_type=product&#038;p=2945"},"modified":"2025-12-31T15:20:41","modified_gmt":"2025-12-31T07:20:41","slug":"hot-selling-small-capacity-20ml-50ml-glass-bottle-with-dropper-jaunce","status":"publish","type":"product","link":"https:\/\/www.cosmepak.com\/tr\/product\/hot-selling-small-capacity-20ml-50ml-glass-bottle-with-dropper-jaunce\/","title":{"rendered":"Dropper \/ Jaunce ile S\u0131cak Sat\u0131\u015f K\u00fc\u00e7\u00fck Kapasiteli 20ml-50ml Cam \u015ei\u015fe"},"content":{"rendered":"<table style=\"border-collapse: collapse; width: 100%; height: 216px;\">\n<tbody>\n<tr style=\"height: 24px;\">\n<td style=\"width: 40.6929%; height: 216px;\" rowspan=\"9\"><img fetchpriority=\"high\" decoding=\"async\" class=\"alignnone size-full wp-image-3873\" src=\"https:\/\/www.cosmepak.com\/wp-content\/uploads\/2025\/09\/\u4e3b\u56fe-6.jpg\" alt=\"\" width=\"800\" height=\"800\" srcset=\"https:\/\/www.cosmepak.com\/wp-content\/uploads\/2025\/09\/\u4e3b\u56fe-6.jpg 800w, https:\/\/www.cosmepak.com\/wp-content\/uploads\/2025\/09\/\u4e3b\u56fe-6-300x300.jpg 300w, https:\/\/www.cosmepak.com\/wp-content\/uploads\/2025\/09\/\u4e3b\u56fe-6-150x150.jpg 150w, https:\/\/www.cosmepak.com\/wp-content\/uploads\/2025\/09\/\u4e3b\u56fe-6-768x768.jpg 768w, https:\/\/www.cosmepak.com\/wp-content\/uploads\/2025\/09\/\u4e3b\u56fe-6-12x12.jpg 12w, https:\/\/www.cosmepak.com\/wp-content\/uploads\/2025\/09\/\u4e3b\u56fe-6-600x600.jpg 600w, https:\/\/www.cosmepak.com\/wp-content\/uploads\/2025\/09\/\u4e3b\u56fe-6-100x100.jpg 100w\" sizes=\"(max-width: 800px) 100vw, 800px\" \/><\/td>\n<td style=\"width: 23.5109%; height: 24px; text-align: center;\">Marka<\/td>\n<td style=\"width: 35.7961%; height: 24px; text-align: center;\">\u00a0Fahi\u015fe<\/td>\n<\/tr>\n<tr style=\"height: 24px;\">\n<td style=\"width: 23.5109%; height: 24px; text-align: center;\">Kapasite<\/td>\n<td style=\"width: 35.7961%; height: 24px; text-align: center;\">20ml \/ 30ml \/ 40ml \/ 50ml<\/td>\n<\/tr>\n<tr style=\"height: 24px;\">\n<td style=\"width: 23.5109%; height: 24px; text-align: center;\">\u015eekil<\/td>\n<td style=\"width: 35.7961%; height: 24px; text-align: center;\">Yuvarlak<\/td>\n<\/tr>\n<tr style=\"height: 24px;\">\n<td style=\"width: 23.5109%; height: 24px; text-align: center;\">Malzeme<\/td>\n<td style=\"width: 35.7961%; height: 24px; text-align: center;\">Bardak<\/td>\n<\/tr>\n<tr style=\"height: 24px;\">\n<td style=\"width: 23.5109%; height: 24px; text-align: center;\">Model<\/td>\n<td style=\"width: 35.7961%; height: 24px; text-align: center;\">JH-YM20-50ml<\/td>\n<\/tr>\n<tr style=\"height: 24px;\">\n<td style=\"width: 23.5109%; height: 24px; text-align: center;\">OEM ve ODM<\/td>\n<td style=\"width: 35.7961%; height: 24px; text-align: center;\">Kabul etmek<\/td>\n<\/tr>\n<tr style=\"height: 24px;\">\n<td style=\"width: 23.5109%; height: 24px; text-align: center;\">Renk<\/td>\n<td style=\"width: 35.7961%; height: 24px; text-align: center;\">Herhangi bir parton rengi \u00f6zelle\u015ftirilmi\u015f<\/td>\n<\/tr>\n<tr style=\"height: 24px;\">\n<td style=\"width: 23.5109%; height: 24px; text-align: center;\">Kullan\u0131m<\/td>\n<td style=\"width: 35.7961%; height: 24px; text-align: center;\">Losyon \/ Temel \/ krem vb.<\/td>\n<\/tr>\n<tr style=\"height: 24px;\">\n<td style=\"width: 23.5109%; height: 24px; text-align: center;\">Moq<\/td>\n<td style=\"width: 35.7961%; height: 24px; text-align: center;\">10000 pcs<\/td>\n<\/tr>\n<\/tbody>\n<\/table>\n<table style=\"border-collapse: collapse; width: 100%; height: 158px;\">\n<tbody>\n<tr style=\"height: 24px;\">\n<td style=\"width: 10.6265%; text-align: center; height: 24px;\"><strong>Kapasite<\/strong><\/td>\n<td style=\"width: 8.48199%; text-align: center; height: 24px;\"><strong>Toplam y\u00fckseklik<\/strong><\/td>\n<td style=\"width: 8.31655%; text-align: center; height: 24px;\"><strong>Alt \u00e7ap<\/strong><\/td>\n<td style=\"width: 7.71175%; text-align: center;\"><strong>G\u00f6rsel Desi\u062c\u0631\u0627m \u0130metrpact Raf Varl\u0131\u011f\u0131 Nas\u0131l Yap\u0131l\u0131r?<\/strong><strong><br \/>\n<\/strong><\/td>\n<td style=\"width: 8.12208%; text-align: center;\"><b>Yazd\u0131r\u0131labilir y\u00fckseklik<\/b><\/td>\n<td style=\"width: 7.61803%; text-align: center; height: 24px;\"><b>A\u011f\u0131rl\u0131k<\/b><\/td>\n<\/tr>\n<tr style=\"height: 32px;\">\n<td style=\"width: 10.6265%; text-align: center; height: 32px;\">20ml<\/td>\n<td style=\"width: 8.48199%; text-align: center; height: 32px;\">77 mm<\/td>\n<td style=\"width: 8.31655%; text-align: center; height: 32px;\">44.5mm<\/td>\n<td style=\"width: 7.71175%; text-align: center;\">140 mm<\/td>\n<td style=\"width: 8.12208%; text-align: center;\">27 mm<\/td>\n<td style=\"width: 7.61803%; text-align: center; height: 32px;\">99.3g<\/td>\n<\/tr>\n<tr style=\"height: 34px;\">\n<td style=\"width: 10.6265%; text-align: center; height: 34px;\">30ml<\/td>\n<td style=\"width: 8.48199%; text-align: center; height: 34px;\">88mm<\/td>\n<td style=\"width: 8.31655%; text-align: center; height: 34px;\">46 mm<\/td>\n<td style=\"width: 7.71175%; text-align: center;\">144.5mm<\/td>\n<td style=\"width: 8.12208%; text-align: center;\">37 mm<\/td>\n<td style=\"width: 7.61803%; text-align: center; height: 34px;\">111.9g<\/td>\n<\/tr>\n<tr style=\"height: 34px;\">\n<td style=\"width: 10.6265%; text-align: center; height: 34px;\">40ml<\/td>\n<td style=\"width: 8.48199%; text-align: center; height: 34px;\">94 mm<\/td>\n<td style=\"width: 8.31655%; text-align: center; height: 34px;\">48mm'lik<\/td>\n<td style=\"width: 7.71175%; text-align: center;\">151mm<\/td>\n<td style=\"width: 8.12208%; text-align: center;\">44mm'lik<\/td>\n<td style=\"width: 7.61803%; text-align: center; height: 34px;\">142.3g<\/td>\n<\/tr>\n<tr style=\"height: 24px;\">\n<td style=\"width: 10.6265%; text-align: center; height: 34px;\">50ml<\/td>\n<td style=\"width: 8.48199%; text-align: center; height: 34px;\">101mm<\/td>\n<td style=\"width: 8.31655%; text-align: center; height: 34px;\">52mm<\/td>\n<td style=\"width: 7.71175%; text-align: center;\">162mm<\/td>\n<td style=\"width: 8.12208%; text-align: center;\">48mm'lik<\/td>\n<td style=\"width: 7.61803%; text-align: center; height: 34px;\">167.2g<\/td>\n<\/tr>\n<\/tbody>\n<\/table>\n<p>Bu 20 ml, 30 ml, 40 ml ve 50 ml cam \u015fi\u015felerden olu\u015fan set, kozmetik, ila\u00e7 ve esansiyel ya\u011f end\u00fcstrileri de dahil olmak \u00fczere \u00e7e\u015fitli end\u00fcstriler i\u00e7in uygun \u00e7ok y\u00f6nl\u00fc bir esansiyel \u00fcr\u00fcnd\u00fcr.<\/p>\n<p>Esansik ya\u011flar ve serumlar gibi kesin dozlar gerektiren uygulamalar i\u00e7in son derece uygundur. Hassas bir damlay\u0131c\u0131 ile donat\u0131lm\u0131\u015f, s\u0131v\u0131lar\u0131n hassas da\u011f\u0131t\u0131m\u0131n\u0131 sa\u011flar.<\/p>\n<p>Sa\u011flam somun ve damla cihaz\u0131 s\u0131z\u0131nt\u0131 ve a\u015fmay\u0131 etkili bir \u015fekilde \u00f6nleyebilir. Seyahat veya g\u00fcnl\u00fck kullan\u0131m i\u00e7in son derece uygundur ve karma\u015f\u0131k bir duruma neden olmak i\u00e7in endi\u015felenmeye gerek yoktur.<\/p>\n<p>Cam malzemeler \u00e7evre dostudur ve birka\u00e7 kez yeniden kullan\u0131labilir. Bu, plastik at\u0131klar\u0131 azaltmaya ve s\u00fcrd\u00fcr\u00fclebilir kalk\u0131nmay\u0131 te\u015fvik etmeye yard\u0131mc\u0131 olur.<\/p>\n<p>Bu \u00fcr\u00fcn\u00fcn bu kadar pop\u00fcler olmas\u0131n\u0131n nedeni, y\u00fcksek bir talebe sahip olmas\u0131 ve \u00e7ok say\u0131da olumlu yorum almas\u0131d\u0131r. Bir\u00e7ok \u00fclkede yayg\u0131n olarak pop\u00fcler ve yayg\u0131n pazar tan\u0131nmas\u0131n\u0131 kazand\u0131. \u015ei\u015felerimizin her biri end\u00fcstri standartlar\u0131n\u0131 kar\u015f\u0131lamak i\u00e7in s\u0131k\u0131 kalite testlerinden ge\u00e7ti.<\/p>\n<p>Y\u00fcksek \u015feffafl\u0131k ile \u015feffaf cam malzemesi. Di\u015fli \u015fi\u015fe a\u011f\u0131z\u0131 doldurmak i\u00e7in uygundur. \u015ei\u015fenin kal\u0131nla\u015fm\u0131\u015f taban\u0131 k\u0131r\u0131lmaya e\u011filimli de\u011fildir. Beyaz mum ah\u015fap halka damlay\u0131c\u0131s\u0131 ile birle\u015ftirilmi\u015f, b\u00fct\u00fcn uyum i\u00e7indedir.<\/p>\n<p>Bu \u00fcr\u00fcn serigrafi, alt\u0131n damgalama, kum p\u00fcsk\u00fcrtme, elektrokaplama, etiketleme, 3D bask\u0131, buz \u00e7atlak desenleri vb. gibi \u00e7e\u015fitli \u00f6zelle\u015ftirme se\u00e7enekleri sunar.<\/p>\n<table style=\"border-collapse: collapse; width: 100%;\">\n<tbody>\n<tr>\n<td style=\"width: 33.3333%;\"><img decoding=\"async\" class=\"alignnone size-full wp-image-3874\" src=\"https:\/\/www.cosmepak.com\/wp-content\/uploads\/2025\/09\/31-1.jpg\" alt=\"\" width=\"1000\" height=\"1000\" srcset=\"https:\/\/www.cosmepak.com\/wp-content\/uploads\/2025\/09\/31-1.jpg 1000w, https:\/\/www.cosmepak.com\/wp-content\/uploads\/2025\/09\/31-1-300x300.jpg 300w, https:\/\/www.cosmepak.com\/wp-content\/uploads\/2025\/09\/31-1-150x150.jpg 150w, https:\/\/www.cosmepak.com\/wp-content\/uploads\/2025\/09\/31-1-768x768.jpg 768w, https:\/\/www.cosmepak.com\/wp-content\/uploads\/2025\/09\/31-1-12x12.jpg 12w, https:\/\/www.cosmepak.com\/wp-content\/uploads\/2025\/09\/31-1-600x600.jpg 600w, https:\/\/www.cosmepak.com\/wp-content\/uploads\/2025\/09\/31-1-100x100.jpg 100w\" sizes=\"(max-width: 1000px) 100vw, 1000px\" \/><\/td>\n<td style=\"width: 33.3333%;\"><img decoding=\"async\" class=\"alignnone size-full wp-image-3875\" src=\"https:\/\/www.cosmepak.com\/wp-content\/uploads\/2025\/09\/61.jpg\" alt=\"\" width=\"1000\" height=\"1000\" srcset=\"https:\/\/www.cosmepak.com\/wp-content\/uploads\/2025\/09\/61.jpg 1000w, https:\/\/www.cosmepak.com\/wp-content\/uploads\/2025\/09\/61-300x300.jpg 300w, https:\/\/www.cosmepak.com\/wp-content\/uploads\/2025\/09\/61-150x150.jpg 150w, https:\/\/www.cosmepak.com\/wp-content\/uploads\/2025\/09\/61-768x768.jpg 768w, https:\/\/www.cosmepak.com\/wp-content\/uploads\/2025\/09\/61-12x12.jpg 12w, https:\/\/www.cosmepak.com\/wp-content\/uploads\/2025\/09\/61-600x600.jpg 600w, https:\/\/www.cosmepak.com\/wp-content\/uploads\/2025\/09\/61-100x100.jpg 100w\" sizes=\"(max-width: 1000px) 100vw, 1000px\" \/><\/td>\n<td style=\"width: 33.3333%;\"><img loading=\"lazy\" decoding=\"async\" class=\"alignnone size-full wp-image-3876\" src=\"https:\/\/www.cosmepak.com\/wp-content\/uploads\/2025\/09\/71-1.jpg\" alt=\"\" width=\"1000\" height=\"1000\" srcset=\"https:\/\/www.cosmepak.com\/wp-content\/uploads\/2025\/09\/71-1.jpg 1000w, https:\/\/www.cosmepak.com\/wp-content\/uploads\/2025\/09\/71-1-300x300.jpg 300w, https:\/\/www.cosmepak.com\/wp-content\/uploads\/2025\/09\/71-1-150x150.jpg 150w, https:\/\/www.cosmepak.com\/wp-content\/uploads\/2025\/09\/71-1-768x768.jpg 768w, https:\/\/www.cosmepak.com\/wp-content\/uploads\/2025\/09\/71-1-12x12.jpg 12w, https:\/\/www.cosmepak.com\/wp-content\/uploads\/2025\/09\/71-1-600x600.jpg 600w, https:\/\/www.cosmepak.com\/wp-content\/uploads\/2025\/09\/71-1-100x100.jpg 100w\" sizes=\"(max-width: 1000px) 100vw, 1000px\" \/><\/td>\n<\/tr>\n<\/tbody>\n<\/table>\n<table style=\"border-collapse: collapse; width: 100%;\">\n<tbody>\n<tr>\n<td style=\"width: 50%;\"><img loading=\"lazy\" decoding=\"async\" class=\"alignnone size-full wp-image-3877\" src=\"https:\/\/www.cosmepak.com\/wp-content\/uploads\/2025\/09\/11-1.jpg\" alt=\"\" width=\"1000\" height=\"1000\" srcset=\"https:\/\/www.cosmepak.com\/wp-content\/uploads\/2025\/09\/11-1.jpg 1000w, https:\/\/www.cosmepak.com\/wp-content\/uploads\/2025\/09\/11-1-300x300.jpg 300w, https:\/\/www.cosmepak.com\/wp-content\/uploads\/2025\/09\/11-1-150x150.jpg 150w, https:\/\/www.cosmepak.com\/wp-content\/uploads\/2025\/09\/11-1-768x768.jpg 768w, https:\/\/www.cosmepak.com\/wp-content\/uploads\/2025\/09\/11-1-12x12.jpg 12w, https:\/\/www.cosmepak.com\/wp-content\/uploads\/2025\/09\/11-1-600x600.jpg 600w, https:\/\/www.cosmepak.com\/wp-content\/uploads\/2025\/09\/11-1-100x100.jpg 100w\" sizes=\"(max-width: 1000px) 100vw, 1000px\" \/><\/td>\n<td style=\"width: 50%;\"><img loading=\"lazy\" decoding=\"async\" class=\"alignnone size-full wp-image-3878\" src=\"https:\/\/www.cosmepak.com\/wp-content\/uploads\/2025\/09\/51-1.jpg\" alt=\"\" width=\"1000\" height=\"1000\" srcset=\"https:\/\/www.cosmepak.com\/wp-content\/uploads\/2025\/09\/51-1.jpg 1000w, https:\/\/www.cosmepak.com\/wp-content\/uploads\/2025\/09\/51-1-300x300.jpg 300w, https:\/\/www.cosmepak.com\/wp-content\/uploads\/2025\/09\/51-1-150x150.jpg 150w, https:\/\/www.cosmepak.com\/wp-content\/uploads\/2025\/09\/51-1-768x768.jpg 768w, https:\/\/www.cosmepak.com\/wp-content\/uploads\/2025\/09\/51-1-12x12.jpg 12w, https:\/\/www.cosmepak.com\/wp-content\/uploads\/2025\/09\/51-1-600x600.jpg 600w, https:\/\/www.cosmepak.com\/wp-content\/uploads\/2025\/09\/51-1-100x100.jpg 100w\" sizes=\"(max-width: 1000px) 100vw, 1000px\" \/><\/td>\n<\/tr>\n<\/tbody>\n<\/table>","protected":false},"excerpt":{"rendered":"<p>Malzeme: Cam<\/p>\n<p>Kapasite: 30ml\/50ml<\/p>\n<p>Renk: \u00d6zelle\u015ftirilmi\u015f Kabul (Mevcut Pantone Rengi)<\/p>\n<p>Y\u00fczey Kaplama: Serip Bask\u0131, S\u0131cak Damgalama, P\u00fcsk\u00fcrtme Gradyan, Mat Kaplama, vb.<\/p>\n<p>MOQ: 1000pcs \/ \u00f6zelle\u015ftirilmi\u015f 10000pcs<\/p>\n<p>\u00d6rnek: \u00dccretsiz \u00f6rnekler mevcut<\/p>\n<p>&nbsp;<\/p>\n<p>&nbsp;<\/p>","protected":false},"featured_media":3879,"comment_status":"closed","ping_status":"closed","template":"","meta":{"_acf_changed":false},"product_brand":[],"product_cat":[15,58,19],"product_tag":[40],"class_list":{"0":"post-2945","1":"product","2":"type-product","3":"status-publish","4":"has-post-thumbnail","6":"product_cat-essential-oil-bottle","7":"product_cat-glass-essential-oil-bottle","8":"product_cat-skincare-glass-bottle","9":"product_tag-essential-oil-bottle","11":"first","12":"instock","13":"shipping-taxable","14":"product-type-simple"},"acf":[],"_links":{"self":[{"href":"https:\/\/www.cosmepak.com\/tr\/wp-json\/wp\/v2\/product\/2945","targetHints":{"allow":["GET"]}}],"collection":[{"href":"https:\/\/www.cosmepak.com\/tr\/wp-json\/wp\/v2\/product"}],"about":[{"href":"https:\/\/www.cosmepak.com\/tr\/wp-json\/wp\/v2\/types\/product"}],"replies":[{"embeddable":true,"href":"https:\/\/www.cosmepak.com\/tr\/wp-json\/wp\/v2\/comments?post=2945"}],"wp:featuredmedia":[{"embeddable":true,"href":"https:\/\/www.cosmepak.com\/tr\/wp-json\/wp\/v2\/media\/3879"}],"wp:attachment":[{"href":"https:\/\/www.cosmepak.com\/tr\/wp-json\/wp\/v2\/media?parent=2945"}],"wp:term":[{"taxonomy":"product_brand","embeddable":true,"href":"https:\/\/www.cosmepak.com\/tr\/wp-json\/wp\/v2\/product_brand?post=2945"},{"taxonomy":"product_cat","embeddable":true,"href":"https:\/\/www.cosmepak.com\/tr\/wp-json\/wp\/v2\/product_cat?post=2945"},{"taxonomy":"product_tag","embeddable":true,"href":"https:\/\/www.cosmepak.com\/tr\/wp-json\/wp\/v2\/product_tag?post=2945"}],"curies":[{"name":"wp","href":"https:\/\/api.w.org\/{rel}","templated":true}]}}