{"id":2949,"date":"2025-09-11T17:08:08","date_gmt":"2025-09-11T09:08:08","guid":{"rendered":"https:\/\/www.cosmepak.com\/?post_type=product&#038;p=2949"},"modified":"2025-12-26T17:00:26","modified_gmt":"2025-12-26T09:00:26","slug":"30ml-rotating-pressing-lotion-bottle","status":"publish","type":"product","link":"https:\/\/www.cosmepak.com\/tr\/product\/30ml-rotating-pressing-lotion-bottle\/","title":{"rendered":"30ml D\u00f6ner Presleme Losyon \u015ei\u015fesi"},"content":{"rendered":"<table style=\"border-collapse: collapse; width: 100%; height: 216px;\">\n<tbody>\n<tr style=\"height: 24px;\">\n<td style=\"width: 40.6929%; height: 216px;\" rowspan=\"9\"><img fetchpriority=\"high\" decoding=\"async\" class=\"alignnone size-full wp-image-3789\" src=\"https:\/\/www.cosmepak.com\/wp-content\/uploads\/2025\/09\/O1CN01RM9Qcx1TbFKp1SNxl_2506382400-0-cib.jpg\" alt=\"\" width=\"1000\" height=\"1000\" srcset=\"https:\/\/www.cosmepak.com\/wp-content\/uploads\/2025\/09\/O1CN01RM9Qcx1TbFKp1SNxl_2506382400-0-cib.jpg 1000w, https:\/\/www.cosmepak.com\/wp-content\/uploads\/2025\/09\/O1CN01RM9Qcx1TbFKp1SNxl_2506382400-0-cib-300x300.jpg 300w, https:\/\/www.cosmepak.com\/wp-content\/uploads\/2025\/09\/O1CN01RM9Qcx1TbFKp1SNxl_2506382400-0-cib-150x150.jpg 150w, https:\/\/www.cosmepak.com\/wp-content\/uploads\/2025\/09\/O1CN01RM9Qcx1TbFKp1SNxl_2506382400-0-cib-768x768.jpg 768w, https:\/\/www.cosmepak.com\/wp-content\/uploads\/2025\/09\/O1CN01RM9Qcx1TbFKp1SNxl_2506382400-0-cib-12x12.jpg 12w, https:\/\/www.cosmepak.com\/wp-content\/uploads\/2025\/09\/O1CN01RM9Qcx1TbFKp1SNxl_2506382400-0-cib-600x600.jpg 600w, https:\/\/www.cosmepak.com\/wp-content\/uploads\/2025\/09\/O1CN01RM9Qcx1TbFKp1SNxl_2506382400-0-cib-100x100.jpg 100w\" sizes=\"(max-width: 1000px) 100vw, 1000px\" \/><\/td>\n<td style=\"width: 23.5109%; height: 24px; text-align: center;\">Marka<\/td>\n<td style=\"width: 35.7961%; height: 24px; text-align: center;\">\u00a0Fahi\u015fe<\/td>\n<\/tr>\n<tr style=\"height: 24px;\">\n<td style=\"width: 23.5109%; height: 24px; text-align: center;\">Kapasite<\/td>\n<td style=\"width: 35.7961%; height: 24px; text-align: center;\">30ml<\/td>\n<\/tr>\n<tr style=\"height: 24px;\">\n<td style=\"width: 23.5109%; height: 24px; text-align: center;\">\u015eekil<\/td>\n<td style=\"width: 35.7961%; height: 24px; text-align: center;\">Yuvarlak<\/td>\n<\/tr>\n<tr style=\"height: 24px;\">\n<td style=\"width: 23.5109%; height: 24px; text-align: center;\">Malzeme<\/td>\n<td style=\"width: 35.7961%; height: 24px; text-align: center;\">Bardak<\/td>\n<\/tr>\n<tr style=\"height: 24px;\">\n<td style=\"width: 23.5109%; height: 24px; text-align: center;\">Model<\/td>\n<td style=\"width: 35.7961%; height: 24px; text-align: center;\">JH-YM-30ML i\u00e7in<\/td>\n<\/tr>\n<tr style=\"height: 24px;\">\n<td style=\"width: 23.5109%; height: 24px; text-align: center;\">OEM ve ODM<\/td>\n<td style=\"width: 35.7961%; height: 24px; text-align: center;\">Kabul etmek<\/td>\n<\/tr>\n<tr style=\"height: 24px;\">\n<td style=\"width: 23.5109%; height: 24px; text-align: center;\">Renk<\/td>\n<td style=\"width: 35.7961%; height: 24px; text-align: center;\">Herhangi bir parton rengi \u00f6zelle\u015ftirilmi\u015f<\/td>\n<\/tr>\n<tr style=\"height: 24px;\">\n<td style=\"width: 23.5109%; height: 24px; text-align: center;\">Kullan\u0131m<\/td>\n<td style=\"width: 35.7961%; height: 24px; text-align: center;\">Losyon \/ Temel \/ krem vb.<\/td>\n<\/tr>\n<tr style=\"height: 24px;\">\n<td style=\"width: 23.5109%; height: 24px; text-align: center;\">Moq<\/td>\n<td style=\"width: 35.7961%; height: 24px; text-align: center;\">10000 pcs<\/td>\n<\/tr>\n<\/tbody>\n<\/table>\n<table style=\"border-collapse: collapse; width: 100%; height: 192px;\">\n<tbody>\n<tr style=\"height: 24px;\">\n<td style=\"width: 12.7434%; text-align: center; height: 24px;\"><strong>Kapasite<\/strong><\/td>\n<td style=\"width: 12.5142%; text-align: center; height: 24px;\"><strong>Toplam y\u00fckseklik<\/strong><\/td>\n<td style=\"width: 12.5002%; text-align: center; height: 24px;\"><strong>Alt \u00e7ap<\/strong><\/td>\n<td style=\"width: 13.1192%; text-align: center; height: 24px;\"><b>Omuz y\u00fcksekli\u011fi<\/b><\/td>\n<\/tr>\n<tr style=\"height: 24px;\">\n<td style=\"width: 12.7434%; text-align: center; height: 24px;\">30ml<\/td>\n<td style=\"width: 12.5142%; text-align: center; height: 24px;\">\u2014\u062c\u0631\u0627\u0645rab yeni sometrethbusatag isteyen al\u0131c\u0131lar. Bu dokunu\u015flar g\u00fczelli\u011fi artt\u0131r\u0131r. Ayr\u0131ca al\u0131c\u0131lar\u0131n ki\u015fisel deneyimler i\u00e7in isteklerini de kar\u015f\u0131lamaktad\u0131r.<\/td>\n<td style=\"width: 12.5002%; text-align: center; height: 24px;\">46 mm<\/td>\n<td style=\"width: 13.1192%; text-align: center; height: 24px;\">42mm<\/td>\n<\/tr>\n<\/tbody>\n<\/table>\n<p class=\"ai-center-markdown-p\">Bu 30ml cam \u015fi\u015fe g\u00fczellik \u00fcr\u00fcnlerinizin ambalaj\u0131n\u0131 geli\u015ftirmek i\u00e7in kullan\u0131labilir &#8211; tasar\u0131m\u0131 pratik, zarif ve \u00e7ok i\u015flevlidir, temel, y\u00fcz serumlar\u0131 ve nemlendirici losyonlar gibi kozmetikler i\u00e7in uygundur.<\/p>\n<p>Bu \u015fi\u015fe \u015feffaf camdan yap\u0131lm\u0131\u015ft\u0131r (\u00fcr\u00fcn\u00fcn rengini g\u00f6stermek i\u00e7in m\u00fckemmeldir) ve m\u00fckemmel siyah ve alt\u0131n renkli metal bile\u015fenlerle tamamlan\u0131r (\u015fi\u015fe kapa\u011f\u0131 ve dekoratif unsurlar). Cam malzemesi dayan\u0131kl\u0131l\u0131\u011f\u0131n\u0131 sa\u011flar ve y\u00fcksek kaliteli ve l\u00fcks bir g\u00f6r\u00fcn\u00fcm sa\u011flarken, metal dekorasyonlar, premium g\u00fczellik markas\u0131n\u0131n felsefesine uyumlu bir l\u00fcks dokunu\u015fu ekler.<\/p>\n<p>Silindirik \u015feffaf g\u00f6vde, \u00f6zel \u015fekilli bir saman \u015feklinde pompa kafas\u0131 ile e\u015fle\u015ftirilir. Bu pompan\u0131n d\u00f6nen pompa kafas\u0131 var. Kapa\u011f\u0131n kenar\u0131 d\u00fc\u015ft\u00fc\u011f\u00fcnde, a\u00e7\u0131k pozisyonda; Yukar\u0131 d\u00f6nd\u00fc\u011f\u00fcnde ve ask\u0131ya al\u0131nd\u0131\u011f\u0131nda, kilitli konumdad\u0131r. Alt\u0131n omuz kapa\u011f\u0131 \u015fi\u015feye m\u00fckemmel bir \u015fekilde uyuyor ve sorunsuz ve entegre bir b\u00fct\u00fcn olu\u015fturuyor.<\/p>\n<p>30ml kapasitesi tam olarak do\u011frudur ve losyonlarda, \u00f6zlerinde, temel s\u0131v\u0131lar\u0131nda vb. yayg\u0131n olarak kullan\u0131l\u0131r. Bu \u015fi\u015fe modeli renk \u00f6zelle\u015ftirme hizmeti sunar. \u015eeffaf veya kat\u0131 renkte yap\u0131labilir. \u0130htiya\u00e7lar\u0131n\u0131za g\u00f6re \u00f6rnek yapma hizmeti sa\u011flayabiliriz.<\/p>\n<p>\u0130ki renk se\u00e7ene\u011fi mevcuttur &#8211; Siyah ve alt\u0131n. Bu \u015fi\u015fe ayr\u0131ca \u00e7e\u015fitli aksesuarlarla e\u015fle\u015ftirilebilir. M\u00fckemmel s\u0131zd\u0131rmazl\u0131k performans\u0131 s\u0131v\u0131n\u0131n daha iyi korunmas\u0131n\u0131 sa\u011flar&#8217; S faaliyeti.<\/p>\n<table style=\"border-collapse: collapse; width: 100%; height: 24px;\">\n<tbody>\n<tr style=\"height: 24px;\">\n<td style=\"width: 33.3333%; height: 24px;\"><img decoding=\"async\" class=\"alignnone size-full wp-image-3793\" src=\"https:\/\/www.cosmepak.com\/wp-content\/uploads\/2025\/09\/O1CN01Z7wB2L1TbFKujOYcs_2506382400-0-cib1.jpg\" alt=\"\" width=\"1000\" height=\"1000\" srcset=\"https:\/\/www.cosmepak.com\/wp-content\/uploads\/2025\/09\/O1CN01Z7wB2L1TbFKujOYcs_2506382400-0-cib1.jpg 1000w, https:\/\/www.cosmepak.com\/wp-content\/uploads\/2025\/09\/O1CN01Z7wB2L1TbFKujOYcs_2506382400-0-cib1-300x300.jpg 300w, https:\/\/www.cosmepak.com\/wp-content\/uploads\/2025\/09\/O1CN01Z7wB2L1TbFKujOYcs_2506382400-0-cib1-150x150.jpg 150w, https:\/\/www.cosmepak.com\/wp-content\/uploads\/2025\/09\/O1CN01Z7wB2L1TbFKujOYcs_2506382400-0-cib1-768x768.jpg 768w, https:\/\/www.cosmepak.com\/wp-content\/uploads\/2025\/09\/O1CN01Z7wB2L1TbFKujOYcs_2506382400-0-cib1-12x12.jpg 12w, https:\/\/www.cosmepak.com\/wp-content\/uploads\/2025\/09\/O1CN01Z7wB2L1TbFKujOYcs_2506382400-0-cib1-600x600.jpg 600w, https:\/\/www.cosmepak.com\/wp-content\/uploads\/2025\/09\/O1CN01Z7wB2L1TbFKujOYcs_2506382400-0-cib1-100x100.jpg 100w\" sizes=\"(max-width: 1000px) 100vw, 1000px\" \/><\/td>\n<td style=\"width: 33.3333%; height: 24px;\"><img decoding=\"async\" class=\"alignnone size-full wp-image-3791\" src=\"https:\/\/www.cosmepak.com\/wp-content\/uploads\/2025\/09\/O1CN01zcTLTi1TbFKlZBDZG_2506382400-0-cib1.jpg\" alt=\"\" width=\"1000\" height=\"1000\" srcset=\"https:\/\/www.cosmepak.com\/wp-content\/uploads\/2025\/09\/O1CN01zcTLTi1TbFKlZBDZG_2506382400-0-cib1.jpg 1000w, https:\/\/www.cosmepak.com\/wp-content\/uploads\/2025\/09\/O1CN01zcTLTi1TbFKlZBDZG_2506382400-0-cib1-300x300.jpg 300w, https:\/\/www.cosmepak.com\/wp-content\/uploads\/2025\/09\/O1CN01zcTLTi1TbFKlZBDZG_2506382400-0-cib1-150x150.jpg 150w, https:\/\/www.cosmepak.com\/wp-content\/uploads\/2025\/09\/O1CN01zcTLTi1TbFKlZBDZG_2506382400-0-cib1-768x768.jpg 768w, https:\/\/www.cosmepak.com\/wp-content\/uploads\/2025\/09\/O1CN01zcTLTi1TbFKlZBDZG_2506382400-0-cib1-12x12.jpg 12w, https:\/\/www.cosmepak.com\/wp-content\/uploads\/2025\/09\/O1CN01zcTLTi1TbFKlZBDZG_2506382400-0-cib1-600x600.jpg 600w, https:\/\/www.cosmepak.com\/wp-content\/uploads\/2025\/09\/O1CN01zcTLTi1TbFKlZBDZG_2506382400-0-cib1-100x100.jpg 100w\" sizes=\"(max-width: 1000px) 100vw, 1000px\" \/><\/td>\n<td style=\"width: 33.3333%; height: 24px;\"><img loading=\"lazy\" decoding=\"async\" class=\"alignnone size-full wp-image-3792\" src=\"https:\/\/www.cosmepak.com\/wp-content\/uploads\/2025\/09\/O1CN01ZTotVP1TbFKlTHrpE_2506382400-0-cib1.jpg\" alt=\"\" width=\"1000\" height=\"1000\" srcset=\"https:\/\/www.cosmepak.com\/wp-content\/uploads\/2025\/09\/O1CN01ZTotVP1TbFKlTHrpE_2506382400-0-cib1.jpg 1000w, https:\/\/www.cosmepak.com\/wp-content\/uploads\/2025\/09\/O1CN01ZTotVP1TbFKlTHrpE_2506382400-0-cib1-300x300.jpg 300w, https:\/\/www.cosmepak.com\/wp-content\/uploads\/2025\/09\/O1CN01ZTotVP1TbFKlTHrpE_2506382400-0-cib1-150x150.jpg 150w, https:\/\/www.cosmepak.com\/wp-content\/uploads\/2025\/09\/O1CN01ZTotVP1TbFKlTHrpE_2506382400-0-cib1-768x768.jpg 768w, https:\/\/www.cosmepak.com\/wp-content\/uploads\/2025\/09\/O1CN01ZTotVP1TbFKlTHrpE_2506382400-0-cib1-12x12.jpg 12w, https:\/\/www.cosmepak.com\/wp-content\/uploads\/2025\/09\/O1CN01ZTotVP1TbFKlTHrpE_2506382400-0-cib1-600x600.jpg 600w, https:\/\/www.cosmepak.com\/wp-content\/uploads\/2025\/09\/O1CN01ZTotVP1TbFKlTHrpE_2506382400-0-cib1-100x100.jpg 100w\" sizes=\"(max-width: 1000px) 100vw, 1000px\" \/><\/td>\n<\/tr>\n<\/tbody>\n<\/table>\n<table style=\"border-collapse: collapse; width: 100%;\">\n<tbody>\n<tr>\n<td style=\"width: 50%;\"><img loading=\"lazy\" decoding=\"async\" class=\"alignnone size-full wp-image-3794\" src=\"https:\/\/www.cosmepak.com\/wp-content\/uploads\/2025\/09\/21.jpg\" alt=\"\" width=\"1000\" height=\"1000\" srcset=\"https:\/\/www.cosmepak.com\/wp-content\/uploads\/2025\/09\/21.jpg 1000w, https:\/\/www.cosmepak.com\/wp-content\/uploads\/2025\/09\/21-300x300.jpg 300w, https:\/\/www.cosmepak.com\/wp-content\/uploads\/2025\/09\/21-150x150.jpg 150w, https:\/\/www.cosmepak.com\/wp-content\/uploads\/2025\/09\/21-768x768.jpg 768w, https:\/\/www.cosmepak.com\/wp-content\/uploads\/2025\/09\/21-12x12.jpg 12w, https:\/\/www.cosmepak.com\/wp-content\/uploads\/2025\/09\/21-600x600.jpg 600w, https:\/\/www.cosmepak.com\/wp-content\/uploads\/2025\/09\/21-100x100.jpg 100w\" sizes=\"(max-width: 1000px) 100vw, 1000px\" \/><\/td>\n<td style=\"width: 50%;\"><img loading=\"lazy\" decoding=\"async\" class=\"alignnone size-full wp-image-3795\" src=\"https:\/\/www.cosmepak.com\/wp-content\/uploads\/2025\/09\/51.jpg\" alt=\"\" width=\"1000\" height=\"1000\" srcset=\"https:\/\/www.cosmepak.com\/wp-content\/uploads\/2025\/09\/51.jpg 1000w, https:\/\/www.cosmepak.com\/wp-content\/uploads\/2025\/09\/51-300x300.jpg 300w, https:\/\/www.cosmepak.com\/wp-content\/uploads\/2025\/09\/51-150x150.jpg 150w, https:\/\/www.cosmepak.com\/wp-content\/uploads\/2025\/09\/51-768x768.jpg 768w, https:\/\/www.cosmepak.com\/wp-content\/uploads\/2025\/09\/51-12x12.jpg 12w, https:\/\/www.cosmepak.com\/wp-content\/uploads\/2025\/09\/51-600x600.jpg 600w, https:\/\/www.cosmepak.com\/wp-content\/uploads\/2025\/09\/51-100x100.jpg 100w\" sizes=\"(max-width: 1000px) 100vw, 1000px\" \/><\/td>\n<\/tr>\n<\/tbody>\n<\/table>\n<p>&nbsp;<\/p>","protected":false},"excerpt":{"rendered":"<p>Malzeme: Cam<\/p>\n<p>Kapasite: 30ml\/50ml<\/p>\n<p>Renk: \u00d6zelle\u015ftirilmi\u015f Kabul (Mevcut Pantone Rengi)<\/p>\n<p>Y\u00fczey Kaplama: Serip Bask\u0131, S\u0131cak Damgalama, P\u00fcsk\u00fcrtme Gradyan, Mat Kaplama, vb.<\/p>\n<p>MOQ: 1000pcs \/ \u00f6zelle\u015ftirilmi\u015f 10000pcs<\/p>\n<p>\u00d6rnek: \u00dccretsiz \u00f6rnekler mevcut<\/p>\n<p>&nbsp;<\/p>\n<p>&nbsp;<\/p>","protected":false},"featured_media":3796,"comment_status":"closed","ping_status":"closed","template":"","meta":{"_acf_changed":false},"product_brand":[],"product_cat":[19],"product_tag":[40],"class_list":{"0":"post-2949","1":"product","2":"type-product","3":"status-publish","4":"has-post-thumbnail","6":"product_cat-skincare-glass-bottle","7":"product_tag-essential-oil-bottle","9":"first","10":"instock","11":"shipping-taxable","12":"product-type-simple"},"acf":[],"_links":{"self":[{"href":"https:\/\/www.cosmepak.com\/tr\/wp-json\/wp\/v2\/product\/2949","targetHints":{"allow":["GET"]}}],"collection":[{"href":"https:\/\/www.cosmepak.com\/tr\/wp-json\/wp\/v2\/product"}],"about":[{"href":"https:\/\/www.cosmepak.com\/tr\/wp-json\/wp\/v2\/types\/product"}],"replies":[{"embeddable":true,"href":"https:\/\/www.cosmepak.com\/tr\/wp-json\/wp\/v2\/comments?post=2949"}],"wp:featuredmedia":[{"embeddable":true,"href":"https:\/\/www.cosmepak.com\/tr\/wp-json\/wp\/v2\/media\/3796"}],"wp:attachment":[{"href":"https:\/\/www.cosmepak.com\/tr\/wp-json\/wp\/v2\/media?parent=2949"}],"wp:term":[{"taxonomy":"product_brand","embeddable":true,"href":"https:\/\/www.cosmepak.com\/tr\/wp-json\/wp\/v2\/product_brand?post=2949"},{"taxonomy":"product_cat","embeddable":true,"href":"https:\/\/www.cosmepak.com\/tr\/wp-json\/wp\/v2\/product_cat?post=2949"},{"taxonomy":"product_tag","embeddable":true,"href":"https:\/\/www.cosmepak.com\/tr\/wp-json\/wp\/v2\/product_tag?post=2949"}],"curies":[{"name":"wp","href":"https:\/\/api.w.org\/{rel}","templated":true}]}}