{"id":2958,"date":"2025-09-15T09:40:19","date_gmt":"2025-09-15T01:40:19","guid":{"rendered":"https:\/\/www.cosmepak.com\/?post_type=product&#038;p=2958"},"modified":"2026-01-04T13:32:32","modified_gmt":"2026-01-04T05:32:32","slug":"30ml-irregular-shaped-cute-foundation-liquid-glass-jaunce","status":"publish","type":"product","link":"https:\/\/www.cosmepak.com\/tr\/product\/30ml-irregular-shaped-cute-foundation-liquid-glass-jaunce\/","title":{"rendered":"30ml D\u00fczensiz \u015eekilli Sevimli Temel S\u0131v\u0131 Cam \/ Jaunce"},"content":{"rendered":"<table style=\"border-collapse: collapse; width: 100%; height: 216px;\">\n<tbody>\n<tr style=\"height: 24px;\">\n<td style=\"width: 40.6929%; height: 216px;\" rowspan=\"9\"><img fetchpriority=\"high\" decoding=\"async\" class=\"alignnone size-full wp-image-2960\" src=\"https:\/\/www.cosmepak.com\/wp-content\/uploads\/2025\/09\/334.jpg\" alt=\"\" width=\"800\" height=\"800\" srcset=\"https:\/\/www.cosmepak.com\/wp-content\/uploads\/2025\/09\/334.jpg 800w, https:\/\/www.cosmepak.com\/wp-content\/uploads\/2025\/09\/334-300x300.jpg 300w, https:\/\/www.cosmepak.com\/wp-content\/uploads\/2025\/09\/334-150x150.jpg 150w, https:\/\/www.cosmepak.com\/wp-content\/uploads\/2025\/09\/334-768x768.jpg 768w, https:\/\/www.cosmepak.com\/wp-content\/uploads\/2025\/09\/334-12x12.jpg 12w, https:\/\/www.cosmepak.com\/wp-content\/uploads\/2025\/09\/334-600x600.jpg 600w, https:\/\/www.cosmepak.com\/wp-content\/uploads\/2025\/09\/334-100x100.jpg 100w\" sizes=\"(max-width: 800px) 100vw, 800px\" \/><\/td>\n<td style=\"width: 23.5109%; height: 24px; text-align: center;\">Marka<\/td>\n<td style=\"width: 35.7961%; height: 24px; text-align: center;\">\u00a0Fahi\u015fe<\/td>\n<\/tr>\n<tr style=\"height: 24px;\">\n<td style=\"width: 23.5109%; height: 24px; text-align: center;\">Kapasite<\/td>\n<td style=\"width: 35.7961%; height: 24px; text-align: center;\">30ml<\/td>\n<\/tr>\n<tr style=\"height: 24px;\">\n<td style=\"width: 23.5109%; height: 24px; text-align: center;\">\u015eekil<\/td>\n<td style=\"width: 35.7961%; height: 24px; text-align: center;\">d\u00fczensiz \u015fekilli<\/td>\n<\/tr>\n<tr style=\"height: 24px;\">\n<td style=\"width: 23.5109%; height: 24px; text-align: center;\">Malzeme<\/td>\n<td style=\"width: 35.7961%; height: 24px; text-align: center;\">Bardak<\/td>\n<\/tr>\n<tr style=\"height: 24px;\">\n<td style=\"width: 23.5109%; height: 24px; text-align: center;\">Model<\/td>\n<td style=\"width: 35.7961%; height: 24px; text-align: center;\">JH-DY005-S315-D-30ML i\u00e7in<\/td>\n<\/tr>\n<tr style=\"height: 24px;\">\n<td style=\"width: 23.5109%; height: 24px; text-align: center;\">OEM ve ODM<\/td>\n<td style=\"width: 35.7961%; height: 24px; text-align: center;\">Kabul etmek<\/td>\n<\/tr>\n<tr style=\"height: 24px;\">\n<td style=\"width: 23.5109%; height: 24px; text-align: center;\">Renk<\/td>\n<td style=\"width: 35.7961%; height: 24px; text-align: center;\">Herhangi bir partone renk \u00f6zelle\u015ftirilmi\u015f<\/td>\n<\/tr>\n<tr style=\"height: 24px;\">\n<td style=\"width: 23.5109%; height: 24px; text-align: center;\">Kullan\u0131m<\/td>\n<td style=\"width: 35.7961%; height: 24px; text-align: center;\">Losyon \/ Temel \/ krem vb.<\/td>\n<\/tr>\n<tr style=\"height: 24px;\">\n<td style=\"width: 23.5109%; height: 24px; text-align: center;\">Moq<\/td>\n<td style=\"width: 35.7961%; height: 24px; text-align: center;\">10000 pcs<\/td>\n<\/tr>\n<\/tbody>\n<\/table>\n<table style=\"border-collapse: collapse; width: 100%; height: 192px;\">\n<tbody>\n<tr style=\"height: 24px;\">\n<td style=\"width: 12.7434%; text-align: center; height: 24px;\"><strong>Kapasite<\/strong><\/td>\n<td style=\"width: 12.5142%; text-align: center; height: 24px;\"><strong>Toplam y\u00fckseklik<\/strong><\/td>\n<td style=\"width: 12.5002%; text-align: center; height: 24px;\"><strong>Alt \u00e7ap<\/strong><\/td>\n<td style=\"width: 13.1192%; text-align: center; height: 24px;\"><b>Omuz y\u00fcksekli\u011fi<\/b><\/td>\n<\/tr>\n<tr style=\"height: 24px;\">\n<td style=\"width: 12.7434%; text-align: center; height: 24px;\">30ml<\/td>\n<td style=\"width: 12.5142%; text-align: center; height: 24px;\">92mm<\/td>\n<td style=\"width: 12.5002%; text-align: center; height: 24px;\">60 mm<\/td>\n<td style=\"width: 13.1192%; text-align: center; height: 24px;\">52mm<\/td>\n<\/tr>\n<\/tbody>\n<\/table>\n<p class=\"ai-center-markdown-p\">Bu 30ML Sevimli \u015eekilli Temel Cam \u015ei\u015fesi, benzersiz ve sevimli tasar\u0131m\u0131yla pazarda \u00f6nemli bir etki yaratacak. Geleneksel temel \u015fi\u015felerinden farkl\u0131 olarak, bu cam \u015fi\u015fe makyaj s\u00fcrecinize bir dokunu\u015f b\u00fcy\u00fc ve e\u011flence ekler. M\u00fckemmel ayr\u0131nt\u0131lar\u0131 ve benzersiz tasar\u0131m\u0131, herhangi bir makyaj koleksiyonuna m\u00fckemmel bir ekleme yapar. Tatl\u0131 ve farkl\u0131 \u015fekli sadece g\u00f6z\u00fc yakalamakla kalmaz, ayn\u0131 zamanda arkada\u015flar ve g\u00fczellik merakl\u0131lar\u0131 aras\u0131ndaki konu\u015fman\u0131n odak noktas\u0131 haline gelir.<\/p>\n<p class=\"ai-center-markdown-p\">Son derece dayan\u0131kl\u0131 ve uzun \u00f6m\u00fcrl\u00fc olan y\u00fcksek kaliteli camdan yap\u0131lm\u0131\u015ft\u0131r. Temel s\u0131v\u0131n\u0131n etkisini etkileyebilecek herhangi bir kimyasal reaksiyonu \u00f6nleyebilir, her kulland\u0131\u011f\u0131n\u0131zda en iyi sonu\u00e7lar\u0131 elde edebilmenizi sa\u011flar. 30 ml kapasite hem ki\u015fisel kullan\u0131m hem de seyahat i\u00e7in uygundur. Bir makyaj \u00e7antas\u0131nda veya el \u00e7antas\u0131nda saklamak i\u00e7in m\u00fckemmeldir, en sevdi\u011finiz temeli nereye giderseniz g\u00f6t\u00fcrmenize izin verir.<\/p>\n<p class=\"ai-center-markdown-p\">Pompa tipi, hassas ve kontrol edilebilir p\u00fcsk\u00fcrtme sa\u011flayabilir, at\u0131klar\u0131 en aza indirebilir ve \u00fcr\u00fcn\u00fc tam olarak kullanabilmenizi sa\u011flayabilir. Dayan\u0131kl\u0131 kapak herhangi bir s\u0131z\u0131nt\u0131y\u0131 \u00f6nleyebilir.<\/p>\n<p class=\"ai-center-markdown-p\">Bu \u015fi\u015fe sadece temel ile s\u0131n\u0131rl\u0131 de\u011fildir. \u00c7ok y\u00f6nl\u00fc tasar\u0131m\u0131, serumlar, nemlendiriciler ve daha fazlas\u0131 gibi \u00e7e\u015fitli s\u0131v\u0131 kozmetikler i\u00e7in uygun hale getirir. Se\u00e7im i\u00e7in \u00e7e\u015fitli kapaklar sunmak.<\/p>\n<table style=\"border-collapse: collapse; width: 100%;\">\n<tbody>\n<tr>\n<td style=\"width: 33.3333%;\"><img decoding=\"async\" class=\"alignnone size-full wp-image-3805\" src=\"https:\/\/www.cosmepak.com\/wp-content\/uploads\/2025\/09\/O1CN01T93pzP1DWB2rWoiST_2209417840223-0-cib1.jpg\" alt=\"\" width=\"1000\" height=\"1000\" srcset=\"https:\/\/www.cosmepak.com\/wp-content\/uploads\/2025\/09\/O1CN01T93pzP1DWB2rWoiST_2209417840223-0-cib1.jpg 1000w, https:\/\/www.cosmepak.com\/wp-content\/uploads\/2025\/09\/O1CN01T93pzP1DWB2rWoiST_2209417840223-0-cib1-300x300.jpg 300w, https:\/\/www.cosmepak.com\/wp-content\/uploads\/2025\/09\/O1CN01T93pzP1DWB2rWoiST_2209417840223-0-cib1-150x150.jpg 150w, https:\/\/www.cosmepak.com\/wp-content\/uploads\/2025\/09\/O1CN01T93pzP1DWB2rWoiST_2209417840223-0-cib1-768x768.jpg 768w, https:\/\/www.cosmepak.com\/wp-content\/uploads\/2025\/09\/O1CN01T93pzP1DWB2rWoiST_2209417840223-0-cib1-12x12.jpg 12w, https:\/\/www.cosmepak.com\/wp-content\/uploads\/2025\/09\/O1CN01T93pzP1DWB2rWoiST_2209417840223-0-cib1-600x600.jpg 600w, https:\/\/www.cosmepak.com\/wp-content\/uploads\/2025\/09\/O1CN01T93pzP1DWB2rWoiST_2209417840223-0-cib1-100x100.jpg 100w\" sizes=\"(max-width: 1000px) 100vw, 1000px\" \/><\/td>\n<td style=\"width: 33.3333%;\"><img decoding=\"async\" class=\"alignnone size-full wp-image-3806\" src=\"https:\/\/www.cosmepak.com\/wp-content\/uploads\/2025\/09\/O1CN0143K1np1WXzHnUo6vv_948592799-0-cib1.jpg\" alt=\"\" width=\"1000\" height=\"1000\" srcset=\"https:\/\/www.cosmepak.com\/wp-content\/uploads\/2025\/09\/O1CN0143K1np1WXzHnUo6vv_948592799-0-cib1.jpg 1000w, https:\/\/www.cosmepak.com\/wp-content\/uploads\/2025\/09\/O1CN0143K1np1WXzHnUo6vv_948592799-0-cib1-300x300.jpg 300w, https:\/\/www.cosmepak.com\/wp-content\/uploads\/2025\/09\/O1CN0143K1np1WXzHnUo6vv_948592799-0-cib1-150x150.jpg 150w, https:\/\/www.cosmepak.com\/wp-content\/uploads\/2025\/09\/O1CN0143K1np1WXzHnUo6vv_948592799-0-cib1-768x768.jpg 768w, https:\/\/www.cosmepak.com\/wp-content\/uploads\/2025\/09\/O1CN0143K1np1WXzHnUo6vv_948592799-0-cib1-12x12.jpg 12w, https:\/\/www.cosmepak.com\/wp-content\/uploads\/2025\/09\/O1CN0143K1np1WXzHnUo6vv_948592799-0-cib1-600x600.jpg 600w, https:\/\/www.cosmepak.com\/wp-content\/uploads\/2025\/09\/O1CN0143K1np1WXzHnUo6vv_948592799-0-cib1-100x100.jpg 100w\" sizes=\"(max-width: 1000px) 100vw, 1000px\" \/><\/td>\n<td style=\"width: 33.3333%;\"><img loading=\"lazy\" decoding=\"async\" class=\"alignnone size-full wp-image-3807\" src=\"https:\/\/www.cosmepak.com\/wp-content\/uploads\/2025\/09\/O1CN01Yfnohb1WXzHmNLy3c_948592799-0-cib1.jpg\" alt=\"\" width=\"1000\" height=\"1000\" srcset=\"https:\/\/www.cosmepak.com\/wp-content\/uploads\/2025\/09\/O1CN01Yfnohb1WXzHmNLy3c_948592799-0-cib1.jpg 1000w, https:\/\/www.cosmepak.com\/wp-content\/uploads\/2025\/09\/O1CN01Yfnohb1WXzHmNLy3c_948592799-0-cib1-300x300.jpg 300w, https:\/\/www.cosmepak.com\/wp-content\/uploads\/2025\/09\/O1CN01Yfnohb1WXzHmNLy3c_948592799-0-cib1-150x150.jpg 150w, https:\/\/www.cosmepak.com\/wp-content\/uploads\/2025\/09\/O1CN01Yfnohb1WXzHmNLy3c_948592799-0-cib1-768x768.jpg 768w, https:\/\/www.cosmepak.com\/wp-content\/uploads\/2025\/09\/O1CN01Yfnohb1WXzHmNLy3c_948592799-0-cib1-12x12.jpg 12w, https:\/\/www.cosmepak.com\/wp-content\/uploads\/2025\/09\/O1CN01Yfnohb1WXzHmNLy3c_948592799-0-cib1-600x600.jpg 600w, https:\/\/www.cosmepak.com\/wp-content\/uploads\/2025\/09\/O1CN01Yfnohb1WXzHmNLy3c_948592799-0-cib1-100x100.jpg 100w\" sizes=\"(max-width: 1000px) 100vw, 1000px\" \/><\/td>\n<\/tr>\n<\/tbody>\n<\/table>\n<p>&nbsp;<\/p>\n<p>&nbsp;<\/p>\n<p>&nbsp;<\/p>\n<p>&nbsp;<\/p>","protected":false},"excerpt":{"rendered":"<p>Malzeme: Cam<\/p>\n<p>Kapasite: 30ml<\/p>\n<p>Renk: \u00d6zelle\u015ftirilmi\u015f Kabul (Mevcut Pantone Rengi)<\/p>\n<p>Y\u00fczey Kaplama: Serip Bask\u0131, S\u0131cak Damgalama, P\u00fcsk\u00fcrtme Gradyan, Mat Kaplama, vb.<\/p>\n<p>MOQ: 1000pcs \/ \u00f6zelle\u015ftirilmi\u015f 10000pcs<\/p>\n<p>\u00d6rnek: \u00dccretsiz \u00f6rnekler mevcut<\/p>\n<p>&nbsp;<\/p>\n<p>&nbsp;<\/p>","protected":false},"featured_media":2959,"comment_status":"closed","ping_status":"closed","template":"","meta":{"_acf_changed":false},"product_brand":[],"product_cat":[19],"product_tag":[40],"class_list":{"0":"post-2958","1":"product","2":"type-product","3":"status-publish","4":"has-post-thumbnail","6":"product_cat-skincare-glass-bottle","7":"product_tag-essential-oil-bottle","9":"first","10":"instock","11":"shipping-taxable","12":"product-type-simple"},"acf":[],"_links":{"self":[{"href":"https:\/\/www.cosmepak.com\/tr\/wp-json\/wp\/v2\/product\/2958","targetHints":{"allow":["GET"]}}],"collection":[{"href":"https:\/\/www.cosmepak.com\/tr\/wp-json\/wp\/v2\/product"}],"about":[{"href":"https:\/\/www.cosmepak.com\/tr\/wp-json\/wp\/v2\/types\/product"}],"replies":[{"embeddable":true,"href":"https:\/\/www.cosmepak.com\/tr\/wp-json\/wp\/v2\/comments?post=2958"}],"wp:featuredmedia":[{"embeddable":true,"href":"https:\/\/www.cosmepak.com\/tr\/wp-json\/wp\/v2\/media\/2959"}],"wp:attachment":[{"href":"https:\/\/www.cosmepak.com\/tr\/wp-json\/wp\/v2\/media?parent=2958"}],"wp:term":[{"taxonomy":"product_brand","embeddable":true,"href":"https:\/\/www.cosmepak.com\/tr\/wp-json\/wp\/v2\/product_brand?post=2958"},{"taxonomy":"product_cat","embeddable":true,"href":"https:\/\/www.cosmepak.com\/tr\/wp-json\/wp\/v2\/product_cat?post=2958"},{"taxonomy":"product_tag","embeddable":true,"href":"https:\/\/www.cosmepak.com\/tr\/wp-json\/wp\/v2\/product_tag?post=2958"}],"curies":[{"name":"wp","href":"https:\/\/api.w.org\/{rel}","templated":true}]}}