{"id":2982,"date":"2025-09-18T09:19:16","date_gmt":"2025-09-18T01:19:16","guid":{"rendered":"https:\/\/www.cosmepak.com\/?post_type=product&#038;p=2982"},"modified":"2025-12-30T09:46:56","modified_gmt":"2025-12-30T01:46:56","slug":"30ml-irregular-shaped-glass-bottle-with-pump-and-hemispherical-cap-jaunce","status":"publish","type":"product","link":"https:\/\/www.cosmepak.com\/tr\/product\/30ml-irregular-shaped-glass-bottle-with-pump-and-hemispherical-cap-jaunce\/","title":{"rendered":"30ml D\u00fczensiz \u015eekilli Cam \u015ei\u015fe Pompa ve Yar\u0131mk\u00fcresel Kapak \/ Jaunce ile"},"content":{"rendered":"<table style=\"border-collapse: collapse; width: 100%; height: 216px;\">\n<tbody>\n<tr style=\"height: 24px;\">\n<td style=\"width: 40.6929%; height: 216px;\" rowspan=\"9\"><img fetchpriority=\"high\" decoding=\"async\" class=\"alignnone size-full wp-image-3810\" src=\"https:\/\/www.cosmepak.com\/wp-content\/uploads\/2025\/09\/\u53bb\u9664\u56fe\u7247\u6587\u5b571.png\" alt=\"\" width=\"1000\" height=\"1000\" srcset=\"https:\/\/www.cosmepak.com\/wp-content\/uploads\/2025\/09\/\u53bb\u9664\u56fe\u7247\u6587\u5b571.png 1000w, https:\/\/www.cosmepak.com\/wp-content\/uploads\/2025\/09\/\u53bb\u9664\u56fe\u7247\u6587\u5b571-300x300.png 300w, https:\/\/www.cosmepak.com\/wp-content\/uploads\/2025\/09\/\u53bb\u9664\u56fe\u7247\u6587\u5b571-150x150.png 150w, https:\/\/www.cosmepak.com\/wp-content\/uploads\/2025\/09\/\u53bb\u9664\u56fe\u7247\u6587\u5b571-768x768.png 768w, https:\/\/www.cosmepak.com\/wp-content\/uploads\/2025\/09\/\u53bb\u9664\u56fe\u7247\u6587\u5b571-12x12.png 12w, https:\/\/www.cosmepak.com\/wp-content\/uploads\/2025\/09\/\u53bb\u9664\u56fe\u7247\u6587\u5b571-600x600.png 600w, https:\/\/www.cosmepak.com\/wp-content\/uploads\/2025\/09\/\u53bb\u9664\u56fe\u7247\u6587\u5b571-100x100.png 100w\" sizes=\"(max-width: 1000px) 100vw, 1000px\" \/><\/td>\n<td style=\"width: 23.5109%; height: 24px; text-align: center;\">Marka<\/td>\n<td style=\"width: 35.7961%; height: 24px; text-align: center;\">\u00a0Fahi\u015fe<\/td>\n<\/tr>\n<tr style=\"height: 24px;\">\n<td style=\"width: 23.5109%; height: 24px; text-align: center;\">Kapasite<\/td>\n<td style=\"width: 35.7961%; height: 24px; text-align: center;\">30ml<\/td>\n<\/tr>\n<tr style=\"height: 24px;\">\n<td style=\"width: 23.5109%; height: 24px; text-align: center;\">\u015eekil<\/td>\n<td style=\"width: 35.7961%; height: 24px; text-align: center;\">Yuvarlak<\/td>\n<\/tr>\n<tr style=\"height: 24px;\">\n<td style=\"width: 23.5109%; height: 24px; text-align: center;\">Malzeme<\/td>\n<td style=\"width: 35.7961%; height: 24px; text-align: center;\">Bardak<\/td>\n<\/tr>\n<tr style=\"height: 24px;\">\n<td style=\"width: 23.5109%; height: 24px; text-align: center;\">Model<\/td>\n<td style=\"width: 35.7961%; height: 24px; text-align: center;\">JH-PHF167'nin<\/td>\n<\/tr>\n<tr style=\"height: 24px;\">\n<td style=\"width: 23.5109%; height: 24px; text-align: center;\">OEM ve ODM<\/td>\n<td style=\"width: 35.7961%; height: 24px; text-align: center;\">Kabul etmek<\/td>\n<\/tr>\n<tr style=\"height: 24px;\">\n<td style=\"width: 23.5109%; height: 24px; text-align: center;\">Renk<\/td>\n<td style=\"width: 35.7961%; height: 24px; text-align: center;\">Herhangi bir parton rengi \u00f6zelle\u015ftirilmi\u015f<\/td>\n<\/tr>\n<tr style=\"height: 24px;\">\n<td style=\"width: 23.5109%; height: 24px; text-align: center;\">Kullan\u0131m<\/td>\n<td style=\"width: 35.7961%; height: 24px; text-align: center;\">Losyon \/ Temel \/ krem vb.<\/td>\n<\/tr>\n<tr style=\"height: 24px;\">\n<td style=\"width: 23.5109%; height: 24px; text-align: center;\">Moq<\/td>\n<td style=\"width: 35.7961%; height: 24px; text-align: center;\">10000 pcs<\/td>\n<\/tr>\n<\/tbody>\n<\/table>\n<table style=\"border-collapse: collapse; width: 100%; height: 56px;\">\n<tbody>\n<tr style=\"height: 24px;\">\n<td style=\"width: 12.7434%; text-align: center; height: 35px;\"><strong>Kapasite<\/strong><\/td>\n<td style=\"width: 12.5142%; text-align: center; height: 35px;\"><strong>Toplam y\u00fckseklik<\/strong><\/td>\n<td style=\"width: 12.5002%; text-align: center; height: 35px;\"><strong>Alt \u00e7ap<\/strong><\/td>\n<td style=\"width: 13.1192%; text-align: center; height: 35px;\"><b>Omuz y\u00fcksekli\u011fi<\/b><\/td>\n<\/tr>\n<tr style=\"height: 24px;\">\n<td style=\"width: 12.7434%; text-align: center; height: 21px;\">30ml<\/td>\n<td style=\"width: 12.5142%; text-align: center; height: 21px;\">91mm<\/td>\n<td style=\"width: 12.5002%; text-align: center; height: 21px;\">48mm'lik<\/td>\n<td style=\"width: 13.1192%; text-align: center; height: 21px;\">52mm<\/td>\n<\/tr>\n<\/tbody>\n<\/table>\n<p class=\"ai-center-markdown-p\">Bu 30ml temel s\u0131v\u0131 \u015fi\u015fesi oyunculuk, yuvarlak &#8220; bebek gibi&#8221; k\u00fcresel kapak tasar\u0131m\u0131. \u015ei\u015fenin dibinin \u00e7ap\u0131 48 milimetre ve toplam y\u00fcksekli\u011fi 91 milimetredir. Kompakt bir boyutu korurken \u00e7ekici, tam bir \u015fekillere sahiptir. \u00c7izgiler p\u00fcr\u00fczs\u00fcz ve e\u011fri \u015feklinde.<\/p>\n<p>Yuvarlak, ampullu d\u0131\u015f kapak, e\u011fri \u015fi\u015fe g\u00f6vdesiyle m\u00fckemmel bir \u015fekilde e\u015fle\u015fir ve i\u015flevsel tasar\u0131m\u0131 korurken, hem g\u00fcnl\u00fck kullan\u0131m hem de seyahat i\u00e7in ideal bir sevimli, sar\u0131lm\u0131\u015f estetik (k\u00fc\u00e7\u00fck bir bebek gibi) verir.<\/p>\n<div class=\"auto-hide-last-sibling-br paragraph-pP9ZLC paragraph-element br-paragraph-space\">bu \u015fi\u015fe, s\u0131z\u0131nt\u0131lar\u0131 \u00f6nlemek i\u00e7in s\u0131k\u0131, g\u00fcvenli bir s\u0131zd\u0131rmazl\u0131k ile kolay, karma\u015f\u0131ks\u0131z doldurmay\u0131 sa\u011flar ve g\u00fc\u00e7lendirilmi\u015f kal\u0131nla\u015ft\u0131r\u0131lm\u0131\u015f taban istikrar\u0131 ve sa\u011flaml\u0131\u011f\u0131 sa\u011flarken, pres pompas\u0131 da\u011f\u0131t\u0131c\u0131 kesin uygulama i\u00e7in tutarl\u0131, g\u00fc\u00e7l\u00fc s\u0131v\u0131 \u00e7\u0131k\u0131\u015f\u0131 sa\u011flar.<\/div>\n<div class=\"auto-hide-last-sibling-br paragraph-pP9ZLC paragraph-element br-paragraph-space\">Kendi marka gereksinimleriniz varsa, \u00fcretimi \u00f6zelliklerinize g\u00f6re de \u00f6zelle\u015ftirebiliriz. Renk \u00f6zelle\u015ftirme, g\u00f6r\u00fcn\u00fcm ve zanaat etkisi \u00f6zelle\u015ftirme (se\u00e7mek i\u00e7in parlak veya mat), logo \u00f6zelle\u015ftirme ve etiket bask\u0131 \u00f6zelle\u015ftirme gibi \u00f6zelle\u015ftirme hizmetleri sunuyoruz.<\/div>\n<div><\/div>\n<div class=\"auto-hide-last-sibling-br paragraph-pP9ZLC paragraph-element br-paragraph-space\">\u00c7ok y\u00f6nl\u00fc se\u00e7enekler sunuyoruz: parlak \u015feffaf, gradyan \u015feffaf, mat \u015feffaf veya kat\u0131 opak renkler.<\/div>\n<div class=\"auto-hide-last-sibling-br paragraph-pP9ZLC paragraph-element br-paragraph-space\">\n<table style=\"border-collapse: collapse; width: 100%;\">\n<tbody>\n<tr>\n<td style=\"width: 50%;\"><img decoding=\"async\" class=\"alignnone size-full wp-image-3812\" src=\"https:\/\/www.cosmepak.com\/wp-content\/uploads\/2025\/09\/O1CN0193d6b52L5B07mq6Da_974269640-0-cib1.jpg\" alt=\"\" width=\"1000\" height=\"1000\" srcset=\"https:\/\/www.cosmepak.com\/wp-content\/uploads\/2025\/09\/O1CN0193d6b52L5B07mq6Da_974269640-0-cib1.jpg 1000w, https:\/\/www.cosmepak.com\/wp-content\/uploads\/2025\/09\/O1CN0193d6b52L5B07mq6Da_974269640-0-cib1-300x300.jpg 300w, https:\/\/www.cosmepak.com\/wp-content\/uploads\/2025\/09\/O1CN0193d6b52L5B07mq6Da_974269640-0-cib1-150x150.jpg 150w, https:\/\/www.cosmepak.com\/wp-content\/uploads\/2025\/09\/O1CN0193d6b52L5B07mq6Da_974269640-0-cib1-768x768.jpg 768w, https:\/\/www.cosmepak.com\/wp-content\/uploads\/2025\/09\/O1CN0193d6b52L5B07mq6Da_974269640-0-cib1-12x12.jpg 12w, https:\/\/www.cosmepak.com\/wp-content\/uploads\/2025\/09\/O1CN0193d6b52L5B07mq6Da_974269640-0-cib1-600x600.jpg 600w, https:\/\/www.cosmepak.com\/wp-content\/uploads\/2025\/09\/O1CN0193d6b52L5B07mq6Da_974269640-0-cib1-100x100.jpg 100w\" sizes=\"(max-width: 1000px) 100vw, 1000px\" \/><\/td>\n<td style=\"width: 50%;\"><img decoding=\"async\" class=\"alignnone size-full wp-image-3811\" src=\"https:\/\/www.cosmepak.com\/wp-content\/uploads\/2025\/09\/O1CN015Wve3p2L5B07J4ls9_974269640-0-cib1.jpg\" alt=\"\" width=\"1000\" height=\"1000\" srcset=\"https:\/\/www.cosmepak.com\/wp-content\/uploads\/2025\/09\/O1CN015Wve3p2L5B07J4ls9_974269640-0-cib1.jpg 1000w, https:\/\/www.cosmepak.com\/wp-content\/uploads\/2025\/09\/O1CN015Wve3p2L5B07J4ls9_974269640-0-cib1-300x300.jpg 300w, https:\/\/www.cosmepak.com\/wp-content\/uploads\/2025\/09\/O1CN015Wve3p2L5B07J4ls9_974269640-0-cib1-150x150.jpg 150w, https:\/\/www.cosmepak.com\/wp-content\/uploads\/2025\/09\/O1CN015Wve3p2L5B07J4ls9_974269640-0-cib1-768x768.jpg 768w, https:\/\/www.cosmepak.com\/wp-content\/uploads\/2025\/09\/O1CN015Wve3p2L5B07J4ls9_974269640-0-cib1-12x12.jpg 12w, https:\/\/www.cosmepak.com\/wp-content\/uploads\/2025\/09\/O1CN015Wve3p2L5B07J4ls9_974269640-0-cib1-600x600.jpg 600w, https:\/\/www.cosmepak.com\/wp-content\/uploads\/2025\/09\/O1CN015Wve3p2L5B07J4ls9_974269640-0-cib1-100x100.jpg 100w\" sizes=\"(max-width: 1000px) 100vw, 1000px\" \/><\/td>\n<\/tr>\n<\/tbody>\n<\/table>\n<\/div>\n<table style=\"border-collapse: collapse; width: 100%;\">\n<tbody>\n<tr>\n<td style=\"width: 33.3333%;\"><img loading=\"lazy\" decoding=\"async\" class=\"alignnone size-full wp-image-3813\" src=\"https:\/\/www.cosmepak.com\/wp-content\/uploads\/2025\/09\/\u53bb\u9664\u56fe\u7247\u6587\u5b57-11.png\" alt=\"\" width=\"1000\" height=\"1000\" srcset=\"https:\/\/www.cosmepak.com\/wp-content\/uploads\/2025\/09\/\u53bb\u9664\u56fe\u7247\u6587\u5b57-11.png 1000w, https:\/\/www.cosmepak.com\/wp-content\/uploads\/2025\/09\/\u53bb\u9664\u56fe\u7247\u6587\u5b57-11-300x300.png 300w, https:\/\/www.cosmepak.com\/wp-content\/uploads\/2025\/09\/\u53bb\u9664\u56fe\u7247\u6587\u5b57-11-150x150.png 150w, https:\/\/www.cosmepak.com\/wp-content\/uploads\/2025\/09\/\u53bb\u9664\u56fe\u7247\u6587\u5b57-11-768x768.png 768w, https:\/\/www.cosmepak.com\/wp-content\/uploads\/2025\/09\/\u53bb\u9664\u56fe\u7247\u6587\u5b57-11-12x12.png 12w, https:\/\/www.cosmepak.com\/wp-content\/uploads\/2025\/09\/\u53bb\u9664\u56fe\u7247\u6587\u5b57-11-600x600.png 600w, https:\/\/www.cosmepak.com\/wp-content\/uploads\/2025\/09\/\u53bb\u9664\u56fe\u7247\u6587\u5b57-11-100x100.png 100w\" sizes=\"(max-width: 1000px) 100vw, 1000px\" \/><\/td>\n<td style=\"width: 33.3333%;\"><img loading=\"lazy\" decoding=\"async\" class=\"alignnone size-full wp-image-3814\" src=\"https:\/\/www.cosmepak.com\/wp-content\/uploads\/2025\/09\/\u53bb\u9664\u56fe\u7247\u6587\u5b57-41.png\" alt=\"\" width=\"1000\" height=\"1000\" srcset=\"https:\/\/www.cosmepak.com\/wp-content\/uploads\/2025\/09\/\u53bb\u9664\u56fe\u7247\u6587\u5b57-41.png 1000w, https:\/\/www.cosmepak.com\/wp-content\/uploads\/2025\/09\/\u53bb\u9664\u56fe\u7247\u6587\u5b57-41-300x300.png 300w, https:\/\/www.cosmepak.com\/wp-content\/uploads\/2025\/09\/\u53bb\u9664\u56fe\u7247\u6587\u5b57-41-150x150.png 150w, https:\/\/www.cosmepak.com\/wp-content\/uploads\/2025\/09\/\u53bb\u9664\u56fe\u7247\u6587\u5b57-41-768x768.png 768w, https:\/\/www.cosmepak.com\/wp-content\/uploads\/2025\/09\/\u53bb\u9664\u56fe\u7247\u6587\u5b57-41-12x12.png 12w, https:\/\/www.cosmepak.com\/wp-content\/uploads\/2025\/09\/\u53bb\u9664\u56fe\u7247\u6587\u5b57-41-600x600.png 600w, https:\/\/www.cosmepak.com\/wp-content\/uploads\/2025\/09\/\u53bb\u9664\u56fe\u7247\u6587\u5b57-41-100x100.png 100w\" sizes=\"(max-width: 1000px) 100vw, 1000px\" \/><\/td>\n<td style=\"width: 33.3333%;\"><img loading=\"lazy\" decoding=\"async\" class=\"alignnone size-full wp-image-3815\" src=\"https:\/\/www.cosmepak.com\/wp-content\/uploads\/2025\/09\/\u53bb\u9664\u56fe\u7247\u6587\u5b57121.png\" alt=\"\" width=\"1000\" height=\"1000\" srcset=\"https:\/\/www.cosmepak.com\/wp-content\/uploads\/2025\/09\/\u53bb\u9664\u56fe\u7247\u6587\u5b57121.png 1000w, https:\/\/www.cosmepak.com\/wp-content\/uploads\/2025\/09\/\u53bb\u9664\u56fe\u7247\u6587\u5b57121-300x300.png 300w, https:\/\/www.cosmepak.com\/wp-content\/uploads\/2025\/09\/\u53bb\u9664\u56fe\u7247\u6587\u5b57121-150x150.png 150w, https:\/\/www.cosmepak.com\/wp-content\/uploads\/2025\/09\/\u53bb\u9664\u56fe\u7247\u6587\u5b57121-768x768.png 768w, https:\/\/www.cosmepak.com\/wp-content\/uploads\/2025\/09\/\u53bb\u9664\u56fe\u7247\u6587\u5b57121-12x12.png 12w, https:\/\/www.cosmepak.com\/wp-content\/uploads\/2025\/09\/\u53bb\u9664\u56fe\u7247\u6587\u5b57121-600x600.png 600w, https:\/\/www.cosmepak.com\/wp-content\/uploads\/2025\/09\/\u53bb\u9664\u56fe\u7247\u6587\u5b57121-100x100.png 100w\" sizes=\"(max-width: 1000px) 100vw, 1000px\" \/><\/td>\n<\/tr>\n<\/tbody>\n<\/table>","protected":false},"excerpt":{"rendered":"<p>Malzeme: Cam<\/p>\n<p>Kapasite: 30ml<\/p>\n<p>Renk: \u00d6zelle\u015ftirilmi\u015f Kabul (Mevcut Pantone Rengi)<\/p>\n<p>Y\u00fczey Kaplama: Serip Bask\u0131, S\u0131cak Damgalama, P\u00fcsk\u00fcrtme Gradyan, Mat Kaplama, vb.<\/p>\n<p>MOQ: 1000pcs \/ \u00f6zelle\u015ftirilmi\u015f 10000pcs<\/p>\n<p>\u00d6rnek: \u00dccretsiz \u00f6rnekler mevcut<\/p>\n<p>&nbsp;<\/p>\n<p>&nbsp;<\/p>","protected":false},"featured_media":3816,"comment_status":"closed","ping_status":"closed","template":"","meta":{"_acf_changed":false},"product_brand":[],"product_cat":[34,45,19],"product_tag":[40],"class_list":{"0":"post-2982","1":"product","2":"type-product","3":"status-publish","4":"has-post-thumbnail","6":"product_cat-foundation-bottle","7":"product_cat-serum-pump-bottle","8":"product_cat-skincare-glass-bottle","9":"product_tag-essential-oil-bottle","11":"first","12":"instock","13":"shipping-taxable","14":"product-type-simple"},"acf":[],"_links":{"self":[{"href":"https:\/\/www.cosmepak.com\/tr\/wp-json\/wp\/v2\/product\/2982","targetHints":{"allow":["GET"]}}],"collection":[{"href":"https:\/\/www.cosmepak.com\/tr\/wp-json\/wp\/v2\/product"}],"about":[{"href":"https:\/\/www.cosmepak.com\/tr\/wp-json\/wp\/v2\/types\/product"}],"replies":[{"embeddable":true,"href":"https:\/\/www.cosmepak.com\/tr\/wp-json\/wp\/v2\/comments?post=2982"}],"wp:featuredmedia":[{"embeddable":true,"href":"https:\/\/www.cosmepak.com\/tr\/wp-json\/wp\/v2\/media\/3816"}],"wp:attachment":[{"href":"https:\/\/www.cosmepak.com\/tr\/wp-json\/wp\/v2\/media?parent=2982"}],"wp:term":[{"taxonomy":"product_brand","embeddable":true,"href":"https:\/\/www.cosmepak.com\/tr\/wp-json\/wp\/v2\/product_brand?post=2982"},{"taxonomy":"product_cat","embeddable":true,"href":"https:\/\/www.cosmepak.com\/tr\/wp-json\/wp\/v2\/product_cat?post=2982"},{"taxonomy":"product_tag","embeddable":true,"href":"https:\/\/www.cosmepak.com\/tr\/wp-json\/wp\/v2\/product_tag?post=2982"}],"curies":[{"name":"wp","href":"https:\/\/api.w.org\/{rel}","templated":true}]}}