{"id":2998,"date":"2025-09-26T15:12:21","date_gmt":"2025-09-26T07:12:21","guid":{"rendered":"https:\/\/www.cosmepak.com\/?post_type=product&#038;p=2998"},"modified":"2025-09-26T15:12:21","modified_gmt":"2025-09-26T07:12:21","slug":"30ml-50ml-100ml-luxury-perfume-glass-bottle-thick-bottom-empty-box-with-pump-sprayer-seal","status":"publish","type":"product","link":"https:\/\/www.cosmepak.com\/tr\/product\/30ml-50ml-100ml-luxury-perfume-glass-bottle-thick-bottom-empty-box-with-pump-sprayer-seal\/","title":{"rendered":"30ml 50ml 100ml L\u00fcks Parf\u00fcm Cam \u015ei\u015fe Pompa Sprayer M\u00fch\u00fcrl\u00fc Kal\u0131n Alt Bo\u015f Kutu"},"content":{"rendered":"<p><strong>30ml 50ml 100ml L\u00fcks Parf\u00fcm Cam \u015ei\u015fe Pompa Sprayer M\u00fch\u00fcrl\u00fc Kal\u0131n Alt Bo\u015f Kutu<\/strong><\/p>\n<table style=\"border-collapse: collapse; width: 100%;\">\n<tbody>\n<tr>\n<td style=\"width: 25.1936%;\" rowspan=\"4\"><img fetchpriority=\"high\" decoding=\"async\" class=\"alignnone size-full wp-image-3001\" src=\"https:\/\/www.cosmepak.com\/wp-content\/uploads\/2025\/09\/1.jpg\" alt=\"\" width=\"800\" height=\"800\" srcset=\"https:\/\/www.cosmepak.com\/wp-content\/uploads\/2025\/09\/1.jpg 800w, https:\/\/www.cosmepak.com\/wp-content\/uploads\/2025\/09\/1-300x300.jpg 300w, https:\/\/www.cosmepak.com\/wp-content\/uploads\/2025\/09\/1-150x150.jpg 150w, https:\/\/www.cosmepak.com\/wp-content\/uploads\/2025\/09\/1-768x768.jpg 768w, https:\/\/www.cosmepak.com\/wp-content\/uploads\/2025\/09\/1-12x12.jpg 12w, https:\/\/www.cosmepak.com\/wp-content\/uploads\/2025\/09\/1-600x600.jpg 600w, https:\/\/www.cosmepak.com\/wp-content\/uploads\/2025\/09\/1-100x100.jpg 100w\" sizes=\"(max-width: 800px) 100vw, 800px\" \/><\/td>\n<td style=\"width: 20.1367%; text-align: center;\"><strong>Kapasite<\/strong><\/td>\n<td style=\"width: 19.7368%; text-align: center;\"><strong>Boyun boyutu<\/strong><\/td>\n<td style=\"width: 18.1889%; text-align: center;\"><strong>\u00c7ap<\/strong><\/td>\n<td style=\"width: 16.744%; text-align: center;\"><strong>Toplam y\u00fckseklik<\/strong><\/td>\n<\/tr>\n<tr>\n<td style=\"width: 20.1367%; text-align: center;\">30ml<\/td>\n<td style=\"width: 19.7368%; text-align: center;\">15 mm'lik<\/td>\n<td style=\"width: 18.1889%; text-align: center;\">44mm'lik<\/td>\n<td style=\"width: 16.744%; text-align: center;\">89 mm'lik<\/td>\n<\/tr>\n<tr>\n<td style=\"width: 20.1367%; text-align: center;\">50ml<\/td>\n<td style=\"width: 19.7368%; text-align: center;\">15 mm'lik<\/td>\n<td style=\"width: 18.1889%; text-align: center;\">51mm<\/td>\n<td style=\"width: 16.744%; text-align: center;\">97 mm<\/td>\n<\/tr>\n<tr>\n<td style=\"width: 20.1367%; text-align: center;\">100ml<\/td>\n<td style=\"width: 19.7368%; text-align: center;\">15 mm'lik<\/td>\n<td style=\"width: 18.1889%; text-align: center;\">60 mm<\/td>\n<td style=\"width: 16.744%; text-align: center;\">111mm'lik<\/td>\n<\/tr>\n<\/tbody>\n<\/table>\n<p><img decoding=\"async\" class=\"alignnone size-full wp-image-3002\" src=\"https:\/\/www.cosmepak.com\/wp-content\/uploads\/2025\/09\/8.jpg\" alt=\"\" width=\"1000\" height=\"1000\" srcset=\"https:\/\/www.cosmepak.com\/wp-content\/uploads\/2025\/09\/8.jpg 1000w, https:\/\/www.cosmepak.com\/wp-content\/uploads\/2025\/09\/8-300x300.jpg 300w, https:\/\/www.cosmepak.com\/wp-content\/uploads\/2025\/09\/8-150x150.jpg 150w, https:\/\/www.cosmepak.com\/wp-content\/uploads\/2025\/09\/8-768x768.jpg 768w, https:\/\/www.cosmepak.com\/wp-content\/uploads\/2025\/09\/8-12x12.jpg 12w, https:\/\/www.cosmepak.com\/wp-content\/uploads\/2025\/09\/8-600x600.jpg 600w, https:\/\/www.cosmepak.com\/wp-content\/uploads\/2025\/09\/8-100x100.jpg 100w\" sizes=\"(max-width: 1000px) 100vw, 1000px\" \/><\/p>\n<table style=\"border-collapse: collapse; width: 100%;\">\n<tbody>\n<tr>\n<td style=\"width: 50%;\"><img decoding=\"async\" class=\"alignnone size-full wp-image-3000\" src=\"https:\/\/www.cosmepak.com\/wp-content\/uploads\/2025\/09\/7.jpg\" alt=\"\" width=\"1000\" height=\"1000\" srcset=\"https:\/\/www.cosmepak.com\/wp-content\/uploads\/2025\/09\/7.jpg 1000w, https:\/\/www.cosmepak.com\/wp-content\/uploads\/2025\/09\/7-300x300.jpg 300w, https:\/\/www.cosmepak.com\/wp-content\/uploads\/2025\/09\/7-150x150.jpg 150w, https:\/\/www.cosmepak.com\/wp-content\/uploads\/2025\/09\/7-768x768.jpg 768w, https:\/\/www.cosmepak.com\/wp-content\/uploads\/2025\/09\/7-12x12.jpg 12w, https:\/\/www.cosmepak.com\/wp-content\/uploads\/2025\/09\/7-600x600.jpg 600w, https:\/\/www.cosmepak.com\/wp-content\/uploads\/2025\/09\/7-100x100.jpg 100w\" sizes=\"(max-width: 1000px) 100vw, 1000px\" \/><\/td>\n<td style=\"width: 50%;\"><img loading=\"lazy\" decoding=\"async\" class=\"alignnone size-full wp-image-2999\" src=\"https:\/\/www.cosmepak.com\/wp-content\/uploads\/2025\/09\/6.jpg\" alt=\"\" width=\"1000\" height=\"1000\" srcset=\"https:\/\/www.cosmepak.com\/wp-content\/uploads\/2025\/09\/6.jpg 1000w, https:\/\/www.cosmepak.com\/wp-content\/uploads\/2025\/09\/6-300x300.jpg 300w, https:\/\/www.cosmepak.com\/wp-content\/uploads\/2025\/09\/6-150x150.jpg 150w, https:\/\/www.cosmepak.com\/wp-content\/uploads\/2025\/09\/6-768x768.jpg 768w, https:\/\/www.cosmepak.com\/wp-content\/uploads\/2025\/09\/6-12x12.jpg 12w, https:\/\/www.cosmepak.com\/wp-content\/uploads\/2025\/09\/6-600x600.jpg 600w, https:\/\/www.cosmepak.com\/wp-content\/uploads\/2025\/09\/6-100x100.jpg 100w\" sizes=\"(max-width: 1000px) 100vw, 1000px\" \/><\/td>\n<\/tr>\n<\/tbody>\n<\/table>\n<p>1. \u00d6zelle\u015ftirilebilir 30ml ila 100ml boyutu: En sevdi\u011finiz kokular\u0131 ki\u015fiselle\u015ftirmek veya benzersiz kombinasyonlar olu\u015fturmak i\u00e7in m\u00fckemmel, \u00d6zel Kutu 30ml, 50ml ve 100ml Kal\u0131n Alt L\u00fcks Parf\u00fcm Sprey \u015ei\u015fesi, tercihlerinize ve ihtiya\u00e7lar\u0131n\u0131za uygun \u00e7e\u015fitli hacim se\u00e7eneklerine sahiptir.<\/p>\n<p>2. Kararl\u0131l\u0131k i\u00e7in daha kal\u0131n taban: sa\u011flam bir 0,5 cm kal\u0131nl\u0131\u011f\u0131 alt\u0131 ile donat\u0131lm\u0131\u015f bu cam \u015fi\u015fe, de\u011ferli parf\u00fcmlerinizin veya kokulu ya\u011flar\u0131n\u0131z\u0131n g\u00fcvenli bir \u015fekilde yerinde kalmas\u0131n\u0131 sa\u011flar, ek g\u00fcvenlik ve istikrar sa\u011flar.<\/p>\n<p>3. Optimal koku koruma i\u00e7in cam yap\u0131: Y\u00fcksek kaliteli camdan yap\u0131lm\u0131\u015f bu l\u00fcks parf\u00fcm \u015fi\u015fesi en sevdi\u011finiz kokular\u0131 korur, s\u0131z\u0131nt\u0131lar\u0131 \u00f6nler ve ger\u00e7ek, otantik kokular\u0131n\u0131 korur.<\/p>\n<p>4. Zarif yuvarlak \u015fekil tasar\u0131m\u0131: Bu cam \u015fi\u015fenin \u015f\u0131k, yuvarlak \u015fekli, herhangi bir bo\u015fluk veya soyunma masas\u0131na bir dokunu\u015f sofistikasyon ekler ve kendiniz veya sevdikleriniz i\u00e7in m\u00fckemmel bir hediye haline getirir.<\/p>\n<p>5. \u00c7e\u015fitli koklu \u00fcr\u00fcnler i\u00e7in \u00e7ok y\u00f6nl\u00fc kullan\u0131m: Hem ki\u015fisel hem de profesyonel ortamlarda kullan\u0131m i\u00e7in ideal olan bu cam \u015fi\u015fe, \u00e7ok y\u00f6nl\u00fcl\u00fc\u011f\u00fcn\u00fc ve pratikli\u011fini geni\u015fleten esansiyel ya\u011flar, oda kokular\u0131 veya v\u00fccut spreyleri gibi di\u011fer kozmetik \u00fcr\u00fcnlerle uyumludur.<\/p>\n<p>6. Premium kam\u0131 dif\u00fcz\u00f6r\u00fc dahil de\u011fildir: Bu \u015fi\u015fe &#8217; t bir kam\u0131n dif\u00fcz\u00f6r\u00fc i\u00e7erir, it&#8217; bir ile uyumlu, tercihlerinize uyarlanabilecek \u00f6zelle\u015ftirilebilir bir koku deneyimi sa\u011flar.<\/p>\n<p>7. \u00c7evre dostu: Bu \u015fi\u015fenin cam yap\u0131s\u0131, plastik alternatiflere k\u0131yasla daha \u00e7evre dostu bir se\u00e7im haline getirir, s\u00fcrd\u00fcr\u00fclebilirli\u011fi te\u015fvik eder ve at\u0131klar\u0131 azalt\u0131r.<\/p>\n<p>8. Dayan\u0131kl\u0131 cam malzemesi: Sa\u011flam temel malzeme, cam \u015fi\u015fenin d\u00fczenli kullan\u0131ma dayanabilmesini sa\u011flar ve parf\u00fcmler, esansiyel ya\u011flar ve di\u011fer koklu \u00fcr\u00fcnler i\u00e7in uzun s\u00fcreli bir aksesuar sa\u011flar.<\/p>\n<p>9. Birden fazla y\u00fczey bask\u0131 se\u00e7ene\u011fi: \u015ei\u015fenizi \u00f6zelle\u015ftirmek ve ger\u00e7ekten benzersiz hale getirmek i\u00e7in buzlama, etiketler, serigrafi, \u0131s\u0131 transferi bask\u0131s\u0131 ve s\u0131cak damgalama dahil olmak \u00fczere \u00e7e\u015fitli y\u00fczey bask\u0131 tekniklerinden se\u00e7in.<\/p>\n<p>10. \u00c7in'den kaynaklanan \u00fcr\u00fcn: Y\u00fcksek kaliteli cam \u015fi\u015feler yerel olarak \u00fcreten bu \u00fcr\u00fcn, y\u00fczy\u0131llarca uzmanl\u0131\u011fa dayanan kalite ve zanaatl\u0131k g\u00fcvencesi ile gelir.<\/p>\n<p><img loading=\"lazy\" decoding=\"async\" class=\"alignnone size-full wp-image-1347\" src=\"https:\/\/www.cosmepak.com\/wp-content\/uploads\/2024\/12\/\u9996\u987519202_03.jpg\" alt=\"fabrika g\u00f6sterisi\" width=\"1920\" height=\"885\" srcset=\"https:\/\/www.cosmepak.com\/wp-content\/uploads\/2024\/12\/\u9996\u987519202_03.jpg 1920w, https:\/\/www.cosmepak.com\/wp-content\/uploads\/2024\/12\/\u9996\u987519202_03-300x138.jpg 300w, https:\/\/www.cosmepak.com\/wp-content\/uploads\/2024\/12\/\u9996\u987519202_03-1024x472.jpg 1024w, https:\/\/www.cosmepak.com\/wp-content\/uploads\/2024\/12\/\u9996\u987519202_03-768x354.jpg 768w, https:\/\/www.cosmepak.com\/wp-content\/uploads\/2024\/12\/\u9996\u987519202_03-1536x708.jpg 1536w, https:\/\/www.cosmepak.com\/wp-content\/uploads\/2024\/12\/\u9996\u987519202_03-600x277.jpg 600w\" sizes=\"(max-width: 1920px) 100vw, 1920px\" \/><\/p>\n<p>\u015eirketimiz 10 y\u0131ldan fazla kozmetik ambalaj \u00fcretiminde uzmanla\u015fm\u0131\u015ft\u0131r, \u015eimdi cam kozmetik ambalaj i\u00e7in 1 fabrikam\u0131z var, kapasite g\u00fcnde 200.000 adet olabilir; Plastik kozmetik ambalaj i\u00e7in 1 fabrika, kapasite g\u00fcnde 50.000 adet olabilir;<br \/>\nISO9000 \/ 14000 sertifikas\u0131n\u0131 ge\u00e7mi\u015ftik, SGS ve MSDS sa\u011flayabiliriz. Her m\u00fc\u015fteriye kar\u015f\u0131 d\u00fcr\u00fcstl\u00fck ilkesi alt\u0131nday\u0131z.<br \/>\n\u0130\u015fbirli\u011fi i\u00e7in ho\u015f geldiniz!<\/p>\n<p><img loading=\"lazy\" decoding=\"async\" class=\"alignnone size-full wp-image-1348\" src=\"https:\/\/www.cosmepak.com\/wp-content\/uploads\/2024\/12\/\u9996\u987519202_04.jpg\" alt=\"\" width=\"1920\" height=\"694\" srcset=\"https:\/\/www.cosmepak.com\/wp-content\/uploads\/2024\/12\/\u9996\u987519202_04.jpg 1920w, https:\/\/www.cosmepak.com\/wp-content\/uploads\/2024\/12\/\u9996\u987519202_04-300x108.jpg 300w, https:\/\/www.cosmepak.com\/wp-content\/uploads\/2024\/12\/\u9996\u987519202_04-1024x370.jpg 1024w, https:\/\/www.cosmepak.com\/wp-content\/uploads\/2024\/12\/\u9996\u987519202_04-768x278.jpg 768w, https:\/\/www.cosmepak.com\/wp-content\/uploads\/2024\/12\/\u9996\u987519202_04-1536x555.jpg 1536w, https:\/\/www.cosmepak.com\/wp-content\/uploads\/2024\/12\/\u9996\u987519202_04-600x217.jpg 600w\" sizes=\"(max-width: 1920px) 100vw, 1920px\" \/><img loading=\"lazy\" decoding=\"async\" class=\"alignnone size-full wp-image-1350\" src=\"https:\/\/www.cosmepak.com\/wp-content\/uploads\/2024\/12\/\u9996\u987519202_05-1.jpg\" alt=\"\" width=\"1920\" height=\"970\" srcset=\"https:\/\/www.cosmepak.com\/wp-content\/uploads\/2024\/12\/\u9996\u987519202_05-1.jpg 1920w, https:\/\/www.cosmepak.com\/wp-content\/uploads\/2024\/12\/\u9996\u987519202_05-1-300x152.jpg 300w, https:\/\/www.cosmepak.com\/wp-content\/uploads\/2024\/12\/\u9996\u987519202_05-1-1024x517.jpg 1024w, https:\/\/www.cosmepak.com\/wp-content\/uploads\/2024\/12\/\u9996\u987519202_05-1-768x388.jpg 768w, https:\/\/www.cosmepak.com\/wp-content\/uploads\/2024\/12\/\u9996\u987519202_05-1-1536x776.jpg 1536w, https:\/\/www.cosmepak.com\/wp-content\/uploads\/2024\/12\/\u9996\u987519202_05-1-600x303.jpg 600w\" sizes=\"(max-width: 1920px) 100vw, 1920px\" \/><img loading=\"lazy\" decoding=\"async\" class=\"alignnone wp-image-1351\" src=\"https:\/\/www.cosmepak.com\/wp-content\/uploads\/2024\/12\/\u7269\u6d41\u8fd0\u8f93\u753b\u9762-2.jpg\" alt=\"\" width=\"1385\" height=\"1039\" srcset=\"https:\/\/www.cosmepak.com\/wp-content\/uploads\/2024\/12\/\u7269\u6d41\u8fd0\u8f93\u753b\u9762-2.jpg 800w, https:\/\/www.cosmepak.com\/wp-content\/uploads\/2024\/12\/\u7269\u6d41\u8fd0\u8f93\u753b\u9762-2-300x225.jpg 300w, https:\/\/www.cosmepak.com\/wp-content\/uploads\/2024\/12\/\u7269\u6d41\u8fd0\u8f93\u753b\u9762-2-768x576.jpg 768w, https:\/\/www.cosmepak.com\/wp-content\/uploads\/2024\/12\/\u7269\u6d41\u8fd0\u8f93\u753b\u9762-2-600x450.jpg 600w\" sizes=\"(max-width: 1385px) 100vw, 1385px\" \/><\/p>\n<table style=\"border-collapse: collapse; width: 100%;\">\n<tbody>\n<tr>\n<td style=\"width: 33.3333%; text-align: center;\"><strong>\u0130fade etmek<\/strong><\/td>\n<td style=\"width: 33.3333%; text-align: center;\"><strong>Hava y\u00fck\u00fc<\/strong><\/td>\n<td style=\"width: 33.3333%; text-align: center;\"><strong>Deniz ta\u015f\u0131mac\u0131l\u0131\u011f\u0131<\/strong><\/td>\n<\/tr>\n<tr>\n<td style=\"width: 33.3333%; text-align: center;\">Europ 4-6 g\u00fcn<\/p>\n<p>Kuzey Amerika 4-6 g\u00fcn<\/p>\n<p>G\u00fcney Do\u011fu Asya 3-5 g\u00fcn<\/p>\n<p>Orta Do\u011fu 4-6 g\u00fcn<\/p>\n<p>G\u00fcney Afrika 5-8 g\u00fcn<\/td>\n<td style=\"width: 33.3333%; text-align: center;\">Europ 4-6 g\u00fcn<\/p>\n<p>Kuzey Amerika 4-6 g\u00fcn<\/p>\n<p>G\u00fcney Do\u011fu Asya 3-5 g\u00fcn<\/p>\n<p>Orta Do\u011fu 4-6 g\u00fcn<\/p>\n<p>G\u00fcney Afrika 5-8 g\u00fcn<\/td>\n<td style=\"width: 33.3333%; text-align: center;\">Europ 25-35 g\u00fcn<\/p>\n<p>Kuzey Amerika 25-35 g\u00fcn<\/p>\n<p>G\u00fcney Do\u011fu Asya 25-35 g\u00fcn<\/p>\n<p>Orta Do\u011fu 25-35 g\u00fcn<\/p>\n<p>G\u00fcney Afrika 25-35 g\u00fcn<\/td>\n<\/tr>\n<\/tbody>\n<\/table>\n<h3 id=\"faq\" class=\"ai-center-markdown-h3\" data-spm-anchor-id=\"a2700.29482153.0.i6.84e671d2THUzZL\">SSS<\/h3>\n<h4 id=\"1-why-should-you-buy-from-us-instead-of-other-suppliers\" class=\"ai-center-markdown-h4\">1. Neden di\u011fer tedarik\u00e7iler yerine bizden sat\u0131n almal\u0131s\u0131n\u0131z?<\/h4>\n<ol class=\"ai-center-markdown-ol\" start=\"1\">\n<li class=\"ai-center-markdown-li\">\u00d6zel tasar\u0131mlar sadece 3 dakika i\u00e7inde haz\u0131r.<\/li>\n<li class=\"ai-center-markdown-li\">24\/7 \u00e7evrimi\u00e7i m\u00fc\u015fteri hizmeti.<\/li>\n<li class=\"ai-center-markdown-li\">7 g\u00fcn i\u00e7inde mevcut stok \u00f6rnekleri; 15 g\u00fcn i\u00e7inde \u00f6zel bas\u0131l\u0131 \u00f6rnekler.<\/li>\n<li class=\"ai-center-markdown-li\">\u00dcretim i\u00e7in 35 g\u00fcn teslim s\u00fcresi.<\/li>\n<li class=\"ai-center-markdown-li\">Profesyonel bir kozmetik ambalaj fabrikas\u0131 olarak 10 y\u0131ldan fazla uzmanl\u0131k.<\/li>\n<li class=\"ai-center-markdown-li\">Fabrika do\u011frudan sat\u0131\u015f en iyi fiyatlar\u0131 ve hizmetleri sa\u011flar.<\/li>\n<li class=\"ai-center-markdown-li\">T\u00fcm kozmetik ambalaj ihtiya\u00e7lar\u0131 i\u00e7in tek durakl\u0131 \u00e7\u00f6z\u00fcm.<\/li>\n<\/ol>\n<h4 id=\"2-who-are-we\" class=\"ai-center-markdown-h4\">2. Biz kimiz?<\/h4>\n<p class=\"ai-center-markdown-p\">2014 y\u0131l\u0131nda kurulan Zhejiang, \u00c7in merkezli bir \u015firketiz. \u00d6zellikle \u0130\u00e7 Pazara (.00), Okyanusya (%8.00%), Ortado\u011fu (%7.00%), Do\u011fu Asya (%2.00%), Kuzey Amerika (%2.00%), Bat\u0131 Avrupa (%2.00%), G\u00fcneydo\u011fu Asya (%2.00%), G\u00fcney Asya (%1.00%), G\u00fcney Amerika (%1.00%), G\u00fcney Avrupa (%1.00%), Orta Amerika (%1.00%), Kuzey Avrupa (%1.00%), Afrika (%1.00) ve Do\u011fu Avrupa (%1.00) dahil olmak \u00fczere ek pazarlara sat\u0131yoruz.<\/p>\n<h4 id=\"3-how-can-we-guarantee-quality\" class=\"ai-center-markdown-h4\">3. Kaliteyi nas\u0131l garanti edebiliriz?<\/h4>\n<ul class=\"ai-center-markdown-ul\">\n<li class=\"ai-center-markdown-li\">Seri \u00fcretimden \u00f6nce her zaman bir \u00f6ncesi \u00fcretim \u00f6rne\u011fi sa\u011flay\u0131n.<\/li>\n<li class=\"ai-center-markdown-li\">Nakliyeden \u00f6nce son denetimler yap\u0131n.<\/li>\n<\/ul>\n<h4 id=\"4-what-can-you-buy-from-us\" class=\"ai-center-markdown-h4\">4. Bizden ne sat\u0131n alabilirsiniz?<\/h4>\n<ul class=\"ai-center-markdown-ul\">\n<li class=\"ai-center-markdown-li\">Cam \u015ei\u015feler<\/li>\n<li class=\"ai-center-markdown-li\">Plastik \u015fi\u015feler \/ kavanozlar \/ t\u00fcpler<\/li>\n<li class=\"ai-center-markdown-li\">Al\u00fcminyum \u015fi\u015feler \/ kavanozlar \/ t\u00fcpler<\/li>\n<li class=\"ai-center-markdown-li\">\u00c7e\u015fitli kozmetik ambalaj malzemeleri<\/li>\n<\/ul>\n<h4 id=\"5-what-services-can-we-provide\" class=\"ai-center-markdown-h4\">5. Hangi hizmetleri sa\u011flayabiliriz?<\/h4>\n<ul class=\"ai-center-markdown-ul\">\n<li class=\"ai-center-markdown-li\"><strong class=\"ai-center-markdown-strong\">Kabul edilen Teslimat Ko\u015fullar\u0131:<\/strong>\u00a0FOB, CFR, CIF<\/li>\n<li class=\"ai-center-markdown-li\"><strong class=\"ai-center-markdown-strong\">Kabul edilen \u00f6deme para birimi:<\/strong>\u00a0ABD Dolar\u0131, EUR, HKD, CNY<\/li>\n<li class=\"ai-center-markdown-li\"><strong class=\"ai-center-markdown-strong\">Kabul edilen \u00d6deme T\u00fcrleri:<\/strong>\u00a0T \/ T, L \/ C, D \/ P, D \/ A<\/li>\n<li class=\"ai-center-markdown-li\"><strong class=\"ai-center-markdown-strong\">Konu\u015fulan Diller:<\/strong>\u00a0\u0130ngilizce, \u00c7ince<\/li>\n<\/ul>\n<p>&nbsp;<\/p>","protected":false},"excerpt":{"rendered":"<p>\u015ei\u015fe Malzemesi: Cam<\/p>\n<p>Kapasite: 30ml \/ 50ml \/ 100ml<\/p>\n<p>Renk: \u00f6zelle\u015ftirmeyi kabul et<\/p>\n<p>Y\u00fczey Bitirme: Serigrafi, buzlama, s\u0131cak damgalama, sprey e\u011fimi, mat bitirme vb.<\/p>\n<p>MOQ: 5000pcs;<\/p>\n<p>&nbsp;<\/p>","protected":false},"featured_media":3003,"comment_status":"closed","ping_status":"closed","template":"","meta":{"_acf_changed":false},"product_brand":[],"product_cat":[17],"product_tag":[],"class_list":{"0":"post-2998","1":"product","2":"type-product","3":"status-publish","4":"has-post-thumbnail","6":"product_cat-perfume-bottle","8":"first","9":"instock","10":"shipping-taxable","11":"product-type-simple"},"acf":[],"_links":{"self":[{"href":"https:\/\/www.cosmepak.com\/tr\/wp-json\/wp\/v2\/product\/2998","targetHints":{"allow":["GET"]}}],"collection":[{"href":"https:\/\/www.cosmepak.com\/tr\/wp-json\/wp\/v2\/product"}],"about":[{"href":"https:\/\/www.cosmepak.com\/tr\/wp-json\/wp\/v2\/types\/product"}],"replies":[{"embeddable":true,"href":"https:\/\/www.cosmepak.com\/tr\/wp-json\/wp\/v2\/comments?post=2998"}],"wp:featuredmedia":[{"embeddable":true,"href":"https:\/\/www.cosmepak.com\/tr\/wp-json\/wp\/v2\/media\/3003"}],"wp:attachment":[{"href":"https:\/\/www.cosmepak.com\/tr\/wp-json\/wp\/v2\/media?parent=2998"}],"wp:term":[{"taxonomy":"product_brand","embeddable":true,"href":"https:\/\/www.cosmepak.com\/tr\/wp-json\/wp\/v2\/product_brand?post=2998"},{"taxonomy":"product_cat","embeddable":true,"href":"https:\/\/www.cosmepak.com\/tr\/wp-json\/wp\/v2\/product_cat?post=2998"},{"taxonomy":"product_tag","embeddable":true,"href":"https:\/\/www.cosmepak.com\/tr\/wp-json\/wp\/v2\/product_tag?post=2998"}],"curies":[{"name":"wp","href":"https:\/\/api.w.org\/{rel}","templated":true}]}}