{"id":3022,"date":"2025-09-29T14:21:50","date_gmt":"2025-09-29T06:21:50","guid":{"rendered":"https:\/\/www.cosmepak.com\/?post_type=product&#038;p=3022"},"modified":"2025-12-29T13:44:55","modified_gmt":"2025-12-29T05:44:55","slug":"cosmetic-plastic-jar-honey-comb-design-cute-small-size-abs-screw-for-skin-care-cream-lip-balm-lip-mask-scrub-eye-cream-applicator","status":"publish","type":"product","link":"https:\/\/www.cosmepak.com\/tr\/product\/cosmetic-plastic-jar-honey-comb-design-cute-small-size-abs-screw-for-skin-care-cream-lip-balm-lip-mask-scrub-eye-cream-applicator\/","title":{"rendered":"Kozmetik Plastik Kavanoz Bal Tarak Tasar\u0131m\u0131 Cilt Bak\u0131m\u0131 Kremi Dudak Balzas\u0131 Dudak Maskesi Scrub G\u00f6z Kremi Aplikat\u00f6r\u00fc i\u00e7in Sevimli K\u00fc\u00e7\u00fck Boyutlu ABS Vida"},"content":{"rendered":"<table style=\"border-collapse: collapse; width: 100%; height: 216px;\">\n<tbody>\n<tr style=\"height: 24px;\">\n<td style=\"width: 40.6929%; height: 216px;\" rowspan=\"8\"><img fetchpriority=\"high\" decoding=\"async\" class=\"alignnone size-full wp-image-3023\" src=\"https:\/\/www.cosmepak.com\/wp-content\/uploads\/2025\/09\/2-1.jpg\" alt=\"\" width=\"1024\" height=\"1024\" srcset=\"https:\/\/www.cosmepak.com\/wp-content\/uploads\/2025\/09\/2-1.jpg 1024w, https:\/\/www.cosmepak.com\/wp-content\/uploads\/2025\/09\/2-1-300x300.jpg 300w, https:\/\/www.cosmepak.com\/wp-content\/uploads\/2025\/09\/2-1-150x150.jpg 150w, https:\/\/www.cosmepak.com\/wp-content\/uploads\/2025\/09\/2-1-768x768.jpg 768w, https:\/\/www.cosmepak.com\/wp-content\/uploads\/2025\/09\/2-1-12x12.jpg 12w, https:\/\/www.cosmepak.com\/wp-content\/uploads\/2025\/09\/2-1-600x600.jpg 600w, https:\/\/www.cosmepak.com\/wp-content\/uploads\/2025\/09\/2-1-100x100.jpg 100w\" sizes=\"(max-width: 1024px) 100vw, 1024px\" \/><\/td>\n<td style=\"width: 28.4645%; height: 24px; text-align: center;\">Marka<\/td>\n<td style=\"width: 30.8425%; height: 24px; text-align: center;\">\u00a0Fahi\u015fe<\/td>\n<\/tr>\n<tr style=\"height: 24px;\">\n<td style=\"width: 28.4645%; height: 24px; text-align: center;\">\u015eekil<\/td>\n<td style=\"width: 30.8425%; height: 24px; text-align: center;\">Yuvarlak<\/td>\n<\/tr>\n<tr style=\"height: 24px;\">\n<td style=\"width: 28.4645%; height: 24px; text-align: center;\">Malzeme<\/td>\n<td style=\"width: 30.8425%; height: 24px; text-align: center;\">ABS<\/td>\n<\/tr>\n<tr style=\"height: 24px;\">\n<td style=\"width: 28.4645%; height: 24px; text-align: center;\">Model<\/td>\n<td style=\"width: 30.8425%; height: 24px; text-align: center;\">JH-JZ7364<\/td>\n<\/tr>\n<tr style=\"height: 24px;\">\n<td style=\"width: 28.4645%; height: 24px; text-align: center;\">OEM ve ODM<\/td>\n<td style=\"width: 30.8425%; height: 24px; text-align: center;\">Kabul etmek<\/td>\n<\/tr>\n<tr style=\"height: 24px;\">\n<td style=\"width: 28.4645%; height: 24px; text-align: center;\">Renk<\/td>\n<td style=\"width: 30.8425%; height: 24px; text-align: center;\">Herhangi bir parton rengi \u00f6zelle\u015ftirilmi\u015f<\/td>\n<\/tr>\n<tr style=\"height: 24px;\">\n<td style=\"width: 28.4645%; height: 24px; text-align: center;\">Kullan\u0131m<\/td>\n<td style=\"width: 30.8425%; height: 24px; text-align: center;\">krem<\/td>\n<\/tr>\n<tr style=\"height: 24px;\">\n<td style=\"width: 28.4645%; height: 24px; text-align: center;\">Moq<\/td>\n<td style=\"width: 30.8425%; height: 24px; text-align: center;\">10000 pcs<\/td>\n<\/tr>\n<\/tbody>\n<\/table>\n<table style=\"border-collapse: collapse; width: 100%; height: 192px;\">\n<tbody>\n<tr style=\"height: 24px;\">\n<td style=\"width: 8.61543%; text-align: center; height: 24px;\"><strong>Kapasite<\/strong><\/td>\n<td style=\"width: 7.97343%; text-align: center; height: 24px;\"><strong>Toplam y\u00fckseklik<\/strong><\/td>\n<td style=\"width: 8.52052%; text-align: center; height: 24px;\"><strong>Alt \u00e7ap<\/strong><\/td>\n<td style=\"width: 8.64621%; text-align: center;\"><strong>Boyun boyutu<\/strong><\/td>\n<td style=\"width: 8.16567%; text-align: center; height: 24px;\"><b>Omuz y\u00fcksekli\u011fi<\/b><\/td>\n<td style=\"width: 8.16567%; text-align: center; height: 24px;\"><b>A\u011f\u0131rl\u0131k<\/b><\/td>\n<\/tr>\n<tr style=\"height: 24px;\">\n<td style=\"width: 8.61543%; text-align: center; height: 24px;\">7 ml'lik<\/td>\n<td style=\"width: 7.97343%; text-align: center; height: 24px;\">36 mm<\/td>\n<td style=\"width: 8.52052%; text-align: center; height: 24px;\">42.5mm<\/td>\n<td style=\"width: 8.64621%; text-align: center;\">29.5mm<\/td>\n<td style=\"width: 8.16567%; text-align: center; height: 24px;\">17 mm'lik<\/td>\n<td style=\"width: 8.16567%; text-align: center; height: 24px;\">28 gr<\/td>\n<\/tr>\n<\/tbody>\n<\/table>\n<p>Yeni piyasaya s\u00fcr\u00fclm\u00fc\u015f bal yuvar\u0131\u011f\u0131 tasar\u0131m\u0131 g\u00fczellik plastik \u015fi\u015femiz bu iki \u00f6zelli\u011fi m\u00fckemmel bir \u015fekilde birle\u015ftirir &#8211; kompakt ve k\u00fc\u00e7\u00fck boyutlu, \u015feffaf ABS malzemesinden yap\u0131lm\u0131\u015f, g\u00fcvenlik kilidi ile donat\u0131lm\u0131\u015f ve ayr\u0131ca \u00e7e\u015fitli cilt bak\u0131m \u00fcr\u00fcnleri i\u00e7in pratik bir uygulay\u0131c\u0131 olarak hizmet vermektedir. Sadece bir konteyner de\u011fil.<\/p>\n<p>Benzersiz tasarlanm\u0131\u015f ve parlak renkli bal uygulay\u0131c\u0131s\u0131 hayat\u0131n\u0131za b\u00fcy\u00fcl\u00fc bir cazibe ekler. Sevimli ar\u0131 desenleriyle s\u00fcslenmi\u015f ve pratikli\u011fi keyifli estetik ile m\u00fckemmel bir \u015fekilde birle\u015ftiren bir bal sopas\u0131 \u015fekline sahiptir. Bu k\u00fc\u00e7\u00fck uygulay\u0131c\u0131 ruh halinizi daha ne\u015feli hale getirebilir ve g\u00fcnl\u00fck hayat\u0131n\u0131z\u0131 e\u011flenceli hale getirebilir &#8211; hayat\u0131n\u0131za tatl\u0131 ve \u00e7ocukluk cazibesi eklemek i\u00e7in son derece uygundur.<\/p>\n<p>\u015eekili klasik bir bal sopas\u0131 gibidir, pratikli\u011fi tatl\u0131 bir estetik cazibe ile birle\u015ftirir. Bu kompakt ara\u00e7, s\u0131radan anlar\u0131 (dudaklara uygulama gibi) e\u011flenceli hale getirebilir ve g\u00fcnl\u00fck hayat\u0131n\u0131z\u0131 s\u0131cak ve \u00e7ocukluk bir parlakl\u0131kla sar\u0131p alabilir.<\/p>\n<p>Y\u00fcksek kaliteli ambalaj \u00fcr\u00fcnleri sunuyoruz; Ayr\u0131ca \u00e7evre dostu ve geri d\u00f6n\u00fc\u015ft\u00fcr\u00fclebilir ambalajlar\u0131n ara\u015ft\u0131r\u0131lmas\u0131 ve \u00fcretimine odaklan\u0131yoruz ve markan\u0131z\u0131n \u00e7e\u015fitli ihtiya\u00e7lar\u0131n\u0131 tam olarak kar\u015f\u0131lamak i\u00e7in tek durak bir hizmet sunuyoruz.<\/p>\n<p id=\"custom-irregular-shaped-glass-foundation-bottle---sleek-and-stylish\" class=\"ai-center-markdown-h3\" data-spm-anchor-id=\"a2747.product_manager.0.i8.4c7f71d2K47WyR\"><span style=\"font-size: 12pt;\">Herhangi bir ihtiyac\u0131n\u0131z varsa - l\u00fctfen \u00e7evre dostu malzeme se\u00e7enekleri hakk\u0131nda sormaktan veya yeni \u00fcr\u00fcn hatt\u0131n\u0131z i\u00e7in tam bir ambalaj \u00e7\u00f6z\u00fcm\u00fcn\u00fc tart\u0131\u015fmaktan \u00e7ekinmeyin - l\u00fctfen bize haber verin. Fikirlerinizi g\u00fczellik end\u00fcstrisindeki markan\u0131z\u0131n ba\u015far\u0131s\u0131n\u0131 s\u00fcrd\u00fcren y\u00fcksek kaliteli, pazar rekabet\u00e7i ambalajlara d\u00f6n\u00fc\u015ft\u00fcrmek i\u00e7in buraday\u0131z!<\/span><\/p>\n<table style=\"border-collapse: collapse; width: 100%;\">\n<tbody>\n<tr>\n<td style=\"width: 33.3333%;\"><img decoding=\"async\" class=\"alignnone size-full wp-image-3802\" src=\"https:\/\/www.cosmepak.com\/wp-content\/uploads\/2025\/09\/\u8be6\u60c5-51.jpg\" alt=\"\" width=\"1000\" height=\"1000\" srcset=\"https:\/\/www.cosmepak.com\/wp-content\/uploads\/2025\/09\/\u8be6\u60c5-51.jpg 1000w, https:\/\/www.cosmepak.com\/wp-content\/uploads\/2025\/09\/\u8be6\u60c5-51-300x300.jpg 300w, https:\/\/www.cosmepak.com\/wp-content\/uploads\/2025\/09\/\u8be6\u60c5-51-150x150.jpg 150w, https:\/\/www.cosmepak.com\/wp-content\/uploads\/2025\/09\/\u8be6\u60c5-51-768x768.jpg 768w, https:\/\/www.cosmepak.com\/wp-content\/uploads\/2025\/09\/\u8be6\u60c5-51-12x12.jpg 12w, https:\/\/www.cosmepak.com\/wp-content\/uploads\/2025\/09\/\u8be6\u60c5-51-600x600.jpg 600w, https:\/\/www.cosmepak.com\/wp-content\/uploads\/2025\/09\/\u8be6\u60c5-51-100x100.jpg 100w\" sizes=\"(max-width: 1000px) 100vw, 1000px\" \/><\/td>\n<td style=\"width: 33.3333%;\"><img decoding=\"async\" class=\"alignnone size-full wp-image-3803\" src=\"https:\/\/www.cosmepak.com\/wp-content\/uploads\/2025\/09\/\u4e3b\u56fe-21.jpg\" alt=\"\" width=\"1000\" height=\"1000\" srcset=\"https:\/\/www.cosmepak.com\/wp-content\/uploads\/2025\/09\/\u4e3b\u56fe-21.jpg 1000w, https:\/\/www.cosmepak.com\/wp-content\/uploads\/2025\/09\/\u4e3b\u56fe-21-300x300.jpg 300w, https:\/\/www.cosmepak.com\/wp-content\/uploads\/2025\/09\/\u4e3b\u56fe-21-150x150.jpg 150w, https:\/\/www.cosmepak.com\/wp-content\/uploads\/2025\/09\/\u4e3b\u56fe-21-768x768.jpg 768w, https:\/\/www.cosmepak.com\/wp-content\/uploads\/2025\/09\/\u4e3b\u56fe-21-12x12.jpg 12w, https:\/\/www.cosmepak.com\/wp-content\/uploads\/2025\/09\/\u4e3b\u56fe-21-600x600.jpg 600w, https:\/\/www.cosmepak.com\/wp-content\/uploads\/2025\/09\/\u4e3b\u56fe-21-100x100.jpg 100w\" sizes=\"(max-width: 1000px) 100vw, 1000px\" \/><\/td>\n<td style=\"width: 33.3333%;\"><img loading=\"lazy\" decoding=\"async\" class=\"alignnone size-full wp-image-3804\" src=\"https:\/\/www.cosmepak.com\/wp-content\/uploads\/2025\/09\/\u4e3b\u56fe-31.jpg\" alt=\"\" width=\"1000\" height=\"1000\" srcset=\"https:\/\/www.cosmepak.com\/wp-content\/uploads\/2025\/09\/\u4e3b\u56fe-31.jpg 1000w, https:\/\/www.cosmepak.com\/wp-content\/uploads\/2025\/09\/\u4e3b\u56fe-31-300x300.jpg 300w, https:\/\/www.cosmepak.com\/wp-content\/uploads\/2025\/09\/\u4e3b\u56fe-31-150x150.jpg 150w, https:\/\/www.cosmepak.com\/wp-content\/uploads\/2025\/09\/\u4e3b\u56fe-31-768x768.jpg 768w, https:\/\/www.cosmepak.com\/wp-content\/uploads\/2025\/09\/\u4e3b\u56fe-31-12x12.jpg 12w, https:\/\/www.cosmepak.com\/wp-content\/uploads\/2025\/09\/\u4e3b\u56fe-31-600x600.jpg 600w, https:\/\/www.cosmepak.com\/wp-content\/uploads\/2025\/09\/\u4e3b\u56fe-31-100x100.jpg 100w\" sizes=\"(max-width: 1000px) 100vw, 1000px\" \/><\/td>\n<\/tr>\n<\/tbody>\n<\/table>\n<p>&nbsp;<\/p>","protected":false},"excerpt":{"rendered":"<p>Malzeme: ABS \/ AS<\/p>\n<p>Kapasite: 7ml<\/p>\n<p>Renk: \u00d6zelle\u015ftirilmi\u015f Kabul (Mevcut Pantone Rengi)<\/p>\n<p>Y\u00fczey Kaplama: Serip Bask\u0131, S\u0131cak Damgalama, P\u00fcsk\u00fcrtme Gradyan, Mat Kaplama, vb.<\/p>\n<p>MOQ: 10000 pcs<\/p>\n<p>\u00d6rnek: \u00dccretsiz \u00f6rnekler mevcut<\/p>\n<p>&nbsp;<\/p>\n<p>&nbsp;<\/p>","protected":false},"featured_media":3024,"comment_status":"closed","ping_status":"closed","template":"","meta":{"_acf_changed":false},"product_brand":[],"product_cat":[36],"product_tag":[40],"class_list":{"0":"post-3022","1":"product","2":"type-product","3":"status-publish","4":"has-post-thumbnail","6":"product_cat-makeup","7":"product_tag-essential-oil-bottle","9":"first","10":"instock","11":"shipping-taxable","12":"product-type-simple"},"acf":[],"_links":{"self":[{"href":"https:\/\/www.cosmepak.com\/tr\/wp-json\/wp\/v2\/product\/3022","targetHints":{"allow":["GET"]}}],"collection":[{"href":"https:\/\/www.cosmepak.com\/tr\/wp-json\/wp\/v2\/product"}],"about":[{"href":"https:\/\/www.cosmepak.com\/tr\/wp-json\/wp\/v2\/types\/product"}],"replies":[{"embeddable":true,"href":"https:\/\/www.cosmepak.com\/tr\/wp-json\/wp\/v2\/comments?post=3022"}],"wp:featuredmedia":[{"embeddable":true,"href":"https:\/\/www.cosmepak.com\/tr\/wp-json\/wp\/v2\/media\/3024"}],"wp:attachment":[{"href":"https:\/\/www.cosmepak.com\/tr\/wp-json\/wp\/v2\/media?parent=3022"}],"wp:term":[{"taxonomy":"product_brand","embeddable":true,"href":"https:\/\/www.cosmepak.com\/tr\/wp-json\/wp\/v2\/product_brand?post=3022"},{"taxonomy":"product_cat","embeddable":true,"href":"https:\/\/www.cosmepak.com\/tr\/wp-json\/wp\/v2\/product_cat?post=3022"},{"taxonomy":"product_tag","embeddable":true,"href":"https:\/\/www.cosmepak.com\/tr\/wp-json\/wp\/v2\/product_tag?post=3022"}],"curies":[{"name":"wp","href":"https:\/\/api.w.org\/{rel}","templated":true}]}}