{"id":3598,"date":"2025-12-05T13:34:01","date_gmt":"2025-12-05T05:34:01","guid":{"rendered":"https:\/\/www.cosmepak.com\/?post_type=product&#038;p=3598"},"modified":"2025-12-05T13:34:01","modified_gmt":"2025-12-05T05:34:01","slug":"100ml-150ml-and-200ml-pet-foam-pump-bottle","status":"publish","type":"product","link":"https:\/\/www.cosmepak.com\/tr\/product\/100ml-150ml-and-200ml-pet-foam-pump-bottle\/","title":{"rendered":"100ml 150ml ve 200ml PET k\u00f6p\u00fck pompa \u015fi\u015fesi"},"content":{"rendered":"<table style=\"border-collapse: collapse; width: 100%; height: 168px;\">\n<tbody>\n<tr style=\"height: 24px;\">\n<td style=\"width: 33.3333%; height: 168px;\" rowspan=\"7\"><img fetchpriority=\"high\" decoding=\"async\" class=\"alignnone size-full wp-image-3599\" src=\"https:\/\/www.cosmepak.com\/wp-content\/uploads\/2025\/12\/\u4e3b\u56fe-6.jpg\" alt=\"\" width=\"800\" height=\"800\" srcset=\"https:\/\/www.cosmepak.com\/wp-content\/uploads\/2025\/12\/\u4e3b\u56fe-6.jpg 800w, https:\/\/www.cosmepak.com\/wp-content\/uploads\/2025\/12\/\u4e3b\u56fe-6-300x300.jpg 300w, https:\/\/www.cosmepak.com\/wp-content\/uploads\/2025\/12\/\u4e3b\u56fe-6-150x150.jpg 150w, https:\/\/www.cosmepak.com\/wp-content\/uploads\/2025\/12\/\u4e3b\u56fe-6-768x768.jpg 768w, https:\/\/www.cosmepak.com\/wp-content\/uploads\/2025\/12\/\u4e3b\u56fe-6-12x12.jpg 12w, https:\/\/www.cosmepak.com\/wp-content\/uploads\/2025\/12\/\u4e3b\u56fe-6-600x600.jpg 600w, https:\/\/www.cosmepak.com\/wp-content\/uploads\/2025\/12\/\u4e3b\u56fe-6-100x100.jpg 100w\" sizes=\"(max-width: 800px) 100vw, 800px\" \/><\/td>\n<td style=\"width: 13.6311%; height: 24px;\">Marka<\/td>\n<td style=\"width: 53.0355%; height: 24px;\">Fahi\u015fe<\/td>\n<\/tr>\n<tr style=\"height: 24px;\">\n<td style=\"width: 13.6311%; height: 24px;\">Model<\/td>\n<td style=\"width: 53.0355%; height: 24px;\">JH-LWSM09 i\u00e7in<\/td>\n<\/tr>\n<tr style=\"height: 24px;\">\n<td style=\"width: 13.6311%; height: 24px;\">Kapak<\/td>\n<td style=\"width: 53.0355%; height: 24px;\">100ml \/ 150ml \/ 200ml<\/td>\n<\/tr>\n<tr style=\"height: 24px;\">\n<td style=\"width: 13.6311%; height: 24px;\">A\u011f\u0131rl\u0131k<\/td>\n<td style=\"width: 53.0355%; height: 24px;\">54g \/ 54.4g \/ 62.8g<\/td>\n<\/tr>\n<tr style=\"height: 24px;\">\n<td style=\"width: 13.6311%; height: 24px;\">Renk<\/td>\n<td style=\"width: 53.0355%; height: 24px;\">\u00f6zelle\u015ftirilmi\u015f<\/td>\n<\/tr>\n<tr style=\"height: 24px;\">\n<td style=\"width: 13.6311%; height: 24px;\">Malzeme<\/td>\n<td style=\"width: 53.0355%; height: 24px;\">PET ve PP<\/td>\n<\/tr>\n<tr style=\"height: 24px;\">\n<td style=\"width: 13.6311%; height: 24px;\">S\u0131v\u0131 \u00e7\u0131k\u0131\u015f\u0131<\/td>\n<td style=\"width: 53.0355%; height: 24px;\">0.8ml\/t<\/td>\n<\/tr>\n<\/tbody>\n<\/table>\n<table style=\"border-collapse: collapse; width: 100%;\">\n<tbody>\n<tr>\n<td style=\"width: 16.6667%; text-align: center;\">Kapasite<\/td>\n<td style=\"width: 16.6667%; text-align: center;\">Toplam y\u00fckseklik<\/td>\n<td style=\"width: 16.6667%; text-align: center;\">\u015ei\u015fe y\u00fcksekli\u011fi<\/td>\n<td style=\"width: 16.6667%; text-align: center;\">Yazd\u0131r\u0131labilir y\u00fckseklik<\/td>\n<td style=\"width: 19.4745%; text-align: center;\">Alt \u00e7evresi<\/td>\n<td style=\"width: 13.8589%; text-align: center;\">A\u011f\u0131rl\u0131k<\/td>\n<\/tr>\n<tr>\n<td style=\"width: 16.6667%; text-align: center;\">100ml<\/td>\n<td style=\"width: 16.6667%; text-align: center;\">143mm'lik<\/td>\n<td style=\"width: 16.6667%; text-align: center;\">102mm<\/td>\n<td style=\"width: 16.6667%; text-align: center;\">72mm<\/td>\n<td style=\"width: 19.4745%; text-align: center;\">150 mm'lik<\/td>\n<td style=\"width: 13.8589%; text-align: center;\">54g<\/td>\n<\/tr>\n<tr>\n<td style=\"width: 16.6667%; text-align: center;\">150ml<\/td>\n<td style=\"width: 16.6667%; text-align: center;\">165mm'lik<\/td>\n<td style=\"width: 16.6667%; text-align: center;\">123mm'lik<\/td>\n<td style=\"width: 16.6667%; text-align: center;\">92mm<\/td>\n<td style=\"width: 19.4745%; text-align: center;\">150 mm'lik<\/td>\n<td style=\"width: 13.8589%; text-align: center;\">54.4g<\/td>\n<\/tr>\n<tr>\n<td style=\"width: 16.6667%; text-align: center;\">200ml<\/td>\n<td style=\"width: 16.6667%; text-align: center;\">197mm'lik<\/td>\n<td style=\"width: 16.6667%; text-align: center;\">155 mm<\/td>\n<td style=\"width: 16.6667%; text-align: center;\">127mm'lik<\/td>\n<td style=\"width: 19.4745%; text-align: center;\">150 mm'lik<\/td>\n<td style=\"width: 13.8589%; text-align: center;\">62.8g<\/td>\n<\/tr>\n<\/tbody>\n<\/table>\n<table style=\"border-collapse: collapse; width: 100%;\">\n<tbody>\n<tr>\n<td style=\"width: 16.0637%; text-align: center;\"><strong>\u00d6\u011fe\u00a0<\/strong><\/td>\n<td style=\"width: 18.3316%; text-align: center;\"><strong>Kapasite<\/strong><\/td>\n<td style=\"width: 21.9762%; text-align: center;\"><strong>Paket Miktar<\/strong><\/td>\n<td style=\"width: 22.6241%; text-align: center;\"><strong>Karton boyutu<\/strong><\/td>\n<td style=\"width: 21.0044%; text-align: center;\"><strong>GW<\/strong><\/td>\n<\/tr>\n<tr>\n<td style=\"width: 16.0637%; text-align: center;\" rowspan=\"3\">\u015ei\u015fe<\/td>\n<td style=\"width: 18.3316%; text-align: center;\">100ml<\/td>\n<td style=\"width: 21.9762%; text-align: center;\">650 adet<\/td>\n<td style=\"width: 22.6241%; text-align: center;\">60 * 44 * 59 cm<\/td>\n<td style=\"width: 21.0044%; text-align: center;\">16.5kg<\/td>\n<\/tr>\n<tr>\n<td style=\"width: 18.3316%; text-align: center;\">150ml<\/td>\n<td style=\"width: 21.9762%; text-align: center;\">550 adet<\/td>\n<td style=\"width: 22.6241%; text-align: center;\">60 * 44 * 59 cm<\/td>\n<td style=\"width: 21.0044%; text-align: center;\">A: Sometrie \u015fi\u015feleri yeniden doldurulabilir ve PP plastik gibi geri d\u00f6n\u00fc\u015ft\u00fcr\u00fclebilir malzemeler kullan\u0131r. Bunlar, kalitesi kayb\u0131 olmadan \u00e7evre dostu olmak isteyen markalar i\u00e7in uygundur.<\/td>\n<\/tr>\n<tr>\n<td style=\"width: 18.3316%; text-align: center;\">200ml<\/td>\n<td style=\"width: 21.9762%; text-align: center;\">420 adet<\/td>\n<td style=\"width: 22.6241%; text-align: center;\">60 * 44 * 59 cm<\/td>\n<td style=\"width: 21.0044%; text-align: center;\">14.5kg<\/td>\n<\/tr>\n<tr>\n<td style=\"width: 16.0637%; text-align: center;\">Pompa<\/td>\n<td style=\"width: 18.3316%; text-align: center;\">\/<\/td>\n<td style=\"width: 21.9762%; text-align: center;\">250 adet<\/td>\n<td style=\"width: 22.6241%; text-align: center;\">45 * 35 * 30 cm<\/td>\n<td style=\"width: 21.0044%; text-align: center;\">8.5kg<\/td>\n<\/tr>\n<\/tbody>\n<\/table>\n<p>JH-LWSM09 k\u00f6p\u00fck \u015fi\u015fesi, ki\u015fisel bak\u0131m ve g\u00fczellik gibi senaryolar i\u00e7in uygun pratik bir dolum konteyneridir. Esnek se\u00e7enekler, g\u00fcvenli malzemeler ve \u00f6zelle\u015ftirilebilir \u00f6zellikler ile s\u0131v\u0131 ay\u0131rma i\u00e7in m\u00fckemmel bir se\u00e7imdir. Esnek se\u00e7enekleri, g\u00fcvenli malzemeleri ve \u00f6zelle\u015ftirilebilir \u00f6zellikleri ile s\u0131v\u0131 doldurma i\u00e7in m\u00fckemmel bir se\u00e7im haline geldi.<\/p>\n<p>\u00dc\u00e7 boyutla destekliyoruz: 100ML, 150ML ve 200ML. Toplam y\u00fckseklik 143 ila 197mm aras\u0131ndad\u0131r. Yazd\u0131r\u0131labilen \u015fi\u015fenin \u00fczerindeki alan\u0131 72 ila 127MM aras\u0131ndad\u0131r.<\/p>\n<p>\u015ei\u015fenin g\u00f6vdesi, PET PP malzemelerinden (herhangi bir kokusuz, daha rahatlat\u0131c\u0131) yap\u0131lm\u0131\u015ft\u0131r, seferinde 0.8ML'lik istikrarl\u0131 bir s\u0131v\u0131 \u00e7\u0131k\u0131\u015f\u0131 ile. K\u00f6p\u00fck ince ve e\u015fit bir \u015fekilde da\u011f\u0131t\u0131l\u0131r, s\u0131v\u0131 at\u0131klardan ka\u00e7\u0131n\u0131r. \u015eeffaf, saf beyaz ve renkli gibi \u00e7e\u015fitli stilleri destekler ve basit bir k\u00f6p\u00fck kafa tasar\u0131m\u0131, pratikli\u011fi dengeleme ve g\u00f6rsel doku ile e\u015fle\u015ftirilir &#8211; bu&#8217; s minimalist g\u00fcnl\u00fck da\u011f\u0131t\u0131m veya marka logolar\u0131 ile ambalajlama gereksinimleri i\u00e7in, kolayca uyarlanabilir.<\/p>\n<p>Bu \u015fi\u015fe ayr\u0131ca \u00f6zel ekran bask\u0131s\u0131, renk \u00f6zelle\u015ftirme, kum p\u00fcsk\u00fcrtme, \u0131s\u0131 transfer bask\u0131s\u0131 ve di\u011fer i\u015flemleri kabul eder ve benzersiz g\u00f6r\u00fcn\u00fcmler olu\u015fturmay\u0131 sa\u011flar.<\/p>\n<p>Ev kullan\u0131m\u0131, g\u00fczellik st\u00fcdyolar\u0131 ve marka ambalajlar\u0131 dahil olmak \u00fczere \u00e7e\u015fitli senaryolar\u0131 kapsayan el temizleyici, y\u00fcz temizleme jeli ve sa\u00e7 bak\u0131m k\u00f6p\u00fc\u011f\u00fc gibi s\u0131v\u0131 \u00fcr\u00fcnleri ambalajlamak i\u00e7in uygundur.<\/p>\n<p><img decoding=\"async\" class=\"wp-image-3616 aligncenter\" src=\"https:\/\/www.cosmepak.com\/wp-content\/uploads\/2025\/12\/\u8be6\u60c5-4-1.jpg\" alt=\"\" width=\"1399\" height=\"1399\" srcset=\"https:\/\/www.cosmepak.com\/wp-content\/uploads\/2025\/12\/\u8be6\u60c5-4-1.jpg 1000w, https:\/\/www.cosmepak.com\/wp-content\/uploads\/2025\/12\/\u8be6\u60c5-4-1-300x300.jpg 300w, https:\/\/www.cosmepak.com\/wp-content\/uploads\/2025\/12\/\u8be6\u60c5-4-1-150x150.jpg 150w, https:\/\/www.cosmepak.com\/wp-content\/uploads\/2025\/12\/\u8be6\u60c5-4-1-768x768.jpg 768w, https:\/\/www.cosmepak.com\/wp-content\/uploads\/2025\/12\/\u8be6\u60c5-4-1-12x12.jpg 12w, https:\/\/www.cosmepak.com\/wp-content\/uploads\/2025\/12\/\u8be6\u60c5-4-1-600x600.jpg 600w, https:\/\/www.cosmepak.com\/wp-content\/uploads\/2025\/12\/\u8be6\u60c5-4-1-100x100.jpg 100w\" sizes=\"(max-width: 1399px) 100vw, 1399px\" \/><\/p>\n<table style=\"border-collapse: collapse; width: 100%;\">\n<tbody>\n<tr>\n<td style=\"width: 33.3333%;\"><img decoding=\"async\" class=\"alignnone size-full wp-image-3617\" src=\"https:\/\/www.cosmepak.com\/wp-content\/uploads\/2025\/12\/\u8be6\u60c5-51.jpg\" alt=\"\" width=\"1000\" height=\"1000\" srcset=\"https:\/\/www.cosmepak.com\/wp-content\/uploads\/2025\/12\/\u8be6\u60c5-51.jpg 1000w, https:\/\/www.cosmepak.com\/wp-content\/uploads\/2025\/12\/\u8be6\u60c5-51-300x300.jpg 300w, https:\/\/www.cosmepak.com\/wp-content\/uploads\/2025\/12\/\u8be6\u60c5-51-150x150.jpg 150w, https:\/\/www.cosmepak.com\/wp-content\/uploads\/2025\/12\/\u8be6\u60c5-51-768x768.jpg 768w, https:\/\/www.cosmepak.com\/wp-content\/uploads\/2025\/12\/\u8be6\u60c5-51-12x12.jpg 12w, https:\/\/www.cosmepak.com\/wp-content\/uploads\/2025\/12\/\u8be6\u60c5-51-600x600.jpg 600w, https:\/\/www.cosmepak.com\/wp-content\/uploads\/2025\/12\/\u8be6\u60c5-51-100x100.jpg 100w\" sizes=\"(max-width: 1000px) 100vw, 1000px\" \/><\/td>\n<td style=\"width: 33.3333%;\"><img loading=\"lazy\" decoding=\"async\" class=\"alignnone size-full wp-image-3618\" src=\"https:\/\/www.cosmepak.com\/wp-content\/uploads\/2025\/12\/\u8be6\u60c5-71.jpg\" alt=\"\" width=\"1000\" height=\"1000\" srcset=\"https:\/\/www.cosmepak.com\/wp-content\/uploads\/2025\/12\/\u8be6\u60c5-71.jpg 1000w, https:\/\/www.cosmepak.com\/wp-content\/uploads\/2025\/12\/\u8be6\u60c5-71-300x300.jpg 300w, https:\/\/www.cosmepak.com\/wp-content\/uploads\/2025\/12\/\u8be6\u60c5-71-150x150.jpg 150w, https:\/\/www.cosmepak.com\/wp-content\/uploads\/2025\/12\/\u8be6\u60c5-71-768x768.jpg 768w, https:\/\/www.cosmepak.com\/wp-content\/uploads\/2025\/12\/\u8be6\u60c5-71-12x12.jpg 12w, https:\/\/www.cosmepak.com\/wp-content\/uploads\/2025\/12\/\u8be6\u60c5-71-600x600.jpg 600w, https:\/\/www.cosmepak.com\/wp-content\/uploads\/2025\/12\/\u8be6\u60c5-71-100x100.jpg 100w\" sizes=\"(max-width: 1000px) 100vw, 1000px\" \/><\/td>\n<td style=\"width: 33.3333%;\"><img loading=\"lazy\" decoding=\"async\" class=\"alignnone size-full wp-image-3619\" src=\"https:\/\/www.cosmepak.com\/wp-content\/uploads\/2025\/12\/\u8be6\u60c5-61.jpg\" alt=\"\" width=\"1000\" height=\"1000\" srcset=\"https:\/\/www.cosmepak.com\/wp-content\/uploads\/2025\/12\/\u8be6\u60c5-61.jpg 1000w, https:\/\/www.cosmepak.com\/wp-content\/uploads\/2025\/12\/\u8be6\u60c5-61-300x300.jpg 300w, https:\/\/www.cosmepak.com\/wp-content\/uploads\/2025\/12\/\u8be6\u60c5-61-150x150.jpg 150w, https:\/\/www.cosmepak.com\/wp-content\/uploads\/2025\/12\/\u8be6\u60c5-61-768x768.jpg 768w, https:\/\/www.cosmepak.com\/wp-content\/uploads\/2025\/12\/\u8be6\u60c5-61-12x12.jpg 12w, https:\/\/www.cosmepak.com\/wp-content\/uploads\/2025\/12\/\u8be6\u60c5-61-600x600.jpg 600w, https:\/\/www.cosmepak.com\/wp-content\/uploads\/2025\/12\/\u8be6\u60c5-61-100x100.jpg 100w\" sizes=\"(max-width: 1000px) 100vw, 1000px\" \/><\/td>\n<\/tr>\n<\/tbody>\n<\/table>\n<table style=\"border-collapse: collapse; width: 100%;\">\n<tbody>\n<tr>\n<td style=\"width: 50%;\"><img loading=\"lazy\" decoding=\"async\" class=\"alignnone size-full wp-image-3620\" src=\"https:\/\/www.cosmepak.com\/wp-content\/uploads\/2025\/12\/\u8be6\u60c5-91-1.jpg\" alt=\"\" width=\"1000\" height=\"1000\" srcset=\"https:\/\/www.cosmepak.com\/wp-content\/uploads\/2025\/12\/\u8be6\u60c5-91-1.jpg 1000w, https:\/\/www.cosmepak.com\/wp-content\/uploads\/2025\/12\/\u8be6\u60c5-91-1-300x300.jpg 300w, https:\/\/www.cosmepak.com\/wp-content\/uploads\/2025\/12\/\u8be6\u60c5-91-1-150x150.jpg 150w, https:\/\/www.cosmepak.com\/wp-content\/uploads\/2025\/12\/\u8be6\u60c5-91-1-768x768.jpg 768w, https:\/\/www.cosmepak.com\/wp-content\/uploads\/2025\/12\/\u8be6\u60c5-91-1-12x12.jpg 12w, https:\/\/www.cosmepak.com\/wp-content\/uploads\/2025\/12\/\u8be6\u60c5-91-1-600x600.jpg 600w, https:\/\/www.cosmepak.com\/wp-content\/uploads\/2025\/12\/\u8be6\u60c5-91-1-100x100.jpg 100w\" sizes=\"(max-width: 1000px) 100vw, 1000px\" \/><\/td>\n<td style=\"width: 50%;\"><img loading=\"lazy\" decoding=\"async\" class=\"alignnone size-full wp-image-3621\" src=\"https:\/\/www.cosmepak.com\/wp-content\/uploads\/2025\/12\/\u4e3b\u56fe-41-1.jpg\" alt=\"\" width=\"1000\" height=\"1000\" srcset=\"https:\/\/www.cosmepak.com\/wp-content\/uploads\/2025\/12\/\u4e3b\u56fe-41-1.jpg 1000w, https:\/\/www.cosmepak.com\/wp-content\/uploads\/2025\/12\/\u4e3b\u56fe-41-1-300x300.jpg 300w, https:\/\/www.cosmepak.com\/wp-content\/uploads\/2025\/12\/\u4e3b\u56fe-41-1-150x150.jpg 150w, https:\/\/www.cosmepak.com\/wp-content\/uploads\/2025\/12\/\u4e3b\u56fe-41-1-768x768.jpg 768w, https:\/\/www.cosmepak.com\/wp-content\/uploads\/2025\/12\/\u4e3b\u56fe-41-1-12x12.jpg 12w, https:\/\/www.cosmepak.com\/wp-content\/uploads\/2025\/12\/\u4e3b\u56fe-41-1-600x600.jpg 600w, https:\/\/www.cosmepak.com\/wp-content\/uploads\/2025\/12\/\u4e3b\u56fe-41-1-100x100.jpg 100w\" sizes=\"(max-width: 1000px) 100vw, 1000px\" \/><\/td>\n<\/tr>\n<\/tbody>\n<\/table>","protected":false},"excerpt":{"rendered":"<p>\u015ei\u015fe Malzemesi: PE<\/p>\n<p>Kapak Malzemesi: PP<\/p>\n<p>Kapasite: 350ml<\/p>\n<p>Kapak: K\u00f6p\u00fck Pompas\u0131<\/p>\n<p>Renk: \u00d6zelle\u015ftirilmi\u015f (herhangi bir Pantone Rengi Avalable)<\/p>\n<p>Y\u00fczey Kaplama: Serip bask\u0131, buzlanma, s\u0131cak damgalama, sprey gradyan\u0131, mat kaplama vb.<\/p>\n<p>MOQ: 5000pcs;<\/p>\n<p>&nbsp;<\/p>","protected":false},"featured_media":3621,"comment_status":"closed","ping_status":"closed","template":"","meta":{"_acf_changed":false},"product_brand":[],"product_cat":[50,18],"product_tag":[41],"class_list":{"0":"post-3598","1":"product","2":"type-product","3":"status-publish","4":"has-post-thumbnail","6":"product_cat-foam-bottle","7":"product_cat-plastic-bottle","8":"product_tag-plastic-bottle","10":"first","11":"instock","12":"shipping-taxable","13":"product-type-simple"},"acf":[],"_links":{"self":[{"href":"https:\/\/www.cosmepak.com\/tr\/wp-json\/wp\/v2\/product\/3598","targetHints":{"allow":["GET"]}}],"collection":[{"href":"https:\/\/www.cosmepak.com\/tr\/wp-json\/wp\/v2\/product"}],"about":[{"href":"https:\/\/www.cosmepak.com\/tr\/wp-json\/wp\/v2\/types\/product"}],"replies":[{"embeddable":true,"href":"https:\/\/www.cosmepak.com\/tr\/wp-json\/wp\/v2\/comments?post=3598"}],"wp:featuredmedia":[{"embeddable":true,"href":"https:\/\/www.cosmepak.com\/tr\/wp-json\/wp\/v2\/media\/3621"}],"wp:attachment":[{"href":"https:\/\/www.cosmepak.com\/tr\/wp-json\/wp\/v2\/media?parent=3598"}],"wp:term":[{"taxonomy":"product_brand","embeddable":true,"href":"https:\/\/www.cosmepak.com\/tr\/wp-json\/wp\/v2\/product_brand?post=3598"},{"taxonomy":"product_cat","embeddable":true,"href":"https:\/\/www.cosmepak.com\/tr\/wp-json\/wp\/v2\/product_cat?post=3598"},{"taxonomy":"product_tag","embeddable":true,"href":"https:\/\/www.cosmepak.com\/tr\/wp-json\/wp\/v2\/product_tag?post=3598"}],"curies":[{"name":"wp","href":"https:\/\/api.w.org\/{rel}","templated":true}]}}