{"id":3626,"date":"2025-12-05T13:37:56","date_gmt":"2025-12-05T05:37:56","guid":{"rendered":"https:\/\/www.cosmepak.com\/?post_type=product&#038;p=3626"},"modified":"2026-04-22T14:45:09","modified_gmt":"2026-04-22T06:45:09","slug":"30ml-60ml-petg-mu-si-bubble-bottle-with-foam-pump-for-skin-care-packaging","status":"publish","type":"product","link":"https:\/\/www.cosmepak.com\/tr\/product\/30ml-60ml-petg-mu-si-bubble-bottle-with-foam-pump-for-skin-care-packaging\/","title":{"rendered":"Cilt Bak\u0131m\u0131 Ambalaj\u0131 i\u00e7in k\u00f6p\u00fck pompal\u0131 30ml 60ml PETG Mu Si Kabarc\u0131k \u015ei\u015fesi"},"content":{"rendered":"<table style=\"border-collapse: collapse; width: 100%; height: 168px;\">\n<tbody>\n<tr style=\"height: 24px;\">\n<td style=\"width: 33.3333%; height: 168px;\" rowspan=\"7\"><img fetchpriority=\"high\" decoding=\"async\" class=\"alignnone size-full wp-image-3627\" src=\"https:\/\/www.cosmepak.com\/wp-content\/uploads\/2025\/12\/71.jpg\" alt=\"\" width=\"1000\" height=\"1000\" srcset=\"https:\/\/www.cosmepak.com\/wp-content\/uploads\/2025\/12\/71.jpg 1000w, https:\/\/www.cosmepak.com\/wp-content\/uploads\/2025\/12\/71-300x300.jpg 300w, https:\/\/www.cosmepak.com\/wp-content\/uploads\/2025\/12\/71-150x150.jpg 150w, https:\/\/www.cosmepak.com\/wp-content\/uploads\/2025\/12\/71-768x768.jpg 768w, https:\/\/www.cosmepak.com\/wp-content\/uploads\/2025\/12\/71-12x12.jpg 12w, https:\/\/www.cosmepak.com\/wp-content\/uploads\/2025\/12\/71-600x600.jpg 600w, https:\/\/www.cosmepak.com\/wp-content\/uploads\/2025\/12\/71-100x100.jpg 100w\" sizes=\"(max-width: 1000px) 100vw, 1000px\" \/><\/td>\n<td style=\"width: 30.5857%; height: 24px; text-align: center;\">Marka<\/td>\n<td style=\"width: 36.0809%; height: 24px; text-align: center;\">Fahi\u015fe<\/td>\n<\/tr>\n<tr style=\"height: 24px;\">\n<td style=\"width: 30.5857%; height: 24px; text-align: center;\">Model<\/td>\n<td style=\"width: 36.0809%; height: 24px; text-align: center;\">JH-LWMJ05 i\u00e7in<\/td>\n<\/tr>\n<tr style=\"height: 24px;\">\n<td style=\"width: 30.5857%; height: 24px; text-align: center;\">Kapak<\/td>\n<td style=\"width: 36.0809%; height: 24px; text-align: center;\">30ml \/ 60ml<\/td>\n<\/tr>\n<tr style=\"height: 24px;\">\n<td style=\"width: 30.5857%; height: 24px; text-align: center;\">A\u011f\u0131rl\u0131k<\/td>\n<td style=\"width: 36.0809%; height: 24px; text-align: center;\">26.1g\/29.9g<\/td>\n<\/tr>\n<tr style=\"height: 24px;\">\n<td style=\"width: 30.5857%; height: 24px; text-align: center;\">Renk<\/td>\n<td style=\"width: 36.0809%; height: 24px; text-align: center;\">\u00f6zelle\u015ftirilmi\u015f<\/td>\n<\/tr>\n<tr style=\"height: 24px;\">\n<td style=\"width: 30.5857%; height: 24px; text-align: center;\">Malzeme<\/td>\n<td style=\"width: 36.0809%; height: 24px; text-align: center;\">PETG \/ PP<\/td>\n<\/tr>\n<tr style=\"height: 24px;\">\n<td style=\"width: 30.5857%; height: 24px; text-align: center;\">S\u0131v\u0131 \u00e7\u0131k\u0131\u015f\u0131<\/td>\n<td style=\"width: 36.0809%; height: 24px; text-align: center;\">0.8ml\/t<\/td>\n<\/tr>\n<\/tbody>\n<\/table>\n<table style=\"border-collapse: collapse; width: 100%;\">\n<tbody>\n<tr>\n<td style=\"width: 16.6667%; text-align: center;\"><strong>Kapasite<\/strong><\/td>\n<td style=\"width: 16.6667%; text-align: center;\"><strong>Toplam y\u00fckseklik<\/strong><\/td>\n<td style=\"width: 16.6667%; text-align: center;\"><strong>\u015ei\u015fe y\u00fcksekli\u011fi<\/strong><\/td>\n<td style=\"width: 16.6667%; text-align: center;\"><strong>Yazd\u0131r\u0131labilir y\u00fckseklik<\/strong><\/td>\n<td style=\"width: 19.4745%; text-align: center;\"><strong>Alt \u00e7ap<\/strong><\/td>\n<td style=\"width: 13.8589%; text-align: center;\"><strong>A\u011f\u0131rl\u0131k<\/strong><\/td>\n<\/tr>\n<tr>\n<td style=\"width: 16.6667%; text-align: center;\">30ml<\/td>\n<td style=\"width: 16.6667%; text-align: center;\">99.7mm<\/td>\n<td style=\"width: 16.6667%; text-align: center;\">59.1mm<\/td>\n<td style=\"width: 16.6667%; text-align: center;\">36.5mm<\/td>\n<td style=\"width: 19.4745%; text-align: center;\">35 mm<\/td>\n<td style=\"width: 13.8589%; text-align: center;\">26.1g<\/td>\n<\/tr>\n<tr>\n<td style=\"width: 16.6667%; text-align: center;\">60ml<\/td>\n<td style=\"width: 16.6667%; text-align: center;\">130mm<\/td>\n<td style=\"width: 16.6667%; text-align: center;\">90.2mm<\/td>\n<td style=\"width: 16.6667%; text-align: center;\">65.5mm<\/td>\n<td style=\"width: 19.4745%; text-align: center;\">35 mm<\/td>\n<td style=\"width: 13.8589%; text-align: center;\">29.9g<\/td>\n<\/tr>\n<\/tbody>\n<\/table>\n<table style=\"border-collapse: collapse; width: 100%;\">\n<tbody>\n<tr>\n<td style=\"width: 16.0637%; text-align: center;\"><strong>\u00d6\u011fe\u00a0<\/strong><\/td>\n<td style=\"width: 18.3316%; text-align: center;\"><strong>Kapasite<\/strong><\/td>\n<td style=\"width: 21.9762%; text-align: center;\"><strong>Paket Miktar<\/strong><\/td>\n<td style=\"width: 22.6241%; text-align: center;\"><strong>Karton boyutu<\/strong><\/td>\n<td style=\"width: 21.0044%; text-align: center;\"><strong>GW<\/strong><\/td>\n<\/tr>\n<tr>\n<td style=\"width: 16.0637%; text-align: center;\" rowspan=\"2\">\u015ei\u015fe<\/td>\n<td style=\"width: 18.3316%; text-align: center;\">30ml<\/td>\n<td style=\"width: 21.9762%; text-align: center;\">1050adet<\/td>\n<td style=\"width: 22.6241%; text-align: center;\">56 * 35 * 43 cm<\/td>\n<td style=\"width: 21.0044%; text-align: center;\">28.5kg<\/td>\n<\/tr>\n<tr>\n<td style=\"width: 18.3316%; text-align: center;\">60ml<\/td>\n<td style=\"width: 21.9762%; text-align: center;\">654 adet<\/td>\n<td style=\"width: 22.6241%; text-align: center;\">56 * 35 * 43 cm<\/td>\n<td style=\"width: 21.0044%; text-align: center;\">20.9kg<\/td>\n<\/tr>\n<\/tbody>\n<\/table>\n<p>\u00c7e\u015fitli g\u00fczellik ve cilt bak\u0131m \u00fcr\u00fcnleri i\u00e7in uygun JH-LWMJ05 k\u00f6p\u00fck pompa \u015fi\u015fesi. Kapasite kullan\u0131m senaryosuna g\u00f6re se\u00e7ilebilir. M\u00fc\u015fterimizin se\u00e7mesi i\u00e7in 30ml ve 60ml kapasitesini destekliyoruz.<\/p>\n<div class=\"auto-hide-last-sibling-br paragraph-pP9ZLC paragraph-element br-paragraph-space\">Bu k\u00f6p\u00fck pompa \u015fi\u015fesini marka logonuzla sorunsuz bir \u015fekilde entegre etmemizi sa\u011flayan \u00e7e\u015fitli \u00f6zelle\u015ftirme se\u00e7enekleri sunuyoruz. Bu tasar\u0131m b\u00f6l\u00fcnm\u00fc\u015f bir yap\u0131 benimser: koruyucu kapak k\u00f6p\u00fck pompa kafas\u0131 di\u015fli \u015fi\u015fe a\u011f\u0131z\u0131 PETG \u015fi\u015fe g\u00f6vdesi. Montaj uygundur ve s\u0131zd\u0131rmazl\u0131k performans\u0131 m\u00fckemmeldir.<\/div>\n<div><\/div>\n<div>The foam pump has fine bubbles with excellent bubble effect. Compared to the traditional manual wire mesh bubble generator, it has faster bubble formation and the bubbles have a thick texture, which can save time.<\/div>\n<div><\/div>\n<div>This bubble bottle is usually used for packaging facial cleanser mousse and hand sanitizer.<\/div>\n<h3 class=\"header-iWP5WJ auto-hide-last-sibling-br\"><span style=\"font-size: 12pt;\">Standart se\u00e7enek: \u015eeffaf \u015ei\u015fe Beyaz Pompa<\/span><\/h3>\n<div class=\"auto-hide-last-sibling-br paragraph-pP9ZLC paragraph-element br-paragraph-space\">\u015ei\u015fenin g\u00f6vdesi \u015feffaf a\u00e7\u0131k\u00e7a renktir, \u015feffaf renk, g\u00fcnl\u00fck kullan\u0131m i\u00e7in pratik olan bir bak\u0131\u015fta \u00fcr\u00fcn seviyelerini kolayca izleyebilir. \u015f\u0131k beyaz k\u00f6p\u00fck pompas\u0131 ile gelir, bu tasar\u0131m, geni\u015f bir cilt bak\u0131m\u0131 ve kozmetik form\u00fclasyonlar\u0131 tamamlayan minimalist zarifli\u011fi temsil eder.<\/div>\n<h3 class=\"header-iWP5WJ auto-hide-last-sibling-br\"><span style=\"font-size: 12pt;\">Enjeksiyon Kal\u0131plama Renkleri: Kabul edilebilir \u00f6zel renk<\/span><\/h3>\n<div class=\"auto-hide-last-sibling-br paragraph-pP9ZLC paragraph-element br-paragraph-space\">\u015ei\u015felere \u00f6zelle\u015ftirilmi\u015f enjeksiyon kal\u0131plama renkleri uygulayarak marka tan\u0131m\u0131n\u0131 art\u0131rabiliriz. Markan\u0131za g\u00f6re uygun renk se\u00e7ebiliriz&#8217; \u00f6zellikleri ve e\u015fle\u015fen bir pompa kafas\u0131 ile e\u015fle\u015ftirin, b\u00f6ylece birle\u015fik bir g\u00f6r\u00fcn\u00fcm olu\u015fturun ve marka kimli\u011fini g\u00fc\u00e7lendirin.<\/div>\n<h3 class=\"header-iWP5WJ auto-hide-last-sibling-br\"><span style=\"font-size: 12pt;\">Yaka: <\/span><span style=\"font-size: 12pt;\">Metalik Bitirme <\/span><\/h3>\n<div class=\"auto-hide-last-sibling-br paragraph-pP9ZLC paragraph-element br-paragraph-space\">Yaka alt\u0131n, g\u00fcm\u00fc\u015f, g\u00fcl alt\u0131n veya di\u011fer metal tonlarda mevcuttur, \u015fi\u015fenin y\u00fcksek kaliteli hissini art\u0131r\u0131r ve premium cilt bak\u0131m\u0131, sa\u00e7 bak\u0131m\u0131 veya ki\u015fisel bak\u0131m hatlar\u0131 i\u00e7in ideal hale getirir.<\/div>\n<div class=\"auto-hide-last-sibling-br paragraph-pP9ZLC paragraph-element br-paragraph-space\">Her \u00f6zelle\u015ftirme, \u015fi\u015fenin i\u015flevselli\u011fini korumak i\u00e7in tasarlanm\u0131\u015ft\u0131r - p\u00fcr\u00fczs\u00fcz k\u00f6p\u00fck da\u011f\u0131t\u0131m\u0131n\u0131, s\u0131z\u0131nt\u0131ya dayan\u0131kl\u0131 performans\u0131 ve \u00e7e\u015fitli form\u00fclasyonlarla uyumlulu\u011fu sa\u011flarken markan\u0131z\u0131n benzersiz esteti\u011fi ile uyumlu.<\/div>\n<p>Serigrafi, kum p\u00fcsk\u00fcrtme ve \u0131s\u0131 transfer bask\u0131s\u0131 gibi bask\u0131 tekniklerini destekler. Marka logolar\u0131n\u0131n ve \u00fcr\u00fcn bilgilerinin \u00f6zelle\u015ftirilmesi mevcuttur ve \u00f6zel ambalaj olu\u015fturmaya yard\u0131mc\u0131 olur.<\/p>\n<p><img decoding=\"async\" class=\"wp-image-3628 aligncenter\" src=\"https:\/\/www.cosmepak.com\/wp-content\/uploads\/2025\/12\/\u8be6\u60c5-6-1.jpg\" alt=\"\" width=\"1368\" height=\"1368\" srcset=\"https:\/\/www.cosmepak.com\/wp-content\/uploads\/2025\/12\/\u8be6\u60c5-6-1.jpg 1000w, https:\/\/www.cosmepak.com\/wp-content\/uploads\/2025\/12\/\u8be6\u60c5-6-1-300x300.jpg 300w, https:\/\/www.cosmepak.com\/wp-content\/uploads\/2025\/12\/\u8be6\u60c5-6-1-150x150.jpg 150w, https:\/\/www.cosmepak.com\/wp-content\/uploads\/2025\/12\/\u8be6\u60c5-6-1-768x768.jpg 768w, https:\/\/www.cosmepak.com\/wp-content\/uploads\/2025\/12\/\u8be6\u60c5-6-1-12x12.jpg 12w, https:\/\/www.cosmepak.com\/wp-content\/uploads\/2025\/12\/\u8be6\u60c5-6-1-600x600.jpg 600w, https:\/\/www.cosmepak.com\/wp-content\/uploads\/2025\/12\/\u8be6\u60c5-6-1-100x100.jpg 100w\" sizes=\"(max-width: 1368px) 100vw, 1368px\" \/><\/p>\n<table style=\"border-collapse: collapse; width: 100%;\">\n<tbody>\n<tr>\n<td style=\"width: 33.3333%;\"><img decoding=\"async\" class=\"alignnone size-full wp-image-3630\" src=\"https:\/\/www.cosmepak.com\/wp-content\/uploads\/2025\/12\/61-1.jpg\" alt=\"\" width=\"1000\" height=\"1000\" srcset=\"https:\/\/www.cosmepak.com\/wp-content\/uploads\/2025\/12\/61-1.jpg 1000w, https:\/\/www.cosmepak.com\/wp-content\/uploads\/2025\/12\/61-1-300x300.jpg 300w, https:\/\/www.cosmepak.com\/wp-content\/uploads\/2025\/12\/61-1-150x150.jpg 150w, https:\/\/www.cosmepak.com\/wp-content\/uploads\/2025\/12\/61-1-768x768.jpg 768w, https:\/\/www.cosmepak.com\/wp-content\/uploads\/2025\/12\/61-1-12x12.jpg 12w, https:\/\/www.cosmepak.com\/wp-content\/uploads\/2025\/12\/61-1-600x600.jpg 600w, https:\/\/www.cosmepak.com\/wp-content\/uploads\/2025\/12\/61-1-100x100.jpg 100w\" sizes=\"(max-width: 1000px) 100vw, 1000px\" \/><\/td>\n<td style=\"width: 33.3333%;\"><img loading=\"lazy\" decoding=\"async\" class=\"alignnone size-full wp-image-3631\" src=\"https:\/\/www.cosmepak.com\/wp-content\/uploads\/2025\/12\/51-1.jpg\" alt=\"\" width=\"1000\" height=\"1000\" srcset=\"https:\/\/www.cosmepak.com\/wp-content\/uploads\/2025\/12\/51-1.jpg 1000w, https:\/\/www.cosmepak.com\/wp-content\/uploads\/2025\/12\/51-1-300x300.jpg 300w, https:\/\/www.cosmepak.com\/wp-content\/uploads\/2025\/12\/51-1-150x150.jpg 150w, https:\/\/www.cosmepak.com\/wp-content\/uploads\/2025\/12\/51-1-768x768.jpg 768w, https:\/\/www.cosmepak.com\/wp-content\/uploads\/2025\/12\/51-1-12x12.jpg 12w, https:\/\/www.cosmepak.com\/wp-content\/uploads\/2025\/12\/51-1-600x600.jpg 600w, https:\/\/www.cosmepak.com\/wp-content\/uploads\/2025\/12\/51-1-100x100.jpg 100w\" sizes=\"(max-width: 1000px) 100vw, 1000px\" \/><\/td>\n<td style=\"width: 33.3333%;\"><img loading=\"lazy\" decoding=\"async\" class=\"alignnone size-full wp-image-3632\" src=\"https:\/\/www.cosmepak.com\/wp-content\/uploads\/2025\/12\/\u8be6\u60c5-101-1.jpg\" alt=\"\" width=\"1000\" height=\"1000\" srcset=\"https:\/\/www.cosmepak.com\/wp-content\/uploads\/2025\/12\/\u8be6\u60c5-101-1.jpg 1000w, https:\/\/www.cosmepak.com\/wp-content\/uploads\/2025\/12\/\u8be6\u60c5-101-1-300x300.jpg 300w, https:\/\/www.cosmepak.com\/wp-content\/uploads\/2025\/12\/\u8be6\u60c5-101-1-150x150.jpg 150w, https:\/\/www.cosmepak.com\/wp-content\/uploads\/2025\/12\/\u8be6\u60c5-101-1-768x768.jpg 768w, https:\/\/www.cosmepak.com\/wp-content\/uploads\/2025\/12\/\u8be6\u60c5-101-1-12x12.jpg 12w, https:\/\/www.cosmepak.com\/wp-content\/uploads\/2025\/12\/\u8be6\u60c5-101-1-600x600.jpg 600w, https:\/\/www.cosmepak.com\/wp-content\/uploads\/2025\/12\/\u8be6\u60c5-101-1-100x100.jpg 100w\" sizes=\"(max-width: 1000px) 100vw, 1000px\" \/><\/td>\n<\/tr>\n<\/tbody>\n<\/table>\n<table style=\"border-collapse: collapse; width: 100%;\">\n<tbody>\n<tr>\n<td style=\"width: 50%;\"><img loading=\"lazy\" decoding=\"async\" class=\"alignnone size-full wp-image-3633\" src=\"https:\/\/www.cosmepak.com\/wp-content\/uploads\/2025\/12\/21-1.jpg\" alt=\"\" width=\"1000\" height=\"1000\" srcset=\"https:\/\/www.cosmepak.com\/wp-content\/uploads\/2025\/12\/21-1.jpg 1000w, https:\/\/www.cosmepak.com\/wp-content\/uploads\/2025\/12\/21-1-300x300.jpg 300w, https:\/\/www.cosmepak.com\/wp-content\/uploads\/2025\/12\/21-1-150x150.jpg 150w, https:\/\/www.cosmepak.com\/wp-content\/uploads\/2025\/12\/21-1-768x768.jpg 768w, https:\/\/www.cosmepak.com\/wp-content\/uploads\/2025\/12\/21-1-12x12.jpg 12w, https:\/\/www.cosmepak.com\/wp-content\/uploads\/2025\/12\/21-1-600x600.jpg 600w, https:\/\/www.cosmepak.com\/wp-content\/uploads\/2025\/12\/21-1-100x100.jpg 100w\" sizes=\"(max-width: 1000px) 100vw, 1000px\" \/><\/td>\n<td style=\"width: 50%;\"><img loading=\"lazy\" decoding=\"async\" class=\"alignnone size-full wp-image-3634\" src=\"https:\/\/www.cosmepak.com\/wp-content\/uploads\/2025\/12\/31-1.jpg\" alt=\"\" width=\"1000\" height=\"1000\" srcset=\"https:\/\/www.cosmepak.com\/wp-content\/uploads\/2025\/12\/31-1.jpg 1000w, https:\/\/www.cosmepak.com\/wp-content\/uploads\/2025\/12\/31-1-300x300.jpg 300w, https:\/\/www.cosmepak.com\/wp-content\/uploads\/2025\/12\/31-1-150x150.jpg 150w, https:\/\/www.cosmepak.com\/wp-content\/uploads\/2025\/12\/31-1-768x768.jpg 768w, https:\/\/www.cosmepak.com\/wp-content\/uploads\/2025\/12\/31-1-12x12.jpg 12w, https:\/\/www.cosmepak.com\/wp-content\/uploads\/2025\/12\/31-1-600x600.jpg 600w, https:\/\/www.cosmepak.com\/wp-content\/uploads\/2025\/12\/31-1-100x100.jpg 100w\" sizes=\"(max-width: 1000px) 100vw, 1000px\" \/><\/td>\n<\/tr>\n<\/tbody>\n<\/table>","protected":false},"excerpt":{"rendered":"<p>\u015ei\u015fe Malzemesi: PE<\/p>\n<p>Kapak Malzemesi: PP<\/p>\n<p>Kapasite: 350ml<\/p>\n<p>Kapak: K\u00f6p\u00fck Pompas\u0131<\/p>\n<p>Renk: \u00d6zelle\u015ftirilmi\u015f (herhangi bir Pantone Rengi Avalable)<\/p>\n<p>Y\u00fczey Kaplama: Serip bask\u0131, buzlanma, s\u0131cak damgalama, sprey gradyan\u0131, mat kaplama vb.<\/p>\n<p>MOQ: 5000pcs;<\/p>\n<p>&nbsp;<\/p>","protected":false},"featured_media":3633,"comment_status":"closed","ping_status":"closed","template":"","meta":{"_acf_changed":false},"product_brand":[],"product_cat":[50,18],"product_tag":[41],"class_list":{"0":"post-3626","1":"product","2":"type-product","3":"status-publish","4":"has-post-thumbnail","6":"product_cat-foam-bottle","7":"product_cat-plastic-bottle","8":"product_tag-plastic-bottle","10":"first","11":"instock","12":"shipping-taxable","13":"product-type-simple"},"acf":[],"_links":{"self":[{"href":"https:\/\/www.cosmepak.com\/tr\/wp-json\/wp\/v2\/product\/3626","targetHints":{"allow":["GET"]}}],"collection":[{"href":"https:\/\/www.cosmepak.com\/tr\/wp-json\/wp\/v2\/product"}],"about":[{"href":"https:\/\/www.cosmepak.com\/tr\/wp-json\/wp\/v2\/types\/product"}],"replies":[{"embeddable":true,"href":"https:\/\/www.cosmepak.com\/tr\/wp-json\/wp\/v2\/comments?post=3626"}],"wp:featuredmedia":[{"embeddable":true,"href":"https:\/\/www.cosmepak.com\/tr\/wp-json\/wp\/v2\/media\/3633"}],"wp:attachment":[{"href":"https:\/\/www.cosmepak.com\/tr\/wp-json\/wp\/v2\/media?parent=3626"}],"wp:term":[{"taxonomy":"product_brand","embeddable":true,"href":"https:\/\/www.cosmepak.com\/tr\/wp-json\/wp\/v2\/product_brand?post=3626"},{"taxonomy":"product_cat","embeddable":true,"href":"https:\/\/www.cosmepak.com\/tr\/wp-json\/wp\/v2\/product_cat?post=3626"},{"taxonomy":"product_tag","embeddable":true,"href":"https:\/\/www.cosmepak.com\/tr\/wp-json\/wp\/v2\/product_tag?post=3626"}],"curies":[{"name":"wp","href":"https:\/\/api.w.org\/{rel}","templated":true}]}}