{"id":3637,"date":"2025-12-05T14:43:03","date_gmt":"2025-12-05T06:43:03","guid":{"rendered":"https:\/\/www.cosmepak.com\/?post_type=product&#038;p=3637"},"modified":"2025-12-05T14:44:23","modified_gmt":"2025-12-05T06:44:23","slug":"petg-spray-bottle-30-100ml-plastic-boston-shape-boston-for-skin-care-packaging-pump-sealing-bottle","status":"publish","type":"product","link":"https:\/\/www.cosmepak.com\/tr\/product\/petg-spray-bottle-30-100ml-plastic-boston-shape-boston-for-skin-care-packaging-pump-sealing-bottle\/","title":{"rendered":"PETG Sprey \u015ei\u015fesi 30-100ml Plastik Boston \u015eekil Boston Cilt Bak\u0131m\u0131 Ambalaj Pompas\u0131 S\u0131zd\u0131rmazl\u0131k \u015ei\u015fesi i\u00e7in"},"content":{"rendered":"<table style=\"border-collapse: collapse; width: 100%; height: 168px;\">\n<tbody>\n<tr style=\"height: 24px;\">\n<td style=\"width: 33.3333%; height: 168px;\" rowspan=\"6\"><img fetchpriority=\"high\" decoding=\"async\" class=\"alignnone size-full wp-image-3638\" src=\"https:\/\/www.cosmepak.com\/wp-content\/uploads\/2025\/12\/\u4e3b\u56fe-6-1.jpg\" alt=\"\" width=\"1000\" height=\"1000\" srcset=\"https:\/\/www.cosmepak.com\/wp-content\/uploads\/2025\/12\/\u4e3b\u56fe-6-1.jpg 1000w, https:\/\/www.cosmepak.com\/wp-content\/uploads\/2025\/12\/\u4e3b\u56fe-6-1-300x300.jpg 300w, https:\/\/www.cosmepak.com\/wp-content\/uploads\/2025\/12\/\u4e3b\u56fe-6-1-150x150.jpg 150w, https:\/\/www.cosmepak.com\/wp-content\/uploads\/2025\/12\/\u4e3b\u56fe-6-1-768x768.jpg 768w, https:\/\/www.cosmepak.com\/wp-content\/uploads\/2025\/12\/\u4e3b\u56fe-6-1-12x12.jpg 12w, https:\/\/www.cosmepak.com\/wp-content\/uploads\/2025\/12\/\u4e3b\u56fe-6-1-600x600.jpg 600w, https:\/\/www.cosmepak.com\/wp-content\/uploads\/2025\/12\/\u4e3b\u56fe-6-1-100x100.jpg 100w\" sizes=\"(max-width: 1000px) 100vw, 1000px\" \/><\/td>\n<td style=\"width: 29.2675%; height: 24px; text-align: center;\">Marka<\/td>\n<td style=\"width: 37.3991%; height: 24px; text-align: center;\">Fahi\u015fe<\/td>\n<\/tr>\n<tr style=\"height: 24px;\">\n<td style=\"width: 29.2675%; height: 24px; text-align: center;\">Model<\/td>\n<td style=\"width: 37.3991%; height: 24px; text-align: center;\">JH-LWMJ04<\/td>\n<\/tr>\n<tr style=\"height: 24px;\">\n<td style=\"width: 29.2675%; height: 24px; text-align: center;\">Kapak<\/td>\n<td style=\"width: 37.3991%; height: 24px; text-align: center;\">30ML \/ 60ML \/ 80ML \/ 100ML<\/td>\n<\/tr>\n<tr style=\"height: 24px;\">\n<td style=\"width: 29.2675%; height: 24px; text-align: center;\">A\u011f\u0131rl\u0131k<\/td>\n<td style=\"width: 37.3991%; height: 24px; text-align: center;\">30g \/ 32.2g \/ 33.7g \/ 38.2g<\/td>\n<\/tr>\n<tr style=\"height: 24px;\">\n<td style=\"width: 29.2675%; height: 24px; text-align: center;\">Renk<\/td>\n<td style=\"width: 37.3991%; height: 24px; text-align: center;\">\u00f6zelle\u015ftirilmi\u015f<\/td>\n<\/tr>\n<tr style=\"height: 24px;\">\n<td style=\"width: 29.2675%; height: 24px; text-align: center;\">Malzeme<\/td>\n<td style=\"width: 37.3991%; height: 24px; text-align: center;\">PETG \/ PP \/ AS<\/td>\n<\/tr>\n<\/tbody>\n<\/table>\n<table style=\"border-collapse: collapse; width: 100.361%; height: 241px;\">\n<tbody>\n<tr style=\"height: 48px;\">\n<td style=\"width: 8.62228%; text-align: center; height: 48px;\">\u00d6\u011fe<\/td>\n<td style=\"width: 10.3445%; text-align: center; height: 48px;\">Kapasite<\/td>\n<td style=\"width: 9.19499%; text-align: center; height: 48px;\">Toplam y\u00fckseklik<\/td>\n<td style=\"width: 9.60329%; text-align: center; height: 48px;\">\u015ei\u015fe y\u00fcksekli\u011fi<\/td>\n<td style=\"width: 10.1649%; text-align: center; height: 48px;\">Yazd\u0131r\u0131labilir y\u00fckseklik<\/td>\n<td style=\"width: 9.00467%; text-align: center; height: 48px;\">Maksimum. DIA<\/td>\n<td style=\"width: 10.9562%; text-align: center; height: 48px;\">Tek \u015ei\u015fe A\u011f\u0131rl\u0131\u011f\u0131<\/td>\n<td style=\"width: 11.8094%; text-align: center; height: 48px;\">Karton boyutu<\/td>\n<td style=\"width: 9.01065%; text-align: center; height: 48px;\">Paket Miktar<\/td>\n<td style=\"width: 18.4223%; text-align: center; height: 48px;\">Paket a\u011f\u0131rl\u0131\u011f\u0131<\/td>\n<\/tr>\n<tr style=\"height: 24px;\">\n<td style=\"width: 8.62228%; text-align: center; height: 96px;\" rowspan=\"4\">\u015ei\u015fe<\/td>\n<td style=\"width: 10.3445%; text-align: center; height: 24px;\">30ml<\/td>\n<td style=\"width: 9.19499%; text-align: center; height: 24px;\">92mm<\/td>\n<td style=\"width: 9.60329%; text-align: center; height: 24px;\">58.5mm<\/td>\n<td style=\"width: 10.1649%; text-align: center; height: 24px;\">32 mm<\/td>\n<td style=\"width: 9.00467%; text-align: center; height: 24px;\">39 mm<\/td>\n<td style=\"width: 10.9562%; text-align: center; height: 24px;\">30g<\/td>\n<td style=\"width: 11.8094%; text-align: center; height: 24px;\">47*36*39<\/td>\n<td style=\"width: 9.01065%; text-align: center; height: 24px;\">945adet<\/td>\n<td style=\"width: 18.4223%; text-align: center; height: 24px;\">11kgs<\/td>\n<\/tr>\n<tr style=\"height: 24px;\">\n<td style=\"width: 10.3445%; text-align: center; height: 24px;\">60ml<\/td>\n<td style=\"width: 9.19499%; text-align: center; height: 24px;\">Neden \u0644\u0648\u0646, \u0627\u0644\u0646\u0635\u0631ure ve F\u0628\u0648\u0635\u062aish Bu Kadar \u00d6nemlidir?<\/td>\n<td style=\"width: 9.60329%; text-align: center; height: 24px;\">83.8mm<\/td>\n<td style=\"width: 10.1649%; text-align: center; height: 24px;\">55mm<\/td>\n<td style=\"width: 9.00467%; text-align: center; height: 24px;\">40.7mm<\/td>\n<td style=\"width: 10.9562%; text-align: center; height: 24px;\">32.2g<\/td>\n<td style=\"width: 11.8094%; text-align: center; height: 24px;\">55*44*40<\/td>\n<td style=\"width: 9.01065%; text-align: center; height: 24px;\">585 adet<\/td>\n<td style=\"width: 18.4223%; text-align: center; height: 24px;\">14.2kgs<\/td>\n<\/tr>\n<tr style=\"height: 24px;\">\n<td style=\"width: 10.3445%; text-align: center; height: 24px;\">80ml<\/td>\n<td style=\"width: 9.19499%; text-align: center; height: 24px;\">125mm'lik<\/td>\n<td style=\"width: 9.60329%; text-align: center; height: 24px;\">91mm<\/td>\n<td style=\"width: 10.1649%; text-align: center; height: 24px;\">63mm<\/td>\n<td style=\"width: 9.00467%; text-align: center; height: 24px;\">43.8mm<\/td>\n<td style=\"width: 10.9562%; text-align: center; height: 24px;\">33.7g<\/td>\n<td style=\"width: 11.8094%; text-align: center; height: 24px;\">46*39*42<\/td>\n<td style=\"width: 9.01065%; text-align: center; height: 24px;\">416adet<\/td>\n<td style=\"width: 18.4223%; text-align: center; height: 24px;\">11.3kgs<\/td>\n<\/tr>\n<tr style=\"height: 24px;\">\n<td style=\"width: 10.3445%; text-align: center; height: 24px;\">100ml<\/td>\n<td style=\"width: 9.19499%; text-align: center; height: 24px;\">134.7mm<\/td>\n<td style=\"width: 9.60329%; text-align: center; height: 24px;\">101mm<\/td>\n<td style=\"width: 10.1649%; text-align: center; height: 24px;\">72mm<\/td>\n<td style=\"width: 9.00467%; text-align: center; height: 24px;\">46 mm<\/td>\n<td style=\"width: 10.9562%; text-align: center; height: 24px;\">38.2g<\/td>\n<td style=\"width: 11.8094%; text-align: center; height: 24px;\">49*41*44<\/td>\n<td style=\"width: 9.01065%; text-align: center; height: 24px;\">368adet<\/td>\n<td style=\"width: 18.4223%; text-align: center; height: 24px;\">10.6kgs<\/td>\n<\/tr>\n<tr style=\"height: 24px;\">\n<td style=\"width: 8.62228%; text-align: center; height: 97px;\" rowspan=\"4\">Pompa<\/td>\n<td style=\"width: 10.3445%; text-align: center; height: 24px;\">30ml<\/td>\n<td style=\"width: 9.19499%; text-align: center; height: 24px;\">\/<\/td>\n<td style=\"width: 9.60329%; text-align: center; height: 24px;\">\/<\/td>\n<td style=\"width: 10.1649%; text-align: center; height: 24px;\">\/<\/td>\n<td style=\"width: 9.00467%; text-align: center; height: 24px;\">\/<\/td>\n<td style=\"width: 10.9562%; text-align: center; height: 24px;\">\/<\/td>\n<td style=\"width: 11.8094%; text-align: center; height: 24px;\" rowspan=\"4\">56*5*40.5*46<\/td>\n<td style=\"width: 9.01065%; text-align: center; height: 24px;\">2100 pcs<\/td>\n<td style=\"width: 18.4223%; text-align: center; height: 24px;\">17.8kgs<\/td>\n<\/tr>\n<tr style=\"height: 24px;\">\n<td style=\"width: 10.3445%; text-align: center; height: 24px;\">60ml<\/td>\n<td style=\"width: 9.19499%; text-align: center; height: 24px;\">\/<\/td>\n<td style=\"width: 9.60329%; text-align: center; height: 24px;\">\/<\/td>\n<td style=\"width: 10.1649%; text-align: center; height: 24px;\">\/<\/td>\n<td style=\"width: 9.00467%; text-align: center; height: 24px;\">\/<\/td>\n<td style=\"width: 10.9562%; text-align: center; height: 24px;\">\/<\/td>\n<td style=\"width: 9.01065%; text-align: center; height: 24px;\">2000 adet<\/td>\n<td style=\"width: 18.4223%; text-align: center; height: 24px;\">16.2kgs<\/td>\n<\/tr>\n<tr style=\"height: 24px;\">\n<td style=\"width: 10.3445%; text-align: center; height: 24px;\">80ml<\/td>\n<td style=\"width: 9.19499%; text-align: center; height: 24px;\">\/<\/td>\n<td style=\"width: 9.60329%; text-align: center; height: 24px;\">\/<\/td>\n<td style=\"width: 10.1649%; text-align: center; height: 24px;\">\/<\/td>\n<td style=\"width: 9.00467%; text-align: center; height: 24px;\">\/<\/td>\n<td style=\"width: 10.9562%; text-align: center; height: 24px;\">\/<\/td>\n<td style=\"width: 9.01065%; text-align: center; height: 24px;\">1800 adet<\/td>\n<td style=\"width: 18.4223%; text-align: center; height: 24px;\">15.8kgs<\/td>\n<\/tr>\n<tr style=\"height: 25px;\">\n<td style=\"width: 10.3445%; text-align: center; height: 25px;\">100ml<\/td>\n<td style=\"width: 9.19499%; text-align: center; height: 25px;\">\/<\/td>\n<td style=\"width: 9.60329%; text-align: center; height: 25px;\">\/<\/td>\n<td style=\"width: 10.1649%; text-align: center; height: 25px;\">\/<\/td>\n<td style=\"width: 9.00467%; text-align: center; height: 25px;\">\/<\/td>\n<td style=\"width: 10.9562%; text-align: center; height: 25px;\">\/<\/td>\n<td style=\"width: 9.01065%; text-align: center; height: 25px;\">1650adet<\/td>\n<td style=\"width: 18.4223%; text-align: center; height: 25px;\">14.5kgs<\/td>\n<\/tr>\n<\/tbody>\n<\/table>\n<p>\u015ei\u015fe y\u00fcksek \u015feffafl\u0131k plastik malzemeden yap\u0131lm\u0131\u015ft\u0131r, p\u00fcr\u00fczs\u00fcz ve ince doku, y\u00fcksek \u015feffafl\u0131k ve i\u00e7erideki s\u0131v\u0131n\u0131n rengini a\u00e7\u0131k\u00e7a g\u00f6sterebilir. \u015ei\u015fe g\u00f6vdesi y\u00fcksek \u015feffafl\u0131k plastik malzemeden yap\u0131lm\u0131\u015ft\u0131r, p\u00fcr\u00fczs\u00fcz ve ince doku, y\u00fcksek \u015feffafl\u0131k ve i\u00e7erideki s\u0131v\u0131n\u0131n rengini a\u00e7\u0131k\u00e7a g\u00f6sterebilir. G\u00f6rsel olarak, hafif ve m\u00fckemmeldir. G\u00f6rsel olarak, hafif ve m\u00fckemmeldir. Bir &#8220;ile tasarlanm\u0131\u015ft\u0131r. yuvarlak e\u011fri \u015fekil&#8221;  . \u015ei\u015fenin orta k\u0131sm\u0131 biraz daha geni\u015ftir ve ard\u0131ndan her iki ucunda da konik. \u00c7izgiler p\u00fcr\u00fczs\u00fcz ve yumu\u015fakt\u0131r, d\u00fcz silindirik bir \u015fi\u015fenin sertli\u011fini ortadan kald\u0131r\u0131r. Tutma da daha rahat.<\/p>\n<p>4 taze renk se\u00e7ene\u011fi sunuyoruz &#8211; yumu\u015fak ve ince soluk pembe, net ve sakinle\u015ftirici nane mavisi, \u015feffaf ve saf bir renk ve parlak ve canl\u0131 bir limon sar\u0131s\u0131. Bu renkler d\u00fc\u015f\u00fck doygunlu\u011fa ve yumu\u015fak bir dokuya sahiptir, bu da onlar\u0131 \u00e7e\u015fitli g\u00fczellik ve g\u00fcnl\u00fck bak\u0131m \u00fcr\u00fcnleri i\u00e7in uygun hale getirir. Ayr\u0131ca renk \u00f6zelle\u015ftirme hizmeti de sunmaktad\u0131r.<\/p>\n<p>\u015ei\u015femiz basit beyaz basma d\u00fc\u011fmesi k\u00f6p\u00fck pompa kafas\u0131 ile e\u015fle\u015ftirilmi\u015ftir (\u00fcstte bir basma d\u00fc\u011fmesi ile). D\u0131\u015far\u0131s\u0131, \u015fi\u015fe g\u00f6vdesiyle ayn\u0131 dokuda \u015feffaf silindirik bir koruyucu kapakla kaplanm\u0131\u015ft\u0131r, bu da sadece tozdan korumaz ve hijyen korumaz, ayn\u0131 zamanda genel \u015feklini daha temiz ve temiz hale getirir.<\/p>\n<p><img decoding=\"async\" class=\"wp-image-3639 aligncenter\" src=\"https:\/\/www.cosmepak.com\/wp-content\/uploads\/2025\/12\/111.jpg\" alt=\"\" width=\"1373\" height=\"1373\" srcset=\"https:\/\/www.cosmepak.com\/wp-content\/uploads\/2025\/12\/111.jpg 1000w, https:\/\/www.cosmepak.com\/wp-content\/uploads\/2025\/12\/111-300x300.jpg 300w, https:\/\/www.cosmepak.com\/wp-content\/uploads\/2025\/12\/111-150x150.jpg 150w, https:\/\/www.cosmepak.com\/wp-content\/uploads\/2025\/12\/111-768x768.jpg 768w, https:\/\/www.cosmepak.com\/wp-content\/uploads\/2025\/12\/111-12x12.jpg 12w, https:\/\/www.cosmepak.com\/wp-content\/uploads\/2025\/12\/111-600x600.jpg 600w, https:\/\/www.cosmepak.com\/wp-content\/uploads\/2025\/12\/111-100x100.jpg 100w\" sizes=\"(max-width: 1373px) 100vw, 1373px\" \/><\/p>\n<table style=\"border-collapse: collapse; width: 100%;\">\n<tbody>\n<tr>\n<td style=\"width: 25%;\"><img decoding=\"async\" class=\"alignnone size-full wp-image-3640\" src=\"https:\/\/www.cosmepak.com\/wp-content\/uploads\/2025\/12\/9.jpg\" alt=\"\" width=\"1000\" height=\"1000\" srcset=\"https:\/\/www.cosmepak.com\/wp-content\/uploads\/2025\/12\/9.jpg 1000w, https:\/\/www.cosmepak.com\/wp-content\/uploads\/2025\/12\/9-300x300.jpg 300w, https:\/\/www.cosmepak.com\/wp-content\/uploads\/2025\/12\/9-150x150.jpg 150w, https:\/\/www.cosmepak.com\/wp-content\/uploads\/2025\/12\/9-768x768.jpg 768w, https:\/\/www.cosmepak.com\/wp-content\/uploads\/2025\/12\/9-12x12.jpg 12w, https:\/\/www.cosmepak.com\/wp-content\/uploads\/2025\/12\/9-600x600.jpg 600w, https:\/\/www.cosmepak.com\/wp-content\/uploads\/2025\/12\/9-100x100.jpg 100w\" sizes=\"(max-width: 1000px) 100vw, 1000px\" \/><\/td>\n<td style=\"width: 25%;\"><img loading=\"lazy\" decoding=\"async\" class=\"alignnone size-full wp-image-3641\" src=\"https:\/\/www.cosmepak.com\/wp-content\/uploads\/2025\/12\/81.jpg\" alt=\"\" width=\"925\" height=\"924\" srcset=\"https:\/\/www.cosmepak.com\/wp-content\/uploads\/2025\/12\/81.jpg 925w, https:\/\/www.cosmepak.com\/wp-content\/uploads\/2025\/12\/81-300x300.jpg 300w, https:\/\/www.cosmepak.com\/wp-content\/uploads\/2025\/12\/81-150x150.jpg 150w, https:\/\/www.cosmepak.com\/wp-content\/uploads\/2025\/12\/81-768x767.jpg 768w, https:\/\/www.cosmepak.com\/wp-content\/uploads\/2025\/12\/81-12x12.jpg 12w, https:\/\/www.cosmepak.com\/wp-content\/uploads\/2025\/12\/81-600x599.jpg 600w, https:\/\/www.cosmepak.com\/wp-content\/uploads\/2025\/12\/81-100x100.jpg 100w\" sizes=\"(max-width: 925px) 100vw, 925px\" \/><\/td>\n<td style=\"width: 25%;\"><img loading=\"lazy\" decoding=\"async\" class=\"alignnone size-full wp-image-3642\" src=\"https:\/\/www.cosmepak.com\/wp-content\/uploads\/2025\/12\/71-1.jpg\" alt=\"\" width=\"1000\" height=\"1000\" srcset=\"https:\/\/www.cosmepak.com\/wp-content\/uploads\/2025\/12\/71-1.jpg 1000w, https:\/\/www.cosmepak.com\/wp-content\/uploads\/2025\/12\/71-1-300x300.jpg 300w, https:\/\/www.cosmepak.com\/wp-content\/uploads\/2025\/12\/71-1-150x150.jpg 150w, https:\/\/www.cosmepak.com\/wp-content\/uploads\/2025\/12\/71-1-768x768.jpg 768w, https:\/\/www.cosmepak.com\/wp-content\/uploads\/2025\/12\/71-1-12x12.jpg 12w, https:\/\/www.cosmepak.com\/wp-content\/uploads\/2025\/12\/71-1-600x600.jpg 600w, https:\/\/www.cosmepak.com\/wp-content\/uploads\/2025\/12\/71-1-100x100.jpg 100w\" sizes=\"(max-width: 1000px) 100vw, 1000px\" \/><\/td>\n<td style=\"width: 25%;\"><img loading=\"lazy\" decoding=\"async\" class=\"alignnone size-full wp-image-3643\" src=\"https:\/\/www.cosmepak.com\/wp-content\/uploads\/2025\/12\/11-3.jpg\" alt=\"\" width=\"1000\" height=\"1000\" srcset=\"https:\/\/www.cosmepak.com\/wp-content\/uploads\/2025\/12\/11-3.jpg 1000w, https:\/\/www.cosmepak.com\/wp-content\/uploads\/2025\/12\/11-3-300x300.jpg 300w, https:\/\/www.cosmepak.com\/wp-content\/uploads\/2025\/12\/11-3-150x150.jpg 150w, https:\/\/www.cosmepak.com\/wp-content\/uploads\/2025\/12\/11-3-768x768.jpg 768w, https:\/\/www.cosmepak.com\/wp-content\/uploads\/2025\/12\/11-3-12x12.jpg 12w, https:\/\/www.cosmepak.com\/wp-content\/uploads\/2025\/12\/11-3-600x600.jpg 600w, https:\/\/www.cosmepak.com\/wp-content\/uploads\/2025\/12\/11-3-100x100.jpg 100w\" sizes=\"(max-width: 1000px) 100vw, 1000px\" \/><\/td>\n<\/tr>\n<\/tbody>\n<\/table>\n<table style=\"border-collapse: collapse; width: 100%;\">\n<tbody>\n<tr>\n<td style=\"width: 33.3333%;\"><img loading=\"lazy\" decoding=\"async\" class=\"alignnone size-full wp-image-3644\" src=\"https:\/\/www.cosmepak.com\/wp-content\/uploads\/2025\/12\/21-2.jpg\" alt=\"\" width=\"1000\" height=\"1000\" srcset=\"https:\/\/www.cosmepak.com\/wp-content\/uploads\/2025\/12\/21-2.jpg 1000w, https:\/\/www.cosmepak.com\/wp-content\/uploads\/2025\/12\/21-2-300x300.jpg 300w, https:\/\/www.cosmepak.com\/wp-content\/uploads\/2025\/12\/21-2-150x150.jpg 150w, https:\/\/www.cosmepak.com\/wp-content\/uploads\/2025\/12\/21-2-768x768.jpg 768w, https:\/\/www.cosmepak.com\/wp-content\/uploads\/2025\/12\/21-2-12x12.jpg 12w, https:\/\/www.cosmepak.com\/wp-content\/uploads\/2025\/12\/21-2-600x600.jpg 600w, https:\/\/www.cosmepak.com\/wp-content\/uploads\/2025\/12\/21-2-100x100.jpg 100w\" sizes=\"(max-width: 1000px) 100vw, 1000px\" \/><\/td>\n<td style=\"width: 33.3333%;\"><img loading=\"lazy\" decoding=\"async\" class=\"alignnone size-full wp-image-3645\" src=\"https:\/\/www.cosmepak.com\/wp-content\/uploads\/2025\/12\/31-2.jpg\" alt=\"\" width=\"1000\" height=\"1000\" srcset=\"https:\/\/www.cosmepak.com\/wp-content\/uploads\/2025\/12\/31-2.jpg 1000w, https:\/\/www.cosmepak.com\/wp-content\/uploads\/2025\/12\/31-2-300x300.jpg 300w, https:\/\/www.cosmepak.com\/wp-content\/uploads\/2025\/12\/31-2-150x150.jpg 150w, https:\/\/www.cosmepak.com\/wp-content\/uploads\/2025\/12\/31-2-768x768.jpg 768w, https:\/\/www.cosmepak.com\/wp-content\/uploads\/2025\/12\/31-2-12x12.jpg 12w, https:\/\/www.cosmepak.com\/wp-content\/uploads\/2025\/12\/31-2-600x600.jpg 600w, https:\/\/www.cosmepak.com\/wp-content\/uploads\/2025\/12\/31-2-100x100.jpg 100w\" sizes=\"(max-width: 1000px) 100vw, 1000px\" \/><\/td>\n<td style=\"width: 33.3333%;\"><img loading=\"lazy\" decoding=\"async\" class=\"alignnone size-full wp-image-3646\" src=\"https:\/\/www.cosmepak.com\/wp-content\/uploads\/2025\/12\/41-1.jpg\" alt=\"\" width=\"1000\" height=\"1000\" srcset=\"https:\/\/www.cosmepak.com\/wp-content\/uploads\/2025\/12\/41-1.jpg 1000w, https:\/\/www.cosmepak.com\/wp-content\/uploads\/2025\/12\/41-1-300x300.jpg 300w, https:\/\/www.cosmepak.com\/wp-content\/uploads\/2025\/12\/41-1-150x150.jpg 150w, https:\/\/www.cosmepak.com\/wp-content\/uploads\/2025\/12\/41-1-768x768.jpg 768w, https:\/\/www.cosmepak.com\/wp-content\/uploads\/2025\/12\/41-1-12x12.jpg 12w, https:\/\/www.cosmepak.com\/wp-content\/uploads\/2025\/12\/41-1-600x600.jpg 600w, https:\/\/www.cosmepak.com\/wp-content\/uploads\/2025\/12\/41-1-100x100.jpg 100w\" sizes=\"(max-width: 1000px) 100vw, 1000px\" \/><\/td>\n<\/tr>\n<\/tbody>\n<\/table>","protected":false},"excerpt":{"rendered":"<p>\u015ei\u015fe malzemesi: evcil hayvan<\/p>\n<p>Kapak Malzemesi: PP<\/p>\n<p>Kapasite: 50ml \/ 100ml \/ 150ml \/ 200ml<\/p>\n<p>Kapak: Vidal\u0131 pompa<\/p>\n<p>Renk: \u00d6zelle\u015ftirilmi\u015f (herhangi bir Pantone Rengi Avalable)<\/p>\n<p>Y\u00fczey Kaplama: Serip bask\u0131, buzlanma, s\u0131cak damgalama, sprey gradyan\u0131, mat kaplama vb.<\/p>\n<p>MOQ: 5000pcs;<\/p>\n<p>&nbsp;<\/p>","protected":false},"featured_media":3645,"comment_status":"closed","ping_status":"closed","template":"","meta":{"_acf_changed":false},"product_brand":[],"product_cat":[18,48],"product_tag":[41],"class_list":{"0":"post-3637","1":"product","2":"type-product","3":"status-publish","4":"has-post-thumbnail","6":"product_cat-plastic-bottle","7":"product_cat-spray-bottle","8":"product_tag-plastic-bottle","10":"first","11":"instock","12":"shipping-taxable","13":"product-type-simple"},"acf":[],"_links":{"self":[{"href":"https:\/\/www.cosmepak.com\/tr\/wp-json\/wp\/v2\/product\/3637","targetHints":{"allow":["GET"]}}],"collection":[{"href":"https:\/\/www.cosmepak.com\/tr\/wp-json\/wp\/v2\/product"}],"about":[{"href":"https:\/\/www.cosmepak.com\/tr\/wp-json\/wp\/v2\/types\/product"}],"replies":[{"embeddable":true,"href":"https:\/\/www.cosmepak.com\/tr\/wp-json\/wp\/v2\/comments?post=3637"}],"wp:featuredmedia":[{"embeddable":true,"href":"https:\/\/www.cosmepak.com\/tr\/wp-json\/wp\/v2\/media\/3645"}],"wp:attachment":[{"href":"https:\/\/www.cosmepak.com\/tr\/wp-json\/wp\/v2\/media?parent=3637"}],"wp:term":[{"taxonomy":"product_brand","embeddable":true,"href":"https:\/\/www.cosmepak.com\/tr\/wp-json\/wp\/v2\/product_brand?post=3637"},{"taxonomy":"product_cat","embeddable":true,"href":"https:\/\/www.cosmepak.com\/tr\/wp-json\/wp\/v2\/product_cat?post=3637"},{"taxonomy":"product_tag","embeddable":true,"href":"https:\/\/www.cosmepak.com\/tr\/wp-json\/wp\/v2\/product_tag?post=3637"}],"curies":[{"name":"wp","href":"https:\/\/api.w.org\/{rel}","templated":true}]}}